
{"id":23406,"date":"2024-03-21T10:40:09","date_gmt":"2024-03-21T10:40:09","guid":{"rendered":"https:\/\/www.canadiancasinos.ca\/california-golden-bears\/"},"modified":"2024-03-21T11:09:13","modified_gmt":"2024-03-21T11:09:13","slug":"california-golden-bears","status":"publish","type":"page","link":"https:\/\/casinolion.ca\/fr\/betting-odds\/ncaab\/california-golden-bears\/","title":{"rendered":"Les Golden Bears de Californie"},"content":{"rendered":"<h2>Meilleures cotes de paris pour les California Golden Bears<\/h2>\n<p>L'outil suivant indique le bookmaker qui propose les meilleures cotes (le meilleur rendement) pour parier sur un match des California Golden Bears. Voir le programme ci-dessous :<\/p>\n<div class=\"team-odds-container-outer\"><div class=\"format-switch-holder\">\n                        <input type=\"checkbox\" class=\"switch-input\" id=\"format-switch\" value=\"1\" onchange='getAllOdds({\"post_id\":23406,\"post_title\":\"California Golden Bears\",\"upcoming\":\"true\",\"historical\":\"true\",\"type\":\"team\",\"switchAm\":\"1\"})'\/>\n                        <label for=\"format-switch\">Passer \u00e0 <span class=\"switch-format-name\">Am\u00e9ricain<\/span> format<\/label><\/div>\n                    <div class=\"team-odds-container overwidth-wrapper\"><div id=\"upcoming-holder\" class=\"container-odds upcoming\">\n                            <p><i class=\"far fa-calendar-plus\"><\/i>PROCHAINS MATCHES<\/p>\n                            <div class=\"container-odds-header\">\n                                <p class=\"odds-header-teams\">Les \u00e9quipes<\/p>\n                                <p class=\"odds-header-odds\">\n                                    <span>Ligne d'argent<\/span><span>Diffusion<\/span><span>Total Plus\/Moins<\/span>\n                                <\/p>\n                            <\/div>\n                            <div class=\"container-odds-events\">\n                                    <p>Sam Sep 5th 12:00pm (EDT)  <span>Basket-ball : NCAAB(basket-ball universitaire am\u00e9ricain)<\/span><\/p>\n                                    <div class=\"odds-event\">\n                                        <div class=\"odds-event-teams\">\n                                            <div class=\"event-team event-team-home\">\n                                            <a href=\"\/fr\/betting-odds\/ncaaf\/california-golden-bears\/\" class=\"overlay-link\" title=\"Page des Golden Bears de Californie\"><\/a> \n                                                <div class=\"event-teams-logo-holder\">\n                                                    <img decoding=\"async\" src=\"https:\/\/casinolion.ca\/wp-content\/uploads\/2023\/10\/california-golden-bears-40x40.png\"  height=\"40\" width=\"40\" alt=\"Les Golden Bears de Californie\">\n                                                <\/div>\n                                                <p>\n                                                    <span class=\"event-team-place\">Accueil<\/span>\n                                                    <span>Les Golden Bears de Californie<\/span>\n                                                <\/p>\n                                            <\/div>\n                                            <div class=\"event-team event-team-away\">\n                                                <a href=\"\/fr\/betting-odds\/ncaaf\/ucla-bruins\/\" class=\"overlay-link\" title=\"Page des Bruins de l&#039;UCLA\"><\/a> \n                                                <div class=\"event-teams-logo-holder\">\n                                                    <img decoding=\"async\" src=\"https:\/\/casinolion.ca\/wp-content\/uploads\/2023\/10\/ucla-bruins-40x40.png\"  height=\"40\" width=\"40\" alt=\"Les Bruins de l&#039;UCLA\">\n                                                <\/div>\n                                                <p>\n                                                    <span class=\"event-team-place\">L'\u00e9loignement<\/span>\n                                                    <span>Les Bruins de l'UCLA<\/span>\n                                                <\/p>\n                                            <\/div>\n                                        <\/div>\n                                        <div class=\"odds-event-scores\"><\/div>\n                                        <div class=\"odds-event-markets\">\n                                            <div class=\"bookmakers-line\">\n                                                <div class=\"bookmakers-line-item\"><a href=\"\/fr\/visit\/sportsbook\/bodog-casino\/\" rel=\"nofollow\" target=\"_blank\">\n                                                                            <div class=\"bookmaker-box\"><img decoding=\"async\" src=\"\/wp-content\/uploads\/odds\/bookmaker_images\/bovada_logo.jpg\" width=\"30px\" height=\"30px\" alt=\"bovada\">\n                                                                                <span>\n                                                                                    <p>1.61<\/p>\n                                                                                <\/span>\n                                                                            <\/div>\n                                                                        <\/a><\/div>\n                                                <div class=\"bookmakers-line-item\"><a href=\"\/fr\/visit\/sportsbook\/fanduel\/\" rel=\"nofollow\" target=\"_blank\">\n                                                                        <div class=\"bookmaker-box\"><img decoding=\"async\" src=\"\/wp-content\/uploads\/odds\/bookmaker_images\/fanduel_logo.jpg\" width=\"30px\" height=\"30px\" alt=\"fanduel\">\n                                                                            <span>\n                                                                                <p>-3.5<\/p>\n                                                                                <p>1.91<\/p>\n                                                                            <\/span>\n                                                                        <\/div>\n                                                                    <\/a><\/div>\n                                                <div class=\"bookmakers-line-item\"><a href=\"\/fr\/visit\/sportsbook\/fanduel\/\" rel=\"nofollow\" target=\"_blank\">\n                                                                        <div class=\"bookmaker-box\"><img decoding=\"async\" src=\"\/wp-content\/uploads\/odds\/bookmaker_images\/fanduel_logo.jpg\" width=\"30px\" height=\"30px\" alt=\"fanduel\">\n                                                                            <span>\n                                                                                <p>O 53.5<\/p>\n                                                                                <p>1.91<\/p>\n                                                                            <\/span>\n                                                                        <\/div>\n                                                                    <\/a><\/div>\n                                            <\/div>\n                                            <div class=\"bookmakers-line\">\n                                                <div class=\"bookmakers-line-item\"><a href=\"\/fr\/visit\/sportsbook\/fanduel\/\" rel=\"nofollow\" target=\"_blank\">\n                                                                        <div class=\"bookmaker-box\"><img decoding=\"async\" src=\"\/wp-content\/uploads\/odds\/bookmaker_images\/fanduel_logo.jpg\" width=\"30px\" height=\"30px\" alt=\"fanduel\">\n                                                                            <span>\n                                                                                <p>2.42<\/p>\n                                                                            <\/span>\n                                                                        <\/div>\n                                                                    <\/a><\/div>\n                                                <div class=\"bookmakers-line-item\"><a href=\"\/fr\/visit\/sportsbook\/fanduel\/\" rel=\"nofollow\" target=\"_blank\">\n                                                                            <div class=\"bookmaker-box\"><img decoding=\"async\" src=\"\/wp-content\/uploads\/odds\/bookmaker_images\/fanduel_logo.jpg\" width=\"30px\" height=\"30px\" alt=\"fanduel\">\n                                                                                <span>\n                                                                                    <p>3.5<\/p>\n                                                                                    <p>1.91<\/p>\n                                                                                <\/span>\n                                                                            <\/div>\n                                                                        <\/a><\/div>\n                                                <div class=\"bookmakers-line-item\"><a href=\"\/fr\/visit\/sportsbook\/fanduel\/\" rel=\"nofollow\" target=\"_blank\">\n                                                                        <div class=\"bookmaker-box\"><img decoding=\"async\" src=\"\/wp-content\/uploads\/odds\/bookmaker_images\/fanduel_logo.jpg\" width=\"30px\" height=\"30px\" alt=\"fanduel\">\n                                                                            <span>\n                                                                                <p>U 53.5<\/p>\n                                                                                <p>1.91<\/p>\n                                                                            <\/span>\n                                                                        <\/div>\n                                                                    <\/a><\/div>\n                                            <\/div>\n                                        <\/div>\n                                    <\/div>\n                            <\/div><div class=\"container-odds-events\">\n                                    <p>Mon Apr 6th 5:00pm (EDT)  <span>Basket-ball : NCAAB(basket-ball universitaire am\u00e9ricain)<\/span><\/p>\n                                    <div class=\"odds-event\">\n                                        <div class=\"odds-event-teams\">\n                                            <div class=\"event-team event-team-home\">\n                                            \n                                                <div class=\"event-teams-logo-holder\">\n                                                    <img decoding=\"async\" src=\"\/wp-content\/uploads\/odds\/betting-odds.svg\"  height=\"40\" width=\"40\" alt=\"San Francisco Dons\">\n                                                <\/div>\n                                                <p>\n                                                    <span class=\"event-team-place\">Accueil<\/span>\n                                                    <span>San Francisco Dons<\/span>\n                                                <\/p>\n                                            <\/div>\n                                            <div class=\"event-team event-team-away\">\n                                                \n                                                <div class=\"event-teams-logo-holder\">\n                                                    <img decoding=\"async\" src=\"\/wp-content\/uploads\/odds\/betting-odds.svg\"  height=\"40\" width=\"40\" alt=\"Les Golden Bears de Californie\">\n                                                <\/div>\n                                                <p>\n                                                    <span class=\"event-team-place\">L'\u00e9loignement<\/span>\n                                                    <span>Les Golden Bears de Californie<\/span>\n                                                <\/p>\n                                            <\/div>\n                                        <\/div>\n                                        <div class=\"odds-event-scores\"><\/div>\n                                        <div class=\"odds-event-markets\">\n                                            <div class=\"bookmakers-line\">\n                                                <div class=\"bookmakers-line-item\"><a href=\"\/fr\/visit\/sportsbook\/bodog-casino\/\" rel=\"nofollow\" target=\"_blank\">\n                                                                            <div class=\"bookmaker-box\"><img decoding=\"async\" src=\"\/wp-content\/uploads\/odds\/bookmaker_images\/bovada_logo.jpg\" width=\"30px\" height=\"30px\" alt=\"bovada\">\n                                                                                <span>\n                                                                                    <p>3.15<\/p>\n                                                                                <\/span>\n                                                                            <\/div>\n                                                                        <\/a><\/div>\n                                                <div class=\"bookmakers-line-item\"><div class=\"no-odds-div\"><\/div><\/div>\n                                                <div class=\"bookmakers-line-item\"><div class=\"no-odds-div\"><\/div><\/div>\n                                            <\/div>\n                                            <div class=\"bookmakers-line\">\n                                                <div class=\"bookmakers-line-item\"><a href=\"\/fr\/visit\/sportsbook\/draftkings\/\" rel=\"nofollow\" target=\"_blank\">\n                                                                        <div class=\"bookmaker-box\"><img decoding=\"async\" src=\"\/wp-content\/uploads\/odds\/bookmaker_images\/draftkings_logo.jpg\" width=\"30px\" height=\"30px\" alt=\"draftkings\">\n                                                                            <span>\n                                                                                <p>1.36<\/p>\n                                                                            <\/span>\n                                                                        <\/div>\n                                                                    <\/a><\/div>\n                                                <div class=\"bookmakers-line-item\"><div class=\"no-odds-div\"><\/div><\/div>\n                                                <div class=\"bookmakers-line-item\"><div class=\"no-odds-div\"><\/div><\/div>\n                                            <\/div>\n                                        <\/div>\n                                    <\/div>\n                            <\/div>\n                        <\/div><\/div>\n                <\/div>","protected":false},"excerpt":{"rendered":"<p>Meilleures cotes de paris pour California Golden Bears L'outil suivant montre le bookmaker qui offre les meilleures cotes de paris (les rendements les plus \u00e9lev\u00e9s) pour parier sur un match de California Golden Bears \u00e0 venir. Voir le programme ci-dessous :<\/p>","protected":false},"author":1,"featured_media":23407,"parent":21676,"menu_order":0,"comment_status":"open","ping_status":"open","template":"","meta":{"_acf_changed":false,"footnotes":""},"class_list":["post-23406","page","type-page","status-publish","has-post-thumbnail","hentry"],"acf":[],"yoast_head":"<!-- This site is optimized with the Yoast SEO plugin v26.1.1 - https:\/\/yoast.com\/wordpress\/plugins\/seo\/ -->\n<title>Best California Golden Bears Basketball Betting Odds in 2026 \ud83c\udfc0<\/title>\n<meta name=\"robots\" content=\"index, follow, max-snippet:-1, max-image-preview:large, max-video-preview:-1\" \/>\n<link rel=\"canonical\" href=\"https:\/\/casinolion.ca\/fr\/betting-odds\/ncaab\/california-golden-bears\/\" \/>\n<meta property=\"og:locale\" content=\"fr_CA\" \/>\n<meta property=\"og:type\" content=\"article\" \/>\n<meta property=\"og:title\" content=\"Best California Golden Bears Basketball Betting Odds in 2026 \ud83c\udfc0\" \/>\n<meta property=\"og:description\" content=\"Best California Golden Bears Betting Odds The following tool shows the bookmaker with the best betting odds (highest returns) when placing a bet on any upcoming California Golden Bears game. See schedule below:\" \/>\n<meta property=\"og:url\" content=\"https:\/\/casinolion.ca\/fr\/betting-odds\/ncaab\/california-golden-bears\/\" \/>\n<meta property=\"article:modified_time\" content=\"2024-03-21T11:09:13+00:00\" \/>\n<meta property=\"og:image\" content=\"https:\/\/casinolion.ca\/wp-content\/uploads\/2024\/03\/25pngscalecropcquality40locationoriginw80h80.png\" \/>\n\t<meta property=\"og:image:width\" content=\"80\" \/>\n\t<meta property=\"og:image:height\" content=\"80\" \/>\n\t<meta property=\"og:image:type\" content=\"image\/png\" \/>\n<meta name=\"twitter:card\" content=\"summary_large_image\" \/>\n<meta name=\"twitter:label1\" content=\"Estimation du temps de lecture\" \/>\n\t<meta name=\"twitter:data1\" content=\"1 minute\" \/>\n<script type=\"application\/ld+json\" class=\"yoast-schema-graph\">{\"@context\":\"https:\/\/schema.org\",\"@graph\":[{\"@type\":\"WebPage\",\"@id\":\"https:\/\/casinolion.ca\/betting-odds\/ncaab\/california-golden-bears\/\",\"url\":\"https:\/\/casinolion.ca\/betting-odds\/ncaab\/california-golden-bears\/\",\"name\":\"Best California Golden Bears Basketball Betting Odds in 2026 \ud83c\udfc0\",\"isPartOf\":{\"@id\":\"https:\/\/casinolion.ca\/fr\/#website\"},\"primaryImageOfPage\":{\"@id\":\"https:\/\/casinolion.ca\/betting-odds\/ncaab\/california-golden-bears\/#primaryimage\"},\"image\":{\"@id\":\"https:\/\/casinolion.ca\/betting-odds\/ncaab\/california-golden-bears\/#primaryimage\"},\"thumbnailUrl\":\"https:\/\/casinolion.ca\/wp-content\/uploads\/2024\/03\/25pngscalecropcquality40locationoriginw80h80.png\",\"datePublished\":\"2024-03-21T10:40:09+00:00\",\"dateModified\":\"2024-03-21T11:09:13+00:00\",\"breadcrumb\":{\"@id\":\"https:\/\/casinolion.ca\/betting-odds\/ncaab\/california-golden-bears\/#breadcrumb\"},\"inLanguage\":\"fr-CA\",\"potentialAction\":[{\"@type\":\"ReadAction\",\"target\":[\"https:\/\/casinolion.ca\/betting-odds\/ncaab\/california-golden-bears\/\"]}]},{\"@type\":\"ImageObject\",\"inLanguage\":\"fr-CA\",\"@id\":\"https:\/\/casinolion.ca\/betting-odds\/ncaab\/california-golden-bears\/#primaryimage\",\"url\":\"https:\/\/casinolion.ca\/wp-content\/uploads\/2024\/03\/25pngscalecropcquality40locationoriginw80h80.png\",\"contentUrl\":\"https:\/\/casinolion.ca\/wp-content\/uploads\/2024\/03\/25pngscalecropcquality40locationoriginw80h80.png\",\"width\":80,\"height\":80},{\"@type\":\"BreadcrumbList\",\"@id\":\"https:\/\/casinolion.ca\/betting-odds\/ncaab\/california-golden-bears\/#breadcrumb\",\"itemListElement\":[{\"@type\":\"ListItem\",\"position\":1,\"name\":\"Home\",\"item\":\"https:\/\/casinolion.ca\/\"},{\"@type\":\"ListItem\",\"position\":2,\"name\":\"Sports Betting Odds Comparison\",\"item\":\"https:\/\/casinolion.ca\/betting-odds\/\"},{\"@type\":\"ListItem\",\"position\":3,\"name\":\"NCAA Basketball Betting Odds\",\"item\":\"https:\/\/casinolion.ca\/betting-odds\/ncaab\/\"},{\"@type\":\"ListItem\",\"position\":4,\"name\":\"California Golden Bears\"}]},{\"@type\":\"WebSite\",\"@id\":\"https:\/\/casinolion.ca\/fr\/#website\",\"url\":\"https:\/\/casinolion.ca\/fr\/\",\"name\":\"\",\"description\":\"\",\"potentialAction\":[{\"@type\":\"SearchAction\",\"target\":{\"@type\":\"EntryPoint\",\"urlTemplate\":\"https:\/\/casinolion.ca\/fr\/?s={search_term_string}\"},\"query-input\":{\"@type\":\"PropertyValueSpecification\",\"valueRequired\":true,\"valueName\":\"search_term_string\"}}],\"inLanguage\":\"fr-CA\"}]}<\/script>\n<!-- \/ Yoast SEO plugin. -->","yoast_head_json":{"title":"Meilleures cotes de paris sur le basket des California Golden Bears en 2026 \ud83c\udfc0","robots":{"index":"index","follow":"follow","max-snippet":"max-snippet:-1","max-image-preview":"max-image-preview:large","max-video-preview":"max-video-preview:-1"},"canonical":"https:\/\/casinolion.ca\/fr\/betting-odds\/ncaab\/california-golden-bears\/","og_locale":"fr_CA","og_type":"article","og_title":"Best California Golden Bears Basketball Betting Odds in 2026 \ud83c\udfc0","og_description":"Best California Golden Bears Betting Odds The following tool shows the bookmaker with the best betting odds (highest returns) when placing a bet on any upcoming California Golden Bears game. See schedule below:","og_url":"https:\/\/casinolion.ca\/fr\/betting-odds\/ncaab\/california-golden-bears\/","article_modified_time":"2024-03-21T11:09:13+00:00","og_image":[{"width":80,"height":80,"url":"https:\/\/casinolion.ca\/wp-content\/uploads\/2024\/03\/25pngscalecropcquality40locationoriginw80h80.png","type":"image\/png"}],"twitter_card":"summary_large_image","twitter_misc":{"Estimation du temps de lecture":"1 minute"},"schema":{"@context":"https:\/\/schema.org","@graph":[{"@type":"WebPage","@id":"https:\/\/casinolion.ca\/betting-odds\/ncaab\/california-golden-bears\/","url":"https:\/\/casinolion.ca\/betting-odds\/ncaab\/california-golden-bears\/","name":"Meilleures cotes de paris sur le basket des California Golden Bears en 2026 \ud83c\udfc0","isPartOf":{"@id":"https:\/\/casinolion.ca\/fr\/#website"},"primaryImageOfPage":{"@id":"https:\/\/casinolion.ca\/betting-odds\/ncaab\/california-golden-bears\/#primaryimage"},"image":{"@id":"https:\/\/casinolion.ca\/betting-odds\/ncaab\/california-golden-bears\/#primaryimage"},"thumbnailUrl":"https:\/\/casinolion.ca\/wp-content\/uploads\/2024\/03\/25pngscalecropcquality40locationoriginw80h80.png","datePublished":"2024-03-21T10:40:09+00:00","dateModified":"2024-03-21T11:09:13+00:00","breadcrumb":{"@id":"https:\/\/casinolion.ca\/betting-odds\/ncaab\/california-golden-bears\/#breadcrumb"},"inLanguage":"fr-CA","potentialAction":[{"@type":"ReadAction","target":["https:\/\/casinolion.ca\/betting-odds\/ncaab\/california-golden-bears\/"]}]},{"@type":"ImageObject","inLanguage":"fr-CA","@id":"https:\/\/casinolion.ca\/betting-odds\/ncaab\/california-golden-bears\/#primaryimage","url":"https:\/\/casinolion.ca\/wp-content\/uploads\/2024\/03\/25pngscalecropcquality40locationoriginw80h80.png","contentUrl":"https:\/\/casinolion.ca\/wp-content\/uploads\/2024\/03\/25pngscalecropcquality40locationoriginw80h80.png","width":80,"height":80},{"@type":"BreadcrumbList","@id":"https:\/\/casinolion.ca\/betting-odds\/ncaab\/california-golden-bears\/#breadcrumb","itemListElement":[{"@type":"ListItem","position":1,"name":"Home","item":"https:\/\/casinolion.ca\/"},{"@type":"ListItem","position":2,"name":"Sports Betting Odds Comparison","item":"https:\/\/casinolion.ca\/betting-odds\/"},{"@type":"ListItem","position":3,"name":"NCAA Basketball Betting Odds","item":"https:\/\/casinolion.ca\/betting-odds\/ncaab\/"},{"@type":"ListItem","position":4,"name":"California Golden Bears"}]},{"@type":"WebSite","@id":"https:\/\/casinolion.ca\/fr\/#website","url":"https:\/\/casinolion.ca\/fr\/","name":"","description":"","potentialAction":[{"@type":"SearchAction","target":{"@type":"EntryPoint","urlTemplate":"https:\/\/casinolion.ca\/fr\/?s={search_term_string}"},"query-input":{"@type":"PropertyValueSpecification","valueRequired":true,"valueName":"search_term_string"}}],"inLanguage":"fr-CA"}]}},"_links":{"self":[{"href":"https:\/\/casinolion.ca\/fr\/wp-json\/wp\/v2\/pages\/23406","targetHints":{"allow":["GET"]}}],"collection":[{"href":"https:\/\/casinolion.ca\/fr\/wp-json\/wp\/v2\/pages"}],"about":[{"href":"https:\/\/casinolion.ca\/fr\/wp-json\/wp\/v2\/types\/page"}],"author":[{"embeddable":true,"href":"https:\/\/casinolion.ca\/fr\/wp-json\/wp\/v2\/users\/1"}],"replies":[{"embeddable":true,"href":"https:\/\/casinolion.ca\/fr\/wp-json\/wp\/v2\/comments?post=23406"}],"version-history":[{"count":0,"href":"https:\/\/casinolion.ca\/fr\/wp-json\/wp\/v2\/pages\/23406\/revisions"}],"up":[{"embeddable":true,"href":"https:\/\/casinolion.ca\/fr\/wp-json\/wp\/v2\/pages\/21676"}],"wp:featuredmedia":[{"embeddable":true,"href":"https:\/\/casinolion.ca\/fr\/wp-json\/wp\/v2\/media\/23407"}],"wp:attachment":[{"href":"https:\/\/casinolion.ca\/fr\/wp-json\/wp\/v2\/media?parent=23406"}],"curies":[{"name":"wp","href":"https:\/\/api.w.org\/{rel}","templated":true}]}}