
{"id":23633,"date":"2024-03-21T13:41:00","date_gmt":"2024-03-21T13:41:00","guid":{"rendered":"https:\/\/www.canadiancasinos.ca\/north-dakota-state-bison\/"},"modified":"2024-04-08T07:41:40","modified_gmt":"2024-04-08T07:41:40","slug":"north-dakota-state-bison","status":"publish","type":"page","link":"https:\/\/casinolion.ca\/fr\/betting-odds\/ncaaf\/north-dakota-state-bison\/","title":{"rendered":"Bison de l'\u00c9tat du Dakota du Nord"},"content":{"rendered":"<h2>Meilleures cotes de paris sur les Bisons de l'Etat du Dakota du Nord<\/h2>\n<p>L'outil suivant indique le bookmaker qui propose les meilleures cotes (les retours les plus \u00e9lev\u00e9s) pour parier sur un match des Bisons de l'\u00c9tat du Dakota du Nord.<\/p>\n<div class=\"team-odds-container-outer\"><div class=\"format-switch-holder\">\n                        <input type=\"checkbox\" class=\"switch-input\" id=\"format-switch\" value=\"1\" onchange='getAllOdds({\"post_id\":23633,\"post_title\":\"North Dakota State Bison\",\"upcoming\":\"true\",\"historical\":\"true\",\"type\":\"team\",\"switchAm\":\"1\"})'\/>\n                        <label for=\"format-switch\">Passer \u00e0 <span class=\"switch-format-name\">Am\u00e9ricain<\/span> format<\/label><\/div>\n                    <div class=\"team-odds-container overwidth-wrapper\"><div id=\"historical-holder\" class=\"container-odds historical\">\n                            <p><i class=\"far fa-calendar-day\"><\/i>MATCHES HISTORIQUES<\/p>\n                            <div class=\"container-odds-header\">\n                                <p class=\"odds-header-teams\">Les \u00e9quipes<\/p>\n                                <p class=\"odds-header-odds\">\n                                    <span>Ligne d'argent<\/span><span>Diffusion<\/span><span>Total Plus\/Moins<\/span>\n                                <\/p>\n                            <\/div>\n                            <div class=\"container-odds-events\">\n                                    <p>Samedi 6 d\u00e9cembre 19h00 (EDT)  <span>Football am\u00e9ricain : NCAAF(US College Football)<\/span><\/p>\n                                    <div class=\"odds-event\">\n                                        <div class=\"odds-event-teams\">\n                                            <div class=\"event-team event-team-home\">\n                                            <a href=\"\/fr\/betting-odds\/ncaaf\/north-dakota-state-bison\/\" class=\"overlay-link\" title=\"Page des Bisons de l&#039;\u00c9tat du Dakota du Nord\"><\/a> \n                                                <div class=\"event-teams-logo-holder\">\n                                                    <img decoding=\"async\" src=\"https:\/\/casinolion.ca\/wp-content\/uploads\/2024\/03\/2449pngscalecropcquality40locationoriginw80h80-40x40.png\"  height=\"40\" width=\"40\" alt=\"Bison de l&#039;\u00c9tat du Dakota du Nord\">\n                                                <\/div>\n                                                <p>\n                                                    <span class=\"event-team-place\">Accueil<\/span>\n                                                    <span>Bison de l'\u00c9tat du Dakota du Nord<\/span>\n                                                <\/p>\n                                            <\/div>\n                                            <div class=\"event-team event-team-away\">\n                                                \n                                                <div class=\"event-teams-logo-holder\">\n                                                    <img decoding=\"async\" src=\"\/wp-content\/uploads\/odds\/betting-odds.svg\"  height=\"40\" width=\"40\" alt=\"Les Redbirds de l&#039;\u00c9tat de l&#039;Illinois\">\n                                                <\/div>\n                                                <p>\n                                                    <span class=\"event-team-place\">L'\u00e9loignement<\/span>\n                                                    <span>Les Redbirds de l'\u00c9tat de l'Illinois<\/span>\n                                                <\/p>\n                                            <\/div>\n                                        <\/div>\n                                        <div class=\"odds-event-scores\"><div class=\"event-score lost-badge\">28<\/div>\n                                                        <div class=\"event-score won-badge\">29<\/div><\/div>\n                                        <div class=\"odds-event-markets\">\n                                            <div class=\"bookmakers-line\">\n                                                <div class=\"bookmakers-line-item\"><div class=\"no-odds-div\"><\/div><\/div>\n                                                <div class=\"bookmakers-line-item\"><div class=\"no-odds-div\"><\/div><\/div>\n                                                <div class=\"bookmakers-line-item\"><a href=\"\/fr\/visit\/sportsbook\/lowvig\/\" rel=\"nofollow\" target=\"_blank\">\n                                                                        <div class=\"bookmaker-box\"><img decoding=\"async\" src=\"\/wp-content\/uploads\/odds\/bookmaker_images\/lowvig_logo.jpg\" width=\"30px\" height=\"30px\" alt=\"lowvig\">\n                                                                            <span>\n                                                                                <p>O 58.5<\/p>\n                                                                                <p>1.93<\/p>\n                                                                            <\/span>\n                                                                        <\/div>\n                                                                    <\/a><\/div>\n                                            <\/div>\n                                            <div class=\"bookmakers-line\">\n                                                <div class=\"bookmakers-line-item\"><div class=\"no-odds-div\"><\/div><\/div>\n                                                <div class=\"bookmakers-line-item\"><div class=\"no-odds-div\"><\/div><\/div>\n                                                <div class=\"bookmakers-line-item\"><a href=\"\/fr\/visit\/sportsbook\/lowvig\/\" rel=\"nofollow\" target=\"_blank\">\n                                                                        <div class=\"bookmaker-box win-odd\"><img decoding=\"async\" src=\"\/wp-content\/uploads\/odds\/bookmaker_images\/lowvig_logo.jpg\" width=\"30px\" height=\"30px\" alt=\"lowvig\">\n                                                                            <span>\n                                                                                <p>U 58.5<\/p>\n                                                                                <p>1.93<\/p>\n                                                                            <\/span>\n                                                                        <\/div>\n                                                                    <\/a><\/div>\n                                            <\/div>\n                                        <\/div>\n                                    <\/div>\n                            <\/div><div class=\"container-odds-events\">\n                                    <p>Sat Oct 19th 7:59pm (EDT)  <span>Football am\u00e9ricain : NCAAF(US College Football)<\/span><\/p>\n                                    <div class=\"odds-event\">\n                                        <div class=\"odds-event-teams\">\n                                            <div class=\"event-team event-team-home\">\n                                            <a href=\"\/fr\/betting-odds\/ncaaf\/north-dakota-state-bison\/\" class=\"overlay-link\" title=\"Page des Bisons de l&#039;\u00c9tat du Dakota du Nord\"><\/a> \n                                                <div class=\"event-teams-logo-holder\">\n                                                    <img decoding=\"async\" src=\"https:\/\/casinolion.ca\/wp-content\/uploads\/2024\/03\/2449pngscalecropcquality40locationoriginw80h80-40x40.png\"  height=\"40\" width=\"40\" alt=\"Bison de l&#039;\u00c9tat du Dakota du Nord\">\n                                                <\/div>\n                                                <p>\n                                                    <span class=\"event-team-place\">Accueil<\/span>\n                                                    <span>Bison de l'\u00c9tat du Dakota du Nord<\/span>\n                                                <\/p>\n                                            <\/div>\n                                            <div class=\"event-team event-team-away\">\n                                                \n                                                <div class=\"event-teams-logo-holder\">\n                                                    <img decoding=\"async\" src=\"\/wp-content\/uploads\/odds\/betting-odds.svg\"  height=\"40\" width=\"40\" alt=\"Les Jackrabbits de l&#039;\u00c9tat du Dakota du Sud\">\n                                                <\/div>\n                                                <p>\n                                                    <span class=\"event-team-place\">L'\u00e9loignement<\/span>\n                                                    <span>Les Jackrabbits de l'\u00c9tat du Dakota du Sud<\/span>\n                                                <\/p>\n                                            <\/div>\n                                        <\/div>\n                                        <div class=\"odds-event-scores\"><div class=\"event-score won-badge\">13<\/div>\n                                                        <div class=\"event-score lost-badge\">9<\/div><\/div>\n                                        <div class=\"odds-event-markets\">\n                                            <div class=\"bookmakers-line\">\n                                                <div class=\"bookmakers-line-item\"><a href=\"\/fr\/visit\/sportsbook\/betmgm\/\" rel=\"nofollow\" target=\"_blank\">\n                                                                            <div class=\"bookmaker-box win-odd\"><img decoding=\"async\" src=\"\/wp-content\/uploads\/odds\/bookmaker_images\/betmgm_logo.jpg\" width=\"30px\" height=\"30px\" alt=\"betmgm\">\n                                                                                <span>\n                                                                                    <p>2.15<\/p>\n                                                                                <\/span>\n                                                                            <\/div>\n                                                                        <\/a><\/div>\n                                                <div class=\"bookmakers-line-item\"><a href=\"\/fr\/visit\/sportsbook\/betonlineag\/\" rel=\"nofollow\" target=\"_blank\">\n                                                                        <div class=\"bookmaker-box win-odd\"><img decoding=\"async\" src=\"\/wp-content\/uploads\/odds\/bookmaker_images\/betonlineag_logo.jpg\" width=\"30px\" height=\"30px\" alt=\"betonlineag\">\n                                                                            <span>\n                                                                                <p>1.5<\/p>\n                                                                                <p>1.91<\/p>\n                                                                            <\/span>\n                                                                        <\/div>\n                                                                    <\/a><\/div>\n                                                <div class=\"bookmakers-line-item\"><a href=\"\/fr\/visit\/sportsbook\/betrivers\/\" rel=\"nofollow\" target=\"_blank\">\n                                                                        <div class=\"bookmaker-box\"><img decoding=\"async\" src=\"\/wp-content\/uploads\/odds\/bookmaker_images\/betrivers_logo.jpg\" width=\"30px\" height=\"30px\" alt=\"b\u00eata-river\">\n                                                                            <span>\n                                                                                <p>O 42.5<\/p>\n                                                                                <p>1.92<\/p>\n                                                                            <\/span>\n                                                                        <\/div>\n                                                                    <\/a><\/div>\n                                            <\/div>\n                                            <div class=\"bookmakers-line\">\n                                                <div class=\"bookmakers-line-item\"><a href=\"\/fr\/visit\/sportsbook\/fanduel\/\" rel=\"nofollow\" target=\"_blank\">\n                                                                        <div class=\"bookmaker-box\"><img decoding=\"async\" src=\"\/wp-content\/uploads\/odds\/bookmaker_images\/fanduel_logo.jpg\" width=\"30px\" height=\"30px\" alt=\"fanduel\">\n                                                                            <span>\n                                                                                <p>1.83<\/p>\n                                                                            <\/span>\n                                                                        <\/div>\n                                                                    <\/a><\/div>\n                                                <div class=\"bookmakers-line-item\"><a href=\"\/fr\/visit\/sportsbook\/betonlineag\/\" rel=\"nofollow\" target=\"_blank\">\n                                                                            <div class=\"bookmaker-box\"><img decoding=\"async\" src=\"\/wp-content\/uploads\/odds\/bookmaker_images\/betonlineag_logo.jpg\" width=\"30px\" height=\"30px\" alt=\"betonlineag\">\n                                                                                <span>\n                                                                                    <p>-1.5<\/p>\n                                                                                    <p>1.83<\/p>\n                                                                                <\/span>\n                                                                            <\/div>\n                                                                        <\/a><\/div>\n                                                <div class=\"bookmakers-line-item\"><a href=\"\/fr\/visit\/sportsbook\/betrivers\/\" rel=\"nofollow\" target=\"_blank\">\n                                                                        <div class=\"bookmaker-box win-odd\"><img decoding=\"async\" src=\"\/wp-content\/uploads\/odds\/bookmaker_images\/betrivers_logo.jpg\" width=\"30px\" height=\"30px\" alt=\"b\u00eata-river\">\n                                                                            <span>\n                                                                                <p>U 42.5<\/p>\n                                                                                <p>1.89<\/p>\n                                                                            <\/span>\n                                                                        <\/div>\n                                                                    <\/a><\/div>\n                                            <\/div>\n                                        <\/div>\n                                    <\/div>\n                            <\/div>\n                        <\/div><\/div>\n                <\/div>","protected":false},"excerpt":{"rendered":"<p>Meilleures cotes pour les Bisons de North Dakota State L'outil suivant indique le bookmaker qui propose les meilleures cotes (les retours les plus \u00e9lev\u00e9s) pour parier sur un match des Bisons de North Dakota State.<\/p>","protected":false},"author":1,"featured_media":23634,"parent":20748,"menu_order":0,"comment_status":"open","ping_status":"open","template":"","meta":{"_acf_changed":false,"footnotes":""},"class_list":["post-23633","page","type-page","status-publish","has-post-thumbnail","hentry"],"acf":[],"yoast_head":"<!-- This site is optimized with the Yoast SEO plugin v26.1.1 - https:\/\/yoast.com\/wordpress\/plugins\/seo\/ -->\n<title>North Dakota State Bison - Best Betting Odds in 2026 \ud83c\udfc8<\/title>\n<meta name=\"robots\" content=\"index, follow, max-snippet:-1, max-image-preview:large, max-video-preview:-1\" \/>\n<link rel=\"canonical\" href=\"https:\/\/casinolion.ca\/fr\/betting-odds\/ncaaf\/north-dakota-state-bison\/\" \/>\n<meta property=\"og:locale\" content=\"fr_CA\" \/>\n<meta property=\"og:type\" content=\"article\" \/>\n<meta property=\"og:title\" content=\"North Dakota State Bison - Best Betting Odds in 2026 \ud83c\udfc8\" \/>\n<meta property=\"og:description\" content=\"Best North Dakota State Bison Betting Odds The following tool shows the bookmaker with the best betting odds (highest returns) when placing a bet on any North Dakota State Bison game.\" \/>\n<meta property=\"og:url\" content=\"https:\/\/casinolion.ca\/fr\/betting-odds\/ncaaf\/north-dakota-state-bison\/\" \/>\n<meta property=\"article:modified_time\" content=\"2024-04-08T07:41:40+00:00\" \/>\n<meta property=\"og:image\" content=\"https:\/\/casinolion.ca\/wp-content\/uploads\/2024\/03\/2449pngscalecropcquality40locationoriginw80h80.png\" \/>\n\t<meta property=\"og:image:width\" content=\"80\" \/>\n\t<meta property=\"og:image:height\" content=\"80\" \/>\n\t<meta property=\"og:image:type\" content=\"image\/png\" \/>\n<meta name=\"twitter:card\" content=\"summary_large_image\" \/>\n<meta name=\"twitter:label1\" content=\"Estimation du temps de lecture\" \/>\n\t<meta name=\"twitter:data1\" content=\"1 minute\" \/>\n<script type=\"application\/ld+json\" class=\"yoast-schema-graph\">{\"@context\":\"https:\/\/schema.org\",\"@graph\":[{\"@type\":\"WebPage\",\"@id\":\"https:\/\/casinolion.ca\/betting-odds\/ncaaf\/north-dakota-state-bison\/\",\"url\":\"https:\/\/casinolion.ca\/betting-odds\/ncaaf\/north-dakota-state-bison\/\",\"name\":\"North Dakota State Bison - Best Betting Odds in 2026 \ud83c\udfc8\",\"isPartOf\":{\"@id\":\"https:\/\/casinolion.ca\/fr\/#website\"},\"primaryImageOfPage\":{\"@id\":\"https:\/\/casinolion.ca\/betting-odds\/ncaaf\/north-dakota-state-bison\/#primaryimage\"},\"image\":{\"@id\":\"https:\/\/casinolion.ca\/betting-odds\/ncaaf\/north-dakota-state-bison\/#primaryimage\"},\"thumbnailUrl\":\"https:\/\/casinolion.ca\/wp-content\/uploads\/2024\/03\/2449pngscalecropcquality40locationoriginw80h80.png\",\"datePublished\":\"2024-03-21T13:41:00+00:00\",\"dateModified\":\"2024-04-08T07:41:40+00:00\",\"breadcrumb\":{\"@id\":\"https:\/\/casinolion.ca\/betting-odds\/ncaaf\/north-dakota-state-bison\/#breadcrumb\"},\"inLanguage\":\"fr-CA\",\"potentialAction\":[{\"@type\":\"ReadAction\",\"target\":[\"https:\/\/casinolion.ca\/betting-odds\/ncaaf\/north-dakota-state-bison\/\"]}]},{\"@type\":\"ImageObject\",\"inLanguage\":\"fr-CA\",\"@id\":\"https:\/\/casinolion.ca\/betting-odds\/ncaaf\/north-dakota-state-bison\/#primaryimage\",\"url\":\"https:\/\/casinolion.ca\/wp-content\/uploads\/2024\/03\/2449pngscalecropcquality40locationoriginw80h80.png\",\"contentUrl\":\"https:\/\/casinolion.ca\/wp-content\/uploads\/2024\/03\/2449pngscalecropcquality40locationoriginw80h80.png\",\"width\":80,\"height\":80},{\"@type\":\"BreadcrumbList\",\"@id\":\"https:\/\/casinolion.ca\/betting-odds\/ncaaf\/north-dakota-state-bison\/#breadcrumb\",\"itemListElement\":[{\"@type\":\"ListItem\",\"position\":1,\"name\":\"Home\",\"item\":\"https:\/\/casinolion.ca\/\"},{\"@type\":\"ListItem\",\"position\":2,\"name\":\"Sports Betting Odds Comparison\",\"item\":\"https:\/\/casinolion.ca\/betting-odds\/\"},{\"@type\":\"ListItem\",\"position\":3,\"name\":\"NCAAF College Football Betting Odds\",\"item\":\"https:\/\/casinolion.ca\/betting-odds\/ncaaf\/\"},{\"@type\":\"ListItem\",\"position\":4,\"name\":\"North Dakota State Bison\"}]},{\"@type\":\"WebSite\",\"@id\":\"https:\/\/casinolion.ca\/fr\/#website\",\"url\":\"https:\/\/casinolion.ca\/fr\/\",\"name\":\"\",\"description\":\"\",\"potentialAction\":[{\"@type\":\"SearchAction\",\"target\":{\"@type\":\"EntryPoint\",\"urlTemplate\":\"https:\/\/casinolion.ca\/fr\/?s={search_term_string}\"},\"query-input\":{\"@type\":\"PropertyValueSpecification\",\"valueRequired\":true,\"valueName\":\"search_term_string\"}}],\"inLanguage\":\"fr-CA\"}]}<\/script>\n<!-- \/ Yoast SEO plugin. -->","yoast_head_json":{"title":"North Dakota State Bison - Meilleure cote de paris en 2026 \ud83c\udfc8","robots":{"index":"index","follow":"follow","max-snippet":"max-snippet:-1","max-image-preview":"max-image-preview:large","max-video-preview":"max-video-preview:-1"},"canonical":"https:\/\/casinolion.ca\/fr\/betting-odds\/ncaaf\/north-dakota-state-bison\/","og_locale":"fr_CA","og_type":"article","og_title":"North Dakota State Bison - Best Betting Odds in 2026 \ud83c\udfc8","og_description":"Best North Dakota State Bison Betting Odds The following tool shows the bookmaker with the best betting odds (highest returns) when placing a bet on any North Dakota State Bison game.","og_url":"https:\/\/casinolion.ca\/fr\/betting-odds\/ncaaf\/north-dakota-state-bison\/","article_modified_time":"2024-04-08T07:41:40+00:00","og_image":[{"width":80,"height":80,"url":"https:\/\/casinolion.ca\/wp-content\/uploads\/2024\/03\/2449pngscalecropcquality40locationoriginw80h80.png","type":"image\/png"}],"twitter_card":"summary_large_image","twitter_misc":{"Estimation du temps de lecture":"1 minute"},"schema":{"@context":"https:\/\/schema.org","@graph":[{"@type":"WebPage","@id":"https:\/\/casinolion.ca\/betting-odds\/ncaaf\/north-dakota-state-bison\/","url":"https:\/\/casinolion.ca\/betting-odds\/ncaaf\/north-dakota-state-bison\/","name":"North Dakota State Bison - Meilleure cote de paris en 2026 \ud83c\udfc8","isPartOf":{"@id":"https:\/\/casinolion.ca\/fr\/#website"},"primaryImageOfPage":{"@id":"https:\/\/casinolion.ca\/betting-odds\/ncaaf\/north-dakota-state-bison\/#primaryimage"},"image":{"@id":"https:\/\/casinolion.ca\/betting-odds\/ncaaf\/north-dakota-state-bison\/#primaryimage"},"thumbnailUrl":"https:\/\/casinolion.ca\/wp-content\/uploads\/2024\/03\/2449pngscalecropcquality40locationoriginw80h80.png","datePublished":"2024-03-21T13:41:00+00:00","dateModified":"2024-04-08T07:41:40+00:00","breadcrumb":{"@id":"https:\/\/casinolion.ca\/betting-odds\/ncaaf\/north-dakota-state-bison\/#breadcrumb"},"inLanguage":"fr-CA","potentialAction":[{"@type":"ReadAction","target":["https:\/\/casinolion.ca\/betting-odds\/ncaaf\/north-dakota-state-bison\/"]}]},{"@type":"ImageObject","inLanguage":"fr-CA","@id":"https:\/\/casinolion.ca\/betting-odds\/ncaaf\/north-dakota-state-bison\/#primaryimage","url":"https:\/\/casinolion.ca\/wp-content\/uploads\/2024\/03\/2449pngscalecropcquality40locationoriginw80h80.png","contentUrl":"https:\/\/casinolion.ca\/wp-content\/uploads\/2024\/03\/2449pngscalecropcquality40locationoriginw80h80.png","width":80,"height":80},{"@type":"BreadcrumbList","@id":"https:\/\/casinolion.ca\/betting-odds\/ncaaf\/north-dakota-state-bison\/#breadcrumb","itemListElement":[{"@type":"ListItem","position":1,"name":"Home","item":"https:\/\/casinolion.ca\/"},{"@type":"ListItem","position":2,"name":"Sports Betting Odds Comparison","item":"https:\/\/casinolion.ca\/betting-odds\/"},{"@type":"ListItem","position":3,"name":"NCAAF College Football Betting Odds","item":"https:\/\/casinolion.ca\/betting-odds\/ncaaf\/"},{"@type":"ListItem","position":4,"name":"North Dakota State Bison"}]},{"@type":"WebSite","@id":"https:\/\/casinolion.ca\/fr\/#website","url":"https:\/\/casinolion.ca\/fr\/","name":"","description":"","potentialAction":[{"@type":"SearchAction","target":{"@type":"EntryPoint","urlTemplate":"https:\/\/casinolion.ca\/fr\/?s={search_term_string}"},"query-input":{"@type":"PropertyValueSpecification","valueRequired":true,"valueName":"search_term_string"}}],"inLanguage":"fr-CA"}]}},"_links":{"self":[{"href":"https:\/\/casinolion.ca\/fr\/wp-json\/wp\/v2\/pages\/23633","targetHints":{"allow":["GET"]}}],"collection":[{"href":"https:\/\/casinolion.ca\/fr\/wp-json\/wp\/v2\/pages"}],"about":[{"href":"https:\/\/casinolion.ca\/fr\/wp-json\/wp\/v2\/types\/page"}],"author":[{"embeddable":true,"href":"https:\/\/casinolion.ca\/fr\/wp-json\/wp\/v2\/users\/1"}],"replies":[{"embeddable":true,"href":"https:\/\/casinolion.ca\/fr\/wp-json\/wp\/v2\/comments?post=23633"}],"version-history":[{"count":0,"href":"https:\/\/casinolion.ca\/fr\/wp-json\/wp\/v2\/pages\/23633\/revisions"}],"up":[{"embeddable":true,"href":"https:\/\/casinolion.ca\/fr\/wp-json\/wp\/v2\/pages\/20748"}],"wp:featuredmedia":[{"embeddable":true,"href":"https:\/\/casinolion.ca\/fr\/wp-json\/wp\/v2\/media\/23634"}],"wp:attachment":[{"href":"https:\/\/casinolion.ca\/fr\/wp-json\/wp\/v2\/media?parent=23633"}],"curies":[{"name":"wp","href":"https:\/\/api.w.org\/{rel}","templated":true}]}}