
{"id":23648,"date":"2024-03-25T05:09:53","date_gmt":"2024-03-25T05:09:53","guid":{"rendered":"https:\/\/www.canadiancasinos.ca\/?page_id=23648"},"modified":"2024-03-26T03:13:27","modified_gmt":"2024-03-26T03:13:27","slug":"how-to-play-at-an-online-casino-using-crypto-step-by-step-guide","status":"publish","type":"page","link":"https:\/\/casinolion.ca\/fr\/how-to-play-at-an-online-casino-using-crypto-step-by-step-guide\/","title":{"rendered":"Comment jouer dans un casino en ligne en utilisant des crypto-monnaies : Guide \u00e9tape par \u00e9tape"},"content":{"rendered":"<p>Les jeux d'argent en ligne utilisant des crypto-monnaies pr\u00e9sentent de nombreux avantages, comme nous l'avons soulign\u00e9 dans un article pr\u00e9c\u00e9dent. <a href=\"https:\/\/casinolion.ca\/fr\/cryptocurrency-casinos\/\">ici<\/a>. En bref, les avantages sont les suivants<\/p>\n<ul>\n<li><strong>Pas d'exigences KYC - <\/strong>Les transactions en crypto-monnaies ne n\u00e9cessitent pas d'informations personnelles, de sorte que de nombreux casinos vous permettent de retirer sans avoir \u00e0... <a href=\"https:\/\/casinolion.ca\/fr\/no-verification-casinos-in-canada\/\">v\u00e9rifier votre identit\u00e9<\/a>.<\/li>\n<li><strong>R\u00e9duction des frais de transaction <\/strong>- Les transactions cryptographiques sont souvent assorties de frais moins \u00e9lev\u00e9s que les m\u00e9thodes bancaires traditionnelles. En effet, il n'y a pas d'interm\u00e9diaires comme les banques impliqu\u00e9es dans le traitement, ce qui permet aux casinos et aux joueurs de r\u00e9aliser des \u00e9conomies.<\/li>\n<\/ul>\n<p>Cependant, si vous n'avez jamais effectu\u00e9 de transactions avec des crypto-monnaies dans un casino en ligne, il peut \u00eatre difficile de savoir par o\u00f9 commencer. C'est pourquoi nous avons cr\u00e9\u00e9 ce guide simple, \u00e9tape par \u00e9tape, pour vous montrer le processus du d\u00e9but \u00e0 la fin.<\/p>\n<h3>1. Achetez vos premi\u00e8res crypto-monnaies<\/h3>\n<p>L'endroit le plus s\u00fbr et le plus populaire o\u00f9 les joueurs de casino peuvent acqu\u00e9rir des crypto-monnaies est celui des bourses sp\u00e9cialis\u00e9es dans les \u00e9changes de crypto-monnaies.<\/p>\n<p>Nombreux <a href=\"https:\/\/casinolion.ca\/fr\/uncategorized\/canadian-banks-that-accept-cryptocurrency\/\">Les plateformes d'\u00e9change de crypto-monnaies sont disponibles au Canada<\/a>, Il existe de nombreuses plateformes de trading, mais il est pr\u00e9f\u00e9rable de s'en tenir \u00e0 celles qui ont fait leurs preuves. Explorez l'internet \u00e0 la recherche d'avis sur les plateformes de n\u00e9gociation les plus populaires du pays. Visitez leurs sites web, v\u00e9rifiez leurs services, lisez les conditions d'utilisation et choisissez celle qui r\u00e9pond le mieux \u00e0 vos besoins.<\/p>\n<p>L'achat de crypto-monnaies sur un march\u00e9 boursier n'entre pas dans le cadre de cet article, mais il existe de nombreux guides sur Internet qui peuvent vous aider si vous vous retrouvez dans l'impasse. Veillez simplement \u00e0 effectuer des recherches aussi approfondies que possible.<\/p>\n<h3>2. Ouvrir un portefeuille de crypto-monnaies (facultatif)<\/h3>\n<p>Les bourses de crypto-monnaies conservent les pi\u00e8ces que vous avez achet\u00e9es dans un portefeuille sur place. Cependant, ce n'est pas l'endroit le plus s\u00fbr pour stocker vos fonds \u00e0 long terme. La plupart des joueurs de crypto-casinos conservent leurs pi\u00e8ces dans un portefeuille cryptographique s\u00e9par\u00e9. Cependant, vous pouvez choisir de les conserver dans votre bourse si vous le souhaitez.<\/p>\n<p>Pour ce qui est des portefeuilles, lisez quelques critiques, v\u00e9rifiez les offres des portefeuilles les mieux not\u00e9s et ouvrez un compte avec celui qui vous pla\u00eet le plus. N'oubliez pas de v\u00e9rifier si le portefeuille accepte les pi\u00e8ces que vous poss\u00e9dez et si ses protocoles de s\u00e9curit\u00e9 sont \u00e0 jour.<\/p>\n<p>La seule chose qu'il vous reste \u00e0 faire ensuite est de transf\u00e9rer vos pi\u00e8ces de la bourse au portefeuille. Le processus devrait \u00eatre rapide et facile. Notez que vous risquez de perdre un peu de capital en cours de route, car la plupart des bourses et des portefeuilles facturent des frais pour leurs services.<\/p>\n<p>Dans l'exemple que je donne plus loin dans cet article, j'utiliserai <a href=\"https:\/\/electrum.org\/\">Electrum<\/a> comme porte-monnaie de choix pour transf\u00e9rer et recevoir des fonds.<\/p>\n<h3>3. Trouver un casino Crypto r\u00e9put\u00e9<\/h3>\n<p>Pour les casinos recommand\u00e9s qui acceptent les crypto-monnaies, <a href=\"https:\/\/casinolion.ca\/fr\/cryptocurrency-casinos\/\">vous pouvez consulter cet article<\/a> Cependant, pour les besoins de ce guide, je vais pr\u00e9senter le processus de jeu \u00e0 <a href=\"https:\/\/casinolion.ca\/fr\/review\/bitstarz\/\">Bitstarz<\/a> avec le bitcoin.<\/p>\n<p>Bitstarz accepte actuellement :<\/p>\n<ul>\n<li><a href=\"https:\/\/casinolion.ca\/fr\/bitcoin-casinos\/\">BTC<\/a><\/li>\n<li><a href=\"https:\/\/casinolion.ca\/fr\/usdt-casinos\/\">USDT<\/a><\/li>\n<li><a href=\"https:\/\/casinolion.ca\/fr\/ethereum-casinos\/\">EPF<\/a><\/li>\n<li><a href=\"https:\/\/casinolion.ca\/fr\/litecoin-casinos\/\">LTC<\/a><\/li>\n<li><a href=\"https:\/\/casinolion.ca\/fr\/bitcoin-cash-casinos\/\">BCH<\/a><\/li>\n<li><a href=\"https:\/\/casinolion.ca\/fr\/dogecoin-casinos\/\">DOGE<\/a><\/li>\n<\/ul>\n<h3>4.  Effectuer un d\u00e9p\u00f4t en crypto-monnaie<\/h3>\n<p>Dans cet exemple de Bitstarz, le d\u00e9p\u00f4t se fait en cliquant sur D\u00e9p\u00f4t, en s\u00e9lectionnant BTC et en entrant le montant. J'ai choisi de d\u00e9poser 0,001 BTC.<\/p>\n<p><img decoding=\"async\" class=\"wp-image-23650 size-medium aligncenter\" src=\"https:\/\/www.casinolion.ca\/wp-content\/uploads\/2024\/03\/screenshot-www.bitstarz.com-2024.03.24-18_37_58-280x184.jpg\" alt=\"\" width=\"280\" height=\"184\" srcset=\"https:\/\/casinolion.ca\/wp-content\/uploads\/2024\/03\/screenshot-www.bitstarz.com-2024.03.24-18_37_58-280x184.jpg 280w, https:\/\/casinolion.ca\/wp-content\/uploads\/2024\/03\/screenshot-www.bitstarz.com-2024.03.24-18_37_58-150x99.jpg 150w, https:\/\/casinolion.ca\/wp-content\/uploads\/2024\/03\/screenshot-www.bitstarz.com-2024.03.24-18_37_58-55x36.jpg 55w, https:\/\/casinolion.ca\/wp-content\/uploads\/2024\/03\/screenshot-www.bitstarz.com-2024.03.24-18_37_58-137x90.jpg 137w, https:\/\/casinolion.ca\/wp-content\/uploads\/2024\/03\/screenshot-www.bitstarz.com-2024.03.24-18_37_58-40x26.jpg 40w, https:\/\/casinolion.ca\/wp-content\/uploads\/2024\/03\/screenshot-www.bitstarz.com-2024.03.24-18_37_58.jpg 593w\" sizes=\"(max-width: 280px) 100vw, 280px\" \/><\/p>\n<p>Il vous indiquera ensuite une estimation du co\u00fbt de cette op\u00e9ration dans $ et vous fournira une adresse de d\u00e9p\u00f4t \u00e0 long terme ainsi qu'une option QR.<\/p>\n<p><img decoding=\"async\" class=\"aligncenter wp-image-23652\" src=\"https:\/\/www.casinolion.ca\/wp-content\/uploads\/2024\/03\/screenshot-www.bitstarz.com-2024.03.24-18_38_42.jpg\" alt=\"\" width=\"470\" height=\"608\" srcset=\"https:\/\/casinolion.ca\/wp-content\/uploads\/2024\/03\/screenshot-www.bitstarz.com-2024.03.24-18_38_42.jpg 470w, https:\/\/casinolion.ca\/wp-content\/uploads\/2024\/03\/screenshot-www.bitstarz.com-2024.03.24-18_38_42-193x250.jpg 193w, https:\/\/casinolion.ca\/wp-content\/uploads\/2024\/03\/screenshot-www.bitstarz.com-2024.03.24-18_38_42-93x120.jpg 93w, https:\/\/casinolion.ca\/wp-content\/uploads\/2024\/03\/screenshot-www.bitstarz.com-2024.03.24-18_38_42-28x36.jpg 28w, https:\/\/casinolion.ca\/wp-content\/uploads\/2024\/03\/screenshot-www.bitstarz.com-2024.03.24-18_38_42-70x90.jpg 70w, https:\/\/casinolion.ca\/wp-content\/uploads\/2024\/03\/screenshot-www.bitstarz.com-2024.03.24-18_38_42-31x40.jpg 31w\" sizes=\"(max-width: 470px) 100vw, 470px\" \/><\/p>\n<p>Copiez l'adresse de d\u00e9p\u00f4t et entrez-la dans votre portefeuille\/bourse comme adresse de transfert des fonds. Dans mon cas, j'ai utilis\u00e9 Electrum, donc dans la section \u201cEnvoyer\u201d j'ai entr\u00e9 l'adresse dans le champ \u201cPayer \u00e0\u201d et j'ai entr\u00e9 le \u201cMontant\u201d de 1mBTC. J'ai \u00e9galement ajout\u00e9 une description pour garder une trace de la transaction.<\/p>\n<p>Le montant des frais que vous choisissez de payer influe sur la rapidit\u00e9 de la transaction. Vous pouvez lire une explication plus d\u00e9taill\u00e9e du fonctionnement des frais. <a href=\"https:\/\/www.bitcoin.com\/get-started\/what-are-bitcoin-network-fees\/\">ici<\/a>.<\/p>\n<p><img decoding=\"async\" class=\"aligncenter wp-image-23654 size-full\" src=\"https:\/\/www.casinolion.ca\/wp-content\/uploads\/2024\/03\/Screenshot-2024-03-24-184414.jpg\" alt=\"\" width=\"835\" height=\"290\" srcset=\"https:\/\/casinolion.ca\/wp-content\/uploads\/2024\/03\/Screenshot-2024-03-24-184414.jpg 835w, https:\/\/casinolion.ca\/wp-content\/uploads\/2024\/03\/Screenshot-2024-03-24-184414-280x97.jpg 280w, https:\/\/casinolion.ca\/wp-content\/uploads\/2024\/03\/Screenshot-2024-03-24-184414-768x267.jpg 768w, https:\/\/casinolion.ca\/wp-content\/uploads\/2024\/03\/Screenshot-2024-03-24-184414-150x52.jpg 150w, https:\/\/casinolion.ca\/wp-content\/uploads\/2024\/03\/Screenshot-2024-03-24-184414-104x36.jpg 104w, https:\/\/casinolion.ca\/wp-content\/uploads\/2024\/03\/Screenshot-2024-03-24-184414-259x90.jpg 259w, https:\/\/casinolion.ca\/wp-content\/uploads\/2024\/03\/Screenshot-2024-03-24-184414-40x14.jpg 40w\" sizes=\"(max-width: 835px) 100vw, 835px\" \/><\/p>\n<p>Vous devriez finalement voir les fonds re\u00e7us sur votre compte Bitstarz (Note, mon compte a \u00e9t\u00e9 approvisionn\u00e9 avec 2mBTC m\u00eame si j'ai transf\u00e9r\u00e9 1mBTC en raison du bonus d'inscription de 100% offert par Bitstarz) :<\/p>\n<p><img decoding=\"async\" class=\"aligncenter wp-image-23656 size-medium\" src=\"https:\/\/www.casinolion.ca\/wp-content\/uploads\/2024\/03\/Screenshot-2024-03-24-185049-280x84.jpg\" alt=\"\" width=\"280\" height=\"84\" srcset=\"https:\/\/casinolion.ca\/wp-content\/uploads\/2024\/03\/Screenshot-2024-03-24-185049-280x84.jpg 280w, https:\/\/casinolion.ca\/wp-content\/uploads\/2024\/03\/Screenshot-2024-03-24-185049-150x45.jpg 150w, https:\/\/casinolion.ca\/wp-content\/uploads\/2024\/03\/Screenshot-2024-03-24-185049-108x32.jpg 108w, https:\/\/casinolion.ca\/wp-content\/uploads\/2024\/03\/Screenshot-2024-03-24-185049-270x81.jpg 270w, https:\/\/casinolion.ca\/wp-content\/uploads\/2024\/03\/Screenshot-2024-03-24-185049-40x12.jpg 40w, https:\/\/casinolion.ca\/wp-content\/uploads\/2024\/03\/Screenshot-2024-03-24-185049.jpg 441w\" sizes=\"(max-width: 280px) 100vw, 280px\" \/><\/p>\n<p>Une fois votre compte approvisionn\u00e9, vous pouvez maintenant jouer \u00e0 n'importe quel jeu !<\/p>\n<h3>5. Retrait des gains<\/h3>\n<p>Pr\u00eat \u00e0 retirer ? Commencez par cliquer sur \u201cEncaisser\u201d et Bitstarz vous demandera le montant que vous souhaitez encaisser ainsi qu'une adresse BTC pour recevoir les fonds.<\/p>\n<p>Dans votre portefeuille (ou \u00e9change de crypto-monnaies), vous devez cr\u00e9er cette adresse pour recevoir des fonds. Voici \u00e0 quoi cela ressemble dans Electrum :<\/p>\n<p><img decoding=\"async\" class=\"aligncenter wp-image-23658\" src=\"https:\/\/www.casinolion.ca\/wp-content\/uploads\/2024\/03\/Screenshot-2024-03-25-114352.jpg\" alt=\"\" width=\"544\" height=\"272\" srcset=\"https:\/\/casinolion.ca\/wp-content\/uploads\/2024\/03\/Screenshot-2024-03-25-114352.jpg 544w, https:\/\/casinolion.ca\/wp-content\/uploads\/2024\/03\/Screenshot-2024-03-25-114352-280x140.jpg 280w, https:\/\/casinolion.ca\/wp-content\/uploads\/2024\/03\/Screenshot-2024-03-25-114352-150x75.jpg 150w, https:\/\/casinolion.ca\/wp-content\/uploads\/2024\/03\/Screenshot-2024-03-25-114352-72x36.jpg 72w, https:\/\/casinolion.ca\/wp-content\/uploads\/2024\/03\/Screenshot-2024-03-25-114352-180x90.jpg 180w, https:\/\/casinolion.ca\/wp-content\/uploads\/2024\/03\/Screenshot-2024-03-25-114352-40x20.jpg 40w\" sizes=\"(max-width: 544px) 100vw, 544px\" \/><\/p>\n<p>Apr\u00e8s avoir cliqu\u00e9 sur \u201cCr\u00e9er une demande\u201d, copiez l'adresse et ins\u00e9rez-la dans Bitstarz :<\/p>\n<p><img decoding=\"async\" class=\"aligncenter wp-image-23660 size-medium\" src=\"https:\/\/www.casinolion.ca\/wp-content\/uploads\/2024\/03\/Screenshot-2024-03-25-114703-280x250.jpg\" alt=\"\" width=\"280\" height=\"250\" srcset=\"https:\/\/casinolion.ca\/wp-content\/uploads\/2024\/03\/Screenshot-2024-03-25-114703-280x250.jpg 280w, https:\/\/casinolion.ca\/wp-content\/uploads\/2024\/03\/Screenshot-2024-03-25-114703-135x120.jpg 135w, https:\/\/casinolion.ca\/wp-content\/uploads\/2024\/03\/Screenshot-2024-03-25-114703-40x36.jpg 40w, https:\/\/casinolion.ca\/wp-content\/uploads\/2024\/03\/Screenshot-2024-03-25-114703-101x90.jpg 101w, https:\/\/casinolion.ca\/wp-content\/uploads\/2024\/03\/Screenshot-2024-03-25-114703.jpg 532w\" sizes=\"(max-width: 280px) 100vw, 280px\" \/><\/p>\n<p>La transaction est g\u00e9n\u00e9ralement trait\u00e9e tr\u00e8s rapidement, mais peut prendre jusqu'\u00e0 une heure selon le casino. Vous devriez alors voir les fonds dans votre portefeuille\/\u00e9change. Voici \u00e0 quoi cela ressemble sur mon compte Electrum :<\/p>\n<p><img decoding=\"async\" class=\"aligncenter wp-image-23662\" src=\"https:\/\/www.casinolion.ca\/wp-content\/uploads\/2024\/03\/Screenshot-2024-03-25-114925.jpg\" alt=\"\" width=\"982\" height=\"352\" srcset=\"https:\/\/casinolion.ca\/wp-content\/uploads\/2024\/03\/Screenshot-2024-03-25-114925.jpg 982w, https:\/\/casinolion.ca\/wp-content\/uploads\/2024\/03\/Screenshot-2024-03-25-114925-280x100.jpg 280w, https:\/\/casinolion.ca\/wp-content\/uploads\/2024\/03\/Screenshot-2024-03-25-114925-768x275.jpg 768w, https:\/\/casinolion.ca\/wp-content\/uploads\/2024\/03\/Screenshot-2024-03-25-114925-150x54.jpg 150w, https:\/\/casinolion.ca\/wp-content\/uploads\/2024\/03\/Screenshot-2024-03-25-114925-100x36.jpg 100w, https:\/\/casinolion.ca\/wp-content\/uploads\/2024\/03\/Screenshot-2024-03-25-114925-251x90.jpg 251w, https:\/\/casinolion.ca\/wp-content\/uploads\/2024\/03\/Screenshot-2024-03-25-114925-40x14.jpg 40w\" sizes=\"(max-width: 982px) 100vw, 982px\" \/><\/p>\n<h2>Conclusion<\/h2>\n<p>J'ai montr\u00e9 un guide \u00e9tape par \u00e9tape sur la fa\u00e7on de jouer en ligne avec des crypto-monnaies, cependant, il y a certains sujets li\u00e9s aux crypto-monnaies que nous avons peut-\u00eatre survol\u00e9s car il peut s'agir d'un sujet assez compliqu\u00e9 et je n'ai mentionn\u00e9 sp\u00e9cifiquement que l'utilisation d'Electrum et de Bitstarz.<\/p>\n<p>Si vous avez d'autres questions, laissez un commentaire ci-dessous !<\/p>","protected":false},"excerpt":{"rendered":"<p>Jouer en ligne en utilisant des crypto-monnaies pr\u00e9sente de nombreux avantages, comme nous l'avons soulign\u00e9 dans un article pr\u00e9c\u00e9dent. En bref, ces avantages sont les suivants Pas d'exigences KYC - Les transactions en crypto-monnaies ne n\u00e9cessitent pas d'informations personnelles, de sorte que de nombreux casinos vous permettent de retirer sans avoir \u00e0 v\u00e9rifier votre identit\u00e9. Frais de transaction r\u00e9duits - Les transactions en crypto-monnaies sont souvent assorties de frais r\u00e9duits par rapport [...]<\/p>","protected":false},"author":1,"featured_media":0,"parent":0,"menu_order":0,"comment_status":"open","ping_status":"closed","template":"","meta":{"_acf_changed":false,"footnotes":""},"class_list":["post-23648","page","type-page","status-publish","hentry"],"acf":[],"yoast_head":"<!-- This site is optimized with the Yoast SEO plugin v26.1.1 - https:\/\/yoast.com\/wordpress\/plugins\/seo\/ -->\n<title>How to Play at an Online Casino Using Crypto: Step-by-Step Guide<\/title>\n<meta name=\"robots\" content=\"index, follow, max-snippet:-1, max-image-preview:large, max-video-preview:-1\" \/>\n<link rel=\"canonical\" href=\"https:\/\/casinolion.ca\/fr\/how-to-play-at-an-online-casino-using-crypto-step-by-step-guide\/\" \/>\n<meta property=\"og:locale\" content=\"fr_CA\" \/>\n<meta property=\"og:type\" content=\"article\" \/>\n<meta property=\"og:title\" content=\"How to Play at an Online Casino Using Crypto: Step-by-Step Guide\" \/>\n<meta property=\"og:description\" content=\"Gambling online using crypto has many benefits as highlighted in a previous article here. In short the benefits are: No KYC requirements &#8211; Cryptocurrency transactions do not require personal information so many casinos allow you to withdraw without having to verify your identity. Lower Transaction Fees &#8211;\u00a0Crypto transactions often come with lower fees compared to [&hellip;]\" \/>\n<meta property=\"og:url\" content=\"https:\/\/casinolion.ca\/fr\/how-to-play-at-an-online-casino-using-crypto-step-by-step-guide\/\" \/>\n<meta property=\"article:modified_time\" content=\"2024-03-26T03:13:27+00:00\" \/>\n<meta property=\"og:image\" content=\"https:\/\/www.casinolion.ca\/wp-content\/uploads\/2024\/03\/screenshot-www.bitstarz.com-2024.03.24-18_37_58-280x184.jpg\" \/>\n<meta name=\"twitter:card\" content=\"summary_large_image\" \/>\n<meta name=\"twitter:label1\" content=\"Estimation du temps de lecture\" \/>\n\t<meta name=\"twitter:data1\" content=\"5 minutes\" \/>\n<script type=\"application\/ld+json\" class=\"yoast-schema-graph\">{\"@context\":\"https:\/\/schema.org\",\"@graph\":[{\"@type\":\"WebPage\",\"@id\":\"https:\/\/casinolion.ca\/how-to-play-at-an-online-casino-using-crypto-step-by-step-guide\/\",\"url\":\"https:\/\/casinolion.ca\/how-to-play-at-an-online-casino-using-crypto-step-by-step-guide\/\",\"name\":\"How to Play at an Online Casino Using Crypto: Step-by-Step Guide\",\"isPartOf\":{\"@id\":\"https:\/\/casinolion.ca\/fr\/#website\"},\"primaryImageOfPage\":{\"@id\":\"https:\/\/casinolion.ca\/how-to-play-at-an-online-casino-using-crypto-step-by-step-guide\/#primaryimage\"},\"image\":{\"@id\":\"https:\/\/casinolion.ca\/how-to-play-at-an-online-casino-using-crypto-step-by-step-guide\/#primaryimage\"},\"thumbnailUrl\":\"https:\/\/www.casinolion.ca\/wp-content\/uploads\/2024\/03\/screenshot-www.bitstarz.com-2024.03.24-18_37_58-280x184.jpg\",\"datePublished\":\"2024-03-25T05:09:53+00:00\",\"dateModified\":\"2024-03-26T03:13:27+00:00\",\"breadcrumb\":{\"@id\":\"https:\/\/casinolion.ca\/how-to-play-at-an-online-casino-using-crypto-step-by-step-guide\/#breadcrumb\"},\"inLanguage\":\"fr-CA\",\"potentialAction\":[{\"@type\":\"ReadAction\",\"target\":[\"https:\/\/casinolion.ca\/how-to-play-at-an-online-casino-using-crypto-step-by-step-guide\/\"]}]},{\"@type\":\"ImageObject\",\"inLanguage\":\"fr-CA\",\"@id\":\"https:\/\/casinolion.ca\/how-to-play-at-an-online-casino-using-crypto-step-by-step-guide\/#primaryimage\",\"url\":\"https:\/\/www.casinolion.ca\/wp-content\/uploads\/2024\/03\/screenshot-www.bitstarz.com-2024.03.24-18_37_58-280x184.jpg\",\"contentUrl\":\"https:\/\/www.casinolion.ca\/wp-content\/uploads\/2024\/03\/screenshot-www.bitstarz.com-2024.03.24-18_37_58-280x184.jpg\"},{\"@type\":\"BreadcrumbList\",\"@id\":\"https:\/\/casinolion.ca\/how-to-play-at-an-online-casino-using-crypto-step-by-step-guide\/#breadcrumb\",\"itemListElement\":[{\"@type\":\"ListItem\",\"position\":1,\"name\":\"Home\",\"item\":\"https:\/\/casinolion.ca\/\"},{\"@type\":\"ListItem\",\"position\":2,\"name\":\"How to Play at an Online Casino Using Crypto: Step-by-Step Guide\"}]},{\"@type\":\"WebSite\",\"@id\":\"https:\/\/casinolion.ca\/fr\/#website\",\"url\":\"https:\/\/casinolion.ca\/fr\/\",\"name\":\"\",\"description\":\"\",\"potentialAction\":[{\"@type\":\"SearchAction\",\"target\":{\"@type\":\"EntryPoint\",\"urlTemplate\":\"https:\/\/casinolion.ca\/fr\/?s={search_term_string}\"},\"query-input\":{\"@type\":\"PropertyValueSpecification\",\"valueRequired\":true,\"valueName\":\"search_term_string\"}}],\"inLanguage\":\"fr-CA\"}]}<\/script>\n<!-- \/ Yoast SEO plugin. -->","yoast_head_json":{"title":"Comment jouer dans un casino en ligne en utilisant des crypto-monnaies : Guide \u00e9tape par \u00e9tape","robots":{"index":"index","follow":"follow","max-snippet":"max-snippet:-1","max-image-preview":"max-image-preview:large","max-video-preview":"max-video-preview:-1"},"canonical":"https:\/\/casinolion.ca\/fr\/how-to-play-at-an-online-casino-using-crypto-step-by-step-guide\/","og_locale":"fr_CA","og_type":"article","og_title":"How to Play at an Online Casino Using Crypto: Step-by-Step Guide","og_description":"Gambling online using crypto has many benefits as highlighted in a previous article here. In short the benefits are: No KYC requirements &#8211; Cryptocurrency transactions do not require personal information so many casinos allow you to withdraw without having to verify your identity. Lower Transaction Fees &#8211;\u00a0Crypto transactions often come with lower fees compared to [&hellip;]","og_url":"https:\/\/casinolion.ca\/fr\/how-to-play-at-an-online-casino-using-crypto-step-by-step-guide\/","article_modified_time":"2024-03-26T03:13:27+00:00","og_image":[{"url":"https:\/\/www.casinolion.ca\/wp-content\/uploads\/2024\/03\/screenshot-www.bitstarz.com-2024.03.24-18_37_58-280x184.jpg","type":"","width":"","height":""}],"twitter_card":"summary_large_image","twitter_misc":{"Estimation du temps de lecture":"5 minutes"},"schema":{"@context":"https:\/\/schema.org","@graph":[{"@type":"WebPage","@id":"https:\/\/casinolion.ca\/how-to-play-at-an-online-casino-using-crypto-step-by-step-guide\/","url":"https:\/\/casinolion.ca\/how-to-play-at-an-online-casino-using-crypto-step-by-step-guide\/","name":"Comment jouer dans un casino en ligne en utilisant des crypto-monnaies : Guide \u00e9tape par \u00e9tape","isPartOf":{"@id":"https:\/\/casinolion.ca\/fr\/#website"},"primaryImageOfPage":{"@id":"https:\/\/casinolion.ca\/how-to-play-at-an-online-casino-using-crypto-step-by-step-guide\/#primaryimage"},"image":{"@id":"https:\/\/casinolion.ca\/how-to-play-at-an-online-casino-using-crypto-step-by-step-guide\/#primaryimage"},"thumbnailUrl":"https:\/\/www.casinolion.ca\/wp-content\/uploads\/2024\/03\/screenshot-www.bitstarz.com-2024.03.24-18_37_58-280x184.jpg","datePublished":"2024-03-25T05:09:53+00:00","dateModified":"2024-03-26T03:13:27+00:00","breadcrumb":{"@id":"https:\/\/casinolion.ca\/how-to-play-at-an-online-casino-using-crypto-step-by-step-guide\/#breadcrumb"},"inLanguage":"fr-CA","potentialAction":[{"@type":"ReadAction","target":["https:\/\/casinolion.ca\/how-to-play-at-an-online-casino-using-crypto-step-by-step-guide\/"]}]},{"@type":"ImageObject","inLanguage":"fr-CA","@id":"https:\/\/casinolion.ca\/how-to-play-at-an-online-casino-using-crypto-step-by-step-guide\/#primaryimage","url":"https:\/\/www.casinolion.ca\/wp-content\/uploads\/2024\/03\/screenshot-www.bitstarz.com-2024.03.24-18_37_58-280x184.jpg","contentUrl":"https:\/\/www.casinolion.ca\/wp-content\/uploads\/2024\/03\/screenshot-www.bitstarz.com-2024.03.24-18_37_58-280x184.jpg"},{"@type":"BreadcrumbList","@id":"https:\/\/casinolion.ca\/how-to-play-at-an-online-casino-using-crypto-step-by-step-guide\/#breadcrumb","itemListElement":[{"@type":"ListItem","position":1,"name":"Home","item":"https:\/\/casinolion.ca\/"},{"@type":"ListItem","position":2,"name":"How to Play at an Online Casino Using Crypto: Step-by-Step Guide"}]},{"@type":"WebSite","@id":"https:\/\/casinolion.ca\/fr\/#website","url":"https:\/\/casinolion.ca\/fr\/","name":"","description":"","potentialAction":[{"@type":"SearchAction","target":{"@type":"EntryPoint","urlTemplate":"https:\/\/casinolion.ca\/fr\/?s={search_term_string}"},"query-input":{"@type":"PropertyValueSpecification","valueRequired":true,"valueName":"search_term_string"}}],"inLanguage":"fr-CA"}]}},"_links":{"self":[{"href":"https:\/\/casinolion.ca\/fr\/wp-json\/wp\/v2\/pages\/23648","targetHints":{"allow":["GET"]}}],"collection":[{"href":"https:\/\/casinolion.ca\/fr\/wp-json\/wp\/v2\/pages"}],"about":[{"href":"https:\/\/casinolion.ca\/fr\/wp-json\/wp\/v2\/types\/page"}],"author":[{"embeddable":true,"href":"https:\/\/casinolion.ca\/fr\/wp-json\/wp\/v2\/users\/1"}],"replies":[{"embeddable":true,"href":"https:\/\/casinolion.ca\/fr\/wp-json\/wp\/v2\/comments?post=23648"}],"version-history":[{"count":0,"href":"https:\/\/casinolion.ca\/fr\/wp-json\/wp\/v2\/pages\/23648\/revisions"}],"wp:attachment":[{"href":"https:\/\/casinolion.ca\/fr\/wp-json\/wp\/v2\/media?parent=23648"}],"curies":[{"name":"wp","href":"https:\/\/api.w.org\/{rel}","templated":true}]}}