
{"id":23668,"date":"2024-03-25T08:38:32","date_gmt":"2024-03-25T08:38:32","guid":{"rendered":"https:\/\/www.canadiancasinos.ca\/wichita-state-shockers\/"},"modified":"2024-03-25T08:51:32","modified_gmt":"2024-03-25T08:51:32","slug":"wichita-state-shockers","status":"publish","type":"page","link":"https:\/\/casinolion.ca\/fr\/betting-odds\/ncaab\/wichita-state-shockers\/","title":{"rendered":"Les Shockers de l'\u00c9tat de Wichita"},"content":{"rendered":"<h2>Meilleures cotes de paris pour Wichita State Shockers<\/h2>\n<p>L'outil suivant indique le bookmaker qui propose les meilleures cotes (les retours les plus \u00e9lev\u00e9s) pour parier sur le prochain match des Wichita State Shockers. Voir le programme ci-dessous :<\/p>\n<div class=\"team-odds-container-outer\"><div class=\"format-switch-holder\">\n                        <input type=\"checkbox\" class=\"switch-input\" id=\"format-switch\" value=\"1\" onchange='getAllOdds({\"post_id\":23668,\"post_title\":\"Wichita State Shockers\",\"upcoming\":\"true\",\"historical\":\"true\",\"type\":\"team\",\"switchAm\":\"1\"})'\/>\n                        <label for=\"format-switch\">Passer \u00e0 <span class=\"switch-format-name\">Am\u00e9ricain<\/span> format<\/label><\/div>\n                    <div class=\"team-odds-container overwidth-wrapper\"><div id=\"historical-holder\" class=\"container-odds historical\">\n                            <p><i class=\"far fa-calendar-day\"><\/i>MATCHES HISTORIQUES<\/p>\n                            <div class=\"container-odds-header\">\n                                <p class=\"odds-header-teams\">Les \u00e9quipes<\/p>\n                                <p class=\"odds-header-odds\">\n                                    <span>Ligne d'argent<\/span><span>Diffusion<\/span><span>Total Plus\/Moins<\/span>\n                                <\/p>\n                            <\/div>\n                            <div class=\"container-odds-events\">\n                                    <p>Mar 24 Mar 19:05pm (EDT)  <span>Basket-ball : NCAAB(basket-ball universitaire am\u00e9ricain)<\/span><\/p>\n                                    <div class=\"odds-event\">\n                                        <div class=\"odds-event-teams\">\n                                            <div class=\"event-team event-team-home\">\n                                            <a href=\"\/fr\/betting-odds\/ncaab\/tulsa-golden-hurricane\/\" class=\"overlay-link\" title=\"Tulsa Golden Hurricane page\"><\/a> \n                                                <div class=\"event-teams-logo-holder\">\n                                                    <img decoding=\"async\" src=\"https:\/\/casinolion.ca\/wp-content\/uploads\/2024\/03\/202pngscalecropcquality40locationoriginw80h80-40x40.png\"  height=\"40\" width=\"40\" alt=\"Tulsa Golden Hurricane\">\n                                                <\/div>\n                                                <p>\n                                                    <span class=\"event-team-place\">Accueil<\/span>\n                                                    <span>Tulsa Golden Hurricane<\/span>\n                                                <\/p>\n                                            <\/div>\n                                            <div class=\"event-team event-team-away\">\n                                                <a href=\"\/fr\/betting-odds\/ncaab\/wichita-state-shockers\/\" class=\"overlay-link\" title=\"Wichita St Shockers page\"><\/a> \n                                                <div class=\"event-teams-logo-holder\">\n                                                    <img decoding=\"async\" src=\"https:\/\/casinolion.ca\/wp-content\/uploads\/2024\/03\/2724pngscalecropcquality40locationoriginw80h80-40x40.png\"  height=\"40\" width=\"40\" alt=\"Wichita St Shockers\">\n                                                <\/div>\n                                                <p>\n                                                    <span class=\"event-team-place\">L'\u00e9loignement<\/span>\n                                                    <span>Wichita St Shockers<\/span>\n                                                <\/p>\n                                            <\/div>\n                                        <\/div>\n                                        <div class=\"odds-event-scores\"><div class=\"event-score won-badge\">83<\/div>\n                                                        <div class=\"event-score lost-badge\">79<\/div><\/div>\n                                        <div class=\"odds-event-markets\">\n                                            <div class=\"bookmakers-line\">\n                                                <div class=\"bookmakers-line-item\"><div class=\"no-odds-div\"><\/div><\/div>\n                                                <div class=\"bookmakers-line-item\"><div class=\"no-odds-div\"><\/div><\/div>\n                                                <div class=\"bookmakers-line-item\"><div class=\"no-odds-div\"><\/div><\/div>\n                                            <\/div>\n                                            <div class=\"bookmakers-line\">\n                                                <div class=\"bookmakers-line-item\"><div class=\"no-odds-div\"><\/div><\/div>\n                                                <div class=\"bookmakers-line-item\"><div class=\"no-odds-div\"><\/div><\/div>\n                                                <div class=\"bookmakers-line-item\"><div class=\"no-odds-div\"><\/div><\/div>\n                                            <\/div>\n                                        <\/div>\n                                    <\/div>\n                            <\/div>\n                        <\/div><\/div>\n                <\/div>","protected":false},"excerpt":{"rendered":"<p>Meilleures cotes pour Wichita State Shockers L'outil suivant montre le bookmaker qui propose les meilleures cotes (les retours les plus \u00e9lev\u00e9s) pour parier sur un match de Wichita State Shockers \u00e0 venir. Voir le programme ci-dessous :<\/p>","protected":false},"author":1,"featured_media":23669,"parent":21676,"menu_order":0,"comment_status":"open","ping_status":"open","template":"","meta":{"_acf_changed":false,"footnotes":""},"class_list":["post-23668","page","type-page","status-publish","has-post-thumbnail","hentry"],"acf":[],"yoast_head":"<!-- This site is optimized with the Yoast SEO plugin v26.1.1 - https:\/\/yoast.com\/wordpress\/plugins\/seo\/ -->\n<title>Best Wichita State Shockers Basketball Betting Odds in 2026 \ud83c\udfc0<\/title>\n<meta name=\"robots\" content=\"index, follow, max-snippet:-1, max-image-preview:large, max-video-preview:-1\" \/>\n<link rel=\"canonical\" href=\"https:\/\/casinolion.ca\/fr\/betting-odds\/ncaab\/wichita-state-shockers\/\" \/>\n<meta property=\"og:locale\" content=\"fr_CA\" \/>\n<meta property=\"og:type\" content=\"article\" \/>\n<meta property=\"og:title\" content=\"Best Wichita State Shockers Basketball Betting Odds in 2026 \ud83c\udfc0\" \/>\n<meta property=\"og:description\" content=\"Best Wichita State Shockers Betting Odds The following tool shows the bookmaker with the best betting odds (highest returns) when placing a bet on any upcoming Wichita State Shockers game. See schedule below:\" \/>\n<meta property=\"og:url\" content=\"https:\/\/casinolion.ca\/fr\/betting-odds\/ncaab\/wichita-state-shockers\/\" \/>\n<meta property=\"article:modified_time\" content=\"2024-03-25T08:51:32+00:00\" \/>\n<meta property=\"og:image\" content=\"https:\/\/casinolion.ca\/wp-content\/uploads\/2024\/03\/2724pngscalecropcquality40locationoriginw80h80.png\" \/>\n\t<meta property=\"og:image:width\" content=\"80\" \/>\n\t<meta property=\"og:image:height\" content=\"80\" \/>\n\t<meta property=\"og:image:type\" content=\"image\/png\" \/>\n<meta name=\"twitter:card\" content=\"summary_large_image\" \/>\n<meta name=\"twitter:label1\" content=\"Estimation du temps de lecture\" \/>\n\t<meta name=\"twitter:data1\" content=\"1 minute\" \/>\n<script type=\"application\/ld+json\" class=\"yoast-schema-graph\">{\"@context\":\"https:\/\/schema.org\",\"@graph\":[{\"@type\":\"WebPage\",\"@id\":\"https:\/\/casinolion.ca\/betting-odds\/ncaab\/wichita-state-shockers\/\",\"url\":\"https:\/\/casinolion.ca\/betting-odds\/ncaab\/wichita-state-shockers\/\",\"name\":\"Best Wichita State Shockers Basketball Betting Odds in 2026 \ud83c\udfc0\",\"isPartOf\":{\"@id\":\"https:\/\/casinolion.ca\/fr\/#website\"},\"primaryImageOfPage\":{\"@id\":\"https:\/\/casinolion.ca\/betting-odds\/ncaab\/wichita-state-shockers\/#primaryimage\"},\"image\":{\"@id\":\"https:\/\/casinolion.ca\/betting-odds\/ncaab\/wichita-state-shockers\/#primaryimage\"},\"thumbnailUrl\":\"https:\/\/casinolion.ca\/wp-content\/uploads\/2024\/03\/2724pngscalecropcquality40locationoriginw80h80.png\",\"datePublished\":\"2024-03-25T08:38:32+00:00\",\"dateModified\":\"2024-03-25T08:51:32+00:00\",\"breadcrumb\":{\"@id\":\"https:\/\/casinolion.ca\/betting-odds\/ncaab\/wichita-state-shockers\/#breadcrumb\"},\"inLanguage\":\"fr-CA\",\"potentialAction\":[{\"@type\":\"ReadAction\",\"target\":[\"https:\/\/casinolion.ca\/betting-odds\/ncaab\/wichita-state-shockers\/\"]}]},{\"@type\":\"ImageObject\",\"inLanguage\":\"fr-CA\",\"@id\":\"https:\/\/casinolion.ca\/betting-odds\/ncaab\/wichita-state-shockers\/#primaryimage\",\"url\":\"https:\/\/casinolion.ca\/wp-content\/uploads\/2024\/03\/2724pngscalecropcquality40locationoriginw80h80.png\",\"contentUrl\":\"https:\/\/casinolion.ca\/wp-content\/uploads\/2024\/03\/2724pngscalecropcquality40locationoriginw80h80.png\",\"width\":80,\"height\":80},{\"@type\":\"BreadcrumbList\",\"@id\":\"https:\/\/casinolion.ca\/betting-odds\/ncaab\/wichita-state-shockers\/#breadcrumb\",\"itemListElement\":[{\"@type\":\"ListItem\",\"position\":1,\"name\":\"Home\",\"item\":\"https:\/\/casinolion.ca\/\"},{\"@type\":\"ListItem\",\"position\":2,\"name\":\"Sports Betting Odds Comparison\",\"item\":\"https:\/\/casinolion.ca\/betting-odds\/\"},{\"@type\":\"ListItem\",\"position\":3,\"name\":\"NCAA Basketball Betting Odds\",\"item\":\"https:\/\/casinolion.ca\/betting-odds\/ncaab\/\"},{\"@type\":\"ListItem\",\"position\":4,\"name\":\"Wichita State Shockers\"}]},{\"@type\":\"WebSite\",\"@id\":\"https:\/\/casinolion.ca\/fr\/#website\",\"url\":\"https:\/\/casinolion.ca\/fr\/\",\"name\":\"\",\"description\":\"\",\"potentialAction\":[{\"@type\":\"SearchAction\",\"target\":{\"@type\":\"EntryPoint\",\"urlTemplate\":\"https:\/\/casinolion.ca\/fr\/?s={search_term_string}\"},\"query-input\":{\"@type\":\"PropertyValueSpecification\",\"valueRequired\":true,\"valueName\":\"search_term_string\"}}],\"inLanguage\":\"fr-CA\"}]}<\/script>\n<!-- \/ Yoast SEO plugin. -->","yoast_head_json":{"title":"Meilleures cotes de paris basket Wichita State Shockers en 2026 \ud83c\udfc0","robots":{"index":"index","follow":"follow","max-snippet":"max-snippet:-1","max-image-preview":"max-image-preview:large","max-video-preview":"max-video-preview:-1"},"canonical":"https:\/\/casinolion.ca\/fr\/betting-odds\/ncaab\/wichita-state-shockers\/","og_locale":"fr_CA","og_type":"article","og_title":"Best Wichita State Shockers Basketball Betting Odds in 2026 \ud83c\udfc0","og_description":"Best Wichita State Shockers Betting Odds The following tool shows the bookmaker with the best betting odds (highest returns) when placing a bet on any upcoming Wichita State Shockers game. See schedule below:","og_url":"https:\/\/casinolion.ca\/fr\/betting-odds\/ncaab\/wichita-state-shockers\/","article_modified_time":"2024-03-25T08:51:32+00:00","og_image":[{"width":80,"height":80,"url":"https:\/\/casinolion.ca\/wp-content\/uploads\/2024\/03\/2724pngscalecropcquality40locationoriginw80h80.png","type":"image\/png"}],"twitter_card":"summary_large_image","twitter_misc":{"Estimation du temps de lecture":"1 minute"},"schema":{"@context":"https:\/\/schema.org","@graph":[{"@type":"WebPage","@id":"https:\/\/casinolion.ca\/betting-odds\/ncaab\/wichita-state-shockers\/","url":"https:\/\/casinolion.ca\/betting-odds\/ncaab\/wichita-state-shockers\/","name":"Meilleures cotes de paris basket Wichita State Shockers en 2026 \ud83c\udfc0","isPartOf":{"@id":"https:\/\/casinolion.ca\/fr\/#website"},"primaryImageOfPage":{"@id":"https:\/\/casinolion.ca\/betting-odds\/ncaab\/wichita-state-shockers\/#primaryimage"},"image":{"@id":"https:\/\/casinolion.ca\/betting-odds\/ncaab\/wichita-state-shockers\/#primaryimage"},"thumbnailUrl":"https:\/\/casinolion.ca\/wp-content\/uploads\/2024\/03\/2724pngscalecropcquality40locationoriginw80h80.png","datePublished":"2024-03-25T08:38:32+00:00","dateModified":"2024-03-25T08:51:32+00:00","breadcrumb":{"@id":"https:\/\/casinolion.ca\/betting-odds\/ncaab\/wichita-state-shockers\/#breadcrumb"},"inLanguage":"fr-CA","potentialAction":[{"@type":"ReadAction","target":["https:\/\/casinolion.ca\/betting-odds\/ncaab\/wichita-state-shockers\/"]}]},{"@type":"ImageObject","inLanguage":"fr-CA","@id":"https:\/\/casinolion.ca\/betting-odds\/ncaab\/wichita-state-shockers\/#primaryimage","url":"https:\/\/casinolion.ca\/wp-content\/uploads\/2024\/03\/2724pngscalecropcquality40locationoriginw80h80.png","contentUrl":"https:\/\/casinolion.ca\/wp-content\/uploads\/2024\/03\/2724pngscalecropcquality40locationoriginw80h80.png","width":80,"height":80},{"@type":"BreadcrumbList","@id":"https:\/\/casinolion.ca\/betting-odds\/ncaab\/wichita-state-shockers\/#breadcrumb","itemListElement":[{"@type":"ListItem","position":1,"name":"Home","item":"https:\/\/casinolion.ca\/"},{"@type":"ListItem","position":2,"name":"Sports Betting Odds Comparison","item":"https:\/\/casinolion.ca\/betting-odds\/"},{"@type":"ListItem","position":3,"name":"NCAA Basketball Betting Odds","item":"https:\/\/casinolion.ca\/betting-odds\/ncaab\/"},{"@type":"ListItem","position":4,"name":"Wichita State Shockers"}]},{"@type":"WebSite","@id":"https:\/\/casinolion.ca\/fr\/#website","url":"https:\/\/casinolion.ca\/fr\/","name":"","description":"","potentialAction":[{"@type":"SearchAction","target":{"@type":"EntryPoint","urlTemplate":"https:\/\/casinolion.ca\/fr\/?s={search_term_string}"},"query-input":{"@type":"PropertyValueSpecification","valueRequired":true,"valueName":"search_term_string"}}],"inLanguage":"fr-CA"}]}},"_links":{"self":[{"href":"https:\/\/casinolion.ca\/fr\/wp-json\/wp\/v2\/pages\/23668","targetHints":{"allow":["GET"]}}],"collection":[{"href":"https:\/\/casinolion.ca\/fr\/wp-json\/wp\/v2\/pages"}],"about":[{"href":"https:\/\/casinolion.ca\/fr\/wp-json\/wp\/v2\/types\/page"}],"author":[{"embeddable":true,"href":"https:\/\/casinolion.ca\/fr\/wp-json\/wp\/v2\/users\/1"}],"replies":[{"embeddable":true,"href":"https:\/\/casinolion.ca\/fr\/wp-json\/wp\/v2\/comments?post=23668"}],"version-history":[{"count":0,"href":"https:\/\/casinolion.ca\/fr\/wp-json\/wp\/v2\/pages\/23668\/revisions"}],"up":[{"embeddable":true,"href":"https:\/\/casinolion.ca\/fr\/wp-json\/wp\/v2\/pages\/21676"}],"wp:featuredmedia":[{"embeddable":true,"href":"https:\/\/casinolion.ca\/fr\/wp-json\/wp\/v2\/media\/23669"}],"wp:attachment":[{"href":"https:\/\/casinolion.ca\/fr\/wp-json\/wp\/v2\/media?parent=23668"}],"curies":[{"name":"wp","href":"https:\/\/api.w.org\/{rel}","templated":true}]}}