
{"id":2426,"date":"2016-05-23T10:24:46","date_gmt":"2016-05-23T10:24:46","guid":{"rendered":"http:\/\/www.bestcasinoscanada.com\/?page_id=2426"},"modified":"2024-02-04T09:32:16","modified_gmt":"2024-02-04T09:32:16","slug":"aspiring-gamblers","status":"publish","type":"page","link":"https:\/\/casinolion.ca\/fr\/aspiring-gamblers\/","title":{"rendered":"Les 3 r\u00e8gles d'or pour les joueurs professionnels en herbe"},"content":{"rendered":"<p><span style=\"font-weight: 400;\">Que vous ayez toujours obtenu de bons r\u00e9sultats sur Pokerstars et que vous souhaitiez passer \u00e0 l'\u00e9tape suivante en tant que professionnel en ligne, ou que vous soyez un joueur de casino prosp\u00e8re qui bat constamment les pronostics et qui a l'impression que son travail de jour devient obsol\u00e8te, il faut plus que du courage pour devenir un joueur professionnel. <\/span><\/p>\n<p><span style=\"font-weight: 400;\">Pour devenir professionnel, il faut une bonne dose de discipline et un plan financier bien pens\u00e9. Sans ces deux ingr\u00e9dients de base, les choses devraient se g\u00e2ter au fil du temps. Selon toute probabilit\u00e9, si vous ne faites pas preuve de discipline et de bon sens dans la mani\u00e8re dont vous vous comportez sur le terrain et en dehors, vos r\u00eaves et vos espoirs de devenir un joueur professionnel seront r\u00e9duits \u00e0 n\u00e9ant par la dure r\u00e9alit\u00e9 de l'activit\u00e9 la plus f\u00e9roce au monde.<\/span><\/p>\n<p><strong>Voici les principales r\u00e8gles qui permettent de s\u00e9parer le bon grain de l'ivraie :<\/strong><\/p>\n<div class=\"sue-panel\" data-url=\"\" data-target=\"self\" style=\"background-color:#fbfbfb;color:#7a7979;border-radius:4px;box-shadow:2px 3px 4px #090909;border:2px ridge #403a3a\"><div class=\"sue-panel-content su-u-trim\" style=\"padding:15px;text-align:left\"><\/p>\n<h2>Accepter la volatilit\u00e9 avec gratitude<\/h2>\n<p><img decoding=\"async\" class=\"size-full wp-image-2428 aligncenter\" src=\"https:\/\/www.casinolion.ca\/wp-content\/uploads\/2016\/05\/Fotolia_91538909_XS.jpg\" alt=\"vieux bateau dans l&#039;oc\u00e9an d\u00e9cha\u00een\u00e9\" width=\"376\" height=\"319\" srcset=\"https:\/\/casinolion.ca\/wp-content\/uploads\/2016\/05\/Fotolia_91538909_XS.jpg 376w, https:\/\/casinolion.ca\/wp-content\/uploads\/2016\/05\/Fotolia_91538909_XS-300x255.jpg 300w, https:\/\/casinolion.ca\/wp-content\/uploads\/2016\/05\/Fotolia_91538909_XS-42x36.jpg 42w, https:\/\/casinolion.ca\/wp-content\/uploads\/2016\/05\/Fotolia_91538909_XS-106x90.jpg 106w\" sizes=\"(max-width: 376px) 100vw, 376px\" \/><\/p>\n<p><span style=\"font-weight: 400;\">M\u00eame si vous vous d\u00e9brouillez exceptionnellement bien au casino ou en ligne depuis longtemps, vous devez savoir que votre chance va forc\u00e9ment tourner un jour. Que vous soyez un compteur de cartes de blackjack sophistiqu\u00e9 qui croit tenir le monde par les couilles, un sp\u00e9cialiste du poker ultra-savant qui r\u00e9ussit \u00e0 grinder son salaire \u00e0 6 chiffres en jouant \u00e0 temps partiel, un rat de casino qui s'appr\u00eate \u00e0 d\u00e9voiler des jeux de machines \u00e0 sous qui ont \u00e9t\u00e9 accidentellement contrebalanc\u00e9s \u00e0 l'avantage du casino, ou un simple chanceux, votre chance <\/span><b>est appel\u00e9 \u00e0 changer un jour.<\/b><\/p>\n<p><span style=\"font-weight: 400;\">Les casinos corrigent sans cesse les failles des jeux et de la technologie, et les personnes qui se sont efforc\u00e9es d'en abuser perdent leurs revenus mensuels en un clin d'\u0153il. Les joueurs de poker habiles perdent constamment des pots de pi\u00e8ces, ce qui peut entra\u00eener de longues s\u00e9ries de pertes. <\/span><a href=\"https:\/\/casinolion.ca\/fr\/online-blackjack\/\"><span style=\"font-weight: 400;\">Casinos proposant le blackjack<\/span><\/a><span style=\"font-weight: 400;\"> passer constamment d'un jeu \u00e0 un jeu de 8 cartes et interdire l'acc\u00e8s aux compteurs de cartes. La chance change.<\/span><\/p>\n<p><span style=\"font-weight: 400;\">La solution est d'accepter la r\u00e9alit\u00e9 telle qu'elle est (exactement comme d\u00e9crite sur le site de la <\/span><a href=\"https:\/\/en.wikipedia.org\/wiki\/Serenity_Prayer\"><span style=\"font-weight: 400;\">Pri\u00e8re de s\u00e9r\u00e9nit\u00e9<\/span><\/a><span style=\"font-weight: 400;\">). Les joueurs professionnels r\u00e9alisent des b\u00e9n\u00e9fices en gagnant plus qu'ils ne perdent, et non en ne perdant pas du tout. Vos revenus seront tr\u00e8s volatils et il est possible que vous ayez des p\u00e9riodes de perte d'une semaine, d'un mois ou m\u00eame d'un an ! <\/span><\/p>\n<p><span style=\"font-weight: 400;\">Si vous disposez d'un bankroll serr\u00e9 et d'une autre source de revenus, tout devrait bien se passer. Dans le cas contraire, cette incertitude financi\u00e8re peut vous \u00e9loigner de votre r\u00eave et vous faire sombrer dans les affres de l'enfer. <\/span><\/p>\n<p><\/div><\/div>\n<p>&nbsp;<\/p>\n<div class=\"sue-panel\" data-url=\"\" data-target=\"self\" style=\"background-color:#fbfbfb;color:#7a7979;border-radius:4px;box-shadow:2px 3px 4px #090909;border:2px ridge #403a3a\"><div class=\"sue-panel-content su-u-trim\" style=\"padding:15px;text-align:left\"><\/p>\n<h2>R\u00e9investir vos gains<\/h2>\n<p><img decoding=\"async\" class=\"aligncenter size-full wp-image-2430\" src=\"https:\/\/www.casinolion.ca\/wp-content\/uploads\/2016\/05\/Fotolia_105029323_XS.jpg\" alt=\"Investissement immobilier. Maison et pi\u00e8ces de monnaie sur une table.\" width=\"450\" height=\"266\" srcset=\"https:\/\/casinolion.ca\/wp-content\/uploads\/2016\/05\/Fotolia_105029323_XS.jpg 450w, https:\/\/casinolion.ca\/wp-content\/uploads\/2016\/05\/Fotolia_105029323_XS-300x177.jpg 300w, https:\/\/casinolion.ca\/wp-content\/uploads\/2016\/05\/Fotolia_105029323_XS-61x36.jpg 61w, https:\/\/casinolion.ca\/wp-content\/uploads\/2016\/05\/Fotolia_105029323_XS-152x90.jpg 152w\" sizes=\"(max-width: 450px) 100vw, 450px\" \/><\/p>\n<p><span style=\"font-weight: 400;\">Non seulement vous devez \u00e9conomiser de l'argent pour les mauvais jours, mais vous devez aussi r\u00e9investir vos gains de mani\u00e8re judicieuse afin qu'ils accumulent un revenu passif (par le biais d'int\u00e9r\u00eats, de loyers ou de toute autre forme de revenu qui ne n\u00e9cessite pas beaucoup de votre temps et de votre \u00e9nergie). <\/span><\/p>\n<p><span style=\"font-weight: 400;\">Votre objectif devrait \u00eatre d'atteindre un revenu passif qui vous permette de subvenir \u00e0 vos besoins essentiels, ind\u00e9pendamment des variations de votre solde de jeu. Vous saurez ainsi que vous pouvez prendre des risques plus importants si vous le souhaitez, sans nuire \u00e0 votre bien-\u00eatre ou \u00e0 celui de votre famille. <\/span><\/p>\n<p><span style=\"font-weight: 400;\">Jusqu'\u00e0 ce que vous atteigniez un tel revenu passif, vous devriez r\u00e9duire votre solde de jeu lorsque vous gagnez beaucoup et le transf\u00e9rer sur votre compte d'investissement. R\u00e9p\u00e9tez cette op\u00e9ration jusqu'\u00e0 ce que vous ayez \u00e9conomis\u00e9 environ x250-300 de vos d\u00e9penses mensuelles pr\u00e9vues. R\u00e9sistez \u00e0 votre nature de joueur et optez pour des investissements plus s\u00fbrs, tels que des biens immobiliers situ\u00e9s dans de bons quartiers, des ETF et des indices, et visez un rendement annualis\u00e9 de 3-5%.<\/span><\/p>\n<p><\/div><\/div>\n<p>&nbsp;<\/p>\n<div class=\"sue-panel\" data-url=\"\" data-target=\"self\" style=\"background-color:#fbfbfb;color:#7a7979;border-radius:4px;box-shadow:2px 3px 4px #090909;border:2px ridge #403a3a\"><div class=\"sue-panel-content su-u-trim\" style=\"padding:15px;text-align:left\"><\/p>\n<h2>R\u00e9sister aux tentations<\/h2>\n<p><img decoding=\"async\" class=\"aligncenter size-full wp-image-2431\" src=\"https:\/\/www.casinolion.ca\/wp-content\/uploads\/2016\/05\/Fotolia_108813802_XS.jpg\" alt=\"Femme mafiosi sexy fumant avec un cigare\" width=\"424\" height=\"283\" srcset=\"https:\/\/casinolion.ca\/wp-content\/uploads\/2016\/05\/Fotolia_108813802_XS.jpg 424w, https:\/\/casinolion.ca\/wp-content\/uploads\/2016\/05\/Fotolia_108813802_XS-300x200.jpg 300w, https:\/\/casinolion.ca\/wp-content\/uploads\/2016\/05\/Fotolia_108813802_XS-54x36.jpg 54w, https:\/\/casinolion.ca\/wp-content\/uploads\/2016\/05\/Fotolia_108813802_XS-135x90.jpg 135w\" sizes=\"(max-width: 424px) 100vw, 424px\" \/><\/p>\n<p><span style=\"font-weight: 400;\">Si vous aspirez \u00e0 devenir un joueur professionnel en raison du style de vie prestigieux que vous croyez y \u00eatre associ\u00e9, vous ne pourrez pas, et n'aurez pas le d\u00e9sir, d'\u00e9viter les tentations. En fait, vous \u00eates l\u00e0 pour elles ! <\/span><\/p>\n<p><span style=\"font-weight: 400;\">Dans ce cas, vous devriez peut-\u00eatre renoncer \u00e0 votre r\u00eave. \u201cMener la grande vie\u201d consommera une part importante de vos b\u00e9n\u00e9fices pendant les bons mois, et engloutira l'argent que vous avez mis de c\u00f4t\u00e9 pendant les mauvais mois. Chacun a le droit de choisir son propre style de vie, mais d'un point de vue financier, consommer des quantit\u00e9s massives d'argent dans la drogue et l'alcool, acheter des bijoux co\u00fbteux, d\u00e9penser des milliers de dollars pour un \u201crendez-vous\u201d, ou simplement jouer \u00e0 des jeux o\u00f9 l'on est d\u00e9savantag\u00e9, comme les jeux de hasard, n'est pas une bonne id\u00e9e. <\/span><a href=\"https:\/\/casinolion.ca\/fr\/online-slots\/\"><span style=\"font-weight: 400;\">Machines \u00e0 sous<\/span><\/a><span style=\"font-weight: 400;\">, n'est pas judicieux.<\/span><\/p>\n<p><span style=\"font-weight: 400;\">Si vous souhaitez \u00e9viter les habitudes mentionn\u00e9es ci-dessus et transformer vos efforts en \u00e9conomies qui vous permettront de subvenir \u00e0 vos besoins et \u00e0 ceux de votre famille pour les ann\u00e9es \u00e0 venir, \u00e9vitez toutes les mauvaises habitudes en m\u00eame temps et concentrez-vous sur l'augmentation de vos b\u00e9n\u00e9fices. <\/span><\/p>\n<p><\/div><\/div>\n<p>&nbsp;<\/p>\n<p><span style=\"font-weight: 400;\">Bonne chance ! Vous n'en aurez pas besoin si vous respectez ces r\u00e8gles.<\/span><\/p>\n<p><b>Lecture recommand\u00e9e : <\/b><span style=\"font-weight: 400;\">Inspirez-vous de la liste des <\/span><a href=\"https:\/\/casinolion.ca\/fr\/20-most-famous-canadian-gamblers\/\"><span style=\"font-weight: 400;\">Les 20 premiers joueurs canadiens<\/span><\/a><span style=\"font-weight: 400;\">.<\/span><\/p>\n<p>&nbsp;<\/p>","protected":false},"excerpt":{"rendered":"<p>Que vous ayez toujours obtenu de bons r\u00e9sultats sur Pokerstars et que vous souhaitiez passer au niveau sup\u00e9rieur en tant que joueur professionnel en ligne, ou que vous soyez un joueur de casino prosp\u00e8re qui bat constamment les pronostics et qui a l'impression que son travail de jour devient obsol\u00e8te, il faut plus que du courage pour devenir un joueur professionnel. Pour devenir pro, il faut [...]<\/p>","protected":false},"author":1,"featured_media":0,"parent":0,"menu_order":168,"comment_status":"open","ping_status":"closed","template":"","meta":{"_acf_changed":false,"footnotes":""},"class_list":["post-2426","page","type-page","status-publish","hentry"],"acf":[],"yoast_head":"<!-- This site is optimized with the Yoast SEO plugin v26.1.1 - https:\/\/yoast.com\/wordpress\/plugins\/seo\/ -->\n<title>Golden Rules for Aspiring Gamblers<\/title>\n<meta name=\"description\" content=\"If you consider becoming a professional gambler, read our golden rules and improve your chances of success.\" \/>\n<meta name=\"robots\" content=\"index, follow, max-snippet:-1, max-image-preview:large, max-video-preview:-1\" \/>\n<link rel=\"canonical\" href=\"https:\/\/casinolion.ca\/fr\/aspiring-gamblers\/\" \/>\n<meta property=\"og:locale\" content=\"fr_CA\" \/>\n<meta property=\"og:type\" content=\"article\" \/>\n<meta property=\"og:title\" content=\"Golden Rules for Aspiring Gamblers\" \/>\n<meta property=\"og:description\" content=\"If you consider becoming a professional gambler, read our golden rules and improve your chances of success.\" \/>\n<meta property=\"og:url\" content=\"https:\/\/casinolion.ca\/fr\/aspiring-gamblers\/\" \/>\n<meta property=\"article:modified_time\" content=\"2024-02-04T09:32:16+00:00\" \/>\n<meta property=\"og:image\" content=\"https:\/\/www.casinolion.ca\/wp-content\/uploads\/2016\/05\/Fotolia_91538909_XS.jpg\" \/>\n<meta name=\"twitter:card\" content=\"summary_large_image\" \/>\n<meta name=\"twitter:label1\" content=\"Estimation du temps de lecture\" \/>\n\t<meta name=\"twitter:data1\" content=\"5 minutes\" \/>\n<script type=\"application\/ld+json\" class=\"yoast-schema-graph\">{\"@context\":\"https:\/\/schema.org\",\"@graph\":[{\"@type\":\"WebPage\",\"@id\":\"https:\/\/casinolion.ca\/aspiring-gamblers\/\",\"url\":\"https:\/\/casinolion.ca\/aspiring-gamblers\/\",\"name\":\"Golden Rules for Aspiring Gamblers\",\"isPartOf\":{\"@id\":\"https:\/\/casinolion.ca\/fr\/#website\"},\"primaryImageOfPage\":{\"@id\":\"https:\/\/casinolion.ca\/aspiring-gamblers\/#primaryimage\"},\"image\":{\"@id\":\"https:\/\/casinolion.ca\/aspiring-gamblers\/#primaryimage\"},\"thumbnailUrl\":\"https:\/\/www.casinolion.ca\/wp-content\/uploads\/2016\/05\/Fotolia_91538909_XS.jpg\",\"datePublished\":\"2016-05-23T10:24:46+00:00\",\"dateModified\":\"2024-02-04T09:32:16+00:00\",\"description\":\"If you consider becoming a professional gambler, read our golden rules and improve your chances of success.\",\"breadcrumb\":{\"@id\":\"https:\/\/casinolion.ca\/aspiring-gamblers\/#breadcrumb\"},\"inLanguage\":\"fr-CA\",\"potentialAction\":[{\"@type\":\"ReadAction\",\"target\":[\"https:\/\/casinolion.ca\/aspiring-gamblers\/\"]}]},{\"@type\":\"ImageObject\",\"inLanguage\":\"fr-CA\",\"@id\":\"https:\/\/casinolion.ca\/aspiring-gamblers\/#primaryimage\",\"url\":\"https:\/\/www.casinolion.ca\/wp-content\/uploads\/2016\/05\/Fotolia_91538909_XS.jpg\",\"contentUrl\":\"https:\/\/www.casinolion.ca\/wp-content\/uploads\/2016\/05\/Fotolia_91538909_XS.jpg\"},{\"@type\":\"BreadcrumbList\",\"@id\":\"https:\/\/casinolion.ca\/aspiring-gamblers\/#breadcrumb\",\"itemListElement\":[{\"@type\":\"ListItem\",\"position\":1,\"name\":\"Home\",\"item\":\"https:\/\/casinolion.ca\/\"},{\"@type\":\"ListItem\",\"position\":2,\"name\":\"The Top 3 Golden Rules for Aspiring Professional Gamblers\"}]},{\"@type\":\"WebSite\",\"@id\":\"https:\/\/casinolion.ca\/fr\/#website\",\"url\":\"https:\/\/casinolion.ca\/fr\/\",\"name\":\"\",\"description\":\"\",\"potentialAction\":[{\"@type\":\"SearchAction\",\"target\":{\"@type\":\"EntryPoint\",\"urlTemplate\":\"https:\/\/casinolion.ca\/fr\/?s={search_term_string}\"},\"query-input\":{\"@type\":\"PropertyValueSpecification\",\"valueRequired\":true,\"valueName\":\"search_term_string\"}}],\"inLanguage\":\"fr-CA\"}]}<\/script>\n<!-- \/ Yoast SEO plugin. -->","yoast_head_json":{"title":"R\u00e8gles d'or pour les joueurs en herbe","description":"Si vous envisagez de devenir un joueur professionnel, lisez nos r\u00e8gles d'or et augmentez vos chances de r\u00e9ussite.","robots":{"index":"index","follow":"follow","max-snippet":"max-snippet:-1","max-image-preview":"max-image-preview:large","max-video-preview":"max-video-preview:-1"},"canonical":"https:\/\/casinolion.ca\/fr\/aspiring-gamblers\/","og_locale":"fr_CA","og_type":"article","og_title":"Golden Rules for Aspiring Gamblers","og_description":"If you consider becoming a professional gambler, read our golden rules and improve your chances of success.","og_url":"https:\/\/casinolion.ca\/fr\/aspiring-gamblers\/","article_modified_time":"2024-02-04T09:32:16+00:00","og_image":[{"url":"https:\/\/www.casinolion.ca\/wp-content\/uploads\/2016\/05\/Fotolia_91538909_XS.jpg","type":"","width":"","height":""}],"twitter_card":"summary_large_image","twitter_misc":{"Estimation du temps de lecture":"5 minutes"},"schema":{"@context":"https:\/\/schema.org","@graph":[{"@type":"WebPage","@id":"https:\/\/casinolion.ca\/aspiring-gamblers\/","url":"https:\/\/casinolion.ca\/aspiring-gamblers\/","name":"R\u00e8gles d'or pour les joueurs en herbe","isPartOf":{"@id":"https:\/\/casinolion.ca\/fr\/#website"},"primaryImageOfPage":{"@id":"https:\/\/casinolion.ca\/aspiring-gamblers\/#primaryimage"},"image":{"@id":"https:\/\/casinolion.ca\/aspiring-gamblers\/#primaryimage"},"thumbnailUrl":"https:\/\/www.casinolion.ca\/wp-content\/uploads\/2016\/05\/Fotolia_91538909_XS.jpg","datePublished":"2016-05-23T10:24:46+00:00","dateModified":"2024-02-04T09:32:16+00:00","description":"Si vous envisagez de devenir un joueur professionnel, lisez nos r\u00e8gles d'or et augmentez vos chances de r\u00e9ussite.","breadcrumb":{"@id":"https:\/\/casinolion.ca\/aspiring-gamblers\/#breadcrumb"},"inLanguage":"fr-CA","potentialAction":[{"@type":"ReadAction","target":["https:\/\/casinolion.ca\/aspiring-gamblers\/"]}]},{"@type":"ImageObject","inLanguage":"fr-CA","@id":"https:\/\/casinolion.ca\/aspiring-gamblers\/#primaryimage","url":"https:\/\/www.casinolion.ca\/wp-content\/uploads\/2016\/05\/Fotolia_91538909_XS.jpg","contentUrl":"https:\/\/www.casinolion.ca\/wp-content\/uploads\/2016\/05\/Fotolia_91538909_XS.jpg"},{"@type":"BreadcrumbList","@id":"https:\/\/casinolion.ca\/aspiring-gamblers\/#breadcrumb","itemListElement":[{"@type":"ListItem","position":1,"name":"Home","item":"https:\/\/casinolion.ca\/"},{"@type":"ListItem","position":2,"name":"The Top 3 Golden Rules for Aspiring Professional Gamblers"}]},{"@type":"WebSite","@id":"https:\/\/casinolion.ca\/fr\/#website","url":"https:\/\/casinolion.ca\/fr\/","name":"","description":"","potentialAction":[{"@type":"SearchAction","target":{"@type":"EntryPoint","urlTemplate":"https:\/\/casinolion.ca\/fr\/?s={search_term_string}"},"query-input":{"@type":"PropertyValueSpecification","valueRequired":true,"valueName":"search_term_string"}}],"inLanguage":"fr-CA"}]}},"_links":{"self":[{"href":"https:\/\/casinolion.ca\/fr\/wp-json\/wp\/v2\/pages\/2426","targetHints":{"allow":["GET"]}}],"collection":[{"href":"https:\/\/casinolion.ca\/fr\/wp-json\/wp\/v2\/pages"}],"about":[{"href":"https:\/\/casinolion.ca\/fr\/wp-json\/wp\/v2\/types\/page"}],"author":[{"embeddable":true,"href":"https:\/\/casinolion.ca\/fr\/wp-json\/wp\/v2\/users\/1"}],"replies":[{"embeddable":true,"href":"https:\/\/casinolion.ca\/fr\/wp-json\/wp\/v2\/comments?post=2426"}],"version-history":[{"count":0,"href":"https:\/\/casinolion.ca\/fr\/wp-json\/wp\/v2\/pages\/2426\/revisions"}],"wp:attachment":[{"href":"https:\/\/casinolion.ca\/fr\/wp-json\/wp\/v2\/media?parent=2426"}],"curies":[{"name":"wp","href":"https:\/\/api.w.org\/{rel}","templated":true}]}}