
{"id":24466,"date":"2025-02-28T06:12:48","date_gmt":"2025-02-28T06:12:48","guid":{"rendered":"https:\/\/casinolion.ca\/?page_id=24466"},"modified":"2025-02-28T06:17:53","modified_gmt":"2025-02-28T06:17:53","slug":"low-minimum-deposit-casinos","status":"publish","type":"page","link":"https:\/\/casinolion.ca\/fr\/low-minimum-deposit-casinos\/","title":{"rendered":"Casinos \u00e0 faible d\u00e9p\u00f4t minimum"},"content":{"rendered":"<h2>Casinos \u00e0 faible d\u00e9p\u00f4t minimum<\/h2>\n<p>Sur la plupart des jeux de casino en ligne, plus vous misez, plus vous avez de chances de gagner. Cela peut vous faire penser que des d\u00e9p\u00f4ts plus importants sont forc\u00e9ment plus int\u00e9ressants, mais ce n'est pas toujours le cas.<\/p>\n<p>Les d\u00e9p\u00f4ts de niveau inf\u00e9rieur peuvent :<\/p>\n<ul>\n<li>Vous aider \u00e0 rep\u00e9rer un casino ou un jeu sp\u00e9cifique pour effectuer un d\u00e9p\u00f4t plus important plus tard, avec un risque minimal.<\/li>\n<li>Encourager les d\u00e9penses limit\u00e9es pour les personnes ayant un budget serr\u00e9<\/li>\n<li>Offrir des retours massifs dans le cas d'un jackpot ou d'un gain de Megaways<\/li>\n<\/ul>\n<p>Si vous pr\u00e9voyez \u00e9galement d'obtenir un bonus, il peut \u00eatre judicieux de d\u00e9poser moins.<\/p>\n<p>Cela s'explique par les exigences de mise. Si vous cherchez \u00e0 jouer \u00e0 des jeux de jackpot \u00e0 forte volatilit\u00e9, vous ne voudrez peut-\u00eatre pas d'une contrepartie de d\u00e9p\u00f4t aussi importante, car vous devrez jouer une plus grande partie de votre gros gain avant de pouvoir le retirer.<\/p>\n<p>Par exemple, imaginez que vous d\u00e9posiez $10 avec une contrepartie de d\u00e9p\u00f4t de 100% avec une mise de 10x, pour un total de $20. Si vous gagnez ensuite un jackpot de $1500, vous devrez miser $200 de ce jackpot avant tout retrait. (Bien s\u00fbr, vous pouvez gagner plus avec ces $200, mais vous pouvez aussi tout perdre).<\/p>\n<p>Cependant, si vous avez initialement d\u00e9pos\u00e9 $50, vous devrez jouer $500 avant de pouvoir retirer le m\u00eame jackpot de $1500.<\/p>\n<p>Dans ce cas, vous pouvez comprendre pourquoi les chasseurs de jackpot et les joueurs \u00e0 forte volatilit\u00e9 peuvent parfois vouloir s'en tenir \u00e0 plusieurs petits d\u00e9p\u00f4ts.<\/p>\n<h2>$1 Min. D\u00e9p\u00f4t Casinos<\/h2>\n<p>Il n'y a pas beaucoup de sites qui vous permettent de d\u00e9poser un montant aussi bas, car le casino est g\u00e9n\u00e9ralement factur\u00e9 par le fournisseur de paiement pour un montant fixe \u00e0 chaque fois que vous effectuez un d\u00e9p\u00f4t. Ainsi, tout d\u00e9p\u00f4t inf\u00e9rieur \u00e0 $5 ne vaut pas la peine d'\u00eatre factur\u00e9 du point de vue du casino.<\/p>\n<p>Cependant, avec l'av\u00e8nement du bitcoin et d'autres crypto-monnaies, ce probl\u00e8me a \u00e9t\u00e9 largement \u00e9limin\u00e9. Ainsi, si vous souhaitez d\u00e9poser 0,0001 BTC, ou m\u00eame moins, vous pouvez aujourd'hui trouver un casino qui vous permettra de le faire.<\/p>\n<p>Vous pouvez \u00e9galement trouver occasionnellement un casino qui vous permet d'effectuer des d\u00e9p\u00f4ts inf\u00e9rieurs \u00e0 $5 pour le seul facteur de nouveaut\u00e9, car cela peut lui permettre de fid\u00e9liser sa client\u00e8le \u00e0 long terme.<\/p>\n<p><strong>Zodiac Casino<\/strong> en est le meilleur exemple pour les joueurs canadiens. Ils vous permettent d'obtenir leur fantastique offre de 80 tours gratuits pour seulement $1 CAD. C'est facile !<\/p>\n<p><strong>22Bet<\/strong>, Les casinos en marque blanche de SoftSwiss qui acceptent les joueurs canadiens peuvent \u00e9galement \u00eatre un bon choix ici, car vous pouvez d\u00e9poser $1 ou moins de BTC ou d'une autre crypto-monnaie.<\/p>\n<h2>$5 Min. D\u00e9p\u00f4t Casinos<\/h2>\n<p>Une raret\u00e9 dans le monde en ligne, les casinos \u00e0 d\u00e9p\u00f4t minimum $5 ne sont disponibles que dans quelques pays. Heureusement, le Canada est l'un d'entre eux.<\/p>\n<p>Les casinos en ligne sur la plateforme Softswiss (comme <a href=\"https:\/\/casinolion.ca\/fr\/a\/spinia\/\" rel=\"nofollow\">Spinia<\/a> et <a href=\"https:\/\/casinolion.ca\/fr\/a\/playamo\/\" rel=\"nofollow\">Playamo<\/a>) sont connus pour accepter $CAD 5 d\u00e9p\u00f4ts par cartes bancaires et encore moins par crypto-monnaies.<\/p>\n<h2>$10 Min. D\u00e9p\u00f4t Casinos<\/h2>\n<p>$10 est le niveau de d\u00e9p\u00f4t minimum standard dans la plupart des pays. <a href=\"https:\/\/casinolion.ca\/fr\/reviews\/\">casinos en ligne<\/a>. M\u00eame sur les sites qui autorisent des d\u00e9p\u00f4ts moins importants, $10 est g\u00e9n\u00e9ralement le montant le plus bas n\u00e9cessaire pour obtenir des bonus de correspondance de d\u00e9p\u00f4t ou des bonus de tours gratuits.<\/p>\n<p>Sauf mention contraire, vous pouvez supposer que presque tous nos casinos les mieux class\u00e9s pour les joueurs canadiens auront $10 comme d\u00e9p\u00f4t minimum.<\/p>\n<h2>Quels sont les jeux qui peuvent rapporter gros avec une petite mise ?<\/h2>\n<p>Les meilleurs jeux pour les personnes effectuant de petits d\u00e9p\u00f4ts sont sans aucun doute les jeux \u00e0 jackpot progressif ou les jeux d'argent. <a href=\"https:\/\/casinolion.ca\/fr\/slots\/megaways\/\">Machines \u00e0 sous Megaways<\/a>. Le deuxi\u00e8me meilleur choix est celui des faibles enjeux <a href=\"https:\/\/casinolion.ca\/fr\/live\/\">jeux de casino en direct<\/a>, comme <a href=\"https:\/\/casinolion.ca\/fr\/evolution-gaming\/\">Party Blackjack d'Evolution<\/a>. En g\u00e9n\u00e9ral, les jeux de table (qu'ils soient en direct ou virtuels) n'offrent pas autant d'opportunit\u00e9s pour les petites mises de $5 ou moins.<\/p>\n<p>Les machines \u00e0 sous \u00e0 jackpot offrent \u00e9videmment la possibilit\u00e9 de remporter des gains massifs sur des mises minimes et ont rendu des gens millionnaires gr\u00e2ce \u00e0 des mises de $0,10 ou moins \u00e0 de nombreuses reprises au fil des ans.<\/p>\n<p>Les jeux \u00e0 forte volatilit\u00e9, tels que les jeux Megaways, offrent moins de gains r\u00e9guliers - mais lorsque vous gagnez, il se peut que votre gain soit beaucoup plus important.<\/p>\n<p>Voici donc les meilleures fa\u00e7ons de maximiser les gains potentiels pour les personnes qui parient et d\u00e9posent de petits montants.<\/p>\n<h3 class=\"no-border\">Machines \u00e0 sous MegaWays<\/h3>\n<p><img decoding=\"async\" class=\"wp-image-6357 alignleft\" src=\"https:\/\/casinolion.ca\/wp-content\/uploads\/2020\/04\/Megaways-V1.png\" sizes=\"(max-width: 101px) 100vw, 101px\" srcset=\"https:\/\/casinolion.ca\/wp-content\/uploads\/2020\/04\/Megaways-V1.png 512w, https:\/\/casinolion.ca\/wp-content\/uploads\/2020\/04\/Megaways-V1-300x300.png 300w, https:\/\/casinolion.ca\/wp-content\/uploads\/2020\/04\/Megaways-V1-150x150.png 150w, https:\/\/casinolion.ca\/wp-content\/uploads\/2020\/04\/Megaways-V1-280x280.png 280w\" alt=\"\" width=\"101\" height=\"101\" \/><\/p>\n<p>Alors que la plupart des machines \u00e0 sous ont entre 20 et 100 lignes de paiement pour cr\u00e9er des combinaisons gagnantes, les machines \u00e0 sous MegaWays ont plus de 10 000 fa\u00e7ons de gagner.<\/p>\n<p>Ce r\u00e9sultat est g\u00e9n\u00e9ralement obtenu gr\u00e2ce \u00e0 une conception innovante des rouleaux ainsi qu'\u00e0 des symboles suppl\u00e9mentaires ou en cascade.<\/p>\n<p>Les machines \u00e0 sous MegaWays sont id\u00e9ales pour les parieurs \u00e0 petit budget car elles offrent un potentiel de gains de 10 000x ou plus - et vous permettent g\u00e9n\u00e9ralement de commencer vos paris \u00e0 $0.20 ou moins.<\/p>\n<p>Attention, les machines \u00e0 sous MegaWays sont souvent tr\u00e8s volatiles, ce qui signifie que vous risquez d'obtenir des tours morts plus fr\u00e9quemment. Cependant, lorsque vous gagnez, vous avez toutes les chances de gagner plus.<\/p>\n<h3 class=\"no-border\">Roulette de la foudre<\/h3>\n<p><img decoding=\"async\" class=\"wp-image-5703 alignleft\" src=\"https:\/\/casinolion.ca\/wp-content\/uploads\/2020\/03\/lightning-roulette.jpg\" sizes=\"(max-width: 100px) 100vw, 100px\" srcset=\"https:\/\/casinolion.ca\/wp-content\/uploads\/2020\/03\/lightning-roulette.jpg 390w, https:\/\/casinolion.ca\/wp-content\/uploads\/2020\/03\/lightning-roulette-300x217.jpg 300w, https:\/\/casinolion.ca\/wp-content\/uploads\/2020\/03\/lightning-roulette-280x202.jpg 280w\" alt=\"\" width=\"100\" height=\"72\" \/><\/p>\n<p>Comme la plupart des titres de casino en direct de qualit\u00e9 d'Evolution Gaming, Lightning Roulette vous permet de miser peu - pour un potentiel de gain important.<\/p>\n<p>Elle se joue de la m\u00eame mani\u00e8re que la roulette classique avec un croupier en direct. Cependant, tous les quelques tours, jusqu'\u00e0 3 num\u00e9ros sont frapp\u00e9s par la foudre.<\/p>\n<p>Cela leur donne un multiplicateur \u00e9lectrique entre 50x et 500x pour tous les paris gagnants. Si l'on consid\u00e8re qu'un pari gagnant \u00e0 la roulette vaut g\u00e9n\u00e9ralement 35x, vous pouvez voir \u00e0 quel point les gains peuvent \u00eatre importants.<\/p>\n<p>Oh, et dans la plupart des casinos, les mises sur la roulette \u00e9clair commencent \u00e0 partir de $0.50 seulement.<\/p>\n<h3 class=\"no-border\">Machine \u00e0 sous Dead or Alive<\/h3>\n<p><img decoding=\"async\" class=\"wp-image-3833 alignleft\" src=\"https:\/\/casinolion.ca\/wp-content\/uploads\/2019\/12\/dead-or-alive-2-slot-logo.jpg\" sizes=\"(max-width: 100px) 100vw, 100px\" srcset=\"https:\/\/casinolion.ca\/wp-content\/uploads\/2019\/12\/dead-or-alive-2-slot-logo.jpg 478w, https:\/\/casinolion.ca\/wp-content\/uploads\/2019\/12\/dead-or-alive-2-slot-logo-300x243.jpg 300w, https:\/\/casinolion.ca\/wp-content\/uploads\/2019\/12\/dead-or-alive-2-slot-logo-280x227.jpg 280w\" alt=\"dead or alive 2 slot logo\" width=\"100\" height=\"81\" \/><\/p>\n<p>Certaines des machines \u00e0 sous \u00e0 jackpot les plus populaires de tous les temps, <a href=\"https:\/\/casinolion.ca\/fr\/netent\/\">NetEnt's<\/a> Les spectacles sur le th\u00e8me du Far West sont l\u00e9gendaires parmi les amateurs de machines \u00e0 sous.<\/p>\n<p>Avec une mise minimale de seulement $0.20 sur <a href=\"https:\/\/casinolion.ca\/fr\/slots\/dead-or-alive-2\/\">Dead or Alive 2<\/a>, Si vous \u00eates un joueur de poker, vous pourriez vous retrouver dans la partie de tours gratuits High Noon, o\u00f9 le jackpot s'\u00e9l\u00e8ve \u00e0 100 000 fois votre mise.<\/p>\n<p>Au pari minimum, cela repr\u00e9sente $20 000 de moins d'un dollar de mise de fonds. Yeehaw !<\/p>\n<h3 class=\"no-border\">Mega Moolah<\/h3>\n<p><img decoding=\"async\" class=\"wp-image-6028 alignleft\" src=\"https:\/\/casinolion.ca\/wp-content\/uploads\/2020\/03\/mega-moolah.jpeg\" sizes=\"(max-width: 101px) 100vw, 101px\" srcset=\"https:\/\/casinolion.ca\/wp-content\/uploads\/2020\/03\/mega-moolah.jpeg 400w, https:\/\/casinolion.ca\/wp-content\/uploads\/2020\/03\/mega-moolah-300x188.jpeg 300w, https:\/\/casinolion.ca\/wp-content\/uploads\/2020\/03\/mega-moolah-280x175.jpeg 280w\" alt=\"\" width=\"101\" height=\"63\" \/><\/p>\n<p>Sans doute le jackpot progressif le plus c\u00e9l\u00e8bre de tous, <a href=\"https:\/\/casinolion.ca\/fr\/microgaming\/\">Microgaming<\/a> La s\u00e9rie classique Mega Moolah a distribu\u00e9 plus d'un milliard de dollars de jackpot depuis 2006.<\/p>\n<p>C'est le jeu qui a vers\u00e9 le plus gros jackpot en ligne de l'histoire, certifi\u00e9 par le Livre Guinness des records, lorsqu'un soldat britannique a remport\u00e9 la somme colossale de $13 millions en 2015. Et sa mise initiale ? Seulement $0.20.<\/p>\n<p>Bien que certaines versions de ce jeu (il y en a beaucoup) aient aujourd'hui un aspect assez d\u00e9suet, elles continuent d'\u00eatre extr\u00eamement populaires dans le monde entier, pour la bonne raison que vous pouvez miser peu mais gagner potentiellement beaucoup.<\/p>\n<h2>Meilleures m\u00e9thodes bancaires pour les joueurs \u00e0 faibles enjeux<\/h2>\n<p>Si vous \u00e9tiez un casino et qu'un prestataire de services de paiement vous facturait $1,50 pour chaque transaction, laisseriez-vous les gens d\u00e9poser $1 ou $5 ?<\/p>\n<p>Probablement pas, car cela n'a aucun sens d'un point de vue commercial. C'est pourquoi la plupart des casinos en ligne ne proposent pas de petits d\u00e9p\u00f4ts ou retraits.<\/p>\n<p>Cependant, certaines m\u00e9thodes de paiement n'ont pas ce probl\u00e8me - donc si vous les voyez sur la page bancaire d'un casino, il se peut que vous puissiez y effectuer des d\u00e9p\u00f4ts de faible montant. Surveillez les m\u00e9thodes suivantes :<\/p>\n<h3 class=\"no-border\">PaySafeCard<\/h3>\n<p>Une option flexible pour les paiements en ligne qui ne n\u00e9cessite pas de compte bancaire ou de carte de d\u00e9bit, les cartes PaySafe peuvent \u00eatre achet\u00e9es dans les magasins physiques du monde entier.<\/p>\n<p>Il suffit d'en acheter un avec le montant requis, \u00e0 partir de $10 et jusqu'\u00e0 $250. Vous pouvez ensuite utiliser votre code unique pour payer en ligne, y compris les d\u00e9p\u00f4ts dans les casinos.<\/p>\n<p>Comme il n'y a pas de frais, certains casinos en ligne vous permettent de d\u00e9poser $5 ou moins en utilisant cette m\u00e9thode. Il s'agit \u00e9galement d'une excellente option bancaire pour ceux qui s'inqui\u00e8tent de la s\u00e9curit\u00e9 ou m\u00eame du risque de d\u00e9penses excessives, car elle n'est pas du tout li\u00e9e \u00e0 votre compte bancaire.<\/p>\n<p>Les cartes PaySafe sont une option sur de nombreux casinos, mais ils ne vous permettent pas tous de d\u00e9poser de petites sommes - v\u00e9rifiez donc nos revues pour conna\u00eetre les minimums avant de vous lancer.<\/p>\n<h3 class=\"no-border\">Bitcoin<\/h3>\n<p>Le Bitcoin, le gangsta original des crypto-monnaies, est disponible sur de plus en plus de casinos en ligne aujourd'hui. Id\u00e9al pour les personnes soucieuses de s\u00e9curit\u00e9 et d'anonymat, 1 bitcoin vaut \u00e9galement beaucoup plus que $1 - vous pouvez donc d\u00e9poser 0,00001 BTC ou moins pour obtenir des d\u00e9p\u00f4ts d'une valeur tr\u00e8s faible.<\/p>\n<p>Les taux de change du bitcoin fluctuent, souvent de mani\u00e8re importante. Cependant, la valeur d'un BTC n'est pas descendue en dessous de $100 depuis 2012, et elle est largement sup\u00e9rieure \u00e0 $1000 par BTC depuis 2017.<\/p>\n<p>Il existe de nombreux casinos sp\u00e9cifiques au Bitcoin ou aux crypto-monnaies que nous \u00e9valuons, tels que <strong>BitCasino.io <\/strong>ou <strong>CloudBet<\/strong>.<\/p>\n<p>De nombreuses grandes marques se sont \u00e9galement lanc\u00e9es dans les cryptomonnaies ces derni\u00e8res ann\u00e9es, comme l'op\u00e9rateur en marque blanche <strong>SoftSwiss<\/strong>. Ils ont adopt\u00e9 de nombreuses crypto-monnaies, notamment <strong>Litecoin,<\/strong> <strong>Ethereum <\/strong>et le m\u00e9m\u00e9tastique <strong>Dogecoin<\/strong>, ainsi que le bitcoin.<\/p>\n<p>Vous pouvez les essayer dans de grands casinos tels que <strong>KingBilly <\/strong>et <strong>BitStarz<\/strong>, avec un d\u00e9p\u00f4t minimum de 0,001 BTC - ce qui repr\u00e9sente moins de $1 aux taux actuels (le prix peut fluctuer).<\/p>\n<h3 class=\"no-border\">Votre carte bancaire<\/h3>\n<p>Malheureusement, il est peu probable que vous trouviez des casinos qui vous permettent de d\u00e9poser moins de $5 en utilisant votre carte bancaire. En fait, de nombreux sites exigent un minimum de $20 en utilisant cette m\u00e9thode, bien qu'un minimum de $10 soit le plus courant.<\/p>\n<p>Parfois, nous vous montrerons des casinos en ligne tels que <strong>Zodiac Casino,<\/strong> qui proposent des d\u00e9p\u00f4ts $1 en tant qu'offre sp\u00e9ciale. Gardez un \u0153il sur nos pages pour ce type d'offres, car nous les mettons r\u00e9guli\u00e8rement \u00e0 jour.<\/p>\n<h3 class=\"no-border\">Skrill\/Neteller\/PayPal<\/h3>\n<p>La plupart des portefeuilles \u00e9lectroniques facturent \u00e9galement les casinos par transaction, de la m\u00eame mani\u00e8re que les cartes. Ainsi, bien qu'ils soient tr\u00e8s pratiques pour les clients, il est peu probable que des d\u00e9p\u00f4ts minimums extr\u00eamement bas soient effectu\u00e9s \u00e0 l'aide de ces m\u00e9thodes.<\/p>\n<p>La plupart des d\u00e9p\u00f4ts par portefeuille \u00e9lectronique commencent \u00e0 $10, bien que vous puissiez occasionnellement voir des minimums de $5.<\/p>","protected":false},"excerpt":{"rendered":"<p>Casinos \u00e0 faible d\u00e9p\u00f4t minimum Pour la plupart des jeux de casino en ligne, plus vous misez, plus vous avez de chances de gagner. Cela peut vous faire penser que des d\u00e9p\u00f4ts plus importants sont forc\u00e9ment meilleurs, mais ce n'est pas toujours le cas. Des d\u00e9p\u00f4ts moins importants peuvent : vous aider \u00e0 rep\u00e9rer un casino ou un jeu sp\u00e9cifique pour effectuer un d\u00e9p\u00f4t plus important plus tard, [...]<\/p>","protected":false},"author":1,"featured_media":0,"parent":0,"menu_order":0,"comment_status":"closed","ping_status":"closed","template":"","meta":{"_acf_changed":false,"footnotes":""},"class_list":["post-24466","page","type-page","status-publish","hentry"],"acf":[],"yoast_head":"<!-- This site is optimized with the Yoast SEO plugin v26.1.1 - https:\/\/yoast.com\/wordpress\/plugins\/seo\/ -->\n<title>Low Minimum Deposit Casinos<\/title>\n<meta name=\"robots\" content=\"index, follow, max-snippet:-1, max-image-preview:large, max-video-preview:-1\" \/>\n<link rel=\"canonical\" href=\"https:\/\/casinolion.ca\/fr\/low-minimum-deposit-casinos\/\" \/>\n<meta property=\"og:locale\" content=\"fr_CA\" \/>\n<meta property=\"og:type\" content=\"article\" \/>\n<meta property=\"og:title\" content=\"Low Minimum Deposit Casinos\" \/>\n<meta property=\"og:description\" content=\"Low Minimum Deposit Casinos On most online casino games, the more you bet \u2013 the more you stand to win. This might make you think that bigger deposits are certifiably better, but that&#8217;s not always the case. Lower level deposits can: Help you scope out a casino or specific game for a bigger deposit later, [&hellip;]\" \/>\n<meta property=\"og:url\" content=\"https:\/\/casinolion.ca\/fr\/low-minimum-deposit-casinos\/\" \/>\n<meta property=\"article:modified_time\" content=\"2025-02-28T06:17:53+00:00\" \/>\n<meta property=\"og:image\" content=\"https:\/\/casinolion.ca\/wp-content\/uploads\/2020\/04\/Megaways-V1.png\" \/>\n<meta name=\"twitter:card\" content=\"summary_large_image\" \/>\n<meta name=\"twitter:label1\" content=\"Estimation du temps de lecture\" \/>\n\t<meta name=\"twitter:data1\" content=\"8 minutes\" \/>\n<script type=\"application\/ld+json\" class=\"yoast-schema-graph\">{\"@context\":\"https:\/\/schema.org\",\"@graph\":[{\"@type\":\"WebPage\",\"@id\":\"https:\/\/casinolion.ca\/low-minimum-deposit-casinos\/\",\"url\":\"https:\/\/casinolion.ca\/low-minimum-deposit-casinos\/\",\"name\":\"Low Minimum Deposit Casinos\",\"isPartOf\":{\"@id\":\"https:\/\/casinolion.ca\/fr\/#website\"},\"primaryImageOfPage\":{\"@id\":\"https:\/\/casinolion.ca\/low-minimum-deposit-casinos\/#primaryimage\"},\"image\":{\"@id\":\"https:\/\/casinolion.ca\/low-minimum-deposit-casinos\/#primaryimage\"},\"thumbnailUrl\":\"https:\/\/casinolion.ca\/wp-content\/uploads\/2020\/04\/Megaways-V1.png\",\"datePublished\":\"2025-02-28T06:12:48+00:00\",\"dateModified\":\"2025-02-28T06:17:53+00:00\",\"breadcrumb\":{\"@id\":\"https:\/\/casinolion.ca\/low-minimum-deposit-casinos\/#breadcrumb\"},\"inLanguage\":\"fr-CA\",\"potentialAction\":[{\"@type\":\"ReadAction\",\"target\":[\"https:\/\/casinolion.ca\/low-minimum-deposit-casinos\/\"]}]},{\"@type\":\"ImageObject\",\"inLanguage\":\"fr-CA\",\"@id\":\"https:\/\/casinolion.ca\/low-minimum-deposit-casinos\/#primaryimage\",\"url\":\"https:\/\/casinolion.ca\/wp-content\/uploads\/2020\/04\/Megaways-V1.png\",\"contentUrl\":\"https:\/\/casinolion.ca\/wp-content\/uploads\/2020\/04\/Megaways-V1.png\"},{\"@type\":\"BreadcrumbList\",\"@id\":\"https:\/\/casinolion.ca\/low-minimum-deposit-casinos\/#breadcrumb\",\"itemListElement\":[{\"@type\":\"ListItem\",\"position\":1,\"name\":\"Home\",\"item\":\"https:\/\/casinolion.ca\/\"},{\"@type\":\"ListItem\",\"position\":2,\"name\":\"Low Minimum Deposit Casinos\"}]},{\"@type\":\"WebSite\",\"@id\":\"https:\/\/casinolion.ca\/fr\/#website\",\"url\":\"https:\/\/casinolion.ca\/fr\/\",\"name\":\"\",\"description\":\"\",\"potentialAction\":[{\"@type\":\"SearchAction\",\"target\":{\"@type\":\"EntryPoint\",\"urlTemplate\":\"https:\/\/casinolion.ca\/fr\/?s={search_term_string}\"},\"query-input\":{\"@type\":\"PropertyValueSpecification\",\"valueRequired\":true,\"valueName\":\"search_term_string\"}}],\"inLanguage\":\"fr-CA\"}]}<\/script>\n<!-- \/ Yoast SEO plugin. -->","yoast_head_json":{"title":"Casinos \u00e0 faible d\u00e9p\u00f4t minimum","robots":{"index":"index","follow":"follow","max-snippet":"max-snippet:-1","max-image-preview":"max-image-preview:large","max-video-preview":"max-video-preview:-1"},"canonical":"https:\/\/casinolion.ca\/fr\/low-minimum-deposit-casinos\/","og_locale":"fr_CA","og_type":"article","og_title":"Low Minimum Deposit Casinos","og_description":"Low Minimum Deposit Casinos On most online casino games, the more you bet \u2013 the more you stand to win. This might make you think that bigger deposits are certifiably better, but that&#8217;s not always the case. Lower level deposits can: Help you scope out a casino or specific game for a bigger deposit later, [&hellip;]","og_url":"https:\/\/casinolion.ca\/fr\/low-minimum-deposit-casinos\/","article_modified_time":"2025-02-28T06:17:53+00:00","og_image":[{"url":"https:\/\/casinolion.ca\/wp-content\/uploads\/2020\/04\/Megaways-V1.png","type":"","width":"","height":""}],"twitter_card":"summary_large_image","twitter_misc":{"Estimation du temps de lecture":"8 minutes"},"schema":{"@context":"https:\/\/schema.org","@graph":[{"@type":"WebPage","@id":"https:\/\/casinolion.ca\/low-minimum-deposit-casinos\/","url":"https:\/\/casinolion.ca\/low-minimum-deposit-casinos\/","name":"Casinos \u00e0 faible d\u00e9p\u00f4t minimum","isPartOf":{"@id":"https:\/\/casinolion.ca\/fr\/#website"},"primaryImageOfPage":{"@id":"https:\/\/casinolion.ca\/low-minimum-deposit-casinos\/#primaryimage"},"image":{"@id":"https:\/\/casinolion.ca\/low-minimum-deposit-casinos\/#primaryimage"},"thumbnailUrl":"https:\/\/casinolion.ca\/wp-content\/uploads\/2020\/04\/Megaways-V1.png","datePublished":"2025-02-28T06:12:48+00:00","dateModified":"2025-02-28T06:17:53+00:00","breadcrumb":{"@id":"https:\/\/casinolion.ca\/low-minimum-deposit-casinos\/#breadcrumb"},"inLanguage":"fr-CA","potentialAction":[{"@type":"ReadAction","target":["https:\/\/casinolion.ca\/low-minimum-deposit-casinos\/"]}]},{"@type":"ImageObject","inLanguage":"fr-CA","@id":"https:\/\/casinolion.ca\/low-minimum-deposit-casinos\/#primaryimage","url":"https:\/\/casinolion.ca\/wp-content\/uploads\/2020\/04\/Megaways-V1.png","contentUrl":"https:\/\/casinolion.ca\/wp-content\/uploads\/2020\/04\/Megaways-V1.png"},{"@type":"BreadcrumbList","@id":"https:\/\/casinolion.ca\/low-minimum-deposit-casinos\/#breadcrumb","itemListElement":[{"@type":"ListItem","position":1,"name":"Home","item":"https:\/\/casinolion.ca\/"},{"@type":"ListItem","position":2,"name":"Low Minimum Deposit Casinos"}]},{"@type":"WebSite","@id":"https:\/\/casinolion.ca\/fr\/#website","url":"https:\/\/casinolion.ca\/fr\/","name":"","description":"","potentialAction":[{"@type":"SearchAction","target":{"@type":"EntryPoint","urlTemplate":"https:\/\/casinolion.ca\/fr\/?s={search_term_string}"},"query-input":{"@type":"PropertyValueSpecification","valueRequired":true,"valueName":"search_term_string"}}],"inLanguage":"fr-CA"}]}},"_links":{"self":[{"href":"https:\/\/casinolion.ca\/fr\/wp-json\/wp\/v2\/pages\/24466","targetHints":{"allow":["GET"]}}],"collection":[{"href":"https:\/\/casinolion.ca\/fr\/wp-json\/wp\/v2\/pages"}],"about":[{"href":"https:\/\/casinolion.ca\/fr\/wp-json\/wp\/v2\/types\/page"}],"author":[{"embeddable":true,"href":"https:\/\/casinolion.ca\/fr\/wp-json\/wp\/v2\/users\/1"}],"replies":[{"embeddable":true,"href":"https:\/\/casinolion.ca\/fr\/wp-json\/wp\/v2\/comments?post=24466"}],"version-history":[{"count":0,"href":"https:\/\/casinolion.ca\/fr\/wp-json\/wp\/v2\/pages\/24466\/revisions"}],"wp:attachment":[{"href":"https:\/\/casinolion.ca\/fr\/wp-json\/wp\/v2\/media?parent=24466"}],"curies":[{"name":"wp","href":"https:\/\/api.w.org\/{rel}","templated":true}]}}