
{"id":24473,"date":"2025-03-03T08:43:54","date_gmt":"2025-03-03T08:43:54","guid":{"rendered":"https:\/\/casinolion.ca\/?page_id=24473"},"modified":"2025-03-03T08:52:08","modified_gmt":"2025-03-03T08:52:08","slug":"progressplay","status":"publish","type":"page","link":"https:\/\/casinolion.ca\/fr\/progressplay\/","title":{"rendered":"ProgressPlay"},"content":{"rendered":"<div class=\"app-header\">\n<h1 id=\"\">Casinos ProgressPlay - Liste compl\u00e8te<\/h1>\n<\/div>\n<div class=\"expandable-read-more\" data-readmore-expandable=\"\">\n<div>\n<div id=\"\" class=\"app-wysiwyg\" data-readmore-content=\"\">\n<p>Progress Play est un fournisseur de plateforme de casino bas\u00e9 \u00e0 Londres qui op\u00e8re depuis 2012.<\/p>\n<p>Leurs casinos proposent des tonnes de jeux provenant d'une grande vari\u00e9t\u00e9 de d\u00e9veloppeurs populaires. Cela inclut :<\/p>\n<ul>\n<li>Les fournisseurs de casinos en direct Evolution Gaming et NetEnt, leaders du march\u00e9<\/li>\n<li>Des machines \u00e0 sous tr\u00e8s populaires de NetEnt, Microgaming, NextGen, Thunderkick et plus encore.<\/li>\n<li>Jeux de table RNG (vid\u00e9o poker, roulette, craps, blackjack, etc.)<\/li>\n<\/ul>\n<p>Les casinos aliment\u00e9s par Progress Play disposent tous de syst\u00e8mes bancaires de premier ordre, la majorit\u00e9 de leurs sites offrant des retraits ultra-rapides avec PayPal. Si ce n'est pas le cas, d'autres portefeuilles \u00e9lectroniques tels que Neteller ou Skrill seront certainement disponibles. M\u00eame les transferts bancaires sont disponibles sur la majorit\u00e9 des sites Progress Play si vous en avez besoin - m\u00eame s'ils sont tr\u00e8s lents \u00e0 effectuer.<\/p>\n<p>Les sites Progress Play offrent \u00e9galement des bonus de bienvenue fantastiques, la plupart du temps assortis de conditions raisonnables. En plus de cela, vous recevrez des r\u00e9compenses hebdomadaires, des tournois et des offres de cashback. Qu'est-ce qu'il y a de mieux ?<\/p>\n<p>Du point de vue l\u00e9gal, Progress Play poss\u00e8de des licences aupr\u00e8s de la UK Gambling Commission et de la Maltese Gaming Authority. Cela signifie que vous pouvez \u00eatre s\u00fbr que toutes leurs op\u00e9rations sont certifi\u00e9es \u00e9quitables et transparentes.<\/p>\n<p>Une autre caract\u00e9ristique utile que les casinos Progress Play offrent tous est une assistance par chat en direct pendant 16 heures par jour. 24 heures serait peut-\u00eatre mieux, mais pour la plupart des gens, 16 heures devraient suffire - et certainement mieux que les 0 heures offertes par certains casinos.<\/p>\n<\/div>\n<\/div>\n<\/div>\n<div class=\"app-header\">\n<h2 id=\"casinos\" class=\"_mPS2id-t mPS2id-target mPS2id-target-first mPS2id-target-last\">\ud83e\udd47 Liste des casinos ProgressPlay l\u00e9gitimes<\/h2>\n<\/div>\n<div class=\"expandable-read-more\" data-readmore-expandable=\"\">\n<div class=\"app-wysiwyg\" data-readmore-content=\"\">\n<p>Avec des fournisseurs en marque blanche comme ProgressPlay, l'exp\u00e9rience de jeu est g\u00e9n\u00e9ralement tr\u00e8s similaire, quelle que soit la marque choisie. Il s'agit davantage de proposer des bonus que de trouver le meilleur casino PP.<\/p>\n<ul class=\"casino-list\">\n<li>HappyLuke Casino<\/li>\n<li>12Play Casino<\/li>\n<li>BK8 Casino<\/li>\n<li>Casino K8.io<\/li>\n<li>Leon Bet Casino<\/li>\n<li>Casino BitStarz<\/li>\n<li>Casino Winz.io<\/li>\n<li>Tsars Casino<\/li>\n<li>Winnerz Casino<\/li>\n<li>Wallacebet Casino<\/li>\n<li>Betreels Casino<\/li>\n<li>Betrino Casino<\/li>\n<li>Royal House Casino<\/li>\n<li>HotWins Casino<\/li>\n<li>CasinoKings<\/li>\n<li>Spinzwin Casino<\/li>\n<li>MaxiPlay Casino<\/li>\n<li>Q88Bets Casino<\/li>\n<li>Sin Spins Casino<\/li>\n<li>TheOnlineCasino<\/li>\n<li>PriveWin Casino<\/li>\n<li>21LuckyBet Casino<\/li>\n<li>BetStorm Casino<\/li>\n<li>JeffBet Casino<\/li>\n<li>Monster Casino<\/li>\n<li>Fruity King Casino<\/li>\n<li>M. SuperPlay Casino<\/li>\n<li>Casino Hippozino<\/li>\n<li>PotsOfLuck Casino<\/li>\n<li>MrJackVegas Casino<\/li>\n<li>Casino Jackpot Paradise<\/li>\n<li>Mango Casino<\/li>\n<li>Casino mobile Vegas<\/li>\n<li>Mobile Wins Casino<\/li>\n<li>Mr Mobi Casino<\/li>\n<li>Mr Slot Casino<\/li>\n<li>Dazzle Casino<\/li>\n<li>Conquer Casino<\/li>\n<li>Casino Dukes<\/li>\n<li>Power Slots Casino<\/li>\n<li>Casino Dream Palace<\/li>\n<li>Royal Swipe Casino<\/li>\n<li>Pocket Casino.EU<\/li>\n<li>Slotsite.com Casino<\/li>\n<li>BBCasino<\/li>\n<li>Slotavia Casino<\/li>\n<li>WildSpinner Casino<\/li>\n<li>SwishBet Casino<\/li>\n<li>Rockstar Reels Casino<\/li>\n<li>Casino Gamblio<\/li>\n<li>Pokies Casino<\/li>\n<li>Silver Fox Casino<\/li>\n<li>Bright Star Casino<\/li>\n<li>Pots of Luck Casino<\/li>\n<li>AceLucky Casino<\/li>\n<li>Casino Big Apple<\/li>\n<li>Casino de poche<\/li>\n<li>LuckyPokerBet Casino<\/li>\n<li>Casino Schmitts<\/li>\n<li>Sparkle Slots Casino<\/li>\n<li>PlayCasinoGames<\/li>\n<li>Aston Casino<\/li>\n<li>Scorching Slots Casino<\/li>\n<li>Casino British<\/li>\n<li>Machines \u00e0 sousMiller Casino<\/li>\n<li>Sticky Slots Casino<\/li>\n<li>KingdomAce Casino<\/li>\n<li>Mr Rex Casino<\/li>\n<li>BlueFox Casino<\/li>\n<li>Millionaire Casino<\/li>\n<li>Glimmer Casino<\/li>\n<li>21Jackpots Casino<\/li>\n<li>Raw Casino<\/li>\n<li>LuckyWinSlots Casino<\/li>\n<li>Quartz Casino<\/li>\n<li>Casino Moolah<\/li>\n<\/ul>\n<div class=\"app-header\">\n<h2 id=\"\">ProgressPlay par rapport aux autres fournisseurs de marques blanches<\/h2>\n<\/div>\n<div class=\"expandable-read-more\" data-readmore-expandable=\"\">\n<div>\n<div id=\"\" class=\"app-wysiwyg\" data-readmore-content=\"\">\n<p>Nous disposons de quelques indicateurs cl\u00e9s que nous utilisons pour juger de la qualit\u00e9 ou de la m\u00e9diocrit\u00e9 des marques blanches. Voyons comment les casinos ProgressPlay se situent par rapport aux autres.<\/p>\n<\/div>\n<\/div>\n<\/div>\n<div>\n<div id=\"\"><\/div>\n<div class=\"grid\">\n<div class=\"grid__col grid__col-sm-6\">\n<div class=\"paragraph-box app-wysiwyg\">\n<h3 class=\"no-border\">Fournisseur de jeux Vari\u00e9t\u00e9<\/h3>\n<p><img decoding=\"async\" class=\"alignleft wp-image-5487\" src=\"https:\/\/casinolion.ca\/wp-content\/uploads\/2020\/02\/sideGames-V1-300x300.png\" sizes=\"(max-width: 100px) 100vw, 100px\" srcset=\"https:\/\/casinolion.ca\/wp-content\/uploads\/2020\/02\/sideGames-V1-300x300.png 300w, https:\/\/casinolion.ca\/wp-content\/uploads\/2020\/02\/sideGames-V1-150x150.png 150w, https:\/\/casinolion.ca\/wp-content\/uploads\/2020\/02\/sideGames-V1-280x280.png 280w, https:\/\/casinolion.ca\/wp-content\/uploads\/2020\/02\/sideGames-V1.png 512w\" alt=\"\" width=\"100\" height=\"100\" \/><\/p>\n<p>Ils ont des int\u00e9grations avec tous les fournisseurs de niveau 1, vous trouverez donc des fournisseurs comme Big Time Gaming, IGT, WMS, Red Tiger, Thunderkick, et d'autres encore.<\/p>\n<p>Ils n'ont cependant pas Novomatic (Greentube).<\/p>\n<p>Pour les casinos en direct, il y a Evolution Gaming et Netent Live. Cela peut varier en fonction de la marque que vous choisissez.<\/p>\n<\/div>\n<\/div>\n<div class=\"grid__col grid__col-sm-6\">\n<div class=\"paragraph-box app-wysiwyg\">\n<h3 class=\"no-border\">Vari\u00e9t\u00e9 des modes de paiement<\/h3>\n<p><img decoding=\"async\" class=\"alignleft wp-image-4845\" src=\"https:\/\/casinolion.ca\/wp-content\/uploads\/2020\/01\/LocalBanking-V1-1-300x300.png\" sizes=\"(max-width: 100px) 100vw, 100px\" srcset=\"https:\/\/casinolion.ca\/wp-content\/uploads\/2020\/01\/LocalBanking-V1-1-300x300.png 300w, https:\/\/casinolion.ca\/wp-content\/uploads\/2020\/01\/LocalBanking-V1-1-150x150.png 150w, https:\/\/casinolion.ca\/wp-content\/uploads\/2020\/01\/LocalBanking-V1-1-280x280.png 280w, https:\/\/casinolion.ca\/wp-content\/uploads\/2020\/01\/LocalBanking-V1-1.png 512w\" alt=\"\" width=\"100\" height=\"100\" \/><\/p>\n<p>Les casinos ProgressPlay visent principalement le Royaume-Uni, l'Allemagne et la Su\u00e8de - leurs options de paiement sont donc \u00e9galement adapt\u00e9es \u00e0 ces march\u00e9s.<\/p>\n<p>PayPal et Pay By Phone Bill sont disponibles au Royaume-Uni, Sofort en Allemagne et Trustly en Su\u00e8de.<\/p>\n<p>Certains casinos semblent imposer des limites de retrait ridiculement basses et ne vous laissent retirer que $4k par mois.<\/p>\n<p>&nbsp;<\/p>\n<p>&nbsp;<\/p>\n<\/div>\n<\/div>\n<div class=\"grid__col grid__col-sm-6\">\n<div class=\"paragraph-box app-wysiwyg\">\n<h3 class=\"no-border\">Offres de bonus de bienvenue<\/h3>\n<p><img decoding=\"async\" class=\"alignleft wp-image-4856\" src=\"https:\/\/casinolion.ca\/wp-content\/uploads\/2020\/01\/BonusesPromotions-V1-1-300x300.png\" sizes=\"(max-width: 100px) 100vw, 100px\" srcset=\"https:\/\/casinolion.ca\/wp-content\/uploads\/2020\/01\/BonusesPromotions-V1-1-300x300.png 300w, https:\/\/casinolion.ca\/wp-content\/uploads\/2020\/01\/BonusesPromotions-V1-1-150x150.png 150w, https:\/\/casinolion.ca\/wp-content\/uploads\/2020\/01\/BonusesPromotions-V1-1-280x280.png 280w, https:\/\/casinolion.ca\/wp-content\/uploads\/2020\/01\/BonusesPromotions-V1-1.png 512w\" alt=\"\" width=\"100\" height=\"100\" \/><\/p>\n<p>Les casinos sur la plateforme ProgressPlay sont loin d'\u00eatre un r\u00eave pour ceux qui ont l'habitude de jouer \u00e0 des jeux de hasard.\u00a0<a href=\"https:\/\/casinolion.ca\/fr\/bonuses\/\">recherche d'une chasse \u00e0 la prime<\/a>.<\/p>\n<p>Les exigences de mise sont souvent astronomiques (70x) et il est courant d'avoir un gain maximum en utilisant les fonds du bonus d'environ 10x le montant du bonus.<\/p>\n<p>Nous vous recommandons d'\u00e9viter les offres avec d\u00e9p\u00f4t ou sans d\u00e9p\u00f4t dans les casinos PP.<\/p>\n<\/div>\n<\/div>\n<div class=\"grid__col grid__col-sm-6\">\n<div class=\"paragraph-box app-wysiwyg\">\n<h3 class=\"no-border\">Qualit\u00e9 du soutien \u00e0 la client\u00e8le<\/h3>\n<p><img decoding=\"async\" class=\"alignleft wp-image-4853\" src=\"https:\/\/casinolion.ca\/wp-content\/uploads\/2020\/01\/CustomerSupport-V1-2-300x300.png\" sizes=\"(max-width: 101px) 100vw, 101px\" srcset=\"https:\/\/casinolion.ca\/wp-content\/uploads\/2020\/01\/CustomerSupport-V1-2-300x300.png 300w, https:\/\/casinolion.ca\/wp-content\/uploads\/2020\/01\/CustomerSupport-V1-2-150x150.png 150w, https:\/\/casinolion.ca\/wp-content\/uploads\/2020\/01\/CustomerSupport-V1-2-280x280.png 280w, https:\/\/casinolion.ca\/wp-content\/uploads\/2020\/01\/CustomerSupport-V1-2.png 512w\" alt=\"\" width=\"101\" height=\"101\" \/><\/p>\n<p>Parmi tous les tests de support client que nous avons effectu\u00e9s, ProgressPlay est l'un des pires. Il semble qu'ils externalisent leur support client et les agents ne sont pas n\u00e9cessairement des connaisseurs des casinos. Attendez-vous donc \u00e0 ce que les choses prennent du temps.<\/p>\n<p>Du point de vue de la vitesse et de la disponibilit\u00e9, ils sont tous bons.<\/p>\n<\/div>\n<\/div>\n<\/div>\n<\/div>\n<div class=\"elements-separator\"><\/div>\n<div class=\"app-header\">\n<h2 id=\"\">M\u00e9thodes de paiement chez ProgressPlay<\/h2>\n<\/div>\n<div>\n<div id=\"\" class=\"app-wysiwyg\">\n<p>En r\u00e8gle g\u00e9n\u00e9rale, les sites Progress Play offrent des retraits rapides (24 heures ou moins) par portefeuille \u00e9lectronique, mais sont plus lents du c\u00f4t\u00e9 des cartes - entre 3 et 10 jours dans la plupart des cas.<\/p>\n<p>Les portefeuilles \u00e9lectroniques propos\u00e9s sont Skrill, Neteller, EcoPayz et - oui - PayPal. Seul un tiers environ des sites de PP proposent PayPal, m\u00eame si le pied de page du site vous indique qu'ils le font tous.<\/p>\n<p>Une chose \u00e0 laquelle il faut faire attention est que de nombreux bonus de casino PP ne sont pas valables pour les clients qui d\u00e9posent en utilisant Skrill.<\/p>\n<p>Enfin, certains casinos Progress Play ont des d\u00e9lais d'attente tr\u00e8s longs pour les retraits - souvent jusqu'\u00e0 72 heures. Nous avons signal\u00e9 ces cas lorsque nous les voyons, ainsi que les sites qui sont beaucoup plus rapides que cela.<\/p>\n<\/div>\n<\/div>\n<h2 class=\"elements-separator\">Fournisseurs de jeux propos\u00e9s<\/h2>\n<div>\n<div id=\"suppliers\" class=\"app-wysiwyg _mPS2id-t\">\n<p>En r\u00e8gle g\u00e9n\u00e9rale, les casinos Progress Play proposent environ 400 titres de machines \u00e0 sous provenant des d\u00e9veloppeurs les plus connus au monde. Il s'agit notamment de NetEnt, Red Tiger, Microgaming, NextGen et Thunderkick.<\/p>\n<p>Ensemble, ils couvrent les titres \u00e0 jackpot (tels que Divine Fortune ou Mega Moolah), les anciennes machines \u00e0 fruits \u00e0 trois rouleaux, ainsi que les jeux modernes \u00e0 lignes de paiement multiples et \u00e0 tours de bonus en 3D.<\/p>\n<p>En ce qui concerne le casino en direct, la plupart des casinos Progress Play proposent des jeux de blackjack, de roulette et de baccarat d'Evolution Gaming et de NetEnt Live. Certains, comme 25%, proposent des jeux de casino en direct suppl\u00e9mentaires d'Evolution, y compris leurs nouveaux jeux \u00e0 grand spectacle tels que Lightning Roulette et Dream Catcher.<\/p>\n<p>Enfin, les casinos Progress Play proposent des jeux de table RNG de Felt Gaming, 1\u00d72 Gaming et bien d'autres encore, mais ils n'offrent pas beaucoup de titres de vid\u00e9o poker.<\/p>\n<\/div>\n<\/div>\n<h2 class=\"elements-separator\">Bonus sans d\u00e9p\u00f4t<\/h2>\n<div class=\"expandable-read-more\" data-readmore-expandable=\"\">\n<div>\n<div id=\"nodeposit\" class=\"app-wysiwyg\" data-readmore-content=\"\">\n<p>Aucun des casinos Progress Play ne propose de\u00a0<a href=\"https:\/\/casinolion.ca\/fr\/no-deposit-bonus\/\">bonus sans d\u00e9p\u00f4t<\/a>. Ces derniers sont devenus plus rares sur le march\u00e9 moderne des casinos en ligne, et nous vous informerons toujours lorsque nous les trouverons, car ils peuvent offrir une valeur fantastique aux joueurs.<\/p>\n<p>Ce n'est pas le cas du casino aliment\u00e9 par Progress Play, mais cette nouvelle \u00e9tait loin d'\u00eatre inattendue.<\/p>\n<\/div>\n<\/div>\n<\/div>\n<div class=\"elements-separator\"><\/div>\n<div class=\"app-header\">\n<h2 id=\"\">Casinos ProgressPlay sur plateformes mobiles<\/h2>\n<\/div>\n<div class=\"expandable-read-more\" data-readmore-expandable=\"\">\n<div>\n<div id=\"\" class=\"app-wysiwyg\" data-readmore-content=\"\">\n<p>Comme\u00a0<a href=\"https:\/\/casinolion.ca\/fr\/nektan-casinos\/\">Nektan<\/a>\u00a0Comme beaucoup d'autres fournisseurs de plateformes de casino, Progress Play a con\u00e7u sa plateforme d\u00e8s le d\u00e9part pour qu'elle soit hautement compatible avec les appareils mobiles.<\/p>\n<p>De grandes ic\u00f4nes et un menu clair font de la navigation dans presque tous les casinos aliment\u00e9s par Progress Play un v\u00e9ritable jeu d'enfant, que vous soyez sur un petit \u00e9cran de smartphone ou sur une grande tablette.<\/p>\n<p>C'est l'un des points forts des casinos PP. Ils fonctionnent sans probl\u00e8me, m\u00eame sur des appareils bas de gamme, et tout est con\u00e7u de la mani\u00e8re la plus conviviale possible pour les mobiles, afin de vous aider \u00e0 jouer aux jeux qui vous int\u00e9ressent, m\u00eame lorsque vous \u00eates en d\u00e9placement.<\/p>\n<\/div>\n<\/div>\n<\/div>\n<div class=\"elements-separator\"><\/div>\n<div class=\"app-header\">\n<h2 id=\"\">\u00c0 propos de Progress Play<\/h2>\n<\/div>\n<div class=\"expandable-read-more\" data-readmore-expandable=\"\">\n<div>\n<div id=\"\" class=\"app-wysiwyg\" data-readmore-content=\"\">\n<p>Fond\u00e9 en 2012 \u00e0 Londres, au Royaume-Uni, Progress Play est aujourd'hui l'un des plus grands fournisseurs de plateformes de casino en Europe.<\/p>\n<p>Ils sont autoris\u00e9s \u00e0 fournir des produits de casino \u00e0 la fois par l'Union europ\u00e9enne et par l'Union europ\u00e9enne.\u00a0<a href=\"https:\/\/www.gamblingcommission.gov.uk\/home.aspx\" target=\"_blank\" rel=\"noopener\">Commission des jeux de hasard du Royaume-Uni<\/a>\u00a0et le\u00a0<a href=\"https:\/\/www.mga.org.mt\/\" target=\"_blank\" rel=\"noopener\">Autorit\u00e9 maltaise des jeux de hasard<\/a>, qui sont les deux bailleurs de licence les plus respect\u00e9s du continent europ\u00e9en.<\/p>\n<p>G\u00e9r\u00e9 par le PDG Itai Lowenstein, Progress Play jouit d'une excellente r\u00e9putation qui ne cesse de se renforcer. Bien s\u00fbr, leur plateforme a ses d\u00e9fauts, mais en tant qu'op\u00e9rateur reconnu sur le march\u00e9 europ\u00e9en, vous pouvez \u00eatre s\u00fbr que vous jouez sur un site l\u00e9gitime et s\u00e9curis\u00e9.<\/p>\n<p>Avec des tiers tels qu'Evolution Gaming et PayPal, vous avez la garantie de l'excellence dans de nombreux domaines lors de votre visite dans un casino Progress Play.<\/p>\n<p>Alors pourquoi ne pas jeter un coup d'\u0153il \u00e0 nos quatre meilleurs casinos propuls\u00e9s par PP pour voir ce que ce fournisseur a de mieux \u00e0 offrir ?<\/p>\n<\/div>\n<\/div>\n<\/div>\n<div class=\"faq-section\">\n<div class=\"app-header\">\n<h1 id=\"faq\">FAQ<\/h1>\n<\/div>\n<div class=\"app-wysiwyg\">\n<div id=\"ewd-ufaq-faq-list\" class=\"ewd-ufaq-faq-list ewd-ufaq-page-type-load_more\">\n<div class=\"ewd-ufaq-faqs\">\n<div id=\"ewd-ufaq-post-7851-ERA0B2C8bI\" class=\"ewd-ufaq-faq-div ewd-ufaq-faq-column-count-one ewd-ufaq-faq-responsive-columns- ewd-ufaq-faq-display-style-one ewd-ufaq-can-be-toggled\" data-post_id=\"7851\">\n<div class=\"ewd-ufaq-faq-title ewd-ufaq-faq-toggle\">\n<h3 class=\"ewd-ufaq-post-margin-symbol ewd-ufaq-square\">Comment les casinos ProgressPlay se situent-ils par rapport aux plateformes de niveau 1 de l'industrie ?<\/h3>\n<\/div>\n<div class=\"ewd-ufaq-faq-body\">\n<div class=\"ewd-ufaq-post-margin ewd-ufaq-faq-post\">\n<p>Les casinos ProgressPlay sont principalement connus pour leur approche de conception \u00e0 l'emporte-pi\u00e8ce, bien qu'ils ne soient pas aussi mauvais que les autres casinos.\u00a0<a href=\"https:\/\/www.lioncasinos.com\/nektan-casinos\/\">Nektan<\/a>\u00a0ou Aspire Global, mais tout de m\u00eame.<\/p>\n<p>PP n'est certainement pas un fournisseur de marque blanche de premier plan. Ils ont cependant quelques atouts \u00e0 faire valoir, tels que<\/p>\n<ul>\n<li>D\u00e9p\u00f4ts PayPal accept\u00e9s (Royaume-Uni uniquement)<\/li>\n<li>Int\u00e9grations avec la plupart des fournisseurs de slots de niveau 1 (comme BTG, Red Tiger, Netent, etc.)<\/li>\n<li>Licence UKGC, MGA et Swedish Spelinspektion - vos fonds sont en s\u00e9curit\u00e9.<\/li>\n<\/ul>\n<p>Cependant, ce qu'ils n'ont pas, c'est une quelconque innovation en ce qui concerne l'exp\u00e9rience du joueur. Si vous voulez simplement jouer et \u00eatre pay\u00e9 en quelques jours, c'est une option, sinon une plateforme comme\u00a0<a href=\"https:\/\/casinolion.ca\/fr\/white-hat-gaming-limited-casinos\/\">White Hat Gaming<\/a>\u00a0a des kilom\u00e8tres d'avance.<\/p>\n<\/div>\n<\/div>\n<\/div>\n<\/div>\n<\/div>\n<\/div>\n<\/div>\n<\/div>\n<\/div>","protected":false},"excerpt":{"rendered":"<p>ProgressPlay Casinos &#8211; Complete List Progress Play is a London-based casino platform provider that has been operating since 2012. Their casinos feature tonnes of games from a wide variety of popular developers. This includes: Market-leading live casino suppliers Evolution Gaming and NetEnt Widely popular slots from NetEnt, Microgaming, NextGen, Thunderkick and more RNG table games [&hellip;]<\/p>","protected":false},"author":1,"featured_media":0,"parent":0,"menu_order":0,"comment_status":"closed","ping_status":"closed","template":"software-review.php","meta":{"_acf_changed":false,"footnotes":""},"class_list":["post-24473","page","type-page","status-publish","hentry"],"acf":[],"yoast_head":"<!-- This site is optimized with the Yoast SEO plugin v26.1.1 - https:\/\/yoast.com\/wordpress\/plugins\/seo\/ -->\n<title>ProgressPlay<\/title>\n<meta name=\"robots\" content=\"index, follow, max-snippet:-1, max-image-preview:large, max-video-preview:-1\" \/>\n<link rel=\"canonical\" href=\"https:\/\/casinolion.ca\/fr\/progressplay\/\" \/>\n<meta property=\"og:locale\" content=\"fr_CA\" \/>\n<meta property=\"og:type\" content=\"article\" \/>\n<meta property=\"og:title\" content=\"ProgressPlay\" \/>\n<meta property=\"og:description\" content=\"ProgressPlay Casinos &#8211; Complete List Progress Play is a London-based casino platform provider that has been operating since 2012. Their casinos feature tonnes of games from a wide variety of popular developers. This includes: Market-leading live casino suppliers Evolution Gaming and NetEnt Widely popular slots from NetEnt, Microgaming, NextGen, Thunderkick and more RNG table games [&hellip;]\" \/>\n<meta property=\"og:url\" content=\"https:\/\/casinolion.ca\/fr\/progressplay\/\" \/>\n<meta property=\"article:modified_time\" content=\"2025-03-03T08:52:08+00:00\" \/>\n<meta property=\"og:image\" content=\"https:\/\/casinolion.ca\/wp-content\/uploads\/2020\/02\/sideGames-V1-300x300.png\" \/>\n<meta name=\"twitter:card\" content=\"summary_large_image\" \/>\n<meta name=\"twitter:label1\" content=\"Estimation du temps de lecture\" \/>\n\t<meta name=\"twitter:data1\" content=\"8 minutes\" \/>\n<script type=\"application\/ld+json\" class=\"yoast-schema-graph\">{\"@context\":\"https:\/\/schema.org\",\"@graph\":[{\"@type\":\"WebPage\",\"@id\":\"https:\/\/casinolion.ca\/progressplay\/\",\"url\":\"https:\/\/casinolion.ca\/progressplay\/\",\"name\":\"ProgressPlay\",\"isPartOf\":{\"@id\":\"https:\/\/casinolion.ca\/fr\/#website\"},\"primaryImageOfPage\":{\"@id\":\"https:\/\/casinolion.ca\/progressplay\/#primaryimage\"},\"image\":{\"@id\":\"https:\/\/casinolion.ca\/progressplay\/#primaryimage\"},\"thumbnailUrl\":\"https:\/\/casinolion.ca\/wp-content\/uploads\/2020\/02\/sideGames-V1-300x300.png\",\"datePublished\":\"2025-03-03T08:43:54+00:00\",\"dateModified\":\"2025-03-03T08:52:08+00:00\",\"breadcrumb\":{\"@id\":\"https:\/\/casinolion.ca\/progressplay\/#breadcrumb\"},\"inLanguage\":\"fr-CA\",\"potentialAction\":[{\"@type\":\"ReadAction\",\"target\":[\"https:\/\/casinolion.ca\/progressplay\/\"]}]},{\"@type\":\"ImageObject\",\"inLanguage\":\"fr-CA\",\"@id\":\"https:\/\/casinolion.ca\/progressplay\/#primaryimage\",\"url\":\"https:\/\/casinolion.ca\/wp-content\/uploads\/2020\/02\/sideGames-V1-300x300.png\",\"contentUrl\":\"https:\/\/casinolion.ca\/wp-content\/uploads\/2020\/02\/sideGames-V1-300x300.png\"},{\"@type\":\"BreadcrumbList\",\"@id\":\"https:\/\/casinolion.ca\/progressplay\/#breadcrumb\",\"itemListElement\":[{\"@type\":\"ListItem\",\"position\":1,\"name\":\"Home\",\"item\":\"https:\/\/casinolion.ca\/\"},{\"@type\":\"ListItem\",\"position\":2,\"name\":\"ProgressPlay\"}]},{\"@type\":\"WebSite\",\"@id\":\"https:\/\/casinolion.ca\/fr\/#website\",\"url\":\"https:\/\/casinolion.ca\/fr\/\",\"name\":\"\",\"description\":\"\",\"potentialAction\":[{\"@type\":\"SearchAction\",\"target\":{\"@type\":\"EntryPoint\",\"urlTemplate\":\"https:\/\/casinolion.ca\/fr\/?s={search_term_string}\"},\"query-input\":{\"@type\":\"PropertyValueSpecification\",\"valueRequired\":true,\"valueName\":\"search_term_string\"}}],\"inLanguage\":\"fr-CA\"}]}<\/script>\n<!-- \/ Yoast SEO plugin. -->","yoast_head_json":{"title":"ProgressPlay","robots":{"index":"index","follow":"follow","max-snippet":"max-snippet:-1","max-image-preview":"max-image-preview:large","max-video-preview":"max-video-preview:-1"},"canonical":"https:\/\/casinolion.ca\/fr\/progressplay\/","og_locale":"fr_CA","og_type":"article","og_title":"ProgressPlay","og_description":"ProgressPlay Casinos &#8211; Complete List Progress Play is a London-based casino platform provider that has been operating since 2012. Their casinos feature tonnes of games from a wide variety of popular developers. This includes: Market-leading live casino suppliers Evolution Gaming and NetEnt Widely popular slots from NetEnt, Microgaming, NextGen, Thunderkick and more RNG table games [&hellip;]","og_url":"https:\/\/casinolion.ca\/fr\/progressplay\/","article_modified_time":"2025-03-03T08:52:08+00:00","og_image":[{"url":"https:\/\/casinolion.ca\/wp-content\/uploads\/2020\/02\/sideGames-V1-300x300.png","type":"","width":"","height":""}],"twitter_card":"summary_large_image","twitter_misc":{"Estimation du temps de lecture":"8 minutes"},"schema":{"@context":"https:\/\/schema.org","@graph":[{"@type":"WebPage","@id":"https:\/\/casinolion.ca\/progressplay\/","url":"https:\/\/casinolion.ca\/progressplay\/","name":"ProgressPlay","isPartOf":{"@id":"https:\/\/casinolion.ca\/fr\/#website"},"primaryImageOfPage":{"@id":"https:\/\/casinolion.ca\/progressplay\/#primaryimage"},"image":{"@id":"https:\/\/casinolion.ca\/progressplay\/#primaryimage"},"thumbnailUrl":"https:\/\/casinolion.ca\/wp-content\/uploads\/2020\/02\/sideGames-V1-300x300.png","datePublished":"2025-03-03T08:43:54+00:00","dateModified":"2025-03-03T08:52:08+00:00","breadcrumb":{"@id":"https:\/\/casinolion.ca\/progressplay\/#breadcrumb"},"inLanguage":"fr-CA","potentialAction":[{"@type":"ReadAction","target":["https:\/\/casinolion.ca\/progressplay\/"]}]},{"@type":"ImageObject","inLanguage":"fr-CA","@id":"https:\/\/casinolion.ca\/progressplay\/#primaryimage","url":"https:\/\/casinolion.ca\/wp-content\/uploads\/2020\/02\/sideGames-V1-300x300.png","contentUrl":"https:\/\/casinolion.ca\/wp-content\/uploads\/2020\/02\/sideGames-V1-300x300.png"},{"@type":"BreadcrumbList","@id":"https:\/\/casinolion.ca\/progressplay\/#breadcrumb","itemListElement":[{"@type":"ListItem","position":1,"name":"Home","item":"https:\/\/casinolion.ca\/"},{"@type":"ListItem","position":2,"name":"ProgressPlay"}]},{"@type":"WebSite","@id":"https:\/\/casinolion.ca\/fr\/#website","url":"https:\/\/casinolion.ca\/fr\/","name":"","description":"","potentialAction":[{"@type":"SearchAction","target":{"@type":"EntryPoint","urlTemplate":"https:\/\/casinolion.ca\/fr\/?s={search_term_string}"},"query-input":{"@type":"PropertyValueSpecification","valueRequired":true,"valueName":"search_term_string"}}],"inLanguage":"fr-CA"}]}},"_links":{"self":[{"href":"https:\/\/casinolion.ca\/fr\/wp-json\/wp\/v2\/pages\/24473","targetHints":{"allow":["GET"]}}],"collection":[{"href":"https:\/\/casinolion.ca\/fr\/wp-json\/wp\/v2\/pages"}],"about":[{"href":"https:\/\/casinolion.ca\/fr\/wp-json\/wp\/v2\/types\/page"}],"author":[{"embeddable":true,"href":"https:\/\/casinolion.ca\/fr\/wp-json\/wp\/v2\/users\/1"}],"replies":[{"embeddable":true,"href":"https:\/\/casinolion.ca\/fr\/wp-json\/wp\/v2\/comments?post=24473"}],"version-history":[{"count":0,"href":"https:\/\/casinolion.ca\/fr\/wp-json\/wp\/v2\/pages\/24473\/revisions"}],"wp:attachment":[{"href":"https:\/\/casinolion.ca\/fr\/wp-json\/wp\/v2\/media?parent=24473"}],"curies":[{"name":"wp","href":"https:\/\/api.w.org\/{rel}","templated":true}]}}