
{"id":24483,"date":"2025-03-04T10:31:16","date_gmt":"2025-03-04T10:31:16","guid":{"rendered":"https:\/\/casinolion.ca\/?page_id=24483"},"modified":"2025-03-04T10:35:03","modified_gmt":"2025-03-04T10:35:03","slug":"bruce-lee","status":"publish","type":"page","link":"https:\/\/casinolion.ca\/fr\/online-slots\/bruce-lee\/","title":{"rendered":"Bruce Lee"},"content":{"rendered":"<div id=\"PlayFreeGame\" class=\"game_box\" style=\"padding-bottom: 75%; margin-bottom: 30px; background-size:cover; background-repeat:no-repeat;background-color:  #d24d57; background-image: url('https:\/\/a1.lcb.org\/system\/modules\/game\/images\/attachments\/000\/026\/105\/original\/Bruce_1.jpg?1475054579');\">\n                        <i class=\"fas fa-play-circle\"><\/i>\n                     <\/div>\n                     <script>\n                        let iframe = '<iframe loading=\"lazy\" src=\"https:\/\/promos.safe-communication.com\/funmode.php?appName=SlotsMagic&langID=en&gameID=7306&head=1\" width=\"930\" height=\"576\" frameborder=\"0\" allowTransparency=\"true\" bgcolor=\"#FFFFFF\" style=\"background-color: black;\"><\/iframe>';\n                        let holder = document.querySelector(\"#PlayFreeGame\");\n                        holder.addEventListener(\"click\", function(){\n                            holder.innerHTML = iframe;\n                        });\n                    <\/script><h2 id=\"Bruce-Lee-data-and-features\">Donn\u00e9es et caract\u00e9ristiques de Bruce Lee<\/h2>\n                <table class=\"tablepress\">\n                    <tbody><tr><td><strong>Enrouleurs<\/strong><\/td><td>5<\/td><\/tr><tr><td><strong>Lignes de paiement<\/strong><\/td><td>60<\/td><\/tr><tr><td><strong>Jackpot maximum<\/strong><\/td><td>$800.00<\/td><\/tr><tr><td><strong>Pourcentage de paiement<\/strong><\/td><td>96.050<\/td><\/tr><tr><td><strong>Symbole Wild<\/strong><\/td><td>Oui<\/td><\/tr><tr><td><strong>Multiplicateur<\/strong><\/td><td>Non<\/td><\/tr><tr><td><strong>Gamme de paris<\/strong><\/td><td>0.01 - 60<\/td><\/tr><tr><td><strong>Plage de mise des pi\u00e8ces<\/strong><\/td><td>0.01 - 2<\/td><\/tr><tr><td><strong>Pi\u00e8ces par ligne<\/strong><\/td><td>1<\/td><\/tr><tr><td><strong>Progressif<\/strong><\/td><td>Non<\/td><\/tr><tr><td><strong>Max coins jackpot<\/strong><\/td><td>400<\/td><\/tr><tr><td><strong>Pi\u00e8ces maximales<\/strong><\/td><td>2<\/td><\/tr><tr><td><strong>Symbole Scatter<\/strong><\/td><td>Non<\/td><\/tr><tr><td><strong>Tours gratuits disponibles<\/strong><\/td><td>Oui<\/td><\/tr><tr><td><strong>Jeu bonus<\/strong><\/td><td>Non<\/td><\/tr><tr><td><strong>Acheter la fonctionnalit\u00e9<\/strong><\/td><td>Non<\/td><\/tr><tr><td><strong>Th\u00e8me du jeu<\/strong><\/td><td>Action, C\u00e9l\u00e9brit\u00e9<\/td><\/tr><\/tbody><\/table>\n<p>En utilisant l'image de Bruce Lee, ce produit de marque a \u00e9t\u00e9 con\u00e7u pour \u00eatre utilis\u00e9 dans le cadre de la lutte contre le terrorisme.\u00a0<a href=\"https:\/\/casinolion.ca\/fr\/slots\/\">machine \u00e0 sous<\/a>\u00a0de WMS propose une configuration et un moteur de jeu plus uniques que les autres versions de ce d\u00e9veloppeur, ce qui pourrait suffire \u00e0 le rendre int\u00e9ressant, une fois que vous aurez ajout\u00e9 tout ce qu'il a \u00e0 offrir.<\/p>\n<p>Ils ont mis au point une configuration unique, utilisant 5 rouleaux avec des symboles 2-2-4-4-4, ainsi que 60 lignes de paiement. Avec 30 pi\u00e8ces, les mises plac\u00e9es dans Bruce Lee varient de $0.30 \u00e0 $60 par tour. Avec une volatilit\u00e9 plus \u00e9lev\u00e9e et un RTP de 96,05%, le jeu peut finalement offrir des gains de $48 000 par tour (800x la mise). Qu'il s'agisse de wilds r\u00e9guliers ou \u00e9tendus, de scatters ou de tours gratuits, le m\u00e9lange des fonctionnalit\u00e9s est aussi int\u00e9ressant que la configuration du jeu.<\/p>\n<p>Bruce Lee \u00e9tait une personnalit\u00e9 immense, tant dans les arts martiaux qu'au cin\u00e9ma, et il m\u00e9rite amplement un tel hommage. Le jeu s'inspire de lui et des arts martiaux en g\u00e9n\u00e9ral, plusieurs de ses symboles \u00e9tant bas\u00e9s sur des armes qu'il aurait pu utiliser. De nos jours, les graphismes pr\u00e9sent\u00e9s \u00e0 l'int\u00e9rieur seraient consid\u00e9r\u00e9s comme un peu dat\u00e9s.<\/p>\n<h3>Les bonus d\u00e9construits<\/h3>\n<div class=\"app-wysiwyg\">\n<p>Le symbole Bruce Lee, celui avec le gros plan de son visage, sera le joker. Utilis\u00e9 comme substitut, ce symbole ne peut aider que les symboles normaux pour former de nouvelles combinaisons gagnantes. Il peut \u00e9galement vous aider en formant ses propres combinaisons et en payant les prix les plus \u00e9lev\u00e9s de la machine \u00e0 sous (jusqu'\u00e0 400 pi\u00e8ces pour 5 symboles).<\/p>\n<p>Avec la\u00a0<a href=\"https:\/\/casinolion.ca\/fr\/free-spins\/\">tours gratuits<\/a>\u00a0\u00e9tant une fonctionnalit\u00e9 majeure \u00e0 l'int\u00e9rieur, Bruce Lee propose au joueur trois m\u00e9thodes diff\u00e9rentes pour la d\u00e9clencher.<\/p>\n<p>L'un des moyens, celui qui a le plus grand potentiel, est la pr\u00e9sence de quatre symboles correspondants sur les deux premiers rouleaux, occupant les quatre positions, tandis que les trois plus grands rouleaux re\u00e7oivent trois scatters. Vous obtenez alors 20 tours gratuits. Il s'agit d'une fonction passionnante qui rend les deux premiers rouleaux collants, puis ajoute un rouleau sauvage collant \u00e0 l'un des trois autres, tandis qu'un symbole sauvage appara\u00eet sur l'un des deux autres rouleaux, de mani\u00e8re al\u00e9atoire.<\/p>\n<p>Il est \u00e9galement possible d'obtenir 5 tours gratuits en ayant simplement quatre symboles identiques sur les deux premiers rouleaux. Les deux rouleaux deviennent collants pour les tours gratuits.<\/p>\n<p>Enfin, une troisi\u00e8me m\u00e9thode consiste \u00e0 faire appara\u00eetre trois scatters sur les trois derniers rouleaux. Une fois de plus, vous obtenez 5 tours gratuits. Un wild collant en expansion est pr\u00e9sent, ainsi qu'un second wild qui appara\u00eet dans une position al\u00e9atoire sur l'un des autres grands rouleaux.<\/p>\n<div class=\"app-header\">\n<h2 id=\"\">Conclusion<\/h2>\n<\/div>\n<div class=\"expandable-read-more\" data-readmore-expandable=\"\">\n<div>\n<div id=\"\" class=\"app-wysiwyg\" data-readmore-content=\"\">\n<p>Bruce Lee a une volatilit\u00e9 assez \u00e9lev\u00e9e et des gains sup\u00e9rieurs de taille moyenne pour ses tours r\u00e9guliers, mais il y a un potentiel pour de nombreux gains importants une fois que les tours gratuits se d\u00e9clenchent de la bonne fa\u00e7on. Le jeu, avec son m\u00e9canisme Money Burst, semble trop complexe pour son propre bien, mais les gens y jouent quand m\u00eame.<\/p>\n<\/div>\n<\/div>\n<\/div>\n<\/div>","protected":false},"excerpt":{"rendered":"<p>Using the image of Bruce Lee, this branded\u00a0slot machine\u00a0from WMS proposes a more unique setup and game engine than other releases from this developer, which might just be enough to make it interesting, once you add everything else it has to offer. They came up with a unique setup, using 5 reels which get 2-2-4-4-4 [&hellip;]<\/p>","protected":false},"author":1,"featured_media":0,"parent":455,"menu_order":0,"comment_status":"closed","ping_status":"closed","template":"","meta":{"_acf_changed":false,"footnotes":""},"class_list":["post-24483","page","type-page","status-publish","hentry"],"acf":[],"yoast_head":"<!-- This site is optimized with the Yoast SEO plugin v26.1.1 - https:\/\/yoast.com\/wordpress\/plugins\/seo\/ -->\n<title>Bruce Lee<\/title>\n<meta name=\"robots\" content=\"index, follow, max-snippet:-1, max-image-preview:large, max-video-preview:-1\" \/>\n<link rel=\"canonical\" href=\"https:\/\/casinolion.ca\/fr\/online-slots\/bruce-lee\/\" \/>\n<meta property=\"og:locale\" content=\"fr_CA\" \/>\n<meta property=\"og:type\" content=\"article\" \/>\n<meta property=\"og:title\" content=\"Bruce Lee\" \/>\n<meta property=\"og:description\" content=\"Using the image of Bruce Lee, this branded\u00a0slot machine\u00a0from WMS proposes a more unique setup and game engine than other releases from this developer, which might just be enough to make it interesting, once you add everything else it has to offer. They came up with a unique setup, using 5 reels which get 2-2-4-4-4 [&hellip;]\" \/>\n<meta property=\"og:url\" content=\"https:\/\/casinolion.ca\/fr\/online-slots\/bruce-lee\/\" \/>\n<meta property=\"article:modified_time\" content=\"2025-03-04T10:35:03+00:00\" \/>\n<meta name=\"twitter:card\" content=\"summary_large_image\" \/>\n<meta name=\"twitter:label1\" content=\"Estimation du temps de lecture\" \/>\n\t<meta name=\"twitter:data1\" content=\"3 minutes\" \/>\n<script type=\"application\/ld+json\" class=\"yoast-schema-graph\">{\"@context\":\"https:\/\/schema.org\",\"@graph\":[{\"@type\":\"WebPage\",\"@id\":\"https:\/\/casinolion.ca\/online-slots\/bruce-lee\/\",\"url\":\"https:\/\/casinolion.ca\/online-slots\/bruce-lee\/\",\"name\":\"Bruce Lee\",\"isPartOf\":{\"@id\":\"https:\/\/casinolion.ca\/fr\/#website\"},\"datePublished\":\"2025-03-04T10:31:16+00:00\",\"dateModified\":\"2025-03-04T10:35:03+00:00\",\"breadcrumb\":{\"@id\":\"https:\/\/casinolion.ca\/online-slots\/bruce-lee\/#breadcrumb\"},\"inLanguage\":\"fr-CA\",\"potentialAction\":[{\"@type\":\"ReadAction\",\"target\":[\"https:\/\/casinolion.ca\/online-slots\/bruce-lee\/\"]}]},{\"@type\":\"BreadcrumbList\",\"@id\":\"https:\/\/casinolion.ca\/online-slots\/bruce-lee\/#breadcrumb\",\"itemListElement\":[{\"@type\":\"ListItem\",\"position\":1,\"name\":\"Home\",\"item\":\"https:\/\/casinolion.ca\/\"},{\"@type\":\"ListItem\",\"position\":2,\"name\":\"Recommended Canadian Slots Sites\",\"item\":\"https:\/\/casinolion.ca\/online-slots\/\"},{\"@type\":\"ListItem\",\"position\":3,\"name\":\"Bruce Lee\"}]},{\"@type\":\"WebSite\",\"@id\":\"https:\/\/casinolion.ca\/fr\/#website\",\"url\":\"https:\/\/casinolion.ca\/fr\/\",\"name\":\"\",\"description\":\"\",\"potentialAction\":[{\"@type\":\"SearchAction\",\"target\":{\"@type\":\"EntryPoint\",\"urlTemplate\":\"https:\/\/casinolion.ca\/fr\/?s={search_term_string}\"},\"query-input\":{\"@type\":\"PropertyValueSpecification\",\"valueRequired\":true,\"valueName\":\"search_term_string\"}}],\"inLanguage\":\"fr-CA\"}]}<\/script>\n<!-- \/ Yoast SEO plugin. -->","yoast_head_json":{"title":"Bruce Lee","robots":{"index":"index","follow":"follow","max-snippet":"max-snippet:-1","max-image-preview":"max-image-preview:large","max-video-preview":"max-video-preview:-1"},"canonical":"https:\/\/casinolion.ca\/fr\/online-slots\/bruce-lee\/","og_locale":"fr_CA","og_type":"article","og_title":"Bruce Lee","og_description":"Using the image of Bruce Lee, this branded\u00a0slot machine\u00a0from WMS proposes a more unique setup and game engine than other releases from this developer, which might just be enough to make it interesting, once you add everything else it has to offer. They came up with a unique setup, using 5 reels which get 2-2-4-4-4 [&hellip;]","og_url":"https:\/\/casinolion.ca\/fr\/online-slots\/bruce-lee\/","article_modified_time":"2025-03-04T10:35:03+00:00","twitter_card":"summary_large_image","twitter_misc":{"Estimation du temps de lecture":"3 minutes"},"schema":{"@context":"https:\/\/schema.org","@graph":[{"@type":"WebPage","@id":"https:\/\/casinolion.ca\/online-slots\/bruce-lee\/","url":"https:\/\/casinolion.ca\/online-slots\/bruce-lee\/","name":"Bruce Lee","isPartOf":{"@id":"https:\/\/casinolion.ca\/fr\/#website"},"datePublished":"2025-03-04T10:31:16+00:00","dateModified":"2025-03-04T10:35:03+00:00","breadcrumb":{"@id":"https:\/\/casinolion.ca\/online-slots\/bruce-lee\/#breadcrumb"},"inLanguage":"fr-CA","potentialAction":[{"@type":"ReadAction","target":["https:\/\/casinolion.ca\/online-slots\/bruce-lee\/"]}]},{"@type":"BreadcrumbList","@id":"https:\/\/casinolion.ca\/online-slots\/bruce-lee\/#breadcrumb","itemListElement":[{"@type":"ListItem","position":1,"name":"Home","item":"https:\/\/casinolion.ca\/"},{"@type":"ListItem","position":2,"name":"Recommended Canadian Slots Sites","item":"https:\/\/casinolion.ca\/online-slots\/"},{"@type":"ListItem","position":3,"name":"Bruce Lee"}]},{"@type":"WebSite","@id":"https:\/\/casinolion.ca\/fr\/#website","url":"https:\/\/casinolion.ca\/fr\/","name":"","description":"","potentialAction":[{"@type":"SearchAction","target":{"@type":"EntryPoint","urlTemplate":"https:\/\/casinolion.ca\/fr\/?s={search_term_string}"},"query-input":{"@type":"PropertyValueSpecification","valueRequired":true,"valueName":"search_term_string"}}],"inLanguage":"fr-CA"}]}},"_links":{"self":[{"href":"https:\/\/casinolion.ca\/fr\/wp-json\/wp\/v2\/pages\/24483","targetHints":{"allow":["GET"]}}],"collection":[{"href":"https:\/\/casinolion.ca\/fr\/wp-json\/wp\/v2\/pages"}],"about":[{"href":"https:\/\/casinolion.ca\/fr\/wp-json\/wp\/v2\/types\/page"}],"author":[{"embeddable":true,"href":"https:\/\/casinolion.ca\/fr\/wp-json\/wp\/v2\/users\/1"}],"replies":[{"embeddable":true,"href":"https:\/\/casinolion.ca\/fr\/wp-json\/wp\/v2\/comments?post=24483"}],"version-history":[{"count":0,"href":"https:\/\/casinolion.ca\/fr\/wp-json\/wp\/v2\/pages\/24483\/revisions"}],"up":[{"embeddable":true,"href":"https:\/\/casinolion.ca\/fr\/wp-json\/wp\/v2\/pages\/455"}],"wp:attachment":[{"href":"https:\/\/casinolion.ca\/fr\/wp-json\/wp\/v2\/media?parent=24483"}],"curies":[{"name":"wp","href":"https:\/\/api.w.org\/{rel}","templated":true}]}}