
{"id":24486,"date":"2025-03-04T10:46:02","date_gmt":"2025-03-04T10:46:02","guid":{"rendered":"https:\/\/casinolion.ca\/?page_id=24486"},"modified":"2025-03-04T10:46:36","modified_gmt":"2025-03-04T10:46:36","slug":"legacy-of-egypt","status":"publish","type":"page","link":"https:\/\/casinolion.ca\/fr\/online-slots\/legacy-of-egypt\/","title":{"rendered":"L'h\u00e9ritage de l'\u00c9gypte"},"content":{"rendered":"<div id=\"PlayFreeGame\" class=\"game_box\" style=\"padding-bottom: 75%; margin-bottom: 30px; background-size:cover; background-repeat:no-repeat;background-color:  #d24d57; background-image: url('https:\/\/a1.lcb.org\/system\/modules\/game\/images\/attachments\/000\/243\/092\/original\/LegacyofEgypt1.jpg?1525074803');\">\n                        <i class=\"fas fa-play-circle\"><\/i>\n                     <\/div>\n                     <script>\n                        let iframe = '<iframe loading=\"lazy\" src=\"https:\/\/slotslaunch.com\/iframe\/10008?token=rvgmcR4z0DADcCv3Hy0pVy9HQf7iaZ9tGNS9qWMaoIJPRjmw38\" width=\"930\" height=\"576\" frameborder=\"0\" allowTransparency=\"true\" bgcolor=\"#FFFFFF\" style=\"background-color: black;\"><\/iframe>';\n                        let holder = document.querySelector(\"#PlayFreeGame\");\n                        holder.addEventListener(\"click\", function(){\n                            holder.innerHTML = iframe;\n                        });\n                    <\/script><h2 id=\"Legacy-of-Egypt-data-and-features\">L'h\u00e9ritage de l'\u00c9gypte Donn\u00e9es et caract\u00e9ristiques<\/h2>\n                <table class=\"tablepress\">\n                    <tbody><tr><td><strong>Enrouleurs<\/strong><\/td><td>5<\/td><\/tr><tr><td><strong>Lignes de paiement<\/strong><\/td><td>30<\/td><\/tr><tr><td><strong>Jackpot maximum<\/strong><\/td><td>$40,500.00<\/td><\/tr><tr><td><strong>Pourcentage de paiement<\/strong><\/td><td>96.000<\/td><\/tr><tr><td><strong>Symbole Wild<\/strong><\/td><td>Oui<\/td><\/tr><tr><td><strong>Multiplicateur<\/strong><\/td><td>Non<\/td><\/tr><tr><td><strong>Gamme de paris<\/strong><\/td><td>0.3 - 90<\/td><\/tr><tr><td><strong>Plage de mise des pi\u00e8ces<\/strong><\/td><td>0.01 - 3<\/td><\/tr><tr><td><strong>Pi\u00e8ces par ligne<\/strong><\/td><td>1<\/td><\/tr><tr><td><strong>Progressif<\/strong><\/td><td>Non<\/td><\/tr><tr><td><strong>Max coins jackpot<\/strong><\/td><td>13500<\/td><\/tr><tr><td><strong>Pi\u00e8ces maximales<\/strong><\/td><td>3<\/td><\/tr><tr><td><strong>Symbole Scatter<\/strong><\/td><td>Oui<\/td><\/tr><tr><td><strong>Tours gratuits disponibles<\/strong><\/td><td>Oui<\/td><\/tr><tr><td><strong>Jeu bonus<\/strong><\/td><td>Oui<\/td><\/tr><tr><td><strong>Acheter la fonctionnalit\u00e9<\/strong><\/td><td>Non<\/td><\/tr><tr><td><strong>Th\u00e8me du jeu<\/strong><\/td><td>\u00c9gyptien<\/td><\/tr><\/tbody><\/table>\n<div class=\"app-header\">\n<h1 id=\"\">Legacy of Egypt Slots - Revue de la machine \u00e0 sous + offres de bonus<\/h1>\n<\/div>\n<div>\n<div class=\"advanced-text-content-icon-holder advanced-text-content-icon-holder__topright\">\n<div class=\"grid__col grid__col-xs-6 grid__col-sm-4 grid__col-md-3\">\n<div class=\"game-box\">\n<div class=\"game-box__bg-image\">\n<p><img decoding=\"async\" class=\"game-box__bg-image\" title=\"Aper\u00e7u du tour pr\u00e9liminaire\" src=\"https:\/\/casinolion.ca\/wp-content\/uploads\/2019\/11\/legacy-of-egypt-slot-logo.jpg\" sizes=\"(max-width: 399px) 100vw, 399px\" srcset=\"https:\/\/casinolion.ca\/wp-content\/uploads\/2019\/11\/legacy-of-egypt-slot-logo.jpg 399w, https:\/\/casinolion.ca\/wp-content\/uploads\/2019\/11\/legacy-of-egypt-slot-logo-300x196.jpg 300w, https:\/\/casinolion.ca\/wp-content\/uploads\/2019\/11\/legacy-of-egypt-slot-logo-280x183.jpg 280w\" alt=\"legacy of egypt slot logo\" width=\"399\" height=\"261\" \/><\/p>\n<div class=\"game-box__hover\"><\/div>\n<\/div>\n<h5 class=\"game-box__title\">Aper\u00e7u du tour pr\u00e9liminaire<\/h5>\n<\/div>\n<\/div>\n<\/div>\n<div id=\"\" class=\"app-wysiwyg\">\n<p>Legacy of Egypt est \u00e9videmment un jeu consacr\u00e9 \u00e0 l'\u00c9gypte ancienne, qui pr\u00e9sente les m\u00eames personnages que toutes les autres machines \u00e0 sous de cette cat\u00e9gorie.<\/p>\n<p>On y trouve Cl\u00e9op\u00e2tre, des pharaons, Horus, Anubis, Sobek, Bastet et plusieurs souverains.<\/p>\n<p>Il est tr\u00e8s bien con\u00e7u, mais n'est pas tr\u00e8s original en ce qui concerne le th\u00e8me.<\/p>\n<\/div>\n<\/div>\n<div class=\"app-header\">\n<h2 id=\"\">D\u00e9veloppeur<\/h2>\n<\/div>\n<div>\n<div id=\"\" class=\"app-wysiwyg\">\n<p>Elle existe depuis la fin des ann\u00e9es 90, initialement en tant que filiale d'une autre soci\u00e9t\u00e9,\u00a0<a href=\"https:\/\/casinolion.ca\/fr\/playngo\/\">Play n Go<\/a>\u00a0a certainement suffisamment d'exp\u00e9rience dans ce secteur, et ils le montrent avec leurs 190+ jeux de casino, dont plus de 150 sont des machines \u00e0 sous.<\/p>\n<p>Ils offrent \u00e0 la fois\u00a0<a href=\"https:\/\/casinolion.ca\/fr\/slots\/\">machines \u00e0 sous modernes et classiques<\/a>, Le RTP est g\u00e9n\u00e9ralement de 96% ou plus, bien que les casinos aient la possibilit\u00e9 de choisir une valeur inf\u00e9rieure, ce qui n'est pas \u00e0 n\u00e9gliger.<\/p>\n<p>Plusieurs options \u00e0 haute volatilit\u00e9 sont incluses dans leur collection, et les paiements peuvent \u00eatre assez \u00e9lev\u00e9s, ce qui est un atout de plus pour se pr\u00e9senter comme un pro \u00e0 c\u00f4t\u00e9 de leur nom.<\/p>\n<div class=\"app-header\">\n<h2 id=\"\">Comment jouer<\/h2>\n<\/div>\n<div class=\"expandable-read-more\" data-readmore-expandable=\"\">\n<div>\n<div id=\"\" class=\"app-wysiwyg\" data-readmore-content=\"\">\n<p>Vous pouvez miser aussi peu que $0.30 sur un seul tour, et vous verrez que les rouleaux commenceront \u00e0 tourner. Cela suffira pour couvrir les 30 lignes du jeu avec des mises de $0.01 dans chaque cas.<\/p>\n<p>Cependant, si vous voulez monter d'un cran, vous avez \u00e9galement cette option, avec une mise maximale de $90, tandis que les mises sur les lignes atteignent $3.<\/p>\n<p>Legacy of Egypt est une machine \u00e0 sous avec 5\u00d73 rouleaux, qui offre 30 lignes actives. Le th\u00e8me, les fonctions et le type d'action sont les m\u00eames que dans toutes les autres machines \u00e0 sous, et je ne consid\u00e8re donc pas qu'il s'agisse d'un jeu particuli\u00e8rement int\u00e9ressant ou unique.<\/p>\n<h3>Caract\u00e9ristiques sp\u00e9ciales<\/h3>\n<div class=\"app-wysiwyg\">\n<p>Le Scarab\u00e9e sauvage est celui qui forme les combinaisons les plus r\u00e9mun\u00e9ratrices du jeu, offrant \u00e0 lui seul jusqu'\u00e0 500 pi\u00e8ces ($1,500). En g\u00e9n\u00e9ral, c'est lui que vous pouvez utiliser comme substitut, et il vous aidera \u00e0 former des gains plus modestes.<\/p>\n<p>Les scatters Pyramide vous permettent d'obtenir un prix dans le jeu et de d\u00e9clencher des tours gratuits. Vous passez par une \u00e9tape appel\u00e9e Roue des Dieux, o\u00f9 un tour d'une roue de la fortune sp\u00e9ciale r\u00e9v\u00e8le le nombre de tours gratuits (jusqu'\u00e0 20), ainsi que le multiplicateur qui s'applique \u00e0 tous les gains \u00e0 l'int\u00e9rieur.<\/p>\n<p>Pendant les tours gratuits, les pyramides dispers\u00e9es rapportent comme les jokers. Obtenez 2 Wild Scatters pour d\u00e9clencher des tours de pyramide, jusqu'\u00e0 8 \u00e9tant possibles gr\u00e2ce \u00e0 la Roue des Dieux. Le m\u00eame multiplicateur s'applique \u00e0 ces tours.<\/p>\n<p>La Roue des Dieux aura une valeur double si elle est d\u00e9clench\u00e9e par 3+ Scatters Wild.<\/p>\n<div class=\"app-header\">\n<h2 id=\"\">Paiements maximums<\/h2>\n<\/div>\n<div class=\"expandable-read-more\" data-readmore-expandable=\"\">\n<div>\n<div id=\"features\" class=\"app-wysiwyg\" data-readmore-content=\"\">\n<p>La table de paiement du jeu promet des gains allant jusqu'\u00e0 5 000 fois, ce qui laisse pr\u00e9sager une grande volatilit\u00e9, l'une des nombreuses options propos\u00e9es par Play n Go. Compte tenu des mises possibles, le jeu peut rapporter jusqu'\u00e0 $450,000.<\/p>\n<p>Cependant, ce n'est que pendant les tours gratuits que vous avez une chance d'obtenir un gain aussi \u00e9lev\u00e9, car des multiplicateurs s'appliquent alors. Les tours pay\u00e9s r\u00e9guliers offrent au maximum $45,000, avec 30 lignes actives toutes occup\u00e9es par des jokers.<\/p>\n<p>Autre chose \u00e0 noter, le RTP est de 96,50%, ce qui est mieux que la moyenne des jeux, mais pas de beaucoup. Comme indiqu\u00e9 ci-dessus, le d\u00e9veloppeur donne aux casinos la possibilit\u00e9 de modifier le niveau de RTP \u00e0 un chiffre inf\u00e9rieur, alors v\u00e9rifiez les fichiers d'aide avant de faire tourner la machine \u00e0 sous.<\/p>\n<\/div>\n<\/div>\n<\/div>\n<div class=\"app-header\">\n<h2 id=\"\">R\u00e9sum\u00e9<\/h2>\n<\/div>\n<div class=\"expandable-read-more\" data-readmore-expandable=\"\">\n<div>\n<div id=\"\" class=\"app-wysiwyg\" data-readmore-content=\"\">\n<p>Il est tr\u00e8s bien con\u00e7u, il propose quelques fonctions un peu plus complexes que les machines \u00e0 sous habituelles, et le taux de redistribution (RTP) est assez bon. Dans l'ensemble, ce n'est pas un mauvais choix, si vous n'\u00eates pas encore fatigu\u00e9 du genre de l'\u00c9gypte ancienne.<\/p>\n<\/div>\n<\/div>\n<\/div>\n<\/div>\n<\/div>\n<\/div>\n<\/div>\n<\/div>\n<\/div>","protected":false},"excerpt":{"rendered":"<p>Legacy of Egypt Slots Review + Bonus Offers Bonus Round Preview Legacy of Egypt est \u00e9videmment un jeu d\u00e9di\u00e9 \u00e0 l'Egypte Ancienne, qui pr\u00e9sente les m\u00eames personnages que toutes les autres machines \u00e0 sous de cette cat\u00e9gorie. Nous retrouvons Cl\u00e9op\u00e2tre, les pharaons, Horus, Anubis, Sobek, Bastet et plusieurs rois. C'est tr\u00e8s bien con\u00e7u, mais pas terriblement original, car [...]<\/p>","protected":false},"author":1,"featured_media":0,"parent":455,"menu_order":0,"comment_status":"closed","ping_status":"closed","template":"","meta":{"_acf_changed":false,"footnotes":""},"class_list":["post-24486","page","type-page","status-publish","hentry"],"acf":[],"yoast_head":"<!-- This site is optimized with the Yoast SEO plugin v26.1.1 - https:\/\/yoast.com\/wordpress\/plugins\/seo\/ -->\n<title>Legacy of Egypt Review<\/title>\n<meta name=\"robots\" content=\"index, follow, max-snippet:-1, max-image-preview:large, max-video-preview:-1\" \/>\n<link rel=\"canonical\" href=\"https:\/\/casinolion.ca\/fr\/online-slots\/legacy-of-egypt\/\" \/>\n<meta property=\"og:locale\" content=\"fr_CA\" \/>\n<meta property=\"og:type\" content=\"article\" \/>\n<meta property=\"og:title\" content=\"Legacy of Egypt Review\" \/>\n<meta property=\"og:description\" content=\"Legacy of Egypt Slots Review + Bonus Offers Bonus Round Preview Legacy of Egypt is obviously a game dedicated to Ancient Egypt, which features the same characters as every other slot machine in this category. We find Cleopatra, Pharaohs, Horus, Anubis, Sobek, Bastet and several Royals. It\u2019s very well designed, just not terribly original, as [&hellip;]\" \/>\n<meta property=\"og:url\" content=\"https:\/\/casinolion.ca\/fr\/online-slots\/legacy-of-egypt\/\" \/>\n<meta property=\"article:modified_time\" content=\"2025-03-04T10:46:36+00:00\" \/>\n<meta property=\"og:image\" content=\"https:\/\/casinolion.ca\/wp-content\/uploads\/2019\/11\/legacy-of-egypt-slot-logo.jpg\" \/>\n<meta name=\"twitter:card\" content=\"summary_large_image\" \/>\n<meta name=\"twitter:label1\" content=\"Estimation du temps de lecture\" \/>\n\t<meta name=\"twitter:data1\" content=\"3 minutes\" \/>\n<script type=\"application\/ld+json\" class=\"yoast-schema-graph\">{\"@context\":\"https:\/\/schema.org\",\"@graph\":[{\"@type\":\"WebPage\",\"@id\":\"https:\/\/casinolion.ca\/online-slots\/legacy-of-egypt\/\",\"url\":\"https:\/\/casinolion.ca\/online-slots\/legacy-of-egypt\/\",\"name\":\"Legacy of Egypt Review\",\"isPartOf\":{\"@id\":\"https:\/\/casinolion.ca\/fr\/#website\"},\"primaryImageOfPage\":{\"@id\":\"https:\/\/casinolion.ca\/online-slots\/legacy-of-egypt\/#primaryimage\"},\"image\":{\"@id\":\"https:\/\/casinolion.ca\/online-slots\/legacy-of-egypt\/#primaryimage\"},\"thumbnailUrl\":\"https:\/\/casinolion.ca\/wp-content\/uploads\/2019\/11\/legacy-of-egypt-slot-logo.jpg\",\"datePublished\":\"2025-03-04T10:46:02+00:00\",\"dateModified\":\"2025-03-04T10:46:36+00:00\",\"breadcrumb\":{\"@id\":\"https:\/\/casinolion.ca\/online-slots\/legacy-of-egypt\/#breadcrumb\"},\"inLanguage\":\"fr-CA\",\"potentialAction\":[{\"@type\":\"ReadAction\",\"target\":[\"https:\/\/casinolion.ca\/online-slots\/legacy-of-egypt\/\"]}]},{\"@type\":\"ImageObject\",\"inLanguage\":\"fr-CA\",\"@id\":\"https:\/\/casinolion.ca\/online-slots\/legacy-of-egypt\/#primaryimage\",\"url\":\"https:\/\/casinolion.ca\/wp-content\/uploads\/2019\/11\/legacy-of-egypt-slot-logo.jpg\",\"contentUrl\":\"https:\/\/casinolion.ca\/wp-content\/uploads\/2019\/11\/legacy-of-egypt-slot-logo.jpg\"},{\"@type\":\"BreadcrumbList\",\"@id\":\"https:\/\/casinolion.ca\/online-slots\/legacy-of-egypt\/#breadcrumb\",\"itemListElement\":[{\"@type\":\"ListItem\",\"position\":1,\"name\":\"Home\",\"item\":\"https:\/\/casinolion.ca\/\"},{\"@type\":\"ListItem\",\"position\":2,\"name\":\"Recommended Canadian Slots Sites\",\"item\":\"https:\/\/casinolion.ca\/online-slots\/\"},{\"@type\":\"ListItem\",\"position\":3,\"name\":\"Legacy of Egypt\"}]},{\"@type\":\"WebSite\",\"@id\":\"https:\/\/casinolion.ca\/fr\/#website\",\"url\":\"https:\/\/casinolion.ca\/fr\/\",\"name\":\"\",\"description\":\"\",\"potentialAction\":[{\"@type\":\"SearchAction\",\"target\":{\"@type\":\"EntryPoint\",\"urlTemplate\":\"https:\/\/casinolion.ca\/fr\/?s={search_term_string}\"},\"query-input\":{\"@type\":\"PropertyValueSpecification\",\"valueRequired\":true,\"valueName\":\"search_term_string\"}}],\"inLanguage\":\"fr-CA\"}]}<\/script>\n<!-- \/ Yoast SEO plugin. -->","yoast_head_json":{"title":"L'h\u00e9ritage de l'\u00c9gypte","robots":{"index":"index","follow":"follow","max-snippet":"max-snippet:-1","max-image-preview":"max-image-preview:large","max-video-preview":"max-video-preview:-1"},"canonical":"https:\/\/casinolion.ca\/fr\/online-slots\/legacy-of-egypt\/","og_locale":"fr_CA","og_type":"article","og_title":"Legacy of Egypt Review","og_description":"Legacy of Egypt Slots Review + Bonus Offers Bonus Round Preview Legacy of Egypt is obviously a game dedicated to Ancient Egypt, which features the same characters as every other slot machine in this category. We find Cleopatra, Pharaohs, Horus, Anubis, Sobek, Bastet and several Royals. It\u2019s very well designed, just not terribly original, as [&hellip;]","og_url":"https:\/\/casinolion.ca\/fr\/online-slots\/legacy-of-egypt\/","article_modified_time":"2025-03-04T10:46:36+00:00","og_image":[{"url":"https:\/\/casinolion.ca\/wp-content\/uploads\/2019\/11\/legacy-of-egypt-slot-logo.jpg","type":"","width":"","height":""}],"twitter_card":"summary_large_image","twitter_misc":{"Estimation du temps de lecture":"3 minutes"},"schema":{"@context":"https:\/\/schema.org","@graph":[{"@type":"WebPage","@id":"https:\/\/casinolion.ca\/online-slots\/legacy-of-egypt\/","url":"https:\/\/casinolion.ca\/online-slots\/legacy-of-egypt\/","name":"L'h\u00e9ritage de l'\u00c9gypte","isPartOf":{"@id":"https:\/\/casinolion.ca\/fr\/#website"},"primaryImageOfPage":{"@id":"https:\/\/casinolion.ca\/online-slots\/legacy-of-egypt\/#primaryimage"},"image":{"@id":"https:\/\/casinolion.ca\/online-slots\/legacy-of-egypt\/#primaryimage"},"thumbnailUrl":"https:\/\/casinolion.ca\/wp-content\/uploads\/2019\/11\/legacy-of-egypt-slot-logo.jpg","datePublished":"2025-03-04T10:46:02+00:00","dateModified":"2025-03-04T10:46:36+00:00","breadcrumb":{"@id":"https:\/\/casinolion.ca\/online-slots\/legacy-of-egypt\/#breadcrumb"},"inLanguage":"fr-CA","potentialAction":[{"@type":"ReadAction","target":["https:\/\/casinolion.ca\/online-slots\/legacy-of-egypt\/"]}]},{"@type":"ImageObject","inLanguage":"fr-CA","@id":"https:\/\/casinolion.ca\/online-slots\/legacy-of-egypt\/#primaryimage","url":"https:\/\/casinolion.ca\/wp-content\/uploads\/2019\/11\/legacy-of-egypt-slot-logo.jpg","contentUrl":"https:\/\/casinolion.ca\/wp-content\/uploads\/2019\/11\/legacy-of-egypt-slot-logo.jpg"},{"@type":"BreadcrumbList","@id":"https:\/\/casinolion.ca\/online-slots\/legacy-of-egypt\/#breadcrumb","itemListElement":[{"@type":"ListItem","position":1,"name":"Home","item":"https:\/\/casinolion.ca\/"},{"@type":"ListItem","position":2,"name":"Recommended Canadian Slots Sites","item":"https:\/\/casinolion.ca\/online-slots\/"},{"@type":"ListItem","position":3,"name":"Legacy of Egypt"}]},{"@type":"WebSite","@id":"https:\/\/casinolion.ca\/fr\/#website","url":"https:\/\/casinolion.ca\/fr\/","name":"","description":"","potentialAction":[{"@type":"SearchAction","target":{"@type":"EntryPoint","urlTemplate":"https:\/\/casinolion.ca\/fr\/?s={search_term_string}"},"query-input":{"@type":"PropertyValueSpecification","valueRequired":true,"valueName":"search_term_string"}}],"inLanguage":"fr-CA"}]}},"_links":{"self":[{"href":"https:\/\/casinolion.ca\/fr\/wp-json\/wp\/v2\/pages\/24486","targetHints":{"allow":["GET"]}}],"collection":[{"href":"https:\/\/casinolion.ca\/fr\/wp-json\/wp\/v2\/pages"}],"about":[{"href":"https:\/\/casinolion.ca\/fr\/wp-json\/wp\/v2\/types\/page"}],"author":[{"embeddable":true,"href":"https:\/\/casinolion.ca\/fr\/wp-json\/wp\/v2\/users\/1"}],"replies":[{"embeddable":true,"href":"https:\/\/casinolion.ca\/fr\/wp-json\/wp\/v2\/comments?post=24486"}],"version-history":[{"count":0,"href":"https:\/\/casinolion.ca\/fr\/wp-json\/wp\/v2\/pages\/24486\/revisions"}],"up":[{"embeddable":true,"href":"https:\/\/casinolion.ca\/fr\/wp-json\/wp\/v2\/pages\/455"}],"wp:attachment":[{"href":"https:\/\/casinolion.ca\/fr\/wp-json\/wp\/v2\/media?parent=24486"}],"curies":[{"name":"wp","href":"https:\/\/api.w.org\/{rel}","templated":true}]}}