
{"id":24487,"date":"2025-03-04T10:56:50","date_gmt":"2025-03-04T10:56:50","guid":{"rendered":"https:\/\/casinolion.ca\/?page_id=24487"},"modified":"2025-03-04T10:58:05","modified_gmt":"2025-03-04T10:58:05","slug":"immortal-romance","status":"publish","type":"page","link":"https:\/\/casinolion.ca\/fr\/online-slots\/immortal-romance\/","title":{"rendered":"Romance immortelle"},"content":{"rendered":"<div id=\"PlayFreeGame\" class=\"game_box\" style=\"padding-bottom: 75%; margin-bottom: 30px; background-size:cover; background-repeat:no-repeat;background-color:  #d24d57; background-image: url('https:\/\/a1.lcb.org\/system\/modules\/game\/images\/attachments\/000\/380\/010\/original\/ImmortalRomance1.jpg?1623920157');\">\n                        <i class=\"fas fa-play-circle\"><\/i>\n                     <\/div>\n                     <script>\n                        let iframe = '<iframe loading=\"lazy\" src=\"https:\/\/slotslaunch.com\/iframe\/11466?token=rvgmcR4z0DADcCv3Hy0pVy9HQf7iaZ9tGNS9qWMaoIJPRjmw38\" width=\"930\" height=\"576\" frameborder=\"0\" allowTransparency=\"true\" bgcolor=\"#FFFFFF\" style=\"background-color: black;\"><\/iframe>';\n                        let holder = document.querySelector(\"#PlayFreeGame\");\n                        holder.addEventListener(\"click\", function(){\n                            holder.innerHTML = iframe;\n                        });\n                    <\/script><h2 id=\"Immortal-Romance-data-and-features\">Donn\u00e9es et caract\u00e9ristiques d'Immortal Romance<\/h2>\n                <table class=\"tablepress\">\n                    <tbody><tr><td><strong>Enrouleurs<\/strong><\/td><td>5<\/td><\/tr><tr><td><strong>Lignes de paiement<\/strong><\/td><td>243<\/td><\/tr><tr><td><strong>Jackpot maximum<\/strong><\/td><td>$6,000.00<\/td><\/tr><tr><td><strong>Pourcentage de paiement<\/strong><\/td><td>96.860<\/td><\/tr><tr><td><strong>Symbole Wild<\/strong><\/td><td>Oui<\/td><\/tr><tr><td><strong>Multiplicateur<\/strong><\/td><td>Oui<\/td><\/tr><tr><td><strong>Gamme de paris<\/strong><\/td><td>0.3 - 30<\/td><\/tr><tr><td><strong>Plage de mise des pi\u00e8ces<\/strong><\/td><td>0.01 - 1<\/td><\/tr><tr><td><strong>Pi\u00e8ces par ligne<\/strong><\/td><td>1<\/td><\/tr><tr><td><strong>Progressif<\/strong><\/td><td>Non<\/td><\/tr><tr><td><strong>Max coins jackpot<\/strong><\/td><td>6000<\/td><\/tr><tr><td><strong>Pi\u00e8ces maximales<\/strong><\/td><td>1<\/td><\/tr><tr><td><strong>Symbole Scatter<\/strong><\/td><td>Oui<\/td><\/tr><tr><td><strong>Tours gratuits disponibles<\/strong><\/td><td>Oui<\/td><\/tr><tr><td><strong>Jeu bonus<\/strong><\/td><td>Oui<\/td><\/tr><tr><td><strong>Acheter la fonctionnalit\u00e9<\/strong><\/td><td>Non<\/td><\/tr><tr><td><strong>Volatilit\u00e9<\/strong><\/td><td>Tr\u00e8s \u00e9lev\u00e9<\/td><\/tr><\/tbody><\/table>\n<p>Un classique culte de\u00a0<a href=\"https:\/\/casinolion.ca\/fr\/microgaming\/\">Microgaming<\/a>, Immortal Romance a captiv\u00e9 des g\u00e9n\u00e9rations d'amateurs de machines \u00e0 sous dans le monde entier. Elle est l'une des pr\u00e9f\u00e9r\u00e9es de nombreux\u00a0<a href=\"https:\/\/casinolion.ca\/fr\/reviews\/\">Casinos en ligne canadiens<\/a>\u00a0et si vous ne savez pas grand-chose \u00e0 ce sujet, c'est l'occasion de vous mettre \u00e0 jour.<\/p>\n<p>Immortal Romance a \u00e9t\u00e9 lanc\u00e9 en 2011 et est rapidement devenu un succ\u00e8s aupr\u00e8s des joueurs, car il ne s'agissait pas d'une simple machine \u00e0 sous sans substance, mais plut\u00f4t d'un jeu de casino avec une histoire captivante et des personnages int\u00e9ressants. Des fonctionnalit\u00e9s lucratives et divertissantes ont \u00e9galement contribu\u00e9 \u00e0 ce succ\u00e8s.<\/p>\n<p>Il s'agit d'une sombre histoire d'amour et d'intrigue situ\u00e9e entre le monde ordinaire et le royaume des cr\u00e9atures surnaturelles, bien adapt\u00e9e \u00e0 une structure de rouleaux standard o\u00f9 il y a tr\u00e8s peu d'espace pour faire une erreur. En d'autres termes, Microgaming a cr\u00e9\u00e9 une machine \u00e0 sous intemporelle qui peut \u00eatre appr\u00e9ci\u00e9e \u00e0 la fois sur les appareils mobiles et de bureau.<\/p>\n<h3>Structure et jouabilit\u00e9<\/h3>\n<div class=\"app-wysiwyg\">\n<p>Cette myst\u00e9rieuse machine \u00e0 sous vid\u00e9o de Microgaming dispose de 5 rouleaux et de 3 rang\u00e9es de symboles, ce qui permet de gagner 243 fois. Il n'y a pas de lignes de paiement fixes \u00e0 prendre en compte. Tant que vous parvenez \u00e0 placer des symboles identiques sur des rouleaux adjacents, ils formeront des combos gagnants de gauche \u00e0 droite et produiront les gains correspondants. Vous pouvez jouer en mode standard et en mode expert, o\u00f9 vous pouvez utiliser l'option Autoplay et le bouton Bet Max.<\/p>\n<p>Les deux petits boutons marqu\u00e9s d'un + et d'un - vous aideront \u00e0 r\u00e9gler la valeur des pi\u00e8ces et une autre s\u00e9rie de ces m\u00eames signes a \u00e9t\u00e9 ajout\u00e9e pour r\u00e9gler le nombre de pi\u00e8ces mis\u00e9es (jusqu'\u00e0 10).<\/p>\n<p>Au moment de sa sortie, Immortal Romance n'\u00e9tait disponible que dans sa version de bureau. Heureusement, les d\u00e9veloppeurs ont rapidement optimis\u00e9 la machine \u00e0 sous pour les appareils mobiles et elle fonctionne d\u00e9sormais sans probl\u00e8me sur tous les types de smartphones et de tablettes.<\/p>\n<div class=\"app-header\">\n<h2 id=\"\">Caract\u00e9ristiques sp\u00e9ciales<\/h2>\n<\/div>\n<div class=\"expandable-read-more\" data-readmore-expandable=\"\">\n<div>\n<div id=\"features\" class=\"app-wysiwyg _mPS2id-t\" data-readmore-content=\"\">\n<p>Avant d'aborder les tours gratuits, l'attraction principale d'Immortal Romance, nous aimerions mentionner la fonction Wild Desire. Il s'agit d'un bonus d\u00e9clench\u00e9 de mani\u00e8re al\u00e9atoire, qui augmente vos chances de gagner en vous accordant un tour suppl\u00e9mentaire tout en rendant un ou plusieurs rouleaux compl\u00e8tement sauvages. En th\u00e9orie, les cinq rouleaux peuvent devenir Wild, mais il serait plus r\u00e9aliste de s'attendre \u00e0 ce qu'un ou deux rouleaux soient remplis de Wilds.<\/p>\n<p>La Chambre des Spins est le bonus principal, et vous devez avoir au moins trois Scatters n'importe o\u00f9 pour l'activer. Le tour de bonus a quatre niveaux, chacun bas\u00e9 sur un personnage diff\u00e9rent de la machine \u00e0 sous. Le jeu utilise un syst\u00e8me de progression, vous devrez donc d\u00e9clencher le bonus au moins 5 fois avant d'acc\u00e9der au deuxi\u00e8me tour, au moins 10 fois pour acc\u00e9der au troisi\u00e8me et au moins 15 fois pour le dernier. Notez que votre progression sera conserv\u00e9e si vous ne changez pas de casino.<\/p>\n<h3>Amber Free Spins<\/h3>\n<p>La premi\u00e8re \u00e0 d\u00e9bloquer est Amber. Elle vous offrira 10 tours gratuits avec des multiplicateurs de 5x. L'astuce de cette fonction est que vous devez activer le niveau un certain nombre de fois avant de pouvoir passer \u00e0 la suite. Pour passer au bonus de Troy, le joueur doit activer cinq fois les tours gratuits d'Amber.<\/p>\n<h3>Troy Free Spins<\/h3>\n<p>Troy vous offrira 20 tours gratuits et des chauves-souris vampires, c'est-\u00e0-dire des multiplicateurs al\u00e9atoires.<\/p>\n<h3>Michael Free Spins<\/h3>\n<p>Si vous parvenez \u00e0 d\u00e9clencher le tour Michael Free Spins apr\u00e8s avoir activ\u00e9 le bonus 10 fois, vous recevrez 20 freebies et Rolling Reels - une fonction sp\u00e9ciale dans laquelle les symboles gagnants disparaissent et de nouveaux symboles tombent, ce qui permet d'obtenir des gains plus importants.<\/p>\n<h3>Sarah Free Spins<\/h3>\n<p>Finalement, le dernier niveau est celui de Sarah, qui d\u00e9clenche le bonus pour la 15\u00e8me fois. Lors de son tour, le joueur d\u00e9couvrira un \u00e9norme rebondissement de l'intrigue et gagnera 25 tours gratuits avec des vignes sauvages. Les lianes se r\u00e9pliquent sur les rouleaux, transforment les symboles al\u00e9atoires en Wilds et cr\u00e9ent plus d'opportunit\u00e9s de gains.<\/p>\n<\/div>\n<\/div>\n<\/div>\n<div class=\"elements-separator\"><\/div>\n<div class=\"app-header\">\n<h2 id=\"\">En savoir plus sur Immortal Romance<\/h2>\n<\/div>\n<div class=\"expandable-read-more\" data-readmore-expandable=\"\">\n<div>\n<div id=\"\" class=\"app-wysiwyg\" data-readmore-content=\"\">\n<p>L'intrigue d'Immortal Romance est peut-\u00eatre compliqu\u00e9e, mais la jouabilit\u00e9 ne l'est pas. Le jeu de base est assez basique, et ce n'est que lorsque les bonus commencent \u00e0 arriver que l'histoire commence \u00e0 se d\u00e9voiler. Apr\u00e8s quelques d\u00e9clenchements de bonus, vous comprendrez qui est qui et quel est le r\u00f4le de chacun. Le jeu vous offre suffisamment de mat\u00e9riel de lecture pour que vous puissiez vous familiariser avec les personnages avant de commencer \u00e0 jouer.<\/p>\n<p>Certains experts des machines \u00e0 sous pensent qu'il serait sage de miser peu jusqu'\u00e0 ce que vous d\u00e9bloquiez Amber, puis Troy. Ensuite, vous pourrez viser un peu plus haut et esp\u00e9rer commencer \u00e0 alimenter votre solde avec des gains importants. La volatilit\u00e9 est moyenne \u00e0 \u00e9lev\u00e9e et le RTP se situe aux alentours de 97%.<\/p>\n<\/div>\n<\/div>\n<\/div>\n<h2 class=\"elements-separator\">Verdict final<\/h2>\n<div class=\"expandable-read-more\" data-readmore-expandable=\"\">\n<div>\n<div id=\"\" class=\"app-wysiwyg\" data-readmore-content=\"\">\n<p>Les excellents m\u00e9canismes de jeu et le sc\u00e9nario palpitant sont les deux principales raisons pour lesquelles Immortal Romance est si populaire dans le monde entier. Des gains incroyables se cachent derri\u00e8re le jeu bonus et la fonction Wild Desire ne doit pas \u00eatre ignor\u00e9e non plus. Les joueurs occasionnels et les flambeurs sont invit\u00e9s \u00e0 faire tourner Immortal Romance dans la salle de jeu du\u00a0<a href=\"https:\/\/casinolion.ca\/fr\/reviews\/\">meilleurs casinos canadiens en ligne<\/a>.<\/p>\n<p>Pour ceux qui n'aiment pas le th\u00e8me, ils peuvent passer \u00e0 Thunderstruck II de Microgaming, car il partage le m\u00eame moteur de jeu, mais si vous voulez une autre machine \u00e0 sous de qualit\u00e9 sur le th\u00e8me des vampires \u00e0 vous mettre sous la dent, Blood Suckers 2 de NetEnt serait un excellent choix.<\/p>\n<\/div>\n<\/div>\n<\/div>\n<\/div>","protected":false},"excerpt":{"rendered":"<p>Classique culte de Microgaming, Immortal Romance a captiv\u00e9 des g\u00e9n\u00e9rations d'amateurs de machines \u00e0 sous dans le monde entier. C'est l'une des machines \u00e0 sous pr\u00e9f\u00e9r\u00e9es de nombreux casinos en ligne canadiens et si vous ne savez pas grand-chose \u00e0 son sujet, c'est l'occasion de vous mettre au courant. Immortal Romance est sorti en 2011 et est rapidement devenu un succ\u00e8s parmi les [...]<\/p>","protected":false},"author":1,"featured_media":0,"parent":455,"menu_order":0,"comment_status":"closed","ping_status":"closed","template":"","meta":{"_acf_changed":false,"footnotes":""},"class_list":["post-24487","page","type-page","status-publish","hentry"],"acf":[],"yoast_head":"<!-- This site is optimized with the Yoast SEO plugin v26.1.1 - https:\/\/yoast.com\/wordpress\/plugins\/seo\/ -->\n<title>Immortal Romance Review<\/title>\n<meta name=\"robots\" content=\"index, follow, max-snippet:-1, max-image-preview:large, max-video-preview:-1\" \/>\n<link rel=\"canonical\" href=\"https:\/\/casinolion.ca\/fr\/online-slots\/immortal-romance\/\" \/>\n<meta property=\"og:locale\" content=\"fr_CA\" \/>\n<meta property=\"og:type\" content=\"article\" \/>\n<meta property=\"og:title\" content=\"Immortal Romance Review\" \/>\n<meta property=\"og:description\" content=\"A cult classic from\u00a0Microgaming, Immortal Romance has been captivating generations of slot lovers all over the globe. It is one of the favourites in many\u00a0Canadian online casinos\u00a0and in case you don\u2019t know much about it, this is your chance to catch up. Immortal Romance was released in 2011 and quickly became a hit among the [&hellip;]\" \/>\n<meta property=\"og:url\" content=\"https:\/\/casinolion.ca\/fr\/online-slots\/immortal-romance\/\" \/>\n<meta property=\"article:modified_time\" content=\"2025-03-04T10:58:05+00:00\" \/>\n<meta name=\"twitter:card\" content=\"summary_large_image\" \/>\n<meta name=\"twitter:label1\" content=\"Estimation du temps de lecture\" \/>\n\t<meta name=\"twitter:data1\" content=\"4 minutes\" \/>\n<script type=\"application\/ld+json\" class=\"yoast-schema-graph\">{\"@context\":\"https:\/\/schema.org\",\"@graph\":[{\"@type\":\"WebPage\",\"@id\":\"https:\/\/casinolion.ca\/online-slots\/immortal-romance\/\",\"url\":\"https:\/\/casinolion.ca\/online-slots\/immortal-romance\/\",\"name\":\"Immortal Romance Review\",\"isPartOf\":{\"@id\":\"https:\/\/casinolion.ca\/fr\/#website\"},\"datePublished\":\"2025-03-04T10:56:50+00:00\",\"dateModified\":\"2025-03-04T10:58:05+00:00\",\"breadcrumb\":{\"@id\":\"https:\/\/casinolion.ca\/online-slots\/immortal-romance\/#breadcrumb\"},\"inLanguage\":\"fr-CA\",\"potentialAction\":[{\"@type\":\"ReadAction\",\"target\":[\"https:\/\/casinolion.ca\/online-slots\/immortal-romance\/\"]}]},{\"@type\":\"BreadcrumbList\",\"@id\":\"https:\/\/casinolion.ca\/online-slots\/immortal-romance\/#breadcrumb\",\"itemListElement\":[{\"@type\":\"ListItem\",\"position\":1,\"name\":\"Home\",\"item\":\"https:\/\/casinolion.ca\/\"},{\"@type\":\"ListItem\",\"position\":2,\"name\":\"Recommended Canadian Slots Sites\",\"item\":\"https:\/\/casinolion.ca\/online-slots\/\"},{\"@type\":\"ListItem\",\"position\":3,\"name\":\"Immortal Romance\"}]},{\"@type\":\"WebSite\",\"@id\":\"https:\/\/casinolion.ca\/fr\/#website\",\"url\":\"https:\/\/casinolion.ca\/fr\/\",\"name\":\"\",\"description\":\"\",\"potentialAction\":[{\"@type\":\"SearchAction\",\"target\":{\"@type\":\"EntryPoint\",\"urlTemplate\":\"https:\/\/casinolion.ca\/fr\/?s={search_term_string}\"},\"query-input\":{\"@type\":\"PropertyValueSpecification\",\"valueRequired\":true,\"valueName\":\"search_term_string\"}}],\"inLanguage\":\"fr-CA\"}]}<\/script>\n<!-- \/ Yoast SEO plugin. -->","yoast_head_json":{"title":"Revue de la romance immortelle","robots":{"index":"index","follow":"follow","max-snippet":"max-snippet:-1","max-image-preview":"max-image-preview:large","max-video-preview":"max-video-preview:-1"},"canonical":"https:\/\/casinolion.ca\/fr\/online-slots\/immortal-romance\/","og_locale":"fr_CA","og_type":"article","og_title":"Immortal Romance Review","og_description":"A cult classic from\u00a0Microgaming, Immortal Romance has been captivating generations of slot lovers all over the globe. It is one of the favourites in many\u00a0Canadian online casinos\u00a0and in case you don\u2019t know much about it, this is your chance to catch up. Immortal Romance was released in 2011 and quickly became a hit among the [&hellip;]","og_url":"https:\/\/casinolion.ca\/fr\/online-slots\/immortal-romance\/","article_modified_time":"2025-03-04T10:58:05+00:00","twitter_card":"summary_large_image","twitter_misc":{"Estimation du temps de lecture":"4 minutes"},"schema":{"@context":"https:\/\/schema.org","@graph":[{"@type":"WebPage","@id":"https:\/\/casinolion.ca\/online-slots\/immortal-romance\/","url":"https:\/\/casinolion.ca\/online-slots\/immortal-romance\/","name":"Revue de la romance immortelle","isPartOf":{"@id":"https:\/\/casinolion.ca\/fr\/#website"},"datePublished":"2025-03-04T10:56:50+00:00","dateModified":"2025-03-04T10:58:05+00:00","breadcrumb":{"@id":"https:\/\/casinolion.ca\/online-slots\/immortal-romance\/#breadcrumb"},"inLanguage":"fr-CA","potentialAction":[{"@type":"ReadAction","target":["https:\/\/casinolion.ca\/online-slots\/immortal-romance\/"]}]},{"@type":"BreadcrumbList","@id":"https:\/\/casinolion.ca\/online-slots\/immortal-romance\/#breadcrumb","itemListElement":[{"@type":"ListItem","position":1,"name":"Home","item":"https:\/\/casinolion.ca\/"},{"@type":"ListItem","position":2,"name":"Recommended Canadian Slots Sites","item":"https:\/\/casinolion.ca\/online-slots\/"},{"@type":"ListItem","position":3,"name":"Immortal Romance"}]},{"@type":"WebSite","@id":"https:\/\/casinolion.ca\/fr\/#website","url":"https:\/\/casinolion.ca\/fr\/","name":"","description":"","potentialAction":[{"@type":"SearchAction","target":{"@type":"EntryPoint","urlTemplate":"https:\/\/casinolion.ca\/fr\/?s={search_term_string}"},"query-input":{"@type":"PropertyValueSpecification","valueRequired":true,"valueName":"search_term_string"}}],"inLanguage":"fr-CA"}]}},"_links":{"self":[{"href":"https:\/\/casinolion.ca\/fr\/wp-json\/wp\/v2\/pages\/24487","targetHints":{"allow":["GET"]}}],"collection":[{"href":"https:\/\/casinolion.ca\/fr\/wp-json\/wp\/v2\/pages"}],"about":[{"href":"https:\/\/casinolion.ca\/fr\/wp-json\/wp\/v2\/types\/page"}],"author":[{"embeddable":true,"href":"https:\/\/casinolion.ca\/fr\/wp-json\/wp\/v2\/users\/1"}],"replies":[{"embeddable":true,"href":"https:\/\/casinolion.ca\/fr\/wp-json\/wp\/v2\/comments?post=24487"}],"version-history":[{"count":0,"href":"https:\/\/casinolion.ca\/fr\/wp-json\/wp\/v2\/pages\/24487\/revisions"}],"up":[{"embeddable":true,"href":"https:\/\/casinolion.ca\/fr\/wp-json\/wp\/v2\/pages\/455"}],"wp:attachment":[{"href":"https:\/\/casinolion.ca\/fr\/wp-json\/wp\/v2\/media?parent=24487"}],"curies":[{"name":"wp","href":"https:\/\/api.w.org\/{rel}","templated":true}]}}