
{"id":24488,"date":"2025-03-04T11:00:51","date_gmt":"2025-03-04T11:00:51","guid":{"rendered":"https:\/\/casinolion.ca\/?page_id=24488"},"modified":"2025-03-04T11:00:51","modified_gmt":"2025-03-04T11:00:51","slug":"nektan-casinos","status":"publish","type":"page","link":"https:\/\/casinolion.ca\/fr\/nektan-casinos\/","title":{"rendered":"Casinos Nektan"},"content":{"rendered":"<div class=\"expandable-read-more\" data-readmore-expandable=\"\">\n<div>\n<div id=\"\" class=\"app-wysiwyg\" data-readmore-content=\"\">\n<p>Nektan est l'un des plus grands fournisseurs de plateformes de casino au monde. Il g\u00e8re actuellement un peu plus de 60 casinos au Royaume-Uni.<\/p>\n<p>Ils offrent\u00a0<a href=\"https:\/\/casinolion.ca\/fr\/slots\/\">jeux de machines \u00e0 sous<\/a>, jeux de table RNG et\u00a0<a href=\"https:\/\/casinolion.ca\/fr\/live\/\">titres de casino en direct<\/a>\u00a0d'un grand nombre de d\u00e9veloppeurs. Il s'agit notamment de NetEnt, Microgaming, Evolution Gaming, IGT, Konami, Pragmatic Play et bien d'autres encore.<\/p>\n<p>Les casinos Nektan proposent toujours une large s\u00e9lection de m\u00e9thodes de paiement. Cela inclut souvent PayPal, mais si ce n'est pas le cas, d'autres portefeuilles \u00e9lectroniques tels que Neteller ou Skrill seront toujours repr\u00e9sent\u00e9s.<\/p>\n<p>Si vous jouez dans un casino propuls\u00e9 par Nektan, vous pouvez \u00eatre s\u00fbr de trouver :<\/p>\n<ul>\n<li>Un op\u00e9rateur enti\u00e8rement agr\u00e9\u00e9 et s\u00e9curis\u00e9<\/li>\n<li>Un large \u00e9ventail de titres des meilleurs d\u00e9veloppeurs de jeux de casino<\/li>\n<li>Des services bancaires rapides et efficaces<\/li>\n<\/ul>\n<p>La plupart des casinos aliment\u00e9s par Nektan choisissent parmi une dizaine d'offres de bonus, avec quelques variations pour chacune d'entre elles. Cependant, 90% d'entre eux auront une clause de gain maximum de 4 \u00e0 10 fois votre d\u00e9p\u00f4t - ce qui n'est jamais tr\u00e8s agr\u00e9able \u00e0 voir.<\/p>\n<\/div>\n<\/div>\n<\/div>\n<div class=\"app-header\">\n<h2 id=\"casinos\" class=\"_mPS2id-t mPS2id-target mPS2id-target-first\">\ud83e\udd47 Liste des casinos Nektan l\u00e9gitimes<\/h2>\n\n<div class=\"app-header\">\n<h2 id=\"\">Nektan face aux autres fournisseurs d'\u00e9tiquettes blanches<\/h2>\n<\/div>\n<div class=\"expandable-read-more\" data-readmore-expandable=\"\">\n<div>\n<div id=\"\" class=\"app-wysiwyg\" data-readmore-content=\"\">\n<p>Nous disposons d'un certain nombre d'indicateurs cl\u00e9s qui nous permettent de juger de la qualit\u00e9 des marques blanches. Voyons comment les casinos Nektan se situent par rapport aux autres.<\/p>\n<\/div>\n<\/div>\n<\/div>\n<div>\n<div id=\"\"><\/div>\n<div class=\"grid\">\n<div class=\"grid__col grid__col-sm-6\">\n<div class=\"paragraph-box app-wysiwyg\">\n<h3 class=\"no-border\">Fournisseur de jeux Vari\u00e9t\u00e9<\/h3>\n<p><img decoding=\"async\" class=\"alignleft wp-image-5487\" src=\"https:\/\/casinolion.ca\/wp-content\/uploads\/2020\/02\/sideGames-V1-300x300.png\" sizes=\"(max-width: 100px) 100vw, 100px\" srcset=\"https:\/\/casinolion.ca\/wp-content\/uploads\/2020\/02\/sideGames-V1-300x300.png 300w, https:\/\/casinolion.ca\/wp-content\/uploads\/2020\/02\/sideGames-V1-150x150.png 150w, https:\/\/casinolion.ca\/wp-content\/uploads\/2020\/02\/sideGames-V1-280x280.png 280w, https:\/\/casinolion.ca\/wp-content\/uploads\/2020\/02\/sideGames-V1.png 512w\" alt=\"\" width=\"100\" height=\"100\" \/><\/p>\n<p>Nous avons compt\u00e9 plus de\u00a0<strong>60<\/strong>\u00a0disponibles sur PlayGrand (l'un de nos sites WHG pr\u00e9f\u00e9r\u00e9s).<\/p>\n<p>Il semble que tous les fournisseurs de niveau 1 soient pr\u00e9sents, ainsi que de nouveaux studios dont nous n'avons jamais entendu parler, ce qui est g\u00e9nial !<\/p>\n<p>Pour les machines \u00e0 sous, c'est une \u00e9vidence, mais qu'en est-il des casinos en direct ?<\/p>\n<p>La plupart des sites proposent un duo de jeux d'Evolution Gaming et de Netent Live, ce qui est tout \u00e0 fait satisfaisant !<\/p>\n<\/div>\n<\/div>\n<div class=\"grid__col grid__col-sm-6\">\n<div class=\"paragraph-box app-wysiwyg\">\n<h3 class=\"no-border\">Vari\u00e9t\u00e9 des modes de paiement<\/h3>\n<p><img decoding=\"async\" class=\"alignleft wp-image-4845\" src=\"https:\/\/casinolion.ca\/wp-content\/uploads\/2020\/01\/LocalBanking-V1-1-300x300.png\" sizes=\"(max-width: 100px) 100vw, 100px\" srcset=\"https:\/\/casinolion.ca\/wp-content\/uploads\/2020\/01\/LocalBanking-V1-1-300x300.png 300w, https:\/\/casinolion.ca\/wp-content\/uploads\/2020\/01\/LocalBanking-V1-1-150x150.png 150w, https:\/\/casinolion.ca\/wp-content\/uploads\/2020\/01\/LocalBanking-V1-1-280x280.png 280w, https:\/\/casinolion.ca\/wp-content\/uploads\/2020\/01\/LocalBanking-V1-1.png 512w\" alt=\"\" width=\"100\" height=\"100\" \/><\/p>\n<p>Les casinos White Hat Gaming fonctionnent dans la plupart des march\u00e9s r\u00e9glement\u00e9s tels que le\u00a0<a href=\"https:\/\/casinolion.uk\/\">ROYAUME-UNI<\/a>\u00a0et\u00a0<a href=\"https:\/\/casinolion.eu\/se\/\">Su\u00e8de<\/a>, Ils disposent donc de tous les moyens de paiement l\u00e9gitimes.<\/p>\n<p>Pensez \u00e0 PayPal au Royaume-Uni, \u00e0 Interac et Instadebit au Canada, \u00e0 Trustly en Su\u00e8de - tout cela est disponible.<\/p>\n<p>Le fait de d\u00e9tenir toutes les licences de premier plan pr\u00e9sente un inconv\u00e9nient potentiel : aucune forme de paiement en crypto-monnaie n'est disponible dans les marques de WHG.<\/p>\n<p>&nbsp;<\/p>\n<\/div>\n<\/div>\n<div class=\"grid__col grid__col-sm-6\">\n<div class=\"paragraph-box app-wysiwyg\">\n<h3 class=\"no-border\">Offres de bonus de bienvenue<\/h3>\n<p><img decoding=\"async\" class=\"alignleft wp-image-4856\" src=\"https:\/\/casinolion.ca\/wp-content\/uploads\/2020\/01\/BonusesPromotions-V1-1-300x300.png\" sizes=\"(max-width: 100px) 100vw, 100px\" srcset=\"https:\/\/casinolion.ca\/wp-content\/uploads\/2020\/01\/BonusesPromotions-V1-1-300x300.png 300w, https:\/\/casinolion.ca\/wp-content\/uploads\/2020\/01\/BonusesPromotions-V1-1-150x150.png 150w, https:\/\/casinolion.ca\/wp-content\/uploads\/2020\/01\/BonusesPromotions-V1-1-280x280.png 280w, https:\/\/casinolion.ca\/wp-content\/uploads\/2020\/01\/BonusesPromotions-V1-1.png 512w\" alt=\"\" width=\"100\" height=\"100\" \/><\/p>\n<p>Il s'agit d'un autre domaine o\u00f9 les casinos White Hat Gaming ont tendance \u00e0 briller.<\/p>\n<p>Le package de bienvenue moyen est beaucoup plus g\u00e9n\u00e9reux sur les sites WHG par rapport \u00e0 n'importe quel autre fournisseur de marque blanche, peut-\u00eatre \u00e0 l'exception de\u00a0<a href=\"https:\/\/casinolion.ca\/fr\/softswiss-casinos\/\">SoftSwiss<\/a>.<\/p>\n<p>Si vous \u00eates un chasseur de primes, les marques de WHG sont ce qu'il vous faut.<\/p>\n<\/div>\n<\/div>\n<div class=\"grid__col grid__col-sm-6\">\n<div class=\"paragraph-box app-wysiwyg\">\n<h3 class=\"no-border\">Qualit\u00e9 du soutien \u00e0 la client\u00e8le<\/h3>\n<p><img decoding=\"async\" class=\"alignleft wp-image-4853\" src=\"https:\/\/casinolion.ca\/wp-content\/uploads\/2020\/01\/CustomerSupport-V1-2-300x300.png\" sizes=\"(max-width: 101px) 100vw, 101px\" srcset=\"https:\/\/casinolion.ca\/wp-content\/uploads\/2020\/01\/CustomerSupport-V1-2-300x300.png 300w, https:\/\/casinolion.ca\/wp-content\/uploads\/2020\/01\/CustomerSupport-V1-2-150x150.png 150w, https:\/\/casinolion.ca\/wp-content\/uploads\/2020\/01\/CustomerSupport-V1-2-280x280.png 280w, https:\/\/casinolion.ca\/wp-content\/uploads\/2020\/01\/CustomerSupport-V1-2.png 512w\" alt=\"\" width=\"101\" height=\"101\" \/><\/p>\n<p>La plupart des marques blanches utilisent l'assistance client\u00e8le externalis\u00e9e propos\u00e9e par White Hat Gaming.<\/p>\n<p>Lors de nos tests, les agents se sont montr\u00e9s comp\u00e9tents et ont r\u00e9pondu rapidement via la fonction de chat en direct.<\/p>\n<p>Dans l'ensemble, le service client\u00e8le de WHGs est nettement plus performant que celui de Nektan ou de ProgressPlay.<\/p>\n<\/div>\n<\/div>\n<\/div>\n<\/div>\n<div class=\"elements-separator\"><\/div>\n<div class=\"app-header\">\n<h2 id=\"\">M\u00e9thodes de paiement dans les casinos Nektan<\/h2>\n<\/div>\n<div>\n<div id=\"\" class=\"app-wysiwyg\">\n<p>L'un des attraits des casinos Nektan est leur plateforme de paiement fiable et s\u00e9curis\u00e9e. 90% des sites aliment\u00e9s par Nektan proposent des op\u00e9rations bancaires via le portefeuille \u00e9lectronique PayPal, qui est le syst\u00e8me de paiement par portefeuille \u00e9lectronique le plus populaire au monde. La plupart des autres casinos Nektan vous offrent \u00e9galement le choix entre :<\/p>\n<ul>\n<li>VISA<\/li>\n<li>MasterCard<\/li>\n<li>Neteller<\/li>\n<li>Skrill<\/li>\n<li>Confiance<\/li>\n<li>Cartes PaySafe<\/li>\n<li>Paiement mobile Boku<\/li>\n<\/ul>\n<p>Tr\u00e8s peu de sites Nektan, voire quelques-uns seulement, proposent \u00e9galement des paiements par virement bancaire - bien que cette option soit toujours la plus lente, avec un d\u00e9lai pouvant aller jusqu'\u00e0 14 jours dans certains cas.<\/p>\n<p>Les transactions par portefeuille \u00e9lectronique sont g\u00e9n\u00e9ralement tr\u00e8s rapides. De nombreux Nektan proposent des d\u00e9lais de retrait tr\u00e8s rapides pour les portefeuilles \u00e9lectroniques, dont beaucoup (comme le Chomp Casino) prennent moins d'une heure \u00e0 traiter.<\/p>\n<p>Cependant, l'un des plus gros inconv\u00e9nients de nombreux casinos aliment\u00e9s par Nektan est le d\u00e9lai d'attente de 72 heures, pendant lequel la demande de retrait peut \u00eatre facilement annul\u00e9e. Si vous \u00eates le genre de joueur qui ne peut parfois pas r\u00e9sister \u00e0 l'envie d'annuler ses retraits, cela pourrait ne pas vous convenir.<\/p>\n<\/div>\n<\/div>\n<div class=\"app-header\">\n<h2 id=\"\">Fournisseurs de jeux dans les casinos Nektan<\/h2>\n<\/div>\n<div>\n<div id=\"suppliers\" class=\"app-wysiwyg _mPS2id-t\">\n<p>95% de ces sites Nektan proposent des machines \u00e0 sous provenant d'une gamme de d\u00e9veloppeurs de premier plan et connus de l'industrie, y compris (mais sans s'y limiter) :<\/p>\n<ul>\n<li>Tigre rouge<\/li>\n<li>Microgaming<\/li>\n<li>NetEnt<\/li>\n<li>Pragmatique<\/li>\n<li>Eyecon<\/li>\n<li>Big Time Gaming<\/li>\n<li>NextGen Gaming<\/li>\n<li>Yggdrasil<\/li>\n<li>Elk Gaming<\/li>\n<li>Bet Digital<\/li>\n<\/ul>\n<p>Environ 80% proposent des titres de casino en direct, et 90% d'entre eux utilisent NetEnt pour les proposer. Quelques sites Nektan utilisent Evolution Gaming pour leur casino en direct.<\/p>\n<p>Quelques autres promettent des jeux Evolution live sur leur page d'accueil, mais ne vous permettent pas d'y acc\u00e9der une fois que vous vous \u00eates connect\u00e9. Si nous accordons \u00e0 ces casinos le b\u00e9n\u00e9fice du doute, nous dirons qu'il s'agit au mieux d'un probl\u00e8me d'informations obsol\u00e8tes - et nous esp\u00e9rons que c'est quelque chose qu'ils corrigeront rapidement.<\/p>\n<p>Nous vous avons indiqu\u00e9 quels sont ceux qui sont coupables de cette pratique dans nos \u00e9valuations individuelles ci-dessus.<\/p>\n<p>Les quelques casinos qui utilisent Evolution ne proposent pas les derniers titres Evo tels que Monopoly LIVE ou Lightning Dice. Si vous recherchez ces jeux en particulier, un site propuls\u00e9 par Nektan n'est peut-\u00eatre pas fait pour vous.<\/p>\n<p>Pour les amateurs de machines \u00e0 sous, la collection de Nektan devrait \u00eatre tout \u00e0 fait satisfaisante pour la plupart. Il manque juste quelques unes des machines \u00e0 sous progressives les plus populaires du moment. Cependant, vous trouverez des jeux tr\u00e8s appr\u00e9ci\u00e9s comme Gonzo's Quest, Starburst, Divine Fortune, Dead or Alive et bien d'autres encore.<\/p>\n<\/div>\n<\/div>\n<div class=\"app-header\">\n<h2 id=\"\">Bonus sans d\u00e9p\u00f4t<\/h2>\n<\/div>\n<div class=\"expandable-read-more\" data-readmore-expandable=\"\">\n<div>\n<div id=\"nodeposit\" class=\"app-wysiwyg\" data-readmore-content=\"\">\n<p>Seuls deux sites de casinos propuls\u00e9s par Nektan proposent\u00a0<a href=\"https:\/\/casinolion.ca\/fr\/no-deposit-bonus\/\">bonus sans d\u00e9p\u00f4t<\/a>, \u00e0 notre connaissance. Il s'agit de Jackpot Mobile et The Online Casino.<\/p>\n<p>Cependant, les conditions ne sont pas tr\u00e8s avantageuses : jusqu'\u00e0 100 fois la mise requise et, dans le cas du Casino en ligne, un gain maximum de $20.<\/p>\n<p>C'est compr\u00e9hensible, car les bonus sans d\u00e9p\u00f4t peuvent \u00eatre utilis\u00e9s abusivement par les joueurs pour gagner de l'argent facilement dans certains cas. Toutefois, de nombreux casinos en ligne proposent des conditions plus avantageuses.<\/p>\n<\/div>\n<\/div>\n<\/div>\n<h2 class=\"elements-separator\">Les casinos Nektan sur les plateformes mobiles<\/h2>\n<div class=\"expandable-read-more\" data-readmore-expandable=\"\">\n<div>\n<div id=\"\" class=\"app-wysiwyg\" data-readmore-content=\"\">\n<p>L'une des caract\u00e9ristiques les plus attrayantes des sites Nektan est qu'ils sont tous joliment con\u00e7us.\u00a0<a href=\"https:\/\/casinolion.ca\/fr\/mobile\/\">optimis\u00e9 pour les jeux mobiles<\/a>. De grandes ic\u00f4nes et des barres lat\u00e9rales faciles \u00e0 parcourir permettent de cr\u00e9er des sites de casino parfaitement adapt\u00e9s au d\u00e9filement sur les petits (et grands) \u00e9crans tactiles.<\/p>\n<p>Les jeux se chargent \u00e9galement de mani\u00e8re fluide et se jouent sans probl\u00e8me, m\u00eame pour les joueurs \u00e9quip\u00e9s d'appareils bas de gamme ou \u00e0 petit budget.<\/p>\n<p>Comme ils sont tous tr\u00e8s similaires, vous savez aussi que si un site propuls\u00e9 par Nektan fonctionne bien sur votre appareil mobile, il en sera de m\u00eame pour les autres. Il n'y a pas de surprise lorsque vous passez d'un site Nektan \u00e0 un autre lorsque vous \u00eates en d\u00e9placement.<\/p>\n<\/div>\n<\/div>\n<\/div>\n<h2 class=\"elements-separator\">\u00c0 propos de Nektan<\/h2>\n<div class=\"expandable-read-more\" data-readmore-expandable=\"\">\n<div>\n<div id=\"\" class=\"app-wysiwyg\" data-readmore-content=\"\">\n<div class=\"expandable-read-more\" data-readmore-expandable=\"\">\n<div>\n<div id=\"\" class=\"app-wysiwyg\" data-readmore-content=\"\">\n<p>Nektan a \u00e9t\u00e9 fond\u00e9e en 2014 et fournit des plateformes compl\u00e8tes et int\u00e9gr\u00e9es pour les casinos en ligne.<\/p>\n<p>Il s'agit de tout ce qui est n\u00e9cessaire au bon fonctionnement d'un casino en ligne.\u00a0<a href=\"https:\/\/casinolion.ca\/fr\/slots\/\">cr\u00e9neaux<\/a>, jeux de table, m\u00e9thodes de paiement, conditions g\u00e9n\u00e9rales,\u00a0<a href=\"https:\/\/casinolion.ca\/fr\/bonuses\/\">Offres de bonus<\/a>, Les jeux de casino en ligne, le marketing et les jeux de casino en direct sont tous fournis dans le cadre d'un seul et m\u00eame contrat.<\/p>\n<p>Ils disposent d'une licence de jeu \u00e0 Gibraltar et d'une licence UKGC, et ont des bureaux \u00e0 Gibraltar, aux \u00c9tats-Unis et au Royaume-Uni.\u00a0<a href=\"https:\/\/casinolion.uk\/\">ROYAUME-UNI<\/a>,\u00a0<a href=\"https:\/\/casinolion.in\/\">Inde<\/a>\u00a0et le\u00a0<a href=\"https:\/\/casinolion.us\/\">\u00c9TATS-UNIS<\/a>.<\/p>\n<p>V\u00e9ritable entreprise mondiale, elle fournit aujourd'hui une plateforme \u00e0 plus de 120 casinos en ligne sur diff\u00e9rents march\u00e9s mondiaux.<\/p>\n<\/div>\n<\/div>\n<\/div>\n<h2 class=\"elements-separator\">FAQ<\/h2>\n<\/div>\n<\/div>\n<\/div>\n<div class=\"faq-section\">\n<div class=\"app-wysiwyg\">\n<div id=\"ewd-ufaq-faq-list\" class=\"ewd-ufaq-faq-list ewd-ufaq-page-type-load_more\">\n<div class=\"ewd-ufaq-faqs\">\n<div id=\"ewd-ufaq-post-7811-zQcsUNKk3i\" class=\"ewd-ufaq-faq-div ewd-ufaq-faq-column-count-one ewd-ufaq-faq-responsive-columns- ewd-ufaq-faq-display-style-one ewd-ufaq-can-be-toggled\" data-post_id=\"7811\">\n<div class=\"ewd-ufaq-faq-title ewd-ufaq-faq-toggle\">\n<div class=\"ewd-ufaq-faq-title-text\">\n<h4>\u2753Comment les casinos Nektan se situent-ils par rapport aux plateformes de niveau 1 de l'industrie ?<\/h4>\n<\/div>\n<\/div>\n<div class=\"ewd-ufaq-faq-body\">\n<div class=\"ewd-ufaq-post-margin ewd-ufaq-faq-post\">\n<p>Les casinos Nektan sont surtout populaires au Royaume-Uni et leur sauce secr\u00e8te \u00e9tait une bonne gamme de m\u00e9thodes de d\u00e9p\u00f4t et de fournisseurs de jeux.<\/p>\n<p>En dehors de cela, ils sont \u00e0 des kilom\u00e8tres derri\u00e8re les marques blanches de\u00a0<a href=\"https:\/\/www.lioncasinos.com\/white-hat-gaming\/\">White Hat Gaming<\/a>\u00a0par exemple.<\/p>\n<p>Les casinos Nektan ont g\u00e9n\u00e9ralement une fen\u00eatre d'attente de 72 heures, les bonus ont g\u00e9n\u00e9ralement une clause de retrait maximum et l'exp\u00e9rience utilisateur sur leurs sites n'est vraiment pas g\u00e9niale.<\/p>\n<\/div>\n<\/div>\n<\/div>\n<\/div>\n<\/div>\n<\/div>\n<\/div>\n<p>&nbsp;<\/p>\n<\/div>","protected":false},"excerpt":{"rendered":"<p>Nektan est l'un des plus grands fournisseurs de plateformes de casino au monde. Il g\u00e8re actuellement un peu plus de 60 casinos au Royaume-Uni. Ils proposent des jeux de machines \u00e0 sous, des jeux de table RNG et des titres de casino en direct provenant d'une grande vari\u00e9t\u00e9 de d\u00e9veloppeurs. Il s'agit notamment de NetEnt, Microgaming, Evolution Gaming, IGT, Konami, Pragmatic Play et bien d'autres encore. Les casinos Nektan proposent \u00e9galement une solide s\u00e9lection de [...]<\/p>","protected":false},"author":1,"featured_media":0,"parent":0,"menu_order":0,"comment_status":"closed","ping_status":"closed","template":"software-review.php","meta":{"_acf_changed":false,"footnotes":""},"class_list":["post-24488","page","type-page","status-publish","hentry"],"acf":[],"yoast_head":"<!-- This site is optimized with the Yoast SEO plugin v26.1.1 - https:\/\/yoast.com\/wordpress\/plugins\/seo\/ -->\n<title>Nektan Casinos<\/title>\n<meta name=\"robots\" content=\"index, follow, max-snippet:-1, max-image-preview:large, max-video-preview:-1\" \/>\n<link rel=\"canonical\" href=\"https:\/\/casinolion.ca\/fr\/nektan-casinos\/\" \/>\n<meta property=\"og:locale\" content=\"fr_CA\" \/>\n<meta property=\"og:type\" content=\"article\" \/>\n<meta property=\"og:title\" content=\"Nektan Casinos\" \/>\n<meta property=\"og:description\" content=\"Nektan is one of the biggest casino platform providers globally. They currently power just over 60 casinos in the UK. They offer\u00a0slot games, RNG table games and\u00a0live casino titles\u00a0from a variety of developers. These include NetEnt, Microgaming, Evolution Gaming, IGT, Konami, Pragmatic Play and many more. Nektan Casinos also always offer a strong selection of [&hellip;]\" \/>\n<meta property=\"og:url\" content=\"https:\/\/casinolion.ca\/fr\/nektan-casinos\/\" \/>\n<meta property=\"og:image\" content=\"https:\/\/casinolion.ca\/wp-content\/uploads\/2020\/02\/sideGames-V1-300x300.png\" \/>\n<meta name=\"twitter:card\" content=\"summary_large_image\" \/>\n<meta name=\"twitter:label1\" content=\"Estimation du temps de lecture\" \/>\n\t<meta name=\"twitter:data1\" content=\"7 minutes\" \/>\n<script type=\"application\/ld+json\" class=\"yoast-schema-graph\">{\"@context\":\"https:\/\/schema.org\",\"@graph\":[{\"@type\":\"WebPage\",\"@id\":\"https:\/\/casinolion.ca\/nektan-casinos\/\",\"url\":\"https:\/\/casinolion.ca\/nektan-casinos\/\",\"name\":\"Nektan Casinos\",\"isPartOf\":{\"@id\":\"https:\/\/casinolion.ca\/fr\/#website\"},\"primaryImageOfPage\":{\"@id\":\"https:\/\/casinolion.ca\/nektan-casinos\/#primaryimage\"},\"image\":{\"@id\":\"https:\/\/casinolion.ca\/nektan-casinos\/#primaryimage\"},\"thumbnailUrl\":\"https:\/\/casinolion.ca\/wp-content\/uploads\/2020\/02\/sideGames-V1-300x300.png\",\"datePublished\":\"2025-03-04T11:00:51+00:00\",\"breadcrumb\":{\"@id\":\"https:\/\/casinolion.ca\/nektan-casinos\/#breadcrumb\"},\"inLanguage\":\"fr-CA\",\"potentialAction\":[{\"@type\":\"ReadAction\",\"target\":[\"https:\/\/casinolion.ca\/nektan-casinos\/\"]}]},{\"@type\":\"ImageObject\",\"inLanguage\":\"fr-CA\",\"@id\":\"https:\/\/casinolion.ca\/nektan-casinos\/#primaryimage\",\"url\":\"https:\/\/casinolion.ca\/wp-content\/uploads\/2020\/02\/sideGames-V1-300x300.png\",\"contentUrl\":\"https:\/\/casinolion.ca\/wp-content\/uploads\/2020\/02\/sideGames-V1-300x300.png\"},{\"@type\":\"BreadcrumbList\",\"@id\":\"https:\/\/casinolion.ca\/nektan-casinos\/#breadcrumb\",\"itemListElement\":[{\"@type\":\"ListItem\",\"position\":1,\"name\":\"Home\",\"item\":\"https:\/\/casinolion.ca\/\"},{\"@type\":\"ListItem\",\"position\":2,\"name\":\"Nektan Casinos\"}]},{\"@type\":\"WebSite\",\"@id\":\"https:\/\/casinolion.ca\/fr\/#website\",\"url\":\"https:\/\/casinolion.ca\/fr\/\",\"name\":\"\",\"description\":\"\",\"potentialAction\":[{\"@type\":\"SearchAction\",\"target\":{\"@type\":\"EntryPoint\",\"urlTemplate\":\"https:\/\/casinolion.ca\/fr\/?s={search_term_string}\"},\"query-input\":{\"@type\":\"PropertyValueSpecification\",\"valueRequired\":true,\"valueName\":\"search_term_string\"}}],\"inLanguage\":\"fr-CA\"}]}<\/script>\n<!-- \/ Yoast SEO plugin. -->","yoast_head_json":{"title":"Casinos Nektan","robots":{"index":"index","follow":"follow","max-snippet":"max-snippet:-1","max-image-preview":"max-image-preview:large","max-video-preview":"max-video-preview:-1"},"canonical":"https:\/\/casinolion.ca\/fr\/nektan-casinos\/","og_locale":"fr_CA","og_type":"article","og_title":"Nektan Casinos","og_description":"Nektan is one of the biggest casino platform providers globally. They currently power just over 60 casinos in the UK. They offer\u00a0slot games, RNG table games and\u00a0live casino titles\u00a0from a variety of developers. These include NetEnt, Microgaming, Evolution Gaming, IGT, Konami, Pragmatic Play and many more. Nektan Casinos also always offer a strong selection of [&hellip;]","og_url":"https:\/\/casinolion.ca\/fr\/nektan-casinos\/","og_image":[{"url":"https:\/\/casinolion.ca\/wp-content\/uploads\/2020\/02\/sideGames-V1-300x300.png","type":"","width":"","height":""}],"twitter_card":"summary_large_image","twitter_misc":{"Estimation du temps de lecture":"7 minutes"},"schema":{"@context":"https:\/\/schema.org","@graph":[{"@type":"WebPage","@id":"https:\/\/casinolion.ca\/nektan-casinos\/","url":"https:\/\/casinolion.ca\/nektan-casinos\/","name":"Casinos Nektan","isPartOf":{"@id":"https:\/\/casinolion.ca\/fr\/#website"},"primaryImageOfPage":{"@id":"https:\/\/casinolion.ca\/nektan-casinos\/#primaryimage"},"image":{"@id":"https:\/\/casinolion.ca\/nektan-casinos\/#primaryimage"},"thumbnailUrl":"https:\/\/casinolion.ca\/wp-content\/uploads\/2020\/02\/sideGames-V1-300x300.png","datePublished":"2025-03-04T11:00:51+00:00","breadcrumb":{"@id":"https:\/\/casinolion.ca\/nektan-casinos\/#breadcrumb"},"inLanguage":"fr-CA","potentialAction":[{"@type":"ReadAction","target":["https:\/\/casinolion.ca\/nektan-casinos\/"]}]},{"@type":"ImageObject","inLanguage":"fr-CA","@id":"https:\/\/casinolion.ca\/nektan-casinos\/#primaryimage","url":"https:\/\/casinolion.ca\/wp-content\/uploads\/2020\/02\/sideGames-V1-300x300.png","contentUrl":"https:\/\/casinolion.ca\/wp-content\/uploads\/2020\/02\/sideGames-V1-300x300.png"},{"@type":"BreadcrumbList","@id":"https:\/\/casinolion.ca\/nektan-casinos\/#breadcrumb","itemListElement":[{"@type":"ListItem","position":1,"name":"Home","item":"https:\/\/casinolion.ca\/"},{"@type":"ListItem","position":2,"name":"Nektan Casinos"}]},{"@type":"WebSite","@id":"https:\/\/casinolion.ca\/fr\/#website","url":"https:\/\/casinolion.ca\/fr\/","name":"","description":"","potentialAction":[{"@type":"SearchAction","target":{"@type":"EntryPoint","urlTemplate":"https:\/\/casinolion.ca\/fr\/?s={search_term_string}"},"query-input":{"@type":"PropertyValueSpecification","valueRequired":true,"valueName":"search_term_string"}}],"inLanguage":"fr-CA"}]}},"_links":{"self":[{"href":"https:\/\/casinolion.ca\/fr\/wp-json\/wp\/v2\/pages\/24488","targetHints":{"allow":["GET"]}}],"collection":[{"href":"https:\/\/casinolion.ca\/fr\/wp-json\/wp\/v2\/pages"}],"about":[{"href":"https:\/\/casinolion.ca\/fr\/wp-json\/wp\/v2\/types\/page"}],"author":[{"embeddable":true,"href":"https:\/\/casinolion.ca\/fr\/wp-json\/wp\/v2\/users\/1"}],"replies":[{"embeddable":true,"href":"https:\/\/casinolion.ca\/fr\/wp-json\/wp\/v2\/comments?post=24488"}],"version-history":[{"count":0,"href":"https:\/\/casinolion.ca\/fr\/wp-json\/wp\/v2\/pages\/24488\/revisions"}],"wp:attachment":[{"href":"https:\/\/casinolion.ca\/fr\/wp-json\/wp\/v2\/media?parent=24488"}],"curies":[{"name":"wp","href":"https:\/\/api.w.org\/{rel}","templated":true}]}}