
{"id":24489,"date":"2025-03-04T11:03:46","date_gmt":"2025-03-04T11:03:46","guid":{"rendered":"https:\/\/casinolion.ca\/?page_id=24489"},"modified":"2025-03-04T11:04:10","modified_gmt":"2025-03-04T11:04:10","slug":"break-da-bank","status":"publish","type":"page","link":"https:\/\/casinolion.ca\/fr\/online-slots\/break-da-bank\/","title":{"rendered":"Break Da Bank"},"content":{"rendered":"<div id=\"PlayFreeGame\" class=\"game_box\" style=\"padding-bottom: 75%; margin-bottom: 30px; background-size:cover; background-repeat:no-repeat;background-color:  #d24d57; background-image: url('https:\/\/a1.lcb.org\/system\/modules\/game\/images\/attachments\/000\/378\/914\/original\/bdb1.jpg?1623396873');\">\n                        <i class=\"fas fa-play-circle\"><\/i>\n                     <\/div>\n                     <script>\n                        let iframe = '<iframe loading=\"lazy\" src=\"https:\/\/slotslaunch.com\/iframe\/11380?token=rvgmcR4z0DADcCv3Hy0pVy9HQf7iaZ9tGNS9qWMaoIJPRjmw38\" width=\"930\" height=\"576\" frameborder=\"0\" allowTransparency=\"true\" bgcolor=\"#FFFFFF\" style=\"background-color: black;\"><\/iframe>';\n                        let holder = document.querySelector(\"#PlayFreeGame\");\n                        holder.addEventListener(\"click\", function(){\n                            holder.innerHTML = iframe;\n                        });\n                    <\/script><h2 id=\"Break-da-Bank-data-and-features\">Break da Bank Donn\u00e9es et caract\u00e9ristiques<\/h2>\n                <table class=\"tablepress\">\n                    <tbody><tr><td><strong>Enrouleurs<\/strong><\/td><td>3<\/td><\/tr><tr><td><strong>Lignes de paiement<\/strong><\/td><td>5<\/td><\/tr><tr><td><strong>Jackpot maximum<\/strong><\/td><td>$60,000.00<\/td><\/tr><tr><td><strong>Pourcentage de paiement<\/strong><\/td><td>95.750<\/td><\/tr><tr><td><strong>Symbole Wild<\/strong><\/td><td>Oui<\/td><\/tr><tr><td><strong>Multiplicateur<\/strong><\/td><td>Oui<\/td><\/tr><tr><td><strong>Gamme de paris<\/strong><\/td><td>1 - 125<\/td><\/tr><tr><td><strong>Plage de mise des pi\u00e8ces<\/strong><\/td><td>1 - 25<\/td><\/tr><tr><td><strong>Pi\u00e8ces par ligne<\/strong><\/td><td>1<\/td><\/tr><tr><td><strong>Progressif<\/strong><\/td><td>Non<\/td><\/tr><tr><td><strong>Max coins jackpot<\/strong><\/td><td>2400<\/td><\/tr><tr><td><strong>Pi\u00e8ces maximales<\/strong><\/td><td>25<\/td><\/tr><tr><td><strong>Symbole Scatter<\/strong><\/td><td>Non<\/td><\/tr><tr><td><strong>Tours gratuits disponibles<\/strong><\/td><td>Non<\/td><\/tr><tr><td><strong>Jeu bonus<\/strong><\/td><td>Non<\/td><\/tr><tr><td><strong>Acheter la fonctionnalit\u00e9<\/strong><\/td><td>Non<\/td><\/tr><tr><td><strong>Volatilit\u00e9<\/strong><\/td><td>Moyen<\/td><\/tr><\/tbody><\/table>\n<p>Break da Bank est cens\u00e9e \u00eatre une machine \u00e0 sous sur le th\u00e8me du braquage de banque, mais \u00e0 l'exception de l'arri\u00e8re-plan\/du logo et du symbole principal, vous n'avez pas grand-chose \u00e0 voir avec cela.<\/p>\n<p>Les symboles r\u00e9guliers prennent la forme de signes de dollar et des trois logos de barre (en 1, 2 ou 3 variantes empil\u00e9es). Il a un aspect vieillot, comme s'il datait des ann\u00e9es 90.<\/p>\n<div class=\"app-header\">\n<h2 id=\"\">D\u00e9veloppeur<\/h2>\n<\/div>\n<div>\n<div id=\"\" class=\"app-wysiwyg\">\n<p>La soci\u00e9t\u00e9 qui a cr\u00e9\u00e9 Break da Bank s'appelle\u00a0<a href=\"https:\/\/casinolion.ca\/fr\/microgaming\/\">Microgaming<\/a>, C'est un g\u00e9ant de l'industrie du jeu, son plus grand d\u00e9veloppeur de jeux de casino.<\/p>\n<p>Cr\u00e9\u00e9e en 1996, en tant que\u00a0<a href=\"https:\/\/casinolion.ca\/fr\/reviews\/\">casinos en ligne<\/a>\u00a0n'en \u00e9tait qu'\u00e0 ses d\u00e9buts, il a cr\u00e9\u00e9 des centaines et des centaines de machines \u00e0 sous depuis lors, dont beaucoup existent toujours et ont adopt\u00e9 la technologie HTML5, pour une utilisation plus facile.<\/p>\n<p>Ils ont su s'adapter \u00e0 leur \u00e9poque et sont toujours aussi performants aujourd'hui, m\u00eame si, derni\u00e8rement, ils ont commenc\u00e9 \u00e0 faire appel \u00e0 des studios ext\u00e9rieurs pour la cr\u00e9ation de leurs produits.\u00a0<a href=\"https:\/\/casinolion.ca\/fr\/slots\/\">Machines \u00e0 sous<\/a>\u00a0pour leur r\u00e9seau.<\/p>\n<div class=\"app-header\">\n<h2 id=\"\">Th\u00e8me et symboles<\/h2>\n<\/div>\n<div class=\"expandable-read-more\" data-readmore-expandable=\"\">\n<div>\n<div id=\"\" class=\"app-wysiwyg\" data-readmore-content=\"\">\n<p>Ce n'est pas le jeu le moins cher, car il faut utiliser au moins $5 \u00e0 chaque tour, et l'eau peut monter jusqu'\u00e0 $125. L'utilisation de 5 lignes n\u00e9cessite une mise de $1 \u00e0 $25 sur chacune d'entre elles. Il est possible de r\u00e9duire un peu la mise en r\u00e9duisant le nombre de lignes actives, mais la valeur du jackpot n'est pas aussi \u00e9lev\u00e9e pour les deux premi\u00e8res lignes.<\/p>\n<p>De nos jours, je pense que vous trouverez que Break da Bank est une machine \u00e0 sous tr\u00e8s simple et \u00e0 l'aspect vieillot, utilisant des rouleaux 3\u00d73 et offrant 5 lignes actives, \u00e0 chaque tour.<\/p>\n<p>Il n'y a pas grand-chose \u00e0 mentionner ici, ses fonctionnalit\u00e9s ne sont pas terriblement avanc\u00e9es, mais si vous voulez jouer \u00e0 un classique, le jeu a encore beaucoup d'autres atouts, et il est tr\u00e8s appr\u00e9ci\u00e9 \u00e0 ce jour.<\/p>\n<p>Plusieurs suites ont \u00e9galement \u00e9t\u00e9 publi\u00e9es, donc elles peuvent \u00e9galement convenir si vous pr\u00e9f\u00e9rez les machines \u00e0 sous \u00e0 5 rouleaux plus modernes avec de meilleurs graphismes et fonctionnalit\u00e9s. Les plus populaires d'entre elles sont Break Da Bank Again et une version plus moderne connue sous le nom de Bust The Bank.<\/p>\n<h3>Caract\u00e9ristiques sp\u00e9ciales<\/h3>\n<div class=\"app-wysiwyg\">\n<p>Pour un jeu \u00e0 3 rouleaux, il n'y a pas lieu de s'attendre \u00e0 ce qu'il y ait beaucoup de fonctions. Vous avez cependant des symboles sauvages qui peuvent \u00eatre d'une grande aide.<\/p>\n<p>Tout d'abord, ces symboles sauvages sont utilis\u00e9s comme substituts, vous pouvez donc les combiner avec des symboles normaux afin de cr\u00e9er des combinaisons de moindre valeur. En m\u00eame temps, chaque joker qui contribue \u00e0 la r\u00e9ussite du jeu applique un multiplicateur de 2x. Avec un joker, les gains sont doubl\u00e9s. Avec deux jokers sur la m\u00eame ligne, le gain est de 4 fois la valeur habituelle.<\/p>\n<p>Il y a aussi le fait que le symbole Wild paye directement, \u00e0 condition qu'il apparaisse sur les trois positions d'une ligne. Les gains varient en fonction de la ligne sur laquelle il appara\u00eet, avec 1000 \u00e0 2400 pi\u00e8ces pay\u00e9es pour les lignes 1 \u00e0 5.<\/p>\n<\/div>\n<\/div>\n<\/div>\n<\/div>\n<\/div>\n<\/div>","protected":false},"excerpt":{"rendered":"<p>Break da Bank est cens\u00e9e \u00eatre une machine \u00e0 sous sur le th\u00e8me du braquage de banque, mais \u00e0 l'exception de l'arri\u00e8re-plan, de la zone du logo et du symbole principal, ce n'est pas vraiment le cas. Les symboles r\u00e9guliers prennent la forme de signes de dollar et des trois logos de barre (dans les variantes 1, 2 ou 3 empil\u00e9es). Il y a un [...]<\/p>","protected":false},"author":1,"featured_media":0,"parent":455,"menu_order":0,"comment_status":"closed","ping_status":"closed","template":"","meta":{"_acf_changed":false,"footnotes":""},"class_list":["post-24489","page","type-page","status-publish","hentry"],"acf":[],"yoast_head":"<!-- This site is optimized with the Yoast SEO plugin v26.1.1 - https:\/\/yoast.com\/wordpress\/plugins\/seo\/ -->\n<title>Break Da Bank Slot Review<\/title>\n<meta name=\"robots\" content=\"index, follow, max-snippet:-1, max-image-preview:large, max-video-preview:-1\" \/>\n<link rel=\"canonical\" href=\"https:\/\/casinolion.ca\/fr\/online-slots\/break-da-bank\/\" \/>\n<meta property=\"og:locale\" content=\"fr_CA\" \/>\n<meta property=\"og:type\" content=\"article\" \/>\n<meta property=\"og:title\" content=\"Break Da Bank Slot Review\" \/>\n<meta property=\"og:description\" content=\"Break da Bank is supposed to be a bank robbery themed slot machine, but with the exception of the background\/logo area and the main symbol, you don\u2019t get much of that. Regular symbols take the form of Dollar Signs and of the three Bar logos (in 1, 2 or 3 stacked variants). It\u2019s got a [&hellip;]\" \/>\n<meta property=\"og:url\" content=\"https:\/\/casinolion.ca\/fr\/online-slots\/break-da-bank\/\" \/>\n<meta property=\"article:modified_time\" content=\"2025-03-04T11:04:10+00:00\" \/>\n<meta name=\"twitter:card\" content=\"summary_large_image\" \/>\n<meta name=\"twitter:label1\" content=\"Estimation du temps de lecture\" \/>\n\t<meta name=\"twitter:data1\" content=\"3 minutes\" \/>\n<script type=\"application\/ld+json\" class=\"yoast-schema-graph\">{\"@context\":\"https:\/\/schema.org\",\"@graph\":[{\"@type\":\"WebPage\",\"@id\":\"https:\/\/casinolion.ca\/online-slots\/break-da-bank\/\",\"url\":\"https:\/\/casinolion.ca\/online-slots\/break-da-bank\/\",\"name\":\"Break Da Bank Slot Review\",\"isPartOf\":{\"@id\":\"https:\/\/casinolion.ca\/fr\/#website\"},\"datePublished\":\"2025-03-04T11:03:46+00:00\",\"dateModified\":\"2025-03-04T11:04:10+00:00\",\"breadcrumb\":{\"@id\":\"https:\/\/casinolion.ca\/online-slots\/break-da-bank\/#breadcrumb\"},\"inLanguage\":\"fr-CA\",\"potentialAction\":[{\"@type\":\"ReadAction\",\"target\":[\"https:\/\/casinolion.ca\/online-slots\/break-da-bank\/\"]}]},{\"@type\":\"BreadcrumbList\",\"@id\":\"https:\/\/casinolion.ca\/online-slots\/break-da-bank\/#breadcrumb\",\"itemListElement\":[{\"@type\":\"ListItem\",\"position\":1,\"name\":\"Home\",\"item\":\"https:\/\/casinolion.ca\/\"},{\"@type\":\"ListItem\",\"position\":2,\"name\":\"Recommended Canadian Slots Sites\",\"item\":\"https:\/\/casinolion.ca\/online-slots\/\"},{\"@type\":\"ListItem\",\"position\":3,\"name\":\"Break Da Bank\"}]},{\"@type\":\"WebSite\",\"@id\":\"https:\/\/casinolion.ca\/fr\/#website\",\"url\":\"https:\/\/casinolion.ca\/fr\/\",\"name\":\"\",\"description\":\"\",\"potentialAction\":[{\"@type\":\"SearchAction\",\"target\":{\"@type\":\"EntryPoint\",\"urlTemplate\":\"https:\/\/casinolion.ca\/fr\/?s={search_term_string}\"},\"query-input\":{\"@type\":\"PropertyValueSpecification\",\"valueRequired\":true,\"valueName\":\"search_term_string\"}}],\"inLanguage\":\"fr-CA\"}]}<\/script>\n<!-- \/ Yoast SEO plugin. -->","yoast_head_json":{"title":"Break Da Bank Slot Review","robots":{"index":"index","follow":"follow","max-snippet":"max-snippet:-1","max-image-preview":"max-image-preview:large","max-video-preview":"max-video-preview:-1"},"canonical":"https:\/\/casinolion.ca\/fr\/online-slots\/break-da-bank\/","og_locale":"fr_CA","og_type":"article","og_title":"Break Da Bank Slot Review","og_description":"Break da Bank is supposed to be a bank robbery themed slot machine, but with the exception of the background\/logo area and the main symbol, you don\u2019t get much of that. Regular symbols take the form of Dollar Signs and of the three Bar logos (in 1, 2 or 3 stacked variants). It\u2019s got a [&hellip;]","og_url":"https:\/\/casinolion.ca\/fr\/online-slots\/break-da-bank\/","article_modified_time":"2025-03-04T11:04:10+00:00","twitter_card":"summary_large_image","twitter_misc":{"Estimation du temps de lecture":"3 minutes"},"schema":{"@context":"https:\/\/schema.org","@graph":[{"@type":"WebPage","@id":"https:\/\/casinolion.ca\/online-slots\/break-da-bank\/","url":"https:\/\/casinolion.ca\/online-slots\/break-da-bank\/","name":"Break Da Bank Slot Review","isPartOf":{"@id":"https:\/\/casinolion.ca\/fr\/#website"},"datePublished":"2025-03-04T11:03:46+00:00","dateModified":"2025-03-04T11:04:10+00:00","breadcrumb":{"@id":"https:\/\/casinolion.ca\/online-slots\/break-da-bank\/#breadcrumb"},"inLanguage":"fr-CA","potentialAction":[{"@type":"ReadAction","target":["https:\/\/casinolion.ca\/online-slots\/break-da-bank\/"]}]},{"@type":"BreadcrumbList","@id":"https:\/\/casinolion.ca\/online-slots\/break-da-bank\/#breadcrumb","itemListElement":[{"@type":"ListItem","position":1,"name":"Home","item":"https:\/\/casinolion.ca\/"},{"@type":"ListItem","position":2,"name":"Recommended Canadian Slots Sites","item":"https:\/\/casinolion.ca\/online-slots\/"},{"@type":"ListItem","position":3,"name":"Break Da Bank"}]},{"@type":"WebSite","@id":"https:\/\/casinolion.ca\/fr\/#website","url":"https:\/\/casinolion.ca\/fr\/","name":"","description":"","potentialAction":[{"@type":"SearchAction","target":{"@type":"EntryPoint","urlTemplate":"https:\/\/casinolion.ca\/fr\/?s={search_term_string}"},"query-input":{"@type":"PropertyValueSpecification","valueRequired":true,"valueName":"search_term_string"}}],"inLanguage":"fr-CA"}]}},"_links":{"self":[{"href":"https:\/\/casinolion.ca\/fr\/wp-json\/wp\/v2\/pages\/24489","targetHints":{"allow":["GET"]}}],"collection":[{"href":"https:\/\/casinolion.ca\/fr\/wp-json\/wp\/v2\/pages"}],"about":[{"href":"https:\/\/casinolion.ca\/fr\/wp-json\/wp\/v2\/types\/page"}],"author":[{"embeddable":true,"href":"https:\/\/casinolion.ca\/fr\/wp-json\/wp\/v2\/users\/1"}],"replies":[{"embeddable":true,"href":"https:\/\/casinolion.ca\/fr\/wp-json\/wp\/v2\/comments?post=24489"}],"version-history":[{"count":0,"href":"https:\/\/casinolion.ca\/fr\/wp-json\/wp\/v2\/pages\/24489\/revisions"}],"up":[{"embeddable":true,"href":"https:\/\/casinolion.ca\/fr\/wp-json\/wp\/v2\/pages\/455"}],"wp:attachment":[{"href":"https:\/\/casinolion.ca\/fr\/wp-json\/wp\/v2\/media?parent=24489"}],"curies":[{"name":"wp","href":"https:\/\/api.w.org\/{rel}","templated":true}]}}