
{"id":24490,"date":"2025-03-04T11:06:36","date_gmt":"2025-03-04T11:06:36","guid":{"rendered":"https:\/\/casinolion.ca\/?page_id=24490"},"modified":"2025-03-04T11:07:16","modified_gmt":"2025-03-04T11:07:16","slug":"temple-of-treasure-megaways","status":"publish","type":"page","link":"https:\/\/casinolion.ca\/fr\/online-slots\/temple-of-treasure-megaways\/","title":{"rendered":"Temple du tr\u00e9sor Megaways"},"content":{"rendered":"<div id=\"PlayFreeGame\" class=\"game_box\" style=\"padding-bottom: 75%; margin-bottom: 30px; background-size:cover; background-repeat:no-repeat;background-color:  #d24d57; background-image: url('https:\/\/a1.lcb.org\/system\/modules\/game\/images\/attachments\/000\/459\/734\/original\/TempleofTorment1.jpg?1685602226');\">\n                        <i class=\"fas fa-play-circle\"><\/i>\n                     <\/div>\n                     <script>\n                        let iframe = '<iframe loading=\"lazy\" src=\"https:\/\/slotslaunch.com\/iframe\/13936?token=rvgmcR4z0DADcCv3Hy0pVy9HQf7iaZ9tGNS9qWMaoIJPRjmw38\" width=\"930\" height=\"576\" frameborder=\"0\" allowTransparency=\"true\" bgcolor=\"#FFFFFF\" style=\"background-color: black;\"><\/iframe>';\n                        let holder = document.querySelector(\"#PlayFreeGame\");\n                        holder.addEventListener(\"click\", function(){\n                            holder.innerHTML = iframe;\n                        });\n                    <\/script><h2 id=\"Temple-of-Torment-data-and-features\">Donn\u00e9es et caract\u00e9ristiques de Temple of Torment<\/h2>\n                <table class=\"tablepress\">\n                    <tbody><tr><td><strong>Enrouleurs<\/strong><\/td><td>5<\/td><\/tr><tr><td><strong>Lignes de paiement<\/strong><\/td><td>14<\/td><\/tr><tr><td><strong>Jackpot maximum<\/strong><\/td><td>$4,000.00<\/td><\/tr><tr><td><strong>Pourcentage de paiement<\/strong><\/td><td>96.200<\/td><\/tr><tr><td><strong>Symbole Wild<\/strong><\/td><td>Oui<\/td><\/tr><tr><td><strong>Multiplicateur<\/strong><\/td><td>Oui<\/td><\/tr><tr><td><strong>Gamme de paris<\/strong><\/td><td>0.1 - 100<\/td><\/tr><tr><td><strong>Plage de mise des pi\u00e8ces<\/strong><\/td><td>0.01 - 10<\/td><\/tr><tr><td><strong>Pi\u00e8ces par ligne<\/strong><\/td><td>1<\/td><\/tr><tr><td><strong>Progressif<\/strong><\/td><td>Non<\/td><\/tr><tr><td><strong>Max coins jackpot<\/strong><\/td><td>400<\/td><\/tr><tr><td><strong>Pi\u00e8ces maximales<\/strong><\/td><td>10<\/td><\/tr><tr><td><strong>Symbole Scatter<\/strong><\/td><td>Non<\/td><\/tr><tr><td><strong>Tours gratuits disponibles<\/strong><\/td><td>Oui<\/td><\/tr><tr><td><strong>Jeu bonus<\/strong><\/td><td>Non<\/td><\/tr><tr><td><strong>Acheter la fonctionnalit\u00e9<\/strong><\/td><td>Oui<\/td><\/tr><tr><td><strong>Th\u00e8me du jeu<\/strong><\/td><td>\u00c9gyptien, Mythologie<\/td><\/tr><tr><td><strong>Volatilit\u00e9<\/strong><\/td><td>Moyen<\/td><\/tr><\/tbody><\/table>\n<p>Temple Of Treasure est une machine \u00e0 sous vid\u00e9o sur le th\u00e8me des Azt\u00e8ques, d\u00e9velopp\u00e9e par\u00a0<a href=\"https:\/\/casinolion.ca\/fr\/blueprint-gaming\/\">Blueprint Gaming<\/a>\u00a0sous licence de\u00a0<a href=\"https:\/\/casinolion.ca\/fr\/big-time-gaming\/\">Big Time Gaming<\/a>. Comme beaucoup d'autres titres Megaways, il permet aux joueurs de gagner jusqu'\u00e0 117 649 fois. Au-dessus des 6 rouleaux verticaux standard, dont chacun peut empiler jusqu'\u00e0 7 ic\u00f4nes, il y a 4 positions de symboles qui forment un rouleau suppl\u00e9mentaire tournant sur le c\u00f4t\u00e9. Le jeu est dot\u00e9 de fonctions sp\u00e9ciales typiques des machines \u00e0 sous Megaways, notamment un choix d'options de tours gratuits et le pari bonus Temple qui permet aux joueurs d'acc\u00e9der imm\u00e9diatement au tour de bonus au prix affich\u00e9. Temple Of Treasure a un retour th\u00e9orique de 96,46%-96,85% selon que l'on active ou non le pari bonus.<\/p>\n<h3>Les bonus d\u00e9construits<\/h3>\n<div class=\"app-wysiwyg\">\n<p>Diff\u00e9rents types de symboles sp\u00e9ciaux permettent de r\u00e9aliser diff\u00e9rents tours. L'ic\u00f4ne Wild se substitue et ne peut appara\u00eetre que sur le rouleau horizontal. Les symboles myst\u00e8res peuvent appara\u00eetre n'importe o\u00f9 et se transforment tous en la m\u00eame ic\u00f4ne. Les pyramides Scatter, charg\u00e9es de d\u00e9clencher la partie bonus, fr\u00e9quentent exclusivement les rouleaux verticaux. Les rouleaux tombent en cascade chaque fois que vous obtenez des symboles identiques de gauche \u00e0 droite. Ceux qui contribuent au gain sont supprim\u00e9s et de nouveaux symboles tombent d'en haut pour remplir les espaces vides. Une cascade peut donner lieu \u00e0 une nouvelle combinaison gagnante et \u00e0 un gain cons\u00e9quent.<\/p>\n<p>Au moins 4 Scatters doivent appara\u00eetre simultan\u00e9ment pour lancer le tour de bonus et chaque Scatter suppl\u00e9mentaire donne droit \u00e0 des tours suppl\u00e9mentaires. Les tours gratuits se d\u00e9roulent avec un nombre minimum garanti de Megaways sur chaque tour et un multiplicateur qui augmente de 1 apr\u00e8s chaque cascade. Les joueurs ont le choix entre 15 parties gratuites avec un minimum de 324 Megaways (et chaque Scatter au-del\u00e0 du minimum de 4 octroie 4 spins suppl\u00e9mentaires), 10 spins avec 2 304 Megaways (+2 spins suppl\u00e9mentaires par Scatter additionnel) et 5 spins avec 10 000 Megaways ou plus (+1 spin par Scatter additionnel).<\/p>\n<p>Il est \u00e9galement possible d'opter pour le Choix Myst\u00e8re qui peut r\u00e9v\u00e9ler n'importe quelle combinaison du nombre de tours gratuits et du nombre minimum de m\u00e9ga-gagnants. Toutes les options disponibles sont r\u00e9parties sur 6 panneaux et les joueurs sont invit\u00e9s \u00e0 en s\u00e9lectionner une dans chacune des deux cat\u00e9gories. Le rouleau horizontal peut fournir des Scatters de Free Spins qui, par groupes de 3 ou 4, donnent droit \u00e0 5 ou 10 Free Spins suppl\u00e9mentaires.<\/p>\n<p>Il est possible de lancer le tour de bonus sans le nombre minimum de Scatters, \u00e0 condition de payer 100 fois la mise totale. Les rouleaux tourneront alors avec la garantie de r\u00e9v\u00e9ler 4 ic\u00f4nes Scatter n\u00e9cessaires \u00e0 l'activation des tours gratuits.<\/p>\n<div class=\"app-header\">\n<h2 id=\"\">Temple Of Treasure vs Autres Machines \u00e0 Sous Megaways<\/h2>\n<\/div>\n<div class=\"expandable-read-more\" data-readmore-expandable=\"\">\n<div>\n<div id=\"\" class=\"app-wysiwyg\" data-readmore-content=\"\">\n<p>Temple Of Treasure incorpore toutes les caract\u00e9ristiques que l'on associe aux jeux fonctionnant sur le moteur Megaways, et plus encore. En offrant le choix entre diff\u00e9rentes combinaisons de tours, Blueprint Gaming a permis aux joueurs d'influer sur la volatilit\u00e9 du jeu. Le pari bonus n'est peut-\u00eatre pas unique, mais c'est un autre ajout bienvenu pour les joueurs qui n'ont pas la patience d'attendre le nombre requis de symboles d\u00e9clencheurs. Enfin, Temple Of Treasure est l'un des jeux les plus g\u00e9n\u00e9reux.\u00a0<a href=\"https:\/\/casinolion.ca\/fr\/slots\/megaways\/\">Titres Megaways<\/a>\u00a0en ce qui concerne le potentiel de gain maximal, le jeu peut rapporter jusqu'\u00e0 50 000 fois la mise du joueur.<\/p>\n<\/div>\n<\/div>\n<\/div>\n<\/div>","protected":false},"excerpt":{"rendered":"<p>Temple Of Treasure is an Aztec-themed video slot developed by\u00a0Blueprint Gaming\u00a0under license from\u00a0Big Time Gaming. Like many of the other Megaways titles, it allows players to win up to 117,649 ways. Above the 6 standard vertical reels, each of which can stack up to 7 icons, there are 4 symbol positions that form an additional [&hellip;]<\/p>","protected":false},"author":1,"featured_media":0,"parent":455,"menu_order":0,"comment_status":"closed","ping_status":"closed","template":"","meta":{"_acf_changed":false,"footnotes":""},"class_list":["post-24490","page","type-page","status-publish","hentry"],"acf":[],"yoast_head":"<!-- This site is optimized with the Yoast SEO plugin v26.1.1 - https:\/\/yoast.com\/wordpress\/plugins\/seo\/ -->\n<title>Temple of Treasure Megaways<\/title>\n<meta name=\"robots\" content=\"index, follow, max-snippet:-1, max-image-preview:large, max-video-preview:-1\" \/>\n<link rel=\"canonical\" href=\"https:\/\/casinolion.ca\/fr\/online-slots\/temple-of-treasure-megaways\/\" \/>\n<meta property=\"og:locale\" content=\"fr_CA\" \/>\n<meta property=\"og:type\" content=\"article\" \/>\n<meta property=\"og:title\" content=\"Temple of Treasure Megaways\" \/>\n<meta property=\"og:description\" content=\"Temple Of Treasure is an Aztec-themed video slot developed by\u00a0Blueprint Gaming\u00a0under license from\u00a0Big Time Gaming. Like many of the other Megaways titles, it allows players to win up to 117,649 ways. Above the 6 standard vertical reels, each of which can stack up to 7 icons, there are 4 symbol positions that form an additional [&hellip;]\" \/>\n<meta property=\"og:url\" content=\"https:\/\/casinolion.ca\/fr\/online-slots\/temple-of-treasure-megaways\/\" \/>\n<meta property=\"article:modified_time\" content=\"2025-03-04T11:07:16+00:00\" \/>\n<meta name=\"twitter:card\" content=\"summary_large_image\" \/>\n<meta name=\"twitter:label1\" content=\"Estimation du temps de lecture\" \/>\n\t<meta name=\"twitter:data1\" content=\"3 minutes\" \/>\n<script type=\"application\/ld+json\" class=\"yoast-schema-graph\">{\"@context\":\"https:\/\/schema.org\",\"@graph\":[{\"@type\":\"WebPage\",\"@id\":\"https:\/\/casinolion.ca\/online-slots\/temple-of-treasure-megaways\/\",\"url\":\"https:\/\/casinolion.ca\/online-slots\/temple-of-treasure-megaways\/\",\"name\":\"Temple of Treasure Megaways\",\"isPartOf\":{\"@id\":\"https:\/\/casinolion.ca\/fr\/#website\"},\"datePublished\":\"2025-03-04T11:06:36+00:00\",\"dateModified\":\"2025-03-04T11:07:16+00:00\",\"breadcrumb\":{\"@id\":\"https:\/\/casinolion.ca\/online-slots\/temple-of-treasure-megaways\/#breadcrumb\"},\"inLanguage\":\"fr-CA\",\"potentialAction\":[{\"@type\":\"ReadAction\",\"target\":[\"https:\/\/casinolion.ca\/online-slots\/temple-of-treasure-megaways\/\"]}]},{\"@type\":\"BreadcrumbList\",\"@id\":\"https:\/\/casinolion.ca\/online-slots\/temple-of-treasure-megaways\/#breadcrumb\",\"itemListElement\":[{\"@type\":\"ListItem\",\"position\":1,\"name\":\"Home\",\"item\":\"https:\/\/casinolion.ca\/\"},{\"@type\":\"ListItem\",\"position\":2,\"name\":\"Recommended Canadian Slots Sites\",\"item\":\"https:\/\/casinolion.ca\/online-slots\/\"},{\"@type\":\"ListItem\",\"position\":3,\"name\":\"Temple of Treasure Megaways\"}]},{\"@type\":\"WebSite\",\"@id\":\"https:\/\/casinolion.ca\/fr\/#website\",\"url\":\"https:\/\/casinolion.ca\/fr\/\",\"name\":\"\",\"description\":\"\",\"potentialAction\":[{\"@type\":\"SearchAction\",\"target\":{\"@type\":\"EntryPoint\",\"urlTemplate\":\"https:\/\/casinolion.ca\/fr\/?s={search_term_string}\"},\"query-input\":{\"@type\":\"PropertyValueSpecification\",\"valueRequired\":true,\"valueName\":\"search_term_string\"}}],\"inLanguage\":\"fr-CA\"}]}<\/script>\n<!-- \/ Yoast SEO plugin. -->","yoast_head_json":{"title":"Temple du tr\u00e9sor Megaways","robots":{"index":"index","follow":"follow","max-snippet":"max-snippet:-1","max-image-preview":"max-image-preview:large","max-video-preview":"max-video-preview:-1"},"canonical":"https:\/\/casinolion.ca\/fr\/online-slots\/temple-of-treasure-megaways\/","og_locale":"fr_CA","og_type":"article","og_title":"Temple of Treasure Megaways","og_description":"Temple Of Treasure is an Aztec-themed video slot developed by\u00a0Blueprint Gaming\u00a0under license from\u00a0Big Time Gaming. Like many of the other Megaways titles, it allows players to win up to 117,649 ways. Above the 6 standard vertical reels, each of which can stack up to 7 icons, there are 4 symbol positions that form an additional [&hellip;]","og_url":"https:\/\/casinolion.ca\/fr\/online-slots\/temple-of-treasure-megaways\/","article_modified_time":"2025-03-04T11:07:16+00:00","twitter_card":"summary_large_image","twitter_misc":{"Estimation du temps de lecture":"3 minutes"},"schema":{"@context":"https:\/\/schema.org","@graph":[{"@type":"WebPage","@id":"https:\/\/casinolion.ca\/online-slots\/temple-of-treasure-megaways\/","url":"https:\/\/casinolion.ca\/online-slots\/temple-of-treasure-megaways\/","name":"Temple du tr\u00e9sor Megaways","isPartOf":{"@id":"https:\/\/casinolion.ca\/fr\/#website"},"datePublished":"2025-03-04T11:06:36+00:00","dateModified":"2025-03-04T11:07:16+00:00","breadcrumb":{"@id":"https:\/\/casinolion.ca\/online-slots\/temple-of-treasure-megaways\/#breadcrumb"},"inLanguage":"fr-CA","potentialAction":[{"@type":"ReadAction","target":["https:\/\/casinolion.ca\/online-slots\/temple-of-treasure-megaways\/"]}]},{"@type":"BreadcrumbList","@id":"https:\/\/casinolion.ca\/online-slots\/temple-of-treasure-megaways\/#breadcrumb","itemListElement":[{"@type":"ListItem","position":1,"name":"Home","item":"https:\/\/casinolion.ca\/"},{"@type":"ListItem","position":2,"name":"Recommended Canadian Slots Sites","item":"https:\/\/casinolion.ca\/online-slots\/"},{"@type":"ListItem","position":3,"name":"Temple of Treasure Megaways"}]},{"@type":"WebSite","@id":"https:\/\/casinolion.ca\/fr\/#website","url":"https:\/\/casinolion.ca\/fr\/","name":"","description":"","potentialAction":[{"@type":"SearchAction","target":{"@type":"EntryPoint","urlTemplate":"https:\/\/casinolion.ca\/fr\/?s={search_term_string}"},"query-input":{"@type":"PropertyValueSpecification","valueRequired":true,"valueName":"search_term_string"}}],"inLanguage":"fr-CA"}]}},"_links":{"self":[{"href":"https:\/\/casinolion.ca\/fr\/wp-json\/wp\/v2\/pages\/24490","targetHints":{"allow":["GET"]}}],"collection":[{"href":"https:\/\/casinolion.ca\/fr\/wp-json\/wp\/v2\/pages"}],"about":[{"href":"https:\/\/casinolion.ca\/fr\/wp-json\/wp\/v2\/types\/page"}],"author":[{"embeddable":true,"href":"https:\/\/casinolion.ca\/fr\/wp-json\/wp\/v2\/users\/1"}],"replies":[{"embeddable":true,"href":"https:\/\/casinolion.ca\/fr\/wp-json\/wp\/v2\/comments?post=24490"}],"version-history":[{"count":0,"href":"https:\/\/casinolion.ca\/fr\/wp-json\/wp\/v2\/pages\/24490\/revisions"}],"up":[{"embeddable":true,"href":"https:\/\/casinolion.ca\/fr\/wp-json\/wp\/v2\/pages\/455"}],"wp:attachment":[{"href":"https:\/\/casinolion.ca\/fr\/wp-json\/wp\/v2\/media?parent=24490"}],"curies":[{"name":"wp","href":"https:\/\/api.w.org\/{rel}","templated":true}]}}