
{"id":24491,"date":"2025-03-05T10:15:10","date_gmt":"2025-03-05T10:15:10","guid":{"rendered":"https:\/\/casinolion.ca\/?page_id=24491"},"modified":"2025-03-05T10:16:08","modified_gmt":"2025-03-05T10:16:08","slug":"valletta-megaways","status":"publish","type":"page","link":"https:\/\/casinolion.ca\/fr\/online-slots\/valletta-megaways\/","title":{"rendered":"La Valette Megaways"},"content":{"rendered":"<div id=\"PlayFreeGame\" class=\"game_box\" style=\"padding-bottom: 75%; margin-bottom: 30px; background-size:cover; background-repeat:no-repeat;background-color:  #d24d57; background-image: url('https:\/\/a1.lcb.org\/system\/modules\/game\/images\/attachments\/000\/280\/766\/original\/VallettaMegaways1.jpg?1553771564');\">\n                        <i class=\"fas fa-play-circle\"><\/i>\n                     <\/div>\n                     <script>\n                        let iframe = '<iframe loading=\"lazy\" src=\"https:\/\/slotslaunch.com\/iframe\/3385?token=rvgmcR4z0DADcCv3Hy0pVy9HQf7iaZ9tGNS9qWMaoIJPRjmw38\" width=\"930\" height=\"576\" frameborder=\"0\" allowTransparency=\"true\" bgcolor=\"#FFFFFF\" style=\"background-color: black;\"><\/iframe>';\n                        let holder = document.querySelector(\"#PlayFreeGame\");\n                        holder.addEventListener(\"click\", function(){\n                            holder.innerHTML = iframe;\n                        });\n                    <\/script><h2 id=\"Valletta-Megaways-data-and-features\">Valletta Megaways Donn\u00e9es et caract\u00e9ristiques<\/h2>\n                <table class=\"tablepress\">\n                    <tbody><tr><td><strong>Enrouleurs<\/strong><\/td><td>6<\/td><\/tr><tr><td><strong>Lignes de paiement<\/strong><\/td><td>15625<\/td><\/tr><tr><td><strong>Jackpot maximum<\/strong><\/td><td>$250.00<\/td><\/tr><tr><td><strong>Pourcentage de paiement<\/strong><\/td><td>96.450<\/td><\/tr><tr><td><strong>Symbole Wild<\/strong><\/td><td>Non<\/td><\/tr><tr><td><strong>Multiplicateur<\/strong><\/td><td>Non<\/td><\/tr><tr><td><strong>Gamme de paris<\/strong><\/td><td>0.1 - 10<\/td><\/tr><tr><td><strong>Plage de mise des pi\u00e8ces<\/strong><\/td><td>0.01 - 1<\/td><\/tr><tr><td><strong>Pi\u00e8ces par ligne<\/strong><\/td><td>1<\/td><\/tr><tr><td><strong>Progressif<\/strong><\/td><td>Non<\/td><\/tr><tr><td><strong>Max coins jackpot<\/strong><\/td><td>250<\/td><\/tr><tr><td><strong>Pi\u00e8ces maximales<\/strong><\/td><td>1<\/td><\/tr><tr><td><strong>Symbole Scatter<\/strong><\/td><td>Non<\/td><\/tr><tr><td><strong>Tours gratuits disponibles<\/strong><\/td><td>Oui<\/td><\/tr><tr><td><strong>Jeu bonus<\/strong><\/td><td>Oui<\/td><\/tr><tr><td><strong>Acheter la fonctionnalit\u00e9<\/strong><\/td><td>Non<\/td><\/tr><tr><td><strong>Th\u00e8me du jeu<\/strong><\/td><td>Renaissance<\/td><\/tr><\/tbody><\/table>\n<p>Malte, la capitale de l'industrie du jeu, a une histoire longue et color\u00e9e, remplie de guerres.\u00a0<a href=\"https:\/\/casinolion.ca\/fr\/blueprint-gaming\/\">Blueprint Gaming<\/a>\u00a0a donc d\u00e9cid\u00e9 de raconter l'histoire des c\u00e9l\u00e8bres \u201cChevaliers de Malte\u201d qui ont r\u00e9gn\u00e9 sur les \u00eeles pendant 275 ans et les ont prot\u00e9g\u00e9es des Ottomans. Apr\u00e8s avoir remport\u00e9 le grand si\u00e8ge de 1565, le grand ma\u00eetre victorieux, Jean de Valette, a commenc\u00e9 \u00e0 construire une nouvelle ville fortifi\u00e9e pour renforcer la position des chevaliers \u00e0 Malte, et la ville qui est aujourd'hui la capitale du pays a pris son nom.<\/p>\n<p>Blueprint's Valletta est une machine \u00e0 sous \u00e0 6 rouleaux de volatilit\u00e9 moyenne avec jusqu'\u00e0 15 625 voies gagnantes et un RTP de 96,45%. Chaque rouleau peut contenir jusqu'\u00e0 5 symboles et les joueurs sont pay\u00e9s pour l'obtention d'ic\u00f4nes identiques sur des rouleaux adjacents de gauche \u00e0 droite. Ils b\u00e9n\u00e9ficieront de trois modificateurs diff\u00e9rents pendant le jeu de base ainsi que de s\u00e9ries de gains d\u00e9clench\u00e9es pendant le tour de bonus des tours gratuits.<\/p>\n<h3>Les bonus d\u00e9construits<\/h3>\n<div class=\"app-wysiwyg\">\n<p>Chaque tour peut d\u00e9clencher l'un des trois modificateurs et le drapeau maltais qui couvre l'\u00e9cran indique que vous \u00eates sur le point de recevoir un cadeau utile. Des ic\u00f4nes Wild peuvent \u00eatre ajout\u00e9es aux rouleaux pour augmenter les chances d'en voir une ou plusieurs appara\u00eetre. Des symboles bonus qui d\u00e9clenchent des tours gratuits peuvent \u00eatre ajout\u00e9s pour augmenter vos chances de lancer le tour bonus. Vous pouvez \u00e9galement profiter de la fonction Valletta Streak qui se d\u00e9clenche de fa\u00e7on al\u00e9atoire lors de chaque tour gagnant. Le Streak bloque les symboles payants en place et relance les autres positions. La s\u00e9rie de gains se poursuit jusqu'\u00e0 ce que les ic\u00f4nes gagnantes remplissent tout l'\u00e9cran ou que de nouvelles ic\u00f4nes n'apparaissent pas.<\/p>\n<p>L'ic\u00f4ne bonus repr\u00e9sentant un canon est le Scatter qui, lorsqu'il est group\u00e9 par 3 ou plus, donne droit \u00e0 des tours gratuits Valletta. Vous gagnerez 10, 12, 15 ou 20 parties gratuites selon que la fonction a \u00e9t\u00e9 d\u00e9clench\u00e9e par 3, 4, 5 ou 6 Scatters. Chaque gain active le Valletta Streak, fige les symboles gagnants et fait rejouer tous les autres pour am\u00e9liorer les gains. Si vous parvenez \u00e0 remplir les rouleaux avec des ic\u00f4nes payantes, vous gagnerez des tours suppl\u00e9mentaires sur la maison.<\/p>\n<p>Valletta Megaways offre une alternative pour commencer \u00e0 jouer gratuitement. Le pari bonus Valletta peut \u00eatre activ\u00e9 pendant le jeu de base mais vous co\u00fbtera 100x la mise totale. Si vous payez le prix, le tour est garanti avec au moins 3 Scatters. Dans le m\u00eame temps, le RTP passe \u00e0 97,00%.<\/p>\n<div class=\"app-header\">\n<h2 id=\"\">Valletta vs. autres machines \u00e0 sous Megaways<\/h2>\n<\/div>\n<div class=\"expandable-read-more\" data-readmore-expandable=\"\">\n<div>\n<div id=\"\" class=\"app-wysiwyg\" data-readmore-content=\"\">\n<p>Valletta est un ajout int\u00e9ressant au catalogue Megaways de Blueprint Gaming, qui ne cesse de s'enrichir. Du point de vue des fonctionnalit\u00e9s, elle est assez diff\u00e9rente de toutes les autres machines \u00e0 sous qui utilisent le syst\u00e8me de paiement unique de BTG. Les trois modificateurs devraient vous permettre de conserver votre solde suffisamment longtemps pour d\u00e9clencher les tours gratuits et, avec un peu de chance, sortir du tour de bonus avec un gain important. Si les symboles d\u00e9clencheurs mettent trop de temps \u00e0 appara\u00eetre par groupes de 3 ou plus, il est toujours possible de payer le prix pour une activation imm\u00e9diate de la fonction. Dans tous les cas, les joueurs peuvent gagner jusqu'\u00e0 10 000 fois leur mise, soit le m\u00eame montant maximum que la majorit\u00e9 des autres jeux de hasard.\u00a0<a href=\"https:\/\/casinolion.ca\/fr\/slots\/megaways\/\">Titres Megaways<\/a>\u00a0sont pr\u00eats \u00e0 remettre.<\/p>\n<\/div>\n<\/div>\n<\/div>\n<\/div>","protected":false},"excerpt":{"rendered":"<p>Malte, la capitale de l'industrie du jeu, a une histoire longue et color\u00e9e, remplie de guerres. Blueprint Gaming a donc d\u00e9cid\u00e9 de raconter l'histoire des c\u00e9l\u00e8bres \u201cChevaliers de Malte\u201d qui ont gouvern\u00e9 les \u00eeles pendant 275 ans et les ont prot\u00e9g\u00e9es des Ottomans. Apr\u00e8s avoir remport\u00e9 le Grand Si\u00e8ge de 1565, le Grand Ma\u00eetre victorieux appela [...]<\/p>","protected":false},"author":1,"featured_media":0,"parent":455,"menu_order":0,"comment_status":"closed","ping_status":"closed","template":"","meta":{"_acf_changed":false,"footnotes":""},"class_list":["post-24491","page","type-page","status-publish","hentry"],"acf":[],"yoast_head":"<!-- This site is optimized with the Yoast SEO plugin v26.1.1 - https:\/\/yoast.com\/wordpress\/plugins\/seo\/ -->\n<title>Valletta Megaways<\/title>\n<meta name=\"robots\" content=\"index, follow, max-snippet:-1, max-image-preview:large, max-video-preview:-1\" \/>\n<link rel=\"canonical\" href=\"https:\/\/casinolion.ca\/fr\/online-slots\/valletta-megaways\/\" \/>\n<meta property=\"og:locale\" content=\"fr_CA\" \/>\n<meta property=\"og:type\" content=\"article\" \/>\n<meta property=\"og:title\" content=\"Valletta Megaways\" \/>\n<meta property=\"og:description\" content=\"Malta, the capital of the gaming industry, has a long and colourful history filled with wars.\u00a0Blueprint Gaming\u00a0thus decided to tell the story about the famous \u201cKnights of Malta\u201d that ruled the islands for a period of 275 years and protected them from the Ottomans. Having won the Great Siege of 1565, the victorious GrandMaster called [&hellip;]\" \/>\n<meta property=\"og:url\" content=\"https:\/\/casinolion.ca\/fr\/online-slots\/valletta-megaways\/\" \/>\n<meta property=\"article:modified_time\" content=\"2025-03-05T10:16:08+00:00\" \/>\n<meta name=\"twitter:card\" content=\"summary_large_image\" \/>\n<meta name=\"twitter:label1\" content=\"Estimation du temps de lecture\" \/>\n\t<meta name=\"twitter:data1\" content=\"2 minutes\" \/>\n<script type=\"application\/ld+json\" class=\"yoast-schema-graph\">{\"@context\":\"https:\/\/schema.org\",\"@graph\":[{\"@type\":\"WebPage\",\"@id\":\"https:\/\/casinolion.ca\/online-slots\/valletta-megaways\/\",\"url\":\"https:\/\/casinolion.ca\/online-slots\/valletta-megaways\/\",\"name\":\"Valletta Megaways\",\"isPartOf\":{\"@id\":\"https:\/\/casinolion.ca\/fr\/#website\"},\"datePublished\":\"2025-03-05T10:15:10+00:00\",\"dateModified\":\"2025-03-05T10:16:08+00:00\",\"breadcrumb\":{\"@id\":\"https:\/\/casinolion.ca\/online-slots\/valletta-megaways\/#breadcrumb\"},\"inLanguage\":\"fr-CA\",\"potentialAction\":[{\"@type\":\"ReadAction\",\"target\":[\"https:\/\/casinolion.ca\/online-slots\/valletta-megaways\/\"]}]},{\"@type\":\"BreadcrumbList\",\"@id\":\"https:\/\/casinolion.ca\/online-slots\/valletta-megaways\/#breadcrumb\",\"itemListElement\":[{\"@type\":\"ListItem\",\"position\":1,\"name\":\"Home\",\"item\":\"https:\/\/casinolion.ca\/\"},{\"@type\":\"ListItem\",\"position\":2,\"name\":\"Recommended Canadian Slots Sites\",\"item\":\"https:\/\/casinolion.ca\/online-slots\/\"},{\"@type\":\"ListItem\",\"position\":3,\"name\":\"Valletta Megaways\"}]},{\"@type\":\"WebSite\",\"@id\":\"https:\/\/casinolion.ca\/fr\/#website\",\"url\":\"https:\/\/casinolion.ca\/fr\/\",\"name\":\"\",\"description\":\"\",\"potentialAction\":[{\"@type\":\"SearchAction\",\"target\":{\"@type\":\"EntryPoint\",\"urlTemplate\":\"https:\/\/casinolion.ca\/fr\/?s={search_term_string}\"},\"query-input\":{\"@type\":\"PropertyValueSpecification\",\"valueRequired\":true,\"valueName\":\"search_term_string\"}}],\"inLanguage\":\"fr-CA\"}]}<\/script>\n<!-- \/ Yoast SEO plugin. -->","yoast_head_json":{"title":"La Valette Megaways","robots":{"index":"index","follow":"follow","max-snippet":"max-snippet:-1","max-image-preview":"max-image-preview:large","max-video-preview":"max-video-preview:-1"},"canonical":"https:\/\/casinolion.ca\/fr\/online-slots\/valletta-megaways\/","og_locale":"fr_CA","og_type":"article","og_title":"Valletta Megaways","og_description":"Malta, the capital of the gaming industry, has a long and colourful history filled with wars.\u00a0Blueprint Gaming\u00a0thus decided to tell the story about the famous \u201cKnights of Malta\u201d that ruled the islands for a period of 275 years and protected them from the Ottomans. Having won the Great Siege of 1565, the victorious GrandMaster called [&hellip;]","og_url":"https:\/\/casinolion.ca\/fr\/online-slots\/valletta-megaways\/","article_modified_time":"2025-03-05T10:16:08+00:00","twitter_card":"summary_large_image","twitter_misc":{"Estimation du temps de lecture":"2 minutes"},"schema":{"@context":"https:\/\/schema.org","@graph":[{"@type":"WebPage","@id":"https:\/\/casinolion.ca\/online-slots\/valletta-megaways\/","url":"https:\/\/casinolion.ca\/online-slots\/valletta-megaways\/","name":"La Valette Megaways","isPartOf":{"@id":"https:\/\/casinolion.ca\/fr\/#website"},"datePublished":"2025-03-05T10:15:10+00:00","dateModified":"2025-03-05T10:16:08+00:00","breadcrumb":{"@id":"https:\/\/casinolion.ca\/online-slots\/valletta-megaways\/#breadcrumb"},"inLanguage":"fr-CA","potentialAction":[{"@type":"ReadAction","target":["https:\/\/casinolion.ca\/online-slots\/valletta-megaways\/"]}]},{"@type":"BreadcrumbList","@id":"https:\/\/casinolion.ca\/online-slots\/valletta-megaways\/#breadcrumb","itemListElement":[{"@type":"ListItem","position":1,"name":"Home","item":"https:\/\/casinolion.ca\/"},{"@type":"ListItem","position":2,"name":"Recommended Canadian Slots Sites","item":"https:\/\/casinolion.ca\/online-slots\/"},{"@type":"ListItem","position":3,"name":"Valletta Megaways"}]},{"@type":"WebSite","@id":"https:\/\/casinolion.ca\/fr\/#website","url":"https:\/\/casinolion.ca\/fr\/","name":"","description":"","potentialAction":[{"@type":"SearchAction","target":{"@type":"EntryPoint","urlTemplate":"https:\/\/casinolion.ca\/fr\/?s={search_term_string}"},"query-input":{"@type":"PropertyValueSpecification","valueRequired":true,"valueName":"search_term_string"}}],"inLanguage":"fr-CA"}]}},"_links":{"self":[{"href":"https:\/\/casinolion.ca\/fr\/wp-json\/wp\/v2\/pages\/24491","targetHints":{"allow":["GET"]}}],"collection":[{"href":"https:\/\/casinolion.ca\/fr\/wp-json\/wp\/v2\/pages"}],"about":[{"href":"https:\/\/casinolion.ca\/fr\/wp-json\/wp\/v2\/types\/page"}],"author":[{"embeddable":true,"href":"https:\/\/casinolion.ca\/fr\/wp-json\/wp\/v2\/users\/1"}],"replies":[{"embeddable":true,"href":"https:\/\/casinolion.ca\/fr\/wp-json\/wp\/v2\/comments?post=24491"}],"version-history":[{"count":0,"href":"https:\/\/casinolion.ca\/fr\/wp-json\/wp\/v2\/pages\/24491\/revisions"}],"up":[{"embeddable":true,"href":"https:\/\/casinolion.ca\/fr\/wp-json\/wp\/v2\/pages\/455"}],"wp:attachment":[{"href":"https:\/\/casinolion.ca\/fr\/wp-json\/wp\/v2\/media?parent=24491"}],"curies":[{"name":"wp","href":"https:\/\/api.w.org\/{rel}","templated":true}]}}