
{"id":24492,"date":"2025-03-05T10:17:35","date_gmt":"2025-03-05T10:17:35","guid":{"rendered":"https:\/\/casinolion.ca\/?page_id=24492"},"modified":"2025-03-05T10:18:07","modified_gmt":"2025-03-05T10:18:07","slug":"kingmaker","status":"publish","type":"page","link":"https:\/\/casinolion.ca\/fr\/online-slots\/kingmaker\/","title":{"rendered":"Machine \u00e0 sous Kingmaker Megaways"},"content":{"rendered":"<p><a href=\"https:\/\/casinolion.ca\/fr\/big-time-gaming\/\">Big Time Gaming<\/a>\u00a0a utilis\u00e9 ses propres\u00a0<a href=\"https:\/\/casinolion.ca\/fr\/slots\/megaways\/\">L'innovation Megaways<\/a>\u00a0dans un certain nombre d'excellentes\u00a0<a href=\"https:\/\/casinolion.ca\/fr\/slots\/\">machines \u00e0 sous en ligne<\/a>\u00a0et parmi eux, le faiseur de rois. Chacun des 5 rouleaux peut contenir jusqu'\u00e0 7 symboles, ce qui permet au jeu de payer jusqu'\u00e0 16 807 fois par tour. Vous ne pouvez rien y faire : le nombre de symboles et les gains sont d\u00e9termin\u00e9s de mani\u00e8re totalement al\u00e9atoire.<\/p>\n<p>Kingmaker vous ram\u00e8ne \u00e0 l'\u00e9poque o\u00f9 les rois et les reines r\u00e9gnaient depuis leurs somptueux ch\u00e2teaux, tandis que des chevaliers bien entra\u00een\u00e9s partaient au combat sous des banni\u00e8res color\u00e9es et participaient \u00e0 des tournois pour d\u00e9montrer leurs comp\u00e9tences. L'or et les pierres pr\u00e9cieuses \u00e9taient abondants et servaient \u00e0 montrer le statut social d'une personne ainsi qu'\u00e0 payer les services rendus.<\/p>\n<p>Certaines de ces pierres pr\u00e9cieuses ont trouv\u00e9 leur place dans la machine \u00e0 sous Megaways de BTG et ont jou\u00e9 un r\u00f4le important.<\/p>\n<p>Accumulez-en le plus possible, car vos performances pendant le jeu de base peuvent avoir un impact significatif sur les gains du tour de bonus. La machine \u00e0 sous Kingmaker est pr\u00eate \u00e0 payer un maximum de 10 000 fois la mise et \u00e0 fournir un rendement th\u00e9orique de 96,65%.<\/p>\n<h3>Les bonus d\u00e9construits<\/h3>\n<div class=\"app-wysiwyg\">\n<p>Les wilds remplacent toutes les autres ic\u00f4nes \u00e0 l'exception du Scatter sur les rouleaux 2, 3, 4 et 5. Les quatre pierres pr\u00e9cieuses sont les symboles r\u00e9guliers les plus pr\u00e9cieux et leurs gains (pendant le jeu de base uniquement) sont soumis \u00e0 des multiplicateurs croissants qui commencent \u00e0 x1.<\/p>\n<p>Chaque victoire \u00e0 cinq augmente le multiplicateur de la gemme correspondante jusqu'\u00e0 ce que l'une d'entre elles d\u00e9clenche des jeux gratuits, auquel cas les quatre se r\u00e9initialisent.<\/p>\n<p>Il faut plusieurs Scatter pour acc\u00e9der au tour bonus et gagner 7, 12 ou 20 tours gratuits (en fonction du nombre de symboles d\u00e9clencheurs). Il est possible de gagner 7, 12 ou 20 tours suppl\u00e9mentaires en faisant appara\u00eetre \u00e0 nouveau 3, 4 ou 5 Scatters.<\/p>\n<p>Le total des multiplicateurs de gemmes combin\u00e9s est appliqu\u00e9 d\u00e8s que vous commencez \u00e0 jouer gratuitement. Quatre multiplicateurs de gemmes de x4 chacun, par exemple, cr\u00e9ent un multiplicateur de x16 pour les tours gratuits, qui augmente \u00e0 chaque fois que le joueur remporte un autre gain de cinq gemmes du m\u00eame type.<\/p>\n<div class=\"app-header\">\n<h2 id=\"\">Kingmaker vs. autres machines \u00e0 sous Megaways<\/h2>\n<\/div>\n<div class=\"expandable-read-more\" data-readmore-expandable=\"\">\n<div>\n<div id=\"\" class=\"app-wysiwyg\" data-readmore-content=\"\">\n<p>Ayant obtenu une licence pour son\u00a0<a href=\"https:\/\/casinolion.ca\/fr\/slots\/megaways\/\">Megaways\u00a0<\/a>\u00e0 de nombreux concurrents,\u00a0<a href=\"https:\/\/casinolion.ca\/fr\/big-time-gaming\/\">Big Time Gaming<\/a>\u00a0ont veill\u00e9 \u00e0 ce que leurs propres titres se distinguent d'une mani\u00e8re ou d'une autre.<\/p>\n<p>Kingmaker, par exemple, utilise 5 rouleaux au lieu de 6, mais cela ne fera probablement aucune diff\u00e9rence pour les joueurs qui sont bien plus int\u00e9ress\u00e9s par le nombre de voies gagnantes.<\/p>\n<p>Plus important encore, ce jeu tr\u00e8s volatile ne comporte pas de rouleaux en cascade, ni de symboles myst\u00e9rieux capables de se transformer en la m\u00eame ic\u00f4ne al\u00e9atoire. En revanche, il offre\u00a0<a href=\"https:\/\/casinolion.ca\/fr\/free-spins\/\">Spins gratuits<\/a>\u00a0avec un multiplicateur de gains croissant, mais utilise un m\u00e9canisme diff\u00e9rent pour incr\u00e9menter les boosters.<\/p>\n<p>Bien que le multiplicateur de gemmes combin\u00e9 puisse faire des merveilles pour les gains des tours gratuits, il faut une bonne dose de chance pour d\u00e9crocher les multiples victoires \u00e0 cinq qui sont n\u00e9cessaires pour les faire fructifier.<\/p>\n<p>Si Dame Chance est occup\u00e9e ailleurs, les joueurs peuvent se retrouver avec des r\u00e9compenses standard peu excitantes, \u00e0 condition qu'ils ne soient pas \u00e0 court d'argent avant d'avoir d\u00e9clench\u00e9 le tour de bonus.<\/p>\n<\/div>\n<\/div>\n<\/div>\n<\/div>","protected":false},"excerpt":{"rendered":"<p>Big Time Gaming a utilis\u00e9 sa propre innovation Megaways dans un certain nombre d'excellentes machines \u00e0 sous en ligne, dont Kingmaker. Chacun des 5 rouleaux peut contenir jusqu'\u00e0 7 symboles, ce qui permet au jeu de payer jusqu'\u00e0 16 807 fois par tour. Il n'y a rien que vous puissiez faire, le nombre de symboles et les voies gagnantes sont [...]<\/p>","protected":false},"author":1,"featured_media":0,"parent":455,"menu_order":0,"comment_status":"closed","ping_status":"closed","template":"","meta":{"_acf_changed":false,"footnotes":""},"class_list":["post-24492","page","type-page","status-publish","hentry"],"acf":[],"yoast_head":"<!-- This site is optimized with the Yoast SEO plugin v26.1.1 - https:\/\/yoast.com\/wordpress\/plugins\/seo\/ -->\n<title>Kingmaker Megaways Slot<\/title>\n<meta name=\"robots\" content=\"index, follow, max-snippet:-1, max-image-preview:large, max-video-preview:-1\" \/>\n<link rel=\"canonical\" href=\"https:\/\/casinolion.ca\/fr\/online-slots\/kingmaker\/\" \/>\n<meta property=\"og:locale\" content=\"fr_CA\" \/>\n<meta property=\"og:type\" content=\"article\" \/>\n<meta property=\"og:title\" content=\"Kingmaker Megaways Slot\" \/>\n<meta property=\"og:description\" content=\"Big Time Gaming\u00a0has used its own\u00a0Megaways innovation\u00a0in a number of excellent\u00a0online slots\u00a0and among them the Kingmaker. Each of the 5 reels can hold as many as 7 symbols, allowing the game to pay up to 16,807 ways on any spin. There\u2019s nothing you can do about it; the number of symbols and winning ways are [&hellip;]\" \/>\n<meta property=\"og:url\" content=\"https:\/\/casinolion.ca\/fr\/online-slots\/kingmaker\/\" \/>\n<meta property=\"article:modified_time\" content=\"2025-03-05T10:18:07+00:00\" \/>\n<meta name=\"twitter:card\" content=\"summary_large_image\" \/>\n<meta name=\"twitter:label1\" content=\"Estimation du temps de lecture\" \/>\n\t<meta name=\"twitter:data1\" content=\"3 minutes\" \/>\n<script type=\"application\/ld+json\" class=\"yoast-schema-graph\">{\"@context\":\"https:\/\/schema.org\",\"@graph\":[{\"@type\":\"WebPage\",\"@id\":\"https:\/\/casinolion.ca\/online-slots\/kingmaker\/\",\"url\":\"https:\/\/casinolion.ca\/online-slots\/kingmaker\/\",\"name\":\"Kingmaker Megaways Slot\",\"isPartOf\":{\"@id\":\"https:\/\/casinolion.ca\/fr\/#website\"},\"datePublished\":\"2025-03-05T10:17:35+00:00\",\"dateModified\":\"2025-03-05T10:18:07+00:00\",\"breadcrumb\":{\"@id\":\"https:\/\/casinolion.ca\/online-slots\/kingmaker\/#breadcrumb\"},\"inLanguage\":\"fr-CA\",\"potentialAction\":[{\"@type\":\"ReadAction\",\"target\":[\"https:\/\/casinolion.ca\/online-slots\/kingmaker\/\"]}]},{\"@type\":\"BreadcrumbList\",\"@id\":\"https:\/\/casinolion.ca\/online-slots\/kingmaker\/#breadcrumb\",\"itemListElement\":[{\"@type\":\"ListItem\",\"position\":1,\"name\":\"Home\",\"item\":\"https:\/\/casinolion.ca\/\"},{\"@type\":\"ListItem\",\"position\":2,\"name\":\"Recommended Canadian Slots Sites\",\"item\":\"https:\/\/casinolion.ca\/online-slots\/\"},{\"@type\":\"ListItem\",\"position\":3,\"name\":\"Kingmaker Megaways Slot\"}]},{\"@type\":\"WebSite\",\"@id\":\"https:\/\/casinolion.ca\/fr\/#website\",\"url\":\"https:\/\/casinolion.ca\/fr\/\",\"name\":\"\",\"description\":\"\",\"potentialAction\":[{\"@type\":\"SearchAction\",\"target\":{\"@type\":\"EntryPoint\",\"urlTemplate\":\"https:\/\/casinolion.ca\/fr\/?s={search_term_string}\"},\"query-input\":{\"@type\":\"PropertyValueSpecification\",\"valueRequired\":true,\"valueName\":\"search_term_string\"}}],\"inLanguage\":\"fr-CA\"}]}<\/script>\n<!-- \/ Yoast SEO plugin. -->","yoast_head_json":{"title":"Machine \u00e0 sous Kingmaker Megaways","robots":{"index":"index","follow":"follow","max-snippet":"max-snippet:-1","max-image-preview":"max-image-preview:large","max-video-preview":"max-video-preview:-1"},"canonical":"https:\/\/casinolion.ca\/fr\/online-slots\/kingmaker\/","og_locale":"fr_CA","og_type":"article","og_title":"Kingmaker Megaways Slot","og_description":"Big Time Gaming\u00a0has used its own\u00a0Megaways innovation\u00a0in a number of excellent\u00a0online slots\u00a0and among them the Kingmaker. Each of the 5 reels can hold as many as 7 symbols, allowing the game to pay up to 16,807 ways on any spin. There\u2019s nothing you can do about it; the number of symbols and winning ways are [&hellip;]","og_url":"https:\/\/casinolion.ca\/fr\/online-slots\/kingmaker\/","article_modified_time":"2025-03-05T10:18:07+00:00","twitter_card":"summary_large_image","twitter_misc":{"Estimation du temps de lecture":"3 minutes"},"schema":{"@context":"https:\/\/schema.org","@graph":[{"@type":"WebPage","@id":"https:\/\/casinolion.ca\/online-slots\/kingmaker\/","url":"https:\/\/casinolion.ca\/online-slots\/kingmaker\/","name":"Machine \u00e0 sous Kingmaker Megaways","isPartOf":{"@id":"https:\/\/casinolion.ca\/fr\/#website"},"datePublished":"2025-03-05T10:17:35+00:00","dateModified":"2025-03-05T10:18:07+00:00","breadcrumb":{"@id":"https:\/\/casinolion.ca\/online-slots\/kingmaker\/#breadcrumb"},"inLanguage":"fr-CA","potentialAction":[{"@type":"ReadAction","target":["https:\/\/casinolion.ca\/online-slots\/kingmaker\/"]}]},{"@type":"BreadcrumbList","@id":"https:\/\/casinolion.ca\/online-slots\/kingmaker\/#breadcrumb","itemListElement":[{"@type":"ListItem","position":1,"name":"Home","item":"https:\/\/casinolion.ca\/"},{"@type":"ListItem","position":2,"name":"Recommended Canadian Slots Sites","item":"https:\/\/casinolion.ca\/online-slots\/"},{"@type":"ListItem","position":3,"name":"Kingmaker Megaways Slot"}]},{"@type":"WebSite","@id":"https:\/\/casinolion.ca\/fr\/#website","url":"https:\/\/casinolion.ca\/fr\/","name":"","description":"","potentialAction":[{"@type":"SearchAction","target":{"@type":"EntryPoint","urlTemplate":"https:\/\/casinolion.ca\/fr\/?s={search_term_string}"},"query-input":{"@type":"PropertyValueSpecification","valueRequired":true,"valueName":"search_term_string"}}],"inLanguage":"fr-CA"}]}},"_links":{"self":[{"href":"https:\/\/casinolion.ca\/fr\/wp-json\/wp\/v2\/pages\/24492","targetHints":{"allow":["GET"]}}],"collection":[{"href":"https:\/\/casinolion.ca\/fr\/wp-json\/wp\/v2\/pages"}],"about":[{"href":"https:\/\/casinolion.ca\/fr\/wp-json\/wp\/v2\/types\/page"}],"author":[{"embeddable":true,"href":"https:\/\/casinolion.ca\/fr\/wp-json\/wp\/v2\/users\/1"}],"replies":[{"embeddable":true,"href":"https:\/\/casinolion.ca\/fr\/wp-json\/wp\/v2\/comments?post=24492"}],"version-history":[{"count":0,"href":"https:\/\/casinolion.ca\/fr\/wp-json\/wp\/v2\/pages\/24492\/revisions"}],"up":[{"embeddable":true,"href":"https:\/\/casinolion.ca\/fr\/wp-json\/wp\/v2\/pages\/455"}],"wp:attachment":[{"href":"https:\/\/casinolion.ca\/fr\/wp-json\/wp\/v2\/media?parent=24492"}],"curies":[{"name":"wp","href":"https:\/\/api.w.org\/{rel}","templated":true}]}}