
{"id":24494,"date":"2025-03-06T10:36:46","date_gmt":"2025-03-06T10:36:46","guid":{"rendered":"https:\/\/casinolion.ca\/?page_id=24494"},"modified":"2025-03-06T10:37:35","modified_gmt":"2025-03-06T10:37:35","slug":"lightning-strike","status":"publish","type":"page","link":"https:\/\/casinolion.ca\/fr\/online-slots\/lightning-strike\/","title":{"rendered":"Coup de foudre"},"content":{"rendered":"<p>Lightning Strike fait partie d'un vaste programme\u00a0<a href=\"https:\/\/casinolion.ca\/fr\/slots\/megaways\/\">Machines \u00e0 sous Megaways<\/a>\u00a0portefeuille d\u00e9velopp\u00e9 par\u00a0<a href=\"https:\/\/casinolion.ca\/fr\/blueprint-gaming\/\">Blueprint Gaming<\/a>.<\/p>\n<p>Ce jeu \u00e0 6 rouleaux, inspir\u00e9 de la mythologie nordique, offre des Wilds en expansion avec des multiplicateurs, la possibilit\u00e9 d'am\u00e9liorer vos gains et de jouer \u00e0 des Mega Spins avec quelques extras de bienvenue.<\/p>\n<p>Chaque tour peut offrir jusqu'\u00e0 15 625 fa\u00e7ons de gagner et les prix sont payables de gauche \u00e0 droite et de droite \u00e0 gauche.<\/p>\n<p>Jouer avec le dieu au marteau connu sous le nom de Thor peut \u00eatre tr\u00e8s gratifiant ; Lightning Strike vous permettra de gagner jusqu'\u00e0 50 000 fois votre mise totale et vous offrira un retour de 96,50%.<\/p>\n<div id=\"PlayFreeGame\" class=\"game_box\" style=\"padding-bottom: 75%; margin-bottom: 30px; background-size:cover; background-repeat:no-repeat;background-color:  #d24d57; background-image: url('https:\/\/a1.lcb.org\/system\/modules\/game\/images\/attachments\/000\/282\/599\/original\/LightningStrikeMegaWays1.jpg?1555400004');\">\n                        <i class=\"fas fa-play-circle\"><\/i>\n                     <\/div>\n                     <script>\n                        let iframe = '<iframe loading=\"lazy\" src=\"https:\/\/slotslaunch.com\/iframe\/3341?token=rvgmcR4z0DADcCv3Hy0pVy9HQf7iaZ9tGNS9qWMaoIJPRjmw38\" width=\"930\" height=\"576\" frameborder=\"0\" allowTransparency=\"true\" bgcolor=\"#FFFFFF\" style=\"background-color: black;\"><\/iframe>';\n                        let holder = document.querySelector(\"#PlayFreeGame\");\n                        holder.addEventListener(\"click\", function(){\n                            holder.innerHTML = iframe;\n                        });\n                    <\/script><h2 id=\"Lightning-Strike-Megaways-data-and-features\">Donn\u00e9es et caract\u00e9ristiques de Lightning Strike Megaways<\/h2>\n                <table class=\"tablepress\">\n                    <tbody><tr><td><strong>Enrouleurs<\/strong><\/td><td>6<\/td><\/tr><tr><td><strong>Lignes de paiement<\/strong><\/td><td>15625<\/td><\/tr><tr><td><strong>Jackpot maximum<\/strong><\/td><td>$2,500.00<\/td><\/tr><tr><td><strong>Pourcentage de paiement<\/strong><\/td><td>96.500<\/td><\/tr><tr><td><strong>Symbole Wild<\/strong><\/td><td>Oui<\/td><\/tr><tr><td><strong>Multiplicateur<\/strong><\/td><td>Non<\/td><\/tr><tr><td><strong>Gamme de paris<\/strong><\/td><td>0.1 - 50<\/td><\/tr><tr><td><strong>Plage de mise des pi\u00e8ces<\/strong><\/td><td>0.01 - 5<\/td><\/tr><tr><td><strong>Pi\u00e8ces par ligne<\/strong><\/td><td>1<\/td><\/tr><tr><td><strong>Progressif<\/strong><\/td><td>Non<\/td><\/tr><tr><td><strong>Max coins jackpot<\/strong><\/td><td>500<\/td><\/tr><tr><td><strong>Pi\u00e8ces maximales<\/strong><\/td><td>5<\/td><\/tr><tr><td><strong>Symbole Scatter<\/strong><\/td><td>Non<\/td><\/tr><tr><td><strong>Tours gratuits disponibles<\/strong><\/td><td>Non<\/td><\/tr><tr><td><strong>Jeu bonus<\/strong><\/td><td>Oui<\/td><\/tr><tr><td><strong>Acheter la fonctionnalit\u00e9<\/strong><\/td><td>Non<\/td><\/tr><tr><td><strong>Th\u00e8me du jeu<\/strong><\/td><td>Vikings<\/td><\/tr><\/tbody><\/table>\n<h3>Les bonus d\u00e9construits<\/h3>\n<div class=\"app-wysiwyg\">\n<p>Le symbole Wild repr\u00e9sentant le marteau de Thor appara\u00eet sur les rouleaux 2, 3, 4 et 5 et se substitue \u00e0 toutes les autres ic\u00f4nes. Chaque fois qu'il appara\u00eet, il d\u00e9clenche le Respin Lightning Strike et s'\u00e9tend pour couvrir l'ensemble du rouleau avant que toutes les autres positions ne tournent \u00e0 nouveau.<\/p>\n<p>Si un nouveau Wild appara\u00eet pendant le re-spin, il s'\u00e9tire et reste en place avec son jumeau pr\u00e9c\u00e9demment \u00e9tendu. Jusqu'\u00e0 3 Wilds suppl\u00e9mentaires peuvent appara\u00eetre apr\u00e8s le d\u00e9clenchement initial et les joueurs peuvent donc b\u00e9n\u00e9ficier d'un maximum de 4 re-spins. Tous les rouleaux Wild ont un multiplicateur et se multiplient les uns les autres, de sorte que, par exemple, 2 rouleaux avec un multiplicateur de x5 augmenteront le paiement de x25.<\/p>\n<p>Si vous avez gagn\u00e9 5 fois votre mise ou plus, il vous sera propos\u00e9 d'entrer dans l'\u00e9chelle des Mega Spins et d'essayer d'augmenter votre gain ou de l'\u00e9changer contre des Mega Spins. Cela se fait \u00e0 l'aide d'une roue avec des segments verts et rouges dont la taille refl\u00e8te les chances de gagner ou de perdre.<\/p>\n<p>En choisissant de jouer pour un prix plus \u00e9lev\u00e9 que celui propos\u00e9, vous diminuez la taille du segment vert et agrandissez le segment rouge. Si le pointeur termine sur le vert, vous gagnez la r\u00e9compense s\u00e9lectionn\u00e9e et vous pouvez soit la r\u00e9cup\u00e9rer, soit l'\u00e9changer contre un certain nombre de m\u00e9ga-spins, soit faire tourner la roue \u00e0 nouveau pour obtenir une meilleure prise.<\/p>\n<p>Le maximum que l'on puisse obtenir est de 25 fois le montant initialement gagn\u00e9 ou 25 m\u00e9ga-spins avec des jokers suppl\u00e9mentaires et des symboles myst\u00e8res. Ces derniers se transforment en une m\u00eame ic\u00f4ne de jeu choisie au hasard. Si le pointeur de la roue tombe sur un segment rouge plut\u00f4t que vert, le montant gagn\u00e9 est perdu et la fonction s'arr\u00eate.<\/p>\n<div class=\"app-header\">\n<h2 id=\"\">Lightning Strike vs Autres Machines \u00e0 Sous Megaways<\/h2>\n<\/div>\n<div class=\"expandable-read-more\" data-readmore-expandable=\"\">\n<div>\n<div id=\"\" class=\"app-wysiwyg\" data-readmore-content=\"\">\n<p>Plut\u00f4t que d'utiliser les fonctionnalit\u00e9s g\u00e9n\u00e9ralement associ\u00e9es aux machines \u00e0 sous Megaways, telles que les rouleaux en cascade et les tours gratuits avec multiplicateurs, Blueprint Gaming a d\u00e9cid\u00e9 d'offrir aux joueurs un ensemble tr\u00e8s diff\u00e9rent d'extras et de r\u00e9compenser les gains dans les deux sens au lieu de payer uniquement de gauche \u00e0 droite. Les multiplicateurs attach\u00e9s aux Wilds en expansion peuvent augmenter de mani\u00e8re significative les gains du jeu de base et augmenter les chances de faire tourner la roue pour obtenir des gains suppl\u00e9mentaires et des Mega Spins.<\/p>\n<p>L'acc\u00e8s \u00e0 l'\u00e9chelle des m\u00e9ga-spins semble beaucoup plus facile que le d\u00e9clenchement des tours de bonus gratuits dans d'autres titres qui utilisent les m\u00e9ga-spins de BTG. De plus, Lightning Strike est pr\u00eat \u00e0 payer jusqu'\u00e0 50 000 fois la mise, soit 5 fois plus que ce que l'on peut gagner en jouant \u00e0 des titres similaires.<\/p>\n<\/div>\n<\/div>\n<\/div>\n<\/div>","protected":false},"excerpt":{"rendered":"<p>Lightning Strike is part of a large\u00a0Megaways slots\u00a0portfolio developed by\u00a0Blueprint Gaming. This 6-reel game, inspired by the Norse mythology, offers expanding Wilds with multipliers, an opportunity to upgrade your wins and play Mega Spins with a couple of welcome extras. Each spin can provide up to 15,625 ways to win and prizes pay both left [&hellip;]<\/p>","protected":false},"author":1,"featured_media":0,"parent":455,"menu_order":0,"comment_status":"closed","ping_status":"closed","template":"","meta":{"_acf_changed":false,"footnotes":""},"class_list":["post-24494","page","type-page","status-publish","hentry"],"acf":[],"yoast_head":"<!-- This site is optimized with the Yoast SEO plugin v26.1.1 - https:\/\/yoast.com\/wordpress\/plugins\/seo\/ -->\n<title>Lightning Strike Slot Review<\/title>\n<meta name=\"robots\" content=\"index, follow, max-snippet:-1, max-image-preview:large, max-video-preview:-1\" \/>\n<link rel=\"canonical\" href=\"https:\/\/casinolion.ca\/fr\/online-slots\/lightning-strike\/\" \/>\n<meta property=\"og:locale\" content=\"fr_CA\" \/>\n<meta property=\"og:type\" content=\"article\" \/>\n<meta property=\"og:title\" content=\"Lightning Strike Slot Review\" \/>\n<meta property=\"og:description\" content=\"Lightning Strike is part of a large\u00a0Megaways slots\u00a0portfolio developed by\u00a0Blueprint Gaming. This 6-reel game, inspired by the Norse mythology, offers expanding Wilds with multipliers, an opportunity to upgrade your wins and play Mega Spins with a couple of welcome extras. Each spin can provide up to 15,625 ways to win and prizes pay both left [&hellip;]\" \/>\n<meta property=\"og:url\" content=\"https:\/\/casinolion.ca\/fr\/online-slots\/lightning-strike\/\" \/>\n<meta property=\"article:modified_time\" content=\"2025-03-06T10:37:35+00:00\" \/>\n<meta name=\"twitter:card\" content=\"summary_large_image\" \/>\n<meta name=\"twitter:label1\" content=\"Estimation du temps de lecture\" \/>\n\t<meta name=\"twitter:data1\" content=\"3 minutes\" \/>\n<script type=\"application\/ld+json\" class=\"yoast-schema-graph\">{\"@context\":\"https:\/\/schema.org\",\"@graph\":[{\"@type\":\"WebPage\",\"@id\":\"https:\/\/casinolion.ca\/online-slots\/lightning-strike\/\",\"url\":\"https:\/\/casinolion.ca\/online-slots\/lightning-strike\/\",\"name\":\"Lightning Strike Slot Review\",\"isPartOf\":{\"@id\":\"https:\/\/casinolion.ca\/fr\/#website\"},\"datePublished\":\"2025-03-06T10:36:46+00:00\",\"dateModified\":\"2025-03-06T10:37:35+00:00\",\"breadcrumb\":{\"@id\":\"https:\/\/casinolion.ca\/online-slots\/lightning-strike\/#breadcrumb\"},\"inLanguage\":\"fr-CA\",\"potentialAction\":[{\"@type\":\"ReadAction\",\"target\":[\"https:\/\/casinolion.ca\/online-slots\/lightning-strike\/\"]}]},{\"@type\":\"BreadcrumbList\",\"@id\":\"https:\/\/casinolion.ca\/online-slots\/lightning-strike\/#breadcrumb\",\"itemListElement\":[{\"@type\":\"ListItem\",\"position\":1,\"name\":\"Home\",\"item\":\"https:\/\/casinolion.ca\/\"},{\"@type\":\"ListItem\",\"position\":2,\"name\":\"Recommended Canadian Slots Sites\",\"item\":\"https:\/\/casinolion.ca\/online-slots\/\"},{\"@type\":\"ListItem\",\"position\":3,\"name\":\"Lightning Strike\"}]},{\"@type\":\"WebSite\",\"@id\":\"https:\/\/casinolion.ca\/fr\/#website\",\"url\":\"https:\/\/casinolion.ca\/fr\/\",\"name\":\"\",\"description\":\"\",\"potentialAction\":[{\"@type\":\"SearchAction\",\"target\":{\"@type\":\"EntryPoint\",\"urlTemplate\":\"https:\/\/casinolion.ca\/fr\/?s={search_term_string}\"},\"query-input\":{\"@type\":\"PropertyValueSpecification\",\"valueRequired\":true,\"valueName\":\"search_term_string\"}}],\"inLanguage\":\"fr-CA\"}]}<\/script>\n<!-- \/ Yoast SEO plugin. -->","yoast_head_json":{"title":"Revue de la machine \u00e0 sous Lightning Strike","robots":{"index":"index","follow":"follow","max-snippet":"max-snippet:-1","max-image-preview":"max-image-preview:large","max-video-preview":"max-video-preview:-1"},"canonical":"https:\/\/casinolion.ca\/fr\/online-slots\/lightning-strike\/","og_locale":"fr_CA","og_type":"article","og_title":"Lightning Strike Slot Review","og_description":"Lightning Strike is part of a large\u00a0Megaways slots\u00a0portfolio developed by\u00a0Blueprint Gaming. This 6-reel game, inspired by the Norse mythology, offers expanding Wilds with multipliers, an opportunity to upgrade your wins and play Mega Spins with a couple of welcome extras. Each spin can provide up to 15,625 ways to win and prizes pay both left [&hellip;]","og_url":"https:\/\/casinolion.ca\/fr\/online-slots\/lightning-strike\/","article_modified_time":"2025-03-06T10:37:35+00:00","twitter_card":"summary_large_image","twitter_misc":{"Estimation du temps de lecture":"3 minutes"},"schema":{"@context":"https:\/\/schema.org","@graph":[{"@type":"WebPage","@id":"https:\/\/casinolion.ca\/online-slots\/lightning-strike\/","url":"https:\/\/casinolion.ca\/online-slots\/lightning-strike\/","name":"Revue de la machine \u00e0 sous Lightning Strike","isPartOf":{"@id":"https:\/\/casinolion.ca\/fr\/#website"},"datePublished":"2025-03-06T10:36:46+00:00","dateModified":"2025-03-06T10:37:35+00:00","breadcrumb":{"@id":"https:\/\/casinolion.ca\/online-slots\/lightning-strike\/#breadcrumb"},"inLanguage":"fr-CA","potentialAction":[{"@type":"ReadAction","target":["https:\/\/casinolion.ca\/online-slots\/lightning-strike\/"]}]},{"@type":"BreadcrumbList","@id":"https:\/\/casinolion.ca\/online-slots\/lightning-strike\/#breadcrumb","itemListElement":[{"@type":"ListItem","position":1,"name":"Home","item":"https:\/\/casinolion.ca\/"},{"@type":"ListItem","position":2,"name":"Recommended Canadian Slots Sites","item":"https:\/\/casinolion.ca\/online-slots\/"},{"@type":"ListItem","position":3,"name":"Lightning Strike"}]},{"@type":"WebSite","@id":"https:\/\/casinolion.ca\/fr\/#website","url":"https:\/\/casinolion.ca\/fr\/","name":"","description":"","potentialAction":[{"@type":"SearchAction","target":{"@type":"EntryPoint","urlTemplate":"https:\/\/casinolion.ca\/fr\/?s={search_term_string}"},"query-input":{"@type":"PropertyValueSpecification","valueRequired":true,"valueName":"search_term_string"}}],"inLanguage":"fr-CA"}]}},"_links":{"self":[{"href":"https:\/\/casinolion.ca\/fr\/wp-json\/wp\/v2\/pages\/24494","targetHints":{"allow":["GET"]}}],"collection":[{"href":"https:\/\/casinolion.ca\/fr\/wp-json\/wp\/v2\/pages"}],"about":[{"href":"https:\/\/casinolion.ca\/fr\/wp-json\/wp\/v2\/types\/page"}],"author":[{"embeddable":true,"href":"https:\/\/casinolion.ca\/fr\/wp-json\/wp\/v2\/users\/1"}],"replies":[{"embeddable":true,"href":"https:\/\/casinolion.ca\/fr\/wp-json\/wp\/v2\/comments?post=24494"}],"version-history":[{"count":0,"href":"https:\/\/casinolion.ca\/fr\/wp-json\/wp\/v2\/pages\/24494\/revisions"}],"up":[{"embeddable":true,"href":"https:\/\/casinolion.ca\/fr\/wp-json\/wp\/v2\/pages\/455"}],"wp:attachment":[{"href":"https:\/\/casinolion.ca\/fr\/wp-json\/wp\/v2\/media?parent=24494"}],"curies":[{"name":"wp","href":"https:\/\/api.w.org\/{rel}","templated":true}]}}