
{"id":24496,"date":"2025-03-06T11:03:41","date_gmt":"2025-03-06T11:03:41","guid":{"rendered":"https:\/\/casinolion.ca\/?page_id=24496"},"modified":"2025-03-06T11:05:04","modified_gmt":"2025-03-06T11:05:04","slug":"el-dioni","status":"publish","type":"page","link":"https:\/\/casinolion.ca\/fr\/online-slots\/el-dioni\/","title":{"rendered":"El Dioni"},"content":{"rendered":"<p>El Dioni est l'une des nombreuses machines \u00e0 sous qui\u00a0<a href=\"https:\/\/casinolion.ca\/fr\/mga\/\">MGA<\/a>\u00a0a d\u00e9velopp\u00e9 pour sa s\u00e9rie Spanish Celebrities, et tout comme les autres, il s'agit d'un jeu \u00e0 3 rouleaux avec une pr\u00e9sentation classique et des fonctionnalit\u00e9s modernes. L'histoire est bas\u00e9e sur un c\u00e9l\u00e8bre voleur qui a d\u00e9rob\u00e9 plus de 300 millions de pesetas dans les ann\u00e9es 80, bien qu'il ait \u00e9t\u00e9 attrap\u00e9 et emprisonn\u00e9 quelques mois plus tard. Il s'agit d'une histoire unique, que vous ne trouverez que dans ce jeu de marque sous forme de machine \u00e0 sous.<\/p>\n<p>Pour El Dioni, MGA a une fois de plus opt\u00e9 pour une configuration \u00e0 3 rouleaux, avec 1 \u00e0 8 lignes de paiement. Vous jouez \u00e0 ce jeu en misant entre $0.20 et $15, vous avez une chance de remporter un prix de $15,000, et vous ferez l'exp\u00e9rience d'une volatilit\u00e9 moyenne. Il y a 5 mini-jeux diff\u00e9rents \u00e0 d\u00e9clencher, des symboles sauvages, des jeux gratuits, des lignes verticales, un deuxi\u00e8me mode de jeu, ainsi que des options \"nudges\" ou \"hold\". Le RTP variable, allant de 80% \u00e0 95% en fonction de la valeur de la mise, est la partie qui r\u00e9ussit \u00e0 le ruiner un peu pour moi.<\/p>\n<div id=\"PlayFreeGame\" class=\"game_box\" style=\"padding-bottom: 75%; margin-bottom: 30px; background-size:cover; background-repeat:no-repeat;background-color:  #d24d57; background-image: url('https:\/\/a1.lcb.org\/system\/modules\/game\/images\/attachments\/000\/318\/826\/original\/eldorado_1.jpg?1583236582');\">\n                        <i class=\"fas fa-play-circle\"><\/i>\n                     <\/div>\n                     <script>\n                        let iframe = '<iframe loading=\"lazy\" src=\"http:\/\/development.chanceinteractive.com.au\/chance\/ElDoradoInfinityReels__9fpE3840B\/launch.html\" width=\"930\" height=\"576\" frameborder=\"0\" allowTransparency=\"true\" bgcolor=\"#FFFFFF\" style=\"background-color: black;\"><\/iframe>';\n                        let holder = document.querySelector(\"#PlayFreeGame\");\n                        holder.addEventListener(\"click\", function(){\n                            holder.innerHTML = iframe;\n                        });\n                    <\/script><h2 id=\"El-Dorado-Infinity-Reels-data-and-features\">Donn\u00e9es et caract\u00e9ristiques des rouleaux El Dorado Infinity<\/h2>\n                <table class=\"tablepress\">\n                    <tbody><tr><td><strong>Enrouleurs<\/strong><\/td><td>4<\/td><\/tr><tr><td><strong>Jackpot maximum<\/strong><\/td><td>$6,250.00<\/td><\/tr><tr><td><strong>Pourcentage de paiement<\/strong><\/td><td>95.510<\/td><\/tr><tr><td><strong>Symbole Wild<\/strong><\/td><td>Oui<\/td><\/tr><tr><td><strong>Multiplicateur<\/strong><\/td><td>Non<\/td><\/tr><tr><td><strong>Gamme de paris<\/strong><\/td><td>0.2 - 25<\/td><\/tr><tr><td><strong>Plage de mise des pi\u00e8ces<\/strong><\/td><td>0.01 - 1.25<\/td><\/tr><tr><td><strong>Pi\u00e8ces par ligne<\/strong><\/td><td>1<\/td><\/tr><tr><td><strong>Progressif<\/strong><\/td><td>Non<\/td><\/tr><tr><td><strong>Max coins jackpot<\/strong><\/td><td>5000<\/td><\/tr><tr><td><strong>Pi\u00e8ces maximales<\/strong><\/td><td>1.25<\/td><\/tr><tr><td><strong>Symbole Scatter<\/strong><\/td><td>Oui<\/td><\/tr><tr><td><strong>Tours gratuits disponibles<\/strong><\/td><td>Oui<\/td><\/tr><tr><td><strong>Jeu bonus<\/strong><\/td><td>Non<\/td><\/tr><tr><td><strong>Acheter la fonctionnalit\u00e9<\/strong><\/td><td>Non<\/td><\/tr><tr><td><strong>Th\u00e8me du jeu<\/strong><\/td><td>Azt\u00e8que<\/td><\/tr><\/tbody><\/table>\n<h3>Les bonus d\u00e9construits<\/h3>\n<div class=\"app-wysiwyg\">\n<p>Vous commencez \u00e0 jouer \u00e0 El Dioni dans le jeu principal, qui comporte 3 rouleaux et 1 ligne de paiement. Au fur et \u00e0 mesure que vous faites tourner les rouleaux, des combinaisons gagnantes se forment et vous avez alors un choix \u00e0 faire. Vous pouvez soit encaisser vos gains, soit les risquer. Le risque peut se traduire soit par un prix plus \u00e9lev\u00e9, soit par une avance sur le compteur de bonus. Remplissez les cloches pour acc\u00e9der au jeu sup\u00e9rieur.<\/p>\n<p>Pour le jeu sup\u00e9rieur, la machine \u00e0 sous propose les m\u00eames rouleaux 3\u00d73, mais avec 5 \u00e0 8 lignes et des symboles diff\u00e9rents. Les r\u00e9compenses sont \u00e9galement plus importantes. Une fois de plus, il est possible de risquer ses gains en \u00e9change d'une chance d'obtenir un prix plus important.<\/p>\n<p>Le Nudge et le Hold sont deux options que vous pouvez utiliser, la premi\u00e8re vous permettant de d\u00e9placer les rouleaux d'une position, tandis que la seconde retiendra un ou deux rouleaux et permettra aux autres de tourner \u00e0 nouveau. L'objectif est le m\u00eame : placer des symboles sur certains rouleaux, ce qui est n\u00e9cessaire pour remporter un gain.<\/p>\n<p>Parmi les mini-jeux qui se trouvent \u00e0 l'int\u00e9rieur, deux viennent dans le jeu principal, et trois dans le jeu sup\u00e9rieur. Le jeu principal peut obtenir les bonus Sacs ou Toupee, gr\u00e2ce \u00e0 trois ic\u00f4nes Sacs.<\/p>\n<p>Pour le jeu sup\u00e9rieur, les jeux bonus incluront Meridien (3 limousines), The Restaurant (3 figurines de restaurant) ou Julio (3 figurines de karaok\u00e9).<\/p>\n<p>Les fonctions suppl\u00e9mentaires disponibles \u00e0 l'int\u00e9rieur vont de l'option d'avoir 8 lignes au lieu de 5 (en ajoutant trois lignes verticales lorsque l'ic\u00f4ne Passeport atterrit dans le jeu sup\u00e9rieur), au m\u00e9lange de sept symboles, ou \u00e0 l'accumulation de coquillages et \u00e0 l'obtention de prix suppl\u00e9mentaires. Ajoutez \u00e9galement le symbole Wild, une fonction courante dans les machines \u00e0 sous, mais tr\u00e8s utile.<\/p>\n<div class=\"app-header\">\n<h2 id=\"\">Conclusion<\/h2>\n<\/div>\n<div class=\"expandable-read-more\" data-readmore-expandable=\"\">\n<div>\n<div id=\"\" class=\"app-wysiwyg\" data-readmore-content=\"\">\n<p>El Dioni est assez similaire aux autres machines \u00e0 sous de la s\u00e9rie Spanish Celebrities, et pr\u00e9sente les m\u00eames avantages et inconv\u00e9nients. J'inclurai les graphismes amusants et la vari\u00e9t\u00e9 des fonctionnalit\u00e9s dans la liste des avantages, mais en m\u00eame temps, le m\u00eame RTP tr\u00e8s bas est utilis\u00e9 \u00e0 l'int\u00e9rieur, et c'est un \u00e9norme inconv\u00e9nient. C'est un jeu pour ceux qui sont pr\u00eats \u00e0 utiliser le pari maximum, ou pour ceux qui sont de grands fans d'El Dioni.<\/p>\n<\/div>\n<\/div>\n<\/div>\n<\/div>","protected":false},"excerpt":{"rendered":"<p>El Dioni is one of several slot machines that\u00a0MGA\u00a0has developed for their Spanish Celebrities series, and just like the others, it\u2019s a 3-reel game with a classic layout and modern features. The story is based on a famous robber that stole over 300 million pesetas back in the 80s, though he was caught and imprisoned [&hellip;]<\/p>","protected":false},"author":1,"featured_media":0,"parent":455,"menu_order":0,"comment_status":"closed","ping_status":"closed","template":"","meta":{"_acf_changed":false,"footnotes":""},"class_list":["post-24496","page","type-page","status-publish","hentry"],"acf":[],"yoast_head":"<!-- This site is optimized with the Yoast SEO plugin v26.1.1 - https:\/\/yoast.com\/wordpress\/plugins\/seo\/ -->\n<title>El Dioni Slot Review<\/title>\n<meta name=\"robots\" content=\"index, follow, max-snippet:-1, max-image-preview:large, max-video-preview:-1\" \/>\n<link rel=\"canonical\" href=\"https:\/\/casinolion.ca\/fr\/online-slots\/el-dioni\/\" \/>\n<meta property=\"og:locale\" content=\"fr_CA\" \/>\n<meta property=\"og:type\" content=\"article\" \/>\n<meta property=\"og:title\" content=\"El Dioni Slot Review\" \/>\n<meta property=\"og:description\" content=\"El Dioni is one of several slot machines that\u00a0MGA\u00a0has developed for their Spanish Celebrities series, and just like the others, it\u2019s a 3-reel game with a classic layout and modern features. The story is based on a famous robber that stole over 300 million pesetas back in the 80s, though he was caught and imprisoned [&hellip;]\" \/>\n<meta property=\"og:url\" content=\"https:\/\/casinolion.ca\/fr\/online-slots\/el-dioni\/\" \/>\n<meta property=\"article:modified_time\" content=\"2025-03-06T11:05:04+00:00\" \/>\n<meta name=\"twitter:card\" content=\"summary_large_image\" \/>\n<meta name=\"twitter:label1\" content=\"Estimation du temps de lecture\" \/>\n\t<meta name=\"twitter:data1\" content=\"3 minutes\" \/>\n<script type=\"application\/ld+json\" class=\"yoast-schema-graph\">{\"@context\":\"https:\/\/schema.org\",\"@graph\":[{\"@type\":\"WebPage\",\"@id\":\"https:\/\/casinolion.ca\/online-slots\/el-dioni\/\",\"url\":\"https:\/\/casinolion.ca\/online-slots\/el-dioni\/\",\"name\":\"El Dioni Slot Review\",\"isPartOf\":{\"@id\":\"https:\/\/casinolion.ca\/fr\/#website\"},\"datePublished\":\"2025-03-06T11:03:41+00:00\",\"dateModified\":\"2025-03-06T11:05:04+00:00\",\"breadcrumb\":{\"@id\":\"https:\/\/casinolion.ca\/online-slots\/el-dioni\/#breadcrumb\"},\"inLanguage\":\"fr-CA\",\"potentialAction\":[{\"@type\":\"ReadAction\",\"target\":[\"https:\/\/casinolion.ca\/online-slots\/el-dioni\/\"]}]},{\"@type\":\"BreadcrumbList\",\"@id\":\"https:\/\/casinolion.ca\/online-slots\/el-dioni\/#breadcrumb\",\"itemListElement\":[{\"@type\":\"ListItem\",\"position\":1,\"name\":\"Home\",\"item\":\"https:\/\/casinolion.ca\/\"},{\"@type\":\"ListItem\",\"position\":2,\"name\":\"Recommended Canadian Slots Sites\",\"item\":\"https:\/\/casinolion.ca\/online-slots\/\"},{\"@type\":\"ListItem\",\"position\":3,\"name\":\"El Dioni\"}]},{\"@type\":\"WebSite\",\"@id\":\"https:\/\/casinolion.ca\/fr\/#website\",\"url\":\"https:\/\/casinolion.ca\/fr\/\",\"name\":\"\",\"description\":\"\",\"potentialAction\":[{\"@type\":\"SearchAction\",\"target\":{\"@type\":\"EntryPoint\",\"urlTemplate\":\"https:\/\/casinolion.ca\/fr\/?s={search_term_string}\"},\"query-input\":{\"@type\":\"PropertyValueSpecification\",\"valueRequired\":true,\"valueName\":\"search_term_string\"}}],\"inLanguage\":\"fr-CA\"}]}<\/script>\n<!-- \/ Yoast SEO plugin. -->","yoast_head_json":{"title":"Revue de la machine \u00e0 sous El Dioni","robots":{"index":"index","follow":"follow","max-snippet":"max-snippet:-1","max-image-preview":"max-image-preview:large","max-video-preview":"max-video-preview:-1"},"canonical":"https:\/\/casinolion.ca\/fr\/online-slots\/el-dioni\/","og_locale":"fr_CA","og_type":"article","og_title":"El Dioni Slot Review","og_description":"El Dioni is one of several slot machines that\u00a0MGA\u00a0has developed for their Spanish Celebrities series, and just like the others, it\u2019s a 3-reel game with a classic layout and modern features. The story is based on a famous robber that stole over 300 million pesetas back in the 80s, though he was caught and imprisoned [&hellip;]","og_url":"https:\/\/casinolion.ca\/fr\/online-slots\/el-dioni\/","article_modified_time":"2025-03-06T11:05:04+00:00","twitter_card":"summary_large_image","twitter_misc":{"Estimation du temps de lecture":"3 minutes"},"schema":{"@context":"https:\/\/schema.org","@graph":[{"@type":"WebPage","@id":"https:\/\/casinolion.ca\/online-slots\/el-dioni\/","url":"https:\/\/casinolion.ca\/online-slots\/el-dioni\/","name":"Revue de la machine \u00e0 sous El Dioni","isPartOf":{"@id":"https:\/\/casinolion.ca\/fr\/#website"},"datePublished":"2025-03-06T11:03:41+00:00","dateModified":"2025-03-06T11:05:04+00:00","breadcrumb":{"@id":"https:\/\/casinolion.ca\/online-slots\/el-dioni\/#breadcrumb"},"inLanguage":"fr-CA","potentialAction":[{"@type":"ReadAction","target":["https:\/\/casinolion.ca\/online-slots\/el-dioni\/"]}]},{"@type":"BreadcrumbList","@id":"https:\/\/casinolion.ca\/online-slots\/el-dioni\/#breadcrumb","itemListElement":[{"@type":"ListItem","position":1,"name":"Home","item":"https:\/\/casinolion.ca\/"},{"@type":"ListItem","position":2,"name":"Recommended Canadian Slots Sites","item":"https:\/\/casinolion.ca\/online-slots\/"},{"@type":"ListItem","position":3,"name":"El Dioni"}]},{"@type":"WebSite","@id":"https:\/\/casinolion.ca\/fr\/#website","url":"https:\/\/casinolion.ca\/fr\/","name":"","description":"","potentialAction":[{"@type":"SearchAction","target":{"@type":"EntryPoint","urlTemplate":"https:\/\/casinolion.ca\/fr\/?s={search_term_string}"},"query-input":{"@type":"PropertyValueSpecification","valueRequired":true,"valueName":"search_term_string"}}],"inLanguage":"fr-CA"}]}},"_links":{"self":[{"href":"https:\/\/casinolion.ca\/fr\/wp-json\/wp\/v2\/pages\/24496","targetHints":{"allow":["GET"]}}],"collection":[{"href":"https:\/\/casinolion.ca\/fr\/wp-json\/wp\/v2\/pages"}],"about":[{"href":"https:\/\/casinolion.ca\/fr\/wp-json\/wp\/v2\/types\/page"}],"author":[{"embeddable":true,"href":"https:\/\/casinolion.ca\/fr\/wp-json\/wp\/v2\/users\/1"}],"replies":[{"embeddable":true,"href":"https:\/\/casinolion.ca\/fr\/wp-json\/wp\/v2\/comments?post=24496"}],"version-history":[{"count":0,"href":"https:\/\/casinolion.ca\/fr\/wp-json\/wp\/v2\/pages\/24496\/revisions"}],"up":[{"embeddable":true,"href":"https:\/\/casinolion.ca\/fr\/wp-json\/wp\/v2\/pages\/455"}],"wp:attachment":[{"href":"https:\/\/casinolion.ca\/fr\/wp-json\/wp\/v2\/media?parent=24496"}],"curies":[{"name":"wp","href":"https:\/\/api.w.org\/{rel}","templated":true}]}}