
{"id":24499,"date":"2025-03-06T11:48:10","date_gmt":"2025-03-06T11:48:10","guid":{"rendered":"https:\/\/casinolion.ca\/?page_id=24499"},"modified":"2025-03-06T11:48:43","modified_gmt":"2025-03-06T11:48:43","slug":"dead-or-alive-2","status":"publish","type":"page","link":"https:\/\/casinolion.ca\/fr\/online-slots\/dead-or-alive-2\/","title":{"rendered":"Dead or Alive 2"},"content":{"rendered":"<div>\n<div id=\"\" class=\"app-wysiwyg\">\n<p>C'est un jeu qui nous emm\u00e8ne dans le Far West, et c'est l'image habituelle d'une vieille ville poussi\u00e9reuse de la prairie que l'on voit derri\u00e8re les rouleaux et dans les d\u00e9cors environnants.<\/p>\n<p>Sur les rouleaux, certains symboles sont des rois de style western, tandis que d'autres repr\u00e9sentent des objets (bouteilles de whisky, bottes, revolvers, insigne de sh\u00e9rif), des scatters et les cinq bandits (jokers).<\/p>\n<div id=\"PlayFreeGame\" class=\"game_box\" style=\"padding-bottom: 75%; margin-bottom: 30px; background-size:cover; background-repeat:no-repeat;background-color:  #d24d57; background-image: url('https:\/\/a1.lcb.org\/system\/modules\/game\/images\/attachments\/000\/281\/470\/original\/DeadorAliveII1.jpg?1554373795');\">\n                        <i class=\"fas fa-play-circle\"><\/i>\n                     <\/div>\n                     <script>\n                        let iframe = '<iframe loading=\"lazy\" src=\"https:\/\/slotslaunch.com\/iframe\/9672?token=rvgmcR4z0DADcCv3Hy0pVy9HQf7iaZ9tGNS9qWMaoIJPRjmw38\" width=\"930\" height=\"576\" frameborder=\"0\" allowTransparency=\"true\" bgcolor=\"#FFFFFF\" style=\"background-color: black;\"><\/iframe>';\n                        let holder = document.querySelector(\"#PlayFreeGame\");\n                        holder.addEventListener(\"click\", function(){\n                            holder.innerHTML = iframe;\n                        });\n                    <\/script><h2 id=\"Dead-or-Alive--data-and-features\">Donn\u00e9es et caract\u00e9ristiques de Dead or Alive 2<\/h2>\n                <table class=\"tablepress\">\n                    <tbody><tr><td><strong>Enrouleurs<\/strong><\/td><td>5<\/td><\/tr><tr><td><strong>Lignes de paiement<\/strong><\/td><td>9<\/td><\/tr><tr><td><strong>Jackpot maximum<\/strong><\/td><td>$2,500.00<\/td><\/tr><tr><td><strong>Pourcentage de paiement<\/strong><\/td><td>96.800<\/td><\/tr><tr><td><strong>Symbole Wild<\/strong><\/td><td>Oui<\/td><\/tr><tr><td><strong>Multiplicateur<\/strong><\/td><td>Oui<\/td><\/tr><tr><td><strong>Gamme de paris<\/strong><\/td><td>0.09 - 9<\/td><\/tr><tr><td><strong>Plage de mise des pi\u00e8ces<\/strong><\/td><td>0.01 - 0.5<\/td><\/tr><tr><td><strong>Pi\u00e8ces par ligne<\/strong><\/td><td>2<\/td><\/tr><tr><td><strong>Progressif<\/strong><\/td><td>Non<\/td><\/tr><tr><td><strong>Max coins jackpot<\/strong><\/td><td>5000<\/td><\/tr><tr><td><strong>Pi\u00e8ces maximales<\/strong><\/td><td>0.5<\/td><\/tr><tr><td><strong>Symbole Scatter<\/strong><\/td><td>Oui<\/td><\/tr><tr><td><strong>Tours gratuits disponibles<\/strong><\/td><td>Oui<\/td><\/tr><tr><td><strong>Jeu bonus<\/strong><\/td><td>Non<\/td><\/tr><tr><td><strong>Acheter la fonctionnalit\u00e9<\/strong><\/td><td>Non<\/td><\/tr><tr><td><strong>Th\u00e8me du jeu<\/strong><\/td><td>Occidentale<\/td><\/tr><tr><td><strong>Volatilit\u00e9<\/strong><\/td><td>Haut<\/td><\/tr><\/tbody><\/table>\n<\/div>\n<\/div>\n<div class=\"app-header\">\n<h2 id=\"\">D\u00e9veloppeur<\/h2>\n<\/div>\n<div>\n<div id=\"\" class=\"app-wysiwyg\">\n<p><a href=\"https:\/\/casinolion.ca\/fr\/netent\/\">NetEnt<\/a>, une soci\u00e9t\u00e9 d'origine su\u00e9doise, est le cr\u00e9ateur de Dead or Alive 2, manifestement une suite pour une autre machine \u00e0 sous. L'original \u00e9tait tr\u00e8s populaire et m\u00e9ritait bien une suite.<\/p>\n<p>Typiquement,\u00a0<a href=\"https:\/\/casinolion.ca\/fr\/slots\/\">Machines \u00e0 sous de NetEnt<\/a>\u00a0ont une volatilit\u00e9 faible \u00e0 moyenne, certains des meilleurs designs et fonctionnalit\u00e9s, et des paiements de taille moyenne (avec un bon RTP cependant).<\/p>\n<p>Les autres machines \u00e0 sous que je recommanderais, parmi la liste des titres populaires, sont Gonzo's Quest et\u00a0<a href=\"https:\/\/casinolion.ca\/fr\/a\/starburst\/\">Combinaison d'\u00e9toiles<\/a>.<\/p>\n<div class=\"app-header\">\n<h2 id=\"\">Comment jouer<\/h2>\n<\/div>\n<div class=\"expandable-read-more\" data-readmore-expandable=\"\">\n<div>\n<div id=\"\" class=\"app-wysiwyg\" data-readmore-content=\"\">\n<p>Les mises commencent \u00e0 partir d'une valeur minimale de $0,09 par tour, avec la possibilit\u00e9 d'aller jusqu'\u00e0 $18. Cela correspond \u00e0 une mise de ligne comprise entre $0,01 et $2.<\/p>\n<p>Ce n'est pas le genre de jeu qui offre beaucoup de combinaisons gagnantes, car il n'y a que 9 lignes actives sur ses rouleaux 5\u00d73. Malgr\u00e9 cela, le jeu est capable de payer des prix incroyables, et il le fait avec des caract\u00e9ristiques que vous connaissez d\u00e9j\u00e0, mais avec un potentiel plus grand que jamais.<\/p>\n<h3>Caract\u00e9ristiques sp\u00e9ciales<\/h3>\n<div class=\"app-wysiwyg\">\n<p>Il y a en fait cinq symboles wild diff\u00e9rents, chacun avec un hors-la-loi diff\u00e9rent comme image, et un rouleau diff\u00e9rent sur lequel atterrir. Il s'agit de substituts qui remplacent les symboles normaux.<\/p>\n<p>Les symboles Scatter sont utilis\u00e9s pour d\u00e9clencher les excellents prix du jeu. Cinq de ces symboles rapportent un total impressionnant de 2 500 fois la mise.<\/p>\n<p>Ces m\u00eames scatters peuvent \u00eatre utilis\u00e9s pour acc\u00e9der aux tours gratuits. Il existe trois versions de cette fonction, chacune avec un autre niveau de volatilit\u00e9 et des gains diff\u00e9rents.<\/p>\n<p><strong>Vieux Saloon :<\/strong>\u00a0Il s'agit de la version qui ressemble au jeu original, avec des jokers collants et des multiplicateurs de 2 fois.<\/p>\n<p><strong>Vol de train :<\/strong>\u00a0propose des tours gratuits dont le multiplicateur augmente \u00e0 chaque tour o\u00f9 un joker atterrit, ce qui ajoute \u00e9galement un tour suppl\u00e9mentaire au total. Lorsque vous atteignez un multiplicateur de 16x, vous b\u00e9n\u00e9ficiez de 5 parties gratuites suppl\u00e9mentaires.<\/p>\n<p><strong>High Noon :<\/strong>\u00a0Il s'agit de la version des tours gratuits qui offre les meilleurs rendements (plus de 100 000 fois la mise totale possible), mais aussi la plus grande volatilit\u00e9 et le plus grand risque.<\/p>\n<p>Il s'agit d'une version de la fonction Old Saloon, o\u00f9 des wilds de 1x \u00e0 3x apparaissent sur les rouleaux (en fonction du nombre de wilds atterrissant sur la m\u00eame colonne), et se multiplient mutuellement lorsqu'ils contribuent aux m\u00eames combinaisons. De plus, les jokers sont collants, pour un effet suppl\u00e9mentaire.<\/p>\n<\/div>\n<\/div>\n<\/div>\n<\/div>\n<div class=\"app-header\">\n<div class=\"app-header\">\n<h2 id=\"\">Paiements maximums<\/h2>\n<\/div>\n<div class=\"expandable-read-more\" data-readmore-expandable=\"\">\n<div>\n<div id=\"features\" class=\"app-wysiwyg\" data-readmore-content=\"\">\n<p>Dead or Alive 2 est un jeu incroyable, avec un potentiel \u00e9norme, le plus \u00e9lev\u00e9 de tous les temps en fait. Il a le potentiel de rembourser votre mise \u00e0 un multiple de plus de 100 000 fois, ce qui est le plus \u00e9lev\u00e9 de tous les temps \u00e0 l'heure actuelle. C'est la raison pour laquelle les mises du jeu ne d\u00e9passent pas $18 par tour.<\/p>\n<p>Il s'agit d'un jeu \u00e0 tr\u00e8s forte volatilit\u00e9, ce qui n'est pas facile \u00e0 trouver dans la collection de NetEnt. Cependant, un risque \u00e9lev\u00e9 s'accompagne d'un grand potentiel et, \u00e0 long terme, cette machine \u00e0 sous devrait offrir \u00e0 ses joueurs un retour de 96,8%, ce qui est bien sup\u00e9rieur \u00e0 la moyenne.<\/p>\n<p>Comme vous pouvez le constater, si vous pouvez supporter la punition d'une machine \u00e0 sous \u00e0 forte volatilit\u00e9, c'est l'une des meilleures options dans cette cat\u00e9gorie de titres plus risqu\u00e9s.<\/p>\n<\/div>\n<\/div>\n<\/div>\n<div class=\"app-header\">\n<h2 id=\"\">R\u00e9sum\u00e9<\/h2>\n<\/div>\n<div class=\"expandable-read-more\" data-readmore-expandable=\"\">\n<div>\n<div id=\"\" class=\"app-wysiwyg\" data-readmore-content=\"\">\n<p>C'est un choix de premier ordre pour tout joueur qui appr\u00e9cie le contenu de NetEnt, mais qui veut aussi l'un des jeux les plus volatiles et les plus gratifiants qui existent aujourd'hui. Avec des prix de plus de 100 000x \u00e0 l'int\u00e9rieur, il sera difficile pour toute autre machine \u00e0 sous de l'\u00e9galer.<\/p>\n<\/div>\n<\/div>\n<\/div>\n<\/div>\n<\/div>\n<\/div>","protected":false},"excerpt":{"rendered":"<p>C'est un jeu qui nous emm\u00e8ne dans un d\u00e9cor de Far West, et c'est l'image habituelle d'une vieille ville poussi\u00e9reuse de la prairie que l'on voit derri\u00e8re les rouleaux et dans les d\u00e9cors environnants. Sur les rouleaux, certains symboles sont des Royaux de style western, tandis que d'autres repr\u00e9sentent des objets (bouteilles de whisky, bottes, revolvers, insigne de sh\u00e9rif), [...]<\/p>","protected":false},"author":1,"featured_media":0,"parent":455,"menu_order":0,"comment_status":"closed","ping_status":"closed","template":"","meta":{"_acf_changed":false,"footnotes":""},"class_list":["post-24499","page","type-page","status-publish","hentry"],"acf":[],"yoast_head":"<!-- This site is optimized with the Yoast SEO plugin v26.1.1 - https:\/\/yoast.com\/wordpress\/plugins\/seo\/ -->\n<title>Dead or Alive 2 Slot Review<\/title>\n<meta name=\"robots\" content=\"index, follow, max-snippet:-1, max-image-preview:large, max-video-preview:-1\" \/>\n<link rel=\"canonical\" href=\"https:\/\/casinolion.ca\/fr\/online-slots\/dead-or-alive-2\/\" \/>\n<meta property=\"og:locale\" content=\"fr_CA\" \/>\n<meta property=\"og:type\" content=\"article\" \/>\n<meta property=\"og:title\" content=\"Dead or Alive 2 Slot Review\" \/>\n<meta property=\"og:description\" content=\"It\u2019s a game that takes us to a Wild West location, and it\u2019s the usual image of a dusty old prairie town that we see behind the reels and as part of the surrounding decorations. On the reels, some symbols are Western-style Royals, while others show images of objects (whiskey bottles, boots, revolvers, sheriff\u2019s badge), [&hellip;]\" \/>\n<meta property=\"og:url\" content=\"https:\/\/casinolion.ca\/fr\/online-slots\/dead-or-alive-2\/\" \/>\n<meta property=\"article:modified_time\" content=\"2025-03-06T11:48:43+00:00\" \/>\n<meta name=\"twitter:card\" content=\"summary_large_image\" \/>\n<meta name=\"twitter:label1\" content=\"Estimation du temps de lecture\" \/>\n\t<meta name=\"twitter:data1\" content=\"3 minutes\" \/>\n<script type=\"application\/ld+json\" class=\"yoast-schema-graph\">{\"@context\":\"https:\/\/schema.org\",\"@graph\":[{\"@type\":\"WebPage\",\"@id\":\"https:\/\/casinolion.ca\/online-slots\/dead-or-alive-2\/\",\"url\":\"https:\/\/casinolion.ca\/online-slots\/dead-or-alive-2\/\",\"name\":\"Dead or Alive 2 Slot Review\",\"isPartOf\":{\"@id\":\"https:\/\/casinolion.ca\/fr\/#website\"},\"datePublished\":\"2025-03-06T11:48:10+00:00\",\"dateModified\":\"2025-03-06T11:48:43+00:00\",\"breadcrumb\":{\"@id\":\"https:\/\/casinolion.ca\/online-slots\/dead-or-alive-2\/#breadcrumb\"},\"inLanguage\":\"fr-CA\",\"potentialAction\":[{\"@type\":\"ReadAction\",\"target\":[\"https:\/\/casinolion.ca\/online-slots\/dead-or-alive-2\/\"]}]},{\"@type\":\"BreadcrumbList\",\"@id\":\"https:\/\/casinolion.ca\/online-slots\/dead-or-alive-2\/#breadcrumb\",\"itemListElement\":[{\"@type\":\"ListItem\",\"position\":1,\"name\":\"Home\",\"item\":\"https:\/\/casinolion.ca\/\"},{\"@type\":\"ListItem\",\"position\":2,\"name\":\"Recommended Canadian Slots Sites\",\"item\":\"https:\/\/casinolion.ca\/online-slots\/\"},{\"@type\":\"ListItem\",\"position\":3,\"name\":\"Dead or Alive 2\"}]},{\"@type\":\"WebSite\",\"@id\":\"https:\/\/casinolion.ca\/fr\/#website\",\"url\":\"https:\/\/casinolion.ca\/fr\/\",\"name\":\"\",\"description\":\"\",\"potentialAction\":[{\"@type\":\"SearchAction\",\"target\":{\"@type\":\"EntryPoint\",\"urlTemplate\":\"https:\/\/casinolion.ca\/fr\/?s={search_term_string}\"},\"query-input\":{\"@type\":\"PropertyValueSpecification\",\"valueRequired\":true,\"valueName\":\"search_term_string\"}}],\"inLanguage\":\"fr-CA\"}]}<\/script>\n<!-- \/ Yoast SEO plugin. -->","yoast_head_json":{"title":"Revue de la machine \u00e0 sous Dead or Alive 2","robots":{"index":"index","follow":"follow","max-snippet":"max-snippet:-1","max-image-preview":"max-image-preview:large","max-video-preview":"max-video-preview:-1"},"canonical":"https:\/\/casinolion.ca\/fr\/online-slots\/dead-or-alive-2\/","og_locale":"fr_CA","og_type":"article","og_title":"Dead or Alive 2 Slot Review","og_description":"It\u2019s a game that takes us to a Wild West location, and it\u2019s the usual image of a dusty old prairie town that we see behind the reels and as part of the surrounding decorations. On the reels, some symbols are Western-style Royals, while others show images of objects (whiskey bottles, boots, revolvers, sheriff\u2019s badge), [&hellip;]","og_url":"https:\/\/casinolion.ca\/fr\/online-slots\/dead-or-alive-2\/","article_modified_time":"2025-03-06T11:48:43+00:00","twitter_card":"summary_large_image","twitter_misc":{"Estimation du temps de lecture":"3 minutes"},"schema":{"@context":"https:\/\/schema.org","@graph":[{"@type":"WebPage","@id":"https:\/\/casinolion.ca\/online-slots\/dead-or-alive-2\/","url":"https:\/\/casinolion.ca\/online-slots\/dead-or-alive-2\/","name":"Revue de la machine \u00e0 sous Dead or Alive 2","isPartOf":{"@id":"https:\/\/casinolion.ca\/fr\/#website"},"datePublished":"2025-03-06T11:48:10+00:00","dateModified":"2025-03-06T11:48:43+00:00","breadcrumb":{"@id":"https:\/\/casinolion.ca\/online-slots\/dead-or-alive-2\/#breadcrumb"},"inLanguage":"fr-CA","potentialAction":[{"@type":"ReadAction","target":["https:\/\/casinolion.ca\/online-slots\/dead-or-alive-2\/"]}]},{"@type":"BreadcrumbList","@id":"https:\/\/casinolion.ca\/online-slots\/dead-or-alive-2\/#breadcrumb","itemListElement":[{"@type":"ListItem","position":1,"name":"Home","item":"https:\/\/casinolion.ca\/"},{"@type":"ListItem","position":2,"name":"Recommended Canadian Slots Sites","item":"https:\/\/casinolion.ca\/online-slots\/"},{"@type":"ListItem","position":3,"name":"Dead or Alive 2"}]},{"@type":"WebSite","@id":"https:\/\/casinolion.ca\/fr\/#website","url":"https:\/\/casinolion.ca\/fr\/","name":"","description":"","potentialAction":[{"@type":"SearchAction","target":{"@type":"EntryPoint","urlTemplate":"https:\/\/casinolion.ca\/fr\/?s={search_term_string}"},"query-input":{"@type":"PropertyValueSpecification","valueRequired":true,"valueName":"search_term_string"}}],"inLanguage":"fr-CA"}]}},"_links":{"self":[{"href":"https:\/\/casinolion.ca\/fr\/wp-json\/wp\/v2\/pages\/24499","targetHints":{"allow":["GET"]}}],"collection":[{"href":"https:\/\/casinolion.ca\/fr\/wp-json\/wp\/v2\/pages"}],"about":[{"href":"https:\/\/casinolion.ca\/fr\/wp-json\/wp\/v2\/types\/page"}],"author":[{"embeddable":true,"href":"https:\/\/casinolion.ca\/fr\/wp-json\/wp\/v2\/users\/1"}],"replies":[{"embeddable":true,"href":"https:\/\/casinolion.ca\/fr\/wp-json\/wp\/v2\/comments?post=24499"}],"version-history":[{"count":0,"href":"https:\/\/casinolion.ca\/fr\/wp-json\/wp\/v2\/pages\/24499\/revisions"}],"up":[{"embeddable":true,"href":"https:\/\/casinolion.ca\/fr\/wp-json\/wp\/v2\/pages\/455"}],"wp:attachment":[{"href":"https:\/\/casinolion.ca\/fr\/wp-json\/wp\/v2\/media?parent=24499"}],"curies":[{"name":"wp","href":"https:\/\/api.w.org\/{rel}","templated":true}]}}