
{"id":24500,"date":"2025-03-06T11:50:18","date_gmt":"2025-03-06T11:50:18","guid":{"rendered":"https:\/\/casinolion.ca\/?page_id=24500"},"modified":"2025-03-06T11:50:57","modified_gmt":"2025-03-06T11:50:57","slug":"raging-rhino-megaways","status":"publish","type":"page","link":"https:\/\/casinolion.ca\/fr\/online-slots\/raging-rhino-megaways\/","title":{"rendered":"Raging Rhino Megaways"},"content":{"rendered":"<div id=\"PlayFreeGame\" class=\"game_box\" style=\"padding-bottom: 75%; margin-bottom: 30px; background-size:cover; background-repeat:no-repeat;background-color:  #d24d57; background-image: url('https:\/\/a1.lcb.org\/system\/modules\/game\/images\/attachments\/000\/417\/899\/original\/raging-rhino.jpg?1649157898');\">\n                        <i class=\"fas fa-play-circle\"><\/i>\n                     <\/div>\n                     <script>\n                        let iframe = '<iframe loading=\"lazy\" src=\"https:\/\/promos.safe-communication.com\/funmode.php?appName=SlotsMagic&langID=en&gameID=7293&head=1\" width=\"930\" height=\"576\" frameborder=\"0\" allowTransparency=\"true\" bgcolor=\"#FFFFFF\" style=\"background-color: black;\"><\/iframe>';\n                        let holder = document.querySelector(\"#PlayFreeGame\");\n                        holder.addEventListener(\"click\", function(){\n                            holder.innerHTML = iframe;\n                        });\n                    <\/script><h2 id=\"Raging-Rhino-data-and-features\">Donn\u00e9es et caract\u00e9ristiques de Raging Rhino<\/h2>\n                <table class=\"tablepress\">\n                    <tbody><tr><td><strong>Enrouleurs<\/strong><\/td><td>6<\/td><\/tr><tr><td><strong>Lignes de paiement<\/strong><\/td><td>4096<\/td><\/tr><tr><td><strong>Jackpot maximum<\/strong><\/td><td>$12,000.00<\/td><\/tr><tr><td><strong>Pourcentage de paiement<\/strong><\/td><td>95.910<\/td><\/tr><tr><td><strong>Symbole Wild<\/strong><\/td><td>Oui<\/td><\/tr><tr><td><strong>Multiplicateur<\/strong><\/td><td>Non<\/td><\/tr><tr><td><strong>Gamme de paris<\/strong><\/td><td>0.4 - 12<\/td><\/tr><tr><td><strong>Plage de mise des pi\u00e8ces<\/strong><\/td><td>0.4 - 0.4<\/td><\/tr><tr><td><strong>Pi\u00e8ces par ligne<\/strong><\/td><td>30<\/td><\/tr><tr><td><strong>Progressif<\/strong><\/td><td>Non<\/td><\/tr><tr><td><strong>Max coins jackpot<\/strong><\/td><td>30000<\/td><\/tr><tr><td><strong>Pi\u00e8ces maximales<\/strong><\/td><td>0.4<\/td><\/tr><tr><td><strong>Symbole Scatter<\/strong><\/td><td>Oui<\/td><\/tr><tr><td><strong>Tours gratuits disponibles<\/strong><\/td><td>Oui<\/td><\/tr><tr><td><strong>Jeu bonus<\/strong><\/td><td>Non<\/td><\/tr><tr><td><strong>Acheter la fonctionnalit\u00e9<\/strong><\/td><td>Non<\/td><\/tr><tr><td><strong>Th\u00e8me du jeu<\/strong><\/td><td>Animaux<\/td><\/tr><\/tbody><\/table>\n<p>Raging Rhino est depuis longtemps l'un des plus grands noms de l'industrie.\u00a0<a href=\"https:\/\/casinolion.ca\/fr\/wms\/\">Les machines \u00e0 sous WMS les plus populaires<\/a>\u00a0sur le th\u00e8me de la faune africaine et 4 096 fa\u00e7ons diff\u00e9rentes de gagner. Il a \u00e9t\u00e9 lanc\u00e9 pour la premi\u00e8re fois en tant que jeu pour les casinos terrestres \u00e0 peu pr\u00e8s au moment o\u00f9 Williams Interactive a \u00e9t\u00e9 int\u00e9gr\u00e9 \u00e0 SG Digital.<\/p>\n<p>Quelques ann\u00e9es plus tard, WMS\/SG a utilis\u00e9\u00a0<a href=\"https:\/\/casinolion.ca\/fr\/slots\/megaways\/\">Megaways sous licence de Big Time Gaming<\/a>\u00a0pour ramener la b\u00eate plus forte que jamais.<\/p>\n<p>Les rouleaux 1 et 6 peuvent maintenant fournir jusqu'\u00e0 7 symboles par tour, tandis que les autres peuvent en contenir jusqu'\u00e0 6. Un rouleau suppl\u00e9mentaire est plac\u00e9 au-dessus de la zone de jeu standard, tournant horizontalement au lieu de verticalement et fournissant des ic\u00f4nes aux rouleaux 2, 3, 4 et 5.<\/p>\n<p>Cette structure permet \u00e0 Raging Rhino de payer jusqu'\u00e0 117 649 Megaways sur n'importe quel spin.<\/p>\n<p>Tout en jouant avec des animaux sauvages qu'ils craindraient probablement dans la vie r\u00e9elle, les gains s'accumulent gr\u00e2ce \u00e0 de nombreuses fonctions sp\u00e9ciales et \u00e0 un RTP de 96,18%.<\/p>\n<h3>Les bonus d\u00e9construits<\/h3>\n<div class=\"app-wysiwyg\">\n<p>Chaque fois que vous \u00eates pay\u00e9, les symboles gagnants explosent et de nouveaux symboles prennent leur place. Cette action en cascade des rouleaux peut facilement se traduire par un ou plusieurs gains suppl\u00e9mentaires pour un investissement nul.<\/p>\n<p>Le Wild remplace toutes les autres ic\u00f4nes du jeu, \u00e0 l'exception du symbole Bonus. Il n'appara\u00eet que sur la rang\u00e9e sup\u00e9rieure pendant le jeu de base, mais il peut am\u00e9liorer consid\u00e9rablement vos gains pendant que vous tournez gratuitement.<\/p>\n<p>Pour commencer \u00e0 jouer, il faut qu'au moins 4 scatters apparaissent simultan\u00e9ment. Le tour bonus commence par 8 tours gratuits mais offre la possibilit\u00e9 d'en gagner 8 de plus en obtenant 3+ Scatters.<\/p>\n<p>Le multiplicateur de gains commence \u00e0 x1 et augmente de 1 \u00e0 chaque fois que vous provoquez une cascade. Le plus beau, c'est que ce multiplicateur n'a pas de limite, donc ceux qui ont la chance d'encha\u00eener les victoires peuvent se retrouver avec un score final vraiment impressionnant.<\/p>\n<p>La probabilit\u00e9 de faire\u00a0<a href=\"https:\/\/casinolion.ca\/fr\/free-spins\/\">Spins gratuits<\/a>\u00a0Les gains augmentent consid\u00e9rablement gr\u00e2ce aux Wilds qui apparaissent d\u00e9sormais sur les rouleaux 2, 3, 4 et 5 ainsi que sur la rang\u00e9e sup\u00e9rieure. Chaque symbole Wild gagnant multiplie le gain par x2, x3 ou x5.<\/p>\n<p>M\u00eame si le spinner sur la maison se termine avec un solde m\u00e9diocre, il y a la garantie de bonus pour am\u00e9liorer les choses. Elle garantit que le joueur quittera le tour de bonus avec un minimum de 10 fois sa mise totale.<\/p>\n<div class=\"app-header\">\n<h2 id=\"\">Raging Rhino Megaways vs Autres Machines \u00e0 Sous Megaways<\/h2>\n<\/div>\n<div class=\"expandable-read-more\" data-readmore-expandable=\"\">\n<div>\n<div id=\"\" class=\"app-wysiwyg\" data-readmore-content=\"\">\n<p>Raging Rhino Megaways offre de nombreux \u00e9l\u00e9ments que l'on peut trouver dans\u00a0<a href=\"https:\/\/casinolion.ca\/fr\/slots\/megaways\/\">Autres machines \u00e0 sous utilisant le brevet Megaways<\/a>.<\/p>\n<p>Il s'agit notamment de l'action des rouleaux en cascade, des jeux gratuits avec un multiplicateur illimit\u00e9 appliqu\u00e9 \u00e0 tous les gains des tours gratuits, de plus de 100 000 fa\u00e7ons de gagner et de la r\u00e9compense maximale de 12 500 fois la mise du joueur.<\/p>\n<p>Il n'y a pas de symboles myst\u00e9rieux ni de symboles multiples.\u00a0<a href=\"https:\/\/casinolion.ca\/fr\/free-spins\/\">Options de tours gratuits<\/a>\u00a0comme certains des autres titres Megaways, mais il augmente les gains des tours bonus avec des multiplicateurs Wild et garantit que vous gagnerez au moins 10x la mise m\u00eame si vous \u00eates particuli\u00e8rement malchanceux lorsque vous tournez gratuitement.<\/p>\n<\/div>\n<\/div>\n<\/div>\n<\/div>","protected":false},"excerpt":{"rendered":"<p>Raging Rhino est depuis longtemps l'une des machines \u00e0 sous WMS les plus populaires, avec pour th\u00e8me la faune africaine et 4 096 fa\u00e7ons diff\u00e9rentes de gagner. Elle a \u00e9t\u00e9 lanc\u00e9e pour la premi\u00e8re fois en tant que jeu pour les casinos terrestres \u00e0 peu pr\u00e8s au moment o\u00f9 Williams Interactive a \u00e9t\u00e9 int\u00e9gr\u00e9e \u00e0 SG Digital. Quelques ann\u00e9es plus tard, WMS\/SG a utilis\u00e9 le brevet Megaways de Big Time Gaming pour introduire la machine \u00e0 sous [...]<\/p>","protected":false},"author":1,"featured_media":0,"parent":455,"menu_order":0,"comment_status":"closed","ping_status":"closed","template":"","meta":{"_acf_changed":false,"footnotes":""},"class_list":["post-24500","page","type-page","status-publish","hentry"],"acf":[],"yoast_head":"<!-- This site is optimized with the Yoast SEO plugin v26.1.1 - https:\/\/yoast.com\/wordpress\/plugins\/seo\/ -->\n<title>Raging Rhino Megaways Slot Review<\/title>\n<meta name=\"robots\" content=\"index, follow, max-snippet:-1, max-image-preview:large, max-video-preview:-1\" \/>\n<link rel=\"canonical\" href=\"https:\/\/casinolion.ca\/fr\/online-slots\/raging-rhino-megaways\/\" \/>\n<meta property=\"og:locale\" content=\"fr_CA\" \/>\n<meta property=\"og:type\" content=\"article\" \/>\n<meta property=\"og:title\" content=\"Raging Rhino Megaways Slot Review\" \/>\n<meta property=\"og:description\" content=\"Raging Rhino has long been one of the\u00a0most popular WMS slots\u00a0featuring African wildlife theme and 4,096 different ways to win. It was first launched as a game for land-based casinos about the same time as Williams Interactive became part of SG Digital. A few years later, WMS\/SG used\u00a0Big Time Gaming\u2019s licensed Megaways\u00a0patent to bring the [&hellip;]\" \/>\n<meta property=\"og:url\" content=\"https:\/\/casinolion.ca\/fr\/online-slots\/raging-rhino-megaways\/\" \/>\n<meta property=\"article:modified_time\" content=\"2025-03-06T11:50:57+00:00\" \/>\n<meta name=\"twitter:card\" content=\"summary_large_image\" \/>\n<meta name=\"twitter:label1\" content=\"Estimation du temps de lecture\" \/>\n\t<meta name=\"twitter:data1\" content=\"3 minutes\" \/>\n<script type=\"application\/ld+json\" class=\"yoast-schema-graph\">{\"@context\":\"https:\/\/schema.org\",\"@graph\":[{\"@type\":\"WebPage\",\"@id\":\"https:\/\/casinolion.ca\/online-slots\/raging-rhino-megaways\/\",\"url\":\"https:\/\/casinolion.ca\/online-slots\/raging-rhino-megaways\/\",\"name\":\"Raging Rhino Megaways Slot Review\",\"isPartOf\":{\"@id\":\"https:\/\/casinolion.ca\/fr\/#website\"},\"datePublished\":\"2025-03-06T11:50:18+00:00\",\"dateModified\":\"2025-03-06T11:50:57+00:00\",\"breadcrumb\":{\"@id\":\"https:\/\/casinolion.ca\/online-slots\/raging-rhino-megaways\/#breadcrumb\"},\"inLanguage\":\"fr-CA\",\"potentialAction\":[{\"@type\":\"ReadAction\",\"target\":[\"https:\/\/casinolion.ca\/online-slots\/raging-rhino-megaways\/\"]}]},{\"@type\":\"BreadcrumbList\",\"@id\":\"https:\/\/casinolion.ca\/online-slots\/raging-rhino-megaways\/#breadcrumb\",\"itemListElement\":[{\"@type\":\"ListItem\",\"position\":1,\"name\":\"Home\",\"item\":\"https:\/\/casinolion.ca\/\"},{\"@type\":\"ListItem\",\"position\":2,\"name\":\"Recommended Canadian Slots Sites\",\"item\":\"https:\/\/casinolion.ca\/online-slots\/\"},{\"@type\":\"ListItem\",\"position\":3,\"name\":\"Raging Rhino Megaways\"}]},{\"@type\":\"WebSite\",\"@id\":\"https:\/\/casinolion.ca\/fr\/#website\",\"url\":\"https:\/\/casinolion.ca\/fr\/\",\"name\":\"\",\"description\":\"\",\"potentialAction\":[{\"@type\":\"SearchAction\",\"target\":{\"@type\":\"EntryPoint\",\"urlTemplate\":\"https:\/\/casinolion.ca\/fr\/?s={search_term_string}\"},\"query-input\":{\"@type\":\"PropertyValueSpecification\",\"valueRequired\":true,\"valueName\":\"search_term_string\"}}],\"inLanguage\":\"fr-CA\"}]}<\/script>\n<!-- \/ Yoast SEO plugin. -->","yoast_head_json":{"title":"Revue de la machine \u00e0 sous Raging Rhino Megaways","robots":{"index":"index","follow":"follow","max-snippet":"max-snippet:-1","max-image-preview":"max-image-preview:large","max-video-preview":"max-video-preview:-1"},"canonical":"https:\/\/casinolion.ca\/fr\/online-slots\/raging-rhino-megaways\/","og_locale":"fr_CA","og_type":"article","og_title":"Raging Rhino Megaways Slot Review","og_description":"Raging Rhino has long been one of the\u00a0most popular WMS slots\u00a0featuring African wildlife theme and 4,096 different ways to win. It was first launched as a game for land-based casinos about the same time as Williams Interactive became part of SG Digital. A few years later, WMS\/SG used\u00a0Big Time Gaming\u2019s licensed Megaways\u00a0patent to bring the [&hellip;]","og_url":"https:\/\/casinolion.ca\/fr\/online-slots\/raging-rhino-megaways\/","article_modified_time":"2025-03-06T11:50:57+00:00","twitter_card":"summary_large_image","twitter_misc":{"Estimation du temps de lecture":"3 minutes"},"schema":{"@context":"https:\/\/schema.org","@graph":[{"@type":"WebPage","@id":"https:\/\/casinolion.ca\/online-slots\/raging-rhino-megaways\/","url":"https:\/\/casinolion.ca\/online-slots\/raging-rhino-megaways\/","name":"Revue de la machine \u00e0 sous Raging Rhino Megaways","isPartOf":{"@id":"https:\/\/casinolion.ca\/fr\/#website"},"datePublished":"2025-03-06T11:50:18+00:00","dateModified":"2025-03-06T11:50:57+00:00","breadcrumb":{"@id":"https:\/\/casinolion.ca\/online-slots\/raging-rhino-megaways\/#breadcrumb"},"inLanguage":"fr-CA","potentialAction":[{"@type":"ReadAction","target":["https:\/\/casinolion.ca\/online-slots\/raging-rhino-megaways\/"]}]},{"@type":"BreadcrumbList","@id":"https:\/\/casinolion.ca\/online-slots\/raging-rhino-megaways\/#breadcrumb","itemListElement":[{"@type":"ListItem","position":1,"name":"Home","item":"https:\/\/casinolion.ca\/"},{"@type":"ListItem","position":2,"name":"Recommended Canadian Slots Sites","item":"https:\/\/casinolion.ca\/online-slots\/"},{"@type":"ListItem","position":3,"name":"Raging Rhino Megaways"}]},{"@type":"WebSite","@id":"https:\/\/casinolion.ca\/fr\/#website","url":"https:\/\/casinolion.ca\/fr\/","name":"","description":"","potentialAction":[{"@type":"SearchAction","target":{"@type":"EntryPoint","urlTemplate":"https:\/\/casinolion.ca\/fr\/?s={search_term_string}"},"query-input":{"@type":"PropertyValueSpecification","valueRequired":true,"valueName":"search_term_string"}}],"inLanguage":"fr-CA"}]}},"_links":{"self":[{"href":"https:\/\/casinolion.ca\/fr\/wp-json\/wp\/v2\/pages\/24500","targetHints":{"allow":["GET"]}}],"collection":[{"href":"https:\/\/casinolion.ca\/fr\/wp-json\/wp\/v2\/pages"}],"about":[{"href":"https:\/\/casinolion.ca\/fr\/wp-json\/wp\/v2\/types\/page"}],"author":[{"embeddable":true,"href":"https:\/\/casinolion.ca\/fr\/wp-json\/wp\/v2\/users\/1"}],"replies":[{"embeddable":true,"href":"https:\/\/casinolion.ca\/fr\/wp-json\/wp\/v2\/comments?post=24500"}],"version-history":[{"count":0,"href":"https:\/\/casinolion.ca\/fr\/wp-json\/wp\/v2\/pages\/24500\/revisions"}],"up":[{"embeddable":true,"href":"https:\/\/casinolion.ca\/fr\/wp-json\/wp\/v2\/pages\/455"}],"wp:attachment":[{"href":"https:\/\/casinolion.ca\/fr\/wp-json\/wp\/v2\/media?parent=24500"}],"curies":[{"name":"wp","href":"https:\/\/api.w.org\/{rel}","templated":true}]}}