
{"id":24502,"date":"2025-03-07T05:01:45","date_gmt":"2025-03-07T05:01:45","guid":{"rendered":"https:\/\/casinolion.ca\/?page_id=24502"},"modified":"2025-03-07T05:02:30","modified_gmt":"2025-03-07T05:02:30","slug":"montezuma","status":"publish","type":"page","link":"https:\/\/casinolion.ca\/fr\/online-slots\/montezuma\/","title":{"rendered":"Montezuma"},"content":{"rendered":"<p>Montezuma, l'un des nombreux\u00a0<a href=\"https:\/\/casinolion.ca\/fr\/wms\/\">Machines \u00e0 sous WMS<\/a>\u00a0qui ont marqu\u00e9 les joueurs au fil des ans, fait partie d'une petite s\u00e9rie publi\u00e9e par le d\u00e9veloppeur. Lanc\u00e9 en 2014, le Montezuma original est toujours une option solide pour les joueurs, mais continuez \u00e0 lire et vous d\u00e9couvrirez pourquoi.<\/p>\n<p>Ils ont con\u00e7u Montezuma comme une machine \u00e0 sous qui offre 30 lignes de paiement sur des rouleaux 5\u00d73. Faites tourner ces rouleaux avec des mises allant de $0,30 \u00e0 $60 par tour, en envoyant jusqu'\u00e0 $2 sur chaque ligne. Tout en conservant un RTP respectable de 95,86%, le jeu promet de payer jusqu'\u00e0 $180 000 (3 000 fois la mise), bien que cela ne soit possible que pendant les tours gratuits. Les tours gratuits ont des multiplicateurs allant jusqu'\u00e0 10x, vous les d\u00e9clenchez gr\u00e2ce aux scatters, et le jeu ajoute \u00e9galement des wilds \u00e0 certains rouleaux.<\/p>\n<p>Le c\u00e9l\u00e8bre Montezuma, souverain des Azt\u00e8ques lors de l'invasion des conquistadors espagnols, vaincu et tu\u00e9 au passage, est celui qui a inspir\u00e9 la conception de cette machine \u00e0 sous. Comme c'est souvent le cas dans ces machines \u00e0 sous \u00e0 th\u00e8me sud-am\u00e9ricain, ce sont les tr\u00e9sors des Azt\u00e8ques qui sont promis ici.<\/p>\n<div id=\"PlayFreeGame\" class=\"game_box\" style=\"padding-bottom: 75%; margin-bottom: 30px; background-size:cover; background-repeat:no-repeat;background-color:  #d24d57; background-image: url('https:\/\/a1.lcb.org\/system\/modules\/game\/images\/attachments\/000\/425\/150\/original\/Montezuma1.jpg?1654153599');\">\n                        <i class=\"fas fa-play-circle\"><\/i>\n                     <\/div>\n                     <script>\n                        let iframe = '<iframe loading=\"lazy\" src=\"https:\/\/lon-pt-mob.wi-gameserver.com\/resource-service\/game.html?game=montezuma_prt&partnercode=mockpartner&realmoney=false&demo=true&gaffing=true\" width=\"930\" height=\"576\" frameborder=\"0\" allowTransparency=\"true\" bgcolor=\"#FFFFFF\" style=\"background-color: black;\"><\/iframe>';\n                        let holder = document.querySelector(\"#PlayFreeGame\");\n                        holder.addEventListener(\"click\", function(){\n                            holder.innerHTML = iframe;\n                        });\n                    <\/script><h2 id=\"Montezuma-data-and-features\">Donn\u00e9es et caract\u00e9ristiques de Montezuma<\/h2>\n                <table class=\"tablepress\">\n                    <tbody><tr><td><strong>Enrouleurs<\/strong><\/td><td>5<\/td><\/tr><tr><td><strong>Lignes de paiement<\/strong><\/td><td>30<\/td><\/tr><tr><td><strong>Jackpot maximum<\/strong><\/td><td>$600.00<\/td><\/tr><tr><td><strong>Pourcentage de paiement<\/strong><\/td><td>95.860<\/td><\/tr><tr><td><strong>Symbole Wild<\/strong><\/td><td>Non<\/td><\/tr><tr><td><strong>Multiplicateur<\/strong><\/td><td>Non<\/td><\/tr><tr><td><strong>Gamme de paris<\/strong><\/td><td>0.3 - 60<\/td><\/tr><tr><td><strong>Plage de mise des pi\u00e8ces<\/strong><\/td><td>0.01 - 2<\/td><\/tr><tr><td><strong>Pi\u00e8ces par ligne<\/strong><\/td><td>1<\/td><\/tr><tr><td><strong>Progressif<\/strong><\/td><td>Non<\/td><\/tr><tr><td><strong>Max coins jackpot<\/strong><\/td><td>300<\/td><\/tr><tr><td><strong>Pi\u00e8ces maximales<\/strong><\/td><td>2<\/td><\/tr><tr><td><strong>Symbole Scatter<\/strong><\/td><td>Oui<\/td><\/tr><tr><td><strong>Tours gratuits disponibles<\/strong><\/td><td>Oui<\/td><\/tr><tr><td><strong>Jeu bonus<\/strong><\/td><td>Non<\/td><\/tr><tr><td><strong>Acheter la fonctionnalit\u00e9<\/strong><\/td><td>Non<\/td><\/tr><tr><td><strong>Th\u00e8me du jeu<\/strong><\/td><td>Azt\u00e8que, Jungle<\/td><\/tr><\/tbody><\/table>\n<h3>Les bonus d\u00e9construits<\/h3>\n<div class=\"app-wysiwyg\">\n<p>Comme c'est souvent le cas avec les anciennes machines \u00e0 sous de WMS, Montezuma poss\u00e8de deux symboles de fonction, et les bonus qu'il offre tournent autour des habituels wilds et\u00a0<a href=\"https:\/\/casinolion.ca\/fr\/free-spins\/\">tours gratuits<\/a>. Heureusement, ils veillent \u00e0 varier un peu les extras, et le r\u00e9sultat final tend \u00e0 \u00eatre amusant pour les joueurs.<\/p>\n<p>Tout d'abord, regardez le symbole Wild, celui qui vous montre le temple azt\u00e8que. Vous ne le trouverez que sur trois des cinq rouleaux, ceux du milieu. Ils sont utilis\u00e9s en remplacement, et uniquement avec les symboles normaux. Aucune r\u00e9compense n'est vers\u00e9e directement par le joker.<\/p>\n<p>Deuxi\u00e8mement, vous avez un symbole vedette, un bouclier azt\u00e8que, color\u00e9 en noir et or. Il s'agit de scatters, qui doivent appara\u00eetre trois fois ou plus au cours d'un m\u00eame tour. En \u00e9change, le jeu vous offre un prix (de 3x \u00e0 10x la mise) et l'acc\u00e8s \u00e0 des tours gratuits.<\/p>\n<p>Une roue tourne initialement pour r\u00e9v\u00e9ler le nombre de tours gratuits, avec 3 \u00e0 25 tours possibles. Une fois la fonction lanc\u00e9e, la roue tourne avant chaque tour pour r\u00e9v\u00e9ler un multiplicateur pour les gains. Les valeurs possibles sont 2x, 3x, 5x et 10x. C'est \u00e0 ce stade que le potentiel de Montezuma est le plus \u00e9lev\u00e9, puisqu'un gain normal de 300x peut \u00eatre transform\u00e9 en 3 000x, si le multiplicateur est \u00e0 la bonne valeur.<\/p>\n<p>Il est possible de rejouer les tours gratuits avec 2 scatters Bouclier ou plus. Les parties gratuites suppl\u00e9mentaires ont le m\u00eame multiplicateur que le tour au cours duquel elles ont \u00e9t\u00e9 obtenues.<\/p>\n<div class=\"app-header\">\n<h2 id=\"\">Conclusion<\/h2>\n<\/div>\n<div class=\"expandable-read-more\" data-readmore-expandable=\"\">\n<div>\n<div id=\"\" class=\"app-wysiwyg\" data-readmore-content=\"\">\n<p>Cela fait plusieurs ann\u00e9es que Montezuma a \u00e9t\u00e9 lanc\u00e9 et, comme plusieurs autres machines \u00e0 sous WMS, il est toujours assez populaire et facile \u00e0 trouver dans les casinos. Le potentiel et la volatilit\u00e9 du jeu sont plus \u00e9lev\u00e9s, mais cela joue en sa faveur, car c'est exactement ce qui int\u00e9resse de nombreux joueurs.<\/p>\n<\/div>\n<\/div>\n<\/div>\n<\/div>","protected":false},"excerpt":{"rendered":"<p>Montezuma, l'une des nombreuses machines \u00e0 sous de WMS qui ont marqu\u00e9 les joueurs au fil des ans, fait partie d'une petite s\u00e9rie publi\u00e9e par le d\u00e9veloppeur. Lanc\u00e9e en 2014, la Montezuma originale est toujours une option solide pour les joueurs, mais continuez \u00e0 lire et vous d\u00e9couvrirez pourquoi. Ils ont con\u00e7u Montezuma comme une machine \u00e0 sous [...]<\/p>","protected":false},"author":1,"featured_media":0,"parent":455,"menu_order":0,"comment_status":"closed","ping_status":"closed","template":"","meta":{"_acf_changed":false,"footnotes":""},"class_list":["post-24502","page","type-page","status-publish","hentry"],"acf":[],"yoast_head":"<!-- This site is optimized with the Yoast SEO plugin v26.1.1 - https:\/\/yoast.com\/wordpress\/plugins\/seo\/ -->\n<title>Montezuma Slot Review<\/title>\n<meta name=\"robots\" content=\"index, follow, max-snippet:-1, max-image-preview:large, max-video-preview:-1\" \/>\n<link rel=\"canonical\" href=\"https:\/\/casinolion.ca\/fr\/online-slots\/montezuma\/\" \/>\n<meta property=\"og:locale\" content=\"fr_CA\" \/>\n<meta property=\"og:type\" content=\"article\" \/>\n<meta property=\"og:title\" content=\"Montezuma Slot Review\" \/>\n<meta property=\"og:description\" content=\"Montezuma, one of several\u00a0WMS slot machines\u00a0which have made an impression on players over the years, is part of a small series that the developer released. Launched in 2014, the original Montezuma is still a solid option for players, but keep reading, and you will find out why that is. They designed Montezuma as a slot [&hellip;]\" \/>\n<meta property=\"og:url\" content=\"https:\/\/casinolion.ca\/fr\/online-slots\/montezuma\/\" \/>\n<meta property=\"article:modified_time\" content=\"2025-03-07T05:02:30+00:00\" \/>\n<meta name=\"twitter:card\" content=\"summary_large_image\" \/>\n<meta name=\"twitter:label1\" content=\"Estimation du temps de lecture\" \/>\n\t<meta name=\"twitter:data1\" content=\"3 minutes\" \/>\n<script type=\"application\/ld+json\" class=\"yoast-schema-graph\">{\"@context\":\"https:\/\/schema.org\",\"@graph\":[{\"@type\":\"WebPage\",\"@id\":\"https:\/\/casinolion.ca\/online-slots\/montezuma\/\",\"url\":\"https:\/\/casinolion.ca\/online-slots\/montezuma\/\",\"name\":\"Montezuma Slot Review\",\"isPartOf\":{\"@id\":\"https:\/\/casinolion.ca\/fr\/#website\"},\"datePublished\":\"2025-03-07T05:01:45+00:00\",\"dateModified\":\"2025-03-07T05:02:30+00:00\",\"breadcrumb\":{\"@id\":\"https:\/\/casinolion.ca\/online-slots\/montezuma\/#breadcrumb\"},\"inLanguage\":\"fr-CA\",\"potentialAction\":[{\"@type\":\"ReadAction\",\"target\":[\"https:\/\/casinolion.ca\/online-slots\/montezuma\/\"]}]},{\"@type\":\"BreadcrumbList\",\"@id\":\"https:\/\/casinolion.ca\/online-slots\/montezuma\/#breadcrumb\",\"itemListElement\":[{\"@type\":\"ListItem\",\"position\":1,\"name\":\"Home\",\"item\":\"https:\/\/casinolion.ca\/\"},{\"@type\":\"ListItem\",\"position\":2,\"name\":\"Recommended Canadian Slots Sites\",\"item\":\"https:\/\/casinolion.ca\/online-slots\/\"},{\"@type\":\"ListItem\",\"position\":3,\"name\":\"Montezuma\"}]},{\"@type\":\"WebSite\",\"@id\":\"https:\/\/casinolion.ca\/fr\/#website\",\"url\":\"https:\/\/casinolion.ca\/fr\/\",\"name\":\"\",\"description\":\"\",\"potentialAction\":[{\"@type\":\"SearchAction\",\"target\":{\"@type\":\"EntryPoint\",\"urlTemplate\":\"https:\/\/casinolion.ca\/fr\/?s={search_term_string}\"},\"query-input\":{\"@type\":\"PropertyValueSpecification\",\"valueRequired\":true,\"valueName\":\"search_term_string\"}}],\"inLanguage\":\"fr-CA\"}]}<\/script>\n<!-- \/ Yoast SEO plugin. -->","yoast_head_json":{"title":"Revue de la machine \u00e0 sous Montezuma","robots":{"index":"index","follow":"follow","max-snippet":"max-snippet:-1","max-image-preview":"max-image-preview:large","max-video-preview":"max-video-preview:-1"},"canonical":"https:\/\/casinolion.ca\/fr\/online-slots\/montezuma\/","og_locale":"fr_CA","og_type":"article","og_title":"Montezuma Slot Review","og_description":"Montezuma, one of several\u00a0WMS slot machines\u00a0which have made an impression on players over the years, is part of a small series that the developer released. Launched in 2014, the original Montezuma is still a solid option for players, but keep reading, and you will find out why that is. They designed Montezuma as a slot [&hellip;]","og_url":"https:\/\/casinolion.ca\/fr\/online-slots\/montezuma\/","article_modified_time":"2025-03-07T05:02:30+00:00","twitter_card":"summary_large_image","twitter_misc":{"Estimation du temps de lecture":"3 minutes"},"schema":{"@context":"https:\/\/schema.org","@graph":[{"@type":"WebPage","@id":"https:\/\/casinolion.ca\/online-slots\/montezuma\/","url":"https:\/\/casinolion.ca\/online-slots\/montezuma\/","name":"Revue de la machine \u00e0 sous Montezuma","isPartOf":{"@id":"https:\/\/casinolion.ca\/fr\/#website"},"datePublished":"2025-03-07T05:01:45+00:00","dateModified":"2025-03-07T05:02:30+00:00","breadcrumb":{"@id":"https:\/\/casinolion.ca\/online-slots\/montezuma\/#breadcrumb"},"inLanguage":"fr-CA","potentialAction":[{"@type":"ReadAction","target":["https:\/\/casinolion.ca\/online-slots\/montezuma\/"]}]},{"@type":"BreadcrumbList","@id":"https:\/\/casinolion.ca\/online-slots\/montezuma\/#breadcrumb","itemListElement":[{"@type":"ListItem","position":1,"name":"Home","item":"https:\/\/casinolion.ca\/"},{"@type":"ListItem","position":2,"name":"Recommended Canadian Slots Sites","item":"https:\/\/casinolion.ca\/online-slots\/"},{"@type":"ListItem","position":3,"name":"Montezuma"}]},{"@type":"WebSite","@id":"https:\/\/casinolion.ca\/fr\/#website","url":"https:\/\/casinolion.ca\/fr\/","name":"","description":"","potentialAction":[{"@type":"SearchAction","target":{"@type":"EntryPoint","urlTemplate":"https:\/\/casinolion.ca\/fr\/?s={search_term_string}"},"query-input":{"@type":"PropertyValueSpecification","valueRequired":true,"valueName":"search_term_string"}}],"inLanguage":"fr-CA"}]}},"_links":{"self":[{"href":"https:\/\/casinolion.ca\/fr\/wp-json\/wp\/v2\/pages\/24502","targetHints":{"allow":["GET"]}}],"collection":[{"href":"https:\/\/casinolion.ca\/fr\/wp-json\/wp\/v2\/pages"}],"about":[{"href":"https:\/\/casinolion.ca\/fr\/wp-json\/wp\/v2\/types\/page"}],"author":[{"embeddable":true,"href":"https:\/\/casinolion.ca\/fr\/wp-json\/wp\/v2\/users\/1"}],"replies":[{"embeddable":true,"href":"https:\/\/casinolion.ca\/fr\/wp-json\/wp\/v2\/comments?post=24502"}],"version-history":[{"count":0,"href":"https:\/\/casinolion.ca\/fr\/wp-json\/wp\/v2\/pages\/24502\/revisions"}],"up":[{"embeddable":true,"href":"https:\/\/casinolion.ca\/fr\/wp-json\/wp\/v2\/pages\/455"}],"wp:attachment":[{"href":"https:\/\/casinolion.ca\/fr\/wp-json\/wp\/v2\/media?parent=24502"}],"curies":[{"name":"wp","href":"https:\/\/api.w.org\/{rel}","templated":true}]}}