
{"id":24505,"date":"2025-03-07T05:05:13","date_gmt":"2025-03-07T05:05:13","guid":{"rendered":"https:\/\/casinolion.ca\/?page_id=24505"},"modified":"2025-03-07T05:05:52","modified_gmt":"2025-03-07T05:05:52","slug":"sweet-success-megaways-2","status":"publish","type":"page","link":"https:\/\/casinolion.ca\/fr\/online-slots\/sweet-success-megaways-2\/","title":{"rendered":"Sweet Success Megaways 2"},"content":{"rendered":"<p>Sweet Success Megaways est l'un des nombreux\u00a0<a href=\"https:\/\/casinolion.ca\/fr\/blueprint-gaming\/\">Blueprint Gaming<\/a>\u00a0qui tirent parti du moteur Megaways, dans ce cas avec des fonctionnalit\u00e9s et des actions originales, mais avec un design tr\u00e8s doux utilis\u00e9 pour changer un peu les choses pour le joueur. Outre les cr\u00e9ateurs originaux de ce syst\u00e8me, Blueprint Gaming se distingue comme l'un des d\u00e9veloppeurs qui l'a le mieux exploit\u00e9, en l'incluant dans\u00a0<a href=\"https:\/\/casinolion.ca\/fr\/slots\/\">plusieurs cr\u00e9neaux<\/a>, Le plus souvent, il s'agit aussi d'une nouveaut\u00e9.<\/p>\n<p>Comme il se doit pour un jeu de ce type, vous jouerez sur 6 rouleaux et vous aurez entre 2 et 7 symboles s\u00e9lectionn\u00e9s de fa\u00e7on al\u00e9atoire pour chaque colonne. Dans de bonnes conditions, jusqu'\u00e0 117 649\u00a0<a href=\"https:\/\/casinolion.ca\/fr\/slots\/megaways\/\">Megaways<\/a>\u00a0sont disponibles. La volatilit\u00e9 est plus \u00e9lev\u00e9e, mais pas trop (moyenne-\u00e9lev\u00e9e plut\u00f4t), le RTP est fix\u00e9 \u00e0 96,06% et le jackpot le plus \u00e9lev\u00e9 peut atteindre 10 000 fois la mise. Comme vous utilisez des mises de $0,20 \u00e0 $10, jusqu'\u00e0 $100 000 peuvent \u00eatre pay\u00e9s \u00e0 la suite d'un seul tour. Les meilleures caract\u00e9ristiques sont les symboles myst\u00e9rieux, les tours gratuits avec des multiplicateurs illimit\u00e9s ou un jeu bonus appel\u00e9 Pick N Mix Trail.<\/p>\n<p>C'est un monde rempli de bonbons que nous d\u00e9couvrons dans Sweet Success Megaways. Le th\u00e8me rose est de mise, surtout dans l'arri\u00e8re-plan et les d\u00e9corations environnantes. Les symboles vont des royaux de base aux morceaux de bonbons de diff\u00e9rentes couleurs, en passant par quelques logos. Un design plut\u00f4t r\u00e9ussi, mais un m\u00e9lange de symboles ennuyeux.<\/p>\n<div id=\"PlayFreeGame\" class=\"game_box\" style=\"padding-bottom: 75%; margin-bottom: 30px; background-size:cover; background-repeat:no-repeat;background-color:  #d24d57; background-image: url('https:\/\/a1.lcb.org\/system\/modules\/game\/images\/attachments\/000\/411\/864\/original\/sweet_success1.jpg?1646057059');\">\n                        <i class=\"fas fa-play-circle\"><\/i>\n                     <\/div>\n                     <script>\n                        let iframe = '<iframe loading=\"lazy\" src=\"https:\/\/slotslaunch.com\/iframe\/3350?token=rvgmcR4z0DADcCv3Hy0pVy9HQf7iaZ9tGNS9qWMaoIJPRjmw38\" width=\"930\" height=\"576\" frameborder=\"0\" allowTransparency=\"true\" bgcolor=\"#FFFFFF\" style=\"background-color: black;\"><\/iframe>';\n                        let holder = document.querySelector(\"#PlayFreeGame\");\n                        holder.addEventListener(\"click\", function(){\n                            holder.innerHTML = iframe;\n                        });\n                    <\/script><h2 id=\"Sweet-Success-Megaways-data-and-features\">Sweet Success Megaways Donn\u00e9es et caract\u00e9ristiques<\/h2>\n                <table class=\"tablepress\">\n                    <tbody><tr><td><strong>Enrouleurs<\/strong><\/td><td>6<\/td><\/tr><tr><td><strong>Lignes de paiement<\/strong><\/td><td>32767<\/td><\/tr><tr><td><strong>Jackpot maximum<\/strong><\/td><td>$500.00<\/td><\/tr><tr><td><strong>Pourcentage de paiement<\/strong><\/td><td>96.060<\/td><\/tr><tr><td><strong>Symbole Wild<\/strong><\/td><td>Oui<\/td><\/tr><tr><td><strong>Multiplicateur<\/strong><\/td><td>Non<\/td><\/tr><tr><td><strong>Gamme de paris<\/strong><\/td><td>0.1 - 10<\/td><\/tr><tr><td><strong>Plage de mise des pi\u00e8ces<\/strong><\/td><td>0.01 - 1<\/td><\/tr><tr><td><strong>Pi\u00e8ces par ligne<\/strong><\/td><td>1<\/td><\/tr><tr><td><strong>Progressif<\/strong><\/td><td>Non<\/td><\/tr><tr><td><strong>Max coins jackpot<\/strong><\/td><td>500<\/td><\/tr><tr><td><strong>Pi\u00e8ces maximales<\/strong><\/td><td>1<\/td><\/tr><tr><td><strong>Symbole Scatter<\/strong><\/td><td>Non<\/td><\/tr><tr><td><strong>Tours gratuits disponibles<\/strong><\/td><td>Oui<\/td><\/tr><tr><td><strong>Jeu bonus<\/strong><\/td><td>Oui<\/td><\/tr><tr><td><strong>Acheter la fonctionnalit\u00e9<\/strong><\/td><td>Non<\/td><\/tr><tr><td><strong>Th\u00e8me du jeu<\/strong><\/td><td>Alimentation, Sucreries<\/td><\/tr><tr><td><strong>Volatilit\u00e9<\/strong><\/td><td>Moyen \u00e0 \u00e9lev\u00e9<\/td><\/tr><\/tbody><\/table>\n<h3>Les bonus d\u00e9construits<\/h3>\n<div class=\"app-wysiwyg\">\n<p>Un jeu avec des Megaways ne peut qu'\u00eatre inconstant par nature, avec un tour produisant quelques centaines de combinaisons potentielles, tandis que dans d'autres, vous obtenez jusqu'\u00e0 117 649. Avec une volatilit\u00e9 \u00e9lev\u00e9e, ces jeux peuvent se permettre de rapporter gros, et ils incluent m\u00eame des multiplicateurs illimit\u00e9s pour y parvenir.<\/p>\n<p>Chaque fois qu'un gain est obtenu, le jeu d\u00e9clenche des rouleaux en cascade. De nouvelles vagues de symboles sont introduites pour remplacer celles qui ont \u00e9t\u00e9 supprim\u00e9es.<\/p>\n<p>Les quatre rouleaux du milieu re\u00e7oivent une rang\u00e9e suppl\u00e9mentaire de symboles en haut, et c'est le seul endroit o\u00f9 l'on peut trouver le joker. Il est toujours utile comme substitut, mais il n'est pas aussi facile \u00e0 trouver que dans les machines \u00e0 sous normales.<\/p>\n<p>Des symboles myst\u00e8res ont \u00e9galement \u00e9t\u00e9 inclus sur tous les rouleaux, et ils sont tous transform\u00e9s en un seul type de symbole r\u00e9gulier lorsqu'ils apparaissent.<\/p>\n<p>Pour acc\u00e9der aux fonctions sp\u00e9ciales, vous devez utiliser les rouleaux en cascade, qui doivent se d\u00e9clencher 4 \u00e0 6 fois ou plus, dans un ordre cons\u00e9cutif. Cela vous permet d'obtenir le Pick N Mix, le Super Pick N Mix ou le Mega Pick N Mix. Chacun de ces jeux bonus s'accompagne d'un niveau de paiement diff\u00e9rent. Un r\u00e9sultat al\u00e9atoire peut \u00e9galement d\u00e9clencher 5 tours gratuits \u00e0 la fin de Pick N Mix.<\/p>\n<p>Quant aux tours gratuits, ils sont toujours aussi excitants et peuvent \u00eatre d\u00e9clench\u00e9s soit par Pick N Mix, soit par les symboles bonus. Des multiplicateurs de gains illimit\u00e9s sont ajout\u00e9s et augmentent de 1x apr\u00e8s chaque cascade, sans jamais \u00eatre r\u00e9initialis\u00e9s. Avec 4-5 symboles bonus, vous pouvez red\u00e9clencher la fonction avec 5-10 tours suppl\u00e9mentaires.<\/p>\n<div class=\"app-header\">\n<h2 id=\"\">Conclusion<\/h2>\n<\/div>\n<div class=\"expandable-read-more\" data-readmore-expandable=\"\">\n<div>\n<div id=\"\" class=\"app-wysiwyg\" data-readmore-content=\"\">\n<p>Vous d\u00e9couvrirez essentiellement les m\u00eames fonctionnalit\u00e9s que dans tous les autres jeux Megaways classiques, la seule nouveaut\u00e9 \u00e9tant le bonus Pick N Mix. Malgr\u00e9 cela, la recette classique de Megaways reste tout aussi amusante \u00e0 jouer, et si vous \u00eates un fan des machines \u00e0 sous sur le th\u00e8me des sucreries, alors ce jeu a les graphismes qu'il vous faut.<\/p>\n<\/div>\n<\/div>\n<\/div>\n<\/div>","protected":false},"excerpt":{"rendered":"<p>Sweet Success Megaways est l'une des nombreuses versions de Blueprint Gaming qui tirent parti du moteur Megaways, dans ce cas avec des fonctionnalit\u00e9s et des actions originales, mais avec un design tr\u00e8s doux utilis\u00e9 pour changer un peu les choses pour le joueur. A c\u00f4t\u00e9 des cr\u00e9ateurs originaux de ce syst\u00e8me, Blueprint Gaming se distingue comme l'un des [...]<\/p>","protected":false},"author":1,"featured_media":0,"parent":455,"menu_order":0,"comment_status":"closed","ping_status":"closed","template":"","meta":{"_acf_changed":false,"footnotes":""},"class_list":["post-24505","page","type-page","status-publish","hentry"],"acf":[],"yoast_head":"<!-- This site is optimized with the Yoast SEO plugin v26.1.1 - https:\/\/yoast.com\/wordpress\/plugins\/seo\/ -->\n<title>Sweet Success Megaways 2 Slot Review<\/title>\n<meta name=\"robots\" content=\"index, follow, max-snippet:-1, max-image-preview:large, max-video-preview:-1\" \/>\n<link rel=\"canonical\" href=\"https:\/\/casinolion.ca\/fr\/online-slots\/sweet-success-megaways-2\/\" \/>\n<meta property=\"og:locale\" content=\"fr_CA\" \/>\n<meta property=\"og:type\" content=\"article\" \/>\n<meta property=\"og:title\" content=\"Sweet Success Megaways 2 Slot Review\" \/>\n<meta property=\"og:description\" content=\"Sweet Success Megaways is one of several\u00a0Blueprint Gaming\u00a0releases which take advantage of the Megaways engine, in this case with mostly original features and action, but with a very sweet-looking design used to change things up a bit for the player. Next to the original creators of this system, Blueprint Gaming stands out as one of [&hellip;]\" \/>\n<meta property=\"og:url\" content=\"https:\/\/casinolion.ca\/fr\/online-slots\/sweet-success-megaways-2\/\" \/>\n<meta property=\"article:modified_time\" content=\"2025-03-07T05:05:52+00:00\" \/>\n<meta name=\"twitter:card\" content=\"summary_large_image\" \/>\n<meta name=\"twitter:label1\" content=\"Estimation du temps de lecture\" \/>\n\t<meta name=\"twitter:data1\" content=\"3 minutes\" \/>\n<script type=\"application\/ld+json\" class=\"yoast-schema-graph\">{\"@context\":\"https:\/\/schema.org\",\"@graph\":[{\"@type\":\"WebPage\",\"@id\":\"https:\/\/casinolion.ca\/online-slots\/sweet-success-megaways-2\/\",\"url\":\"https:\/\/casinolion.ca\/online-slots\/sweet-success-megaways-2\/\",\"name\":\"Sweet Success Megaways 2 Slot Review\",\"isPartOf\":{\"@id\":\"https:\/\/casinolion.ca\/fr\/#website\"},\"datePublished\":\"2025-03-07T05:05:13+00:00\",\"dateModified\":\"2025-03-07T05:05:52+00:00\",\"breadcrumb\":{\"@id\":\"https:\/\/casinolion.ca\/online-slots\/sweet-success-megaways-2\/#breadcrumb\"},\"inLanguage\":\"fr-CA\",\"potentialAction\":[{\"@type\":\"ReadAction\",\"target\":[\"https:\/\/casinolion.ca\/online-slots\/sweet-success-megaways-2\/\"]}]},{\"@type\":\"BreadcrumbList\",\"@id\":\"https:\/\/casinolion.ca\/online-slots\/sweet-success-megaways-2\/#breadcrumb\",\"itemListElement\":[{\"@type\":\"ListItem\",\"position\":1,\"name\":\"Home\",\"item\":\"https:\/\/casinolion.ca\/\"},{\"@type\":\"ListItem\",\"position\":2,\"name\":\"Recommended Canadian Slots Sites\",\"item\":\"https:\/\/casinolion.ca\/online-slots\/\"},{\"@type\":\"ListItem\",\"position\":3,\"name\":\"Sweet Success Megaways 2\"}]},{\"@type\":\"WebSite\",\"@id\":\"https:\/\/casinolion.ca\/fr\/#website\",\"url\":\"https:\/\/casinolion.ca\/fr\/\",\"name\":\"\",\"description\":\"\",\"potentialAction\":[{\"@type\":\"SearchAction\",\"target\":{\"@type\":\"EntryPoint\",\"urlTemplate\":\"https:\/\/casinolion.ca\/fr\/?s={search_term_string}\"},\"query-input\":{\"@type\":\"PropertyValueSpecification\",\"valueRequired\":true,\"valueName\":\"search_term_string\"}}],\"inLanguage\":\"fr-CA\"}]}<\/script>\n<!-- \/ Yoast SEO plugin. -->","yoast_head_json":{"title":"Revue de la machine \u00e0 sous Sweet Success Megaways 2","robots":{"index":"index","follow":"follow","max-snippet":"max-snippet:-1","max-image-preview":"max-image-preview:large","max-video-preview":"max-video-preview:-1"},"canonical":"https:\/\/casinolion.ca\/fr\/online-slots\/sweet-success-megaways-2\/","og_locale":"fr_CA","og_type":"article","og_title":"Sweet Success Megaways 2 Slot Review","og_description":"Sweet Success Megaways is one of several\u00a0Blueprint Gaming\u00a0releases which take advantage of the Megaways engine, in this case with mostly original features and action, but with a very sweet-looking design used to change things up a bit for the player. Next to the original creators of this system, Blueprint Gaming stands out as one of [&hellip;]","og_url":"https:\/\/casinolion.ca\/fr\/online-slots\/sweet-success-megaways-2\/","article_modified_time":"2025-03-07T05:05:52+00:00","twitter_card":"summary_large_image","twitter_misc":{"Estimation du temps de lecture":"3 minutes"},"schema":{"@context":"https:\/\/schema.org","@graph":[{"@type":"WebPage","@id":"https:\/\/casinolion.ca\/online-slots\/sweet-success-megaways-2\/","url":"https:\/\/casinolion.ca\/online-slots\/sweet-success-megaways-2\/","name":"Revue de la machine \u00e0 sous Sweet Success Megaways 2","isPartOf":{"@id":"https:\/\/casinolion.ca\/fr\/#website"},"datePublished":"2025-03-07T05:05:13+00:00","dateModified":"2025-03-07T05:05:52+00:00","breadcrumb":{"@id":"https:\/\/casinolion.ca\/online-slots\/sweet-success-megaways-2\/#breadcrumb"},"inLanguage":"fr-CA","potentialAction":[{"@type":"ReadAction","target":["https:\/\/casinolion.ca\/online-slots\/sweet-success-megaways-2\/"]}]},{"@type":"BreadcrumbList","@id":"https:\/\/casinolion.ca\/online-slots\/sweet-success-megaways-2\/#breadcrumb","itemListElement":[{"@type":"ListItem","position":1,"name":"Home","item":"https:\/\/casinolion.ca\/"},{"@type":"ListItem","position":2,"name":"Recommended Canadian Slots Sites","item":"https:\/\/casinolion.ca\/online-slots\/"},{"@type":"ListItem","position":3,"name":"Sweet Success Megaways 2"}]},{"@type":"WebSite","@id":"https:\/\/casinolion.ca\/fr\/#website","url":"https:\/\/casinolion.ca\/fr\/","name":"","description":"","potentialAction":[{"@type":"SearchAction","target":{"@type":"EntryPoint","urlTemplate":"https:\/\/casinolion.ca\/fr\/?s={search_term_string}"},"query-input":{"@type":"PropertyValueSpecification","valueRequired":true,"valueName":"search_term_string"}}],"inLanguage":"fr-CA"}]}},"_links":{"self":[{"href":"https:\/\/casinolion.ca\/fr\/wp-json\/wp\/v2\/pages\/24505","targetHints":{"allow":["GET"]}}],"collection":[{"href":"https:\/\/casinolion.ca\/fr\/wp-json\/wp\/v2\/pages"}],"about":[{"href":"https:\/\/casinolion.ca\/fr\/wp-json\/wp\/v2\/types\/page"}],"author":[{"embeddable":true,"href":"https:\/\/casinolion.ca\/fr\/wp-json\/wp\/v2\/users\/1"}],"replies":[{"embeddable":true,"href":"https:\/\/casinolion.ca\/fr\/wp-json\/wp\/v2\/comments?post=24505"}],"version-history":[{"count":0,"href":"https:\/\/casinolion.ca\/fr\/wp-json\/wp\/v2\/pages\/24505\/revisions"}],"up":[{"embeddable":true,"href":"https:\/\/casinolion.ca\/fr\/wp-json\/wp\/v2\/pages\/455"}],"wp:attachment":[{"href":"https:\/\/casinolion.ca\/fr\/wp-json\/wp\/v2\/media?parent=24505"}],"curies":[{"name":"wp","href":"https:\/\/api.w.org\/{rel}","templated":true}]}}