
{"id":24506,"date":"2025-03-07T05:07:50","date_gmt":"2025-03-07T05:07:50","guid":{"rendered":"https:\/\/casinolion.ca\/?page_id=24506"},"modified":"2025-03-07T05:08:38","modified_gmt":"2025-03-07T05:08:38","slug":"tiki-treasures-megaways","status":"publish","type":"page","link":"https:\/\/casinolion.ca\/fr\/online-slots\/tiki-treasures-megaways\/","title":{"rendered":"M\u00e9ga-cadeaux Tiki Treasures"},"content":{"rendered":"<p>Tiki Treasures est l'un des nombreux\u00a0<a href=\"https:\/\/casinolion.ca\/fr\/blueprint-gaming\/\">Blueprint Gaming<\/a>\u00a0Cette machine \u00e0 sous vid\u00e9o peut g\u00e9n\u00e9rer jusqu'\u00e0 117 649 gains gr\u00e2ce au moteur Megaways de BTG. Chacun des 6 rouleaux verticaux peut r\u00e9v\u00e9ler jusqu'\u00e0 7 symboles, tandis que le rouleau horizontal situ\u00e9 au-dessus d'eux comporte toujours 4 positions d'ic\u00f4nes. Le jeu poss\u00e8de de nombreuses fonctions sp\u00e9ciales qui peuvent vous aider \u00e0 gagner plus pendant le jeu de base et le tour de bonus. Les rouleaux tombent en cascade, les symboles se transforment et des multiplicateurs illimit\u00e9s augmentent les gains des tours gratuits. La machine \u00e0 sous Tiki Treasures Megaways a un RTP de 96,03%.<\/p>\n<div id=\"PlayFreeGame\" class=\"game_box\" style=\"padding-bottom: 75%; margin-bottom: 30px; background-size:cover; background-repeat:no-repeat;background-color:  #d24d57; background-image: url('https:\/\/a1.lcb.org\/system\/modules\/game\/images\/attachments\/000\/293\/921\/original\/TikiTreasuresMegaways1.jpg?1562134146');\">\n                        <i class=\"fas fa-play-circle\"><\/i>\n                     <\/div>\n                     <script>\n                        let iframe = '<iframe loading=\"lazy\" src=\"https:\/\/slotslaunch.com\/iframe\/9470?token=rvgmcR4z0DADcCv3Hy0pVy9HQf7iaZ9tGNS9qWMaoIJPRjmw38\" width=\"930\" height=\"576\" frameborder=\"0\" allowTransparency=\"true\" bgcolor=\"#FFFFFF\" style=\"background-color: black;\"><\/iframe>';\n                        let holder = document.querySelector(\"#PlayFreeGame\");\n                        holder.addEventListener(\"click\", function(){\n                            holder.innerHTML = iframe;\n                        });\n                    <\/script><h2 id=\"Tiki-Treasures-Megaways-data-and-features\">Tiki Treasures Megaways Donn\u00e9es et caract\u00e9ristiques<\/h2>\n                <table class=\"tablepress\">\n                    <tbody><tr><td><strong>Enrouleurs<\/strong><\/td><td>6<\/td><\/tr><tr><td><strong>Lignes de paiement<\/strong><\/td><td>32767<\/td><\/tr><tr><td><strong>Jackpot maximum<\/strong><\/td><td>$500.00<\/td><\/tr><tr><td><strong>Pourcentage de paiement<\/strong><\/td><td>96.030<\/td><\/tr><tr><td><strong>Symbole Wild<\/strong><\/td><td>Oui<\/td><\/tr><tr><td><strong>Multiplicateur<\/strong><\/td><td>Oui<\/td><\/tr><tr><td><strong>Gamme de paris<\/strong><\/td><td>0.1 - 10<\/td><\/tr><tr><td><strong>Plage de mise des pi\u00e8ces<\/strong><\/td><td>0.01 - 1<\/td><\/tr><tr><td><strong>Pi\u00e8ces par ligne<\/strong><\/td><td>1<\/td><\/tr><tr><td><strong>Progressif<\/strong><\/td><td>Oui<\/td><\/tr><tr><td><strong>Max coins jackpot<\/strong><\/td><td>50<\/td><\/tr><tr><td><strong>Pi\u00e8ces maximales<\/strong><\/td><td>1<\/td><\/tr><tr><td><strong>Symbole Scatter<\/strong><\/td><td>Oui<\/td><\/tr><tr><td><strong>Tours gratuits disponibles<\/strong><\/td><td>Oui<\/td><\/tr><tr><td><strong>Jeu bonus<\/strong><\/td><td>Non<\/td><\/tr><tr><td><strong>Acheter la fonctionnalit\u00e9<\/strong><\/td><td>Non<\/td><\/tr><tr><td><strong>Th\u00e8me du jeu<\/strong><\/td><td>Jungle<\/td><\/tr><\/tbody><\/table>\n<h3>Les bonus d\u00e9construits<\/h3>\n<div class=\"app-wysiwyg\">\n<p>Les joueurs chevronn\u00e9s connaissent bien la fonction des rouleaux en cascade qui supprime tous les symboles gagnants des rouleaux et en introduit de nouveaux qui peuvent potentiellement cr\u00e9er une autre combinaison payante. Ils savent \u00e9galement que tous les symboles myst\u00e8res visibles se transforment en une ic\u00f4ne de jeu choisie au hasard, autre que le Scatter.<\/p>\n<p>Il faut obtenir quatre Scatters qui \u00e9pellent TIKI pour b\u00e9n\u00e9ficier de tours gratuits avec un multiplicateur qui augmente \u00e0 chaque cascade et qui n'a pas de limite maximale. Une fois le tour de bonus d\u00e9clench\u00e9, les joueurs peuvent choisir entre plusieurs options - 15 tours avec un multiplicateur commen\u00e7ant \u00e0 x1, 10 jeux gratuits avec un multiplicateur commen\u00e7ant \u00e0 x5, ou 5 tours avec un multiplicateur de gains commen\u00e7ant \u00e0 x10.<\/p>\n<p>D\u00e9clencher la fonction avec plus de 4 Scatters donne droit \u00e0 1, 2 ou 4 tours suppl\u00e9mentaires par Scatter et leur nombre d\u00e9pend de l'option choisie parmi les 3 propos\u00e9es. Ceux qui sont pr\u00eats \u00e0 prendre un risque peuvent \u00e9galement choisir le choix Myst\u00e8re et choisir parmi 6 panneaux pour r\u00e9v\u00e9ler le nombre de tours ainsi que le multiplicateur. D'autres parties gratuites peuvent \u00eatre remport\u00e9es en faisant appara\u00eetre des scatters dans les positions situ\u00e9es au-dessus des rouleaux 2, 3, 4 et 5. Il en faut au moins 3 pour obtenir 5 tours suppl\u00e9mentaires, tandis que 4 Scatters donnent droit \u00e0 10 tours suppl\u00e9mentaires.<\/p>\n<p>Tiki Treasures Megaways est l'un des titres connect\u00e9s au syst\u00e8me Jackpot King Deluxe. Il y a une chance de d\u00e9clencher le bonus Jackpot King Deluxe pendant n'importe quel tour en posant 4 symboles Jackpot King Deluxe sur le rouleau horizontal. Les symboles de la couronne accumul\u00e9s pendant que les rouleaux tournent font monter le joueur dans l'\u00e9chelle des gains et 15+ permettent d'acc\u00e9der \u00e0 la section Wheel King. Apr\u00e8s chaque tour, le joueur choisit une ic\u00f4ne pour r\u00e9v\u00e9ler SPIN (les rouleaux tournent \u00e0 nouveau), COLLECT (la fonction se termine et attribue un gain bonus) ou WHEEL KING (le joueur entre dans la section Wheel King). Il faut faire tourner la roue pour gagner un multiplicateur de mise ou l'un des jackpots. Les jackpots Royal et R\u00e9gal sont garantis par la valeur \u201edoit \u00eatre gagn\u00e9 par\u201c.<\/p>\n<div class=\"app-header\">\n<h2 id=\"\">Tiki Treasures vs Autres machines \u00e0 sous Megaways<\/h2>\n<\/div>\n<div class=\"expandable-read-more\" data-readmore-expandable=\"\">\n<div>\n<div id=\"\" class=\"app-wysiwyg\" data-readmore-content=\"\">\n<p>Tiki Treasures incorpore de nombreuses caract\u00e9ristiques associ\u00e9es aux\u00a0<a href=\"https:\/\/casinolion.ca\/fr\/slots\/megaways\/\">Machines \u00e0 sous Megaways<\/a>\u00a0et le gameplay est \u00e9galement tr\u00e8s similaire \u00e0 d'autres titres Megaways d\u00e9velopp\u00e9s par le m\u00eame studio. Le gain maximum de 10 000 fois la mise est tout aussi courant. Ce qui est moins courant, c'est de se voir offrir un choix d'options de tours gratuits et il en va de m\u00eame pour les jackpots progressifs garantis d'\u00eatre remport\u00e9s avant qu'ils n'atteignent la valeur affich\u00e9e.<\/p>\n<\/div>\n<\/div>\n<\/div>\n<\/div>","protected":false},"excerpt":{"rendered":"<p>Tiki Treasures is one of the many\u00a0Blueprint Gaming\u00a0video slots able to pay up to 117,649 ways thanks to the BTG\u2019s Megaways engine. Each of the 6 vertical reels can reveal up to 7 symbols while the horizontal one positioned above them always consists of 4 icon positions. The game has numerous special features that can [&hellip;]<\/p>","protected":false},"author":1,"featured_media":0,"parent":455,"menu_order":0,"comment_status":"closed","ping_status":"closed","template":"","meta":{"_acf_changed":false,"footnotes":""},"class_list":["post-24506","page","type-page","status-publish","hentry"],"acf":[],"yoast_head":"<!-- This site is optimized with the Yoast SEO plugin v26.1.1 - https:\/\/yoast.com\/wordpress\/plugins\/seo\/ -->\n<title>Tiki Treasures Megaways Slot Review<\/title>\n<meta name=\"robots\" content=\"index, follow, max-snippet:-1, max-image-preview:large, max-video-preview:-1\" \/>\n<link rel=\"canonical\" href=\"https:\/\/casinolion.ca\/fr\/online-slots\/tiki-treasures-megaways\/\" \/>\n<meta property=\"og:locale\" content=\"fr_CA\" \/>\n<meta property=\"og:type\" content=\"article\" \/>\n<meta property=\"og:title\" content=\"Tiki Treasures Megaways Slot Review\" \/>\n<meta property=\"og:description\" content=\"Tiki Treasures is one of the many\u00a0Blueprint Gaming\u00a0video slots able to pay up to 117,649 ways thanks to the BTG\u2019s Megaways engine. Each of the 6 vertical reels can reveal up to 7 symbols while the horizontal one positioned above them always consists of 4 icon positions. The game has numerous special features that can [&hellip;]\" \/>\n<meta property=\"og:url\" content=\"https:\/\/casinolion.ca\/fr\/online-slots\/tiki-treasures-megaways\/\" \/>\n<meta property=\"article:modified_time\" content=\"2025-03-07T05:08:38+00:00\" \/>\n<meta name=\"twitter:card\" content=\"summary_large_image\" \/>\n<meta name=\"twitter:label1\" content=\"Estimation du temps de lecture\" \/>\n\t<meta name=\"twitter:data1\" content=\"3 minutes\" \/>\n<script type=\"application\/ld+json\" class=\"yoast-schema-graph\">{\"@context\":\"https:\/\/schema.org\",\"@graph\":[{\"@type\":\"WebPage\",\"@id\":\"https:\/\/casinolion.ca\/online-slots\/tiki-treasures-megaways\/\",\"url\":\"https:\/\/casinolion.ca\/online-slots\/tiki-treasures-megaways\/\",\"name\":\"Tiki Treasures Megaways Slot Review\",\"isPartOf\":{\"@id\":\"https:\/\/casinolion.ca\/fr\/#website\"},\"datePublished\":\"2025-03-07T05:07:50+00:00\",\"dateModified\":\"2025-03-07T05:08:38+00:00\",\"breadcrumb\":{\"@id\":\"https:\/\/casinolion.ca\/online-slots\/tiki-treasures-megaways\/#breadcrumb\"},\"inLanguage\":\"fr-CA\",\"potentialAction\":[{\"@type\":\"ReadAction\",\"target\":[\"https:\/\/casinolion.ca\/online-slots\/tiki-treasures-megaways\/\"]}]},{\"@type\":\"BreadcrumbList\",\"@id\":\"https:\/\/casinolion.ca\/online-slots\/tiki-treasures-megaways\/#breadcrumb\",\"itemListElement\":[{\"@type\":\"ListItem\",\"position\":1,\"name\":\"Home\",\"item\":\"https:\/\/casinolion.ca\/\"},{\"@type\":\"ListItem\",\"position\":2,\"name\":\"Recommended Canadian Slots Sites\",\"item\":\"https:\/\/casinolion.ca\/online-slots\/\"},{\"@type\":\"ListItem\",\"position\":3,\"name\":\"Tiki Treasures Megaways\"}]},{\"@type\":\"WebSite\",\"@id\":\"https:\/\/casinolion.ca\/fr\/#website\",\"url\":\"https:\/\/casinolion.ca\/fr\/\",\"name\":\"\",\"description\":\"\",\"potentialAction\":[{\"@type\":\"SearchAction\",\"target\":{\"@type\":\"EntryPoint\",\"urlTemplate\":\"https:\/\/casinolion.ca\/fr\/?s={search_term_string}\"},\"query-input\":{\"@type\":\"PropertyValueSpecification\",\"valueRequired\":true,\"valueName\":\"search_term_string\"}}],\"inLanguage\":\"fr-CA\"}]}<\/script>\n<!-- \/ Yoast SEO plugin. -->","yoast_head_json":{"title":"Tiki Treasures Megaways Slot Review","robots":{"index":"index","follow":"follow","max-snippet":"max-snippet:-1","max-image-preview":"max-image-preview:large","max-video-preview":"max-video-preview:-1"},"canonical":"https:\/\/casinolion.ca\/fr\/online-slots\/tiki-treasures-megaways\/","og_locale":"fr_CA","og_type":"article","og_title":"Tiki Treasures Megaways Slot Review","og_description":"Tiki Treasures is one of the many\u00a0Blueprint Gaming\u00a0video slots able to pay up to 117,649 ways thanks to the BTG\u2019s Megaways engine. Each of the 6 vertical reels can reveal up to 7 symbols while the horizontal one positioned above them always consists of 4 icon positions. The game has numerous special features that can [&hellip;]","og_url":"https:\/\/casinolion.ca\/fr\/online-slots\/tiki-treasures-megaways\/","article_modified_time":"2025-03-07T05:08:38+00:00","twitter_card":"summary_large_image","twitter_misc":{"Estimation du temps de lecture":"3 minutes"},"schema":{"@context":"https:\/\/schema.org","@graph":[{"@type":"WebPage","@id":"https:\/\/casinolion.ca\/online-slots\/tiki-treasures-megaways\/","url":"https:\/\/casinolion.ca\/online-slots\/tiki-treasures-megaways\/","name":"Tiki Treasures Megaways Slot Review","isPartOf":{"@id":"https:\/\/casinolion.ca\/fr\/#website"},"datePublished":"2025-03-07T05:07:50+00:00","dateModified":"2025-03-07T05:08:38+00:00","breadcrumb":{"@id":"https:\/\/casinolion.ca\/online-slots\/tiki-treasures-megaways\/#breadcrumb"},"inLanguage":"fr-CA","potentialAction":[{"@type":"ReadAction","target":["https:\/\/casinolion.ca\/online-slots\/tiki-treasures-megaways\/"]}]},{"@type":"BreadcrumbList","@id":"https:\/\/casinolion.ca\/online-slots\/tiki-treasures-megaways\/#breadcrumb","itemListElement":[{"@type":"ListItem","position":1,"name":"Home","item":"https:\/\/casinolion.ca\/"},{"@type":"ListItem","position":2,"name":"Recommended Canadian Slots Sites","item":"https:\/\/casinolion.ca\/online-slots\/"},{"@type":"ListItem","position":3,"name":"Tiki Treasures Megaways"}]},{"@type":"WebSite","@id":"https:\/\/casinolion.ca\/fr\/#website","url":"https:\/\/casinolion.ca\/fr\/","name":"","description":"","potentialAction":[{"@type":"SearchAction","target":{"@type":"EntryPoint","urlTemplate":"https:\/\/casinolion.ca\/fr\/?s={search_term_string}"},"query-input":{"@type":"PropertyValueSpecification","valueRequired":true,"valueName":"search_term_string"}}],"inLanguage":"fr-CA"}]}},"_links":{"self":[{"href":"https:\/\/casinolion.ca\/fr\/wp-json\/wp\/v2\/pages\/24506","targetHints":{"allow":["GET"]}}],"collection":[{"href":"https:\/\/casinolion.ca\/fr\/wp-json\/wp\/v2\/pages"}],"about":[{"href":"https:\/\/casinolion.ca\/fr\/wp-json\/wp\/v2\/types\/page"}],"author":[{"embeddable":true,"href":"https:\/\/casinolion.ca\/fr\/wp-json\/wp\/v2\/users\/1"}],"replies":[{"embeddable":true,"href":"https:\/\/casinolion.ca\/fr\/wp-json\/wp\/v2\/comments?post=24506"}],"version-history":[{"count":0,"href":"https:\/\/casinolion.ca\/fr\/wp-json\/wp\/v2\/pages\/24506\/revisions"}],"up":[{"embeddable":true,"href":"https:\/\/casinolion.ca\/fr\/wp-json\/wp\/v2\/pages\/455"}],"wp:attachment":[{"href":"https:\/\/casinolion.ca\/fr\/wp-json\/wp\/v2\/media?parent=24506"}],"curies":[{"name":"wp","href":"https:\/\/api.w.org\/{rel}","templated":true}]}}