
{"id":24508,"date":"2025-03-07T05:18:45","date_gmt":"2025-03-07T05:18:45","guid":{"rendered":"https:\/\/casinolion.ca\/?page_id=24508"},"modified":"2025-03-07T05:20:00","modified_gmt":"2025-03-07T05:20:00","slug":"zeus","status":"publish","type":"page","link":"https:\/\/casinolion.ca\/fr\/online-slots\/zeus\/","title":{"rendered":"Zeus"},"content":{"rendered":"<p>Zeus est le jeu qui a tout d\u00e9clench\u00e9. Il fait partie d'une s\u00e9rie qui a donn\u00e9 lieu \u00e0 cinq machines \u00e0 sous diff\u00e9rentes au total, allant de Zeus I, II et III \u00e0 des titres tels que Zeus 1000 ou Zeus God of Thunder. Cette s\u00e9rie a \u00e9t\u00e9 extr\u00eamement populaire pour\u00a0<a href=\"https:\/\/casinolion.ca\/fr\/wms\/\">WMS<\/a>, Aujourd'hui, nous jetons un coup d'\u0153il \u00e0 la premi\u00e8re version et expliquons pourquoi elle a \u00e9t\u00e9 si appr\u00e9ci\u00e9e.<\/p>\n<p>Ils n'ont pas r\u00e9invent\u00e9 la roue avec Zeus, car WMS a choisi un m\u00e9lange tr\u00e8s commun de rouleaux 5\u00d73 et de 30 lignes \u00e0 utiliser \u00e0 l'int\u00e9rieur. Le jeu, qui est sorti en 2014, a un bon RTP, de 95,97%, tandis que les gains peuvent atteindre des maximums de $250,000 pour un seul tour, ce qui signifierait pour l'ensemble de la fonction de tours gratuits \u00e9galement. Il s'agit d'un jeu avec des wilds et des scatters, dont la caract\u00e9ristique principale semble \u00eatre les tours gratuits, puisque vous pouvez en obtenir 100 en une seule fois, et plus encore si vous les red\u00e9clenchez.<\/p>\n<p>La source d'inspiration du th\u00e8me de Zeus ne sera pas une surprise. Chef des dieux de la Gr\u00e8ce antique, Zeus a \u00e9t\u00e9 au centre de nombreux jeux au fil des ans, et une fois de plus, nous avons la preuve que ce type d'histoire fonctionne bien et que les joueurs l'appr\u00e9cient.<\/p>\n<div id=\"PlayFreeGame\" class=\"game_box\" style=\"padding-bottom: 75%; margin-bottom: 30px; background-size:cover; background-repeat:no-repeat;background-color:  #d24d57; background-image: url('https:\/\/a1.lcb.org\/system\/modules\/game\/images\/attachments\/000\/345\/162\/original\/Zeus1.jpg?1601043128');\">\n                        <i class=\"fas fa-play-circle\"><\/i>\n                     <\/div>\n                     <script>\n                        let iframe = '<iframe loading=\"lazy\" src=\"https:\/\/habanerosystems.com\/games\/preplayapp?brandgameid=2fa89a47-a81d-4c26-8a0f-a74ff9cd707e&lobbyUrl=pm-closeGame\" width=\"930\" height=\"576\" frameborder=\"0\" allowTransparency=\"true\" bgcolor=\"#FFFFFF\" style=\"background-color: black;\"><\/iframe>';\n                        let holder = document.querySelector(\"#PlayFreeGame\");\n                        holder.addEventListener(\"click\", function(){\n                            holder.innerHTML = iframe;\n                        });\n                    <\/script><h2 id=\"Zeus-data-and-features\">Donn\u00e9es et caract\u00e9ristiques de Zeus<\/h2>\n                <table class=\"tablepress\">\n                    <tbody><tr><td><strong>Enrouleurs<\/strong><\/td><td>5<\/td><\/tr><tr><td><strong>Lignes de paiement<\/strong><\/td><td>25<\/td><\/tr><tr><td><strong>Jackpot maximum<\/strong><\/td><td>$30,000.00<\/td><\/tr><tr><td><strong>Symbole Wild<\/strong><\/td><td>Oui<\/td><\/tr><tr><td><strong>Multiplicateur<\/strong><\/td><td>Non<\/td><\/tr><tr><td><strong>Gamme de paris<\/strong><\/td><td>0.25 - 50<\/td><\/tr><tr><td><strong>Plage de mise des pi\u00e8ces<\/strong><\/td><td>0.01 - 0.2<\/td><\/tr><tr><td><strong>Pi\u00e8ces par ligne<\/strong><\/td><td>10<\/td><\/tr><tr><td><strong>Progressif<\/strong><\/td><td>Oui<\/td><\/tr><tr><td><strong>Max coins jackpot<\/strong><\/td><td>150000<\/td><\/tr><tr><td><strong>Pi\u00e8ces maximales<\/strong><\/td><td>0.2<\/td><\/tr><tr><td><strong>Symbole Scatter<\/strong><\/td><td>Oui<\/td><\/tr><tr><td><strong>Tours gratuits disponibles<\/strong><\/td><td>Oui<\/td><\/tr><tr><td><strong>Jeu bonus<\/strong><\/td><td>Non<\/td><\/tr><tr><td><strong>Acheter la fonctionnalit\u00e9<\/strong><\/td><td>Non<\/td><\/tr><tr><td><strong>Th\u00e8me du jeu<\/strong><\/td><td>Antique, Grec, Mythologie<\/td><\/tr><\/tbody><\/table>\n<h3>Les bonus d\u00e9construits<\/h3>\n<div class=\"app-wysiwyg\">\n<p>Le symbole Zeus, qui rapporte le plus, est empil\u00e9 sur les rouleaux, ce qui signifie qu'il augmente les chances d'obtenir un \u00e9cran couvert de symboles correspondants.<\/p>\n<p>Quant au symbole Wild, il prend la forme d'un temple et poss\u00e8de son propre logo sur le devant, ce qui le rend tr\u00e8s facile \u00e0 rep\u00e9rer. Il a la capacit\u00e9 de remplacer d'autres symboles lorsqu'il se trouve dans la bonne position et qu'il y a suffisamment d'ic\u00f4nes correspondantes \u00e0 c\u00f4t\u00e9 de lui sur la m\u00eame ligne active.<\/p>\n<p>Pour l'essentiel, ce sont les tours gratuits qui ont fait de Zeus une machine \u00e0 sous populaire. Elle n'est peut-\u00eatre pas tr\u00e8s originale ou excitante, mais le grand nombre de tours gratuits a fait de Zeus une machine \u00e0 sous tr\u00e8s populaire.\u00a0<a href=\"https:\/\/casinolion.ca\/fr\/free-spins\/\">tours gratuits<\/a>\u00a0que vous pouvez obtenir, m\u00eame avant de red\u00e9clencher la fonction, aide \u00e0 vendre ce jeu \u00e0 ses joueurs.<\/p>\n<p>Vous avez besoin de 3, 4 ou 5 symboles de fonction dispers\u00e9s sur les rouleaux, et le r\u00e9sultat sera une fonction avec 10, 25 ou 100 tours gratuits. Dans ce mode, vous pouvez red\u00e9clencher la fonction de la m\u00eame mani\u00e8re, de sorte qu'il est possible d'obtenir une autre s\u00e9rie de 100 tours gratuits, qui s'ajoutent \u00e0 la s\u00e9rie initiale. Le jeu n'a peut-\u00eatre pas de multiplicateurs ou de nouvelles fonctions passionnantes \u00e0 offrir dans ce mode, mais il n'en a pas besoin, le potentiel est \u00e9norme gr\u00e2ce au nombre de parties gratuites.<\/p>\n<div class=\"app-header\">\n<h2 id=\"\">Conclusion<\/h2>\n<\/div>\n<div class=\"expandable-read-more\" data-readmore-expandable=\"\">\n<div>\n<div id=\"\" class=\"app-wysiwyg\" data-readmore-content=\"\">\n<p>Zeus s'est av\u00e9r\u00e9 \u00eatre une machine \u00e0 sous tr\u00e8s r\u00e9ussie pour WMS, un jeu qui a explos\u00e9 gr\u00e2ce au grand nombre de tours gratuits qu'il pouvait offrir, du moins \u00e0 certains de ses joueurs. Le potentiel de cette machine \u00e0 sous \u00e9tait \u00e9lev\u00e9, et comme le jeu \u00e9tait si populaire, WMS a fini par en lancer plusieurs.\u00a0<a href=\"https:\/\/casinolion.ca\/fr\/slots\/\">autres cr\u00e9neaux<\/a>\u00a0dans sa s\u00e9rie.<\/p>\n<p>Si on le compare aux jeux d'autres d\u00e9veloppeurs, il n'est peut-\u00eatre pas le plus excitant qui soit, ni les graphismes, ni les fonctionnalit\u00e9s, ni les gains les plus \u00e9lev\u00e9s n'\u00e9tant particuli\u00e8rement remarquables, mais la possibilit\u00e9 d'avoir un si grand nombre de tours gratuits \u00e0 parcourir a fait que beaucoup de joueurs l'adorent malgr\u00e9 tout.<\/p>\n<\/div>\n<\/div>\n<\/div>\n<\/div>","protected":false},"excerpt":{"rendered":"<p>Zeus est le jeu qui a tout d\u00e9clench\u00e9, faisant partie d'une s\u00e9rie de cinq machines \u00e0 sous diff\u00e9rentes au total, allant de Zeus I, II et III, \u00e0 des titres comme Zeus 1000 ou Zeus God of Thunder. C'est une s\u00e9rie extr\u00eamement populaire pour WMS, et aujourd'hui nous jetons un coup d'\u0153il au premier [...]<\/p>","protected":false},"author":1,"featured_media":0,"parent":455,"menu_order":0,"comment_status":"closed","ping_status":"closed","template":"","meta":{"_acf_changed":false,"footnotes":""},"class_list":["post-24508","page","type-page","status-publish","hentry"],"acf":[],"yoast_head":"<!-- This site is optimized with the Yoast SEO plugin v26.1.1 - https:\/\/yoast.com\/wordpress\/plugins\/seo\/ -->\n<title>Zeus Slots Review<\/title>\n<meta name=\"robots\" content=\"index, follow, max-snippet:-1, max-image-preview:large, max-video-preview:-1\" \/>\n<link rel=\"canonical\" href=\"https:\/\/casinolion.ca\/fr\/online-slots\/zeus\/\" \/>\n<meta property=\"og:locale\" content=\"fr_CA\" \/>\n<meta property=\"og:type\" content=\"article\" \/>\n<meta property=\"og:title\" content=\"Zeus Slots Review\" \/>\n<meta property=\"og:description\" content=\"Zeus is the game that started it all, part of a series that ended up with five different slot machines in total, ranging from Zeus I, II and III, to titles like Zeus 1000 or Zeus God of Thunder. It\u2019s been a hugely popular series for\u00a0WMS, and today we\u2019re taking a look at the first [&hellip;]\" \/>\n<meta property=\"og:url\" content=\"https:\/\/casinolion.ca\/fr\/online-slots\/zeus\/\" \/>\n<meta property=\"article:modified_time\" content=\"2025-03-07T05:20:00+00:00\" \/>\n<meta name=\"twitter:card\" content=\"summary_large_image\" \/>\n<meta name=\"twitter:label1\" content=\"Estimation du temps de lecture\" \/>\n\t<meta name=\"twitter:data1\" content=\"3 minutes\" \/>\n<script type=\"application\/ld+json\" class=\"yoast-schema-graph\">{\"@context\":\"https:\/\/schema.org\",\"@graph\":[{\"@type\":\"WebPage\",\"@id\":\"https:\/\/casinolion.ca\/online-slots\/zeus\/\",\"url\":\"https:\/\/casinolion.ca\/online-slots\/zeus\/\",\"name\":\"Zeus Slots Review\",\"isPartOf\":{\"@id\":\"https:\/\/casinolion.ca\/fr\/#website\"},\"datePublished\":\"2025-03-07T05:18:45+00:00\",\"dateModified\":\"2025-03-07T05:20:00+00:00\",\"breadcrumb\":{\"@id\":\"https:\/\/casinolion.ca\/online-slots\/zeus\/#breadcrumb\"},\"inLanguage\":\"fr-CA\",\"potentialAction\":[{\"@type\":\"ReadAction\",\"target\":[\"https:\/\/casinolion.ca\/online-slots\/zeus\/\"]}]},{\"@type\":\"BreadcrumbList\",\"@id\":\"https:\/\/casinolion.ca\/online-slots\/zeus\/#breadcrumb\",\"itemListElement\":[{\"@type\":\"ListItem\",\"position\":1,\"name\":\"Home\",\"item\":\"https:\/\/casinolion.ca\/\"},{\"@type\":\"ListItem\",\"position\":2,\"name\":\"Recommended Canadian Slots Sites\",\"item\":\"https:\/\/casinolion.ca\/online-slots\/\"},{\"@type\":\"ListItem\",\"position\":3,\"name\":\"Zeus\"}]},{\"@type\":\"WebSite\",\"@id\":\"https:\/\/casinolion.ca\/fr\/#website\",\"url\":\"https:\/\/casinolion.ca\/fr\/\",\"name\":\"\",\"description\":\"\",\"potentialAction\":[{\"@type\":\"SearchAction\",\"target\":{\"@type\":\"EntryPoint\",\"urlTemplate\":\"https:\/\/casinolion.ca\/fr\/?s={search_term_string}\"},\"query-input\":{\"@type\":\"PropertyValueSpecification\",\"valueRequired\":true,\"valueName\":\"search_term_string\"}}],\"inLanguage\":\"fr-CA\"}]}<\/script>\n<!-- \/ Yoast SEO plugin. -->","yoast_head_json":{"title":"Revue de la machine \u00e0 sous Zeus","robots":{"index":"index","follow":"follow","max-snippet":"max-snippet:-1","max-image-preview":"max-image-preview:large","max-video-preview":"max-video-preview:-1"},"canonical":"https:\/\/casinolion.ca\/fr\/online-slots\/zeus\/","og_locale":"fr_CA","og_type":"article","og_title":"Zeus Slots Review","og_description":"Zeus is the game that started it all, part of a series that ended up with five different slot machines in total, ranging from Zeus I, II and III, to titles like Zeus 1000 or Zeus God of Thunder. It\u2019s been a hugely popular series for\u00a0WMS, and today we\u2019re taking a look at the first [&hellip;]","og_url":"https:\/\/casinolion.ca\/fr\/online-slots\/zeus\/","article_modified_time":"2025-03-07T05:20:00+00:00","twitter_card":"summary_large_image","twitter_misc":{"Estimation du temps de lecture":"3 minutes"},"schema":{"@context":"https:\/\/schema.org","@graph":[{"@type":"WebPage","@id":"https:\/\/casinolion.ca\/online-slots\/zeus\/","url":"https:\/\/casinolion.ca\/online-slots\/zeus\/","name":"Revue de la machine \u00e0 sous Zeus","isPartOf":{"@id":"https:\/\/casinolion.ca\/fr\/#website"},"datePublished":"2025-03-07T05:18:45+00:00","dateModified":"2025-03-07T05:20:00+00:00","breadcrumb":{"@id":"https:\/\/casinolion.ca\/online-slots\/zeus\/#breadcrumb"},"inLanguage":"fr-CA","potentialAction":[{"@type":"ReadAction","target":["https:\/\/casinolion.ca\/online-slots\/zeus\/"]}]},{"@type":"BreadcrumbList","@id":"https:\/\/casinolion.ca\/online-slots\/zeus\/#breadcrumb","itemListElement":[{"@type":"ListItem","position":1,"name":"Home","item":"https:\/\/casinolion.ca\/"},{"@type":"ListItem","position":2,"name":"Recommended Canadian Slots Sites","item":"https:\/\/casinolion.ca\/online-slots\/"},{"@type":"ListItem","position":3,"name":"Zeus"}]},{"@type":"WebSite","@id":"https:\/\/casinolion.ca\/fr\/#website","url":"https:\/\/casinolion.ca\/fr\/","name":"","description":"","potentialAction":[{"@type":"SearchAction","target":{"@type":"EntryPoint","urlTemplate":"https:\/\/casinolion.ca\/fr\/?s={search_term_string}"},"query-input":{"@type":"PropertyValueSpecification","valueRequired":true,"valueName":"search_term_string"}}],"inLanguage":"fr-CA"}]}},"_links":{"self":[{"href":"https:\/\/casinolion.ca\/fr\/wp-json\/wp\/v2\/pages\/24508","targetHints":{"allow":["GET"]}}],"collection":[{"href":"https:\/\/casinolion.ca\/fr\/wp-json\/wp\/v2\/pages"}],"about":[{"href":"https:\/\/casinolion.ca\/fr\/wp-json\/wp\/v2\/types\/page"}],"author":[{"embeddable":true,"href":"https:\/\/casinolion.ca\/fr\/wp-json\/wp\/v2\/users\/1"}],"replies":[{"embeddable":true,"href":"https:\/\/casinolion.ca\/fr\/wp-json\/wp\/v2\/comments?post=24508"}],"version-history":[{"count":0,"href":"https:\/\/casinolion.ca\/fr\/wp-json\/wp\/v2\/pages\/24508\/revisions"}],"up":[{"embeddable":true,"href":"https:\/\/casinolion.ca\/fr\/wp-json\/wp\/v2\/pages\/455"}],"wp:attachment":[{"href":"https:\/\/casinolion.ca\/fr\/wp-json\/wp\/v2\/media?parent=24508"}],"curies":[{"name":"wp","href":"https:\/\/api.w.org\/{rel}","templated":true}]}}