
{"id":24509,"date":"2025-03-07T05:21:54","date_gmt":"2025-03-07T05:21:54","guid":{"rendered":"https:\/\/casinolion.ca\/?page_id=24509"},"modified":"2025-03-07T05:22:27","modified_gmt":"2025-03-07T05:22:27","slug":"temple-tumble-megaways","status":"publish","type":"page","link":"https:\/\/casinolion.ca\/fr\/online-slots\/temple-tumble-megaways\/","title":{"rendered":"Temple Tumble MEGAWAYS"},"content":{"rendered":"<p>Temple Tumble est une machine \u00e0 sous vid\u00e9o de Relax Gaming sur le th\u00e8me des Azt\u00e8ques. Gr\u00e2ce \u00e0 la licence de\u00a0<a href=\"https:\/\/casinolion.ca\/fr\/big-time-gaming\/\">Big Time Gaming<\/a>, le d\u00e9veloppeur a pu utiliser\u00a0<a href=\"https:\/\/casinolion.ca\/fr\/slots\/megaways\/\">Brevet Megaways<\/a>\u00a0et offrent aux joueurs la possibilit\u00e9 de gagner jusqu'\u00e0 46 656 fois.<\/p>\n<p>Apr\u00e8s avoir lanc\u00e9 le jeu, vous incarnerez un explorateur intr\u00e9pide qui, en parcourant une jungle peupl\u00e9e de toutes sortes d'animaux dangereux, tombe sur un temple azt\u00e8que.<\/p>\n<p>C'est l\u00e0 que vous trouverez un mur 6\u00d76 gardant des tr\u00e9sors oubli\u00e9s depuis longtemps ainsi qu'une vari\u00e9t\u00e9 d'outils utiles. Les rouleaux en cascade vous aideront \u00e0 abattre le mur, et en profitant des tours gratuits et des multiplicateurs, vous pourriez retourner \u00e0 la civilisation avec jusqu'\u00e0 7 767 fois la mise en poche.<\/p>\n<p>Temple Tumble promet un rendement th\u00e9orique de 96,25%, ce qui est l\u00e9g\u00e8rement sup\u00e9rieur \u00e0 l'indice de r\u00e9f\u00e9rence.\u00a0<a href=\"https:\/\/casinolion.ca\/fr\/slots\/\">machines \u00e0 sous vid\u00e9o<\/a>\u00a0moyenne.<\/p>\n<div id=\"PlayFreeGame\" class=\"game_box\" style=\"padding-bottom: 75%; margin-bottom: 30px; background-size:cover; background-repeat:no-repeat;background-color:  #d24d57; background-image: url('https:\/\/a1.lcb.org\/system\/modules\/game\/images\/attachments\/000\/274\/727\/original\/TempleTumbleMegaways1.jpg?1549445639');\">\n                        <i class=\"fas fa-play-circle\"><\/i>\n                     <\/div>\n                     <script>\n                        let iframe = '<iframe loading=\"lazy\" src=\"https:\/\/d2drhksbtcqozo.cloudfront.net\/casino\/launcher.html?channel=web&gameid=templetumble&moneymode=fun&jurisdiction=MT\" width=\"930\" height=\"576\" frameborder=\"0\" allowTransparency=\"true\" bgcolor=\"#FFFFFF\" style=\"background-color: black;\"><\/iframe>';\n                        let holder = document.querySelector(\"#PlayFreeGame\");\n                        holder.addEventListener(\"click\", function(){\n                            holder.innerHTML = iframe;\n                        });\n                    <\/script><h2 id=\"Temple-Tumble-data-and-features\">Donn\u00e9es et caract\u00e9ristiques du Temple Tumble<\/h2>\n                <table class=\"tablepress\">\n                    <tbody><tr><td><strong>Enrouleurs<\/strong><\/td><td>6<\/td><\/tr><tr><td><strong>Lignes de paiement<\/strong><\/td><td>32767<\/td><\/tr><tr><td><strong>Jackpot maximum<\/strong><\/td><td>$500.00<\/td><\/tr><tr><td><strong>Pourcentage de paiement<\/strong><\/td><td>96.250<\/td><\/tr><tr><td><strong>Symbole Wild<\/strong><\/td><td>Oui<\/td><\/tr><tr><td><strong>Multiplicateur<\/strong><\/td><td>Oui<\/td><\/tr><tr><td><strong>Gamme de paris<\/strong><\/td><td>0.2 - 100<\/td><\/tr><tr><td><strong>Plage de mise des pi\u00e8ces<\/strong><\/td><td>0.01 - 5<\/td><\/tr><tr><td><strong>Pi\u00e8ces par ligne<\/strong><\/td><td>1<\/td><\/tr><tr><td><strong>Progressif<\/strong><\/td><td>Non<\/td><\/tr><tr><td><strong>Max coins jackpot<\/strong><\/td><td>100<\/td><\/tr><tr><td><strong>Pi\u00e8ces maximales<\/strong><\/td><td>5<\/td><\/tr><tr><td><strong>Symbole Scatter<\/strong><\/td><td>Non<\/td><\/tr><tr><td><strong>Tours gratuits disponibles<\/strong><\/td><td>Oui<\/td><\/tr><tr><td><strong>Jeu bonus<\/strong><\/td><td>Oui<\/td><\/tr><tr><td><strong>Acheter la fonctionnalit\u00e9<\/strong><\/td><td>Non<\/td><\/tr><tr><td><strong>Th\u00e8me du jeu<\/strong><\/td><td>Aventure, Azt\u00e8que, Jungle<\/td><\/tr><\/tbody><\/table>\n<h3>Les bonus d\u00e9construits<\/h3>\n<div class=\"app-wysiwyg\">\n<p>La zone des rouleaux se compose de 6 colonnes et de 6 rang\u00e9es, les positions des rouleaux \u00e9tant occup\u00e9es soit par des blocs de pierre, soit par des symboles du jeu.  Les blocs eux-m\u00eames ne peuvent pas payer, mais ils ont un r\u00f4le important \u00e0 jouer. Pour vous aider \u00e0 cr\u00e9er un combo gagnant (qui consiste en 3 symboles identiques ou plus sur des rouleaux adjacents), Wild Explorer remplacera les symboles manquants sur les rouleaux 2 \u00e0 6.<\/p>\n<p>Les symboles gagnants, ainsi que les blocs qui les entourent, seront d\u00e9truits pour cr\u00e9er plus d'opportunit\u00e9s de gains avec les ic\u00f4nes tombant dans les positions vacantes.<\/p>\n<p>Vous verrez un minimum de 3 et un maximum de 24 blocs de pierre au d\u00e9but de chaque tour et vous devrez faire de votre mieux pour vous en d\u00e9barrasser. Si vous les d\u00e9truisez tous, vous serez r\u00e9compens\u00e9 par 6 tours gratuits que vous n'aurez pas \u00e0 payer. Les tours gratuits sont jou\u00e9s avec des blocs normaux et sp\u00e9ciaux qui cachent des tours suppl\u00e9mentaires ou des multiplicateurs.<\/p>\n<p>Les joueurs ont le choix entre 3 modes de Free Spins : Multipliers Free Spins avec tous les blocs sp\u00e9ciaux contenant des multiplicateurs x1, x2 ou x3, Extra Spins avec tous les blocs octroyant 1, 2 ou 3 parties gratuites suppl\u00e9mentaires, et Multipliers &amp; Extra Spins dans lequel les blocs de pierre peuvent r\u00e9v\u00e9ler l'un ou l'autre.<\/p>\n<p>Quel que soit le mode choisi, si vous parvenez \u00e0 \u00e9liminer tous les blocs de pierre, vous gagnez 3 tours suppl\u00e9mentaires dans la maison.<\/p>\n<div class=\"app-header\">\n<h2 id=\"\">Temple Tumble Megaways vs Autres machines \u00e0 sous Megaways<\/h2>\n<\/div>\n<div class=\"expandable-read-more\" data-readmore-expandable=\"\">\n<div>\n<div id=\"\" class=\"app-wysiwyg\" data-readmore-content=\"\">\n<p>Temple Tumble n'est pas une machine \u00e0 sous Megaways ordinaire. Le d\u00e9veloppeur s'est assur\u00e9 que le jeu se d\u00e9marque en cr\u00e9ant une configuration diff\u00e9rente avec jusqu'\u00e0 6 rang\u00e9es et pas de rouleau suppl\u00e9mentaire, mais aussi en remplissant les rouleaux avec des blocs de pierre en plus des symboles du jeu. Le m\u00e9canisme des rouleaux en cascade est donc \u00e9galement diff\u00e9rent, tout comme le d\u00e9clenchement des tours gratuits.<\/p>\n<p>En tant que\u00a0<a href=\"https:\/\/casinolion.ca\/fr\/slots\/megaways\/\">le nombre de titres Megaways augmente<\/a>, De tels \u00e9l\u00e9ments diff\u00e9renciateurs sont forc\u00e9ment appr\u00e9ci\u00e9s, m\u00eame si le potentiel de gain du jeu n'est pas aussi \u00e9lev\u00e9.<\/p>\n<\/div>\n<\/div>\n<\/div>\n<\/div>","protected":false},"excerpt":{"rendered":"<p>Temple Tumble is a Relax Gaming video slot with an Aztec theme. Thanks to the license from\u00a0Big Time Gaming, the developer was able to use\u00a0Megaways patent\u00a0and offer players to win up to 46,656 ways. Having launched the game, you will take on the role of a fearless explorer who, tracking through a jungle inhabited by [&hellip;]<\/p>","protected":false},"author":1,"featured_media":0,"parent":455,"menu_order":0,"comment_status":"closed","ping_status":"closed","template":"","meta":{"_acf_changed":false,"footnotes":""},"class_list":["post-24509","page","type-page","status-publish","hentry"],"acf":[],"yoast_head":"<!-- This site is optimized with the Yoast SEO plugin v26.1.1 - https:\/\/yoast.com\/wordpress\/plugins\/seo\/ -->\n<title>Temple Tumble MEGAWAYS Slot Review<\/title>\n<meta name=\"robots\" content=\"index, follow, max-snippet:-1, max-image-preview:large, max-video-preview:-1\" \/>\n<link rel=\"canonical\" href=\"https:\/\/casinolion.ca\/fr\/online-slots\/temple-tumble-megaways\/\" \/>\n<meta property=\"og:locale\" content=\"fr_CA\" \/>\n<meta property=\"og:type\" content=\"article\" \/>\n<meta property=\"og:title\" content=\"Temple Tumble MEGAWAYS Slot Review\" \/>\n<meta property=\"og:description\" content=\"Temple Tumble is a Relax Gaming video slot with an Aztec theme. Thanks to the license from\u00a0Big Time Gaming, the developer was able to use\u00a0Megaways patent\u00a0and offer players to win up to 46,656 ways. Having launched the game, you will take on the role of a fearless explorer who, tracking through a jungle inhabited by [&hellip;]\" \/>\n<meta property=\"og:url\" content=\"https:\/\/casinolion.ca\/fr\/online-slots\/temple-tumble-megaways\/\" \/>\n<meta property=\"article:modified_time\" content=\"2025-03-07T05:22:27+00:00\" \/>\n<meta name=\"twitter:card\" content=\"summary_large_image\" \/>\n<meta name=\"twitter:label1\" content=\"Estimation du temps de lecture\" \/>\n\t<meta name=\"twitter:data1\" content=\"2 minutes\" \/>\n<script type=\"application\/ld+json\" class=\"yoast-schema-graph\">{\"@context\":\"https:\/\/schema.org\",\"@graph\":[{\"@type\":\"WebPage\",\"@id\":\"https:\/\/casinolion.ca\/online-slots\/temple-tumble-megaways\/\",\"url\":\"https:\/\/casinolion.ca\/online-slots\/temple-tumble-megaways\/\",\"name\":\"Temple Tumble MEGAWAYS Slot Review\",\"isPartOf\":{\"@id\":\"https:\/\/casinolion.ca\/fr\/#website\"},\"datePublished\":\"2025-03-07T05:21:54+00:00\",\"dateModified\":\"2025-03-07T05:22:27+00:00\",\"breadcrumb\":{\"@id\":\"https:\/\/casinolion.ca\/online-slots\/temple-tumble-megaways\/#breadcrumb\"},\"inLanguage\":\"fr-CA\",\"potentialAction\":[{\"@type\":\"ReadAction\",\"target\":[\"https:\/\/casinolion.ca\/online-slots\/temple-tumble-megaways\/\"]}]},{\"@type\":\"BreadcrumbList\",\"@id\":\"https:\/\/casinolion.ca\/online-slots\/temple-tumble-megaways\/#breadcrumb\",\"itemListElement\":[{\"@type\":\"ListItem\",\"position\":1,\"name\":\"Home\",\"item\":\"https:\/\/casinolion.ca\/\"},{\"@type\":\"ListItem\",\"position\":2,\"name\":\"Recommended Canadian Slots Sites\",\"item\":\"https:\/\/casinolion.ca\/online-slots\/\"},{\"@type\":\"ListItem\",\"position\":3,\"name\":\"Temple Tumble MEGAWAYS\"}]},{\"@type\":\"WebSite\",\"@id\":\"https:\/\/casinolion.ca\/fr\/#website\",\"url\":\"https:\/\/casinolion.ca\/fr\/\",\"name\":\"\",\"description\":\"\",\"potentialAction\":[{\"@type\":\"SearchAction\",\"target\":{\"@type\":\"EntryPoint\",\"urlTemplate\":\"https:\/\/casinolion.ca\/fr\/?s={search_term_string}\"},\"query-input\":{\"@type\":\"PropertyValueSpecification\",\"valueRequired\":true,\"valueName\":\"search_term_string\"}}],\"inLanguage\":\"fr-CA\"}]}<\/script>\n<!-- \/ Yoast SEO plugin. -->","yoast_head_json":{"title":"Revue de la machine \u00e0 sous Temple Tumble MEGAWAYS","robots":{"index":"index","follow":"follow","max-snippet":"max-snippet:-1","max-image-preview":"max-image-preview:large","max-video-preview":"max-video-preview:-1"},"canonical":"https:\/\/casinolion.ca\/fr\/online-slots\/temple-tumble-megaways\/","og_locale":"fr_CA","og_type":"article","og_title":"Temple Tumble MEGAWAYS Slot Review","og_description":"Temple Tumble is a Relax Gaming video slot with an Aztec theme. Thanks to the license from\u00a0Big Time Gaming, the developer was able to use\u00a0Megaways patent\u00a0and offer players to win up to 46,656 ways. Having launched the game, you will take on the role of a fearless explorer who, tracking through a jungle inhabited by [&hellip;]","og_url":"https:\/\/casinolion.ca\/fr\/online-slots\/temple-tumble-megaways\/","article_modified_time":"2025-03-07T05:22:27+00:00","twitter_card":"summary_large_image","twitter_misc":{"Estimation du temps de lecture":"2 minutes"},"schema":{"@context":"https:\/\/schema.org","@graph":[{"@type":"WebPage","@id":"https:\/\/casinolion.ca\/online-slots\/temple-tumble-megaways\/","url":"https:\/\/casinolion.ca\/online-slots\/temple-tumble-megaways\/","name":"Revue de la machine \u00e0 sous Temple Tumble MEGAWAYS","isPartOf":{"@id":"https:\/\/casinolion.ca\/fr\/#website"},"datePublished":"2025-03-07T05:21:54+00:00","dateModified":"2025-03-07T05:22:27+00:00","breadcrumb":{"@id":"https:\/\/casinolion.ca\/online-slots\/temple-tumble-megaways\/#breadcrumb"},"inLanguage":"fr-CA","potentialAction":[{"@type":"ReadAction","target":["https:\/\/casinolion.ca\/online-slots\/temple-tumble-megaways\/"]}]},{"@type":"BreadcrumbList","@id":"https:\/\/casinolion.ca\/online-slots\/temple-tumble-megaways\/#breadcrumb","itemListElement":[{"@type":"ListItem","position":1,"name":"Home","item":"https:\/\/casinolion.ca\/"},{"@type":"ListItem","position":2,"name":"Recommended Canadian Slots Sites","item":"https:\/\/casinolion.ca\/online-slots\/"},{"@type":"ListItem","position":3,"name":"Temple Tumble MEGAWAYS"}]},{"@type":"WebSite","@id":"https:\/\/casinolion.ca\/fr\/#website","url":"https:\/\/casinolion.ca\/fr\/","name":"","description":"","potentialAction":[{"@type":"SearchAction","target":{"@type":"EntryPoint","urlTemplate":"https:\/\/casinolion.ca\/fr\/?s={search_term_string}"},"query-input":{"@type":"PropertyValueSpecification","valueRequired":true,"valueName":"search_term_string"}}],"inLanguage":"fr-CA"}]}},"_links":{"self":[{"href":"https:\/\/casinolion.ca\/fr\/wp-json\/wp\/v2\/pages\/24509","targetHints":{"allow":["GET"]}}],"collection":[{"href":"https:\/\/casinolion.ca\/fr\/wp-json\/wp\/v2\/pages"}],"about":[{"href":"https:\/\/casinolion.ca\/fr\/wp-json\/wp\/v2\/types\/page"}],"author":[{"embeddable":true,"href":"https:\/\/casinolion.ca\/fr\/wp-json\/wp\/v2\/users\/1"}],"replies":[{"embeddable":true,"href":"https:\/\/casinolion.ca\/fr\/wp-json\/wp\/v2\/comments?post=24509"}],"version-history":[{"count":0,"href":"https:\/\/casinolion.ca\/fr\/wp-json\/wp\/v2\/pages\/24509\/revisions"}],"up":[{"embeddable":true,"href":"https:\/\/casinolion.ca\/fr\/wp-json\/wp\/v2\/pages\/455"}],"wp:attachment":[{"href":"https:\/\/casinolion.ca\/fr\/wp-json\/wp\/v2\/media?parent=24509"}],"curies":[{"name":"wp","href":"https:\/\/api.w.org\/{rel}","templated":true}]}}