
{"id":24512,"date":"2025-03-07T05:57:15","date_gmt":"2025-03-07T05:57:15","guid":{"rendered":"https:\/\/casinolion.ca\/?page_id=24512"},"modified":"2025-03-07T05:58:34","modified_gmt":"2025-03-07T05:58:34","slug":"starquest-megaways","status":"publish","type":"page","link":"https:\/\/casinolion.ca\/fr\/online-slots\/starquest-megaways\/","title":{"rendered":"Starquest Megaways"},"content":{"rendered":"<p>Starquest est la propre machine \u00e0 sous vid\u00e9o de BTG fonctionnant sur le moteur Megaways qui est aujourd'hui sous licence pour plusieurs autres d\u00e9veloppeurs de jeux. Alors que ses concurrents ont tendance \u00e0 s'en tenir au gameplay standard de Megaways, Big Time Gaming fait de son mieux pour que chacun de ses titres soit diff\u00e9rent des autres. Starquest se joue toujours avec 6 rouleaux et jusqu'\u00e0 117 649 voies de gains, mais il est unique \u00e0 bien d'autres \u00e9gards.<\/p>\n<p>Les symboles correspondants sur des rouleaux cons\u00e9cutifs rapportent de gauche \u00e0 droite (en commen\u00e7ant par le rouleau le plus \u00e0 gauche) et de droite \u00e0 gauche (en commen\u00e7ant par le rouleau le plus \u00e0 droite). Il n'y a pas de Scatters ni de symboles Bonus ; la magie op\u00e8re exclusivement gr\u00e2ce aux Wilds qui apparaissent toujours empil\u00e9s, lancent des re-spins et augmentent les paiements. Malgr\u00e9 son gameplay relativement simple, Starquest a ce qu'il faut pour vous garder coll\u00e9 \u00e0 l'\u00e9cran pendant un bon moment. Le rendement th\u00e9orique du jeu est de 96,22%.<br \/>\n<div id=\"PlayFreeGame\" class=\"game_box\" style=\"padding-bottom: 75%; margin-bottom: 30px; background-size:cover; background-repeat:no-repeat;background-color:  #d24d57; background-image: url('https:\/\/a1.lcb.org\/system\/modules\/game\/images\/attachments\/000\/417\/161\/original\/StarClusterMegapays1.jpg?1648799443');\">\n                        <i class=\"fas fa-play-circle\"><\/i>\n                     <\/div>\n                     <script>\n                        let iframe = '<iframe loading=\"lazy\" src=\"https:\/\/slotslaunch.com\/iframe\/141?token=rvgmcR4z0DADcCv3Hy0pVy9HQf7iaZ9tGNS9qWMaoIJPRjmw38\" width=\"930\" height=\"576\" frameborder=\"0\" allowTransparency=\"true\" bgcolor=\"#FFFFFF\" style=\"background-color: black;\"><\/iframe>';\n                        let holder = document.querySelector(\"#PlayFreeGame\");\n                        holder.addEventListener(\"click\", function(){\n                            holder.innerHTML = iframe;\n                        });\n                    <\/script><h2 id=\"Star-Clusters-Megapays-data-and-features\">Amas d'\u00e9toiles Megapays Donn\u00e9es et caract\u00e9ristiques<\/h2>\n                <table class=\"tablepress\">\n                    <tbody><tr><td><strong>Enrouleurs<\/strong><\/td><td>4<\/td><\/tr><tr><td><strong>Jackpot maximum<\/strong><\/td><td>$50.00<\/td><\/tr><tr><td><strong>Pourcentage de paiement<\/strong><\/td><td>96.270<\/td><\/tr><tr><td><strong>Symbole Wild<\/strong><\/td><td>Oui<\/td><\/tr><tr><td><strong>Multiplicateur<\/strong><\/td><td>Non<\/td><\/tr><tr><td><strong>Gamme de paris<\/strong><\/td><td>0.2 - 20<\/td><\/tr><tr><td><strong>Plage de mise des pi\u00e8ces<\/strong><\/td><td>0.01 - 1<\/td><\/tr><tr><td><strong>Pi\u00e8ces par ligne<\/strong><\/td><td>1<\/td><\/tr><tr><td><strong>Progressif<\/strong><\/td><td>Oui<\/td><\/tr><tr><td><strong>Max coins jackpot<\/strong><\/td><td>50<\/td><\/tr><tr><td><strong>Pi\u00e8ces maximales<\/strong><\/td><td>1<\/td><\/tr><tr><td><strong>Symbole Scatter<\/strong><\/td><td>Non<\/td><\/tr><tr><td><strong>Tours gratuits disponibles<\/strong><\/td><td>Oui<\/td><\/tr><tr><td><strong>Jeu bonus<\/strong><\/td><td>Non<\/td><\/tr><tr><td><strong>Acheter la fonctionnalit\u00e9<\/strong><\/td><td>Non<\/td><\/tr><tr><td><strong>Th\u00e8me du jeu<\/strong><\/td><td>Pierres pr\u00e9cieuses et bijoux<\/td><\/tr><tr><td><strong>Volatilit\u00e9<\/strong><\/td><td>Haut<\/td><\/tr><\/tbody><\/table><\/p>\n<h2>Les bonus d\u00e9construits<\/h2>\n<p>Les gains sont facilit\u00e9s par l'inclusion de Full Reel Wilds qui apparaissent sur les rouleaux 2, 3, 4 et 5 et se substituent \u00e0 n'importe quel autre symbole du jeu (ce qui est plut\u00f4t attendu en raison de l'absence d'autres ic\u00f4nes sp\u00e9ciales). Chaque Wild, repr\u00e9sent\u00e9 par une jolie femme exploratrice de l'espace, compte jusqu'\u00e0 5 symboles et s'accompagne d'un multiplicateur qui commence \u00e0 x1. Le multiplicateur augmente de 1 \u00e0 chaque nouveau tour provoqu\u00e9 par l'apparition des rouleaux Wild. Si une nouvelle ic\u00f4ne Wild se joint \u00e0 la f\u00eate apr\u00e8s le re-spin, toutes les autres positions tourneront \u00e0 nouveau tandis que tous les Wilds resteront fig\u00e9s. Les multiplicateurs peuvent aller jusqu'\u00e0 x5, et de plus, les rouleaux Wild se multiplient les uns les autres, il est donc th\u00e9oriquement possible d'augmenter les gains jusqu'\u00e0 625x.<\/p>\n<p>Avant de vous emballer, sachez que la beaut\u00e9 sauvage a tendance \u00e0 \u00eatre assez insaisissable et que l'on peut facilement passer plusieurs tours sans qu'un rouleau sauvage ne se manifeste. De plus, m\u00eame lorsque la dame d\u00e9cide de se montrer, le re-spin qui suit peut ne pas apporter de gain ou un autre Wild, ce qui peut \u00eatre assez frustrant. En m\u00eame temps, vous pouvez avoir de la chance avec plusieurs Wilds r\u00e9sultant de plusieurs re-spins et par cons\u00e9quent c\u00e9l\u00e9brer un \u00e9norme gain.<\/p>\n<h2>Starquest vs Autres Machines \u00e0 Sous Megaways<\/h2>\n<p>Ceux qui ont jou\u00e9 \u00e0 d'autres machines \u00e0 sous Megaways se rendront imm\u00e9diatement compte que Starquest est tr\u00e8s diff\u00e9rent. Mis \u00e0 part le fait qu'il change al\u00e9atoirement le nombre de voies gagnantes \u00e0 chaque tour, il n'y a pratiquement aucune similitude avec les titres lanc\u00e9s par d'autres d\u00e9veloppeurs ou ceux de Big Time Gaming. Au lieu de rouleaux en cascade, de symboles myst\u00e9rieux et de parties gratuites avec un multiplicateur illimit\u00e9, Starquest offre une fonction tr\u00e8s puissante. De plus, ce jeu est l'une des rares machines \u00e0 sous Megaways qui rapportent des gains dans les deux sens. La simplicit\u00e9 du gameplay ne devrait pas \u00eatre un probl\u00e8me car la m\u00eame recette a d\u00e9j\u00e0 fait ses preuves avec un autre hit sur le th\u00e8me de l'espace, Starburst de NetEnt. Le RTP est peut-\u00eatre un peu plus faible que pour les autres jeux Megaways, mais le potentiel de gain maximum est tr\u00e8s d\u00e9cent : 12 500 fois la mise.<\/p>","protected":false},"excerpt":{"rendered":"<p>Starquest est la propre machine \u00e0 sous vid\u00e9o de BTG fonctionnant sur le moteur Megaways qui est aujourd'hui sous licence pour plusieurs autres d\u00e9veloppeurs de jeux. Et tandis que les concurrents ont tendance \u00e0 s'en tenir au gameplay standard de Megaways, Big Time Gaming fait de son mieux pour rendre chacun de ses titres diff\u00e9rent des autres. Starquest se joue toujours avec 6 rouleaux et jusqu'\u00e0 117 649 [...]<\/p>","protected":false},"author":1,"featured_media":0,"parent":455,"menu_order":0,"comment_status":"closed","ping_status":"closed","template":"","meta":{"_acf_changed":false,"footnotes":""},"class_list":["post-24512","page","type-page","status-publish","hentry"],"acf":[],"yoast_head":"<!-- This site is optimized with the Yoast SEO plugin v26.1.1 - https:\/\/yoast.com\/wordpress\/plugins\/seo\/ -->\n<title>Starquest Megaways Slot Review<\/title>\n<meta name=\"robots\" content=\"index, follow, max-snippet:-1, max-image-preview:large, max-video-preview:-1\" \/>\n<link rel=\"canonical\" href=\"https:\/\/casinolion.ca\/fr\/online-slots\/starquest-megaways\/\" \/>\n<meta property=\"og:locale\" content=\"fr_CA\" \/>\n<meta property=\"og:type\" content=\"article\" \/>\n<meta property=\"og:title\" content=\"Starquest Megaways Slot Review\" \/>\n<meta property=\"og:description\" content=\"Starquest is BTG\u2019s own video slot running on Megaways engine which is nowadays licensed to several other game developers. And while competitors tend to stick to standard Megaways gameplay, Big Time Gaming does its best to make each of its titles different to all others. Starquest still plays with 6 reels and up to 117,649 [&hellip;]\" \/>\n<meta property=\"og:url\" content=\"https:\/\/casinolion.ca\/fr\/online-slots\/starquest-megaways\/\" \/>\n<meta property=\"article:modified_time\" content=\"2025-03-07T05:58:34+00:00\" \/>\n<meta name=\"twitter:card\" content=\"summary_large_image\" \/>\n<meta name=\"twitter:label1\" content=\"Estimation du temps de lecture\" \/>\n\t<meta name=\"twitter:data1\" content=\"3 minutes\" \/>\n<script type=\"application\/ld+json\" class=\"yoast-schema-graph\">{\"@context\":\"https:\/\/schema.org\",\"@graph\":[{\"@type\":\"WebPage\",\"@id\":\"https:\/\/casinolion.ca\/online-slots\/starquest-megaways\/\",\"url\":\"https:\/\/casinolion.ca\/online-slots\/starquest-megaways\/\",\"name\":\"Starquest Megaways Slot Review\",\"isPartOf\":{\"@id\":\"https:\/\/casinolion.ca\/fr\/#website\"},\"datePublished\":\"2025-03-07T05:57:15+00:00\",\"dateModified\":\"2025-03-07T05:58:34+00:00\",\"breadcrumb\":{\"@id\":\"https:\/\/casinolion.ca\/online-slots\/starquest-megaways\/#breadcrumb\"},\"inLanguage\":\"fr-CA\",\"potentialAction\":[{\"@type\":\"ReadAction\",\"target\":[\"https:\/\/casinolion.ca\/online-slots\/starquest-megaways\/\"]}]},{\"@type\":\"BreadcrumbList\",\"@id\":\"https:\/\/casinolion.ca\/online-slots\/starquest-megaways\/#breadcrumb\",\"itemListElement\":[{\"@type\":\"ListItem\",\"position\":1,\"name\":\"Home\",\"item\":\"https:\/\/casinolion.ca\/\"},{\"@type\":\"ListItem\",\"position\":2,\"name\":\"Recommended Canadian Slots Sites\",\"item\":\"https:\/\/casinolion.ca\/online-slots\/\"},{\"@type\":\"ListItem\",\"position\":3,\"name\":\"Starquest Megaways\"}]},{\"@type\":\"WebSite\",\"@id\":\"https:\/\/casinolion.ca\/fr\/#website\",\"url\":\"https:\/\/casinolion.ca\/fr\/\",\"name\":\"\",\"description\":\"\",\"potentialAction\":[{\"@type\":\"SearchAction\",\"target\":{\"@type\":\"EntryPoint\",\"urlTemplate\":\"https:\/\/casinolion.ca\/fr\/?s={search_term_string}\"},\"query-input\":{\"@type\":\"PropertyValueSpecification\",\"valueRequired\":true,\"valueName\":\"search_term_string\"}}],\"inLanguage\":\"fr-CA\"}]}<\/script>\n<!-- \/ Yoast SEO plugin. -->","yoast_head_json":{"title":"Revue de la machine \u00e0 sous Starquest Megaways","robots":{"index":"index","follow":"follow","max-snippet":"max-snippet:-1","max-image-preview":"max-image-preview:large","max-video-preview":"max-video-preview:-1"},"canonical":"https:\/\/casinolion.ca\/fr\/online-slots\/starquest-megaways\/","og_locale":"fr_CA","og_type":"article","og_title":"Starquest Megaways Slot Review","og_description":"Starquest is BTG\u2019s own video slot running on Megaways engine which is nowadays licensed to several other game developers. And while competitors tend to stick to standard Megaways gameplay, Big Time Gaming does its best to make each of its titles different to all others. Starquest still plays with 6 reels and up to 117,649 [&hellip;]","og_url":"https:\/\/casinolion.ca\/fr\/online-slots\/starquest-megaways\/","article_modified_time":"2025-03-07T05:58:34+00:00","twitter_card":"summary_large_image","twitter_misc":{"Estimation du temps de lecture":"3 minutes"},"schema":{"@context":"https:\/\/schema.org","@graph":[{"@type":"WebPage","@id":"https:\/\/casinolion.ca\/online-slots\/starquest-megaways\/","url":"https:\/\/casinolion.ca\/online-slots\/starquest-megaways\/","name":"Revue de la machine \u00e0 sous Starquest Megaways","isPartOf":{"@id":"https:\/\/casinolion.ca\/fr\/#website"},"datePublished":"2025-03-07T05:57:15+00:00","dateModified":"2025-03-07T05:58:34+00:00","breadcrumb":{"@id":"https:\/\/casinolion.ca\/online-slots\/starquest-megaways\/#breadcrumb"},"inLanguage":"fr-CA","potentialAction":[{"@type":"ReadAction","target":["https:\/\/casinolion.ca\/online-slots\/starquest-megaways\/"]}]},{"@type":"BreadcrumbList","@id":"https:\/\/casinolion.ca\/online-slots\/starquest-megaways\/#breadcrumb","itemListElement":[{"@type":"ListItem","position":1,"name":"Home","item":"https:\/\/casinolion.ca\/"},{"@type":"ListItem","position":2,"name":"Recommended Canadian Slots Sites","item":"https:\/\/casinolion.ca\/online-slots\/"},{"@type":"ListItem","position":3,"name":"Starquest Megaways"}]},{"@type":"WebSite","@id":"https:\/\/casinolion.ca\/fr\/#website","url":"https:\/\/casinolion.ca\/fr\/","name":"","description":"","potentialAction":[{"@type":"SearchAction","target":{"@type":"EntryPoint","urlTemplate":"https:\/\/casinolion.ca\/fr\/?s={search_term_string}"},"query-input":{"@type":"PropertyValueSpecification","valueRequired":true,"valueName":"search_term_string"}}],"inLanguage":"fr-CA"}]}},"_links":{"self":[{"href":"https:\/\/casinolion.ca\/fr\/wp-json\/wp\/v2\/pages\/24512","targetHints":{"allow":["GET"]}}],"collection":[{"href":"https:\/\/casinolion.ca\/fr\/wp-json\/wp\/v2\/pages"}],"about":[{"href":"https:\/\/casinolion.ca\/fr\/wp-json\/wp\/v2\/types\/page"}],"author":[{"embeddable":true,"href":"https:\/\/casinolion.ca\/fr\/wp-json\/wp\/v2\/users\/1"}],"replies":[{"embeddable":true,"href":"https:\/\/casinolion.ca\/fr\/wp-json\/wp\/v2\/comments?post=24512"}],"version-history":[{"count":0,"href":"https:\/\/casinolion.ca\/fr\/wp-json\/wp\/v2\/pages\/24512\/revisions"}],"up":[{"embeddable":true,"href":"https:\/\/casinolion.ca\/fr\/wp-json\/wp\/v2\/pages\/455"}],"wp:attachment":[{"href":"https:\/\/casinolion.ca\/fr\/wp-json\/wp\/v2\/media?parent=24512"}],"curies":[{"name":"wp","href":"https:\/\/api.w.org\/{rel}","templated":true}]}}