
{"id":24513,"date":"2025-03-07T06:01:54","date_gmt":"2025-03-07T06:01:54","guid":{"rendered":"https:\/\/casinolion.ca\/?page_id=24513"},"modified":"2025-03-07T06:02:19","modified_gmt":"2025-03-07T06:02:19","slug":"bonanza","status":"publish","type":"page","link":"https:\/\/casinolion.ca\/fr\/online-slots\/bonanza\/","title":{"rendered":"Bonanza"},"content":{"rendered":"<p>Contrairement \u00e0 l'\u00e9poque o\u00f9 les gens travaillaient jusqu'\u00e0 ce qu'ils tombent dans les mines, vous pouvez maintenant profiter du confort de votre maison, occuper vos doigts pendant quelques s\u00e9ances de filage et extraire quelques tr\u00e9sors de votre propre chef.<\/p>\n<p>Bonanza, une machine \u00e0 sous innovante de\u00a0<a href=\"https:\/\/casinolion.ca\/fr\/big-time-gaming\/\">Big Time Gaming<\/a>\u00a0est l\u00e0 pour vous montrer qu'une dure journ\u00e9e de travail peut \u00eatre tr\u00e8s gratifiante, \u00e0 condition d'imaginer que vous portez une pioche et un casque et que vous continuez \u00e0 frapper.<\/p>\n<p>Lanc\u00e9 en d\u00e9cembre 2016, Bonanza est un jeu \u00e0 haute volatilit\u00e9 avec plus de fa\u00e7ons de gagner que vous ne pouvez en compter. D\u00e8s sa sortie, ce jeu a propuls\u00e9 le studio australien de d\u00e9veloppement de logiciels parmi les stars de l'industrie et a rapidement ouvert la voie \u00e0 d'autres machines \u00e0 sous vid\u00e9o similaires qui ont poursuivi la tradition prim\u00e9e gr\u00e2ce \u00e0 un gameplay cr\u00e9atif et \u00e0 d'excellents graphismes.<\/p>\n<div id=\"PlayFreeGame\" class=\"game_box\" style=\"padding-bottom: 75%; margin-bottom: 30px; background-size:cover; background-repeat:no-repeat;background-color:  #d24d57; background-image: url('https:\/\/a1.lcb.org\/system\/modules\/game\/images\/attachments\/000\/206\/376\/original\/Bonanza1.jpg?1503995868');\">\n                        <i class=\"fas fa-play-circle\"><\/i>\n                     <\/div>\n                     <script>\n                        let iframe = '<iframe loading=\"lazy\" src=\"https:\/\/nogs-gl-stage.nyxmalta.com\/game\/?nogsoperatorid=241&nogsgameid=70206&sessionid=&accountid=&nogsmode=demo&nogslang=en_us&nogscurrency=EUR&clienttype=html5&lobbyurl=http:\/\/demo.nyxinteractive.com?session=\" width=\"930\" height=\"576\" frameborder=\"0\" allowTransparency=\"true\" bgcolor=\"#FFFFFF\" style=\"background-color: black;\"><\/iframe>';\n                        let holder = document.querySelector(\"#PlayFreeGame\");\n                        holder.addEventListener(\"click\", function(){\n                            holder.innerHTML = iframe;\n                        });\n                    <\/script><h2 id=\"Bonanza-data-and-features\">Donn\u00e9es et caract\u00e9ristiques de Bonanza<\/h2>\n                <table class=\"tablepress\">\n                    <tbody><tr><td><strong>Enrouleurs<\/strong><\/td><td>6<\/td><\/tr><tr><td><strong>Lignes de paiement<\/strong><\/td><td>32767<\/td><\/tr><tr><td><strong>Jackpot maximum<\/strong><\/td><td>$50.00<\/td><\/tr><tr><td><strong>Pourcentage de paiement<\/strong><\/td><td>96.000<\/td><\/tr><tr><td><strong>Symbole Wild<\/strong><\/td><td>Oui<\/td><\/tr><tr><td><strong>Multiplicateur<\/strong><\/td><td>Non<\/td><\/tr><tr><td><strong>Gamme de paris<\/strong><\/td><td>0.2 - 20<\/td><\/tr><tr><td><strong>Plage de mise des pi\u00e8ces<\/strong><\/td><td>0.01 - 1<\/td><\/tr><tr><td><strong>Pi\u00e8ces par ligne<\/strong><\/td><td>1<\/td><\/tr><tr><td><strong>Progressif<\/strong><\/td><td>Non<\/td><\/tr><tr><td><strong>Max coins jackpot<\/strong><\/td><td>50<\/td><\/tr><tr><td><strong>Pi\u00e8ces maximales<\/strong><\/td><td>1<\/td><\/tr><tr><td><strong>Symbole Scatter<\/strong><\/td><td>Oui<\/td><\/tr><tr><td><strong>Tours gratuits disponibles<\/strong><\/td><td>Oui<\/td><\/tr><tr><td><strong>Jeu bonus<\/strong><\/td><td>Non<\/td><\/tr><tr><td><strong>Acheter la fonctionnalit\u00e9<\/strong><\/td><td>Non<\/td><\/tr><tr><td><strong>Th\u00e8me du jeu<\/strong><\/td><td>Pierres pr\u00e9cieuses et bijoux, Nature<\/td><\/tr><\/tbody><\/table>\n<div class=\"app-header\">\n<h2 id=\"\">Th\u00e8me et symboles<\/h2>\n<\/div>\n<div class=\"expandable-read-more\" data-readmore-expandable=\"\">\n<div>\n<div id=\"\" class=\"app-wysiwyg\" data-readmore-content=\"\">\n<p>Big Time Gaming's Bonanza introduit un th\u00e8me qui a \u00e9t\u00e9 rarement explor\u00e9 dans le pass\u00e9. Bien s\u00fbr, il y a eu quelques tentatives au fil des ans, mais rares sont celles qui ont \u00e9t\u00e9 aussi r\u00e9ussies que Bonanza. \u00c0 premi\u00e8re vue, on pourrait penser que Bonanza traite de la nature et des lutins, mais il devient vite \u00e9vident que le th\u00e8me principal est l'exploitation mini\u00e8re. Vous serez envoy\u00e9 au c\u0153ur des mines, dans un endroit recul\u00e9 o\u00f9 l'herbe est verte et les pierres abondantes.<\/p>\n<p>Ces roches sont particuli\u00e8rement riches en pierres pr\u00e9cieuses, et c'est ce que vous allez chercher. D'un c\u00f4t\u00e9 des rouleaux, vous verrez une cabane en bois, un refuge pour les mineurs, et de l'autre, une roue hydraulique anim\u00e9e qui tourne sans arr\u00eat. C'est une ambiance anim\u00e9e, pour une sc\u00e8ne pleine de pierres.<\/p>\n<p>Les graphismes sont exquis, tout \u00e0 fait remarquables. Il est difficile de quitter l'\u00e9cran des yeux lorsque des pierres pr\u00e9cieuses en 3D scintillent sur les rouleaux. Il y a un diamant, suivi d'un rubis, d'un saphir et d'une \u00e9meraude, tandis que les ic\u00f4nes les moins payantes sont les lettres A, K, Q et J, et les chiffres 9 et 10. L'imagination des d\u00e9veloppeurs semble s'\u00eatre \u00e9puis\u00e9e apr\u00e8s avoir cr\u00e9\u00e9 des d\u00e9cors si impressionnants qu'ils s'en sont tenus aux symboles g\u00e9n\u00e9riques des cartes.<\/p>\n<p>Le Wild est repr\u00e9sent\u00e9 par une pile de dynamite allum\u00e9e, tandis que le Scatter est divis\u00e9 en quatre symboles individuels portant les lettres G, O, L, D.<\/p>\n<h3>Caract\u00e9ristiques sp\u00e9ciales<\/h3>\n<div class=\"app-wysiwyg\">\n<p>Les chariots et les symboles suppl\u00e9mentaires peuvent \u00e9galement \u00eatre consid\u00e9r\u00e9s comme une fonctionnalit\u00e9 sp\u00e9ciale, mais, dans un sens plus conventionnel, vous constaterez que Bonanza b\u00e9n\u00e9ficie de deux fonctionnalit\u00e9s suppl\u00e9mentaires majeures. La premi\u00e8re est le tour des tours gratuits, qui se d\u00e9clenche chaque fois que 4 des symboles Scatter atterrissent sur les rouleaux et \u00e9pellent le mot GOLD. Le joueur re\u00e7oit 12 tours gratuits avec un multiplicateur de gains qui commence \u00e0 1x et augmente avec chaque combinaison gagnante. Si les Scatters apparaissent dans les chariots pendant la fonction, des tours suppl\u00e9mentaires peuvent \u00eatre gagn\u00e9s.<\/p>\n<p>Vous pouvez obtenir 5 spins pour 3 Scatters ou 10 spins pour 4 Scatters. Pour en revenir aux multiplicateurs de gains, ils sont illimit\u00e9s ! Tant que vous empilez les gains, votre total de gains augmentera de fa\u00e7on exponentielle sans aucune limite.<\/p>\n<p>L'autre caract\u00e9ristique notable est la fonction R\u00e9actions. Lorsque les gains se produisent, les symboles explosent et disparaissent. Cela laisse de la place pour que de nouvelles ic\u00f4nes descendent et prennent leur place, ce qui ouvre la possibilit\u00e9 d'un nouveau combo gagnant, et ainsi de suite.<\/p>\n<p>Vous reconnaissez peut-\u00eatre le concept de cette fonction, car elle est pr\u00e9sente dans un grand nombre de machines \u00e0 sous d'autres fournisseurs, mais elle porte g\u00e9n\u00e9ralement un nom diff\u00e9rent, comme Avalanche, Rolling Reels, Dropping Symbols ou Cascading Reels (rouleaux en cascade). Les r\u00e9actions se poursuivent jusqu'\u00e0 ce qu'aucune formation gagnante ne soit visible.<\/p>\n<div class=\"app-header\">\n<h2 id=\"\">En savoir plus sur Bonanza<\/h2>\n<\/div>\n<div class=\"expandable-read-more\" data-readmore-expandable=\"\">\n<div>\n<div id=\"features\" class=\"app-wysiwyg _mPS2id-t mPS2id-target mPS2id-target-first mPS2id-target-last\" data-readmore-content=\"\">\n<p>Apparemment, les gros gains sont r\u00e9serv\u00e9s au tour bonus, mais gr\u00e2ce aux r\u00e9actions, le jeu de base est tout aussi palpitant. Il est conseill\u00e9 aux joueurs de ne pas s'emballer, car ils pourraient faire exploser leur solde en mille morceaux en jouant \u00e0 une machine \u00e0 sous en ligne tr\u00e8s volatile comme celle-ci.<\/p>\n<p>Proc\u00e9dez avec prudence, comme n'importe qui le ferait en entrant dans une mine, et essayez de tirer le meilleur parti du rendement th\u00e9orique de 96%. La machine \u00e0 sous Bonanza est disponible sur tous les appareils, mais pour une exp\u00e9rience plus immersive, il est pr\u00e9f\u00e9rable d'y jouer sur un \u00e9cran plus grand dans la mesure du possible.<\/p>\n<\/div>\n<\/div>\n<\/div>\n<div class=\"app-header\">\n<h2 id=\"\">Verdict final<\/h2>\n<\/div>\n<div class=\"expandable-read-more\" data-readmore-expandable=\"\">\n<div>\n<div id=\"\" class=\"app-wysiwyg\" data-readmore-content=\"\">\n<p>Bonanza est une machine \u00e0 sous accrocheuse avec un th\u00e8me de prospection et des fonctionnalit\u00e9s plus grandes que nature qui peuvent rapporter beaucoup d'argent. Elle a \u00e9t\u00e9 la premi\u00e8re \u00e0 pr\u00e9senter le syst\u00e8me MegaWays\u2122, qui est devenu l'une des marques de fabrique de la production de Big Time Gaming.<\/p>\n<p>Il y a de fortes chances que Bonanza d\u00e9passe vos attentes et que vous souhaitiez essayer d'autres jeux similaires, comme Danger High Voltage, Queen of Riches ou Extra Chilli. Vous les trouverez dans les m\u00eames casinos en ligne canadiens que Bonanza. Cependant, aucun jeu ne fait mieux que Gonzo's Quest de NetEnt pour ce qui est des rouleaux en cascade.<\/p>\n<\/div>\n<\/div>\n<\/div>\n<\/div>\n<\/div>\n<\/div>\n<\/div>","protected":false},"excerpt":{"rendered":"<p>Unlike the old days when people worked till they dropped down in the mines, now you can enjoy the comfort of your home, keep your fingers busy for a few spinning sessions and mine some treasures of your own. Bonanza, an innovative slot from\u00a0Big Time Gaming\u00a0is here to show you that a hard day\u2019s work [&hellip;]<\/p>","protected":false},"author":1,"featured_media":0,"parent":455,"menu_order":0,"comment_status":"closed","ping_status":"closed","template":"","meta":{"_acf_changed":false,"footnotes":""},"class_list":["post-24513","page","type-page","status-publish","hentry"],"acf":[],"yoast_head":"<!-- This site is optimized with the Yoast SEO plugin v26.1.1 - https:\/\/yoast.com\/wordpress\/plugins\/seo\/ -->\n<title>Bonanza Slot Review<\/title>\n<meta name=\"robots\" content=\"index, follow, max-snippet:-1, max-image-preview:large, max-video-preview:-1\" \/>\n<link rel=\"canonical\" href=\"https:\/\/casinolion.ca\/fr\/online-slots\/bonanza\/\" \/>\n<meta property=\"og:locale\" content=\"fr_CA\" \/>\n<meta property=\"og:type\" content=\"article\" \/>\n<meta property=\"og:title\" content=\"Bonanza Slot Review\" \/>\n<meta property=\"og:description\" content=\"Unlike the old days when people worked till they dropped down in the mines, now you can enjoy the comfort of your home, keep your fingers busy for a few spinning sessions and mine some treasures of your own. Bonanza, an innovative slot from\u00a0Big Time Gaming\u00a0is here to show you that a hard day\u2019s work [&hellip;]\" \/>\n<meta property=\"og:url\" content=\"https:\/\/casinolion.ca\/fr\/online-slots\/bonanza\/\" \/>\n<meta property=\"article:modified_time\" content=\"2025-03-07T06:02:19+00:00\" \/>\n<meta name=\"twitter:card\" content=\"summary_large_image\" \/>\n<meta name=\"twitter:label1\" content=\"Estimation du temps de lecture\" \/>\n\t<meta name=\"twitter:data1\" content=\"4 minutes\" \/>\n<script type=\"application\/ld+json\" class=\"yoast-schema-graph\">{\"@context\":\"https:\/\/schema.org\",\"@graph\":[{\"@type\":\"WebPage\",\"@id\":\"https:\/\/casinolion.ca\/online-slots\/bonanza\/\",\"url\":\"https:\/\/casinolion.ca\/online-slots\/bonanza\/\",\"name\":\"Bonanza Slot Review\",\"isPartOf\":{\"@id\":\"https:\/\/casinolion.ca\/fr\/#website\"},\"datePublished\":\"2025-03-07T06:01:54+00:00\",\"dateModified\":\"2025-03-07T06:02:19+00:00\",\"breadcrumb\":{\"@id\":\"https:\/\/casinolion.ca\/online-slots\/bonanza\/#breadcrumb\"},\"inLanguage\":\"fr-CA\",\"potentialAction\":[{\"@type\":\"ReadAction\",\"target\":[\"https:\/\/casinolion.ca\/online-slots\/bonanza\/\"]}]},{\"@type\":\"BreadcrumbList\",\"@id\":\"https:\/\/casinolion.ca\/online-slots\/bonanza\/#breadcrumb\",\"itemListElement\":[{\"@type\":\"ListItem\",\"position\":1,\"name\":\"Home\",\"item\":\"https:\/\/casinolion.ca\/\"},{\"@type\":\"ListItem\",\"position\":2,\"name\":\"Recommended Canadian Slots Sites\",\"item\":\"https:\/\/casinolion.ca\/online-slots\/\"},{\"@type\":\"ListItem\",\"position\":3,\"name\":\"Bonanza\"}]},{\"@type\":\"WebSite\",\"@id\":\"https:\/\/casinolion.ca\/fr\/#website\",\"url\":\"https:\/\/casinolion.ca\/fr\/\",\"name\":\"\",\"description\":\"\",\"potentialAction\":[{\"@type\":\"SearchAction\",\"target\":{\"@type\":\"EntryPoint\",\"urlTemplate\":\"https:\/\/casinolion.ca\/fr\/?s={search_term_string}\"},\"query-input\":{\"@type\":\"PropertyValueSpecification\",\"valueRequired\":true,\"valueName\":\"search_term_string\"}}],\"inLanguage\":\"fr-CA\"}]}<\/script>\n<!-- \/ Yoast SEO plugin. -->","yoast_head_json":{"title":"Revue de la machine \u00e0 sous Bonanza","robots":{"index":"index","follow":"follow","max-snippet":"max-snippet:-1","max-image-preview":"max-image-preview:large","max-video-preview":"max-video-preview:-1"},"canonical":"https:\/\/casinolion.ca\/fr\/online-slots\/bonanza\/","og_locale":"fr_CA","og_type":"article","og_title":"Bonanza Slot Review","og_description":"Unlike the old days when people worked till they dropped down in the mines, now you can enjoy the comfort of your home, keep your fingers busy for a few spinning sessions and mine some treasures of your own. Bonanza, an innovative slot from\u00a0Big Time Gaming\u00a0is here to show you that a hard day\u2019s work [&hellip;]","og_url":"https:\/\/casinolion.ca\/fr\/online-slots\/bonanza\/","article_modified_time":"2025-03-07T06:02:19+00:00","twitter_card":"summary_large_image","twitter_misc":{"Estimation du temps de lecture":"4 minutes"},"schema":{"@context":"https:\/\/schema.org","@graph":[{"@type":"WebPage","@id":"https:\/\/casinolion.ca\/online-slots\/bonanza\/","url":"https:\/\/casinolion.ca\/online-slots\/bonanza\/","name":"Revue de la machine \u00e0 sous Bonanza","isPartOf":{"@id":"https:\/\/casinolion.ca\/fr\/#website"},"datePublished":"2025-03-07T06:01:54+00:00","dateModified":"2025-03-07T06:02:19+00:00","breadcrumb":{"@id":"https:\/\/casinolion.ca\/online-slots\/bonanza\/#breadcrumb"},"inLanguage":"fr-CA","potentialAction":[{"@type":"ReadAction","target":["https:\/\/casinolion.ca\/online-slots\/bonanza\/"]}]},{"@type":"BreadcrumbList","@id":"https:\/\/casinolion.ca\/online-slots\/bonanza\/#breadcrumb","itemListElement":[{"@type":"ListItem","position":1,"name":"Home","item":"https:\/\/casinolion.ca\/"},{"@type":"ListItem","position":2,"name":"Recommended Canadian Slots Sites","item":"https:\/\/casinolion.ca\/online-slots\/"},{"@type":"ListItem","position":3,"name":"Bonanza"}]},{"@type":"WebSite","@id":"https:\/\/casinolion.ca\/fr\/#website","url":"https:\/\/casinolion.ca\/fr\/","name":"","description":"","potentialAction":[{"@type":"SearchAction","target":{"@type":"EntryPoint","urlTemplate":"https:\/\/casinolion.ca\/fr\/?s={search_term_string}"},"query-input":{"@type":"PropertyValueSpecification","valueRequired":true,"valueName":"search_term_string"}}],"inLanguage":"fr-CA"}]}},"_links":{"self":[{"href":"https:\/\/casinolion.ca\/fr\/wp-json\/wp\/v2\/pages\/24513","targetHints":{"allow":["GET"]}}],"collection":[{"href":"https:\/\/casinolion.ca\/fr\/wp-json\/wp\/v2\/pages"}],"about":[{"href":"https:\/\/casinolion.ca\/fr\/wp-json\/wp\/v2\/types\/page"}],"author":[{"embeddable":true,"href":"https:\/\/casinolion.ca\/fr\/wp-json\/wp\/v2\/users\/1"}],"replies":[{"embeddable":true,"href":"https:\/\/casinolion.ca\/fr\/wp-json\/wp\/v2\/comments?post=24513"}],"version-history":[{"count":0,"href":"https:\/\/casinolion.ca\/fr\/wp-json\/wp\/v2\/pages\/24513\/revisions"}],"up":[{"embeddable":true,"href":"https:\/\/casinolion.ca\/fr\/wp-json\/wp\/v2\/pages\/455"}],"wp:attachment":[{"href":"https:\/\/casinolion.ca\/fr\/wp-json\/wp\/v2\/media?parent=24513"}],"curies":[{"name":"wp","href":"https:\/\/api.w.org\/{rel}","templated":true}]}}