
{"id":24515,"date":"2025-03-07T06:25:22","date_gmt":"2025-03-07T06:25:22","guid":{"rendered":"https:\/\/casinolion.ca\/?page_id=24515"},"modified":"2025-03-07T06:25:56","modified_gmt":"2025-03-07T06:25:56","slug":"desperados-wild-megaways","status":"publish","type":"page","link":"https:\/\/casinolion.ca\/fr\/online-slots\/desperados-wild-megaways\/","title":{"rendered":"Desperados Wild Megaways"},"content":{"rendered":"<p>Desperados Wild Megaways offre au joueur la possibilit\u00e9 de vivre l'exp\u00e9rience du Far West, tout en tentant sa chance pour remporter un gros lot. Inspired est le nom du d\u00e9veloppeur qui nous offre Desperados Wild, et il a acquis la licence pour le jeu.\u00a0<a href=\"https:\/\/casinolion.ca\/fr\/slots\/megaways\/\">Megaways<\/a>\u00a0moteur de\u00a0<a href=\"https:\/\/casinolion.ca\/fr\/big-time-gaming\/\">Big Time Gaming<\/a>, Il s'agit de leur premi\u00e8re sortie avec ce syst\u00e8me.<\/p>\n<p>Le jeu utilisera les 6 rouleaux habituels avec 2 \u00e0 7 symboles ajout\u00e9s au hasard sur chacun d'entre eux, et avec pas moins de 117 649 Megaways \u00e0 payer. Les gains les plus \u00e9lev\u00e9s peuvent atteindre $250,000, gr\u00e2ce \u00e0 une machine \u00e0 sous qui pr\u00e9sente une volatilit\u00e9 moyenne et un RTP de 96,49%. Elle se joue avec des mises comprises entre $0,20 et $20. Parmi les fonctionnalit\u00e9s que vous rencontrerez, vous trouverez les habituels rouleaux en cascade et deux types de tours gratuits, l'un avec des multiplicateurs illimit\u00e9s, et l'autre avec des wilds collants.<\/p>\n<p>C'est la premi\u00e8re et la seule machine \u00e0 sous sur le th\u00e8me du Far West \u00e0 utiliser le syst\u00e8me Megaways pour le moment, donc si vous \u00eates un fan des deux, c'est l'occasion de les d\u00e9couvrir ensemble. Le design est de meilleure qualit\u00e9 que ce que j'ai l'habitude de voir dans cette cat\u00e9gorie, donc Inspired obtient d\u00e9j\u00e0 des points suppl\u00e9mentaires pour cela.<\/p>\n<div id=\"PlayFreeGame\" class=\"game_box\" style=\"padding-bottom: 75%; margin-bottom: 30px; background-size:cover; background-repeat:no-repeat;background-color:  #d24d57; background-image: url('https:\/\/a1.lcb.org\/system\/modules\/game\/images\/attachments\/000\/312\/022\/original\/DesperadosWildMegaways1.jpg?1576567448');\">\n                        <i class=\"fas fa-play-circle\"><\/i>\n                     <\/div>\n                     <script>\n                        let iframe = '<iframe loading=\"lazy\" src=\"https:\/\/inseinc.com\/virgo\/game\/desperados-wild-1-2-0-1-2-0?playerId=*&device=mobile&currency=GBP\" width=\"930\" height=\"576\" frameborder=\"0\" allowTransparency=\"true\" bgcolor=\"#FFFFFF\" style=\"background-color: black;\"><\/iframe>';\n                        let holder = document.querySelector(\"#PlayFreeGame\");\n                        holder.addEventListener(\"click\", function(){\n                            holder.innerHTML = iframe;\n                        });\n                    <\/script><h2 id=\"Desperados-Wild-Megaways-data-and-features\">Donn\u00e9es et caract\u00e9ristiques des Desperados Wild Megaways<\/h2>\n                <table class=\"tablepress\">\n                    <tbody><tr><td><strong>Enrouleurs<\/strong><\/td><td>6<\/td><\/tr><tr><td><strong>Lignes de paiement<\/strong><\/td><td>32767<\/td><\/tr><tr><td><strong>Jackpot maximum<\/strong><\/td><td>$1,000.00<\/td><\/tr><tr><td><strong>Pourcentage de paiement<\/strong><\/td><td>96.470<\/td><\/tr><tr><td><strong>Symbole Wild<\/strong><\/td><td>Oui<\/td><\/tr><tr><td><strong>Multiplicateur<\/strong><\/td><td>Oui<\/td><\/tr><tr><td><strong>Gamme de paris<\/strong><\/td><td>0.2 - 20<\/td><\/tr><tr><td><strong>Plage de mise des pi\u00e8ces<\/strong><\/td><td>0.01 - 1<\/td><\/tr><tr><td><strong>Pi\u00e8ces par ligne<\/strong><\/td><td>1<\/td><\/tr><tr><td><strong>Progressif<\/strong><\/td><td>Non<\/td><\/tr><tr><td><strong>Max coins jackpot<\/strong><\/td><td>1000<\/td><\/tr><tr><td><strong>Pi\u00e8ces maximales<\/strong><\/td><td>1<\/td><\/tr><tr><td><strong>Symbole Scatter<\/strong><\/td><td>Oui<\/td><\/tr><tr><td><strong>Tours gratuits disponibles<\/strong><\/td><td>Oui<\/td><\/tr><tr><td><strong>Jeu bonus<\/strong><\/td><td>Oui<\/td><\/tr><tr><td><strong>Acheter la fonctionnalit\u00e9<\/strong><\/td><td>Non<\/td><\/tr><tr><td><strong>Th\u00e8me du jeu<\/strong><\/td><td>Boisson, Western<\/td><\/tr><tr><td><strong>Volatilit\u00e9<\/strong><\/td><td>Haut<\/td><\/tr><\/tbody><\/table>\n<h3>Les bonus d\u00e9construits<\/h3>\n<div class=\"app-wysiwyg\">\n<p>Desperados Wild Megaways propose des wilds, entre autres, mais pas de la mani\u00e8re habituelle. Alors que dans la plupart des machines \u00e0 sous Megaways, les wilds sont assez simples, souvent m\u00eame rel\u00e9gu\u00e9s \u00e0 un rouleau horizontal affich\u00e9 en haut, ici, vous pouvez obtenir quatre types de wilds. Malheureusement, la plupart du temps, vous ne les obtenez que sur le rouleau horizontal, mais dans l'un des tours gratuits, ils appara\u00eetront sur les quatre rouleaux du milieu. Dans tous les cas, vous pouvez les utiliser comme symboles de substitution, comme dans tous les autres jeux.<\/p>\n<p>Avec chaque combinaison gagnante que vous formez, le jeu d\u00e9clenche des rouleaux en cascade, ce qui peut ajouter plusieurs nouvelles vagues de symboles gagnants \u00e0 un seul tour payant.<\/p>\n<p>Pour ce qui est de la mani\u00e8re dont vous pouvez entrer dans la\u00a0<a href=\"https:\/\/casinolion.ca\/fr\/free-spins\/\">tours gratuits<\/a>, C'est gr\u00e2ce aux symboles scatters que cela est possible. Quatre scatters ou plus vous permettent d'obtenir un certain nombre de tours gratuits, dans l'une des deux versions de cette fonction. Les scatters suppl\u00e9mentaires ajouteront 2 tours gratuits suppl\u00e9mentaires pour chaque symbole qui y contribue. C'est vous qui choisissez la variante des tours gratuits \u00e0 laquelle vous participez.<\/p>\n<p>Les Sunset Spins sont la version normale des tours gratuits. Plus de 8 tours gratuits sont offerts, et au fur et \u00e0 mesure que vous formez des combinaisons et obtenez des cascades, le multiplicateur continue d'augmenter de 1x. Il ne se r\u00e9initialise pas et il n'y a pas de limite \u00e0 son augmentation.<\/p>\n<p>Jail House est la deuxi\u00e8me version, avec plus de 12 tours gratuits offerts. Les wilds apparaissant sur les quatre rouleaux du milieu tombent en bas et deviennent collants pour le reste des tours gratuits. Si vous obtenez des jokers suppl\u00e9mentaires sur le m\u00eame rouleau, vous pouvez \u00e9galement obtenir un multiplicateur. Une fois que vous obtenez un joker complet, 5 tours gratuits suppl\u00e9mentaires sont d\u00e9clench\u00e9s.<\/p>\n<div class=\"app-header\">\n<h2 id=\"\">Conclusion<\/h2>\n<\/div>\n<div class=\"expandable-read-more\" data-readmore-expandable=\"\">\n<div>\n<div id=\"\" class=\"app-wysiwyg\" data-readmore-content=\"\">\n<p>Il s'agit d'un jeu sur le th\u00e8me du Far West, ce qui est d\u00e9j\u00e0 unique pour la cat\u00e9gorie encore petite des Megaways, mais en m\u00eame temps, il est bien con\u00e7u, n'a qu'une volatilit\u00e9 moyenne (pas aussi risqu\u00e9 que d'autres titres de cette cat\u00e9gorie), et pourtant il paie tr\u00e8s bien (jusqu'\u00e0 $250,000). Dans l'ensemble, j'appr\u00e9cie ce qu'Inspired a fait avec son premier lancement dans la cat\u00e9gorie des Megaways, m\u00eame s'il n'a pas innov\u00e9 de mani\u00e8re significative.<\/p>\n<\/div>\n<\/div>\n<\/div>\n<\/div>","protected":false},"excerpt":{"rendered":"<p>Desperados Wild Megaways offre au joueur la possibilit\u00e9 de vivre l'exp\u00e9rience du Far West, tout en tentant sa chance pour remporter un gros lot. Inspired est le nom du d\u00e9veloppeur qui nous offre Desperados Wild, et ils ont acquis la licence du moteur Megaways de Big Time Gaming, ce qui constitue leur premi\u00e8re sortie avec ce moteur. Le jeu [...]<\/p>","protected":false},"author":1,"featured_media":0,"parent":455,"menu_order":0,"comment_status":"closed","ping_status":"closed","template":"","meta":{"_acf_changed":false,"footnotes":""},"class_list":["post-24515","page","type-page","status-publish","hentry"],"acf":[],"yoast_head":"<!-- This site is optimized with the Yoast SEO plugin v26.1.1 - https:\/\/yoast.com\/wordpress\/plugins\/seo\/ -->\n<title>Desperados Wild Megaways Slot Review<\/title>\n<meta name=\"robots\" content=\"index, follow, max-snippet:-1, max-image-preview:large, max-video-preview:-1\" \/>\n<link rel=\"canonical\" href=\"https:\/\/casinolion.ca\/fr\/online-slots\/desperados-wild-megaways\/\" \/>\n<meta property=\"og:locale\" content=\"fr_CA\" \/>\n<meta property=\"og:type\" content=\"article\" \/>\n<meta property=\"og:title\" content=\"Desperados Wild Megaways Slot Review\" \/>\n<meta property=\"og:description\" content=\"Desperados Wild Megaways provides the player with a chance to experience the Wild West, all while trying their luck at getting a big prize. Inspired is the name of the developer that\u2019s giving us Desperados Wild, and they\u2019ve acquired the license for the\u00a0Megaways\u00a0engine from\u00a0Big Time Gaming, this being their first release with it. The game [&hellip;]\" \/>\n<meta property=\"og:url\" content=\"https:\/\/casinolion.ca\/fr\/online-slots\/desperados-wild-megaways\/\" \/>\n<meta property=\"article:modified_time\" content=\"2025-03-07T06:25:56+00:00\" \/>\n<meta name=\"twitter:card\" content=\"summary_large_image\" \/>\n<meta name=\"twitter:label1\" content=\"Estimation du temps de lecture\" \/>\n\t<meta name=\"twitter:data1\" content=\"3 minutes\" \/>\n<script type=\"application\/ld+json\" class=\"yoast-schema-graph\">{\"@context\":\"https:\/\/schema.org\",\"@graph\":[{\"@type\":\"WebPage\",\"@id\":\"https:\/\/casinolion.ca\/online-slots\/desperados-wild-megaways\/\",\"url\":\"https:\/\/casinolion.ca\/online-slots\/desperados-wild-megaways\/\",\"name\":\"Desperados Wild Megaways Slot Review\",\"isPartOf\":{\"@id\":\"https:\/\/casinolion.ca\/fr\/#website\"},\"datePublished\":\"2025-03-07T06:25:22+00:00\",\"dateModified\":\"2025-03-07T06:25:56+00:00\",\"breadcrumb\":{\"@id\":\"https:\/\/casinolion.ca\/online-slots\/desperados-wild-megaways\/#breadcrumb\"},\"inLanguage\":\"fr-CA\",\"potentialAction\":[{\"@type\":\"ReadAction\",\"target\":[\"https:\/\/casinolion.ca\/online-slots\/desperados-wild-megaways\/\"]}]},{\"@type\":\"BreadcrumbList\",\"@id\":\"https:\/\/casinolion.ca\/online-slots\/desperados-wild-megaways\/#breadcrumb\",\"itemListElement\":[{\"@type\":\"ListItem\",\"position\":1,\"name\":\"Home\",\"item\":\"https:\/\/casinolion.ca\/\"},{\"@type\":\"ListItem\",\"position\":2,\"name\":\"Recommended Canadian Slots Sites\",\"item\":\"https:\/\/casinolion.ca\/online-slots\/\"},{\"@type\":\"ListItem\",\"position\":3,\"name\":\"Desperados Wild Megaways\"}]},{\"@type\":\"WebSite\",\"@id\":\"https:\/\/casinolion.ca\/fr\/#website\",\"url\":\"https:\/\/casinolion.ca\/fr\/\",\"name\":\"\",\"description\":\"\",\"potentialAction\":[{\"@type\":\"SearchAction\",\"target\":{\"@type\":\"EntryPoint\",\"urlTemplate\":\"https:\/\/casinolion.ca\/fr\/?s={search_term_string}\"},\"query-input\":{\"@type\":\"PropertyValueSpecification\",\"valueRequired\":true,\"valueName\":\"search_term_string\"}}],\"inLanguage\":\"fr-CA\"}]}<\/script>\n<!-- \/ Yoast SEO plugin. -->","yoast_head_json":{"title":"Revue de la machine \u00e0 sous Desperados Wild Megaways","robots":{"index":"index","follow":"follow","max-snippet":"max-snippet:-1","max-image-preview":"max-image-preview:large","max-video-preview":"max-video-preview:-1"},"canonical":"https:\/\/casinolion.ca\/fr\/online-slots\/desperados-wild-megaways\/","og_locale":"fr_CA","og_type":"article","og_title":"Desperados Wild Megaways Slot Review","og_description":"Desperados Wild Megaways provides the player with a chance to experience the Wild West, all while trying their luck at getting a big prize. Inspired is the name of the developer that\u2019s giving us Desperados Wild, and they\u2019ve acquired the license for the\u00a0Megaways\u00a0engine from\u00a0Big Time Gaming, this being their first release with it. The game [&hellip;]","og_url":"https:\/\/casinolion.ca\/fr\/online-slots\/desperados-wild-megaways\/","article_modified_time":"2025-03-07T06:25:56+00:00","twitter_card":"summary_large_image","twitter_misc":{"Estimation du temps de lecture":"3 minutes"},"schema":{"@context":"https:\/\/schema.org","@graph":[{"@type":"WebPage","@id":"https:\/\/casinolion.ca\/online-slots\/desperados-wild-megaways\/","url":"https:\/\/casinolion.ca\/online-slots\/desperados-wild-megaways\/","name":"Revue de la machine \u00e0 sous Desperados Wild Megaways","isPartOf":{"@id":"https:\/\/casinolion.ca\/fr\/#website"},"datePublished":"2025-03-07T06:25:22+00:00","dateModified":"2025-03-07T06:25:56+00:00","breadcrumb":{"@id":"https:\/\/casinolion.ca\/online-slots\/desperados-wild-megaways\/#breadcrumb"},"inLanguage":"fr-CA","potentialAction":[{"@type":"ReadAction","target":["https:\/\/casinolion.ca\/online-slots\/desperados-wild-megaways\/"]}]},{"@type":"BreadcrumbList","@id":"https:\/\/casinolion.ca\/online-slots\/desperados-wild-megaways\/#breadcrumb","itemListElement":[{"@type":"ListItem","position":1,"name":"Home","item":"https:\/\/casinolion.ca\/"},{"@type":"ListItem","position":2,"name":"Recommended Canadian Slots Sites","item":"https:\/\/casinolion.ca\/online-slots\/"},{"@type":"ListItem","position":3,"name":"Desperados Wild Megaways"}]},{"@type":"WebSite","@id":"https:\/\/casinolion.ca\/fr\/#website","url":"https:\/\/casinolion.ca\/fr\/","name":"","description":"","potentialAction":[{"@type":"SearchAction","target":{"@type":"EntryPoint","urlTemplate":"https:\/\/casinolion.ca\/fr\/?s={search_term_string}"},"query-input":{"@type":"PropertyValueSpecification","valueRequired":true,"valueName":"search_term_string"}}],"inLanguage":"fr-CA"}]}},"_links":{"self":[{"href":"https:\/\/casinolion.ca\/fr\/wp-json\/wp\/v2\/pages\/24515","targetHints":{"allow":["GET"]}}],"collection":[{"href":"https:\/\/casinolion.ca\/fr\/wp-json\/wp\/v2\/pages"}],"about":[{"href":"https:\/\/casinolion.ca\/fr\/wp-json\/wp\/v2\/types\/page"}],"author":[{"embeddable":true,"href":"https:\/\/casinolion.ca\/fr\/wp-json\/wp\/v2\/users\/1"}],"replies":[{"embeddable":true,"href":"https:\/\/casinolion.ca\/fr\/wp-json\/wp\/v2\/comments?post=24515"}],"version-history":[{"count":0,"href":"https:\/\/casinolion.ca\/fr\/wp-json\/wp\/v2\/pages\/24515\/revisions"}],"up":[{"embeddable":true,"href":"https:\/\/casinolion.ca\/fr\/wp-json\/wp\/v2\/pages\/455"}],"wp:attachment":[{"href":"https:\/\/casinolion.ca\/fr\/wp-json\/wp\/v2\/media?parent=24515"}],"curies":[{"name":"wp","href":"https:\/\/api.w.org\/{rel}","templated":true}]}}