
{"id":24517,"date":"2025-03-07T06:56:17","date_gmt":"2025-03-07T06:56:17","guid":{"rendered":"https:\/\/casinolion.ca\/?page_id=24517"},"modified":"2025-03-07T06:57:09","modified_gmt":"2025-03-07T06:57:09","slug":"white-rabbit","status":"publish","type":"page","link":"https:\/\/casinolion.ca\/fr\/online-slots\/white-rabbit\/","title":{"rendered":"Lapin blanc"},"content":{"rendered":"<p>Une autre cr\u00e9ation visuellement stup\u00e9fiante des visionnaires de\u00a0<a href=\"https:\/\/casinolion.ca\/fr\/big-time-gaming\/\">Studios Big Time Gaming<\/a>, Le Lapin Blanc plonge dans le livre d'histoire original et s'inspire l\u00e9g\u00e8rement des films d'animation et des films ayant pour th\u00e8me Alice au Pays des Merveilles pour pr\u00e9senter un jeu de machine \u00e0 sous vid\u00e9o de qualit\u00e9, aussi flamboyant que possible.<\/p>\n<p>Vous devrez peut-\u00eatre descendre dans le terrier du lapin pour obtenir des tours gratuits et de merveilleux prix, mais sans prendre de risque, vous ne pouvez rien accomplir, vraiment. Regardez Alice - elle a \u00e9t\u00e9 suffisamment audacieuse et imaginative pour mettre tout le Pays des Merveilles sur pied.<\/p>\n<p>C'est maintenant \u00e0 votre tour d'explorer les merveilles de cet univers fictif et de vous emparer de certaines de ses richesses. En chemin, vous rencontrerez d'\u00e9tranges cr\u00e9atures, certaines seront vos amies, d'autres non, mais les r\u00e9compenses seront \u00e0 votre port\u00e9e. White Rabbit est sorti en 2017, et est depuis disponible \u00e0 l'adresse suivante .\u00a0<a href=\"https:\/\/casinolion.ca\/fr\/reviews\/\">Casinos qui acceptent les joueurs canadiens<\/a>.<\/p>\n<div id=\"PlayFreeGame\" class=\"game_box\" style=\"padding-bottom: 75%; margin-bottom: 30px; background-size:cover; background-repeat:no-repeat;background-color:  #d24d57; background-image: url('https:\/\/a1.lcb.org\/system\/modules\/game\/images\/attachments\/000\/441\/050\/original\/white_rabbit1.png?1667308796');\">\n                        <i class=\"fas fa-play-circle\"><\/i>\n                     <\/div>\n                     <script>\n                        let iframe = '<iframe loading=\"lazy\" src=\"https:\/\/nogs-gl-stage.nyxmalta.com\/game\/?nogsoperatorid=241&nogsgameid=70250&sessionid=&accountid=&nogsmode=demo&nogslang=en_us&nogscurrency=EUR&clienttype=flash&lobbyurl=http:\/\/demo.nyxinteractive.com?session\" width=\"930\" height=\"576\" frameborder=\"0\" allowTransparency=\"true\" bgcolor=\"#FFFFFF\" style=\"background-color: black;\"><\/iframe>';\n                        let holder = document.querySelector(\"#PlayFreeGame\");\n                        holder.addEventListener(\"click\", function(){\n                            holder.innerHTML = iframe;\n                        });\n                    <\/script><h2 id=\"White-Rabbit-data-and-features\">Donn\u00e9es et caract\u00e9ristiques de White Rabbit<\/h2>\n                <table class=\"tablepress\">\n                    <tbody><tr><td><strong>Enrouleurs<\/strong><\/td><td>5<\/td><\/tr><tr><td><strong>Lignes de paiement<\/strong><\/td><td>32767<\/td><\/tr><tr><td><strong>Jackpot maximum<\/strong><\/td><td>$1,000.00<\/td><\/tr><tr><td><strong>Pourcentage de paiement<\/strong><\/td><td>97.720<\/td><\/tr><tr><td><strong>Symbole Wild<\/strong><\/td><td>Oui<\/td><\/tr><tr><td><strong>Multiplicateur<\/strong><\/td><td>Non<\/td><\/tr><tr><td><strong>Gamme de paris<\/strong><\/td><td>0.1 - 20<\/td><\/tr><tr><td><strong>Plage de mise des pi\u00e8ces<\/strong><\/td><td>0.01 - 2<\/td><\/tr><tr><td><strong>Pi\u00e8ces par ligne<\/strong><\/td><td>1<\/td><\/tr><tr><td><strong>Progressif<\/strong><\/td><td>Non<\/td><\/tr><tr><td><strong>Max coins jackpot<\/strong><\/td><td>500<\/td><\/tr><tr><td><strong>Pi\u00e8ces maximales<\/strong><\/td><td>2<\/td><\/tr><tr><td><strong>Symbole Scatter<\/strong><\/td><td>Oui<\/td><\/tr><tr><td><strong>Tours gratuits disponibles<\/strong><\/td><td>Oui<\/td><\/tr><tr><td><strong>Jeu bonus<\/strong><\/td><td>Oui<\/td><\/tr><tr><td><strong>Acheter la fonctionnalit\u00e9<\/strong><\/td><td>Non<\/td><\/tr><tr><td><strong>Th\u00e8me du jeu<\/strong><\/td><td>Fantaisie<\/td><\/tr><tr><td><strong>Volatilit\u00e9<\/strong><\/td><td>Haut<\/td><\/tr><\/tbody><\/table>\n<div class=\"app-header\">\n<h2 id=\"\">Th\u00e8me et symboles<\/h2>\n<\/div>\n<div class=\"expandable-read-more\" data-readmore-expandable=\"\">\n<div id=\"\" class=\"app-wysiwyg\" data-readmore-content=\"\">\n<p>Les aventures que vous vivrez dans White Rabbit sont bas\u00e9es sur un roman \u00e9crit en 1865 par un auteur anglais, Charles Lutwidge Dodgson, sous le pseudonyme de Lewis Carroll. Il s'intitule Alice's Adventures in Wonderland et raconte l'histoire d'une jeune fille curieuse et courageuse, Alice, qui tombe dans un terrier de lapin et se retrouve dans un monde fantastique peupl\u00e9 de cr\u00e9atures \u00e9tranges.<\/p>\n<p>Aussi populaire aupr\u00e8s des adultes que des enfants, l'histoire d'Alice jouit d'une popularit\u00e9 durable et a fait l'objet de nombreuses adaptations, r\u00e9imagin\u00e9es sur diff\u00e9rents supports. White Rabbit est l'une d'entre elles, une machine \u00e0 sous vid\u00e9o qui permet de retrouver \u00e0 l'\u00e9cran les personnages originaux et leur environnement color\u00e9.<\/p>\n<p>En lan\u00e7ant le jeu, vous acc\u00e9dez au pays des merveilles et rencontrez la chenille sur le c\u00f4t\u00e9 des rouleaux. Des plantes \u00e9tranges et des champignons remplissent l'\u00e9cran et les rouleaux semi-transparents prennent la position centrale. L'apparence de conte de f\u00e9es ajoute \u00e0 l'impression visuelle et l'imagination de chacun est s\u00fbre de se d\u00e9velopper d\u00e8s que le premier tour est ex\u00e9cut\u00e9.<\/p>\n<p>Les symboles sur les rouleaux sont emprunt\u00e9s au roman - vous verrez le Chapelier fou, Dodo, Tweedledum et Tweedledee et le Chat du Cheshire, ainsi que les symboles d'une th\u00e9i\u00e8re et de tasses, tous empil\u00e9s et pr\u00e9par\u00e9s pour la f\u00eate du th\u00e9 de toute une vie.<\/p>\n<p>Le symbole de la Reine de C\u0153ur est celui qui rapporte le plus, et il y a \u00e9galement des ic\u00f4nes de trois pierres pr\u00e9cieuses sur la page du tableau des gains. Mais o\u00f9 est le lapin blanc ? Le lapin blanc joue le r\u00f4le de symbole Scatter, tandis que le reflet d'Alice dans le verre repr\u00e9sente le Wild. Il y a un autre symbole, un symbole surprise, le cupcake, qui appara\u00eet exclusivement pendant la fonction bonus principale.<\/p>\n<h3>Structure et jouabilit\u00e9<\/h3>\n<div class=\"app-wysiwyg\">\n<p>Tout comme l'histoire elle-m\u00eame, la machine \u00e0 sous White Rabbit est extraordinaire, en particulier dans sa structure. Il s'agit d'un jeu \u00e0 5 rouleaux avec un nombre \u00e9gal de rang\u00e9es, et il offre un nombre incroyable de possibilit\u00e9s de gagner. Dans le jeu de base, il y a 16 807 fa\u00e7ons de remporter un prix, tandis que dans la fonction \"Extended Reels\", il peut y avoir jusqu'\u00e0 248 832 combinaisons gagnantes !<\/p>\n<p>C'est le r\u00e9sultat du syst\u00e8me MegaWays\u2122, marque d\u00e9pos\u00e9e de Big Time Gaming. Le symbole Wild est une substitution et il appara\u00eet sur tous les rouleaux sauf le premier.<\/p>\n<p>Il est facile de commencer \u00e0 jouer \u00e0 White Rabbit, car la mise d'entr\u00e9e est assez basse. La taille du pari est ajust\u00e9e dans le coin inf\u00e9rieur gauche, l\u00e0 o\u00f9 se trouvent les fl\u00e8ches de la section Enjeu. Le gros bouton Play se trouve dans le coin oppos\u00e9, juste \u00e0 c\u00f4t\u00e9 du bouton Autoplay. Au lieu de la fonction Gamble, un ajout int\u00e9gr\u00e9 plus courant, White Rabbit est livr\u00e9 avec un bonus Feature Drop qui doit \u00eatre achet\u00e9 pour le bon montant.<\/p>\n<p>Le Feature Drop vous permet d'acheter un tour de free spins si vous ne pouvez pas attendre qu'il se d\u00e9clenche de la mani\u00e8re habituelle. L'activation de la chute de fonctionnalit\u00e9 co\u00fbte 100 fois votre mise, mais il est \u00e9galement possible de r\u00e9duire ce montant si vous parvenez \u00e0 collecter des pi\u00e8ces d'or de chute de fonctionnalit\u00e9. Si vous \u00eates chanceux, le prix peut atteindre 0 et les tours gratuits seront activ\u00e9s automatiquement.<\/p>\n<div class=\"expandable-read-more\" data-readmore-expandable=\"\">\n<div>\n<div id=\"features\" class=\"app-wysiwyg _mPS2id-t\" data-readmore-content=\"\">\n<p>La fonction des rouleaux finissants est active tout au long de la partie. Au cours de ce tour bonus, chaque rouleau peut \u00eatre agrandi jusqu'\u00e0 12 positions. C'est \u00e0 ce moment-l\u00e0 que les cupcakes entrent en sc\u00e8ne : chaque cupcake qui atterrit ajoute une case \u00e0 la bobine.<\/p>\n<p>Pendant les tours gratuits, les rouleaux qui contiennent 12 cellules accueilleront \u00e9galement la fonction sp\u00e9ciale Queen's Reel, ce qui signifie que seuls les symboles Queen of Hearts et les Wilds atterriront sur ces rouleaux, augmentant ainsi les chances de gains importants.<\/p>\n<p>Tous les joueurs doivent savoir que les tours gratuits de White Rabbit peuvent \u00eatre red\u00e9clench\u00e9s jusqu'\u00e0 5 fois. Th\u00e9oriquement, il est possible de gagner jusqu'\u00e0 75 tours gratuits de cette fa\u00e7on. Nous vous rappelons que, gr\u00e2ce aux rouleaux extensibles, il y a 248 832 fa\u00e7ons de gagner en jeu ici. De plus, le Feature Drop est toujours l\u00e0 pour acc\u00e9l\u00e9rer les choses si vous avez quelques cr\u00e9dits \u00e0 d\u00e9penser.<\/p>\n<\/div>\n<\/div>\n<\/div>\n<div class=\"app-header\">\n<h2 id=\"\">Plus d'informations sur White Rabbit<\/h2>\n<\/div>\n<div class=\"expandable-read-more\" data-readmore-expandable=\"\">\n<div>\n<div id=\"\" class=\"app-wysiwyg\" data-readmore-content=\"\">\n<p>Aussi exigeant soit-il sur le plan visuel, White Rabbit fonctionne \u00e9tonnamment bien sur tous les appareils mobiles. Tous les minuscules d\u00e9tails sont d'une clart\u00e9 \u00e9clatante sur les smartphones et les tablettes, ce qui vous permet d'emporter votre petit pays des merveilles avec vous o\u00f9 que vous alliez.<\/p>\n<p>White Rabbit propose de nombreuses fonctionnalit\u00e9s suppl\u00e9mentaires, la principale \u00e9tant les tours gratuits. Le simple fait que le Feature Drop soit inclus devrait indiquer qu'il ne sera pas facile de d\u00e9clencher le tour de la mani\u00e8re habituelle. White Rabbit offre un retour sur investissement extr\u00eamement \u00e9lev\u00e9, s'\u00e9levant \u00e0 97.72%. La volatilit\u00e9 est moyenne\/\u00e9lev\u00e9e.<\/p>\n<\/div>\n<\/div>\n<\/div>\n<div class=\"app-header\">\n<h2 id=\"\">Verdict final<\/h2>\n<\/div>\n<div class=\"expandable-read-more\" data-readmore-expandable=\"\">\n<div>\n<div id=\"\" class=\"app-wysiwyg\" data-readmore-content=\"\">\n<p>White Rabbit reste fid\u00e8le au mat\u00e9riel d'origine, tout en offrant un design et des graphismes superbes. La combinaison de fonctionnalit\u00e9s innovantes et attrayantes offre une exp\u00e9rience incroyablement agr\u00e9able, sans parler du potentiel de gains massifs du jeu.<\/p>\n<p>White Rabbit est sans aucun doute l'une des meilleures machines \u00e0 sous vid\u00e9o du march\u00e9.\u00a0<a href=\"https:\/\/casinolion.ca\/fr\/\">Joueurs de casino en ligne canadiens<\/a>\u00a0ont la chance de l'avoir \u00e0 leur disposition. Un th\u00e8me et un gameplay similaires peuvent \u00eatre trouv\u00e9s dans Alice Adventure d'iSoftbet et The Cheshire Cat de WMS, par exemple.<\/p>\n<\/div>\n<\/div>\n<\/div>\n<\/div>\n<\/div>\n<\/div>","protected":false},"excerpt":{"rendered":"<p>Une autre cr\u00e9ation visuellement \u00e9poustouflante des visionnaires des studios Big Time Gaming, White Rabbit plonge dans le livre d'histoire original et s'inspire l\u00e9g\u00e8rement des films d'animation et des films sur le th\u00e8me d'Alice au pays des merveilles pour pr\u00e9senter un jeu de machine \u00e0 sous vid\u00e9o de qualit\u00e9, aussi flamboyant que possible. Vous devrez peut-\u00eatre descendre dans le labyrinthe [...]<\/p>","protected":false},"author":1,"featured_media":0,"parent":455,"menu_order":0,"comment_status":"closed","ping_status":"closed","template":"","meta":{"_acf_changed":false,"footnotes":""},"class_list":["post-24517","page","type-page","status-publish","hentry"],"acf":[],"yoast_head":"<!-- This site is optimized with the Yoast SEO plugin v26.1.1 - https:\/\/yoast.com\/wordpress\/plugins\/seo\/ -->\n<title>White Rabbit Slot Review<\/title>\n<meta name=\"robots\" content=\"index, follow, max-snippet:-1, max-image-preview:large, max-video-preview:-1\" \/>\n<link rel=\"canonical\" href=\"https:\/\/casinolion.ca\/fr\/online-slots\/white-rabbit\/\" \/>\n<meta property=\"og:locale\" content=\"fr_CA\" \/>\n<meta property=\"og:type\" content=\"article\" \/>\n<meta property=\"og:title\" content=\"White Rabbit Slot Review\" \/>\n<meta property=\"og:description\" content=\"Another visually stunning creation from the visionaries at\u00a0Big Time Gaming studios, White Rabbit dives into the original storybook and ever so slightly sources its inspiration from animated movies and motion pictures themed on Alice in Wonderland to present a fine video slot game, as flamboyant as possible. You may have to go down the rabbit [&hellip;]\" \/>\n<meta property=\"og:url\" content=\"https:\/\/casinolion.ca\/fr\/online-slots\/white-rabbit\/\" \/>\n<meta property=\"article:modified_time\" content=\"2025-03-07T06:57:09+00:00\" \/>\n<meta name=\"twitter:card\" content=\"summary_large_image\" \/>\n<meta name=\"twitter:label1\" content=\"Estimation du temps de lecture\" \/>\n\t<meta name=\"twitter:data1\" content=\"5 minutes\" \/>\n<script type=\"application\/ld+json\" class=\"yoast-schema-graph\">{\"@context\":\"https:\/\/schema.org\",\"@graph\":[{\"@type\":\"WebPage\",\"@id\":\"https:\/\/casinolion.ca\/online-slots\/white-rabbit\/\",\"url\":\"https:\/\/casinolion.ca\/online-slots\/white-rabbit\/\",\"name\":\"White Rabbit Slot Review\",\"isPartOf\":{\"@id\":\"https:\/\/casinolion.ca\/fr\/#website\"},\"datePublished\":\"2025-03-07T06:56:17+00:00\",\"dateModified\":\"2025-03-07T06:57:09+00:00\",\"breadcrumb\":{\"@id\":\"https:\/\/casinolion.ca\/online-slots\/white-rabbit\/#breadcrumb\"},\"inLanguage\":\"fr-CA\",\"potentialAction\":[{\"@type\":\"ReadAction\",\"target\":[\"https:\/\/casinolion.ca\/online-slots\/white-rabbit\/\"]}]},{\"@type\":\"BreadcrumbList\",\"@id\":\"https:\/\/casinolion.ca\/online-slots\/white-rabbit\/#breadcrumb\",\"itemListElement\":[{\"@type\":\"ListItem\",\"position\":1,\"name\":\"Home\",\"item\":\"https:\/\/casinolion.ca\/\"},{\"@type\":\"ListItem\",\"position\":2,\"name\":\"Recommended Canadian Slots Sites\",\"item\":\"https:\/\/casinolion.ca\/online-slots\/\"},{\"@type\":\"ListItem\",\"position\":3,\"name\":\"White Rabbit\"}]},{\"@type\":\"WebSite\",\"@id\":\"https:\/\/casinolion.ca\/fr\/#website\",\"url\":\"https:\/\/casinolion.ca\/fr\/\",\"name\":\"\",\"description\":\"\",\"potentialAction\":[{\"@type\":\"SearchAction\",\"target\":{\"@type\":\"EntryPoint\",\"urlTemplate\":\"https:\/\/casinolion.ca\/fr\/?s={search_term_string}\"},\"query-input\":{\"@type\":\"PropertyValueSpecification\",\"valueRequired\":true,\"valueName\":\"search_term_string\"}}],\"inLanguage\":\"fr-CA\"}]}<\/script>\n<!-- \/ Yoast SEO plugin. -->","yoast_head_json":{"title":"Revue de la machine \u00e0 sous White Rabbit","robots":{"index":"index","follow":"follow","max-snippet":"max-snippet:-1","max-image-preview":"max-image-preview:large","max-video-preview":"max-video-preview:-1"},"canonical":"https:\/\/casinolion.ca\/fr\/online-slots\/white-rabbit\/","og_locale":"fr_CA","og_type":"article","og_title":"White Rabbit Slot Review","og_description":"Another visually stunning creation from the visionaries at\u00a0Big Time Gaming studios, White Rabbit dives into the original storybook and ever so slightly sources its inspiration from animated movies and motion pictures themed on Alice in Wonderland to present a fine video slot game, as flamboyant as possible. You may have to go down the rabbit [&hellip;]","og_url":"https:\/\/casinolion.ca\/fr\/online-slots\/white-rabbit\/","article_modified_time":"2025-03-07T06:57:09+00:00","twitter_card":"summary_large_image","twitter_misc":{"Estimation du temps de lecture":"5 minutes"},"schema":{"@context":"https:\/\/schema.org","@graph":[{"@type":"WebPage","@id":"https:\/\/casinolion.ca\/online-slots\/white-rabbit\/","url":"https:\/\/casinolion.ca\/online-slots\/white-rabbit\/","name":"Revue de la machine \u00e0 sous White Rabbit","isPartOf":{"@id":"https:\/\/casinolion.ca\/fr\/#website"},"datePublished":"2025-03-07T06:56:17+00:00","dateModified":"2025-03-07T06:57:09+00:00","breadcrumb":{"@id":"https:\/\/casinolion.ca\/online-slots\/white-rabbit\/#breadcrumb"},"inLanguage":"fr-CA","potentialAction":[{"@type":"ReadAction","target":["https:\/\/casinolion.ca\/online-slots\/white-rabbit\/"]}]},{"@type":"BreadcrumbList","@id":"https:\/\/casinolion.ca\/online-slots\/white-rabbit\/#breadcrumb","itemListElement":[{"@type":"ListItem","position":1,"name":"Home","item":"https:\/\/casinolion.ca\/"},{"@type":"ListItem","position":2,"name":"Recommended Canadian Slots Sites","item":"https:\/\/casinolion.ca\/online-slots\/"},{"@type":"ListItem","position":3,"name":"White Rabbit"}]},{"@type":"WebSite","@id":"https:\/\/casinolion.ca\/fr\/#website","url":"https:\/\/casinolion.ca\/fr\/","name":"","description":"","potentialAction":[{"@type":"SearchAction","target":{"@type":"EntryPoint","urlTemplate":"https:\/\/casinolion.ca\/fr\/?s={search_term_string}"},"query-input":{"@type":"PropertyValueSpecification","valueRequired":true,"valueName":"search_term_string"}}],"inLanguage":"fr-CA"}]}},"_links":{"self":[{"href":"https:\/\/casinolion.ca\/fr\/wp-json\/wp\/v2\/pages\/24517","targetHints":{"allow":["GET"]}}],"collection":[{"href":"https:\/\/casinolion.ca\/fr\/wp-json\/wp\/v2\/pages"}],"about":[{"href":"https:\/\/casinolion.ca\/fr\/wp-json\/wp\/v2\/types\/page"}],"author":[{"embeddable":true,"href":"https:\/\/casinolion.ca\/fr\/wp-json\/wp\/v2\/users\/1"}],"replies":[{"embeddable":true,"href":"https:\/\/casinolion.ca\/fr\/wp-json\/wp\/v2\/comments?post=24517"}],"version-history":[{"count":0,"href":"https:\/\/casinolion.ca\/fr\/wp-json\/wp\/v2\/pages\/24517\/revisions"}],"up":[{"embeddable":true,"href":"https:\/\/casinolion.ca\/fr\/wp-json\/wp\/v2\/pages\/455"}],"wp:attachment":[{"href":"https:\/\/casinolion.ca\/fr\/wp-json\/wp\/v2\/media?parent=24517"}],"curies":[{"name":"wp","href":"https:\/\/api.w.org\/{rel}","templated":true}]}}