
{"id":24518,"date":"2025-03-07T07:00:10","date_gmt":"2025-03-07T07:00:10","guid":{"rendered":"https:\/\/casinolion.ca\/?page_id=24518"},"modified":"2025-03-07T07:00:46","modified_gmt":"2025-03-07T07:00:46","slug":"safari-gold-megaways","status":"publish","type":"page","link":"https:\/\/casinolion.ca\/fr\/online-slots\/safari-gold-megaways\/","title":{"rendered":"Safari Gold Megaways"},"content":{"rendered":"<p>Si vous r\u00eavez de faire un safari mais que vous n'en avez pas les moyens jusqu'\u00e0 pr\u00e9sent,\u00a0<a href=\"https:\/\/casinolion.ca\/fr\/blueprint-gaming\/\">Blueprint Gaming<\/a>\u00a0se fera un plaisir de vous emmener en voyage virtuel dans la savane africaine pour une somme relativement modeste.<\/p>\n<p>L'exp\u00e9rience peut s'av\u00e9rer suffisamment lucrative pour financer un v\u00e9ritable voyage et rencontrer de pr\u00e8s la faune africaine.<\/p>\n<p>Safari Gold est l'un des nombreux titres de Blueprint Gaming qui utilisent la technologie\u00a0<a href=\"https:\/\/casinolion.ca\/fr\/slots\/megaways\/\">Brevet Megaways de BTG<\/a>\u00a0ce qui lui permet de payer 117 649 fois. La configuration habituelle consiste en 6 rouleaux verticaux et un rouleau horizontal dont les 4 positions sont occup\u00e9es par des symboles arrivant de la droite.<\/p>\n<p>Toutes les marques de fabrique d'un jeu Megaways sont pr\u00e9sentes, y compris les symboles de myst\u00e8re, les rouleaux en cascade, les tours gratuits avec un multiplicateur illimit\u00e9 et la possibilit\u00e9 de payer pour acc\u00e9der directement au tour de bonus.<\/p>\n<p>Le jeu a un RTP de 96.50% qui augmente \u00e0 97% si le joueur accepte d'investir dans le Megaways Wheel Bet ou le Bonus Wheel Bet.<\/p>\n<div id=\"PlayFreeGame\" class=\"game_box\" style=\"padding-bottom: 75%; margin-bottom: 30px; background-size:cover; background-repeat:no-repeat;background-color:  #d24d57; background-image: url('https:\/\/a1.lcb.org\/system\/modules\/game\/images\/attachments\/000\/304\/374\/original\/SafariGoldMegaways1.jpg?1570687480');\">\n                        <i class=\"fas fa-play-circle\"><\/i>\n                     <\/div>\n                     <script>\n                        let iframe = '<iframe loading=\"lazy\" src=\"https:\/\/slotslaunch.com\/iframe\/3347?token=rvgmcR4z0DADcCv3Hy0pVy9HQf7iaZ9tGNS9qWMaoIJPRjmw38\" width=\"930\" height=\"576\" frameborder=\"0\" allowTransparency=\"true\" bgcolor=\"#FFFFFF\" style=\"background-color: black;\"><\/iframe>';\n                        let holder = document.querySelector(\"#PlayFreeGame\");\n                        holder.addEventListener(\"click\", function(){\n                            holder.innerHTML = iframe;\n                        });\n                    <\/script><h2 id=\"Safari-Gold-Megaways-data-and-features\">Donn\u00e9es et caract\u00e9ristiques de Safari Gold Megaways<\/h2>\n                <table class=\"tablepress\">\n                    <tbody><tr><td><strong>Enrouleurs<\/strong><\/td><td>6<\/td><\/tr><tr><td><strong>Lignes de paiement<\/strong><\/td><td>32767<\/td><\/tr><tr><td><strong>Jackpot maximum<\/strong><\/td><td>$500.00<\/td><\/tr><tr><td><strong>Pourcentage de paiement<\/strong><\/td><td>96.500<\/td><\/tr><tr><td><strong>Symbole Wild<\/strong><\/td><td>Oui<\/td><\/tr><tr><td><strong>Multiplicateur<\/strong><\/td><td>Oui<\/td><\/tr><tr><td><strong>Gamme de paris<\/strong><\/td><td>0.2 - 10<\/td><\/tr><tr><td><strong>Plage de mise des pi\u00e8ces<\/strong><\/td><td>0.01 - 0.5<\/td><\/tr><tr><td><strong>Pi\u00e8ces par ligne<\/strong><\/td><td>1<\/td><\/tr><tr><td><strong>Progressif<\/strong><\/td><td>Non<\/td><\/tr><tr><td><strong>Max coins jackpot<\/strong><\/td><td>1000<\/td><\/tr><tr><td><strong>Pi\u00e8ces maximales<\/strong><\/td><td>0.5<\/td><\/tr><tr><td><strong>Symbole Scatter<\/strong><\/td><td>Oui<\/td><\/tr><tr><td><strong>Tours gratuits disponibles<\/strong><\/td><td>Oui<\/td><\/tr><tr><td><strong>Jeu bonus<\/strong><\/td><td>Oui<\/td><\/tr><tr><td><strong>Acheter la fonctionnalit\u00e9<\/strong><\/td><td>Non<\/td><\/tr><tr><td><strong>Th\u00e8me du jeu<\/strong><\/td><td>Afrique, Animaux<\/td><\/tr><\/tbody><\/table>\n<h3>Les bonus d\u00e9construits<\/h3>\n<div class=\"app-wysiwyg\">\n<p>Une r\u00e9action provoquant le remplacement des symboles gagnants par de nouveaux symboles se produit \u00e0 chaque fois que vous \u00eates pay\u00e9. Avec un peu de chance, ils cr\u00e9eront une nouvelle combinaison gagnante et vous rapporteront \u00e0 nouveau de l'argent.<\/p>\n<p>Les symboles myst\u00e8res se transforment en la m\u00eame ic\u00f4ne s\u00e9lectionn\u00e9e au hasard, \u00e0 l'exception du Bonus. Cette fonction a un fort potentiel de gain et peut se traduire par des gains importants si plusieurs transformateurs choisissent l'une des ic\u00f4nes les plus payantes en combinaison avec un grand nombre de Megaways.<\/p>\n<p>Il faut un minimum de 4 Scatters pour entrer dans le tour de bonus et commencer \u00e0 jouer sur la maison. Vous pouvez gagner jusqu'\u00e0 15, 20, 25 ou 30 tours gratuits pour 4, 5, 6 ou 7 scatters, ainsi qu'un multiplicateur de gains qui commence \u00e0 x1-x10 et augmente apr\u00e8s chaque cascade.<\/p>\n<p>Le nombre de tours et la taille du multiplicateur sont d\u00e9termin\u00e9s en faisant tourner la roue.<\/p>\n<p>Comme le multiplicateur n'a pas de limite, les gains qui en r\u00e9sultent peuvent \u00eatre vraiment impressionnants - surtout si l'on parvient \u00e0 faire tomber 3 ou 4 Scatters \u00e0 nouveau et \u00e0 augmenter ainsi le nombre de parties gratuites de 5 ou 10.<\/p>\n<p>Si vous \u00eates pr\u00eat \u00e0 faire un investissement suppl\u00e9mentaire, vous n'aurez pas \u00e0 attendre la combinaison qui se d\u00e9clenche. Le pari Megaways Wheel Bet co\u00fbte 20x votre mise et vous permet de gagner jusqu'\u00e0 10 parties gratuites avec un nombre minimum garanti de Megaways tout au long de la session de free-spinning.<\/p>\n<p>L'alternative est de payer 100x la mise pour acheter la mise Bonus Wheel et obtenir un acc\u00e8s direct \u00e0 la roue bonus des Free Spins.<\/p>\n<div class=\"app-header\">\n<h2 id=\"\">Safari Gold vs. autres machines \u00e0 sous Megaways<\/h2>\n<\/div>\n<div class=\"expandable-read-more\" data-readmore-expandable=\"\">\n<div>\n<div id=\"\" class=\"app-wysiwyg\" data-readmore-content=\"\">\n<p>Les fans de\u00a0<a href=\"https:\/\/casinolion.ca\/fr\/slots\/megaways\/\">Machines \u00e0 sous Megaways<\/a>\u00a0qui sont \u00e9galement membres de\u00a0<a href=\"https:\/\/casinolion.ca\/fr\/reviews\/leo-vegas\/\">Casino Leo Vegas<\/a>\u00a0sont susceptibles d'\u00e9prouver un sentiment de d\u00e9j\u00e0-vu.\u00a0<a href=\"https:\/\/casinolion.ca\/fr\/slots\/megaways\/leovegas\/\">Leo Vegas Megaways<\/a>\u00a0(d\u00e9velopp\u00e9 par le m\u00eame studio) et Safari Gold sont des jumeaux au gameplay identique.<\/p>\n<p>Ce n'est pas un probl\u00e8me majeur puisque le premier est exclusif \u00e0 ce casino particulier et ne peut \u00eatre jou\u00e9 ailleurs, mais Safari Gold n'est pas non plus tr\u00e8s diff\u00e9rent des autres titres Megaways.<\/p>\n<p>La seule chose \u00e0 laquelle il faut s'attendre est le gain maximum qui peut atteindre 50 000 fois la mise totale.<\/p>\n<\/div>\n<\/div>\n<\/div>\n<\/div>","protected":false},"excerpt":{"rendered":"<p>Si vous r\u00eavez de faire un safari mais que vous n'en avez pas les moyens, Blueprint Gaming sera heureux de vous emmener dans un voyage virtuel dans la savane africaine pour une somme relativement modeste. L'exp\u00e9rience peut s'av\u00e9rer suffisamment lucrative pour financer un v\u00e9ritable voyage et rencontrer de pr\u00e8s la faune africaine. [...]<\/p>","protected":false},"author":1,"featured_media":0,"parent":455,"menu_order":0,"comment_status":"closed","ping_status":"closed","template":"","meta":{"_acf_changed":false,"footnotes":""},"class_list":["post-24518","page","type-page","status-publish","hentry"],"acf":[],"yoast_head":"<!-- This site is optimized with the Yoast SEO plugin v26.1.1 - https:\/\/yoast.com\/wordpress\/plugins\/seo\/ -->\n<title>Safari Gold Megaways Slot Review<\/title>\n<meta name=\"robots\" content=\"index, follow, max-snippet:-1, max-image-preview:large, max-video-preview:-1\" \/>\n<link rel=\"canonical\" href=\"https:\/\/casinolion.ca\/fr\/online-slots\/safari-gold-megaways\/\" \/>\n<meta property=\"og:locale\" content=\"fr_CA\" \/>\n<meta property=\"og:type\" content=\"article\" \/>\n<meta property=\"og:title\" content=\"Safari Gold Megaways Slot Review\" \/>\n<meta property=\"og:description\" content=\"If you\u2019ve been dreaming about going on a safari but couldn\u2019t so far afford to,\u00a0Blueprint Gaming\u00a0will be happy to take you on a virtual journey to the African savannah for a relatively modest amount. The experience may turn out to be lucrative enough to finance a real trip and enjoy close encounters with African wildlife. [&hellip;]\" \/>\n<meta property=\"og:url\" content=\"https:\/\/casinolion.ca\/fr\/online-slots\/safari-gold-megaways\/\" \/>\n<meta property=\"article:modified_time\" content=\"2025-03-07T07:00:46+00:00\" \/>\n<meta name=\"twitter:card\" content=\"summary_large_image\" \/>\n<meta name=\"twitter:label1\" content=\"Estimation du temps de lecture\" \/>\n\t<meta name=\"twitter:data1\" content=\"3 minutes\" \/>\n<script type=\"application\/ld+json\" class=\"yoast-schema-graph\">{\"@context\":\"https:\/\/schema.org\",\"@graph\":[{\"@type\":\"WebPage\",\"@id\":\"https:\/\/casinolion.ca\/online-slots\/safari-gold-megaways\/\",\"url\":\"https:\/\/casinolion.ca\/online-slots\/safari-gold-megaways\/\",\"name\":\"Safari Gold Megaways Slot Review\",\"isPartOf\":{\"@id\":\"https:\/\/casinolion.ca\/fr\/#website\"},\"datePublished\":\"2025-03-07T07:00:10+00:00\",\"dateModified\":\"2025-03-07T07:00:46+00:00\",\"breadcrumb\":{\"@id\":\"https:\/\/casinolion.ca\/online-slots\/safari-gold-megaways\/#breadcrumb\"},\"inLanguage\":\"fr-CA\",\"potentialAction\":[{\"@type\":\"ReadAction\",\"target\":[\"https:\/\/casinolion.ca\/online-slots\/safari-gold-megaways\/\"]}]},{\"@type\":\"BreadcrumbList\",\"@id\":\"https:\/\/casinolion.ca\/online-slots\/safari-gold-megaways\/#breadcrumb\",\"itemListElement\":[{\"@type\":\"ListItem\",\"position\":1,\"name\":\"Home\",\"item\":\"https:\/\/casinolion.ca\/\"},{\"@type\":\"ListItem\",\"position\":2,\"name\":\"Recommended Canadian Slots Sites\",\"item\":\"https:\/\/casinolion.ca\/online-slots\/\"},{\"@type\":\"ListItem\",\"position\":3,\"name\":\"Safari Gold Megaways\"}]},{\"@type\":\"WebSite\",\"@id\":\"https:\/\/casinolion.ca\/fr\/#website\",\"url\":\"https:\/\/casinolion.ca\/fr\/\",\"name\":\"\",\"description\":\"\",\"potentialAction\":[{\"@type\":\"SearchAction\",\"target\":{\"@type\":\"EntryPoint\",\"urlTemplate\":\"https:\/\/casinolion.ca\/fr\/?s={search_term_string}\"},\"query-input\":{\"@type\":\"PropertyValueSpecification\",\"valueRequired\":true,\"valueName\":\"search_term_string\"}}],\"inLanguage\":\"fr-CA\"}]}<\/script>\n<!-- \/ Yoast SEO plugin. -->","yoast_head_json":{"title":"Revue de la machine \u00e0 sous Safari Gold Megaways","robots":{"index":"index","follow":"follow","max-snippet":"max-snippet:-1","max-image-preview":"max-image-preview:large","max-video-preview":"max-video-preview:-1"},"canonical":"https:\/\/casinolion.ca\/fr\/online-slots\/safari-gold-megaways\/","og_locale":"fr_CA","og_type":"article","og_title":"Safari Gold Megaways Slot Review","og_description":"If you\u2019ve been dreaming about going on a safari but couldn\u2019t so far afford to,\u00a0Blueprint Gaming\u00a0will be happy to take you on a virtual journey to the African savannah for a relatively modest amount. The experience may turn out to be lucrative enough to finance a real trip and enjoy close encounters with African wildlife. [&hellip;]","og_url":"https:\/\/casinolion.ca\/fr\/online-slots\/safari-gold-megaways\/","article_modified_time":"2025-03-07T07:00:46+00:00","twitter_card":"summary_large_image","twitter_misc":{"Estimation du temps de lecture":"3 minutes"},"schema":{"@context":"https:\/\/schema.org","@graph":[{"@type":"WebPage","@id":"https:\/\/casinolion.ca\/online-slots\/safari-gold-megaways\/","url":"https:\/\/casinolion.ca\/online-slots\/safari-gold-megaways\/","name":"Revue de la machine \u00e0 sous Safari Gold Megaways","isPartOf":{"@id":"https:\/\/casinolion.ca\/fr\/#website"},"datePublished":"2025-03-07T07:00:10+00:00","dateModified":"2025-03-07T07:00:46+00:00","breadcrumb":{"@id":"https:\/\/casinolion.ca\/online-slots\/safari-gold-megaways\/#breadcrumb"},"inLanguage":"fr-CA","potentialAction":[{"@type":"ReadAction","target":["https:\/\/casinolion.ca\/online-slots\/safari-gold-megaways\/"]}]},{"@type":"BreadcrumbList","@id":"https:\/\/casinolion.ca\/online-slots\/safari-gold-megaways\/#breadcrumb","itemListElement":[{"@type":"ListItem","position":1,"name":"Home","item":"https:\/\/casinolion.ca\/"},{"@type":"ListItem","position":2,"name":"Recommended Canadian Slots Sites","item":"https:\/\/casinolion.ca\/online-slots\/"},{"@type":"ListItem","position":3,"name":"Safari Gold Megaways"}]},{"@type":"WebSite","@id":"https:\/\/casinolion.ca\/fr\/#website","url":"https:\/\/casinolion.ca\/fr\/","name":"","description":"","potentialAction":[{"@type":"SearchAction","target":{"@type":"EntryPoint","urlTemplate":"https:\/\/casinolion.ca\/fr\/?s={search_term_string}"},"query-input":{"@type":"PropertyValueSpecification","valueRequired":true,"valueName":"search_term_string"}}],"inLanguage":"fr-CA"}]}},"_links":{"self":[{"href":"https:\/\/casinolion.ca\/fr\/wp-json\/wp\/v2\/pages\/24518","targetHints":{"allow":["GET"]}}],"collection":[{"href":"https:\/\/casinolion.ca\/fr\/wp-json\/wp\/v2\/pages"}],"about":[{"href":"https:\/\/casinolion.ca\/fr\/wp-json\/wp\/v2\/types\/page"}],"author":[{"embeddable":true,"href":"https:\/\/casinolion.ca\/fr\/wp-json\/wp\/v2\/users\/1"}],"replies":[{"embeddable":true,"href":"https:\/\/casinolion.ca\/fr\/wp-json\/wp\/v2\/comments?post=24518"}],"version-history":[{"count":0,"href":"https:\/\/casinolion.ca\/fr\/wp-json\/wp\/v2\/pages\/24518\/revisions"}],"up":[{"embeddable":true,"href":"https:\/\/casinolion.ca\/fr\/wp-json\/wp\/v2\/pages\/455"}],"wp:attachment":[{"href":"https:\/\/casinolion.ca\/fr\/wp-json\/wp\/v2\/media?parent=24518"}],"curies":[{"name":"wp","href":"https:\/\/api.w.org\/{rel}","templated":true}]}}