
{"id":24520,"date":"2025-03-07T07:09:45","date_gmt":"2025-03-07T07:09:45","guid":{"rendered":"https:\/\/casinolion.ca\/?page_id=24520"},"modified":"2025-03-07T07:10:58","modified_gmt":"2025-03-07T07:10:58","slug":"maria-lapiedra-in-troya","status":"publish","type":"page","link":"https:\/\/casinolion.ca\/fr\/online-slots\/maria-lapiedra-in-troya\/","title":{"rendered":"Maria Lapiedra en Troie"},"content":{"rendered":"<p>Venant de\u00a0<a href=\"https:\/\/casinolion.ca\/fr\/mga\/\">MGA<\/a>, Maria Lapiedra in Troya est l'une des nombreuses machines \u00e0 sous que le d\u00e9veloppeur espagnol a cr\u00e9\u00e9es en utilisant certaines des figures c\u00e9l\u00e8bres du pays. Dans ce cas, la s\u00e9rie des C\u00e9l\u00e9brit\u00e9s espagnoles re\u00e7oit un jeu qui utilise l'image d'une actrice. La belle Maria Lapiedra devient H\u00e9l\u00e8ne de Troie dans ce jeu. Il s'agit donc d'un jeu de marque inhabituel, car il m\u00e9lange les l\u00e9gendes de la Gr\u00e8ce antique avec des personnages actuels.<\/p>\n<p>Ils ont con\u00e7u une machine \u00e0 sous \u00e0 3 rouleaux, qui utilise deux modes de jeu et propose de 1 \u00e0 8 lignes de paiement. Avec des mises comprises entre $0,20 et $15, tout comme les autres machines \u00e0 sous de la s\u00e9rie, elle rapporte jusqu'\u00e0 $15 000, tout en conservant une volatilit\u00e9 moyenne. Le RTP annonc\u00e9 dans son cas va de 70% (pour des mises de $0.20) \u00e0 95% (pour des mises de $15). En plus des deux modes de jeu, il y a cinq mini-jeux \u00e0 exp\u00e9rimenter, l'option de maintenir ou de d\u00e9placer les rouleaux, les symboles sauvages, les scatters et les symboles d'argent.\u00a0<a href=\"https:\/\/casinolion.ca\/fr\/free-spins\/\">tours gratuits<\/a>.<\/p>\n<div id=\"PlayFreeGame\" class=\"game_box\" style=\"padding-bottom: 75%; margin-bottom: 30px; background-size:cover; background-repeat:no-repeat;background-color:  #d24d57; background-image: url('https:\/\/a1.lcb.org\/system\/modules\/game\/images\/attachments\/000\/355\/270\/original\/MariachiFiesta1.jpg?1607407439');\">\n                        <i class=\"fas fa-play-circle\"><\/i>\n                     <\/div>\n                     <script>\n                        let iframe = '<iframe loading=\"lazy\" src=\"https:\/\/slotslaunch.com\/iframe\/7848?token=rvgmcR4z0DADcCv3Hy0pVy9HQf7iaZ9tGNS9qWMaoIJPRjmw38\" width=\"930\" height=\"576\" frameborder=\"0\" allowTransparency=\"true\" bgcolor=\"#FFFFFF\" style=\"background-color: black;\"><\/iframe>';\n                        let holder = document.querySelector(\"#PlayFreeGame\");\n                        holder.addEventListener(\"click\", function(){\n                            holder.innerHTML = iframe;\n                        });\n                    <\/script><h2 id=\"Mariachi-Fiesta-data-and-features\">Donn\u00e9es et caract\u00e9ristiques de Mariachi Fiesta<\/h2>\n                <table class=\"tablepress\">\n                    <tbody><tr><td><strong>Enrouleurs<\/strong><\/td><td>5<\/td><\/tr><tr><td><strong>Lignes de paiement<\/strong><\/td><td>10<\/td><\/tr><tr><td><strong>Jackpot maximum<\/strong><\/td><td>$1,000.00<\/td><\/tr><tr><td><strong>Pourcentage de paiement<\/strong><\/td><td>96.200<\/td><\/tr><tr><td><strong>Symbole Wild<\/strong><\/td><td>Oui<\/td><\/tr><tr><td><strong>Multiplicateur<\/strong><\/td><td>Non<\/td><\/tr><tr><td><strong>Gamme de paris<\/strong><\/td><td>0.1 - 20<\/td><\/tr><tr><td><strong>Plage de mise des pi\u00e8ces<\/strong><\/td><td>0.01 - 2<\/td><\/tr><tr><td><strong>Pi\u00e8ces par ligne<\/strong><\/td><td>1<\/td><\/tr><tr><td><strong>Progressif<\/strong><\/td><td>Non<\/td><\/tr><tr><td><strong>Max coins jackpot<\/strong><\/td><td>500<\/td><\/tr><tr><td><strong>Pi\u00e8ces maximales<\/strong><\/td><td>2<\/td><\/tr><tr><td><strong>Symbole Scatter<\/strong><\/td><td>Oui<\/td><\/tr><tr><td><strong>Tours gratuits disponibles<\/strong><\/td><td>Oui<\/td><\/tr><tr><td><strong>Jeu bonus<\/strong><\/td><td>Oui<\/td><\/tr><tr><td><strong>Acheter la fonctionnalit\u00e9<\/strong><\/td><td>Oui<\/td><\/tr><tr><td><strong>Th\u00e8me du jeu<\/strong><\/td><td>Mexicain, Festivit\u00e9s<\/td><\/tr><tr><td><strong>Volatilit\u00e9<\/strong><\/td><td>Tr\u00e8s \u00e9lev\u00e9<\/td><\/tr><\/tbody><\/table>\n<h3>Les bonus d\u00e9construits<\/h3>\n<div class=\"app-wysiwyg\">\n<p>L'ensemble de la s\u00e9rie Spanish Celebrities semble utiliser le m\u00eame moteur, chaque clone ne changeant que les graphismes et conservant tous les m\u00e9canismes et fonctionnalit\u00e9s.<\/p>\n<p>Le jeu principal de Maria Lapiedra in Troya commence avec 3 rouleaux et 1 ligne. Votre objectif est d'essayer de cr\u00e9er une combinaison gagnante. Vous avez alors le choix entre encaisser les gains ou les risquer. Dans ce dernier cas, vous obtiendrez soit un surclassement pour le prix, soit un certain nombre de cr\u00e9dits bonus.<\/p>\n<p>Obtenez suffisamment de bonus pour acc\u00e9der au jeu sup\u00e9rieur. Il y a plus de lignes, de 5 \u00e0 8 possibles, et vous obtenez de meilleurs prix et de nouveaux symboles. Une fois de plus, vous avez la possibilit\u00e9 de risquer vos gains en \u00e9change d'une chance d'obtenir quelque chose de mieux.<\/p>\n<p>Vous avez la possibilit\u00e9 de maintenir les rouleaux et de d\u00e9clencher des re-spins pour les autres, ou de d\u00e9placer les rouleaux jusqu'\u00e0 quatre fois.<\/p>\n<p>Deux des cinq mini-jeux inclus dans Maria Lapiedra in Troya seront r\u00e9serv\u00e9s au jeu principal. Les options qui y sont propos\u00e9es proviennent des symboles du temple et vous permettent d'obtenir le bonus Achille ou le bonus Temple.<\/p>\n<p>Les trois autres mini-jeux font partie du jeu sup\u00e9rieur. L'obtention de navires d\u00e9clenche un mini-jeu de voyage, tandis que les murs offrent un si\u00e8ge et que le cheval de Troie vous emm\u00e8ne vers son propre bonus.<\/p>\n<p>Si vous avez les ic\u00f4nes Casque Troyen, vous obtiendrez 3 lignes verticales suppl\u00e9mentaires pour le jeu sup\u00e9rieur, ce qui portera le total \u00e0 8 lignes de paiement.<\/p>\n<p>Les autres bonus peuvent \u00eatre soit un m\u00e9lange de sept pour former des combinaisons, soit l'accumulation de flammes pour obtenir des prix.<\/p>\n<p>Des fonctions plus courantes sont \u00e9galement incluses, et je mentionnerais ici le symbole Wild en particulier, car sa capacit\u00e9 \u00e0 remplacer d'autres symboles devrait vous permettre de remporter des gains impossibles \u00e0 obtenir autrement.<\/p>\n<div class=\"app-header\">\n<h2 id=\"\">Conclusion<\/h2>\n<\/div>\n<div class=\"expandable-read-more\" data-readmore-expandable=\"\">\n<div>\n<div id=\"\" class=\"app-wysiwyg\" data-readmore-content=\"\">\n<p>Maria Lapiedra in Troya est tout aussi amusante que les autres machines \u00e0 sous de sa s\u00e9rie, et l'aspect de la marque est tr\u00e8s bien fait, la voix de l'actrice \u00e9tant m\u00eame incluse dans les effets audio. En tant que fan de l'actrice, vous voudrez peut-\u00eatre essayer le jeu, mais en sachant que la machine \u00e0 sous offrira un retour moyen tr\u00e8s bas pour les joueurs qui n'utilisent pas la mise maximale.<\/p>\n<\/div>\n<\/div>\n<\/div>\n<\/div>","protected":false},"excerpt":{"rendered":"<p>Maria Lapiedra in Troya est l'une des nombreuses machines \u00e0 sous cr\u00e9\u00e9es par le d\u00e9veloppeur espagnol, qui utilise certaines des personnalit\u00e9s les plus c\u00e9l\u00e8bres du pays. Dans ce cas, la s\u00e9rie des C\u00e9l\u00e9brit\u00e9s espagnoles re\u00e7oit un jeu qui utilise l'image d'une actrice. La belle Maria Lapiedra devient H\u00e9l\u00e8ne de Troie dans ce jeu, il est donc [...]<\/p>","protected":false},"author":1,"featured_media":0,"parent":455,"menu_order":0,"comment_status":"closed","ping_status":"closed","template":"","meta":{"_acf_changed":false,"footnotes":""},"class_list":["post-24520","page","type-page","status-publish","hentry"],"acf":[],"yoast_head":"<!-- This site is optimized with the Yoast SEO plugin v26.1.1 - https:\/\/yoast.com\/wordpress\/plugins\/seo\/ -->\n<title>Maria Lapiedra in Troya Slot Review<\/title>\n<meta name=\"robots\" content=\"index, follow, max-snippet:-1, max-image-preview:large, max-video-preview:-1\" \/>\n<link rel=\"canonical\" href=\"https:\/\/casinolion.ca\/fr\/online-slots\/maria-lapiedra-in-troya\/\" \/>\n<meta property=\"og:locale\" content=\"fr_CA\" \/>\n<meta property=\"og:type\" content=\"article\" \/>\n<meta property=\"og:title\" content=\"Maria Lapiedra in Troya Slot Review\" \/>\n<meta property=\"og:description\" content=\"Coming from\u00a0MGA, Maria Lapiedra in Troya is one of several slot machines that the Spanish developer created, using some of the country\u2019s famous figures. In this case, the Spanish Celebrities series is getting a game that uses the image of an actress. The beautiful Maria Lapiedra becomes Helen of Troy in this game, so it\u2019s [&hellip;]\" \/>\n<meta property=\"og:url\" content=\"https:\/\/casinolion.ca\/fr\/online-slots\/maria-lapiedra-in-troya\/\" \/>\n<meta property=\"article:modified_time\" content=\"2025-03-07T07:10:58+00:00\" \/>\n<meta name=\"twitter:card\" content=\"summary_large_image\" \/>\n<meta name=\"twitter:label1\" content=\"Estimation du temps de lecture\" \/>\n\t<meta name=\"twitter:data1\" content=\"3 minutes\" \/>\n<script type=\"application\/ld+json\" class=\"yoast-schema-graph\">{\"@context\":\"https:\/\/schema.org\",\"@graph\":[{\"@type\":\"WebPage\",\"@id\":\"https:\/\/casinolion.ca\/online-slots\/maria-lapiedra-in-troya\/\",\"url\":\"https:\/\/casinolion.ca\/online-slots\/maria-lapiedra-in-troya\/\",\"name\":\"Maria Lapiedra in Troya Slot Review\",\"isPartOf\":{\"@id\":\"https:\/\/casinolion.ca\/fr\/#website\"},\"datePublished\":\"2025-03-07T07:09:45+00:00\",\"dateModified\":\"2025-03-07T07:10:58+00:00\",\"breadcrumb\":{\"@id\":\"https:\/\/casinolion.ca\/online-slots\/maria-lapiedra-in-troya\/#breadcrumb\"},\"inLanguage\":\"fr-CA\",\"potentialAction\":[{\"@type\":\"ReadAction\",\"target\":[\"https:\/\/casinolion.ca\/online-slots\/maria-lapiedra-in-troya\/\"]}]},{\"@type\":\"BreadcrumbList\",\"@id\":\"https:\/\/casinolion.ca\/online-slots\/maria-lapiedra-in-troya\/#breadcrumb\",\"itemListElement\":[{\"@type\":\"ListItem\",\"position\":1,\"name\":\"Home\",\"item\":\"https:\/\/casinolion.ca\/\"},{\"@type\":\"ListItem\",\"position\":2,\"name\":\"Recommended Canadian Slots Sites\",\"item\":\"https:\/\/casinolion.ca\/online-slots\/\"},{\"@type\":\"ListItem\",\"position\":3,\"name\":\"Maria Lapiedra in Troya\"}]},{\"@type\":\"WebSite\",\"@id\":\"https:\/\/casinolion.ca\/fr\/#website\",\"url\":\"https:\/\/casinolion.ca\/fr\/\",\"name\":\"\",\"description\":\"\",\"potentialAction\":[{\"@type\":\"SearchAction\",\"target\":{\"@type\":\"EntryPoint\",\"urlTemplate\":\"https:\/\/casinolion.ca\/fr\/?s={search_term_string}\"},\"query-input\":{\"@type\":\"PropertyValueSpecification\",\"valueRequired\":true,\"valueName\":\"search_term_string\"}}],\"inLanguage\":\"fr-CA\"}]}<\/script>\n<!-- \/ Yoast SEO plugin. -->","yoast_head_json":{"title":"Maria Lapiedra in Troya Slot Review","robots":{"index":"index","follow":"follow","max-snippet":"max-snippet:-1","max-image-preview":"max-image-preview:large","max-video-preview":"max-video-preview:-1"},"canonical":"https:\/\/casinolion.ca\/fr\/online-slots\/maria-lapiedra-in-troya\/","og_locale":"fr_CA","og_type":"article","og_title":"Maria Lapiedra in Troya Slot Review","og_description":"Coming from\u00a0MGA, Maria Lapiedra in Troya is one of several slot machines that the Spanish developer created, using some of the country\u2019s famous figures. In this case, the Spanish Celebrities series is getting a game that uses the image of an actress. The beautiful Maria Lapiedra becomes Helen of Troy in this game, so it\u2019s [&hellip;]","og_url":"https:\/\/casinolion.ca\/fr\/online-slots\/maria-lapiedra-in-troya\/","article_modified_time":"2025-03-07T07:10:58+00:00","twitter_card":"summary_large_image","twitter_misc":{"Estimation du temps de lecture":"3 minutes"},"schema":{"@context":"https:\/\/schema.org","@graph":[{"@type":"WebPage","@id":"https:\/\/casinolion.ca\/online-slots\/maria-lapiedra-in-troya\/","url":"https:\/\/casinolion.ca\/online-slots\/maria-lapiedra-in-troya\/","name":"Maria Lapiedra in Troya Slot Review","isPartOf":{"@id":"https:\/\/casinolion.ca\/fr\/#website"},"datePublished":"2025-03-07T07:09:45+00:00","dateModified":"2025-03-07T07:10:58+00:00","breadcrumb":{"@id":"https:\/\/casinolion.ca\/online-slots\/maria-lapiedra-in-troya\/#breadcrumb"},"inLanguage":"fr-CA","potentialAction":[{"@type":"ReadAction","target":["https:\/\/casinolion.ca\/online-slots\/maria-lapiedra-in-troya\/"]}]},{"@type":"BreadcrumbList","@id":"https:\/\/casinolion.ca\/online-slots\/maria-lapiedra-in-troya\/#breadcrumb","itemListElement":[{"@type":"ListItem","position":1,"name":"Home","item":"https:\/\/casinolion.ca\/"},{"@type":"ListItem","position":2,"name":"Recommended Canadian Slots Sites","item":"https:\/\/casinolion.ca\/online-slots\/"},{"@type":"ListItem","position":3,"name":"Maria Lapiedra in Troya"}]},{"@type":"WebSite","@id":"https:\/\/casinolion.ca\/fr\/#website","url":"https:\/\/casinolion.ca\/fr\/","name":"","description":"","potentialAction":[{"@type":"SearchAction","target":{"@type":"EntryPoint","urlTemplate":"https:\/\/casinolion.ca\/fr\/?s={search_term_string}"},"query-input":{"@type":"PropertyValueSpecification","valueRequired":true,"valueName":"search_term_string"}}],"inLanguage":"fr-CA"}]}},"_links":{"self":[{"href":"https:\/\/casinolion.ca\/fr\/wp-json\/wp\/v2\/pages\/24520","targetHints":{"allow":["GET"]}}],"collection":[{"href":"https:\/\/casinolion.ca\/fr\/wp-json\/wp\/v2\/pages"}],"about":[{"href":"https:\/\/casinolion.ca\/fr\/wp-json\/wp\/v2\/types\/page"}],"author":[{"embeddable":true,"href":"https:\/\/casinolion.ca\/fr\/wp-json\/wp\/v2\/users\/1"}],"replies":[{"embeddable":true,"href":"https:\/\/casinolion.ca\/fr\/wp-json\/wp\/v2\/comments?post=24520"}],"version-history":[{"count":0,"href":"https:\/\/casinolion.ca\/fr\/wp-json\/wp\/v2\/pages\/24520\/revisions"}],"up":[{"embeddable":true,"href":"https:\/\/casinolion.ca\/fr\/wp-json\/wp\/v2\/pages\/455"}],"wp:attachment":[{"href":"https:\/\/casinolion.ca\/fr\/wp-json\/wp\/v2\/media?parent=24520"}],"curies":[{"name":"wp","href":"https:\/\/api.w.org\/{rel}","templated":true}]}}