
{"id":24521,"date":"2025-03-07T07:18:42","date_gmt":"2025-03-07T07:18:42","guid":{"rendered":"https:\/\/casinolion.ca\/?page_id=24521"},"modified":"2025-03-07T07:19:23","modified_gmt":"2025-03-07T07:19:23","slug":"buffalo-rising","status":"publish","type":"page","link":"https:\/\/casinolion.ca\/fr\/online-slots\/buffalo-rising\/","title":{"rendered":"Buffalo Rising"},"content":{"rendered":"<p>Buffalo Rising est l'une des nombreuses\u00a0<a href=\"https:\/\/casinolion.ca\/fr\/blueprint-gaming\/\">Blueprint Gaming<\/a>\u00a0titres qui utilisent la c\u00e9l\u00e8bre technologie de BTG\u00a0<a href=\"https:\/\/casinolion.ca\/fr\/slots\/megaways\/\">Syst\u00e8me Megaways<\/a>. Le jeu se joue avec 6 rouleaux et chacun d'entre eux peut r\u00e9v\u00e9ler jusqu'\u00e0 7 symboles pour offrir jusqu'\u00e0 117 649 fa\u00e7ons de gagner.<\/p>\n<p>Il offre de nombreuses fonctions sp\u00e9ciales, notamment des rouleaux en cascade, des symboles myst\u00e9rieux et un choix de 4 options de tours gratuits avec un multiplicateur de gains illimit\u00e9.<\/p>\n<p>La machine \u00e0 sous Buffalo Rising a un rendement th\u00e9orique \u00e9lev\u00e9 de 96,50% et l'utilisation de Buffalo Bet pour acc\u00e9der instantan\u00e9ment au tour de bonus augmente le RTP \u00e0 97,01%.<\/p>\n<div id=\"PlayFreeGame\" class=\"game_box\" style=\"padding-bottom: 75%; margin-bottom: 30px; background-size:cover; background-repeat:no-repeat;background-color:  #d24d57; background-image: url('https:\/\/a1.lcb.org\/system\/modules\/game\/images\/attachments\/000\/447\/700\/original\/BuffaloRising1.jpg?1673007737');\">\n                        <i class=\"fas fa-play-circle\"><\/i>\n                     <\/div>\n                     <script>\n                        let iframe = '<iframe loading=\"lazy\" src=\"https:\/\/slotslaunch.com\/iframe\/3333?token=rvgmcR4z0DADcCv3Hy0pVy9HQf7iaZ9tGNS9qWMaoIJPRjmw38\" width=\"930\" height=\"576\" frameborder=\"0\" allowTransparency=\"true\" bgcolor=\"#FFFFFF\" style=\"background-color: black;\"><\/iframe>';\n                        let holder = document.querySelector(\"#PlayFreeGame\");\n                        holder.addEventListener(\"click\", function(){\n                            holder.innerHTML = iframe;\n                        });\n                    <\/script><h2 id=\"Buffalo-Rising-Megaways-data-and-features\">Donn\u00e9es et caract\u00e9ristiques de Buffalo Rising Megaways<\/h2>\n                <table class=\"tablepress\">\n                    <tbody><tr><td><strong>Enrouleurs<\/strong><\/td><td>6<\/td><\/tr><tr><td><strong>Lignes de paiement<\/strong><\/td><td>32767<\/td><\/tr><tr><td><strong>Jackpot maximum<\/strong><\/td><td>$500.00<\/td><\/tr><tr><td><strong>Pourcentage de paiement<\/strong><\/td><td>96.500<\/td><\/tr><tr><td><strong>Symbole Wild<\/strong><\/td><td>Oui<\/td><\/tr><tr><td><strong>Multiplicateur<\/strong><\/td><td>Oui<\/td><\/tr><tr><td><strong>Gamme de paris<\/strong><\/td><td>0.1 - 10<\/td><\/tr><tr><td><strong>Plage de mise des pi\u00e8ces<\/strong><\/td><td>0.01 - 1<\/td><\/tr><tr><td><strong>Pi\u00e8ces par ligne<\/strong><\/td><td>1<\/td><\/tr><tr><td><strong>Progressif<\/strong><\/td><td>Non<\/td><\/tr><tr><td><strong>Max coins jackpot<\/strong><\/td><td>500<\/td><\/tr><tr><td><strong>Pi\u00e8ces maximales<\/strong><\/td><td>1<\/td><\/tr><tr><td><strong>Symbole Scatter<\/strong><\/td><td>Oui<\/td><\/tr><tr><td><strong>Tours gratuits disponibles<\/strong><\/td><td>Oui<\/td><\/tr><tr><td><strong>Jeu bonus<\/strong><\/td><td>Oui<\/td><\/tr><tr><td><strong>Acheter la fonctionnalit\u00e9<\/strong><\/td><td>Oui<\/td><\/tr><tr><td><strong>Th\u00e8me du jeu<\/strong><\/td><td>Animaux<\/td><\/tr><tr><td><strong>Volatilit\u00e9<\/strong><\/td><td>Haut<\/td><\/tr><\/tbody><\/table>\n<h3>Les bonus d\u00e9construits<\/h3>\n<div class=\"app-wysiwyg\">\n<p>De nombreuses machines \u00e0 sous Megaways comportent des rouleaux en cascade, comme c'est le cas pour Buffalo Rising. Chaque tour gagnant provoque une r\u00e9action qui donne au joueur une nouvelle occasion de c\u00e9l\u00e9brer un gain sans avoir \u00e0 faire d'investissement suppl\u00e9mentaire.<\/p>\n<p>Le Buffle sauvage, qui ne fr\u00e9quente que la bobine suppl\u00e9mentaire, remplace toutes les ic\u00f4nes autres que le Scatter. Le symbole myst\u00e8re est capable de se transformer et tous ceux qui sont visibles r\u00e9v\u00e8leront le m\u00eame symbole al\u00e9atoire (pas le Scatter, cependant).<\/p>\n<h3>D\u00e9clenchement des tours gratuits et options disponibles<\/h3>\n<p>Il faut 4 diamants pour d\u00e9clencher le\u00a0<a href=\"https:\/\/casinolion.ca\/fr\/free-spins\/\">Spins gratuits<\/a>\u00a0avec un multiplicateur illimit\u00e9 qui augmente \u00e0 chaque r\u00e9action. Vous aurez le choix entre quatre options, chacune combinant un nombre diff\u00e9rent de tours et un multiplicateur de d\u00e9part diff\u00e9rent.<\/p>\n<p>Vous pouvez opter pour 15 tours, un multiplicateur qui commence \u00e0 x1 et n'importe quel Scatter suppl\u00e9mentaire qui vous donne droit \u00e0 4 tours suppl\u00e9mentaires.<\/p>\n<p>Les alternatives sont 10 tours + multiplicateur \u00e0 partir de x5 et 2 tours suppl\u00e9mentaires pour chaque symbole Scatter additionnel, et 5 tours gratuits avec le multiplicateur de gains illimit\u00e9s \u00e0 partir de x10 et 1 tour suppl\u00e9mentaire pour chaque Scatter additionnel.<\/p>\n<p>La quatri\u00e8me option, Choix Myst\u00e8re, r\u00e9partit les tours gratuits et les multiplicateurs disponibles en 6 panneaux et invite le joueur \u00e0 s\u00e9lectionner un panneau de chaque cat\u00e9gorie. Quelle que soit l'option choisie, les scatters de Free Spins apparaissant dans la bobine suppl\u00e9mentaire donnent encore plus de tours - 5 pour 3 scatters et 10 pour 4 scatters.<\/p>\n<h3>Acheter des tours gratuits pour 100x la mise<\/h3>\n<p>Le tour bonus peut \u00e9videmment \u00eatre tr\u00e8s gratifiant, mais il faut parfois une \u00e9ternit\u00e9 pour que 4 diamants tombent simultan\u00e9ment. Buffalo Rising propose la mise Buffalo que les joueurs peuvent activer pendant le jeu de base et faire tourner les rouleaux pour garantir un minimum de 4 ic\u00f4nes Scatter qui, \u00e0 leur tour, d\u00e9clenchent des tours gratuits. Cette option utile n'est pas gratuite : vous devez payer 100 fois la mise totale pour l'utiliser.<\/p>\n<div class=\"app-header\">\n<h2 id=\"\">Buffalo Rising vs Autres Machines \u00e0 Sous Megaways<\/h2>\n<\/div>\n<div class=\"expandable-read-more\" data-readmore-expandable=\"\">\n<div>\n<div id=\"\" class=\"app-wysiwyg\" data-readmore-content=\"\">\n<p>Buffalo Rising a de nombreux points communs avec les autres pays de l'Union europ\u00e9enne.\u00a0<a href=\"https:\/\/casinolion.ca\/fr\/slots\/megaways\/\">Machines \u00e0 sous Megaways<\/a>\u00a0- une opportunit\u00e9 de gagner sur plus de 100 000 voies, des rouleaux en cascade, un multiplicateur illimit\u00e9 appliqu\u00e9 aux gains des tours gratuits et un potentiel de gain maximum de 10 000x la mise.<\/p>\n<p>Il propose \u00e9galement quelques \u00e9l\u00e9ments que vous ne trouverez pas n\u00e9cessairement ailleurs, tels que des symboles myst\u00e8res et une option permettant d'acheter le ticket d'entr\u00e9e pour le tour de bonus plut\u00f4t que d'attendre pendant des heures le nombre minimum d'ic\u00f4nes qui se d\u00e9clenchent.<\/p>\n<p>La caract\u00e9ristique la plus distinctive, cependant, est le choix de 4 options de tours gratuits qui permettent aux joueurs d'influencer la volatilit\u00e9 du jeu.<\/p>\n<\/div>\n<\/div>\n<\/div>\n<\/div>","protected":false},"excerpt":{"rendered":"<p>Buffalo Rising est l'un des nombreux titres de Blueprint Gaming qui utilisent le c\u00e9l\u00e8bre syst\u00e8me Megaways de BTG. Le jeu se joue avec 6 rouleaux et chacun d'entre eux peut r\u00e9v\u00e9ler jusqu'\u00e0 7 symboles pour offrir jusqu'\u00e0 117 649 fa\u00e7ons de gagner. Il offre de nombreuses fonctions sp\u00e9ciales, notamment des rouleaux en cascade, des symboles myst\u00e9rieux et un choix de 4 options de tours gratuits avec un [...]<\/p>","protected":false},"author":1,"featured_media":0,"parent":455,"menu_order":0,"comment_status":"closed","ping_status":"closed","template":"","meta":{"_acf_changed":false,"footnotes":""},"class_list":["post-24521","page","type-page","status-publish","hentry"],"acf":[],"yoast_head":"<!-- This site is optimized with the Yoast SEO plugin v26.1.1 - https:\/\/yoast.com\/wordpress\/plugins\/seo\/ -->\n<title>Buffalo Rising Slot Review<\/title>\n<meta name=\"robots\" content=\"index, follow, max-snippet:-1, max-image-preview:large, max-video-preview:-1\" \/>\n<link rel=\"canonical\" href=\"https:\/\/casinolion.ca\/fr\/online-slots\/buffalo-rising\/\" \/>\n<meta property=\"og:locale\" content=\"fr_CA\" \/>\n<meta property=\"og:type\" content=\"article\" \/>\n<meta property=\"og:title\" content=\"Buffalo Rising Slot Review\" \/>\n<meta property=\"og:description\" content=\"Buffalo Rising is one of many\u00a0Blueprint Gaming\u00a0titles that use BTG\u2019s famous\u00a0Megaways system. The game plays with 6 reels and each can reveal up to 7 symbols to provide as many as 117,649 ways to win. It offers numerous special features including cascading reels, mystery symbols and a choice of 4 Free Spin options with an [&hellip;]\" \/>\n<meta property=\"og:url\" content=\"https:\/\/casinolion.ca\/fr\/online-slots\/buffalo-rising\/\" \/>\n<meta property=\"article:modified_time\" content=\"2025-03-07T07:19:23+00:00\" \/>\n<meta name=\"twitter:card\" content=\"summary_large_image\" \/>\n<meta name=\"twitter:label1\" content=\"Estimation du temps de lecture\" \/>\n\t<meta name=\"twitter:data1\" content=\"3 minutes\" \/>\n<script type=\"application\/ld+json\" class=\"yoast-schema-graph\">{\"@context\":\"https:\/\/schema.org\",\"@graph\":[{\"@type\":\"WebPage\",\"@id\":\"https:\/\/casinolion.ca\/online-slots\/buffalo-rising\/\",\"url\":\"https:\/\/casinolion.ca\/online-slots\/buffalo-rising\/\",\"name\":\"Buffalo Rising Slot Review\",\"isPartOf\":{\"@id\":\"https:\/\/casinolion.ca\/fr\/#website\"},\"datePublished\":\"2025-03-07T07:18:42+00:00\",\"dateModified\":\"2025-03-07T07:19:23+00:00\",\"breadcrumb\":{\"@id\":\"https:\/\/casinolion.ca\/online-slots\/buffalo-rising\/#breadcrumb\"},\"inLanguage\":\"fr-CA\",\"potentialAction\":[{\"@type\":\"ReadAction\",\"target\":[\"https:\/\/casinolion.ca\/online-slots\/buffalo-rising\/\"]}]},{\"@type\":\"BreadcrumbList\",\"@id\":\"https:\/\/casinolion.ca\/online-slots\/buffalo-rising\/#breadcrumb\",\"itemListElement\":[{\"@type\":\"ListItem\",\"position\":1,\"name\":\"Home\",\"item\":\"https:\/\/casinolion.ca\/\"},{\"@type\":\"ListItem\",\"position\":2,\"name\":\"Recommended Canadian Slots Sites\",\"item\":\"https:\/\/casinolion.ca\/online-slots\/\"},{\"@type\":\"ListItem\",\"position\":3,\"name\":\"Buffalo Rising\"}]},{\"@type\":\"WebSite\",\"@id\":\"https:\/\/casinolion.ca\/fr\/#website\",\"url\":\"https:\/\/casinolion.ca\/fr\/\",\"name\":\"\",\"description\":\"\",\"potentialAction\":[{\"@type\":\"SearchAction\",\"target\":{\"@type\":\"EntryPoint\",\"urlTemplate\":\"https:\/\/casinolion.ca\/fr\/?s={search_term_string}\"},\"query-input\":{\"@type\":\"PropertyValueSpecification\",\"valueRequired\":true,\"valueName\":\"search_term_string\"}}],\"inLanguage\":\"fr-CA\"}]}<\/script>\n<!-- \/ Yoast SEO plugin. -->","yoast_head_json":{"title":"Revue de la machine \u00e0 sous Buffalo Rising","robots":{"index":"index","follow":"follow","max-snippet":"max-snippet:-1","max-image-preview":"max-image-preview:large","max-video-preview":"max-video-preview:-1"},"canonical":"https:\/\/casinolion.ca\/fr\/online-slots\/buffalo-rising\/","og_locale":"fr_CA","og_type":"article","og_title":"Buffalo Rising Slot Review","og_description":"Buffalo Rising is one of many\u00a0Blueprint Gaming\u00a0titles that use BTG\u2019s famous\u00a0Megaways system. The game plays with 6 reels and each can reveal up to 7 symbols to provide as many as 117,649 ways to win. It offers numerous special features including cascading reels, mystery symbols and a choice of 4 Free Spin options with an [&hellip;]","og_url":"https:\/\/casinolion.ca\/fr\/online-slots\/buffalo-rising\/","article_modified_time":"2025-03-07T07:19:23+00:00","twitter_card":"summary_large_image","twitter_misc":{"Estimation du temps de lecture":"3 minutes"},"schema":{"@context":"https:\/\/schema.org","@graph":[{"@type":"WebPage","@id":"https:\/\/casinolion.ca\/online-slots\/buffalo-rising\/","url":"https:\/\/casinolion.ca\/online-slots\/buffalo-rising\/","name":"Revue de la machine \u00e0 sous Buffalo Rising","isPartOf":{"@id":"https:\/\/casinolion.ca\/fr\/#website"},"datePublished":"2025-03-07T07:18:42+00:00","dateModified":"2025-03-07T07:19:23+00:00","breadcrumb":{"@id":"https:\/\/casinolion.ca\/online-slots\/buffalo-rising\/#breadcrumb"},"inLanguage":"fr-CA","potentialAction":[{"@type":"ReadAction","target":["https:\/\/casinolion.ca\/online-slots\/buffalo-rising\/"]}]},{"@type":"BreadcrumbList","@id":"https:\/\/casinolion.ca\/online-slots\/buffalo-rising\/#breadcrumb","itemListElement":[{"@type":"ListItem","position":1,"name":"Home","item":"https:\/\/casinolion.ca\/"},{"@type":"ListItem","position":2,"name":"Recommended Canadian Slots Sites","item":"https:\/\/casinolion.ca\/online-slots\/"},{"@type":"ListItem","position":3,"name":"Buffalo Rising"}]},{"@type":"WebSite","@id":"https:\/\/casinolion.ca\/fr\/#website","url":"https:\/\/casinolion.ca\/fr\/","name":"","description":"","potentialAction":[{"@type":"SearchAction","target":{"@type":"EntryPoint","urlTemplate":"https:\/\/casinolion.ca\/fr\/?s={search_term_string}"},"query-input":{"@type":"PropertyValueSpecification","valueRequired":true,"valueName":"search_term_string"}}],"inLanguage":"fr-CA"}]}},"_links":{"self":[{"href":"https:\/\/casinolion.ca\/fr\/wp-json\/wp\/v2\/pages\/24521","targetHints":{"allow":["GET"]}}],"collection":[{"href":"https:\/\/casinolion.ca\/fr\/wp-json\/wp\/v2\/pages"}],"about":[{"href":"https:\/\/casinolion.ca\/fr\/wp-json\/wp\/v2\/types\/page"}],"author":[{"embeddable":true,"href":"https:\/\/casinolion.ca\/fr\/wp-json\/wp\/v2\/users\/1"}],"replies":[{"embeddable":true,"href":"https:\/\/casinolion.ca\/fr\/wp-json\/wp\/v2\/comments?post=24521"}],"version-history":[{"count":0,"href":"https:\/\/casinolion.ca\/fr\/wp-json\/wp\/v2\/pages\/24521\/revisions"}],"up":[{"embeddable":true,"href":"https:\/\/casinolion.ca\/fr\/wp-json\/wp\/v2\/pages\/455"}],"wp:attachment":[{"href":"https:\/\/casinolion.ca\/fr\/wp-json\/wp\/v2\/media?parent=24521"}],"curies":[{"name":"wp","href":"https:\/\/api.w.org\/{rel}","templated":true}]}}