
{"id":24523,"date":"2025-03-07T07:23:36","date_gmt":"2025-03-07T07:23:36","guid":{"rendered":"https:\/\/casinolion.ca\/?page_id=24523"},"modified":"2025-03-07T07:24:12","modified_gmt":"2025-03-07T07:24:12","slug":"medusa-megaways","status":"publish","type":"page","link":"https:\/\/casinolion.ca\/fr\/online-slots\/medusa-megaways\/","title":{"rendered":"Medusa MEGAWAYS"},"content":{"rendered":"<p>NextGen a trouv\u00e9 le moyen d'am\u00e9liorer l'une de ses machines \u00e0 sous vid\u00e9o les plus populaires en utilisant le logiciel\u00a0<a href=\"https:\/\/casinolion.ca\/fr\/slots\/megaways\/\">Megaways<\/a>\u00a0sous licence de\u00a0<a href=\"https:\/\/casinolion.ca\/fr\/big-time-gaming\/\">Big Time Gaming<\/a>. Le jeu comporte donc 7 rouleaux - 6 verticaux et un horizontal.<\/p>\n<p>Les rouleaux 1 et 6 peuvent contenir jusqu'\u00e0 7 symboles chacun, tandis que les rouleaux 2, 3 et 4 en contiennent 6 au maximum. Ces nombres sont d\u00e9termin\u00e9s de mani\u00e8re al\u00e9atoire au d\u00e9but de chaque tour et permettent de gagner entre 243 et 117 649 fois.<\/p>\n<p>Le jeu offre un potentiel de gain \u00e9norme allant jusqu'\u00e0 50 000 fois votre mise et vous aide \u00e0 d\u00e9crocher le jackpot de plusieurs fa\u00e7ons. Les joueurs peuvent d\u00e9clencher\u00a0<a href=\"https:\/\/casinolion.ca\/fr\/free-spins\/\">Spins gratuits<\/a>\u00a0en obtenant une combinaison de symboles sp\u00e9cifique ou en utilisant Buy Pass pour acc\u00e9der au tour de bonus quand ils le souhaitent.<\/p>\n<p>Le RTP de 96,286% passera \u00e0 97,63% s'ils utilisent l'option \u201cBuy Pass\u201d.<\/p>\n<div id=\"PlayFreeGame\" class=\"game_box\" style=\"padding-bottom: 75%; margin-bottom: 30px; background-size:cover; background-repeat:no-repeat;background-color:  #d24d57; background-image: url('https:\/\/a1.lcb.org\/system\/modules\/game\/images\/attachments\/000\/388\/688\/original\/Medusa1.jpg?1629442838');\">\n                        <i class=\"fas fa-play-circle\"><\/i>\n                     <\/div>\n                     <script>\n                        let iframe = '<iframe loading=\"lazy\" src=\"https:\/\/ogs-gl-gg.nyxop.net\/game?device=desktop&nogscurrency=EUR&nogsgameid=70232&nogslang=en_us&nogsmode=demo&nogsoperatorid=1374\" width=\"930\" height=\"576\" frameborder=\"0\" allowTransparency=\"true\" bgcolor=\"#FFFFFF\" style=\"background-color: black;\"><\/iframe>';\n                        let holder = document.querySelector(\"#PlayFreeGame\");\n                        holder.addEventListener(\"click\", function(){\n                            holder.innerHTML = iframe;\n                        });\n                    <\/script><h2 id=\"Medusa-data-and-features\">Donn\u00e9es et caract\u00e9ristiques de Medusa<\/h2>\n                <table class=\"tablepress\">\n                    <tbody><tr><td><strong>Enrouleurs<\/strong><\/td><td>5<\/td><\/tr><tr><td><strong>Lignes de paiement<\/strong><\/td><td>25<\/td><\/tr><tr><td><strong>Jackpot maximum<\/strong><\/td><td>$10,000.00<\/td><\/tr><tr><td><strong>Pourcentage de paiement<\/strong><\/td><td>95.420<\/td><\/tr><tr><td><strong>Symbole Wild<\/strong><\/td><td>Oui<\/td><\/tr><tr><td><strong>Multiplicateur<\/strong><\/td><td>Non<\/td><\/tr><tr><td><strong>Gamme de paris<\/strong><\/td><td>0.01 - 50<\/td><\/tr><tr><td><strong>Plage de mise des pi\u00e8ces<\/strong><\/td><td>0.01 - 2<\/td><\/tr><tr><td><strong>Pi\u00e8ces par ligne<\/strong><\/td><td>1<\/td><\/tr><tr><td><strong>Progressif<\/strong><\/td><td>Non<\/td><\/tr><tr><td><strong>Max coins jackpot<\/strong><\/td><td>5000<\/td><\/tr><tr><td><strong>Pi\u00e8ces maximales<\/strong><\/td><td>2<\/td><\/tr><tr><td><strong>Symbole Scatter<\/strong><\/td><td>Oui<\/td><\/tr><tr><td><strong>Tours gratuits disponibles<\/strong><\/td><td>Oui<\/td><\/tr><tr><td><strong>Jeu bonus<\/strong><\/td><td>Oui<\/td><\/tr><tr><td><strong>Acheter la fonctionnalit\u00e9<\/strong><\/td><td>Non<\/td><\/tr><tr><td><strong>Volatilit\u00e9<\/strong><\/td><td>Moyen \u00e0 \u00e9lev\u00e9<\/td><\/tr><\/tbody><\/table>\n<h3>Les bonus d\u00e9construits<\/h3>\n<div class=\"app-wysiwyg\">\n<p>La bobine suppl\u00e9mentaire, plac\u00e9e au-dessus des bobines verticales 2, 3, 4 et 5, se remplit de symboles venant de la droite. Les combinaisons payantes d\u00e9clenchent des r\u00e9actions qui font exploser tous les symboles gagnants et permettent \u00e0 de nouveaux symboles de prendre leur place.<\/p>\n<p>Les r\u00e9actions se produisent pendant le tour bonus ainsi que pendant le jeu de base et peuvent \u00eatre red\u00e9clench\u00e9es ind\u00e9finiment. Le Wild Medusa remplace tous les symboles du jeu, \u00e0 l'exception du Scatter et du Soldat. Si un ou plusieurs Wilds apparaissent sur le rouleau suppl\u00e9mentaire, vous pouvez faire l'exp\u00e9rience du regard de Medusa.<\/p>\n<p>La s\u00e9ductrice mythologique couvre les rouleaux situ\u00e9s en dessous des Wilds qui se d\u00e9clenchent et transforme une ou plusieurs ic\u00f4nes normales en substituts suppl\u00e9mentaires.<\/p>\n<h3>Fonctionnalit\u00e9 de Spins Gratuits<\/h3>\n<p>Il faut un minimum de 3 Scatters pour lancer le tour de bonus Free Spins et gagner 10 tours sur la maison. Il est possible d'en obtenir davantage car chaque Scatter suppl\u00e9mentaire augmente le nombre de parties gratuites de 5.<\/p>\n<p>Le multiplicateur de gains commence \u00e0 x2 et augmente de 1 avant chaque r\u00e9action - th\u00e9oriquement, jusqu'\u00e0 l'infini. Deux serpents se joignent \u00e0 la f\u00eate, attendant que les soldats arrivent par le rouleau suppl\u00e9mentaire et d\u00e9clenchent la fonction \"Snake Strike\". Si le serpent \u00e0 gauche du rouleau horizontal bondit, le soldat devient Wild, et si son ami \u00e0 droite attaque, le soldat se transforme en Scatter.<\/p>\n<p>Medusa est une tentatrice qui vous propose de choisir entre prendre ce que vous avez gagn\u00e9 en tournant gratuitement ou jouer pour gagner plus. Vous obtiendrez le m\u00eame nombre de tours et pourrez tenter de faire mieux, mais une seule fois.<\/p>\n<p>Si vous \u00eates impatient de commencer \u00e0 jouer avec l'argent du casino mais que vous avez du mal \u00e0 r\u00e9unir 3 Scatters, il existe une autre option appel\u00e9e Buy Pass. En payant 100 fois votre mise totale, vous d\u00e9clenchez instantan\u00e9ment la partie bonus des tours gratuits.<\/p>\n<div class=\"app-header\">\n<h2 id=\"\">Medusa vs Autres Machines \u00e0 Sous Megaways<\/h2>\n<\/div>\n<div class=\"expandable-read-more\" data-readmore-expandable=\"\">\n<div>\n<div id=\"\" class=\"app-wysiwyg\" data-readmore-content=\"\">\n<p>Medusa est peut-\u00eatre l'une des\u00a0<a href=\"https:\/\/casinolion.ca\/fr\/slots\/megaways\/\">Meilleures machines \u00e0 sous Megaways<\/a>\u00a0d\u00e9velopp\u00e9 jusqu'\u00e0 pr\u00e9sent ; il a plus de caract\u00e9ristiques sp\u00e9ciales que la plupart des autres jeux qui utilisent le syst\u00e8me Megaways, le gain maximum est beaucoup plus \u00e9lev\u00e9 et l'option Buy Pass fait monter le RTP du jeu bien au-del\u00e0 de 97%.<\/p>\n<p>La possibilit\u00e9 d'acheter son entr\u00e9e dans le tour de bonus plaira aux joueurs frustr\u00e9s par les ic\u00f4nes de d\u00e9clenchement insaisissables, bien que le prix soit assez \u00e9lev\u00e9.<\/p>\n<\/div>\n<\/div>\n<\/div>\n<\/div>","protected":false},"excerpt":{"rendered":"<p>NextGen a trouv\u00e9 un moyen d'am\u00e9liorer l'une de ses machines \u00e0 sous vid\u00e9o les plus populaires en utilisant Megaways sous licence de Big Time Gaming. Le jeu comporte donc 7 rouleaux - 6 verticaux et un horizontal. Les rouleaux 1 et 6 peuvent contenir jusqu'\u00e0 7 symboles chacun, tandis que les rouleaux 2, 3 et 4 peuvent contenir un maximum de [...]<\/p>","protected":false},"author":1,"featured_media":0,"parent":455,"menu_order":0,"comment_status":"closed","ping_status":"closed","template":"","meta":{"_acf_changed":false,"footnotes":""},"class_list":["post-24523","page","type-page","status-publish","hentry"],"acf":[],"yoast_head":"<!-- This site is optimized with the Yoast SEO plugin v26.1.1 - https:\/\/yoast.com\/wordpress\/plugins\/seo\/ -->\n<title>Medusa MEGAWAYS Slot Review<\/title>\n<meta name=\"robots\" content=\"index, follow, max-snippet:-1, max-image-preview:large, max-video-preview:-1\" \/>\n<link rel=\"canonical\" href=\"https:\/\/casinolion.ca\/fr\/online-slots\/medusa-megaways\/\" \/>\n<meta property=\"og:locale\" content=\"fr_CA\" \/>\n<meta property=\"og:type\" content=\"article\" \/>\n<meta property=\"og:title\" content=\"Medusa MEGAWAYS Slot Review\" \/>\n<meta property=\"og:description\" content=\"NextGen found a way to make one of its most popular video slots even better by using\u00a0Megaways\u00a0under license from\u00a0Big Time Gaming. The game consequently plays with 7 reels \u2013 6 vertical and one horizontal. Reel 1 and 6 can contain up to 7 symbols each while reels 2, 3 and 4 hold a maximum of [&hellip;]\" \/>\n<meta property=\"og:url\" content=\"https:\/\/casinolion.ca\/fr\/online-slots\/medusa-megaways\/\" \/>\n<meta property=\"article:modified_time\" content=\"2025-03-07T07:24:12+00:00\" \/>\n<meta name=\"twitter:card\" content=\"summary_large_image\" \/>\n<meta name=\"twitter:label1\" content=\"Estimation du temps de lecture\" \/>\n\t<meta name=\"twitter:data1\" content=\"3 minutes\" \/>\n<script type=\"application\/ld+json\" class=\"yoast-schema-graph\">{\"@context\":\"https:\/\/schema.org\",\"@graph\":[{\"@type\":\"WebPage\",\"@id\":\"https:\/\/casinolion.ca\/online-slots\/medusa-megaways\/\",\"url\":\"https:\/\/casinolion.ca\/online-slots\/medusa-megaways\/\",\"name\":\"Medusa MEGAWAYS Slot Review\",\"isPartOf\":{\"@id\":\"https:\/\/casinolion.ca\/fr\/#website\"},\"datePublished\":\"2025-03-07T07:23:36+00:00\",\"dateModified\":\"2025-03-07T07:24:12+00:00\",\"breadcrumb\":{\"@id\":\"https:\/\/casinolion.ca\/online-slots\/medusa-megaways\/#breadcrumb\"},\"inLanguage\":\"fr-CA\",\"potentialAction\":[{\"@type\":\"ReadAction\",\"target\":[\"https:\/\/casinolion.ca\/online-slots\/medusa-megaways\/\"]}]},{\"@type\":\"BreadcrumbList\",\"@id\":\"https:\/\/casinolion.ca\/online-slots\/medusa-megaways\/#breadcrumb\",\"itemListElement\":[{\"@type\":\"ListItem\",\"position\":1,\"name\":\"Home\",\"item\":\"https:\/\/casinolion.ca\/\"},{\"@type\":\"ListItem\",\"position\":2,\"name\":\"Recommended Canadian Slots Sites\",\"item\":\"https:\/\/casinolion.ca\/online-slots\/\"},{\"@type\":\"ListItem\",\"position\":3,\"name\":\"Medusa MEGAWAYS\"}]},{\"@type\":\"WebSite\",\"@id\":\"https:\/\/casinolion.ca\/fr\/#website\",\"url\":\"https:\/\/casinolion.ca\/fr\/\",\"name\":\"\",\"description\":\"\",\"potentialAction\":[{\"@type\":\"SearchAction\",\"target\":{\"@type\":\"EntryPoint\",\"urlTemplate\":\"https:\/\/casinolion.ca\/fr\/?s={search_term_string}\"},\"query-input\":{\"@type\":\"PropertyValueSpecification\",\"valueRequired\":true,\"valueName\":\"search_term_string\"}}],\"inLanguage\":\"fr-CA\"}]}<\/script>\n<!-- \/ Yoast SEO plugin. -->","yoast_head_json":{"title":"Revue de la machine \u00e0 sous Medusa MEGAWAYS","robots":{"index":"index","follow":"follow","max-snippet":"max-snippet:-1","max-image-preview":"max-image-preview:large","max-video-preview":"max-video-preview:-1"},"canonical":"https:\/\/casinolion.ca\/fr\/online-slots\/medusa-megaways\/","og_locale":"fr_CA","og_type":"article","og_title":"Medusa MEGAWAYS Slot Review","og_description":"NextGen found a way to make one of its most popular video slots even better by using\u00a0Megaways\u00a0under license from\u00a0Big Time Gaming. The game consequently plays with 7 reels \u2013 6 vertical and one horizontal. Reel 1 and 6 can contain up to 7 symbols each while reels 2, 3 and 4 hold a maximum of [&hellip;]","og_url":"https:\/\/casinolion.ca\/fr\/online-slots\/medusa-megaways\/","article_modified_time":"2025-03-07T07:24:12+00:00","twitter_card":"summary_large_image","twitter_misc":{"Estimation du temps de lecture":"3 minutes"},"schema":{"@context":"https:\/\/schema.org","@graph":[{"@type":"WebPage","@id":"https:\/\/casinolion.ca\/online-slots\/medusa-megaways\/","url":"https:\/\/casinolion.ca\/online-slots\/medusa-megaways\/","name":"Revue de la machine \u00e0 sous Medusa MEGAWAYS","isPartOf":{"@id":"https:\/\/casinolion.ca\/fr\/#website"},"datePublished":"2025-03-07T07:23:36+00:00","dateModified":"2025-03-07T07:24:12+00:00","breadcrumb":{"@id":"https:\/\/casinolion.ca\/online-slots\/medusa-megaways\/#breadcrumb"},"inLanguage":"fr-CA","potentialAction":[{"@type":"ReadAction","target":["https:\/\/casinolion.ca\/online-slots\/medusa-megaways\/"]}]},{"@type":"BreadcrumbList","@id":"https:\/\/casinolion.ca\/online-slots\/medusa-megaways\/#breadcrumb","itemListElement":[{"@type":"ListItem","position":1,"name":"Home","item":"https:\/\/casinolion.ca\/"},{"@type":"ListItem","position":2,"name":"Recommended Canadian Slots Sites","item":"https:\/\/casinolion.ca\/online-slots\/"},{"@type":"ListItem","position":3,"name":"Medusa MEGAWAYS"}]},{"@type":"WebSite","@id":"https:\/\/casinolion.ca\/fr\/#website","url":"https:\/\/casinolion.ca\/fr\/","name":"","description":"","potentialAction":[{"@type":"SearchAction","target":{"@type":"EntryPoint","urlTemplate":"https:\/\/casinolion.ca\/fr\/?s={search_term_string}"},"query-input":{"@type":"PropertyValueSpecification","valueRequired":true,"valueName":"search_term_string"}}],"inLanguage":"fr-CA"}]}},"_links":{"self":[{"href":"https:\/\/casinolion.ca\/fr\/wp-json\/wp\/v2\/pages\/24523","targetHints":{"allow":["GET"]}}],"collection":[{"href":"https:\/\/casinolion.ca\/fr\/wp-json\/wp\/v2\/pages"}],"about":[{"href":"https:\/\/casinolion.ca\/fr\/wp-json\/wp\/v2\/types\/page"}],"author":[{"embeddable":true,"href":"https:\/\/casinolion.ca\/fr\/wp-json\/wp\/v2\/users\/1"}],"replies":[{"embeddable":true,"href":"https:\/\/casinolion.ca\/fr\/wp-json\/wp\/v2\/comments?post=24523"}],"version-history":[{"count":0,"href":"https:\/\/casinolion.ca\/fr\/wp-json\/wp\/v2\/pages\/24523\/revisions"}],"up":[{"embeddable":true,"href":"https:\/\/casinolion.ca\/fr\/wp-json\/wp\/v2\/pages\/455"}],"wp:attachment":[{"href":"https:\/\/casinolion.ca\/fr\/wp-json\/wp\/v2\/media?parent=24523"}],"curies":[{"name":"wp","href":"https:\/\/api.w.org\/{rel}","templated":true}]}}