
{"id":24530,"date":"2025-03-07T07:56:45","date_gmt":"2025-03-07T07:56:45","guid":{"rendered":"https:\/\/casinolion.ca\/?page_id=24530"},"modified":"2025-03-07T07:57:47","modified_gmt":"2025-03-07T07:57:47","slug":"fat-rabbit","status":"publish","type":"page","link":"https:\/\/casinolion.ca\/fr\/online-slots\/fat-rabbit\/","title":{"rendered":"Gros lapin"},"content":{"rendered":"<p>Il n'y a pas beaucoup de machines \u00e0 sous qui ont pour th\u00e8me l'agriculture. Fat Rabbit le fait, et il le fait tr\u00e8s bien. Il s'agit d'une machine \u00e0 sous vid\u00e9o r\u00e9alis\u00e9e par Push Gaming, un studio logiciel de petite taille originaire du Royaume-Uni. Sorti au printemps 2018, Fat Rabbit a r\u00e9v\u00e9l\u00e9 un c\u00f4t\u00e9 plut\u00f4t facile \u00e0 vivre.\u00a0<a href=\"https:\/\/casinolion.ca\/fr\/push-gaming\/\">Push Gaming<\/a>, et a certainement contribu\u00e9 \u00e0 propulser l'entreprise directement dans le grand bassin des requins.<\/p>\n<p>Fat Rabbit n'est pas le lapin de P\u00e2ques, il faut le pr\u00e9ciser d\u00e8s le d\u00e9part. Fat Rabbit est une petite cr\u00e9ature espi\u00e8gle qui vit dans une ferme et qui donne des maux de t\u00eate au fermier qui travaille dur en mangeant toutes ses bonnes carottes. Vous serez cependant heureux de le rencontrer, car \u00e0 chaque fois qu'il appara\u00eet, votre \u00e9quilibre risque de sauter - comme celui d'un lapin.<\/p>\n<div id=\"PlayFreeGame\" class=\"game_box\" style=\"padding-bottom: 75%; margin-bottom: 30px; background-size:cover; background-repeat:no-repeat;background-color:  #d24d57; background-image: url('https:\/\/a1.lcb.org\/system\/modules\/game\/images\/attachments\/000\/424\/863\/original\/FatRabbit1.jpg?1654080803');\">\n                        <i class=\"fas fa-play-circle\"><\/i>\n                     <\/div>\n                     <script>\n                        let iframe = '<iframe loading=\"lazy\" src=\"https:\/\/d3nsdzdtjbr5ml.cloudfront.net\/casino\/relax\/fatrabbit\/index.html?&moneymode=fun\" width=\"930\" height=\"576\" frameborder=\"0\" allowTransparency=\"true\" bgcolor=\"#FFFFFF\" style=\"background-color: black;\"><\/iframe>';\n                        let holder = document.querySelector(\"#PlayFreeGame\");\n                        holder.addEventListener(\"click\", function(){\n                            holder.innerHTML = iframe;\n                        });\n                    <\/script><h2 id=\"Fat-Rabbit-data-and-features\">Donn\u00e9es et caract\u00e9ristiques de Fat Rabbit<\/h2>\n                <table class=\"tablepress\">\n                    <tbody><tr><td><strong>Enrouleurs<\/strong><\/td><td>5<\/td><\/tr><tr><td><strong>Lignes de paiement<\/strong><\/td><td>50<\/td><\/tr><tr><td><strong>Jackpot maximum<\/strong><\/td><td>$2,000.00<\/td><\/tr><tr><td><strong>Pourcentage de paiement<\/strong><\/td><td>96.450<\/td><\/tr><tr><td><strong>Symbole Wild<\/strong><\/td><td>Oui<\/td><\/tr><tr><td><strong>Multiplicateur<\/strong><\/td><td>Non<\/td><\/tr><tr><td><strong>Gamme de paris<\/strong><\/td><td>0.25 - 100<\/td><\/tr><tr><td><strong>Plage de mise des pi\u00e8ces<\/strong><\/td><td>0.01 - 4<\/td><\/tr><tr><td><strong>Pi\u00e8ces par ligne<\/strong><\/td><td>1<\/td><\/tr><tr><td><strong>Progressif<\/strong><\/td><td>Non<\/td><\/tr><tr><td><strong>Max coins jackpot<\/strong><\/td><td>500<\/td><\/tr><tr><td><strong>Pi\u00e8ces maximales<\/strong><\/td><td>4<\/td><\/tr><tr><td><strong>Symbole Scatter<\/strong><\/td><td>Non<\/td><\/tr><tr><td><strong>Tours gratuits disponibles<\/strong><\/td><td>Oui<\/td><\/tr><tr><td><strong>Jeu bonus<\/strong><\/td><td>Non<\/td><\/tr><tr><td><strong>Acheter la fonctionnalit\u00e9<\/strong><\/td><td>Non<\/td><\/tr><tr><td><strong>Th\u00e8me du jeu<\/strong><\/td><td>P\u00e2ques<\/td><\/tr><tr><td><strong>Volatilit\u00e9<\/strong><\/td><td>Haut<\/td><\/tr><\/tbody><\/table>\n<div class=\"app-header\">\n<h2 id=\"\">Th\u00e8me et symboles<\/h2>\n<\/div>\n<div class=\"expandable-read-more\" data-readmore-expandable=\"\">\n<div>\n<div id=\"\" class=\"app-wysiwyg\" data-readmore-content=\"\">\n<p>Comme nous l'avons dit, Fat Rabbit se d\u00e9roule dans une ferme. On peut voir la cour avec de l'herbe verte, une grange, des arbres et un grenier au loin. C'est une belle journ\u00e9e ensoleill\u00e9e, un moment agr\u00e9able pour travailler \u00e0 la ferme, cultiver de la nourriture et nourrir les animaux, mais un petit bonhomme joufflu rend les choses difficiles. En observant les symboles, l'histoire se d\u00e9voile. Le fermier se met en col\u00e8re, tout comme son chien.<\/p>\n<p>Le lapin, quant \u00e0 lui, semble plut\u00f4t satisfait de lui, car il a obtenu ce qu'il voulait. Outre le fermier, le lapin et le chien, les autres symboles sont un seau d'eau fra\u00eeche, des bottes de foin et des cartes \u00e0 jouer : carreau, c\u0153ur, pique et tr\u00e8fle, toutes sculpt\u00e9es dans du bois, pour rester dans le th\u00e8me de la campagne.<\/p>\n<p>Faites attention aux carottes, qui sont des jokers dans ce jeu, ainsi qu'au lapin, qui remplacera les symboles normaux pour former des combinaisons gagnantes.<\/p>\n<p>Le style du jeu est particulier, il est \u201ccartoonesque\u201d, mais pas de mani\u00e8re conventionnelle. Les sons de fond cr\u00e9ent une atmosph\u00e8re de ferme, avec des oiseaux qui gazouillent et des poulets qui gloussent.<\/p>\n<p>Le lapin en a apr\u00e8s les carottes, et il ne reculera devant rien pour satisfaire sa faim. Le fermier peut \u00eatre furieux parce que ses r\u00e9coltes sont ravag\u00e9es par la cr\u00e9ature duveteuse, mais plus il grignote de carottes, plus vous avez de chances d'augmenter votre bankroll. D\u00e9sol\u00e9, l'agriculture - le joueur est du c\u00f4t\u00e9 du lapin cette fois-ci.<\/p>\n<\/div>\n<\/div>\n<\/div>\n<div class=\"elements-separator\"><\/div>\n<div class=\"app-header\">\n<h2 id=\"\">Structure et jouabilit\u00e9<\/h2>\n<\/div>\n<div class=\"expandable-read-more\" data-readmore-expandable=\"\">\n<div>\n<div id=\"\" class=\"app-wysiwyg\" data-readmore-content=\"\">\n<p>Fat Rabbit comporte 5 colonnes et 5 rang\u00e9es de symboles. Les rouleaux de forme carr\u00e9e permettent 50 lignes de paiement ; celles-ci sont fixes et payent de gauche \u00e0 droite, en commen\u00e7ant par le rouleau le plus \u00e0 gauche. Comme d'habitude, le joueur doit obtenir au moins trois symboles identiques sur une ligne de paiement lors d'un seul tour pour recevoir un paiement correspondant aux valeurs publi\u00e9es dans la table de paiement.<\/p>\n<p>Le fermier et le lapin sont les plus pr\u00e9cieux, car ils rapportent 20 fois la mise pour un brelan. En ce qui concerne le jeu de base, Fat Rabbit est un jeu assez simple. Les symboles s'animent lorsque des combos gagnants sont d\u00e9clench\u00e9s, ce qui ajoute \u00e0 l'attrait du jeu<\/p>\n<p>Le d\u00e9veloppeur a veill\u00e9 \u00e0 ce que l'interface ne soit pas encombr\u00e9e de boutons et de param\u00e8tres, ne laissant que l'essentiel \u00e0 l'\u00e9cran. Le bouton principal Spin se trouve dans le coin inf\u00e9rieur droit et le bouton Autoplay juste \u00e0 c\u00f4t\u00e9.<\/p>\n<p>Fat Rabbit permet jusqu'\u00e0 100 jeux automatiques, avec la possibilit\u00e9 de choisir votre limite de perte et votre limite de gain unique. Il ne vous reste plus qu'\u00e0 ajuster la taille de votre mise et vous \u00eates pr\u00eat \u00e0 partir. Vous pouvez visiter la ferme depuis votre t\u00e9l\u00e9phone portable ou votre tablette, selon votre pr\u00e9f\u00e9rence. Fat Rabbit est optimis\u00e9 pour une utilisation mobile.<\/p>\n<\/div>\n<\/div>\n<\/div>\n<div class=\"app-header\">\n<div>\n<h3>Caract\u00e9ristiques sp\u00e9ciales<\/h3>\n<div class=\"app-wysiwyg\">\n<p>Tout est calme \u00e0 la ferme - jusqu'\u00e0 la saison des r\u00e9coltes. La premi\u00e8re fonction int\u00e9ressante de Fat Rabbit est la fonction de r\u00e9colte. Elle se produit de mani\u00e8re al\u00e9atoire et il est impossible de la manquer car elle implique un tracteur qui traverse les rouleaux verticalement et horizontalement, laissant derri\u00e8re lui une tra\u00een\u00e9e de carottes. Une fois la r\u00e9colte termin\u00e9e, les rouleaux, que l'on esp\u00e8re remplis de carottes croquantes, seront \u00e9valu\u00e9s pour les gains.<\/p>\n<p>Il y a \u00e9galement un tour de tours gratuits divertissant qui s'active chaque fois que le lapin et la carotte atterrissent quelque part sur les rouleaux au cours d'un m\u00eame tour. Le joueur b\u00e9n\u00e9ficie de 5 parties gratuites au cours desquelles d'autres carottes peuvent appara\u00eetre.<\/p>\n<p>L'app\u00e9tit du lapin atteindra son maximum et le lapin \u00e0 queue blanche commencera \u00e0 d\u00e9vorer les savoureux l\u00e9gumes, remplissant ainsi le compteur de carottes. Lorsque le lapin aura d\u00e9vor\u00e9 cinq carottes, il se transformera en un symbole 2\u00d72 plus grand. D'autres gratuit\u00e9s sont ajout\u00e9es et le bonus se poursuit, r\u00e9p\u00e9tant le cycle. Lorsque le lapin atteint sa taille maximale, il devient un \u00e9norme symbole 5\u00d75, ce qui met fin au tour et permet de remporter tous les gains.<\/p>\n<\/div>\n<\/div>\n<div class=\"app-text-card white-shadowed-box\">\n<div class=\"app-header\">\n<h2 id=\"\">Plus d'informations sur Fat Rabbit<\/h2>\n<\/div>\n<div class=\"expandable-read-more\" data-readmore-expandable=\"\">\n<div>\n<div id=\"features\" class=\"app-wysiwyg _mPS2id-t mPS2id-target mPS2id-target-first mPS2id-target-last\" data-readmore-content=\"\">\n<p>La variance de Fat Rabbit est \u00e9lev\u00e9e, alors ne vous attendez pas \u00e0 des gains fr\u00e9quents dans le jeu de base, ni \u00e0 des gains importants d'ailleurs. Mais les fonctions sp\u00e9ciales offrent un potentiel de gains massifs, alors restez vigilant et essayez de ne pas avoir une crise cardiaque lorsque le lapin aura suffisamment grossi pour couvrir tout l'\u00e9cran.<\/p>\n<p>Il n'est pas facile d'augmenter la taille du lapin, et vous devez donc disposer d'une balance suffisamment importante pour supporter la p\u00e9riode d'attente. Le petit coquin devrait en valoir la peine. Le RTP du Fat Rabbit de Push Gaming est de 96,45%.<\/p>\n<\/div>\n<\/div>\n<\/div>\n<div class=\"app-header\">\n<h2 id=\"\">Verdict final<\/h2>\n<\/div>\n<div class=\"expandable-read-more\" data-readmore-expandable=\"\">\n<div>\n<div id=\"\" class=\"app-wysiwyg\" data-readmore-content=\"\">\n<p>Selon beaucoup, Fat Rabbit est la meilleure machine \u00e0 sous vid\u00e9o publi\u00e9e par Push Gaming en 2018. Les joueurs appr\u00e9cient la finesse des graphismes et le fait que la machine \u00e0 sous se joue sans d\u00e9calage sur tous les appareils.<\/p>\n<p>Il s'agit d'une machine \u00e0 sous charmante qui m\u00eale gros lapins et gros gains, et qui vaut vraiment la peine d'\u00eatre essay\u00e9e. Gardez votre compagnon mangeur de carottes heureux et grassouillet, et vous n'aurez pas \u00e0 vous soucier de r\u00e9colter les fruits (et les l\u00e9gumes) de votre travail.<\/p>\n<p>Il n'y a pas beaucoup de jeux similaires sur le march\u00e9, mais\u00a0<a href=\"https:\/\/casinolion.ca\/fr\/slots\/white-rabbit\/\">Le lapin blanc de Big Time Gaming<\/a>\u00a0s'en rapproche en termes de variance, de RTP et de th\u00e8me li\u00e9 au lapin. Le Fat Santa de Push Gaming, ax\u00e9 sur les f\u00eates de fin d'ann\u00e9e, partage \u00e9galement de nombreux \u00e9l\u00e9ments de jeu avec Fat Rabbit. Continuez \u00e0 nous en mettre plein la vue, Push Gaming, nous sommes pr\u00eats.<\/p>\n<\/div>\n<\/div>\n<\/div>\n<\/div>\n<\/div>","protected":false},"excerpt":{"rendered":"<p>Not too many slots out there sport a farming theme. Fat Rabbit does, and it does it very well. It is a video slot game made by Push Gaming, a smaller-scale software studio from the UK. Released in the spring of 2018, Fat Rabbit revealed a rather easygoing side of\u00a0Push Gaming, and definitely helped propel [&hellip;]<\/p>","protected":false},"author":1,"featured_media":0,"parent":455,"menu_order":0,"comment_status":"closed","ping_status":"closed","template":"","meta":{"_acf_changed":false,"footnotes":""},"class_list":["post-24530","page","type-page","status-publish","hentry"],"acf":[],"yoast_head":"<!-- This site is optimized with the Yoast SEO plugin v26.1.1 - https:\/\/yoast.com\/wordpress\/plugins\/seo\/ -->\n<title>Fat Rabbit Slot Review<\/title>\n<meta name=\"robots\" content=\"index, follow, max-snippet:-1, max-image-preview:large, max-video-preview:-1\" \/>\n<link rel=\"canonical\" href=\"https:\/\/casinolion.ca\/fr\/online-slots\/fat-rabbit\/\" \/>\n<meta property=\"og:locale\" content=\"fr_CA\" \/>\n<meta property=\"og:type\" content=\"article\" \/>\n<meta property=\"og:title\" content=\"Fat Rabbit Slot Review\" \/>\n<meta property=\"og:description\" content=\"Not too many slots out there sport a farming theme. Fat Rabbit does, and it does it very well. It is a video slot game made by Push Gaming, a smaller-scale software studio from the UK. Released in the spring of 2018, Fat Rabbit revealed a rather easygoing side of\u00a0Push Gaming, and definitely helped propel [&hellip;]\" \/>\n<meta property=\"og:url\" content=\"https:\/\/casinolion.ca\/fr\/online-slots\/fat-rabbit\/\" \/>\n<meta property=\"article:modified_time\" content=\"2025-03-07T07:57:47+00:00\" \/>\n<meta name=\"twitter:card\" content=\"summary_large_image\" \/>\n<meta name=\"twitter:label1\" content=\"Estimation du temps de lecture\" \/>\n\t<meta name=\"twitter:data1\" content=\"5 minutes\" \/>\n<script type=\"application\/ld+json\" class=\"yoast-schema-graph\">{\"@context\":\"https:\/\/schema.org\",\"@graph\":[{\"@type\":\"WebPage\",\"@id\":\"https:\/\/casinolion.ca\/online-slots\/fat-rabbit\/\",\"url\":\"https:\/\/casinolion.ca\/online-slots\/fat-rabbit\/\",\"name\":\"Fat Rabbit Slot Review\",\"isPartOf\":{\"@id\":\"https:\/\/casinolion.ca\/fr\/#website\"},\"datePublished\":\"2025-03-07T07:56:45+00:00\",\"dateModified\":\"2025-03-07T07:57:47+00:00\",\"breadcrumb\":{\"@id\":\"https:\/\/casinolion.ca\/online-slots\/fat-rabbit\/#breadcrumb\"},\"inLanguage\":\"fr-CA\",\"potentialAction\":[{\"@type\":\"ReadAction\",\"target\":[\"https:\/\/casinolion.ca\/online-slots\/fat-rabbit\/\"]}]},{\"@type\":\"BreadcrumbList\",\"@id\":\"https:\/\/casinolion.ca\/online-slots\/fat-rabbit\/#breadcrumb\",\"itemListElement\":[{\"@type\":\"ListItem\",\"position\":1,\"name\":\"Home\",\"item\":\"https:\/\/casinolion.ca\/\"},{\"@type\":\"ListItem\",\"position\":2,\"name\":\"Recommended Canadian Slots Sites\",\"item\":\"https:\/\/casinolion.ca\/online-slots\/\"},{\"@type\":\"ListItem\",\"position\":3,\"name\":\"Fat Rabbit\"}]},{\"@type\":\"WebSite\",\"@id\":\"https:\/\/casinolion.ca\/fr\/#website\",\"url\":\"https:\/\/casinolion.ca\/fr\/\",\"name\":\"\",\"description\":\"\",\"potentialAction\":[{\"@type\":\"SearchAction\",\"target\":{\"@type\":\"EntryPoint\",\"urlTemplate\":\"https:\/\/casinolion.ca\/fr\/?s={search_term_string}\"},\"query-input\":{\"@type\":\"PropertyValueSpecification\",\"valueRequired\":true,\"valueName\":\"search_term_string\"}}],\"inLanguage\":\"fr-CA\"}]}<\/script>\n<!-- \/ Yoast SEO plugin. -->","yoast_head_json":{"title":"Revue de la machine \u00e0 sous Fat Rabbit","robots":{"index":"index","follow":"follow","max-snippet":"max-snippet:-1","max-image-preview":"max-image-preview:large","max-video-preview":"max-video-preview:-1"},"canonical":"https:\/\/casinolion.ca\/fr\/online-slots\/fat-rabbit\/","og_locale":"fr_CA","og_type":"article","og_title":"Fat Rabbit Slot Review","og_description":"Not too many slots out there sport a farming theme. Fat Rabbit does, and it does it very well. It is a video slot game made by Push Gaming, a smaller-scale software studio from the UK. Released in the spring of 2018, Fat Rabbit revealed a rather easygoing side of\u00a0Push Gaming, and definitely helped propel [&hellip;]","og_url":"https:\/\/casinolion.ca\/fr\/online-slots\/fat-rabbit\/","article_modified_time":"2025-03-07T07:57:47+00:00","twitter_card":"summary_large_image","twitter_misc":{"Estimation du temps de lecture":"5 minutes"},"schema":{"@context":"https:\/\/schema.org","@graph":[{"@type":"WebPage","@id":"https:\/\/casinolion.ca\/online-slots\/fat-rabbit\/","url":"https:\/\/casinolion.ca\/online-slots\/fat-rabbit\/","name":"Revue de la machine \u00e0 sous Fat Rabbit","isPartOf":{"@id":"https:\/\/casinolion.ca\/fr\/#website"},"datePublished":"2025-03-07T07:56:45+00:00","dateModified":"2025-03-07T07:57:47+00:00","breadcrumb":{"@id":"https:\/\/casinolion.ca\/online-slots\/fat-rabbit\/#breadcrumb"},"inLanguage":"fr-CA","potentialAction":[{"@type":"ReadAction","target":["https:\/\/casinolion.ca\/online-slots\/fat-rabbit\/"]}]},{"@type":"BreadcrumbList","@id":"https:\/\/casinolion.ca\/online-slots\/fat-rabbit\/#breadcrumb","itemListElement":[{"@type":"ListItem","position":1,"name":"Home","item":"https:\/\/casinolion.ca\/"},{"@type":"ListItem","position":2,"name":"Recommended Canadian Slots Sites","item":"https:\/\/casinolion.ca\/online-slots\/"},{"@type":"ListItem","position":3,"name":"Fat Rabbit"}]},{"@type":"WebSite","@id":"https:\/\/casinolion.ca\/fr\/#website","url":"https:\/\/casinolion.ca\/fr\/","name":"","description":"","potentialAction":[{"@type":"SearchAction","target":{"@type":"EntryPoint","urlTemplate":"https:\/\/casinolion.ca\/fr\/?s={search_term_string}"},"query-input":{"@type":"PropertyValueSpecification","valueRequired":true,"valueName":"search_term_string"}}],"inLanguage":"fr-CA"}]}},"_links":{"self":[{"href":"https:\/\/casinolion.ca\/fr\/wp-json\/wp\/v2\/pages\/24530","targetHints":{"allow":["GET"]}}],"collection":[{"href":"https:\/\/casinolion.ca\/fr\/wp-json\/wp\/v2\/pages"}],"about":[{"href":"https:\/\/casinolion.ca\/fr\/wp-json\/wp\/v2\/types\/page"}],"author":[{"embeddable":true,"href":"https:\/\/casinolion.ca\/fr\/wp-json\/wp\/v2\/users\/1"}],"replies":[{"embeddable":true,"href":"https:\/\/casinolion.ca\/fr\/wp-json\/wp\/v2\/comments?post=24530"}],"version-history":[{"count":0,"href":"https:\/\/casinolion.ca\/fr\/wp-json\/wp\/v2\/pages\/24530\/revisions"}],"up":[{"embeddable":true,"href":"https:\/\/casinolion.ca\/fr\/wp-json\/wp\/v2\/pages\/455"}],"wp:attachment":[{"href":"https:\/\/casinolion.ca\/fr\/wp-json\/wp\/v2\/media?parent=24530"}],"curies":[{"name":"wp","href":"https:\/\/api.w.org\/{rel}","templated":true}]}}