
{"id":24537,"date":"2025-03-07T08:07:46","date_gmt":"2025-03-07T08:07:46","guid":{"rendered":"https:\/\/casinolion.ca\/?page_id=24537"},"modified":"2025-03-07T08:08:36","modified_gmt":"2025-03-07T08:08:36","slug":"slots-o-gold","status":"publish","type":"page","link":"https:\/\/casinolion.ca\/fr\/online-slots\/slots-o-gold\/","title":{"rendered":"Slots O\u2019 Gold Megaways Revue de la machine \u00e0 sous + offres de bonus"},"content":{"rendered":"<p>Le\u00a0<a href=\"https:\/\/casinolion.ca\/fr\/blueprint-gaming\/\">Blueprint Gaming<\/a>\u00a0aime les jeux sur le th\u00e8me de l'Irlande, tout autant que l'\u00e9quipe de la\u00a0<a href=\"https:\/\/casinolion.ca\/fr\/slots\/megaways\/\">Le brevet Megaways innovant de BTG<\/a>. La machine \u00e0 sous O\u2019 Gold a moins de fonctions sp\u00e9ciales que Irish Riches Megaways, mais elle peut aussi rapporter jusqu'\u00e0 10 000 fois votre mise et \u00e9ventuellement vous faire gagner l'un des jackpots progressifs.<\/p>\n<p>Les joueurs verront jusqu'\u00e0 5 symboles par rouleau et pourront gagner jusqu'\u00e0 15 625 fois.<\/p>\n<p>Le jeu de base offre un rendement de 95,96% et le jackpot l'augmente de 0,38% (JP) plus 0,11% (la r\u00e9serve).<\/p>\n<div id=\"PlayFreeGame\" class=\"game_box\" style=\"padding-bottom: 75%; margin-bottom: 30px; background-size:cover; background-repeat:no-repeat;background-color:  #d24d57; background-image: url('https:\/\/a1.lcb.org\/system\/modules\/game\/images\/attachments\/000\/417\/257\/original\/Slots-O-Gold.jpg?1648807578');\">\n                        <i class=\"fas fa-play-circle\"><\/i>\n                     <\/div>\n                     <script>\n                        let iframe = '<iframe loading=\"lazy\" src=\"https:\/\/slotslaunch.com\/iframe\/9492?token=rvgmcR4z0DADcCv3Hy0pVy9HQf7iaZ9tGNS9qWMaoIJPRjmw38\" width=\"930\" height=\"576\" frameborder=\"0\" allowTransparency=\"true\" bgcolor=\"#FFFFFF\" style=\"background-color: black;\"><\/iframe>';\n                        let holder = document.querySelector(\"#PlayFreeGame\");\n                        holder.addEventListener(\"click\", function(){\n                            holder.innerHTML = iframe;\n                        });\n                    <\/script><h2 id=\"Slots-O-Gold-data-and-features\">Donn\u00e9es et caract\u00e9ristiques de la machine \u00e0 sous O Gold<\/h2>\n                <table class=\"tablepress\">\n                    <tbody><tr><td><strong>Enrouleurs<\/strong><\/td><td>5<\/td><\/tr><tr><td><strong>Lignes de paiement<\/strong><\/td><td>20<\/td><\/tr><tr><td><strong>Jackpot maximum<\/strong><\/td><td>$500,000.00<\/td><\/tr><tr><td><strong>Pourcentage de paiement<\/strong><\/td><td>92.480<\/td><\/tr><tr><td><strong>Symbole Wild<\/strong><\/td><td>Non<\/td><\/tr><tr><td><strong>Multiplicateur<\/strong><\/td><td>Non<\/td><\/tr><tr><td><strong>Gamme de paris<\/strong><\/td><td>0.2 - 500<\/td><\/tr><tr><td><strong>Plage de mise des pi\u00e8ces<\/strong><\/td><td>0.01 - 25<\/td><\/tr><tr><td><strong>Pi\u00e8ces par ligne<\/strong><\/td><td>1<\/td><\/tr><tr><td><strong>Progressif<\/strong><\/td><td>Oui<\/td><\/tr><tr><td><strong>Max coins jackpot<\/strong><\/td><td>20000<\/td><\/tr><tr><td><strong>Pi\u00e8ces maximales<\/strong><\/td><td>25<\/td><\/tr><tr><td><strong>Symbole Scatter<\/strong><\/td><td>Non<\/td><\/tr><tr><td><strong>Tours gratuits disponibles<\/strong><\/td><td>Oui<\/td><\/tr><tr><td><strong>Jeu bonus<\/strong><\/td><td>Non<\/td><\/tr><tr><td><strong>Acheter la fonctionnalit\u00e9<\/strong><\/td><td>Non<\/td><\/tr><tr><td><strong>Th\u00e8me du jeu<\/strong><\/td><td>Irlandais<\/td><\/tr><tr><td><strong>Volatilit\u00e9<\/strong><\/td><td>Moyen \u00e0 \u00e9lev\u00e9<\/td><\/tr><\/tbody><\/table>\n<h3>Les bonus d\u00e9construits<\/h3>\n<div class=\"app-wysiwyg\">\n<p>Blueprint Gaming a charg\u00e9 son joyeux Leprechaun de remplacer un symbole manquant pour que le tour soit payant. Il ne fr\u00e9quente que les rouleaux 2 \u00e0 5 et ne peut pas se substituer aux ic\u00f4nes Scatter ou Bonus. Cependant, chaque apparition d\u00e9clenche des tours arc-en-ciel au cours desquels le Leprechaun Wild s'\u00e9tend pour couvrir l'ensemble du rouleau et reste ensuite fixe tandis que les autres rouleaux tournent \u00e0 nouveau.<\/p>\n<p>Si un autre petit farfadet appara\u00eet pendant le re-spin, il fera exactement la m\u00eame chose que son jumeau. Jusqu'\u00e0 3 Wilds suppl\u00e9mentaires peuvent appara\u00eetre apr\u00e8s que le premier Leprechaun ait activ\u00e9 un re-spin, ce qui signifie que vous pouvez obtenir un maximum de 4 re-spins.<\/p>\n<p>Comme beaucoup d'autres titres de Megaways, la machine \u00e0 sous O'Gold utilise des symboles myst\u00e8res capables de r\u00e9v\u00e9ler la m\u00eame ic\u00f4ne r\u00e9guli\u00e8re al\u00e9atoire. Le jeu est reli\u00e9 au syst\u00e8me Jackpot King Deluxe, ce qui permet aux joueurs de remporter un jackpot financ\u00e9 par les contributions de leurs mises et la mise initiale fournie par l'op\u00e9rateur.<\/p>\n<p>Le bonus Jackpot King Deluxe peut \u00eatre d\u00e9clench\u00e9 en obtenant 5 symboles superpos\u00e9s Jackpot King Deluxe sur les rouleaux 1 \u00e0 5. Une fois qu'il est activ\u00e9, les joueurs doivent collecter des symboles Couronne pour monter dans l'\u00e9chelle des gains. Accumuler 15 couronnes ou plus permet d'acc\u00e9der \u00e0 la section Wheel King du tour bonus.<\/p>\n<p>Chaque tour est suivi par le choix de quatre ic\u00f4nes diff\u00e9rentes qui peuvent r\u00e9v\u00e9ler Spin, Collect ou Wheel King. La premi\u00e8re ic\u00f4ne vous permet d'effectuer un nouveau tour avec des couronnes suppl\u00e9mentaires qui augmentent encore le multiplicateur de gains. \u201cCollect\u201d met fin \u00e0 la fonction et paie la mise augment\u00e9e du multiplicateur obtenu sur l'\u00e9chelle des gains.<\/p>\n<p>La r\u00e9v\u00e9lation de \u201cWheel King\u201d vous fait tourner la roue avec des multiplicateurs de gros gains et des segments de pots progressifs.  Les pots royaux et r\u00e9galiens sont garantis d'\u00eatre gagn\u00e9s avant qu'ils n'atteignent la valeur \u201eMust Be Won By\u201c et les chances d'en attraper un augmentent au fur et \u00e0 mesure qu'il se rapproche de ce montant pr\u00e9d\u00e9termin\u00e9.<\/p>\n<div class=\"app-header\">\n<h2 id=\"\">Slots O\u2019 Gold vs Autres machines \u00e0 sous Megaways<\/h2>\n<\/div>\n<div class=\"expandable-read-more\" data-readmore-expandable=\"\">\n<div>\n<div id=\"\" class=\"app-wysiwyg\" data-readmore-content=\"\">\n<p>Slots O\u2019 Gold est un jeu assez simple compar\u00e9 aux autres titres Megaways. Il n'int\u00e8gre pas le rouleau suppl\u00e9mentaire habituel positionn\u00e9 au-dessus ou au-dessous des rouleaux verticaux normaux, il n'y a pas d'action en cascade et pas de tours gratuits standard.<\/p>\n<p>\u00c0 la place, les joueurs b\u00e9n\u00e9ficient de re-spins d\u00e9clench\u00e9s par des substituts Wild, ce qui n'est pas une mauvaise alternative, si ce n'est que les gains ne sont pas boost\u00e9s par un multiplicateur croissant.<\/p>\n<p>Il y a cependant la possibilit\u00e9 de remporter l'un des jackpots progressifs et l'avantage, rarement disponible, de \u201esavoir\u201c quand les pots Regal et Royal sont le plus susceptibles de changer de propri\u00e9taire.<\/p>\n<\/div>\n<\/div>\n<\/div>\n<\/div>","protected":false},"excerpt":{"rendered":"<p>L'\u00e9quipe de Blueprint Gaming aime les jeux \u00e0 th\u00e8me irlandais tout autant que le brevet innovant Megaways de BTG. La machine \u00e0 sous O\u2019 Gold poss\u00e8de peut-\u00eatre moins de fonctions sp\u00e9ciales que Irish Riches Megaways, mais elle peut aussi rapporter jusqu'\u00e0 10 000 fois votre mise et \u00e9ventuellement vous faire gagner l'un des jackpots progressifs. Les joueurs verront jusqu'\u00e0 5 symboles par rouleau et pourront gagner jusqu'\u00e0 [...]<\/p>","protected":false},"author":1,"featured_media":0,"parent":455,"menu_order":0,"comment_status":"closed","ping_status":"closed","template":"","meta":{"_acf_changed":false,"footnotes":""},"class_list":["post-24537","page","type-page","status-publish","hentry"],"acf":[],"yoast_head":"<!-- This site is optimized with the Yoast SEO plugin v26.1.1 - https:\/\/yoast.com\/wordpress\/plugins\/seo\/ -->\n<title>Slots O&#039; Gold Megaways Slot Review + Bonus Offers<\/title>\n<meta name=\"robots\" content=\"index, follow, max-snippet:-1, max-image-preview:large, max-video-preview:-1\" \/>\n<link rel=\"canonical\" href=\"https:\/\/casinolion.ca\/fr\/online-slots\/slots-o-gold\/\" \/>\n<meta property=\"og:locale\" content=\"fr_CA\" \/>\n<meta property=\"og:type\" content=\"article\" \/>\n<meta property=\"og:title\" content=\"Slots O&#039; Gold Megaways Slot Review + Bonus Offers\" \/>\n<meta property=\"og:description\" content=\"The\u00a0Blueprint Gaming\u00a0team likes Irish-themed games just as much as\u00a0BTG\u2019s innovative Megaways patent. Slots O\u2019 Gold may have fewer special features than Irish Riches Megaways but can also pay up to 10,000x your bet and possibly award one of the progressive jackpots. Players will see up to 5 symbols per reel and get to win up [&hellip;]\" \/>\n<meta property=\"og:url\" content=\"https:\/\/casinolion.ca\/fr\/online-slots\/slots-o-gold\/\" \/>\n<meta property=\"article:modified_time\" content=\"2025-03-07T08:08:36+00:00\" \/>\n<meta name=\"twitter:card\" content=\"summary_large_image\" \/>\n<meta name=\"twitter:label1\" content=\"Estimation du temps de lecture\" \/>\n\t<meta name=\"twitter:data1\" content=\"3 minutes\" \/>\n<script type=\"application\/ld+json\" class=\"yoast-schema-graph\">{\"@context\":\"https:\/\/schema.org\",\"@graph\":[{\"@type\":\"WebPage\",\"@id\":\"https:\/\/casinolion.ca\/online-slots\/slots-o-gold\/\",\"url\":\"https:\/\/casinolion.ca\/online-slots\/slots-o-gold\/\",\"name\":\"Slots O' Gold Megaways Slot Review + Bonus Offers\",\"isPartOf\":{\"@id\":\"https:\/\/casinolion.ca\/fr\/#website\"},\"datePublished\":\"2025-03-07T08:07:46+00:00\",\"dateModified\":\"2025-03-07T08:08:36+00:00\",\"breadcrumb\":{\"@id\":\"https:\/\/casinolion.ca\/online-slots\/slots-o-gold\/#breadcrumb\"},\"inLanguage\":\"fr-CA\",\"potentialAction\":[{\"@type\":\"ReadAction\",\"target\":[\"https:\/\/casinolion.ca\/online-slots\/slots-o-gold\/\"]}]},{\"@type\":\"BreadcrumbList\",\"@id\":\"https:\/\/casinolion.ca\/online-slots\/slots-o-gold\/#breadcrumb\",\"itemListElement\":[{\"@type\":\"ListItem\",\"position\":1,\"name\":\"Home\",\"item\":\"https:\/\/casinolion.ca\/\"},{\"@type\":\"ListItem\",\"position\":2,\"name\":\"Recommended Canadian Slots Sites\",\"item\":\"https:\/\/casinolion.ca\/online-slots\/\"},{\"@type\":\"ListItem\",\"position\":3,\"name\":\"Slots O&#8217; Gold Megaways Slot Review + Bonus Offers\"}]},{\"@type\":\"WebSite\",\"@id\":\"https:\/\/casinolion.ca\/fr\/#website\",\"url\":\"https:\/\/casinolion.ca\/fr\/\",\"name\":\"\",\"description\":\"\",\"potentialAction\":[{\"@type\":\"SearchAction\",\"target\":{\"@type\":\"EntryPoint\",\"urlTemplate\":\"https:\/\/casinolion.ca\/fr\/?s={search_term_string}\"},\"query-input\":{\"@type\":\"PropertyValueSpecification\",\"valueRequired\":true,\"valueName\":\"search_term_string\"}}],\"inLanguage\":\"fr-CA\"}]}<\/script>\n<!-- \/ Yoast SEO plugin. -->","yoast_head_json":{"title":"Slots O' Gold Megaways Revue de la machine \u00e0 sous + offres de bonus","robots":{"index":"index","follow":"follow","max-snippet":"max-snippet:-1","max-image-preview":"max-image-preview:large","max-video-preview":"max-video-preview:-1"},"canonical":"https:\/\/casinolion.ca\/fr\/online-slots\/slots-o-gold\/","og_locale":"fr_CA","og_type":"article","og_title":"Slots O' Gold Megaways Slot Review + Bonus Offers","og_description":"The\u00a0Blueprint Gaming\u00a0team likes Irish-themed games just as much as\u00a0BTG\u2019s innovative Megaways patent. Slots O\u2019 Gold may have fewer special features than Irish Riches Megaways but can also pay up to 10,000x your bet and possibly award one of the progressive jackpots. Players will see up to 5 symbols per reel and get to win up [&hellip;]","og_url":"https:\/\/casinolion.ca\/fr\/online-slots\/slots-o-gold\/","article_modified_time":"2025-03-07T08:08:36+00:00","twitter_card":"summary_large_image","twitter_misc":{"Estimation du temps de lecture":"3 minutes"},"schema":{"@context":"https:\/\/schema.org","@graph":[{"@type":"WebPage","@id":"https:\/\/casinolion.ca\/online-slots\/slots-o-gold\/","url":"https:\/\/casinolion.ca\/online-slots\/slots-o-gold\/","name":"Slots O' Gold Megaways Revue de la machine \u00e0 sous + offres de bonus","isPartOf":{"@id":"https:\/\/casinolion.ca\/fr\/#website"},"datePublished":"2025-03-07T08:07:46+00:00","dateModified":"2025-03-07T08:08:36+00:00","breadcrumb":{"@id":"https:\/\/casinolion.ca\/online-slots\/slots-o-gold\/#breadcrumb"},"inLanguage":"fr-CA","potentialAction":[{"@type":"ReadAction","target":["https:\/\/casinolion.ca\/online-slots\/slots-o-gold\/"]}]},{"@type":"BreadcrumbList","@id":"https:\/\/casinolion.ca\/online-slots\/slots-o-gold\/#breadcrumb","itemListElement":[{"@type":"ListItem","position":1,"name":"Home","item":"https:\/\/casinolion.ca\/"},{"@type":"ListItem","position":2,"name":"Recommended Canadian Slots Sites","item":"https:\/\/casinolion.ca\/online-slots\/"},{"@type":"ListItem","position":3,"name":"Slots O&#8217; Gold Megaways Slot Review + Bonus Offers"}]},{"@type":"WebSite","@id":"https:\/\/casinolion.ca\/fr\/#website","url":"https:\/\/casinolion.ca\/fr\/","name":"","description":"","potentialAction":[{"@type":"SearchAction","target":{"@type":"EntryPoint","urlTemplate":"https:\/\/casinolion.ca\/fr\/?s={search_term_string}"},"query-input":{"@type":"PropertyValueSpecification","valueRequired":true,"valueName":"search_term_string"}}],"inLanguage":"fr-CA"}]}},"_links":{"self":[{"href":"https:\/\/casinolion.ca\/fr\/wp-json\/wp\/v2\/pages\/24537","targetHints":{"allow":["GET"]}}],"collection":[{"href":"https:\/\/casinolion.ca\/fr\/wp-json\/wp\/v2\/pages"}],"about":[{"href":"https:\/\/casinolion.ca\/fr\/wp-json\/wp\/v2\/types\/page"}],"author":[{"embeddable":true,"href":"https:\/\/casinolion.ca\/fr\/wp-json\/wp\/v2\/users\/1"}],"replies":[{"embeddable":true,"href":"https:\/\/casinolion.ca\/fr\/wp-json\/wp\/v2\/comments?post=24537"}],"version-history":[{"count":0,"href":"https:\/\/casinolion.ca\/fr\/wp-json\/wp\/v2\/pages\/24537\/revisions"}],"up":[{"embeddable":true,"href":"https:\/\/casinolion.ca\/fr\/wp-json\/wp\/v2\/pages\/455"}],"wp:attachment":[{"href":"https:\/\/casinolion.ca\/fr\/wp-json\/wp\/v2\/media?parent=24537"}],"curies":[{"name":"wp","href":"https:\/\/api.w.org\/{rel}","templated":true}]}}