
{"id":2618,"date":"2016-07-02T16:29:42","date_gmt":"2016-07-02T16:29:42","guid":{"rendered":"http:\/\/www.bestcasinoscanada.com\/?page_id=2618"},"modified":"2024-02-04T09:33:05","modified_gmt":"2024-02-04T09:33:05","slug":"entropay-casinos","status":"publish","type":"page","link":"https:\/\/casinolion.ca\/fr\/entropay-casinos\/","title":{"rendered":"Casinos en ligne Entropay : Plus disponible"},"content":{"rendered":"<div class=\"sue-panel\" data-url=\"\" data-target=\"self\" style=\"background-color:#fbfbfb;color:#281e1c;border-radius:5px;box-shadow:1px 1px 3px #eff6f6;border:1px solid #403a3a\"><div class=\"sue-panel-content su-u-trim\" style=\"padding:15px;text-align:left\"><br \/>\n<div class=\"sue-icon-text\" data-url=\"\" data-target=\"self\" style=\"min-height:33px;padding-left:35px;color:#000000\"><div class=\"sue-icon-text-icon\" style=\"color:#18ee25;font-size:23px;width:23px;height:23px\"><i class=\"sui sui-question-circle-o\" style=\"font-size:23px;color:#18ee25\"><\/i><\/div><div class=\"sue-icon-text-content su-u-trim\" style=\"color:#000000\">Entropay n'est plus disponible depuis le 1er juillet 2019.  Visitez notre <a href=\"https:\/\/casinolion.ca\/fr\/payment-methods\/\">Modes de paiement<\/a> pour trouver des alternatives.<\/div><div style=\"clear:both;height:0\"><\/div><\/div><br \/>\n<\/div><\/div>\n<p>Entropay est une carte Visa virtuelle pr\u00e9pay\u00e9e qui permet aux joueurs de casinos en ligne canadiens d'approvisionner leurs comptes en toute s\u00e9curit\u00e9 et qui est \u00e9galement facile et pratique \u00e0 utiliser. Les comptes peuvent \u00eatre g\u00e9r\u00e9s dans quatorze devises diff\u00e9rentes (y compris CAD$) et les d\u00e9p\u00f4ts effectu\u00e9s \u00e0 l'aide d'Entropay sont cr\u00e9dit\u00e9s instantan\u00e9ment sur votre compte de casino.<\/p>\n<p><img decoding=\"async\" class=\"size-full wp-image-6775 alignleft\" src=\"https:\/\/www.casinolion.ca\/wp-content\/uploads\/2019\/02\/entropay_online_casinos.jpg\" alt=\"Casinos en ligne entropay\" width=\"750\" height=\"433\" srcset=\"https:\/\/casinolion.ca\/wp-content\/uploads\/2019\/02\/entropay_online_casinos.jpg 750w, https:\/\/casinolion.ca\/wp-content\/uploads\/2019\/02\/entropay_online_casinos-300x173.jpg 300w, https:\/\/casinolion.ca\/wp-content\/uploads\/2019\/02\/entropay_online_casinos-62x36.jpg 62w, https:\/\/casinolion.ca\/wp-content\/uploads\/2019\/02\/entropay_online_casinos-156x90.jpg 156w\" sizes=\"(max-width: 750px) 100vw, 750px\" \/>Consultez notre liste d\u00e9taillant les meilleurs casinos canadiens acceptant Entropay comme m\u00e9thode de d\u00e9p\u00f4t et de retrait ci-dessous.<\/p>\n<h3>Avantages de l'utilisation d'Entropay comme m\u00e9thode de d\u00e9p\u00f4t<\/h3>\n<p><img decoding=\"async\" class=\"size-full wp-image-6773 alignright\" src=\"https:\/\/www.casinolion.ca\/wp-content\/uploads\/2019\/02\/advantages_of_using.jpg\" alt=\"avantages de l&#039;utilisation\" width=\"420\" height=\"281\" srcset=\"https:\/\/casinolion.ca\/wp-content\/uploads\/2019\/02\/advantages_of_using.jpg 420w, https:\/\/casinolion.ca\/wp-content\/uploads\/2019\/02\/advantages_of_using-300x201.jpg 300w, https:\/\/casinolion.ca\/wp-content\/uploads\/2019\/02\/advantages_of_using-54x36.jpg 54w, https:\/\/casinolion.ca\/wp-content\/uploads\/2019\/02\/advantages_of_using-135x90.jpg 135w\" sizes=\"(max-width: 420px) 100vw, 420px\" \/>L'utilisation d'Entropay comme carte visa virtuelle pour approvisionner un compte de casino en ligne pr\u00e9sente un certain nombre d'avantages pour les joueurs canadiens.<\/p>\n<p><strong>Anonymat<\/strong>: Le principal avantage de l'utilisation d'Entropay est l'anonymat qu'il procure. Vos transactions avec votre casino en ligne n'apparaissent ni sur votre carte de cr\u00e9dit ni sur vos relev\u00e9s bancaires, ce qui signifie que vos activit\u00e9s de casino en ligne sont anonymes et ne peuvent pas \u00eatre retrac\u00e9es jusqu'\u00e0 votre banque ou votre relev\u00e9 de carte de cr\u00e9dit.<\/p>\n<p><strong>S\u00e9curit\u00e9<\/strong>: L'utilisation d'une carte Visa virtuelle Entropay ajoute une dimension de s\u00e9curit\u00e9 suppl\u00e9mentaire \u00e0 toutes vos transactions financi\u00e8res en ligne, notamment lorsque vous traitez avec un casino en ligne. En effet, vous ne devez communiquer au casino que le num\u00e9ro de votre carte Entropay, et aucune autre information bancaire ou financi\u00e8re. Par cons\u00e9quent, vos donn\u00e9es financi\u00e8res sont totalement s\u00e9curis\u00e9es et aucune donn\u00e9e ne se trouve sur les serveurs du casino. De plus, toutes vos transactions sur Entropay, qu'il s'agisse de d\u00e9p\u00f4ts ou de retraits, sont prot\u00e9g\u00e9es par un cryptage SSL 128 bits.<\/p>\n<p><strong>Vitesse<\/strong>: La rapidit\u00e9 est une autre raison d'utiliser une carte Entropay. Quiconque a d\u00e9j\u00e0 transf\u00e9r\u00e9 des fonds par virement bancaire direct sait \u00e0 quel point cela peut prendre du temps, que vous transf\u00e9riez de l'argent dans votre pays ou \u00e0 l'\u00e9tranger. Avec Entropay, les paiements sont imm\u00e9diats et il n'est donc pas n\u00e9cessaire d'attendre que les fonds soient d\u00e9bloqu\u00e9s.<\/p>\n<p><strong>Gestion du bankroll<\/strong>: Comme Entropay est une carte de d\u00e9bit pr\u00e9pay\u00e9e plut\u00f4t qu'une carte de cr\u00e9dit comme VISA, vous avez plus de contr\u00f4le sur vos d\u00e9penses. Tout l'argent que vous d\u00e9posez sur un compte casino est \u2018votre\u2019 argent et non de l'argent \u00e0 cr\u00e9dit. Pour ceux qui aiment garder un \u0153il sur leur bankroll, ou qui aiment se fixer des limites claires quant au montant de leurs d\u00e9p\u00f4ts, c'est la solution id\u00e9ale car vous ne pouvez d\u00e9penser que l'argent qui vous appartient, et non celui de la banque (bien qu'il y ait la possibilit\u00e9 d'obtenir une carte de cr\u00e9dit \u2018plastique\u2019 Entropay MasterCard, si vous pensez que cela conviendrait mieux \u00e0 vos besoins).<\/p>\n<p><strong>Pas de v\u00e9rification de solvabilit\u00e9<\/strong>: Entropay \u00e9tant une carte Visa virtuelle pr\u00e9pay\u00e9e, il n'est pas n\u00e9cessaire de proc\u00e9der \u00e0 des v\u00e9rifications de solvabilit\u00e9. Cela signifie non seulement que vous pouvez obtenir une carte quel que soit votre dossier de cr\u00e9dit, mais aussi qu'il n'y a pas de d\u00e9lai entre la demande et la r\u00e9ception de votre carte. Il vous suffit de faire une demande en ligne et vous recevrez votre carte virtuelle imm\u00e9diatement.<\/p>\n<p><strong>Utilisations multiples<\/strong>: M\u00eame si le but premier de l'acquisition d'une carte Entropay est de faciliter la gestion de votre compte casino, elle n'est pas limit\u00e9e \u00e0 cet usage - vous pouvez utiliser votre carte pour faire des achats en ligne dans n'importe quel magasin ou fournisseur de services qui accepte les cartes Visa, ce qui signifie que vous obtenez en fait une carte tr\u00e8s polyvalente et pratique que vous pouvez utiliser de toutes sortes de fa\u00e7ons. Vous pouvez \u00e9galement acc\u00e9der \u00e0 votre compte Entropay \u00e0 partir de n'importe quel appareil, qu'il s'agisse d'un ordinateur de bureau, d'un smartphone ou d'une tablette.<\/p>\n<p><strong>Accessibilit\u00e9<\/strong>: Un autre avantage est que l'argent que vous retirez de votre compte casino pour le reverser sur votre compte Entropay est toujours accessible. Ainsi, que vous souhaitiez retirer cet argent pour le recr\u00e9diter sur votre compte bancaire ou de carte de cr\u00e9dit, ou l'utiliser pour un autre achat en ligne, vos fonds sont toujours disponibles et instantan\u00e9ment accessibles.<\/p>\n<h3>Inconv\u00e9nients de l'utilisation d'Entropay<\/h3>\n<p>Le principal inconv\u00e9nient r\u00e9el de l'utilisation d'une carte Visa virtuelle pr\u00e9pay\u00e9e Entropay r\u00e9side dans les frais minimes encourus. Alors que vous n'aurez pas \u00e0 payer de frais dans les meilleurs casinos Entropay que nous avons list\u00e9s ci-dessus pour transf\u00e9rer de l'argent de votre compte Entropay vers votre compte de casino en ligne, il y a n\u00e9anmoins des frais associ\u00e9s au chargement de fonds sur Entropay \u00e0 partir de votre compte bancaire ou par carte de cr\u00e9dit.<\/p>\n<p>Si vous effectuez un d\u00e9p\u00f4t sur votre compte Entropay \u00e0 partir d'une carte de cr\u00e9dit ou de d\u00e9bit, des frais de 4,95% sont pr\u00e9lev\u00e9s, ou de 3,95% si vous ajoutez des fonds par virement bancaire direct. Les d\u00e9p\u00f4ts de tiers sur votre compte, c'est-\u00e0-dire lorsque vous retirez vos gains de votre compte de casino en ligne, entra\u00eenent des frais de 1,95%. De plus, lorsque vous transf\u00e9rez de l'argent de votre compte Entropay vers votre carte de cr\u00e9dit ou de d\u00e9bit, des frais de $6 sont appliqu\u00e9s.<\/p>\n<p>Cependant, pour de nombreux joueurs, ces frais sont largement compens\u00e9s par la commodit\u00e9 et la s\u00e9curit\u00e9 accrue de l'utilisation d'Entropy comme indiqu\u00e9 ci-dessus.<br \/>\n<div class=\"su-table su-table-alternate\"><\/p>\n<table class=\"midsites\">\n<thead>\n<tr>\n<th>\n<h3>Type de transaction<\/h3>\n<\/th>\n<th>\n<h3>Honoraires<\/h3>\n<\/th>\n<\/tr>\n<\/thead>\n<tbody>\n<tr>\n<td>S'inscrire<\/td>\n<td>GRATUIT<\/td>\n<\/tr>\n<tr>\n<td>Cr\u00e9er une carte VISA virtuelle Entropay<\/td>\n<td>GRATUIT<\/td>\n<\/tr>\n<tr>\n<td>Charger la carte Entropay \u00e0 partir d'une carte de cr\u00e9dit\/d\u00e9bit<\/td>\n<td>4.95%<\/td>\n<\/tr>\n<tr>\n<td>Transfert entre cartes Entropay<\/td>\n<td>CAD $0.20<\/td>\n<\/tr>\n<tr>\n<td>D\u00e9penser avec la carte Entropay<\/td>\n<td>CAD $0<\/td>\n<\/tr>\n<tr>\n<td>Reverser des fonds sur des cartes de cr\u00e9dit\/d\u00e9bit personnelles<\/td>\n<td>CAD $6<\/td>\n<\/tr>\n<tr>\n<td>D\u00e9truire une carte Entropay<\/td>\n<td>GRATUIT<\/td>\n<\/tr>\n<\/tbody>\n<\/table>\n<p><\/div><\/p>\n<h3>Mise en place et financement d'une carte Visa virtuelle Entropay<\/h3>\n<p>L'ouverture d'un compte Entropay est tr\u00e8s simple et rapide, et une fois que vous l'avez fait, vous pouvez commencer \u00e0 l'utiliser imm\u00e9diatement. Il n'y a pas de frais d'ouverture de compte, ni de frais annuels ou d'int\u00e9r\u00eats.<\/p>\n<p>Aller \u00e0 <a href=\"https:\/\/www.entropay.com\" target=\"_blank\" rel=\"noopener noreferrer\">www.entropay.com<\/a> et cliquez sur S'inscrire. Il vous sera alors demand\u00e9 de saisir votre nom, votre adresse \u00e9lectronique, votre date de naissance et votre pays de r\u00e9sidence, et de cr\u00e9er un nom d'utilisateur et un mot de passe. Une fois cette \u00e9tape franchie, vous recevrez instantan\u00e9ment votre num\u00e9ro de carte Visa virtuelle \u00e0 16 chiffres ainsi qu'un num\u00e9ro CCV \u00e0 3 chiffres et, une fois les fonds d\u00e9pos\u00e9s, vous pourrez les utiliser imm\u00e9diatement.<\/p>\n<p>Une fois ces \u00e9tapes franchies, le chargement de l'argent sur votre compte est tout aussi simple. Vous pouvez choisir de le faire soit par virement bancaire direct, soit en utilisant une carte de cr\u00e9dit ou de d\u00e9bit, la plupart des grandes marques \u00e9tant accept\u00e9es. Toute personne ayant d\u00e9j\u00e0 utilis\u00e9 les services bancaires en ligne ou effectu\u00e9 un achat en ligne, sera en mesure d'effectuer cette op\u00e9ration avec facilit\u00e9.<\/p>\n<div class=\"sue-panel\" data-url=\"\" data-target=\"self\" style=\"background-color:#fbfbfb;color:#281e1c;border-radius:5px;box-shadow:1px 1px 3px #eff6f6;border:1px solid #403a3a\"><div class=\"sue-panel-content su-u-trim\" style=\"padding:15px;text-align:left\"><\/p>\n<h3>Comment effectuer un d\u00e9p\u00f4t dans un casino en ligne en utilisant Entropay ?<\/h3>\n<p><img decoding=\"async\" class=\"wp-image-2634 alignright\" src=\"\/wp-content\/uploads\/2016\/07\/Entropay-S.jpg\" alt=\"Casinos Entropay\" width=\"144\" height=\"81\" srcset=\"https:\/\/casinolion.ca\/wp-content\/uploads\/2016\/07\/Entropay-S.jpg 160w, https:\/\/casinolion.ca\/wp-content\/uploads\/2016\/07\/Entropay-S-64x36.jpg 64w\" sizes=\"(max-width: 144px) 100vw, 144px\" \/>Le d\u00e9p\u00f4t de fonds dans les casinos en ligne acceptant Entropay varie l\u00e9g\u00e8rement d'un site \u00e0 l'autre, mais en r\u00e8gle g\u00e9n\u00e9rale, la proc\u00e9dure est simple et se d\u00e9roule comme suit :<\/p>\n<ol>\n<li>aller \u00e0 Banque<\/li>\n<li>cliquez sur D\u00e9p\u00f4t<\/li>\n<li>lorsque les options de paiement sont pr\u00e9sent\u00e9es, s\u00e9lectionnez Entropay<\/li>\n<li>suivez les invites (habituellement, Ajouter une carte ou Ajouter une autre carte)<\/li>\n<li>enregistrer votre carte en saisissant votre num\u00e9ro de carte Visa virtuelle \u00e0 16 chiffres et votre CVC \u00e0 3 chiffres (une fois que vous aurez enregistr\u00e9 votre carte pour la premi\u00e8re fois, vous n'aurez plus \u00e0 le faire).<\/li>\n<li>entrez le montant que vous souhaitez d\u00e9poser<\/li>\n<li>cliquez sur Suivant pour terminer votre d\u00e9p\u00f4t<\/li>\n<\/ol>\n<p>Les \u00e9tapes ci-dessus s'adressent aux personnes qui ont d\u00e9j\u00e0 cr\u00e9\u00e9 leur compte Entropay. Si ce n'est pas le cas, vous devrez cr\u00e9er votre compte Entropay entre les \u00e9tapes 3 et 4.<\/div><\/div>\n<p>A la crois\u00e9e d'une carte de cr\u00e9dit et d'une carte pr\u00e9pay\u00e9e comme Paysafecard, Entropay offre des paiements s\u00e9curis\u00e9s, anonymes et instantan\u00e9s, ce qui en fait un moyen privil\u00e9gi\u00e9 pour les Canadiens d'approvisionner leurs comptes de casino en ligne. Cliquez sur le bouton ci-dessous pour commencer \u00e0 jouer dans un des principaux casinos acceptant Entropay.<\/p>","protected":false},"excerpt":{"rendered":"<p>Entropay is a prepaid virtual Visa card that enables Canadian online casino players to fund their accounts securely and which is also easy and convenient to use. Accounts can be operated across fourteen different currencies (including CAD$) and deposits\u00a0made using Entropay are\u00a0credited to your casino account instantaneously. See our list\u00a0detailing the top\u00a0Canadian casinos accepting Entropay [&hellip;]<\/p>","protected":false},"author":1,"featured_media":6773,"parent":0,"menu_order":164,"comment_status":"open","ping_status":"closed","template":"payment-method.php","meta":{"_acf_changed":false,"footnotes":""},"class_list":["post-2618","page","type-page","status-publish","has-post-thumbnail","hentry"],"acf":[],"yoast_head":"<!-- This site is optimized with the Yoast SEO plugin v26.1.1 - https:\/\/yoast.com\/wordpress\/plugins\/seo\/ -->\n<title>Entropay Does Not Work in 2026 - Discover Alternatives<\/title>\n<meta name=\"description\" content=\"See our top list of Entropay casinos all accepting $CA deposits. Fund your casino account with this secure, anonymous and instant depositing method\" \/>\n<meta name=\"robots\" content=\"index, follow, max-snippet:-1, max-image-preview:large, max-video-preview:-1\" \/>\n<link rel=\"canonical\" href=\"https:\/\/casinolion.ca\/fr\/entropay-casinos\/\" \/>\n<meta property=\"og:locale\" content=\"fr_CA\" \/>\n<meta property=\"og:type\" content=\"article\" \/>\n<meta property=\"og:title\" content=\"Entropay Does Not Work in [year] - Discover Alternatives\" \/>\n<meta property=\"og:description\" content=\"See our top list of Entropay casinos all accepting $CA deposits. Fund your casino account with this secure, anonymous and instant depositing method\" \/>\n<meta property=\"og:url\" content=\"https:\/\/casinolion.ca\/fr\/entropay-casinos\/\" \/>\n<meta property=\"article:modified_time\" content=\"2024-02-04T09:33:05+00:00\" \/>\n<meta property=\"og:image\" content=\"https:\/\/casinolion.ca\/wp-content\/uploads\/2019\/02\/advantages_of_using.jpg\" \/>\n\t<meta property=\"og:image:width\" content=\"420\" \/>\n\t<meta property=\"og:image:height\" content=\"281\" \/>\n\t<meta property=\"og:image:type\" content=\"image\/jpeg\" \/>\n<meta name=\"twitter:card\" content=\"summary_large_image\" \/>\n<meta name=\"twitter:label1\" content=\"Estimation du temps de lecture\" \/>\n\t<meta name=\"twitter:data1\" content=\"6 minutes\" \/>\n<script type=\"application\/ld+json\" class=\"yoast-schema-graph\">{\"@context\":\"https:\/\/schema.org\",\"@graph\":[{\"@type\":\"WebPage\",\"@id\":\"https:\/\/casinolion.ca\/entropay-casinos\/\",\"url\":\"https:\/\/casinolion.ca\/entropay-casinos\/\",\"name\":\"Entropay Does Not Work in [year] - Discover Alternatives\",\"isPartOf\":{\"@id\":\"https:\/\/casinolion.ca\/fr\/#website\"},\"primaryImageOfPage\":{\"@id\":\"https:\/\/casinolion.ca\/entropay-casinos\/#primaryimage\"},\"image\":{\"@id\":\"https:\/\/casinolion.ca\/entropay-casinos\/#primaryimage\"},\"thumbnailUrl\":\"https:\/\/casinolion.ca\/wp-content\/uploads\/2019\/02\/advantages_of_using.jpg\",\"datePublished\":\"2016-07-02T16:29:42+00:00\",\"dateModified\":\"2024-02-04T09:33:05+00:00\",\"description\":\"See our top list of Entropay casinos all accepting $CA deposits. Fund your casino account with this secure, anonymous and instant depositing method\",\"breadcrumb\":{\"@id\":\"https:\/\/casinolion.ca\/entropay-casinos\/#breadcrumb\"},\"inLanguage\":\"fr-CA\",\"potentialAction\":[{\"@type\":\"ReadAction\",\"target\":[\"https:\/\/casinolion.ca\/entropay-casinos\/\"]}]},{\"@type\":\"ImageObject\",\"inLanguage\":\"fr-CA\",\"@id\":\"https:\/\/casinolion.ca\/entropay-casinos\/#primaryimage\",\"url\":\"https:\/\/casinolion.ca\/wp-content\/uploads\/2019\/02\/advantages_of_using.jpg\",\"contentUrl\":\"https:\/\/casinolion.ca\/wp-content\/uploads\/2019\/02\/advantages_of_using.jpg\",\"width\":420,\"height\":281,\"caption\":\"advantages_of_using\"},{\"@type\":\"BreadcrumbList\",\"@id\":\"https:\/\/casinolion.ca\/entropay-casinos\/#breadcrumb\",\"itemListElement\":[{\"@type\":\"ListItem\",\"position\":1,\"name\":\"Home\",\"item\":\"https:\/\/casinolion.ca\/\"},{\"@type\":\"ListItem\",\"position\":2,\"name\":\"Entropay Online Casinos: No Longer Available\"}]},{\"@type\":\"WebSite\",\"@id\":\"https:\/\/casinolion.ca\/fr\/#website\",\"url\":\"https:\/\/casinolion.ca\/fr\/\",\"name\":\"\",\"description\":\"\",\"potentialAction\":[{\"@type\":\"SearchAction\",\"target\":{\"@type\":\"EntryPoint\",\"urlTemplate\":\"https:\/\/casinolion.ca\/fr\/?s={search_term_string}\"},\"query-input\":{\"@type\":\"PropertyValueSpecification\",\"valueRequired\":true,\"valueName\":\"search_term_string\"}}],\"inLanguage\":\"fr-CA\"}]}<\/script>\n<!-- \/ Yoast SEO plugin. -->","yoast_head_json":{"title":"Entropay ne fonctionne pas en 2026 - D\u00e9couvrez les alternatives","description":"Consultez notre liste de casinos Entropay qui acceptent tous les d\u00e9p\u00f4ts $CA. Approvisionnez votre compte casino avec cette m\u00e9thode de d\u00e9p\u00f4t s\u00e9curis\u00e9e, anonyme et instantan\u00e9e.","robots":{"index":"index","follow":"follow","max-snippet":"max-snippet:-1","max-image-preview":"max-image-preview:large","max-video-preview":"max-video-preview:-1"},"canonical":"https:\/\/casinolion.ca\/fr\/entropay-casinos\/","og_locale":"fr_CA","og_type":"article","og_title":"Entropay Does Not Work in [year] - Discover Alternatives","og_description":"See our top list of Entropay casinos all accepting $CA deposits. Fund your casino account with this secure, anonymous and instant depositing method","og_url":"https:\/\/casinolion.ca\/fr\/entropay-casinos\/","article_modified_time":"2024-02-04T09:33:05+00:00","og_image":[{"width":420,"height":281,"url":"https:\/\/casinolion.ca\/wp-content\/uploads\/2019\/02\/advantages_of_using.jpg","type":"image\/jpeg"}],"twitter_card":"summary_large_image","twitter_misc":{"Estimation du temps de lecture":"6 minutes"},"schema":{"@context":"https:\/\/schema.org","@graph":[{"@type":"WebPage","@id":"https:\/\/casinolion.ca\/entropay-casinos\/","url":"https:\/\/casinolion.ca\/entropay-casinos\/","name":"Entropay ne fonctionne pas en [ann\u00e9e] - D\u00e9couvrez des alternatives","isPartOf":{"@id":"https:\/\/casinolion.ca\/fr\/#website"},"primaryImageOfPage":{"@id":"https:\/\/casinolion.ca\/entropay-casinos\/#primaryimage"},"image":{"@id":"https:\/\/casinolion.ca\/entropay-casinos\/#primaryimage"},"thumbnailUrl":"https:\/\/casinolion.ca\/wp-content\/uploads\/2019\/02\/advantages_of_using.jpg","datePublished":"2016-07-02T16:29:42+00:00","dateModified":"2024-02-04T09:33:05+00:00","description":"Consultez notre liste de casinos Entropay qui acceptent tous les d\u00e9p\u00f4ts $CA. Approvisionnez votre compte casino avec cette m\u00e9thode de d\u00e9p\u00f4t s\u00e9curis\u00e9e, anonyme et instantan\u00e9e.","breadcrumb":{"@id":"https:\/\/casinolion.ca\/entropay-casinos\/#breadcrumb"},"inLanguage":"fr-CA","potentialAction":[{"@type":"ReadAction","target":["https:\/\/casinolion.ca\/entropay-casinos\/"]}]},{"@type":"ImageObject","inLanguage":"fr-CA","@id":"https:\/\/casinolion.ca\/entropay-casinos\/#primaryimage","url":"https:\/\/casinolion.ca\/wp-content\/uploads\/2019\/02\/advantages_of_using.jpg","contentUrl":"https:\/\/casinolion.ca\/wp-content\/uploads\/2019\/02\/advantages_of_using.jpg","width":420,"height":281,"caption":"advantages_of_using"},{"@type":"BreadcrumbList","@id":"https:\/\/casinolion.ca\/entropay-casinos\/#breadcrumb","itemListElement":[{"@type":"ListItem","position":1,"name":"Home","item":"https:\/\/casinolion.ca\/"},{"@type":"ListItem","position":2,"name":"Entropay Online Casinos: No Longer Available"}]},{"@type":"WebSite","@id":"https:\/\/casinolion.ca\/fr\/#website","url":"https:\/\/casinolion.ca\/fr\/","name":"","description":"","potentialAction":[{"@type":"SearchAction","target":{"@type":"EntryPoint","urlTemplate":"https:\/\/casinolion.ca\/fr\/?s={search_term_string}"},"query-input":{"@type":"PropertyValueSpecification","valueRequired":true,"valueName":"search_term_string"}}],"inLanguage":"fr-CA"}]}},"_links":{"self":[{"href":"https:\/\/casinolion.ca\/fr\/wp-json\/wp\/v2\/pages\/2618","targetHints":{"allow":["GET"]}}],"collection":[{"href":"https:\/\/casinolion.ca\/fr\/wp-json\/wp\/v2\/pages"}],"about":[{"href":"https:\/\/casinolion.ca\/fr\/wp-json\/wp\/v2\/types\/page"}],"author":[{"embeddable":true,"href":"https:\/\/casinolion.ca\/fr\/wp-json\/wp\/v2\/users\/1"}],"replies":[{"embeddable":true,"href":"https:\/\/casinolion.ca\/fr\/wp-json\/wp\/v2\/comments?post=2618"}],"version-history":[{"count":0,"href":"https:\/\/casinolion.ca\/fr\/wp-json\/wp\/v2\/pages\/2618\/revisions"}],"wp:featuredmedia":[{"embeddable":true,"href":"https:\/\/casinolion.ca\/fr\/wp-json\/wp\/v2\/media\/6773"}],"wp:attachment":[{"href":"https:\/\/casinolion.ca\/fr\/wp-json\/wp\/v2\/media?parent=2618"}],"curies":[{"name":"wp","href":"https:\/\/api.w.org\/{rel}","templated":true}]}}