
{"id":2724,"date":"2016-07-10T18:28:22","date_gmt":"2016-07-10T18:28:22","guid":{"rendered":"http:\/\/www.bestcasinoscanada.com\/?page_id=2724"},"modified":"2024-02-04T09:34:45","modified_gmt":"2024-02-04T09:34:45","slug":"canadian-local-casino-scene","status":"publish","type":"page","link":"https:\/\/casinolion.ca\/fr\/canadian-local-casino-scene\/","title":{"rendered":"Sc\u00e8ne locale canadienne des jeux d'argent"},"content":{"rendered":"<h3>Casinos au Canada<\/h3>\n<p>Les Canadiens adorent leurs casinos. Avec plus de 56 000 machines \u00e0 sous et 2 000 jeux de table r\u00e9partis sur l'ensemble du territoire de l'Union europ\u00e9enne, les casinos canadiens sont tr\u00e8s appr\u00e9ci\u00e9s. <a href=\"https:\/\/www.worldcasinodirectory.com\/canada\" target=\"_blank\" rel=\"noopener noreferrer\">plus de 200<\/a> Le secteur canadien des jeux d'argent est extr\u00eamement dynamique et tr\u00e8s rentable pour ses op\u00e9rateurs (le chiffre d'affaires total de l'industrie des jeux d'argent au Canada s'\u00e9l\u00e8ve \u00e0 plus de 13 millions de dollars canadiens par an).<\/p>\n<p>Les statistiques de 2009 r\u00e9v\u00e8lent que les mises moyennes par adulte canadien s'\u00e9l\u00e8vent \u00e0 $500 CAD par an, sans compter les gains. 135 000 personnes sont employ\u00e9es dans cette m\u00e9ga-industrie, qui ne fait que cro\u00eetre avec le temps.<\/p>\n<p>Bien que ce site Internet soit principalement ax\u00e9 sur <a href=\"https:\/\/casinolion.ca\/fr\/\">casinos en ligne pour les Canadiens<\/a>,Nous avons donc pens\u00e9 qu'il serait appropri\u00e9 de couvrir certaines des destinations de jeu les plus populaires pour les Canucks : <div class=\"sue-panel\" data-url=\"\" data-target=\"self\" style=\"background-color:#fbfbfb;color:#625e5d;border-radius:5px;box-shadow:1px 3px 3px #797f7f;border:1px ridge #403a3a\"><div class=\"sue-panel-content su-u-trim\" style=\"padding:15px;text-align:left\"><div class=\"su-row\"><div class=\"su-column su-column-size-1-3\"><div class=\"su-column-inner su-u-clearfix su-u-trim\"> <a href=\"https:\/\/casinolion.ca\/fr\/vancouver-casinos\/\">Casinos de Vancouver et de la Colombie-Britannique<\/a><\/p>\n<p>8 casinos couverts, dont 3 des noms les plus connus du pays : Hastings, Edgewater et Hard Rock.<\/p>\n<p><\/div><\/div><div class=\"su-column su-column-size-1-3\"><div class=\"su-column-inner su-u-clearfix su-u-trim\"><a href=\"https:\/\/casinolion.ca\/fr\/toronto-casinos\/\"> Casinos de Toronto et de l'Ontario<\/a><\/p>\n<p>4 casinos couverts, dont le c\u00e9l\u00e8bre casino Niagara, qui est cens\u00e9 \u00eatre le casino le plus \u201ctouristique\u201d du Canada.<\/p>\n<p><\/div><\/div><div class=\"su-column su-column-size-1-3\"><div class=\"su-column-inner su-u-clearfix su-u-trim\"><a href=\"https:\/\/casinolion.ca\/fr\/montreal-casinos\/\">Casinos de Montr\u00e9al et du Qu\u00e9bec<\/a><\/p>\n<p>3 casinos couverts, dont le Casino de Montr\u00e9al - le plus grand casino d'Am\u00e9rique du Nord.<\/p>\n<p><\/div><\/div><\/div><\/div><\/div><\/p>\n<h3>Casinos par province<\/h3>\n<ul>\n<li><a href=\"https:\/\/casinolion.ca\/fr\/alberta-casinos\/\">Alberta<\/a><\/li>\n<li><a href=\"https:\/\/casinolion.ca\/fr\/british-columbia-casinos\/\">Colombie-Britannique<\/a><\/li>\n<li><a href=\"https:\/\/casinolion.ca\/fr\/manitoba-casinos\/\">Manitoba<\/a><\/li>\n<li><a href=\"https:\/\/casinolion.ca\/fr\/new-brunswick-casinos\/\">Nouveau-Brunswick<\/a><\/li>\n<li><a href=\"https:\/\/casinolion.ca\/fr\/nova-scotia-casinos\/\">Nouvelle-\u00c9cosse<\/a><\/li>\n<li><a href=\"https:\/\/casinolion.ca\/fr\/ontario-casinos\/\">Ontario<\/a><\/li>\n<li><a href=\"https:\/\/casinolion.ca\/fr\/prince-edward-island-casinos\/\">\u00cele-du-Prince-\u00c9douard<\/a><\/li>\n<li><a href=\"https:\/\/casinolion.ca\/fr\/quebec-casinos\/\">Qu\u00e9bec<\/a><\/li>\n<li><a href=\"https:\/\/casinolion.ca\/fr\/saskatchewan-casinos\/\">Saskatchewan<\/a><\/li>\n<\/ul>\n<h3>Paris sportifs par province<\/h3>\n<ul>\n<li><a href=\"https:\/\/casinolion.ca\/fr\/alberta-sportsbooks\/\">Alberta<\/a><\/li>\n<li><a href=\"https:\/\/casinolion.ca\/fr\/british-columbia-sportsbooks\/\">Colombie-Britannique<\/a><\/li>\n<li><a href=\"https:\/\/casinolion.ca\/fr\/manitoba-sportsbooks\/\">Manitoba<\/a><\/li>\n<li><a href=\"https:\/\/casinolion.ca\/fr\/new-brunswick-sportsbooks\/\">Nouveau-Brunswick<\/a><\/li>\n<li><a href=\"https:\/\/casinolion.ca\/fr\/newfoundland-and-labrador-sportsbooks\/\">Terre-Neuve et Labrador<\/a><\/li>\n<li><a href=\"https:\/\/casinolion.ca\/fr\/nova-scotia-sportsbooks\/\">Nouvelle-\u00c9cosse<\/a><\/li>\n<li><a href=\"https:\/\/casinolion.ca\/fr\/ontario-sportsbooks\/\">Ontario<\/a><\/li>\n<li><a href=\"https:\/\/casinolion.ca\/fr\/prince-edward-island-sportsbooks\/\">\u00cele-du-Prince-\u00c9douard<\/a><\/li>\n<li><a href=\"https:\/\/casinolion.ca\/fr\/quebec-sportsbooks\/\">Qu\u00e9bec<\/a><\/li>\n<li><a href=\"https:\/\/casinolion.ca\/fr\/saskatchewan-sportsbooks\/\">Saskatchewan<\/a><\/li>\n<\/ul>\n<h3>Les 10 meilleurs casinos terrestres au Canada<\/h3>\n<p>Pour un aper\u00e7u des 10 meilleurs casinos du Canada, vous pouvez consulter notre liste recommand\u00e9e. <a href=\"https:\/\/casinolion.ca\/fr\/top-10-casinos-in-canada\/\">ici<\/a>.<\/p>\n<h3>Poker en ligne au Canada<\/h3>\n<p><img decoding=\"async\" class=\"alignright\" src=\"https:\/\/www.casinolion.ca\/wp-content\/uploads\/2016\/02\/guylaliberte.jpg\" alt=\"guylaliberte\" width=\"111\" height=\"152\" \/>Le poker, et plus particuli\u00e8rement le Texas Holdem, a connu un pic de popularit\u00e9 \u00e0 peu pr\u00e8s au m\u00eame moment qu'aux \u00c9tats-Unis. La tendance a commenc\u00e9 avec Chris Moneymaker <a href=\"https:\/\/en.wikipedia.org\/wiki\/2003_World_Series_of_Poker\">remporter l'\u00e9v\u00e9nement principal des WSOP en 2003<\/a>, Il \u00e9tait particuli\u00e8rement ax\u00e9 sur les jeux d'argent en ligne, qui ont connu une v\u00e9ritable explosion. Avec la loi UIEGA de 2006 rendant les jeux d'argent en ligne ill\u00e9gaux aux \u00c9tats-Unis et le domaine Pokerstars\/Full Tilt <a href=\"https:\/\/forumserver.twoplustwo.com\/57\/poker-legislation-amp-ppa-discussion-hosted-rich-muny\/full-tilt-ub-pokerstars-domains-seized-fbi-principals-indicted-merged-updated-1020623\/\">saisies en 2011<\/a>, de plus en plus <a href=\"https:\/\/casinolion.ca\/fr\/aspiring-gamblers\/\">joueurs \u00e0 temps plein<\/a>\u00a0ont d\u00e9m\u00e9nag\u00e9 au Canada, sachant qu'il est assez<a href=\"https:\/\/casinolion.ca\/fr\/legal\/\"> amicale du point de vue juridique<\/a>. Le Canada a lanc\u00e9 un certain nombre de joueurs de poker bien connus, comme vous pouvez le constater. <a href=\"https:\/\/casinolion.ca\/fr\/20-most-famous-canadian-gamblers\/\">voir ici<\/a>.<\/p>\n<hr \/>\n<h3>Regarder des vid\u00e9os sur les jeux d'argent au Canada<\/h3>\n<p>Vid\u00e9o du Falls Casino - Un regard de l'int\u00e9rieur : <iframe loading=\"lazy\" src=\"https:\/\/www.youtube.com\/embed\/kOrgkExLu7k?rel=0&amp;controls=0&amp;showinfo=0\" width=\"420\" height=\"315\" frameborder=\"0\" allowfullscreen=\"allowfullscreen\"><\/iframe><\/p>\n<hr \/>\n<p>Jeux d'argent en ligne aux Etats-Unis et au Canada - Une interview :<br \/>\n<iframe loading=\"lazy\" src=\"https:\/\/www.youtube.com\/embed\/IArKm0EDaSo\" width=\"560\" height=\"315\" frameborder=\"0\" allowfullscreen=\"allowfullscreen\"><\/iframe><\/p>\n<hr \/>\n<p>Les jeux d'argent en ligne au Canada finiront par \u00eatre l\u00e9galis\u00e9s : <iframe loading=\"lazy\" src=\"https:\/\/www.youtube.com\/embed\/PfRoC59Laug?rel=0&amp;controls=0&amp;showinfo=0\" width=\"560\" height=\"315\" frameborder=\"0\" allowfullscreen=\"allowfullscreen\"><\/iframe><\/p>\n<hr \/>\n<p>2,5 milliards de dollars canadiens sont confisqu\u00e9s par la police canadienne en 2013 : <iframe loading=\"lazy\" src=\"https:\/\/www.youtube.com\/embed\/0pcOP-AG9B4?rel=0&amp;controls=0&amp;showinfo=0\" width=\"560\" height=\"315\" frameborder=\"0\" allowfullscreen=\"allowfullscreen\"><span data-mce-type=\"bookmark\" style=\"display: inline-block; width: 0px; overflow: hidden; line-height: 0;\" class=\"mce_SELRES_start\"><\/span><\/iframe><\/p>\n<hr \/>\n<h3>L'addiction au jeu au Canada<\/h3>\n<p>Certaines des recherches les plus c\u00e9l\u00e8bres au monde sur les addictions au jeu ont \u00e9t\u00e9 men\u00e9es au Canada. Un document <a href=\"https:\/\/www.problemgambling.ca\/EN\/Documents\/FA_GamblingProblemGamblinginCanada.pdf\">publi\u00e9 par ProblemGambling.ca<\/a>\u00a0r\u00e9v\u00e8le que plus de 3% de tous les Canadiens souffrent d'une grave d\u00e9pendance au jeu, tandis que plus de 2% de tous les adolescents \u00e2g\u00e9s de 15 \u00e0 24 ans s'adonnent mod\u00e9r\u00e9ment aux jeux d'argent. La Saskatchewan et le Manitoba sont les provinces les plus orient\u00e9es vers le jeu, avec un pourcentage plus \u00e9lev\u00e9 d'adultes joueurs et de personnes d\u00e9pendantes. Il est important de jouer de mani\u00e8re responsable et vous pouvez apprendre \u00e0 le faire en utilisant les outils suivants <a href=\"https:\/\/casinolion.ca\/fr\/responsible-gaming\/\">notre guide<\/a>.<\/p>","protected":false},"excerpt":{"rendered":"<p>Les casinos au Canada Les Canadiens aiment leurs casinos. Avec plus de 56 000 machines \u00e0 sous et 2 000 jeux de table r\u00e9partis dans plus de 200 casinos l\u00e9gaux, la sc\u00e8ne canadienne du jeu est extr\u00eamement dynamique et tr\u00e8s rentable pour ses op\u00e9rateurs (le chiffre d'affaires total de l'industrie du jeu au Canada s'\u00e9l\u00e8ve \u00e0 plus de 13 millions de dollars canadiens par an). Les statistiques de 2009 [...]<\/p>","protected":false},"author":1,"featured_media":0,"parent":0,"menu_order":163,"comment_status":"open","ping_status":"closed","template":"","meta":{"_acf_changed":false,"footnotes":""},"class_list":["post-2724","page","type-page","status-publish","hentry"],"acf":[],"yoast_head":"<!-- This site is optimized with the Yoast SEO plugin v26.1.1 - https:\/\/yoast.com\/wordpress\/plugins\/seo\/ -->\n<title>The local gambling scene in Canada in 2022<\/title>\n<meta name=\"description\" content=\"With more than 56,000 slot machines and 2,000 table games spread across more than 200 casinos, and CAD 13bn in turnover, the Canadian casino scene is huge.\" \/>\n<meta name=\"robots\" content=\"index, follow, max-snippet:-1, max-image-preview:large, max-video-preview:-1\" \/>\n<link rel=\"canonical\" href=\"https:\/\/casinolion.ca\/fr\/canadian-local-casino-scene\/\" \/>\n<meta property=\"og:locale\" content=\"fr_CA\" \/>\n<meta property=\"og:type\" content=\"article\" \/>\n<meta property=\"og:title\" content=\"The local gambling scene in Canada in 2022\" \/>\n<meta property=\"og:description\" content=\"With more than 56,000 slot machines and 2,000 table games spread across more than 200 casinos, and CAD 13bn in turnover, the Canadian casino scene is huge.\" \/>\n<meta property=\"og:url\" content=\"https:\/\/casinolion.ca\/fr\/canadian-local-casino-scene\/\" \/>\n<meta property=\"article:modified_time\" content=\"2024-02-04T09:34:45+00:00\" \/>\n<meta property=\"og:image\" content=\"https:\/\/www.casinolion.ca\/wp-content\/uploads\/2016\/02\/guylaliberte.jpg\" \/>\n<meta name=\"twitter:card\" content=\"summary_large_image\" \/>\n<meta name=\"twitter:label1\" content=\"Estimation du temps de lecture\" \/>\n\t<meta name=\"twitter:data1\" content=\"3 minutes\" \/>\n<script type=\"application\/ld+json\" class=\"yoast-schema-graph\">{\"@context\":\"https:\/\/schema.org\",\"@graph\":[{\"@type\":\"WebPage\",\"@id\":\"https:\/\/casinolion.ca\/canadian-local-casino-scene\/\",\"url\":\"https:\/\/casinolion.ca\/canadian-local-casino-scene\/\",\"name\":\"The local gambling scene in Canada in 2022\",\"isPartOf\":{\"@id\":\"https:\/\/casinolion.ca\/fr\/#website\"},\"primaryImageOfPage\":{\"@id\":\"https:\/\/casinolion.ca\/canadian-local-casino-scene\/#primaryimage\"},\"image\":{\"@id\":\"https:\/\/casinolion.ca\/canadian-local-casino-scene\/#primaryimage\"},\"thumbnailUrl\":\"https:\/\/www.casinolion.ca\/wp-content\/uploads\/2016\/02\/guylaliberte.jpg\",\"datePublished\":\"2016-07-10T18:28:22+00:00\",\"dateModified\":\"2024-02-04T09:34:45+00:00\",\"description\":\"With more than 56,000 slot machines and 2,000 table games spread across more than 200 casinos, and CAD 13bn in turnover, the Canadian casino scene is huge.\",\"breadcrumb\":{\"@id\":\"https:\/\/casinolion.ca\/canadian-local-casino-scene\/#breadcrumb\"},\"inLanguage\":\"fr-CA\",\"potentialAction\":[{\"@type\":\"ReadAction\",\"target\":[\"https:\/\/casinolion.ca\/canadian-local-casino-scene\/\"]}]},{\"@type\":\"ImageObject\",\"inLanguage\":\"fr-CA\",\"@id\":\"https:\/\/casinolion.ca\/canadian-local-casino-scene\/#primaryimage\",\"url\":\"https:\/\/www.casinolion.ca\/wp-content\/uploads\/2016\/02\/guylaliberte.jpg\",\"contentUrl\":\"https:\/\/www.casinolion.ca\/wp-content\/uploads\/2016\/02\/guylaliberte.jpg\"},{\"@type\":\"BreadcrumbList\",\"@id\":\"https:\/\/casinolion.ca\/canadian-local-casino-scene\/#breadcrumb\",\"itemListElement\":[{\"@type\":\"ListItem\",\"position\":1,\"name\":\"Home\",\"item\":\"https:\/\/casinolion.ca\/\"},{\"@type\":\"ListItem\",\"position\":2,\"name\":\"Canadian Local Gambling\u00a0Scene\"}]},{\"@type\":\"WebSite\",\"@id\":\"https:\/\/casinolion.ca\/fr\/#website\",\"url\":\"https:\/\/casinolion.ca\/fr\/\",\"name\":\"\",\"description\":\"\",\"potentialAction\":[{\"@type\":\"SearchAction\",\"target\":{\"@type\":\"EntryPoint\",\"urlTemplate\":\"https:\/\/casinolion.ca\/fr\/?s={search_term_string}\"},\"query-input\":{\"@type\":\"PropertyValueSpecification\",\"valueRequired\":true,\"valueName\":\"search_term_string\"}}],\"inLanguage\":\"fr-CA\"}]}<\/script>\n<!-- \/ Yoast SEO plugin. -->","yoast_head_json":{"title":"Les jeux d'argent au Canada en 2022","description":"Avec plus de 56 000 machines \u00e0 sous et 2 000 jeux de table r\u00e9partis dans plus de 200 casinos, et un chiffre d'affaires de 13 milliards de dollars canadiens, la sc\u00e8ne canadienne des casinos est immense.","robots":{"index":"index","follow":"follow","max-snippet":"max-snippet:-1","max-image-preview":"max-image-preview:large","max-video-preview":"max-video-preview:-1"},"canonical":"https:\/\/casinolion.ca\/fr\/canadian-local-casino-scene\/","og_locale":"fr_CA","og_type":"article","og_title":"The local gambling scene in Canada in 2022","og_description":"With more than 56,000 slot machines and 2,000 table games spread across more than 200 casinos, and CAD 13bn in turnover, the Canadian casino scene is huge.","og_url":"https:\/\/casinolion.ca\/fr\/canadian-local-casino-scene\/","article_modified_time":"2024-02-04T09:34:45+00:00","og_image":[{"url":"https:\/\/www.casinolion.ca\/wp-content\/uploads\/2016\/02\/guylaliberte.jpg","type":"","width":"","height":""}],"twitter_card":"summary_large_image","twitter_misc":{"Estimation du temps de lecture":"3 minutes"},"schema":{"@context":"https:\/\/schema.org","@graph":[{"@type":"WebPage","@id":"https:\/\/casinolion.ca\/canadian-local-casino-scene\/","url":"https:\/\/casinolion.ca\/canadian-local-casino-scene\/","name":"Les jeux d'argent au Canada en 2022","isPartOf":{"@id":"https:\/\/casinolion.ca\/fr\/#website"},"primaryImageOfPage":{"@id":"https:\/\/casinolion.ca\/canadian-local-casino-scene\/#primaryimage"},"image":{"@id":"https:\/\/casinolion.ca\/canadian-local-casino-scene\/#primaryimage"},"thumbnailUrl":"https:\/\/www.casinolion.ca\/wp-content\/uploads\/2016\/02\/guylaliberte.jpg","datePublished":"2016-07-10T18:28:22+00:00","dateModified":"2024-02-04T09:34:45+00:00","description":"Avec plus de 56 000 machines \u00e0 sous et 2 000 jeux de table r\u00e9partis dans plus de 200 casinos, et un chiffre d'affaires de 13 milliards de dollars canadiens, la sc\u00e8ne canadienne des casinos est immense.","breadcrumb":{"@id":"https:\/\/casinolion.ca\/canadian-local-casino-scene\/#breadcrumb"},"inLanguage":"fr-CA","potentialAction":[{"@type":"ReadAction","target":["https:\/\/casinolion.ca\/canadian-local-casino-scene\/"]}]},{"@type":"ImageObject","inLanguage":"fr-CA","@id":"https:\/\/casinolion.ca\/canadian-local-casino-scene\/#primaryimage","url":"https:\/\/www.casinolion.ca\/wp-content\/uploads\/2016\/02\/guylaliberte.jpg","contentUrl":"https:\/\/www.casinolion.ca\/wp-content\/uploads\/2016\/02\/guylaliberte.jpg"},{"@type":"BreadcrumbList","@id":"https:\/\/casinolion.ca\/canadian-local-casino-scene\/#breadcrumb","itemListElement":[{"@type":"ListItem","position":1,"name":"Home","item":"https:\/\/casinolion.ca\/"},{"@type":"ListItem","position":2,"name":"Canadian Local Gambling\u00a0Scene"}]},{"@type":"WebSite","@id":"https:\/\/casinolion.ca\/fr\/#website","url":"https:\/\/casinolion.ca\/fr\/","name":"","description":"","potentialAction":[{"@type":"SearchAction","target":{"@type":"EntryPoint","urlTemplate":"https:\/\/casinolion.ca\/fr\/?s={search_term_string}"},"query-input":{"@type":"PropertyValueSpecification","valueRequired":true,"valueName":"search_term_string"}}],"inLanguage":"fr-CA"}]}},"_links":{"self":[{"href":"https:\/\/casinolion.ca\/fr\/wp-json\/wp\/v2\/pages\/2724","targetHints":{"allow":["GET"]}}],"collection":[{"href":"https:\/\/casinolion.ca\/fr\/wp-json\/wp\/v2\/pages"}],"about":[{"href":"https:\/\/casinolion.ca\/fr\/wp-json\/wp\/v2\/types\/page"}],"author":[{"embeddable":true,"href":"https:\/\/casinolion.ca\/fr\/wp-json\/wp\/v2\/users\/1"}],"replies":[{"embeddable":true,"href":"https:\/\/casinolion.ca\/fr\/wp-json\/wp\/v2\/comments?post=2724"}],"version-history":[{"count":0,"href":"https:\/\/casinolion.ca\/fr\/wp-json\/wp\/v2\/pages\/2724\/revisions"}],"wp:attachment":[{"href":"https:\/\/casinolion.ca\/fr\/wp-json\/wp\/v2\/media?parent=2724"}],"curies":[{"name":"wp","href":"https:\/\/api.w.org\/{rel}","templated":true}]}}