
{"id":3189,"date":"2016-09-27T20:14:12","date_gmt":"2016-09-27T20:14:12","guid":{"rendered":"http:\/\/www.bestcasinoscanada.com\/?page_id=3189"},"modified":"2024-02-04T09:37:26","modified_gmt":"2024-02-04T09:37:26","slug":"unusual-casino-games","status":"publish","type":"page","link":"https:\/\/casinolion.ca\/fr\/unusual-casino-games\/","title":{"rendered":"Jeux de hasard uniques"},"content":{"rendered":"<p><span style=\"font-weight: 400;\">Parfois, \u201cstandard\u201d devient \u201cennuyeux\u201d. Si vous \u00eates un joueur de casino passionn\u00e9 qui joue depuis des ann\u00e9es, vous savez exactement ce que je veux dire. \u00c0 un certain stade <a href=\"https:\/\/casinolion.ca\/fr\/online-blackjack\/\">Blackjack<\/a> ou <a href=\"https:\/\/casinolion.ca\/fr\/online-roulette\/\">Roulette<\/a>\u00a0peut sembler un peu monotone. Cela ne signifie pas n\u00e9cessairement que vous allez vous \u00e9loigner des jeux classiques, mais simplement que vous avez besoin d'un petit quelque chose pour varier les plaisirs. <\/span><\/p>\n<p><span style=\"font-weight: 400;\">Nous avons s\u00e9lectionn\u00e9 4 jeux de casino uniques que vous devriez essayer. Tous ces jeux peuvent \u00eatre jou\u00e9s dans <a href=\"https:\/\/casinolion.ca\/fr\/\">Casinos en ligne canadiens<\/a> et la plupart d'entre eux peuvent \u00e9galement \u00eatre trouv\u00e9s dans des casinos en dur au Canada ou aux \u00c9tats-Unis.\u00a0<\/span><\/p>\n<div class=\"sue-panel\" data-url=\"\" data-target=\"self\" style=\"background-color:#fbfbfb;color:#625e5d;border-radius:10px;box-shadow:1px 3px 3px #797f7f;border:1px ridge #403a3a\"><div class=\"sue-panel-content su-u-trim\" style=\"padding:15px;text-align:left\">\n<h3><img decoding=\"async\" class=\"size-full wp-image-3234 alignright\" src=\"https:\/\/www.casinolion.ca\/wp-content\/uploads\/2016\/09\/Red-Dog-Poker-1.jpg\" alt=\"Red Dog Poker\" width=\"100\" height=\"60\" srcset=\"https:\/\/casinolion.ca\/wp-content\/uploads\/2016\/09\/Red-Dog-Poker-1.jpg 100w, https:\/\/casinolion.ca\/wp-content\/uploads\/2016\/09\/Red-Dog-Poker-1-60x36.jpg 60w\" sizes=\"(max-width: 100px) 100vw, 100px\" \/>Red Dog Poker<\/h3>\n<p>Ce jeu est une variante de l'ancien jeu de casino Acey-Duecey, et peut-\u00eatre m\u00eame plus simple que celui-ci, de sorte que vous n'avez pas \u00e0 vous soucier de m\u00e9moriser des r\u00e8gles de poker compliqu\u00e9es. Le jeu se d\u00e9roule comme suit : vous placez une mise, on vous distribue deux cartes, puis vous placez une deuxi\u00e8me mise si vous le souhaitez (en doublant la mise initiale), et on vous distribue une troisi\u00e8me carte. Les gains sont les suivants :<\/p>\n<div class=\"su-table su-table-alternate\">\n<table dir=\"ltr\" border=\"1\" cellspacing=\"0\" cellpadding=\"0\">\n<colgroup>\n<col width=\"252\" \/>\n<col width=\"333\" \/>\n<col width=\"280\" \/><\/colgroup>\n<tbody>\n<tr>\n<td data-sheets-value=\"{&quot;1&quot;:2,&quot;2&quot;:&quot;First Two Cards&quot;}\"><span style=\"color: #000000\"><strong>Les deux premi\u00e8res cartes<\/strong><\/span><\/td>\n<td data-sheets-value=\"{&quot;1&quot;:2,&quot;2&quot;:&quot;Third Card&quot;}\"><span style=\"color: #000000\"><strong>Troisi\u00e8me carte<\/strong><\/span><\/td>\n<td data-sheets-value=\"{&quot;1&quot;:2,&quot;2&quot;:&quot;Outcome&quot;}\"><span style=\"color: #000000\"><strong>R\u00e9sultats<\/strong><\/span><\/td>\n<\/tr>\n<tr>\n<td data-sheets-value=\"{&quot;1&quot;:2,&quot;2&quot;:&quot;Same card&quot;}\"><span style=\"color: #000000\">M\u00eame carte<\/span><\/td>\n<td data-sheets-value=\"{&quot;1&quot;:2,&quot;2&quot;:&quot;Same card as first two&quot;}\"><span style=\"color: #000000\">M\u00eame carte que les deux premi\u00e8res<\/span><\/td>\n<td data-sheets-value=\"{&quot;1&quot;:2,&quot;2&quot;:&quot;Payout 1:11&quot;}\"><span style=\"color: #000000\">Paiement 1:11<\/span><\/td>\n<\/tr>\n<tr>\n<td data-sheets-value=\"{&quot;1&quot;:2,&quot;2&quot;:&quot;Same card&quot;}\"><span style=\"color: #000000\">M\u00eame carte<\/span><\/td>\n<td data-sheets-value=\"{&quot;1&quot;:2,&quot;2&quot;:&quot;Not same card as first two&quot;}\"><span style=\"color: #000000\">Pas la m\u00eame carte que les deux premi\u00e8res<\/span><\/td>\n<td data-sheets-value=\"{&quot;1&quot;:2,&quot;2&quot;:&quot;Push&quot;}\"><span style=\"color: #000000\">Pousser<\/span><\/td>\n<\/tr>\n<tr>\n<td data-sheets-value=\"{&quot;1&quot;:2,&quot;2&quot;:&quot;Consecutive&quot;}\"><span style=\"color: #000000\">Cons\u00e9cutive<\/span><\/td>\n<td data-sheets-value=\"{&quot;1&quot;:2,&quot;2&quot;:&quot;Not dealt&quot;}\"><span style=\"color: #000000\">Non trait\u00e9<\/span><\/td>\n<td data-sheets-value=\"{&quot;1&quot;:2,&quot;2&quot;:&quot;Push&quot;}\"><span style=\"color: #000000\">Pousser<\/span><\/td>\n<\/tr>\n<tr>\n<td data-sheets-value=\"{&quot;1&quot;:2,&quot;2&quot;:&quot;Non-consecutive and non-identical&quot;}\"><span style=\"color: #000000\">Non cons\u00e9cutifs et non identiques<\/span><\/td>\n<td data-sheets-value=\"{&quot;1&quot;:2,&quot;2&quot;:&quot;Between their two values&quot;}\"><span style=\"color: #000000\">Entre leurs deux valeurs<\/span><\/td>\n<td data-sheets-value=\"{&quot;1&quot;:2,&quot;2&quot;:&quot;Player wins 1:1 to 1:4 depending on the spread&quot;}\"><span style=\"color: #000000\">Le joueur gagne de 1:1 \u00e0 1:4 en fonction de l'\u00e9cart.<\/span><\/td>\n<\/tr>\n<tr>\n<td data-sheets-value=\"{&quot;1&quot;:2,&quot;2&quot;:&quot;Non-consecutive and non-identical&quot;}\"><span style=\"color: #000000\">Non cons\u00e9cutifs et non identiques<\/span><\/td>\n<td data-sheets-value=\"{&quot;1&quot;:2,&quot;2&quot;:&quot;Higher or lower than any of the two previous cards&quot;}\"><span style=\"color: #000000\">Sup\u00e9rieure ou inf\u00e9rieure \u00e0 l'une des deux cartes pr\u00e9c\u00e9dentes<\/span><\/td>\n<td data-sheets-value=\"{&quot;1&quot;:2,&quot;2&quot;:&quot;Player loses&quot;}\"><span style=\"color: #000000\">Le joueur perd<\/span><\/td>\n<\/tr>\n<\/tbody>\n<\/table>\n<p>Red Dog Poker est jouable dans de nombreux casinos en ligne, quel que soit le logiciel utilis\u00e9. Nous recommandons <a href=\"https:\/\/casinolion.ca\/fr\/review\/mr-green\/\">Les casinos Mr Green<\/a> version. Il sera assez difficile de trouver une version live, car le jeu (comme beaucoup d'autres variantes de poker) a perdu en popularit\u00e9 depuis l'\u00e2ge d'or du hold'em.<\/p>\n<p style=\"text-align: center\"><div class=\"su-custom-gallery su-custom-gallery-align-left su-custom-gallery-title-hover\"><div class=\"su-custom-gallery-slide\" style=\"width:250px;height:190px\"><a><img decoding=\"async\" src=\"https:\/\/casinolion.ca\/wp-content\/uploads\/2016\/09\/Red-Dog-Poker-250x190.jpg\" alt=\"Jouer au Red Dog Poker\" width=\"250\" height=\"190\" \/><span class=\"su-custom-gallery-title\">Jouer au Red Dog Poker<\/span><\/a><\/div><div class=\"su-clear\"><\/div><\/div><\/p>\n<p><\/div><br \/>\n<\/div><\/div><div class=\"sue-panel\" data-url=\"\" data-target=\"self\" style=\"background-color:#fbfbfb;color:#625e5d;border-radius:10px;box-shadow:1px 3px 3px #797f7f;border:1px ridge #403a3a\"><div class=\"sue-panel-content su-u-trim\" style=\"padding:15px;text-align:left\"><\/p>\n<h3><img decoding=\"async\" class=\"size-full wp-image-3236 alignright\" src=\"https:\/\/www.casinolion.ca\/wp-content\/uploads\/2016\/09\/Ultimate-Texas-Holdem.jpg\" alt=\"Ultimate Texas Hold&#039;em\" width=\"100\" height=\"60\" srcset=\"https:\/\/casinolion.ca\/wp-content\/uploads\/2016\/09\/Ultimate-Texas-Holdem.jpg 100w, https:\/\/casinolion.ca\/wp-content\/uploads\/2016\/09\/Ultimate-Texas-Holdem-60x36.jpg 60w\" sizes=\"(max-width: 100px) 100vw, 100px\" \/>Ultimate Hold'em Poker<\/h3>\n<p>Cette variante du poker de casino a consid\u00e9rablement gagn\u00e9 en popularit\u00e9 au cours des 20 derni\u00e8res ann\u00e9es, mais elle est encore assez rare en Europe. En Am\u00e9rique du Nord, elle est assez courante, mais pas \u201cpopulaire\u201d \u00e0 proprement parler. Le jeu est extr\u00eamement simple pour ceux qui comprennent les r\u00e8gles du Texas Holdem, et m\u00eame tr\u00e8s avantageux par rapport \u00e0 la plupart des jeux de casino, refl\u00e9tant moins de 2% d'avantage de la maison.<\/p>\n<p>Le mode de jeu est simple : les cartes sont distribu\u00e9es de la m\u00eame mani\u00e8re qu'au Texas Holdem. Ensuite, il y a une mise pr\u00e9-flop (\u201craise\u201d) de x3 ou x4 de la mise initiale (vous pouvez aussi simplement checker). Ensuite, une mise post-flop (x2 si vous n'avez pas encore relanc\u00e9. Si vous avez d\u00e9j\u00e0 relanc\u00e9, vous ne pouvez plus miser). Ensuite, il y a le tournant et la rivi\u00e8re, et apr\u00e8s vous pouvez d\u00e9cider si vous voulez \u00e9galer votre mise (comme suivre une relance) ou vous coucher. Si vous avez d\u00e9j\u00e0 relanc\u00e9 dans l'une des phases pr\u00e9c\u00e9dentes, vous suivez automatiquement sans ajouter d'argent. Ensuite, votre main est confront\u00e9e \u00e0 celle du croupier et vous pouvez gagner entre 0,5 du montant que vous avez mis\u00e9 et 50 si vous obtenez une quinte flush contre une main du croupier comportant au moins une paire.<\/p>\n<p>Ce n'est certainement pas le Texas Hold'em, mais il est tr\u00e8s agr\u00e9able pour ceux qui aiment ce jeu. Il est jouable dans presque tous les meilleurs casinos en ligne. Lire notre <a href=\"https:\/\/casinolion.ca\/fr\/casino-reviews\/\">examens \u00e9labor\u00e9s<\/a> pour d\u00e9couvrir nos meilleures s\u00e9lections.<\/p>\n<p><em><strong>Conseil du jour :<\/strong> Si vous jouez \u00e0 ce jeu dans un casino qui permet aux joueurs de partager leurs mains avant le flop, vous devez tenir compte de cette information. Plus il y a de cartes \u201csorties\u201d, plus votre mise sera concise. En fait, si vous \u00eates capable de calculer rapidement les informations qui vous entourent, vous pourriez \u00eatre avantag\u00e9 par rapport au casino.<\/em><br \/>\n<\/div><\/div><div class=\"sue-panel\" data-url=\"\" data-target=\"self\" style=\"background-color:#fbfbfb;color:#625e5d;border-radius:10px;box-shadow:1px 3px 3px #797f7f;border:1px ridge #403a3a\"><div class=\"sue-panel-content su-u-trim\" style=\"padding:15px;text-align:left\"><\/p>\n<h3><img decoding=\"async\" class=\"size-full wp-image-3231 alignright\" src=\"https:\/\/www.casinolion.ca\/wp-content\/uploads\/2016\/09\/Casino-War-1.jpg\" alt=\"Jeu de guerre du casino\" width=\"100\" height=\"60\" srcset=\"https:\/\/casinolion.ca\/wp-content\/uploads\/2016\/09\/Casino-War-1.jpg 100w, https:\/\/casinolion.ca\/wp-content\/uploads\/2016\/09\/Casino-War-1-60x36.jpg 60w\" sizes=\"(max-width: 100px) 100vw, 100px\" \/>La guerre des casinos<\/h3>\n<p>Vous souvenez-vous du jeu de cartes pour enfants appel\u00e9 War ? Il est maintenant disponible sur plusieurs des meilleurs casinos en ligne du Canada qui utilisent des jeux de cartes en ligne. <a href=\"https:\/\/casinolion.ca\/fr\/microgaming-casinos\/\">Logiciel Microgaming<\/a>\u00a0comme <a href=\"https:\/\/casinolion.ca\/fr\/review\/spin-palace\/\">Spin Palace<\/a>, Le plus grand avantage de Casino War (qui est essentiellement le m\u00eame jeu que le jeu des enfants, jou\u00e9 contre un croupier) est sa simplicit\u00e9. Le plus grand avantage de Casino War (qui est essentiellement le m\u00eame jeu que le jeu des enfants, jou\u00e9 contre un croupier) est sa simplicit\u00e9 et le fait que, contrairement \u00e0 d'autres jeux de cartes de casino, il ne n\u00e9cessite aucune strat\u00e9gie ou r\u00e9flexion. Il s'agit d'un pur jeu de hasard avec un avantage de la maison assez faible (aussi bas que 1.2% avantage).<\/p>\n<p style=\"text-align: center;\"><div class=\"su-custom-gallery su-custom-gallery-align-left su-custom-gallery-title-hover\"><div class=\"su-custom-gallery-slide\" style=\"width:250px;height:190px\"><a><img decoding=\"async\" src=\"https:\/\/casinolion.ca\/wp-content\/uploads\/2016\/09\/Casino-War-250x190.jpg\" alt=\"Jouer \u00e0 Casino War\" width=\"250\" height=\"190\" \/><span class=\"su-custom-gallery-title\">Jouer \u00e0 Casino War<\/span><\/a><\/div><div class=\"su-clear\"><\/div><\/div><\/p>\n<p><\/div><\/div><div class=\"sue-panel\" data-url=\"\" data-target=\"self\" style=\"background-color:#fbfbfb;color:#625e5d;border-radius:10px;box-shadow:1px 3px 3px #797f7f;border:1px ridge #403a3a\"><div class=\"sue-panel-content su-u-trim\" style=\"padding:15px;text-align:left\"><\/p>\n<h3><img decoding=\"async\" class=\"size-full wp-image-3238 alignright\" src=\"https:\/\/www.casinolion.ca\/wp-content\/uploads\/2016\/09\/Wheel-of-Fortune-1.jpg\" alt=\"Jeu de la Roue de la Fortune\" width=\"100\" height=\"60\" srcset=\"https:\/\/casinolion.ca\/wp-content\/uploads\/2016\/09\/Wheel-of-Fortune-1.jpg 100w, https:\/\/casinolion.ca\/wp-content\/uploads\/2016\/09\/Wheel-of-Fortune-1-60x36.jpg 60w\" sizes=\"(max-width: 100px) 100vw, 100px\" \/>Grande roue\/ Roue de la fortune\/ Big Six\/ Roue de l'argent<\/h3>\n<p>Ce jeu est en fait tr\u00e8s populaire dans les casinos en dur. Vous le trouverez g\u00e9n\u00e9ralement \u00e0 l'entr\u00e9e de certains des casinos les plus grands et les plus connus de Las Vegas, comme le Mirage. Il est \u00e9galement disponible sur la plateforme Playtech connue sous le nom de \u201cSpin a Win\u201d, et il est jouable sur les sites suivants <a href=\"https:\/\/casinolion.ca\/fr\/review\/william-hill\/\">Casino William Hill<\/a>. Le plus grand avantage du jeu est que vous pouvez placer des mini-mises de $2 par tour, et en toute probabilit\u00e9, vous pourriez passer des heures de plaisir en risquant moins de $100 CA. Son principal inconv\u00e9nient est qu'il peut devenir rapidement ennuyeux.<\/p>\n<p style=\"text-align: center;\"><div class=\"su-custom-gallery su-custom-gallery-align-left su-custom-gallery-title-hover\"><div class=\"su-custom-gallery-slide\" style=\"width:250px;height:190px\"><a><img decoding=\"async\" src=\"https:\/\/casinolion.ca\/wp-content\/uploads\/2016\/09\/Wheel-of-Fortune-250x190.jpg\" alt=\"Jouer \u00e0 la Roue de la Fortune\" width=\"250\" height=\"190\" \/><span class=\"su-custom-gallery-title\">Jouer \u00e0 la Roue de la Fortune<\/span><\/a><\/div><div class=\"su-clear\"><\/div><\/div><\/p>\n<p><\/div><\/div><\/p>\n<h4>Mots de conclusion<\/h4>\n<p>Il n'est jamais mauvais de changer de jeu de temps en temps. Cela vous permet de vous rafra\u00eechir et de transformer vos activit\u00e9s de jeu en ce qu'elles devraient \u00eatre et qu'elles sont souvent n\u00e9glig\u00e9es : du plaisir ! Il n'est pas n\u00e9cessaire de jouer \u00e0 ces jeux avec des mises \u00e9lev\u00e9es, il suffit d'y go\u00fbter pour avoir le sourire aux l\u00e8vres et c'est tout ce qui compte. Vous pouvez g\u00e9n\u00e9ralement trouver ces jeux plus inhabituels et d'autres jeux similaires dans les casinos en ligne. <a href=\"https:\/\/casinolion.ca\/fr\/microgaming-casinos\/\">Logiciel Microgaming<\/a> comme Royal Vegas ou <a href=\"https:\/\/casinolion.ca\/fr\/playtech-casinos\/\">Playtech<\/a> comme William Hill.<\/p>\n<a href=\"\/fr\/visit\/ruby-fortune\/\" class=\"btn primary\"><i class=\"fa fa-check-square-o\"><\/i> Visitez le Ruby Fortune Casino<\/span><\/a>","protected":false},"excerpt":{"rendered":"<p>Parfois, \u201cstandard\u201d devient \u201cennuyeux\u201d. Si vous \u00eates un joueur de casino passionn\u00e9 qui joue depuis des ann\u00e9es, vous savez exactement ce que je veux dire. \u00c0 un certain stade, le Blackjack ou la Roulette peuvent sembler un peu monotones. Cela ne signifie pas n\u00e9cessairement que vous allez vous \u00e9loigner des jeux de base, mais simplement que vous avez besoin d'un petit quelque chose [...]<\/p>","protected":false},"author":1,"featured_media":0,"parent":0,"menu_order":157,"comment_status":"open","ping_status":"closed","template":"","meta":{"_acf_changed":false,"footnotes":""},"class_list":["post-3189","page","type-page","status-publish","hentry"],"acf":[],"yoast_head":"<!-- This site is optimized with the Yoast SEO plugin v26.1.1 - https:\/\/yoast.com\/wordpress\/plugins\/seo\/ -->\n<title>Looking for unusual casino games? See our 4 unique games inside<\/title>\n<meta name=\"description\" content=\"Gets boring playing the same ol&#039; blackjack,roullette, slots etc right? Here are some more unusual games you can play at the casino you&#039;ve never heard of\" \/>\n<meta name=\"robots\" content=\"index, follow, max-snippet:-1, max-image-preview:large, max-video-preview:-1\" \/>\n<link rel=\"canonical\" href=\"https:\/\/casinolion.ca\/fr\/unusual-casino-games\/\" \/>\n<meta property=\"og:locale\" content=\"fr_CA\" \/>\n<meta property=\"og:type\" content=\"article\" \/>\n<meta property=\"og:title\" content=\"Looking for unusual casino games? See our 4 unique games inside\" \/>\n<meta property=\"og:description\" content=\"Gets boring playing the same ol&#039; blackjack,roullette, slots etc right? Here are some more unusual games you can play at the casino you&#039;ve never heard of\" \/>\n<meta property=\"og:url\" content=\"https:\/\/casinolion.ca\/fr\/unusual-casino-games\/\" \/>\n<meta property=\"article:modified_time\" content=\"2024-02-04T09:37:26+00:00\" \/>\n<meta property=\"og:image\" content=\"https:\/\/www.casinolion.ca\/wp-content\/uploads\/2016\/09\/Red-Dog-Poker-1.jpg\" \/>\n<meta name=\"twitter:card\" content=\"summary_large_image\" \/>\n<meta name=\"twitter:label1\" content=\"Estimation du temps de lecture\" \/>\n\t<meta name=\"twitter:data1\" content=\"5 minutes\" \/>\n<script type=\"application\/ld+json\" class=\"yoast-schema-graph\">{\"@context\":\"https:\/\/schema.org\",\"@graph\":[{\"@type\":\"WebPage\",\"@id\":\"https:\/\/casinolion.ca\/unusual-casino-games\/\",\"url\":\"https:\/\/casinolion.ca\/unusual-casino-games\/\",\"name\":\"Looking for unusual casino games? See our 4 unique games inside\",\"isPartOf\":{\"@id\":\"https:\/\/casinolion.ca\/fr\/#website\"},\"primaryImageOfPage\":{\"@id\":\"https:\/\/casinolion.ca\/unusual-casino-games\/#primaryimage\"},\"image\":{\"@id\":\"https:\/\/casinolion.ca\/unusual-casino-games\/#primaryimage\"},\"thumbnailUrl\":\"https:\/\/www.casinolion.ca\/wp-content\/uploads\/2016\/09\/Red-Dog-Poker-1.jpg\",\"datePublished\":\"2016-09-27T20:14:12+00:00\",\"dateModified\":\"2024-02-04T09:37:26+00:00\",\"description\":\"Gets boring playing the same ol' blackjack,roullette, slots etc right? Here are some more unusual games you can play at the casino you've never heard of\",\"breadcrumb\":{\"@id\":\"https:\/\/casinolion.ca\/unusual-casino-games\/#breadcrumb\"},\"inLanguage\":\"fr-CA\",\"potentialAction\":[{\"@type\":\"ReadAction\",\"target\":[\"https:\/\/casinolion.ca\/unusual-casino-games\/\"]}]},{\"@type\":\"ImageObject\",\"inLanguage\":\"fr-CA\",\"@id\":\"https:\/\/casinolion.ca\/unusual-casino-games\/#primaryimage\",\"url\":\"https:\/\/www.casinolion.ca\/wp-content\/uploads\/2016\/09\/Red-Dog-Poker-1.jpg\",\"contentUrl\":\"https:\/\/www.casinolion.ca\/wp-content\/uploads\/2016\/09\/Red-Dog-Poker-1.jpg\"},{\"@type\":\"BreadcrumbList\",\"@id\":\"https:\/\/casinolion.ca\/unusual-casino-games\/#breadcrumb\",\"itemListElement\":[{\"@type\":\"ListItem\",\"position\":1,\"name\":\"Home\",\"item\":\"https:\/\/casinolion.ca\/\"},{\"@type\":\"ListItem\",\"position\":2,\"name\":\"Unique Gambling Games\"}]},{\"@type\":\"WebSite\",\"@id\":\"https:\/\/casinolion.ca\/fr\/#website\",\"url\":\"https:\/\/casinolion.ca\/fr\/\",\"name\":\"\",\"description\":\"\",\"potentialAction\":[{\"@type\":\"SearchAction\",\"target\":{\"@type\":\"EntryPoint\",\"urlTemplate\":\"https:\/\/casinolion.ca\/fr\/?s={search_term_string}\"},\"query-input\":{\"@type\":\"PropertyValueSpecification\",\"valueRequired\":true,\"valueName\":\"search_term_string\"}}],\"inLanguage\":\"fr-CA\"}]}<\/script>\n<!-- \/ Yoast SEO plugin. -->","yoast_head_json":{"title":"Vous cherchez des jeux de casino originaux ? D\u00e9couvrez nos 4 jeux uniques \u00e0 l'int\u00e9rieur","description":"On s'ennuie \u00e0 force de jouer au blackjack, \u00e0 la roulette, aux machines \u00e0 sous, etc. Voici quelques jeux plus inhabituels auxquels vous pouvez jouer au casino et dont vous n'avez jamais entendu parler.","robots":{"index":"index","follow":"follow","max-snippet":"max-snippet:-1","max-image-preview":"max-image-preview:large","max-video-preview":"max-video-preview:-1"},"canonical":"https:\/\/casinolion.ca\/fr\/unusual-casino-games\/","og_locale":"fr_CA","og_type":"article","og_title":"Looking for unusual casino games? See our 4 unique games inside","og_description":"Gets boring playing the same ol' blackjack,roullette, slots etc right? Here are some more unusual games you can play at the casino you've never heard of","og_url":"https:\/\/casinolion.ca\/fr\/unusual-casino-games\/","article_modified_time":"2024-02-04T09:37:26+00:00","og_image":[{"url":"https:\/\/www.casinolion.ca\/wp-content\/uploads\/2016\/09\/Red-Dog-Poker-1.jpg","type":"","width":"","height":""}],"twitter_card":"summary_large_image","twitter_misc":{"Estimation du temps de lecture":"5 minutes"},"schema":{"@context":"https:\/\/schema.org","@graph":[{"@type":"WebPage","@id":"https:\/\/casinolion.ca\/unusual-casino-games\/","url":"https:\/\/casinolion.ca\/unusual-casino-games\/","name":"Vous cherchez des jeux de casino originaux ? D\u00e9couvrez nos 4 jeux uniques \u00e0 l'int\u00e9rieur","isPartOf":{"@id":"https:\/\/casinolion.ca\/fr\/#website"},"primaryImageOfPage":{"@id":"https:\/\/casinolion.ca\/unusual-casino-games\/#primaryimage"},"image":{"@id":"https:\/\/casinolion.ca\/unusual-casino-games\/#primaryimage"},"thumbnailUrl":"https:\/\/www.casinolion.ca\/wp-content\/uploads\/2016\/09\/Red-Dog-Poker-1.jpg","datePublished":"2016-09-27T20:14:12+00:00","dateModified":"2024-02-04T09:37:26+00:00","description":"On s'ennuie \u00e0 force de jouer au blackjack, \u00e0 la roulette, aux machines \u00e0 sous, etc. Voici quelques jeux plus inhabituels auxquels vous pouvez jouer au casino et dont vous n'avez jamais entendu parler.","breadcrumb":{"@id":"https:\/\/casinolion.ca\/unusual-casino-games\/#breadcrumb"},"inLanguage":"fr-CA","potentialAction":[{"@type":"ReadAction","target":["https:\/\/casinolion.ca\/unusual-casino-games\/"]}]},{"@type":"ImageObject","inLanguage":"fr-CA","@id":"https:\/\/casinolion.ca\/unusual-casino-games\/#primaryimage","url":"https:\/\/www.casinolion.ca\/wp-content\/uploads\/2016\/09\/Red-Dog-Poker-1.jpg","contentUrl":"https:\/\/www.casinolion.ca\/wp-content\/uploads\/2016\/09\/Red-Dog-Poker-1.jpg"},{"@type":"BreadcrumbList","@id":"https:\/\/casinolion.ca\/unusual-casino-games\/#breadcrumb","itemListElement":[{"@type":"ListItem","position":1,"name":"Home","item":"https:\/\/casinolion.ca\/"},{"@type":"ListItem","position":2,"name":"Unique Gambling Games"}]},{"@type":"WebSite","@id":"https:\/\/casinolion.ca\/fr\/#website","url":"https:\/\/casinolion.ca\/fr\/","name":"","description":"","potentialAction":[{"@type":"SearchAction","target":{"@type":"EntryPoint","urlTemplate":"https:\/\/casinolion.ca\/fr\/?s={search_term_string}"},"query-input":{"@type":"PropertyValueSpecification","valueRequired":true,"valueName":"search_term_string"}}],"inLanguage":"fr-CA"}]}},"_links":{"self":[{"href":"https:\/\/casinolion.ca\/fr\/wp-json\/wp\/v2\/pages\/3189","targetHints":{"allow":["GET"]}}],"collection":[{"href":"https:\/\/casinolion.ca\/fr\/wp-json\/wp\/v2\/pages"}],"about":[{"href":"https:\/\/casinolion.ca\/fr\/wp-json\/wp\/v2\/types\/page"}],"author":[{"embeddable":true,"href":"https:\/\/casinolion.ca\/fr\/wp-json\/wp\/v2\/users\/1"}],"replies":[{"embeddable":true,"href":"https:\/\/casinolion.ca\/fr\/wp-json\/wp\/v2\/comments?post=3189"}],"version-history":[{"count":0,"href":"https:\/\/casinolion.ca\/fr\/wp-json\/wp\/v2\/pages\/3189\/revisions"}],"wp:attachment":[{"href":"https:\/\/casinolion.ca\/fr\/wp-json\/wp\/v2\/media?parent=3189"}],"curies":[{"name":"wp","href":"https:\/\/api.w.org\/{rel}","templated":true}]}}