
{"id":391,"date":"2015-09-24T09:31:56","date_gmt":"2015-09-24T09:31:56","guid":{"rendered":"http:\/\/www.bestcasinoscanada.com\/?page_id=391"},"modified":"2024-02-04T08:46:27","modified_gmt":"2024-02-04T08:46:27","slug":"neteller-casinos","status":"publish","type":"page","link":"https:\/\/casinolion.ca\/fr\/neteller-casinos\/","title":{"rendered":"Casinos en ligne Neteller recommand\u00e9s"},"content":{"rendered":"<p style=\"border: 1px solid #efefef; padding: 10px; background-color: #f3f3f3;\"><i class=\"fa fa-exclamation-triangle\"><\/i> <a href=\"http:\/\/forum.pokercollectif.com\/poker-en-ligne-sites-bonus-rakeback-freeroll\/2723-neteller-se-retire-du-marche-canadien.html\">NETELLER ne fonctionne plus au Canada<\/a>.  Contrairement \u00e0 ce que certains casinos en ligne peuvent annoncer, Neteller ne fonctionne pas ! <a href=\"https:\/\/casinolion.ca\/fr\/payment-methods\/\">Lisez cet article pour trouver des alternatives<\/a>.<\/p>\n<p>Neteller est depuis longtemps une m\u00e9thode de paiement populaire pour les joueurs de casino en ligne canadiens, offrant \u00e0 la fois commodit\u00e9 et s\u00e9curit\u00e9. Vous avez le choix de la fa\u00e7on dont vous pouvez ajouter des fonds \u00e0 votre compte Neteller et transf\u00e9rer de l'argent sur votre compte de casino est \u00e9galement tr\u00e8s facile \u00e0 faire. Neteller offre une s\u00e9curit\u00e9 suppl\u00e9mentaire en n'obligeant pas les joueurs \u00e0 partager et \u00e0 stocker leurs donn\u00e9es financi\u00e8res avec le casino en ligne.<\/p>\n<p><img decoding=\"async\" class=\"size-full wp-image-6783 alignleft\" src=\"https:\/\/www.casinolion.ca\/wp-content\/uploads\/2019\/02\/recommended_neteller_online_casinos.jpg\" alt=\"Casinos en ligne_neteller recommand\u00e9s\" width=\"750\" height=\"433\" srcset=\"https:\/\/casinolion.ca\/wp-content\/uploads\/2019\/02\/recommended_neteller_online_casinos.jpg 750w, https:\/\/casinolion.ca\/wp-content\/uploads\/2019\/02\/recommended_neteller_online_casinos-300x173.jpg 300w, https:\/\/casinolion.ca\/wp-content\/uploads\/2019\/02\/recommended_neteller_online_casinos-62x36.jpg 62w, https:\/\/casinolion.ca\/wp-content\/uploads\/2019\/02\/recommended_neteller_online_casinos-156x90.jpg 156w\" sizes=\"(max-width: 750px) 100vw, 750px\" \/>PayPal ne fonctionnant pas au Canada pour le financement des casinos en ligne, la long\u00e9vit\u00e9 et la fiabilit\u00e9 de Neteller en tant que portefeuille \u00e9lectronique en ont fait la m\u00e9thode de choix pour de nombreux Canadiens.<\/p>\n<h3>Quels sont les avantages de Neteller ?<\/h3>\n<p><strong><img decoding=\"async\" class=\"size-full wp-image-6785 alignright\" src=\"https:\/\/www.casinolion.ca\/wp-content\/uploads\/2019\/02\/what_are_the_advantages_of_using_neteller.jpg\" alt=\"Quels sont les avantages de l&#039;utilisation de Netteller ?\" width=\"420\" height=\"250\" srcset=\"https:\/\/casinolion.ca\/wp-content\/uploads\/2019\/02\/what_are_the_advantages_of_using_neteller.jpg 420w, https:\/\/casinolion.ca\/wp-content\/uploads\/2019\/02\/what_are_the_advantages_of_using_neteller-300x179.jpg 300w, https:\/\/casinolion.ca\/wp-content\/uploads\/2019\/02\/what_are_the_advantages_of_using_neteller-60x36.jpg 60w, https:\/\/casinolion.ca\/wp-content\/uploads\/2019\/02\/what_are_the_advantages_of_using_neteller-151x90.jpg 151w\" sizes=\"(max-width: 420px) 100vw, 420px\" \/>Facile \u00e0 installer: :\u00a0<\/strong>Le processus d'ouverture d'un compte Neteller est tr\u00e8s simple, c'est pourquoi tant de joueurs canadiens choisissent les casinos en ligne Neteller.<\/p>\n<p><strong>La s\u00e9curit\u00e9 :<\/strong>\u00a0Neteller fonctionne comme une couche entre votre carte de cr\u00e9dit ou votre banque et le casino en ligne, ce qui signifie qu'il n'est pas n\u00e9cessaire de stocker votre carte de cr\u00e9dit ou d'autres d\u00e9tails financiers dans un casino en ligne - ce qui est particuli\u00e8rement important si vous avez des comptes sur plus d'un site. Neteller utilise \u00e9galement un cryptage 128 bits parmi les plus sophistiqu\u00e9s de l'industrie ainsi que le protocole SSL (Secure Socket Layer) pour prot\u00e9ger votre vie priv\u00e9e.<\/p>\n<p><strong>L'anonymat : <\/strong>Les d\u00e9p\u00f4ts que vous effectuez dans un casino en ligne n'apparaissent pas dans les transactions de votre carte de cr\u00e9dit ou de votre compte bancaire, contrairement aux d\u00e9p\u00f4ts.<\/p>\n<p><strong>Excellentes options de retrait : <\/strong>Neteller offre une s\u00e9rie d'options de retrait \u00e0 partir de votre compte Neteller. Vous avez \u00e9galement la possibilit\u00e9 de demander Net+, une carte MasterCard pr\u00e9pay\u00e9e li\u00e9e \u00e0 votre compte (moyennant des frais uniques). Il s'agit d'une carte virtuelle ou plastique qui fonctionne de la m\u00eame mani\u00e8re qu'une carte de cr\u00e9dit classique ; les deux peuvent \u00eatre utilis\u00e9es en ligne, tandis que la carte plastique est accept\u00e9e dans les points de vente et peut \u00eatre utilis\u00e9e dans les distributeurs automatiques de billets pour retirer de l'argent.<\/p>\n<p><strong>R\u00e9compenses et recommandations : <\/strong>Neteller lui-m\u00eame est toujours \u00e0 la recherche de nouveaux utilisateurs et offre un programme de r\u00e9compense pour les clients qui recommandent son service. De m\u00eame, Neteller est une m\u00e9thode de paiement pr\u00e9f\u00e9r\u00e9e dans un certain nombre de nos casinos recommand\u00e9s tels que <a href=\"\/fr\/review\/jackpot-city\/\">Jackpot City Casino<\/a> permettre aux joueurs d'obtenir un bonus pour leur m\u00e9thode de paiement pr\u00e9f\u00e9r\u00e9e<\/p>\n<h3><a href=\"https:\/\/www.casinolion.ca\/wp-content\/uploads\/2019\/02\/make_your_first_01.jpg\"><img decoding=\"async\" class=\"size-medium wp-image-6779 alignright\" src=\"https:\/\/www.casinolion.ca\/wp-content\/uploads\/2019\/02\/make_your_first_01-207x300.jpg\" alt=\"faire_votre_premier_01\" width=\"207\" height=\"300\" srcset=\"https:\/\/casinolion.ca\/wp-content\/uploads\/2019\/02\/make_your_first_01-207x300.jpg 207w, https:\/\/casinolion.ca\/wp-content\/uploads\/2019\/02\/make_your_first_01-25x36.jpg 25w, https:\/\/casinolion.ca\/wp-content\/uploads\/2019\/02\/make_your_first_01-62x90.jpg 62w, https:\/\/casinolion.ca\/wp-content\/uploads\/2019\/02\/make_your_first_01.jpg 419w\" sizes=\"(max-width: 207px) 100vw, 207px\" \/><\/a>Comment ouvrir un compte Neteller<\/h3>\n<p>La proc\u00e9dure d'ouverture d'un nouveau compte Neteller est la suivante :<\/p>\n<ol>\n<li>Aller \u00e0 <a href=\"https:\/\/www.neteller.com\" target=\"_blank\" rel=\"noopener noreferrer\">neteller.com<\/a><\/li>\n<li>Cliquez sur le bouton \u2018S'inscrire gratuitement\u2019 ou \u2018S'inscrire\u2019.<\/li>\n<li>Saisissez votre adresse \u00e9lectronique<\/li>\n<li>Choisissez le Canada et s\u00e9lectionnez votre province d'origine<\/li>\n<li>S\u00e9lectionnez CAD$ dans le menu Devise du compte souhait\u00e9e<\/li>\n<li>Saisissez vos donn\u00e9es personnelles, votre adresse et votre date de naissance<\/li>\n<li>Cr\u00e9ez un mot de passe unique ; il vous sera demand\u00e9 de le confirmer.<\/li>\n<li>Il vous sera ensuite demand\u00e9 de choisir trois questions de s\u00e9curit\u00e9 auxquelles vous devrez r\u00e9pondre (il est conseill\u00e9 d'imprimer une copie de ces questions afin de ne pas les oublier et de ne pas vous retrouver bloqu\u00e9 sur votre compte).<\/li>\n<li><a href=\"https:\/\/www.casinolion.ca\/wp-content\/uploads\/2019\/02\/make_your_first_02.jpg\"><img decoding=\"async\" class=\"size-medium wp-image-6781 alignright\" src=\"https:\/\/www.casinolion.ca\/wp-content\/uploads\/2019\/02\/make_your_first_02-207x300.jpg\" alt=\"faire_votre_premier_02\" width=\"207\" height=\"300\" srcset=\"https:\/\/casinolion.ca\/wp-content\/uploads\/2019\/02\/make_your_first_02-207x300.jpg 207w, https:\/\/casinolion.ca\/wp-content\/uploads\/2019\/02\/make_your_first_02-25x36.jpg 25w, https:\/\/casinolion.ca\/wp-content\/uploads\/2019\/02\/make_your_first_02-62x90.jpg 62w, https:\/\/casinolion.ca\/wp-content\/uploads\/2019\/02\/make_your_first_02.jpg 419w\" sizes=\"(max-width: 207px) 100vw, 207px\" \/><\/a>Acceptez les conditions d'utilisation et la politique de confidentialit\u00e9 de Neteller et cliquez sur Continuer.<\/li>\n<li>Vous recevrez ensuite un identifiant de compte, qui vous permettra de vous connecter \u00e0 votre compte (votre adresse \u00e9lectronique peut \u00e9galement \u00eatre utilis\u00e9e).<\/li>\n<li>Vous recevrez \u00e9galement un identifiant Neteller Secure ID, dont vous aurez besoin pour d\u00e9poser ou retirer des fonds dans un casino Neteller.<\/li>\n<li>Les d\u00e9tails de votre compte sont maintenant disponibles<\/li>\n<li>Effectuez votre premier d\u00e9p\u00f4t sur votre nouveau compte Neteller<\/li>\n<\/ol>\n<h3>Comment ajouter des fonds \u00e0 un compte Neteller ?<\/h3>\n<p>Il existe une grande vari\u00e9t\u00e9 de m\u00e9thodes pour ajouter des fonds \u00e0 votre compte Neteller. Certaines m\u00e9thodes sont gratuites, d'autres sont payantes et repr\u00e9sentent un pourcentage de la transaction.\u00a0<div class=\"su-table su-table-alternate\"><\/p>\n<table class=\"midsites\">\n<thead>\n<tr>\n<th>\n<h3>Types de d\u00e9p\u00f4t<\/h3>\n<\/th>\n<th>\n<h3>% Frais<\/h3>\n<\/th>\n<\/tr>\n<\/thead>\n<tbody>\n<tr>\n<td>Carte Mastercard<\/td>\n<td>1.9-4.9<\/td>\n<\/tr>\n<tr>\n<td>Virement bancaire<\/td>\n<td>Gratuit<\/td>\n<\/tr>\n<tr>\n<td>Carte de cr\u00e9dit Visa<\/td>\n<td>1.9-4.9%<\/td>\n<\/tr>\n<tr>\n<td>Visa D\u00e9bit<\/td>\n<td>1.9-4.9%<\/td>\n<\/tr>\n<\/tbody>\n<\/table>\n<p><\/div><\/p>\n<h3>Comment retirer des fonds d'un compte Neteller ?<\/h3>\n<ul>\n<li>Retirer de l'argent \u00e0 un distributeur automatique de billets en utilisant votre carte Net+.<\/li>\n<li>Par virement bancaire, o\u00f9 les fonds sont transf\u00e9r\u00e9s \u00e9lectroniquement sur votre compte bancaire (cela peut prendre entre 2 et 10 jours, et des frais sont factur\u00e9s).<\/li>\n<li>Par ch\u00e8que bancaire, envoy\u00e9 \u00e0 votre domicile<\/li>\n<\/ul>\n<div class=\"su-table su-table-alternate\"><\/p>\n<table class=\"midsites\">\n<thead>\n<tr>\n<th>\n<h3>Types de retraits<\/h3>\n<\/th>\n<th>\n<h3>% Frais<\/h3>\n<\/th>\n<\/tr>\n<\/thead>\n<tbody>\n<tr>\n<td>Virement bancaire<\/td>\n<td>Gratuit<\/td>\n<\/tr>\n<tr>\n<td>Traite bancaire<\/td>\n<td>7,5 - 25 euros<\/td>\n<\/tr>\n<tr>\n<td>Fil d'Ariane<\/td>\n<td>10,5 euros<\/td>\n<\/tr>\n<tr>\n<td>Sites marchands<\/td>\n<td>Gratuit<\/td>\n<\/tr>\n<\/tbody>\n<\/table>\n<p><\/div>\n<h3>Comment d\u00e9poser et retirer de l'argent dans un casino Neteller ?<\/h3>\n<p><strong>Utilisation <a href=\"\/fr\/review\/royal-vegas\/\">Royal Vegas <\/a>\u00e0 titre d'exemple, suivez les \u00e9tapes suivantes :<\/strong><\/p>\n<ol>\n<li>Connectez-vous \u00e0 votre compte casino<\/li>\n<li>Aller \u00e0 \u2018<em>Banque<\/em>\u2019<\/li>\n<li>Cliquez sur l'onglet \u2018D\u00e9p\u00f4t\u2019.<\/li>\n<li>S\u00e9lectionnez Neteller comme m\u00e9thode de paiement dans le menu<\/li>\n<li>Saisissez votre compte Neteller et votre Secure ID<\/li>\n<li>Entrez le montant que vous d\u00e9posez<\/li>\n<li>Cliquez sur le bouton \u2018D\u00e9p\u00f4t\u2019.<\/li>\n<\/ol>\n<p><strong>Pour retirer des fonds des casinos en ligne qui acceptent Neteller, suivez les \u00e9tapes suivantes :<\/strong><\/p>\n<ol>\n<li>Cliquez sur l'ic\u00f4ne\u2018<em>Banque<\/em>\u2019tabulation<\/li>\n<li>S\u00e9lectionner \u2018<em>Retrait<\/em>\u2019<\/li>\n<li>Dans le menu des m\u00e9thodes de retrait, s\u00e9lectionnez ou entrez Neteller<\/li>\n<li>Saisissez le montant que vous souhaitez retirer<\/li>\n<li>Cliquez sur \u2018<em>Se retirer<\/em>\u2019 pour terminer votre transaction<\/li>\n<\/ol>\n<p><strong>A noter :<\/strong>\u00a0\u00c0 partir du 22 f\u00e9vrier 2021, la taxe suivante s'appliquera :<\/p>\n<ul>\n<li>Frais de change - 4,49% par transaction, ajout\u00e9s aux taux de change de gros de NETELLER.<\/li>\n<li>Frais de retrait d'un compte NETELLER vers un compte Skrill - 3,49% par transaction.<\/li>\n<\/ul>\n<h3>Historique de l'entreprise<\/h3>\n<p><img decoding=\"async\" class=\"size-full wp-image-6777 alignright\" src=\"https:\/\/www.casinolion.ca\/wp-content\/uploads\/2019\/02\/corporate_background.jpg\" alt=\"arri\u00e8re-plan de l&#039;entreprise\" width=\"420\" height=\"250\" srcset=\"https:\/\/casinolion.ca\/wp-content\/uploads\/2019\/02\/corporate_background.jpg 420w, https:\/\/casinolion.ca\/wp-content\/uploads\/2019\/02\/corporate_background-300x179.jpg 300w, https:\/\/casinolion.ca\/wp-content\/uploads\/2019\/02\/corporate_background-60x36.jpg 60w, https:\/\/casinolion.ca\/wp-content\/uploads\/2019\/02\/corporate_background-151x90.jpg 151w\" sizes=\"(max-width: 420px) 100vw, 420px\" \/>Neteller est g\u00e9r\u00e9 par le groupe Paysafe, anciennement Optimal Payments, la m\u00eame soci\u00e9t\u00e9 que celle qui est \u00e0 l'origine de la cr\u00e9ation de Neteller. <a href=\"\/fr\/paysafecard-casinos\/\">Paysafecard <\/a>et <a href=\"\/fr\/skrill-casinos\/\">Skrill<\/a>. Bas\u00e9 sur l'\u00eele de Man, Neteller n'est pas une banque et ne pr\u00eate pas les fonds de ses clients. Il est tenu de conserver les fonds de ses clients sur des comptes distincts de ses liquidit\u00e9s d'exploitation. Neteller est le sponsor du club de football Crystal Palace.<\/p>\n<h3>Conclusion sur Neteller<\/h3>\n<p>Les aspects les plus positifs de l'utilisation de Neteller sont sa facilit\u00e9 d'utilisation, la vari\u00e9t\u00e9 des m\u00e9thodes d'ajout de fonds et les niveaux de s\u00e9curit\u00e9 am\u00e9lior\u00e9s. L'ajout de fonds sur votre compte Neteller est simple et rapide et les joueurs ont l'avantage de savoir qu'en tant qu'utilisateur de Neteller, ils ont la possibilit\u00e9 d'utiliser les services de Neteller en toute s\u00e9curit\u00e9. <a href=\"\/fr\/payment-methods\/\">portefeuille \u00e9lectronique<\/a> ils ont davantage de contr\u00f4le sur leur bankroll. De plus, le fait que vos donn\u00e9es financi\u00e8res ne soient pas conserv\u00e9es par votre casino en ligne peut vous apporter une plus grande tranquillit\u00e9 d'esprit. En fin de compte, ces facteurs se combinent pour faire du jeu dans un casino Neteller l'un des moyens les plus efficaces de jouer.<\/p>\n<p>&nbsp;<\/p>","protected":false},"excerpt":{"rendered":"<p>NETELLER ne fonctionne plus au Canada.  Contrairement \u00e0 ce qu'annoncent certains casinos en ligne, Neteller ne fonctionne pas ! Lisez cet article pour trouver des alternatives. Neteller est depuis longtemps une m\u00e9thode de paiement populaire pour les joueurs de casinos en ligne canadiens, offrant \u00e0 la fois commodit\u00e9 et s\u00e9curit\u00e9. Vous avez le choix de la fa\u00e7on dont vous pouvez ajouter des fonds \u00e0 [...]<\/p>","protected":false},"author":1,"featured_media":6783,"parent":0,"menu_order":211,"comment_status":"open","ping_status":"closed","template":"payment-method.php","meta":{"_acf_changed":false,"footnotes":""},"class_list":["post-391","page","type-page","status-publish","has-post-thumbnail","hentry"],"acf":[],"yoast_head":"<!-- This site is optimized with the Yoast SEO plugin v26.1.1 - https:\/\/yoast.com\/wordpress\/plugins\/seo\/ -->\n<title>Neteller Does NOT Work in Canada for Online Casinos<\/title>\n<meta name=\"robots\" content=\"index, follow, max-snippet:-1, max-image-preview:large, max-video-preview:-1\" \/>\n<link rel=\"canonical\" href=\"https:\/\/casinolion.ca\/fr\/neteller-casinos\/\" \/>\n<meta property=\"og:locale\" content=\"fr_CA\" \/>\n<meta property=\"og:type\" content=\"article\" \/>\n<meta property=\"og:title\" content=\"Neteller Does NOT Work in Canada for Online Casinos\" \/>\n<meta property=\"og:description\" content=\"NETELLER no longer works in Canada.\u00a0 Contrary to what some online casinos might advertise, Neteller will not work! Read this article to find alternatives. Neteller has long been a popular payment method option for Canadian online casino players offering both convenience and security. You have a choice in the way you can add funds to [&hellip;]\" \/>\n<meta property=\"og:url\" content=\"https:\/\/casinolion.ca\/fr\/neteller-casinos\/\" \/>\n<meta property=\"article:modified_time\" content=\"2024-02-04T08:46:27+00:00\" \/>\n<meta property=\"og:image\" content=\"https:\/\/casinolion.ca\/wp-content\/uploads\/2019\/02\/recommended_neteller_online_casinos.jpg\" \/>\n\t<meta property=\"og:image:width\" content=\"750\" \/>\n\t<meta property=\"og:image:height\" content=\"433\" \/>\n\t<meta property=\"og:image:type\" content=\"image\/jpeg\" \/>\n<meta name=\"twitter:card\" content=\"summary_large_image\" \/>\n<meta name=\"twitter:label1\" content=\"Estimation du temps de lecture\" \/>\n\t<meta name=\"twitter:data1\" content=\"6 minutes\" \/>\n<script type=\"application\/ld+json\" class=\"yoast-schema-graph\">{\"@context\":\"https:\/\/schema.org\",\"@graph\":[{\"@type\":\"WebPage\",\"@id\":\"https:\/\/casinolion.ca\/neteller-casinos\/\",\"url\":\"https:\/\/casinolion.ca\/neteller-casinos\/\",\"name\":\"Neteller Does NOT Work in Canada for Online Casinos\",\"isPartOf\":{\"@id\":\"https:\/\/casinolion.ca\/fr\/#website\"},\"primaryImageOfPage\":{\"@id\":\"https:\/\/casinolion.ca\/neteller-casinos\/#primaryimage\"},\"image\":{\"@id\":\"https:\/\/casinolion.ca\/neteller-casinos\/#primaryimage\"},\"thumbnailUrl\":\"https:\/\/casinolion.ca\/wp-content\/uploads\/2019\/02\/recommended_neteller_online_casinos.jpg\",\"datePublished\":\"2015-09-24T09:31:56+00:00\",\"dateModified\":\"2024-02-04T08:46:27+00:00\",\"breadcrumb\":{\"@id\":\"https:\/\/casinolion.ca\/neteller-casinos\/#breadcrumb\"},\"inLanguage\":\"fr-CA\",\"potentialAction\":[{\"@type\":\"ReadAction\",\"target\":[\"https:\/\/casinolion.ca\/neteller-casinos\/\"]}]},{\"@type\":\"ImageObject\",\"inLanguage\":\"fr-CA\",\"@id\":\"https:\/\/casinolion.ca\/neteller-casinos\/#primaryimage\",\"url\":\"https:\/\/casinolion.ca\/wp-content\/uploads\/2019\/02\/recommended_neteller_online_casinos.jpg\",\"contentUrl\":\"https:\/\/casinolion.ca\/wp-content\/uploads\/2019\/02\/recommended_neteller_online_casinos.jpg\",\"width\":750,\"height\":433,\"caption\":\"recommended_neteller_online_casinos\"},{\"@type\":\"BreadcrumbList\",\"@id\":\"https:\/\/casinolion.ca\/neteller-casinos\/#breadcrumb\",\"itemListElement\":[{\"@type\":\"ListItem\",\"position\":1,\"name\":\"Home\",\"item\":\"https:\/\/casinolion.ca\/\"},{\"@type\":\"ListItem\",\"position\":2,\"name\":\"Recommended Neteller Online Casinos\"}]},{\"@type\":\"WebSite\",\"@id\":\"https:\/\/casinolion.ca\/fr\/#website\",\"url\":\"https:\/\/casinolion.ca\/fr\/\",\"name\":\"\",\"description\":\"\",\"potentialAction\":[{\"@type\":\"SearchAction\",\"target\":{\"@type\":\"EntryPoint\",\"urlTemplate\":\"https:\/\/casinolion.ca\/fr\/?s={search_term_string}\"},\"query-input\":{\"@type\":\"PropertyValueSpecification\",\"valueRequired\":true,\"valueName\":\"search_term_string\"}}],\"inLanguage\":\"fr-CA\"}]}<\/script>\n<!-- \/ Yoast SEO plugin. -->","yoast_head_json":{"title":"Neteller ne fonctionne pas au Canada pour les casinos en ligne","robots":{"index":"index","follow":"follow","max-snippet":"max-snippet:-1","max-image-preview":"max-image-preview:large","max-video-preview":"max-video-preview:-1"},"canonical":"https:\/\/casinolion.ca\/fr\/neteller-casinos\/","og_locale":"fr_CA","og_type":"article","og_title":"Neteller Does NOT Work in Canada for Online Casinos","og_description":"NETELLER no longer works in Canada.\u00a0 Contrary to what some online casinos might advertise, Neteller will not work! Read this article to find alternatives. Neteller has long been a popular payment method option for Canadian online casino players offering both convenience and security. You have a choice in the way you can add funds to [&hellip;]","og_url":"https:\/\/casinolion.ca\/fr\/neteller-casinos\/","article_modified_time":"2024-02-04T08:46:27+00:00","og_image":[{"width":750,"height":433,"url":"https:\/\/casinolion.ca\/wp-content\/uploads\/2019\/02\/recommended_neteller_online_casinos.jpg","type":"image\/jpeg"}],"twitter_card":"summary_large_image","twitter_misc":{"Estimation du temps de lecture":"6 minutes"},"schema":{"@context":"https:\/\/schema.org","@graph":[{"@type":"WebPage","@id":"https:\/\/casinolion.ca\/neteller-casinos\/","url":"https:\/\/casinolion.ca\/neteller-casinos\/","name":"Neteller ne fonctionne pas au Canada pour les casinos en ligne","isPartOf":{"@id":"https:\/\/casinolion.ca\/fr\/#website"},"primaryImageOfPage":{"@id":"https:\/\/casinolion.ca\/neteller-casinos\/#primaryimage"},"image":{"@id":"https:\/\/casinolion.ca\/neteller-casinos\/#primaryimage"},"thumbnailUrl":"https:\/\/casinolion.ca\/wp-content\/uploads\/2019\/02\/recommended_neteller_online_casinos.jpg","datePublished":"2015-09-24T09:31:56+00:00","dateModified":"2024-02-04T08:46:27+00:00","breadcrumb":{"@id":"https:\/\/casinolion.ca\/neteller-casinos\/#breadcrumb"},"inLanguage":"fr-CA","potentialAction":[{"@type":"ReadAction","target":["https:\/\/casinolion.ca\/neteller-casinos\/"]}]},{"@type":"ImageObject","inLanguage":"fr-CA","@id":"https:\/\/casinolion.ca\/neteller-casinos\/#primaryimage","url":"https:\/\/casinolion.ca\/wp-content\/uploads\/2019\/02\/recommended_neteller_online_casinos.jpg","contentUrl":"https:\/\/casinolion.ca\/wp-content\/uploads\/2019\/02\/recommended_neteller_online_casinos.jpg","width":750,"height":433,"caption":"recommended_neteller_online_casinos"},{"@type":"BreadcrumbList","@id":"https:\/\/casinolion.ca\/neteller-casinos\/#breadcrumb","itemListElement":[{"@type":"ListItem","position":1,"name":"Home","item":"https:\/\/casinolion.ca\/"},{"@type":"ListItem","position":2,"name":"Recommended Neteller Online Casinos"}]},{"@type":"WebSite","@id":"https:\/\/casinolion.ca\/fr\/#website","url":"https:\/\/casinolion.ca\/fr\/","name":"","description":"","potentialAction":[{"@type":"SearchAction","target":{"@type":"EntryPoint","urlTemplate":"https:\/\/casinolion.ca\/fr\/?s={search_term_string}"},"query-input":{"@type":"PropertyValueSpecification","valueRequired":true,"valueName":"search_term_string"}}],"inLanguage":"fr-CA"}]}},"_links":{"self":[{"href":"https:\/\/casinolion.ca\/fr\/wp-json\/wp\/v2\/pages\/391","targetHints":{"allow":["GET"]}}],"collection":[{"href":"https:\/\/casinolion.ca\/fr\/wp-json\/wp\/v2\/pages"}],"about":[{"href":"https:\/\/casinolion.ca\/fr\/wp-json\/wp\/v2\/types\/page"}],"author":[{"embeddable":true,"href":"https:\/\/casinolion.ca\/fr\/wp-json\/wp\/v2\/users\/1"}],"replies":[{"embeddable":true,"href":"https:\/\/casinolion.ca\/fr\/wp-json\/wp\/v2\/comments?post=391"}],"version-history":[{"count":0,"href":"https:\/\/casinolion.ca\/fr\/wp-json\/wp\/v2\/pages\/391\/revisions"}],"wp:featuredmedia":[{"embeddable":true,"href":"https:\/\/casinolion.ca\/fr\/wp-json\/wp\/v2\/media\/6783"}],"wp:attachment":[{"href":"https:\/\/casinolion.ca\/fr\/wp-json\/wp\/v2\/media?parent=391"}],"curies":[{"name":"wp","href":"https:\/\/api.w.org\/{rel}","templated":true}]}}