
{"id":4344,"date":"2017-08-04T06:52:10","date_gmt":"2017-08-04T06:52:10","guid":{"rendered":"http:\/\/www.bestcasinoscanada.com\/?page_id=4344"},"modified":"2024-02-04T09:39:59","modified_gmt":"2024-02-04T09:39:59","slug":"news","status":"publish","type":"page","link":"https:\/\/casinolion.ca\/fr\/news\/","title":{"rendered":"Actualit\u00e9s des casinos"},"content":{"rendered":"","protected":false},"excerpt":{"rendered":"","protected":false},"author":1,"featured_media":0,"parent":0,"menu_order":151,"comment_status":"open","ping_status":"closed","template":"blog.php","meta":{"_acf_changed":false,"footnotes":""},"class_list":["post-4344","page","type-page","status-publish","hentry"],"acf":[],"yoast_head":"<!-- This site is optimized with the Yoast SEO plugin v26.1.1 - https:\/\/yoast.com\/wordpress\/plugins\/seo\/ -->\n<title>Online Casino News Canada 2026<\/title>\n<meta name=\"description\" content=\"Read the latest online casino industry news at Best Casinos Canada. We review and keep up to date information on online casinos available to Canadians\" \/>\n<meta name=\"robots\" content=\"index, follow, max-snippet:-1, max-image-preview:large, max-video-preview:-1\" \/>\n<link rel=\"canonical\" href=\"https:\/\/casinolion.ca\/fr\/news\/\" \/>\n<meta property=\"og:locale\" content=\"fr_CA\" \/>\n<meta property=\"og:type\" content=\"article\" \/>\n<meta property=\"og:title\" content=\"Online Casino News Canada [year]\" \/>\n<meta property=\"og:description\" content=\"Read the latest online casino industry news at Best Casinos Canada. We review and keep up to date information on online casinos available to Canadians\" \/>\n<meta property=\"og:url\" content=\"https:\/\/casinolion.ca\/fr\/news\/\" \/>\n<meta property=\"article:modified_time\" content=\"2024-02-04T09:39:59+00:00\" \/>\n<meta name=\"twitter:card\" content=\"summary_large_image\" \/>\n<script type=\"application\/ld+json\" class=\"yoast-schema-graph\">{\"@context\":\"https:\/\/schema.org\",\"@graph\":[{\"@type\":\"WebPage\",\"@id\":\"https:\/\/casinolion.ca\/news\/\",\"url\":\"https:\/\/casinolion.ca\/news\/\",\"name\":\"Online Casino News Canada [year]\",\"isPartOf\":{\"@id\":\"https:\/\/casinolion.ca\/fr\/#website\"},\"datePublished\":\"2017-08-04T06:52:10+00:00\",\"dateModified\":\"2024-02-04T09:39:59+00:00\",\"description\":\"Read the latest online casino industry news at Best Casinos Canada. We review and keep up to date information on online casinos available to Canadians\",\"breadcrumb\":{\"@id\":\"https:\/\/casinolion.ca\/news\/#breadcrumb\"},\"inLanguage\":\"fr-CA\",\"potentialAction\":[{\"@type\":\"ReadAction\",\"target\":[\"https:\/\/casinolion.ca\/news\/\"]}]},{\"@type\":\"BreadcrumbList\",\"@id\":\"https:\/\/casinolion.ca\/news\/#breadcrumb\",\"itemListElement\":[{\"@type\":\"ListItem\",\"position\":1,\"name\":\"Home\",\"item\":\"https:\/\/casinolion.ca\/\"},{\"@type\":\"ListItem\",\"position\":2,\"name\":\"Casino News\"}]},{\"@type\":\"WebSite\",\"@id\":\"https:\/\/casinolion.ca\/fr\/#website\",\"url\":\"https:\/\/casinolion.ca\/fr\/\",\"name\":\"\",\"description\":\"\",\"potentialAction\":[{\"@type\":\"SearchAction\",\"target\":{\"@type\":\"EntryPoint\",\"urlTemplate\":\"https:\/\/casinolion.ca\/fr\/?s={search_term_string}\"},\"query-input\":{\"@type\":\"PropertyValueSpecification\",\"valueRequired\":true,\"valueName\":\"search_term_string\"}}],\"inLanguage\":\"fr-CA\"}]}<\/script>\n<!-- \/ Yoast SEO plugin. -->","yoast_head_json":{"title":"Actualit\u00e9s des casinos en ligne Canada 2026","description":"Lisez les derni\u00e8res nouvelles de l'industrie des casinos en ligne sur Best Casinos Canada. Nous examinons et tenons \u00e0 jour les informations sur les casinos en ligne disponibles pour les Canadiens.","robots":{"index":"index","follow":"follow","max-snippet":"max-snippet:-1","max-image-preview":"max-image-preview:large","max-video-preview":"max-video-preview:-1"},"canonical":"https:\/\/casinolion.ca\/fr\/news\/","og_locale":"fr_CA","og_type":"article","og_title":"Online Casino News Canada [year]","og_description":"Read the latest online casino industry news at Best Casinos Canada. We review and keep up to date information on online casinos available to Canadians","og_url":"https:\/\/casinolion.ca\/fr\/news\/","article_modified_time":"2024-02-04T09:39:59+00:00","twitter_card":"summary_large_image","schema":{"@context":"https:\/\/schema.org","@graph":[{"@type":"WebPage","@id":"https:\/\/casinolion.ca\/news\/","url":"https:\/\/casinolion.ca\/news\/","name":"Online Casino News Canada [ann\u00e9e]","isPartOf":{"@id":"https:\/\/casinolion.ca\/fr\/#website"},"datePublished":"2017-08-04T06:52:10+00:00","dateModified":"2024-02-04T09:39:59+00:00","description":"Lisez les derni\u00e8res nouvelles de l'industrie des casinos en ligne sur Best Casinos Canada. Nous examinons et tenons \u00e0 jour les informations sur les casinos en ligne disponibles pour les Canadiens.","breadcrumb":{"@id":"https:\/\/casinolion.ca\/news\/#breadcrumb"},"inLanguage":"fr-CA","potentialAction":[{"@type":"ReadAction","target":["https:\/\/casinolion.ca\/news\/"]}]},{"@type":"BreadcrumbList","@id":"https:\/\/casinolion.ca\/news\/#breadcrumb","itemListElement":[{"@type":"ListItem","position":1,"name":"Home","item":"https:\/\/casinolion.ca\/"},{"@type":"ListItem","position":2,"name":"Casino News"}]},{"@type":"WebSite","@id":"https:\/\/casinolion.ca\/fr\/#website","url":"https:\/\/casinolion.ca\/fr\/","name":"","description":"","potentialAction":[{"@type":"SearchAction","target":{"@type":"EntryPoint","urlTemplate":"https:\/\/casinolion.ca\/fr\/?s={search_term_string}"},"query-input":{"@type":"PropertyValueSpecification","valueRequired":true,"valueName":"search_term_string"}}],"inLanguage":"fr-CA"}]}},"_links":{"self":[{"href":"https:\/\/casinolion.ca\/fr\/wp-json\/wp\/v2\/pages\/4344","targetHints":{"allow":["GET"]}}],"collection":[{"href":"https:\/\/casinolion.ca\/fr\/wp-json\/wp\/v2\/pages"}],"about":[{"href":"https:\/\/casinolion.ca\/fr\/wp-json\/wp\/v2\/types\/page"}],"author":[{"embeddable":true,"href":"https:\/\/casinolion.ca\/fr\/wp-json\/wp\/v2\/users\/1"}],"replies":[{"embeddable":true,"href":"https:\/\/casinolion.ca\/fr\/wp-json\/wp\/v2\/comments?post=4344"}],"version-history":[{"count":0,"href":"https:\/\/casinolion.ca\/fr\/wp-json\/wp\/v2\/pages\/4344\/revisions"}],"wp:attachment":[{"href":"https:\/\/casinolion.ca\/fr\/wp-json\/wp\/v2\/media?parent=4344"}],"curies":[{"name":"wp","href":"https:\/\/api.w.org\/{rel}","templated":true}]}}