
{"id":4584,"date":"2017-12-21T21:36:54","date_gmt":"2017-12-21T21:36:54","guid":{"rendered":"https:\/\/www.bestcasinoscanada.com\/?page_id=4584"},"modified":"2024-01-03T07:54:00","modified_gmt":"2024-01-03T07:54:00","slug":"quebec-casinos","status":"publish","type":"page","link":"https:\/\/casinolion.ca\/fr\/canadian-local-casino-scene\/quebec-casinos\/","title":{"rendered":"Casinos du Qu\u00e9bec"},"content":{"rendered":"<p><iframe loading=\"lazy\" style=\"border: 0;\" src=\"https:\/\/www.google.com\/maps\/d\/u\/0\/embed?mid=17iazZKMJu96PiujH3lCYtcAcowb3b8jS\" width=\"744\" height=\"558\"><span data-mce-type=\"bookmark\" style=\"display: inline-block; width: 0px; overflow: hidden; line-height: 0;\" class=\"mce_SELRES_start\"><\/span><\/iframe><\/p>\n<h2>Les casinos du Qu\u00e9bec<\/h2>\n<ul>\n<li><strong>Casino de Montr\u00e9al<\/strong><\/li>\n<li><strong>Casino du Lac-Leamy<\/strong> - Gatineau<\/li>\n<li><strong>Casino de Mont-Tremblant<\/strong><\/li>\n<li><strong>Casino de Charlevoix<\/strong> - La Malbaie<\/li>\n<\/ul>\n<p><strong>Casino de Montr\u00e9al<\/strong> est une salle de jeux exquise et le plus grand centre de loisirs de l'Union europ\u00e9enne. <a href=\"https:\/\/casinolion.ca\/fr\/montreal-casinos\/\">casino \u00e0 Montr\u00e9al<\/a>. Il y a trois b\u00e2timents principaux. Deux d'entre eux ont \u00e9t\u00e9 construits \u00e0 l'origine comme pavillons pour l'Expo 67 et le troisi\u00e8me, qui abrite le casino au 6e \u00e9tage, a ouvert ses portes en 1993.<\/p>\n<p>En moyenne, pr\u00e8s de 20 000 personnes visitent les installations chaque jour, avec plus de 3 000 machines \u00e0 sous, plus de 100 jeux de table et 25 tables de poker. Une zone est r\u00e9serv\u00e9e aux jeunes avec pr\u00e8s de 100 bornes interactives, des \u00e9crans de jeu g\u00e9ants et un animateur interactif. Les options de restauration sont tr\u00e8s vari\u00e9es, allant de la petite restauration \u00e0 l'Atelier de Jo\u00ebl Robuchon. Il y a un cabaret et quatre bars\/salons.<\/p>\n<div class=\"sue-panel\" data-url=\"\" data-target=\"self\" style=\"background-color:#fbfbfb;color:#625e5d;border-radius:4px;box-shadow:1px 4px 3px #797f7f;border:1px ridge #403a3a\"><div class=\"sue-panel-content su-u-trim\" style=\"padding:15px;text-align:left\"><\/p>\n<h3>Casino de Charlevoix<\/h3>\n<p><img decoding=\"async\" class=\"alignleft size-full wp-image-1999\" src=\"https:\/\/www.casinolion.ca\/wp-content\/uploads\/2016\/02\/Casino-Charlevoix.jpg\" alt=\"Casino Charlevoix\" width=\"91\" height=\"91\" srcset=\"https:\/\/casinolion.ca\/wp-content\/uploads\/2016\/02\/Casino-Charlevoix.jpg 91w, https:\/\/casinolion.ca\/wp-content\/uploads\/2016\/02\/Casino-Charlevoix-36x36.jpg 36w, https:\/\/casinolion.ca\/wp-content\/uploads\/2016\/02\/Casino-Charlevoix-90x90.jpg 90w\" sizes=\"(max-width: 91px) 100vw, 91px\" \/>Le Casino de Charlevoix est situ\u00e9 \u00e0 150 km au nord-est de la ville de Qu\u00e9bec, \u00e0 La Malbaie. Annex\u00e9 \u00e0 l'h\u00f4tel Fairmont Le Manoir, le Casino offre un h\u00f4tel Fairmont pour l'h\u00e9bergement des personnes en escapade pour la nuit ou des personnes venant de plus loin.<\/p>\n<p>Il est situ\u00e9 \u00e0 environ 394 km, soit 4 heures et 30 minutes de Montr\u00e9al. Le casino propose plus de 800 machines \u00e9lectroniques, 23 tables de jeu et une salle de poker. Il y a des stations multi-jeux et des jackpots progressifs.<\/p>\n<p><strong>Machines \u00e0 sous<\/strong>: 1 000 machines \u00e0 sous dont 3 machines \u00e0 jackpot progressif.<\/p>\n<p><strong>Jeux de table :<\/strong> Les jeux de table comprennent le blackjack, le blackjack \u00e0 mise gratuite, le Caribbean stud poker, le high card flush, le let it ride bonus, le pai gow poker, la roulette et le poker \u00e0 trois cartes.<\/p>\n<p><strong>Jeux \u00e9lectroniques : <\/strong>Touch bet roulette, interactice roulette et interactive blackjack<\/p>\n<p><strong>Poker<\/strong>: Plusieurs parties de poker Texas Hold'em \u00e0 hautes et basses mises sont en cours \u00e0 tout moment, avec des parties avec ou sans limites \u00e0 partir de $1.<\/p>\n<p><strong>Divertissement<\/strong>: Quatre restaurants et deux bars<\/p>\n<p><div class=\"su-gmap su-u-responsive-media-yes\"><iframe loading=\"lazy\" width=\"600\" height=\"400\" src=\"\/\/maps.google.com\/maps?q=Casino%20de%20Charlevoix&amp;output=embed\" title=\"\"><\/iframe><\/div><br \/>\nPour plus d'informations, consultez le site <a href=\"https:\/\/casinos.lotoquebec.com\/fr\/charlevoix\/accueil\" target=\"_blank\" rel=\"noopener noreferrer\">site web<\/a><br \/>\nOu consultez le site <a href=\"https:\/\/www.tripadvisor.com\/Attraction_Review-g499346-d207285-Reviews-Casino_de_Charlevoix-La_Malbaie_Quebec.html\" target=\"_blank\" rel=\"noopener noreferrer\">Page Trip advisor<\/a><br \/>\n<\/div><\/div>\n<div class=\"sue-panel\" data-url=\"\" data-target=\"self\" style=\"background-color:#fbfbfb;color:#625e5d;border-radius:4px;box-shadow:1px 4px 3px #797f7f;border:1px ridge #403a3a\"><div class=\"sue-panel-content su-u-trim\" style=\"padding:15px;text-align:left\"><\/p>\n<h3>Casino de Mont-Tremblant<\/h3>\n<p><img decoding=\"async\" class=\"alignleft size-full wp-image-1997\" src=\"https:\/\/www.casinolion.ca\/wp-content\/uploads\/2016\/02\/Casino-Mont-Tremblant.jpg\" alt=\"Casino Mont Tremblant\" width=\"91\" height=\"91\" srcset=\"https:\/\/casinolion.ca\/wp-content\/uploads\/2016\/02\/Casino-Mont-Tremblant.jpg 91w, https:\/\/casinolion.ca\/wp-content\/uploads\/2016\/02\/Casino-Mont-Tremblant-36x36.jpg 36w, https:\/\/casinolion.ca\/wp-content\/uploads\/2016\/02\/Casino-Mont-Tremblant-90x90.jpg 90w\" sizes=\"(max-width: 91px) 100vw, 91px\" \/>est un petit casino \u00e0 l'ambiance chaleureuse qui propose des machines \u00e0 sous, du baccarat, du blackjack, de la roulette et du poker Texas Hold'em.<\/p>\n<p>Les mises les plus basses de la maison se trouvent dans la zone de la station multi-jeux, avec le sic bo \u00e9lectronique, le craps, la roulette et d'autres jeux encore. La plupart des jeux ont des mises minimales de $1, le blackjack et le baccarat commen\u00e7ant \u00e0 $5 par main. Le vid\u00e9o poker ne co\u00fbte que $0,25. L'\u00e9tablissement dispose d'une salle d'exposition et de plusieurs options de restauration.<\/p>\n<p><strong>Machines \u00e0 sous<\/strong>: 425 jeux de machines \u00e0 sous<\/p>\n<p><strong>Jeux de table<\/strong>: S\u00e9lection de jeux de table comprenant le blackjack, la roulette, le baccarat et le poker \u00e0 trois cartes.<\/p>\n<p><strong>Poker<\/strong>: Plusieurs tables de poker Texas Hold'em avec des jeux avec ou sans limite \u00e0 partir de $1-$2. Des tournois peuvent \u00e9galement \u00eatre organis\u00e9s sur demande.<\/p>\n<p><strong>Divertissement<\/strong>: Un restaurant, 2 bars et une programmation de spectacles.<\/p>\n<p><div class=\"su-gmap su-u-responsive-media-yes\"><iframe loading=\"lazy\" width=\"600\" height=\"400\" src=\"\/\/maps.google.com\/maps?q=Casino%20de%20Mont-Tremblant&amp;output=embed\" title=\"\"><\/iframe><\/div><br \/>\nPour plus d'informations, consultez le site <a href=\"https:\/\/casinos.lotoquebec.com\/en\/monttremblant\/home\" target=\"_blank\" rel=\"noopener noreferrer\">site web<\/a><br \/>\nOu consultez leur <a href=\"https:\/\/www.tripadvisor.com\/Attraction_Review-g182183-d2311154-Reviews-Casino_de_Mont_Tremblant-Mont_Tremblant_Quebec.html\" target=\"_blank\" rel=\"noopener noreferrer\">Page Trip advisor<\/a><br \/>\n<\/div><\/div>\n<div class=\"sue-panel\" data-url=\"\" data-target=\"self\" style=\"background-color:#fbfbfb;color:#625e5d;border-radius:4px;box-shadow:1px 4px 3px #797f7f;border:1px ridge #403a3a\"><div class=\"sue-panel-content su-u-trim\" style=\"padding:15px;text-align:left\"><\/p>\n<h3>Casino Lac Leamy<\/h3>\n<p><img decoding=\"async\" class=\"alignleft size-full wp-image-1998\" src=\"https:\/\/www.casinolion.ca\/wp-content\/uploads\/2016\/02\/Casino-Lac-Leamy.jpg\" alt=\"Casino Lac Leamy\" width=\"91\" height=\"91\" srcset=\"https:\/\/casinolion.ca\/wp-content\/uploads\/2016\/02\/Casino-Lac-Leamy.jpg 91w, https:\/\/casinolion.ca\/wp-content\/uploads\/2016\/02\/Casino-Lac-Leamy-36x36.jpg 36w, https:\/\/casinolion.ca\/wp-content\/uploads\/2016\/02\/Casino-Lac-Leamy-90x90.jpg 90w\" sizes=\"(max-width: 91px) 100vw, 91px\" \/>Le Casino Lac Leamy offre 300 000 pieds carr\u00e9s d'espace de divertissement avec 1 800 machines \u00e0 sous, 13 tables de jeux de masse, des salles de haute limite, un salon VIP et une salle de poker Texas Hold'em. Il y a \u00e9galement un th\u00e9\u00e2tre de 1 100 places. Le casino a ouvert ses portes le 24 mars 1996 sur le site d'une ancienne usine de ciment Portland. Le Hilton Lac-Leamy propose 349 chambres et suites non-fumeurs, un spa \u00e0 service complet, une discoth\u00e8que et un service de limousine.<\/p>\n<p><strong>Machines \u00e0 sous<\/strong>: 1 700 machines \u00e0 sous sur la piste de jeu, dont six machines \u00e0 jackpot o\u00f9 le jackpot continue de cro\u00eetre jusqu'\u00e0 ce que quelqu'un gagne.<\/p>\n<p><strong>Jeux de table<\/strong>: Grande s\u00e9lection de jeux de table comprenant le blackjack, le blackjack switch, le Caribbean stud poker, le craps, le baccarat EZ, le blackjack \u00e0 mise gratuite, le high card flush, Let it ride, le pai gow poker, le sic bo, la roulette, le poker \u00e0 trois cartes, l'Ultimate texas hold'em et le Spanish 21.<\/p>\n<p><strong>Poker<\/strong>: Plusieurs parties de Texas hold'em se d\u00e9roulent en m\u00eame temps.<\/p>\n<p><strong>Divertissement<\/strong>: Six restaurants et quatre bars dans le complexe du casino.<\/p>\n<p><div class=\"su-gmap su-u-responsive-media-yes\"><iframe loading=\"lazy\" width=\"600\" height=\"400\" src=\"\/\/maps.google.com\/maps?q=Casino%20Lac%20Leamy&amp;output=embed\" title=\"\"><\/iframe><\/div><br \/>\nPour plus d'informations, consultez le site <a href=\"https:\/\/casinos.lotoquebec.com\/en\/lacleamy\/home\" target=\"_blank\" rel=\"noopener noreferrer\">site web<\/a><br \/>\nOu consultez leur <a href=\"https:\/\/www.tripadvisor.com\/Attraction_Review-g182166-d1597738-Reviews-Casino_du_Lac_Leamy-Gatineau_Outaouais_Region_Quebec.html\" target=\"_blank\" rel=\"noopener noreferrer\">Page Trip advisor<\/a><br \/>\n<\/div><\/div>\n<h2>Les salles de jeux du Qu\u00e9bec<\/h2>\n<p><strong>Salle de jeux de Qu\u00e9bec<\/strong> - Outre les machines \u00e0 sous, les appareils de loterie vid\u00e9o, la roulette \u00e9lectronique, le blackjack et le keno, vous trouverez un Ludo Bar o\u00f9 vous pourrez d\u00e9guster des cocktails et de la bi\u00e8re et o\u00f9 des \u00e9crans g\u00e9ants retransmettent des \u00e9v\u00e9nements sportifs. Une salle de r\u00e9ception priv\u00e9e peut \u00e9galement \u00eatre lou\u00e9e pour des \u00e9v\u00e9nements sp\u00e9ciaux.<\/p>\n<p><strong>Salle de jeux de Trois-Rivi\u00e8res<\/strong> - Situ\u00e9 \u00e0 c\u00f4t\u00e9 de l'Hippodrome Trois Rivi\u00e8res (3R), vous pouvez assister \u00e0 des courses en direct depuis la terrasse de mai \u00e0 novembre. L'offre de jeux et de salons est la m\u00eame qu'\u00e0 la salle de jeux de Qu\u00e9bec. Cependant, la r\u00e9ception priv\u00e9e n'est pas disponible.<\/p>\n<h2>Casinos et jeux de hasard au Qu\u00e9bec<\/h2>\n<p>Le Qu\u00e9bec est la plus grande province de l'Est et l'une des 13 provinces et territoires du Canada. C'est aussi la province la plus \u00e9tendue en superficie et la deuxi\u00e8me en taille apr\u00e8s le territoire du Nunavut. Bien qu'il soit situ\u00e9 loin \u00e0 l'est, juste \u00e0 l'ouest de la province de Terre-Neuve-et-Labrador, il est consid\u00e9r\u00e9 comme faisant partie du centre du Canada. Le Qu\u00e9bec couvre presque trois fois plus de territoire que la France ou le Texas. La majeure partie de la population est concentr\u00e9e dans les zones urbaines le long du fleuve Saint-Laurent, entre la capitale, Qu\u00e9bec, et la zone m\u00e9tropolitaine la plus peupl\u00e9e, Montr\u00e9al, qui abrite environ la moiti\u00e9 de la population de la province, soit plus de 4 millions de personnes.<\/p>\n<p><img decoding=\"async\" class=\"size-full wp-image-6716 alignright\" src=\"https:\/\/www.casinolion.ca\/wp-content\/uploads\/2019\/02\/quebec_casinos_and_gambling.jpg\" alt=\"casinos_et_jeux_de_gamble_au_quebec\" width=\"420\" height=\"250\" srcset=\"https:\/\/casinolion.ca\/wp-content\/uploads\/2019\/02\/quebec_casinos_and_gambling.jpg 420w, https:\/\/casinolion.ca\/wp-content\/uploads\/2019\/02\/quebec_casinos_and_gambling-300x179.jpg 300w, https:\/\/casinolion.ca\/wp-content\/uploads\/2019\/02\/quebec_casinos_and_gambling-60x36.jpg 60w, https:\/\/casinolion.ca\/wp-content\/uploads\/2019\/02\/quebec_casinos_and_gambling-151x90.jpg 151w\" sizes=\"(max-width: 420px) 100vw, 420px\" \/>Bien qu'elle soit plus grande que sa voisine de l'ouest, l'Ontario, elle est moins peupl\u00e9e et sa population est essentiellement francophone. La province est entour\u00e9e de plusieurs Premi\u00e8res nations, mais il n'y a pas de casinos des Premi\u00e8res nations. Le territoire mohawk de Kahnawake se trouve en face de Montr\u00e9al, sur le fleuve Saint-Laurent, et des salles de poker peuvent s'y trouver. Le Poker Palace (anciennement Snake's) est \u201ctemporairement\u201d ferm\u00e9 et le Four Aces l'est \u00e9galement.<\/p>\n<p>Toutefois, la Kahnawake Gaming Commission est un important organisme de r\u00e9glementation et d'octroi de licences pour les casinos en ligne, les salles de poker et les paris sportifs, et compte parmi ses licenci\u00e9s <a href=\"https:\/\/casinolion.ca\/fr\/casino-reviews\/sports-interaction-casino\/\">SportsInteraction Casino<\/a>. La Commission r\u00e9glemente actuellement une centaine de domaines de casinos en ligne, parmi lesquels <a href=\"https:\/\/casinolion.ca\/fr\/casino-reviews\/zodiac-casino\/\">Zodiac Casino<\/a>, <a href=\"https:\/\/casinolion.ca\/fr\/casino-reviews\/betway\/\">Betway<\/a> et bien d'autres au service des joueurs canadiens. La r\u00e9glementation et l'octroi de licences pour les \u00e9tablissements terrestres incluent les tombolas et les salles de poker, mais uniquement \u00e0 l'int\u00e9rieur du territoire.<\/p>\n<p>Pour une province aussi vaste et une population aussi active, il n'y a pas vraiment beaucoup de casinos. La plupart des \u00e9tablissements qui existent sont tr\u00e8s agr\u00e9ables, modernes et dot\u00e9s de tous les \u00e9quipements que l'on peut attendre. C'est la soci\u00e9t\u00e9 d'\u00c9tat Loto-Qu\u00e9bec qui contr\u00f4le l'ensemble des jeux de hasard dans la province. Elle a \u00e9t\u00e9 cr\u00e9\u00e9e par le gouvernement en 1969 pour r\u00e9glementer les jeux de hasard et emp\u00eacher le crime organis\u00e9 de s'adonner \u00e0 des activit\u00e9s de jeu. Tous les b\u00e9n\u00e9fices de l'entreprise sont revers\u00e9s au public par l'interm\u00e9diaire des services publics.<\/p>\n<p>Loto-Qu\u00e9bec administre le financement et le contr\u00f4le des loteries, des jeux en ligne, des loteries vid\u00e9o, du bingo et du kinzo, qui est une forme de keno. Cependant, la Soci\u00e9t\u00e9 des casinos du Qu\u00e9bec (SCQ), qui a \u00e9t\u00e9 cr\u00e9\u00e9e en tant que filiale de Loto-Qu\u00e9bec en 1992, supervise les op\u00e9rations des casinos terrestres suivants : Casino de Charlevoix, Casino de Montr\u00e9al, Casino du Lac-Leamy et Casino de Mont-Tremblant.<\/p>\n<p>Le casino en ligne de la province est connu sous le nom d'Espacejeux et propose des machines \u00e0 sous, des jeux de table, du poker, du bingo et des loteries. Le casino en ligne utilise le logiciel Playtech. Les paris sportifs sont g\u00e9r\u00e9s par Mise-o-jeu et Pool Mise-o-jeu. Bien qu'il n'ait jamais \u00e9t\u00e9 mis en \u0153uvre, le Qu\u00e9bec a adopt\u00e9 en mai 2016 un projet de loi sur la censure d'Internet appel\u00e9 projet de loi 74, qui permet au gouvernement de bloquer tout site de jeu en ligne qui n'est pas approuv\u00e9 par la soci\u00e9t\u00e9 d'\u00c9tat. Pour l'instant, les Qu\u00e9b\u00e9cois sont toujours libres de visiter les sites offshore de leur choix.<\/p>\n<p>Les salles de jeu comprennent la salle de jeu de Qu\u00e9bec et la salle de jeu de Trois-Rivi\u00e8res (3R). Il existe \u00e9galement une quarantaine de salles de bingo exploit\u00e9es pour Loto-Qu\u00e9bec par Bingo en r\u00e9seau, sous l'\u00e9gide de la Soci\u00e9t\u00e9 des bingos du Qu\u00e9bec. Il y a environ 4 000 points de vente de loterie au d\u00e9tail dans la province. La Soci\u00e9t\u00e9 des loteries vid\u00e9o du Qu\u00e9bec commercialise et g\u00e8re des milliers d'appareils de loterie vid\u00e9o install\u00e9s dans divers bars et pubs et proposant des jeux de ligne, une forme de vid\u00e9o poker et des jeux de keno.<\/p>\n<h3>Articles connexes<\/h3>\n<ul>\n<li><a href=\"https:\/\/casinolion.ca\/fr\/top-10-casinos-in-canada\/\">Les 10 meilleurs casinos terrestres au Canada<\/a><\/li>\n<li><a href=\"https:\/\/casinolion.ca\/fr\/online-gambling-in-quebec\/\">Casinos en ligne au Qu\u00e9bec<\/a><\/li>\n<li><a href=\"https:\/\/casinolion.ca\/fr\/quebec-sportsbooks\/\">Les paris sportifs au Qu\u00e9bec<\/a><\/li>\n<\/ul>","protected":false},"excerpt":{"rendered":"<p>Les casinos du Qu\u00e9bec Casino de Montr\u00e9al Casino du Lac-Leamy - Gatineau Casino de Mont-Tremblant Casino de Charlevoix - La Malbaie Le Casino de Montr\u00e9al est une salle de jeu exquise et le plus grand casino de Montr\u00e9al. Il se compose de trois b\u00e2timents principaux. Deux d'entre eux ont \u00e9t\u00e9 construits \u00e0 l'origine comme pavillons pour l'Expo 67 et le troisi\u00e8me, [...]<\/p>","protected":false},"author":4,"featured_media":6716,"parent":2724,"menu_order":138,"comment_status":"open","ping_status":"closed","template":"","meta":{"_acf_changed":false,"footnotes":""},"class_list":["post-4584","page","type-page","status-publish","has-post-thumbnail","hentry"],"acf":[],"yoast_head":"<!-- This site is optimized with the Yoast SEO plugin v26.1.1 - https:\/\/yoast.com\/wordpress\/plugins\/seo\/ -->\n<title>Top 4 Casinos in Quebec 2026<\/title>\n<meta name=\"description\" content=\"Discover which casinos are the best to visit whilst staying in Quebec. We review casinos all over the country and show online options as well\" \/>\n<meta name=\"robots\" content=\"index, follow, max-snippet:-1, max-image-preview:large, max-video-preview:-1\" \/>\n<link rel=\"canonical\" href=\"https:\/\/casinolion.ca\/fr\/canadian-local-casino-scene\/quebec-casinos\/\" \/>\n<meta property=\"og:locale\" content=\"fr_CA\" \/>\n<meta property=\"og:type\" content=\"article\" \/>\n<meta property=\"og:title\" content=\"Top 4 Casinos in Quebec [year]\" \/>\n<meta property=\"og:description\" content=\"Discover which casinos are the best to visit whilst staying in Quebec. We review casinos all over the country and show online options as well\" \/>\n<meta property=\"og:url\" content=\"https:\/\/casinolion.ca\/fr\/canadian-local-casino-scene\/quebec-casinos\/\" \/>\n<meta property=\"article:modified_time\" content=\"2024-01-03T07:54:00+00:00\" \/>\n<meta property=\"og:image\" content=\"https:\/\/casinolion.ca\/wp-content\/uploads\/2019\/02\/quebec_casinos_and_gambling.jpg\" \/>\n\t<meta property=\"og:image:width\" content=\"420\" \/>\n\t<meta property=\"og:image:height\" content=\"250\" \/>\n\t<meta property=\"og:image:type\" content=\"image\/jpeg\" \/>\n<meta name=\"twitter:card\" content=\"summary_large_image\" \/>\n<meta name=\"twitter:label1\" content=\"Estimation du temps de lecture\" \/>\n\t<meta name=\"twitter:data1\" content=\"7 minutes\" \/>\n<script type=\"application\/ld+json\" class=\"yoast-schema-graph\">{\"@context\":\"https:\/\/schema.org\",\"@graph\":[{\"@type\":\"WebPage\",\"@id\":\"https:\/\/casinolion.ca\/canadian-local-casino-scene\/quebec-casinos\/\",\"url\":\"https:\/\/casinolion.ca\/canadian-local-casino-scene\/quebec-casinos\/\",\"name\":\"Top 4 Casinos in Quebec [year]\",\"isPartOf\":{\"@id\":\"https:\/\/casinolion.ca\/fr\/#website\"},\"primaryImageOfPage\":{\"@id\":\"https:\/\/casinolion.ca\/canadian-local-casino-scene\/quebec-casinos\/#primaryimage\"},\"image\":{\"@id\":\"https:\/\/casinolion.ca\/canadian-local-casino-scene\/quebec-casinos\/#primaryimage\"},\"thumbnailUrl\":\"https:\/\/casinolion.ca\/wp-content\/uploads\/2019\/02\/quebec_casinos_and_gambling.jpg\",\"datePublished\":\"2017-12-21T21:36:54+00:00\",\"dateModified\":\"2024-01-03T07:54:00+00:00\",\"description\":\"Discover which casinos are the best to visit whilst staying in Quebec. We review casinos all over the country and show online options as well\",\"breadcrumb\":{\"@id\":\"https:\/\/casinolion.ca\/canadian-local-casino-scene\/quebec-casinos\/#breadcrumb\"},\"inLanguage\":\"fr-CA\",\"potentialAction\":[{\"@type\":\"ReadAction\",\"target\":[\"https:\/\/casinolion.ca\/canadian-local-casino-scene\/quebec-casinos\/\"]}]},{\"@type\":\"ImageObject\",\"inLanguage\":\"fr-CA\",\"@id\":\"https:\/\/casinolion.ca\/canadian-local-casino-scene\/quebec-casinos\/#primaryimage\",\"url\":\"https:\/\/casinolion.ca\/wp-content\/uploads\/2019\/02\/quebec_casinos_and_gambling.jpg\",\"contentUrl\":\"https:\/\/casinolion.ca\/wp-content\/uploads\/2019\/02\/quebec_casinos_and_gambling.jpg\",\"width\":420,\"height\":250,\"caption\":\"quebec_casinos_and_gambling\"},{\"@type\":\"BreadcrumbList\",\"@id\":\"https:\/\/casinolion.ca\/canadian-local-casino-scene\/quebec-casinos\/#breadcrumb\",\"itemListElement\":[{\"@type\":\"ListItem\",\"position\":1,\"name\":\"Home\",\"item\":\"https:\/\/casinolion.ca\/\"},{\"@type\":\"ListItem\",\"position\":2,\"name\":\"Canadian Local Gambling\u00a0Scene\",\"item\":\"https:\/\/casinolion.ca\/canadian-local-casino-scene\/\"},{\"@type\":\"ListItem\",\"position\":3,\"name\":\"Quebec Casinos\"}]},{\"@type\":\"WebSite\",\"@id\":\"https:\/\/casinolion.ca\/fr\/#website\",\"url\":\"https:\/\/casinolion.ca\/fr\/\",\"name\":\"\",\"description\":\"\",\"potentialAction\":[{\"@type\":\"SearchAction\",\"target\":{\"@type\":\"EntryPoint\",\"urlTemplate\":\"https:\/\/casinolion.ca\/fr\/?s={search_term_string}\"},\"query-input\":{\"@type\":\"PropertyValueSpecification\",\"valueRequired\":true,\"valueName\":\"search_term_string\"}}],\"inLanguage\":\"fr-CA\"}]}<\/script>\n<!-- \/ Yoast SEO plugin. -->","yoast_head_json":{"title":"Les 4 meilleurs casinos du Qu\u00e9bec en 2026","description":"D\u00e9couvrez quels sont les meilleurs casinos \u00e0 visiter lors d'un s\u00e9jour au Qu\u00e9bec. Nous passons en revue les casinos de tout le pays et pr\u00e9sentons \u00e9galement les options en ligne.","robots":{"index":"index","follow":"follow","max-snippet":"max-snippet:-1","max-image-preview":"max-image-preview:large","max-video-preview":"max-video-preview:-1"},"canonical":"https:\/\/casinolion.ca\/fr\/canadian-local-casino-scene\/quebec-casinos\/","og_locale":"fr_CA","og_type":"article","og_title":"Top 4 Casinos in Quebec [year]","og_description":"Discover which casinos are the best to visit whilst staying in Quebec. We review casinos all over the country and show online options as well","og_url":"https:\/\/casinolion.ca\/fr\/canadian-local-casino-scene\/quebec-casinos\/","article_modified_time":"2024-01-03T07:54:00+00:00","og_image":[{"width":420,"height":250,"url":"https:\/\/casinolion.ca\/wp-content\/uploads\/2019\/02\/quebec_casinos_and_gambling.jpg","type":"image\/jpeg"}],"twitter_card":"summary_large_image","twitter_misc":{"Estimation du temps de lecture":"7 minutes"},"schema":{"@context":"https:\/\/schema.org","@graph":[{"@type":"WebPage","@id":"https:\/\/casinolion.ca\/canadian-local-casino-scene\/quebec-casinos\/","url":"https:\/\/casinolion.ca\/canadian-local-casino-scene\/quebec-casinos\/","name":"Les 4 meilleurs casinos du Qu\u00e9bec [ann\u00e9e]","isPartOf":{"@id":"https:\/\/casinolion.ca\/fr\/#website"},"primaryImageOfPage":{"@id":"https:\/\/casinolion.ca\/canadian-local-casino-scene\/quebec-casinos\/#primaryimage"},"image":{"@id":"https:\/\/casinolion.ca\/canadian-local-casino-scene\/quebec-casinos\/#primaryimage"},"thumbnailUrl":"https:\/\/casinolion.ca\/wp-content\/uploads\/2019\/02\/quebec_casinos_and_gambling.jpg","datePublished":"2017-12-21T21:36:54+00:00","dateModified":"2024-01-03T07:54:00+00:00","description":"D\u00e9couvrez quels sont les meilleurs casinos \u00e0 visiter lors d'un s\u00e9jour au Qu\u00e9bec. Nous passons en revue les casinos de tout le pays et pr\u00e9sentons \u00e9galement les options en ligne.","breadcrumb":{"@id":"https:\/\/casinolion.ca\/canadian-local-casino-scene\/quebec-casinos\/#breadcrumb"},"inLanguage":"fr-CA","potentialAction":[{"@type":"ReadAction","target":["https:\/\/casinolion.ca\/canadian-local-casino-scene\/quebec-casinos\/"]}]},{"@type":"ImageObject","inLanguage":"fr-CA","@id":"https:\/\/casinolion.ca\/canadian-local-casino-scene\/quebec-casinos\/#primaryimage","url":"https:\/\/casinolion.ca\/wp-content\/uploads\/2019\/02\/quebec_casinos_and_gambling.jpg","contentUrl":"https:\/\/casinolion.ca\/wp-content\/uploads\/2019\/02\/quebec_casinos_and_gambling.jpg","width":420,"height":250,"caption":"quebec_casinos_and_gambling"},{"@type":"BreadcrumbList","@id":"https:\/\/casinolion.ca\/canadian-local-casino-scene\/quebec-casinos\/#breadcrumb","itemListElement":[{"@type":"ListItem","position":1,"name":"Home","item":"https:\/\/casinolion.ca\/"},{"@type":"ListItem","position":2,"name":"Canadian Local Gambling\u00a0Scene","item":"https:\/\/casinolion.ca\/canadian-local-casino-scene\/"},{"@type":"ListItem","position":3,"name":"Quebec Casinos"}]},{"@type":"WebSite","@id":"https:\/\/casinolion.ca\/fr\/#website","url":"https:\/\/casinolion.ca\/fr\/","name":"","description":"","potentialAction":[{"@type":"SearchAction","target":{"@type":"EntryPoint","urlTemplate":"https:\/\/casinolion.ca\/fr\/?s={search_term_string}"},"query-input":{"@type":"PropertyValueSpecification","valueRequired":true,"valueName":"search_term_string"}}],"inLanguage":"fr-CA"}]}},"_links":{"self":[{"href":"https:\/\/casinolion.ca\/fr\/wp-json\/wp\/v2\/pages\/4584","targetHints":{"allow":["GET"]}}],"collection":[{"href":"https:\/\/casinolion.ca\/fr\/wp-json\/wp\/v2\/pages"}],"about":[{"href":"https:\/\/casinolion.ca\/fr\/wp-json\/wp\/v2\/types\/page"}],"author":[{"embeddable":true,"href":"https:\/\/casinolion.ca\/fr\/wp-json\/wp\/v2\/users\/4"}],"replies":[{"embeddable":true,"href":"https:\/\/casinolion.ca\/fr\/wp-json\/wp\/v2\/comments?post=4584"}],"version-history":[{"count":0,"href":"https:\/\/casinolion.ca\/fr\/wp-json\/wp\/v2\/pages\/4584\/revisions"}],"up":[{"embeddable":true,"href":"https:\/\/casinolion.ca\/fr\/wp-json\/wp\/v2\/pages\/2724"}],"wp:featuredmedia":[{"embeddable":true,"href":"https:\/\/casinolion.ca\/fr\/wp-json\/wp\/v2\/media\/6716"}],"wp:attachment":[{"href":"https:\/\/casinolion.ca\/fr\/wp-json\/wp\/v2\/media?parent=4584"}],"curies":[{"name":"wp","href":"https:\/\/api.w.org\/{rel}","templated":true}]}}