
{"id":4659,"date":"2018-05-22T01:45:30","date_gmt":"2018-05-22T01:45:30","guid":{"rendered":"https:\/\/www.bestcasinoscanada.com\/?page_id=4659"},"modified":"2018-10-24T04:39:18","modified_gmt":"2018-10-24T04:39:18","slug":"privacy-policy","status":"publish","type":"page","link":"https:\/\/casinolion.ca\/fr\/privacy-policy\/","title":{"rendered":"Politique de confidentialit\u00e9"},"content":{"rendered":"<h2>Politique de confidentialit\u00e9<\/h2>\n<p>L'objectif de cette politique est de divulguer la fa\u00e7on dont Best Casinos Canada (BCC) g\u00e8re les informations personnellement identifiables et non publiquement disponibles collect\u00e9es aupr\u00e8s de ses utilisateurs conform\u00e9ment aux march\u00e9s que nous desservons, qui comprennent l'Europe sous les auspices de l'Organisation mondiale du commerce (OMC).\u00a0<a href=\"https:\/\/www.eugdpr.org\/\" target=\"_blank\" rel=\"nofollow noopener\">R\u00e8glement g\u00e9n\u00e9ral sur la protection des donn\u00e9es (RGPD)<\/a>. Ceci s'applique uniquement aux informations recueillies lors de votre utilisation (pr\u00e9sente et pass\u00e9e) des services et produits fournis par Best Casinos Canada. <\/p>\n<p>Nous ferons r\u00e9f\u00e9rence \u00e0 BestCasinosCanada.com en tant que \u201c<em>Site web<\/em>\u201dtandis que les termes \u201c<em>notre<\/em>\u201d, \u201c<em>nous<\/em>\u201d et \u201c<em>nous<\/em>\u201drepr\u00e9sentent \u00e9galement BestCasinosCanada.com. L'utilisation du terme \u201c<em>vous<\/em>\u201dd\u00e9signe toute personne inscrite ou visitant ce site web.<\/p>\n<h2>Collecte et utilisation des informations<\/h2>\n<p>Vous pouvez \u00eatre amen\u00e9 \u00e0 nous fournir des informations personnelles : lors de l'inscription, lors de l'utilisation de nos services et produits, lors de la visite de nos pages et lors de la participation \u00e0 des promotions ou \u00e0 des tirages au sort.<\/p>\n<p>Vos informations peuvent \u00eatre combin\u00e9es avec celles que nous obtenons de nos partenaires commerciaux ou d'autres entreprises.<\/p>\n<p>Les informations personnelles requises pour l'enregistrement sur ce site web comprennent votre adresse \u00e9lectronique. Les donn\u00e9es facultatives que vous pouvez inclure dans votre profil d'utilisateur comprennent la localisation g\u00e9ographique et le sexe. Vous \u00eates responsable de la mise \u00e0 jour de ces informations.<\/p>\n<p>Notre serveur enregistre automatiquement des informations provenant de votre navigateur, telles que votre adresse IP, des informations sur les cookies et votre demande de page. Nous enregistrons l'adresse IP des membres inscrits pour chaque message\/commentaire post\u00e9 sur ce site web \u00e0 des fins de ciblage g\u00e9ographique. Nous nous r\u00e9servons le droit d'interdire votre compte sur ce site web en cas d'abus et de violations graves du pr\u00e9sent accord.<\/p>\n<p>Nous pouvons utiliser vos informations personnelles pour r\u00e9pondre \u00e0 votre demande de services et de produits, pour la publicit\u00e9 et la personnalisation du contenu qui vous est pr\u00e9sent\u00e9, pour l'am\u00e9lioration de nos services, comme moyen de vous contacter, pour l'\u00e9tablissement de rapports anonymes \u00e0 l'intention de nos clients internes et externes, et \u00e0 des fins de recherche.<\/p>\n<p>Google Analytics est utilis\u00e9 pour surveiller le trafic sur ce site web ainsi que des outils connexes pour la recherche marketing et les donn\u00e9es d\u00e9mographiques. Pour plus d'informations sur la mani\u00e8re dont Google Analytics peut traiter vos donn\u00e9es et sur la mani\u00e8re dont vous pouvez vous y opposer, voir\u00a0<a href=\"https:\/\/policies.google.com\/privacy\" target=\"_blank\" rel=\"nofollow noopener\">R\u00e8gles de confidentialit\u00e9 de Google<\/a>.<\/p>\n<p>Les enfants de moins de 18 ans ne sont PAS autoris\u00e9s \u00e0 s'inscrire sur ce site web.<\/p>\n<h2>Divulgation et partage d'informations<\/h2>\n<p>Vos informations personnelles ne seront pas communiqu\u00e9es \u00e0 des tiers, sauf si vous avez demand\u00e9 un produit ou un service :<\/p>\n<ol>\n<li>Nous sommes tenus de fournir ces informations aux partenaires qui ont conclu un accord de confidentialit\u00e9 avec nous ou qui travaillent pour notre compte. Ces soci\u00e9t\u00e9s peuvent utiliser vos informations personnelles pour nous aider \u00e0 vous transmettre nos offres et celles de nos partenaires commerciaux, mais elles n'ont pas le droit de partager ces informations de mani\u00e8re ind\u00e9pendante ;<\/li>\n<li>en r\u00e9ponse \u00e0 des ordonnances judiciaires, \u00e0 des citations \u00e0 compara\u00eetre et \u00e0 des proc\u00e9dures l\u00e9gales ;<\/li>\n<li>en cas d'enqu\u00eate, de pr\u00e9vention, de lutte contre les activit\u00e9s ill\u00e9gales, de menaces potentielles pour la s\u00e9curit\u00e9 physique de toute personne, de suspicion de fraude, de violation de nos conditions g\u00e9n\u00e9rales, ou si la loi l'exige ;<\/li>\n<li>en cas d'acquisition ou de fusion, auquel cas vous serez inform\u00e9 avant que vos informations personnelles ne soient transf\u00e9r\u00e9es et soumises \u00e0 une nouvelle politique de confidentialit\u00e9 ;<\/li>\n<li>Vous regardez ou interagissez avec une publicit\u00e9 cibl\u00e9e bas\u00e9e sur des informations personnelles, affich\u00e9e par nous, car dans ce cas vous consentez \u00e0 ce que l'annonceur puisse supposer que vous r\u00e9pondez aux crit\u00e8res de ciblage utilis\u00e9s pour pr\u00e9senter la publicit\u00e9. Toutefois, nous ne fournissons aucune information personnelle \u00e0 l'annonceur. Les annonceurs couvrent un certain nombre de secteurs, notamment les casinos, les commer\u00e7ants et les services de voyage.<\/li>\n<\/ol>\n<h2>Cookies<\/h2>\n<p>Nous pouvons installer des cookies sur votre ordinateur et y acc\u00e9der. Les cookies sont des informations g\u00e9n\u00e9r\u00e9es par un site web et stock\u00e9es sur votre dispositif d'acc\u00e8s (c'est-\u00e0-dire ordinateur, smartphone ou tablette) par votre navigateur web. Nous utilisons des cookies pour reconna\u00eetre votre activit\u00e9 et vos pr\u00e9f\u00e9rences lorsque vous naviguez sur notre site. La majorit\u00e9 des navigateurs acceptent automatiquement les cookies ; toutefois, les utilisateurs peuvent g\u00e9rer les cookies dans les param\u00e8tres du navigateur sans compromettre la capacit\u00e9 \u00e0 naviguer sur le site Web. Nous pouvons \u00e9galement utiliser des cookies pour identifier les clics sur les liens d'affiliation sur ce site web et dans les courriels promotionnels. Les cookies de tiers ne sont pas soumis \u00e0 la pr\u00e9sente politique de confidentialit\u00e9.<\/p>\n<h2>\u00c0 propos des pr\u00e9f\u00e9rences et de la modification\/suppression des informations relatives \u00e0 votre compte<\/h2>\n<p>Il est possible de modifier les d\u00e9tails de votre compte \u00e0 tout moment, y compris vos pr\u00e9f\u00e9rences en mati\u00e8re de communication. Les membres inscrits peuvent se d\u00e9sabonner ou modifier leurs pr\u00e9f\u00e9rences en mati\u00e8re de communication promotionnelle directement \u00e0 partir des param\u00e8tres de leur profil ou en suivant la proc\u00e9dure suivante : \u2018.\u2018<em>se d\u00e9sinscrire<\/em>\u2019Vous ne pouvez pas vous d\u00e9sinscrire des instructions figurant dans les messages \u00e9lectroniques que vous recevez. Vous ne pouvez pas vous d\u00e9sinscrire de la r\u00e9ception de certaines notifications de notre part, telles que les annonces de services et les messages administratifs, car elles font partie de votre adh\u00e9sion. Vous pouvez demander la fermeture ou la d\u00e9sactivation de votre compte \u00e0 tout moment. Nous pouvons \u00e9galement supprimer en toute s\u00e9curit\u00e9 vos informations personnelles \u00e0 votre demande.<\/p>\n<h2>Politique de s\u00e9curit\u00e9 et de confidentialit\u00e9<\/h2>\n<p>L'acc\u00e8s \u00e0 vos informations personnelles est limit\u00e9 aux membres de notre personnel qui ont besoin d'y acc\u00e9der pour effectuer des t\u00e2ches li\u00e9es \u00e0 leur travail et\/ou pour vous fournir des services et des produits. Nous veillons \u00e0 ce que vos informations personnelles soient prot\u00e9g\u00e9es par un mot de passe et sauvegard\u00e9es par des mesures physiques, \u00e9lectroniques et proc\u00e9durales conformes aux lois et r\u00e8glements en vigueur. Nous utilisons \u00e9galement le cryptage SSL pour la protection de la transmission des donn\u00e9es dans certaines zones.<\/p>\n<h2>Mises \u00e0 jour et modifications de la politique de confidentialit\u00e9<\/h2>\n<p>Nous pouvons apporter des modifications \u00e0 la pr\u00e9sente politique de confidentialit\u00e9. En cas de mises \u00e0 jour importantes directement li\u00e9es au traitement de vos informations personnelles, vous en serez inform\u00e9 par l'interm\u00e9diaire de votre adresse \u00e9lectronique enregistr\u00e9e et\/ou d'un avis affich\u00e9 sur notre site.<\/p>\n<h2>Demandes de renseignements et commentaires<\/h2>\n<p>Pour toute demande, commentaire ou suggestion, ou pour demander la suppression de vos informations sur le site web, veuillez nous contacter\u00a0<a href=\"https:\/\/casinolion.ca\/fr\/contact-us\/\">ici<\/a>.<\/p>","protected":false},"excerpt":{"rendered":"<p>Privacy Policy The purpose of this policy is to disclose how Best Casinos Canada (BCC) manages the personally identifiable and not otherwise publicly available information collected from its users in accordance with the markets we serve, which includes Europe under the\u00a0General Data Protection Regulation (GDPR). This applies solely to the information gathered during your use [&hellip;]<\/p>","protected":false},"author":1,"featured_media":0,"parent":0,"menu_order":129,"comment_status":"open","ping_status":"closed","template":"","meta":{"_acf_changed":false,"footnotes":""},"class_list":["post-4659","page","type-page","status-publish","hentry"],"acf":[],"yoast_head":"<!-- This site is optimized with the Yoast SEO plugin v26.1.1 - https:\/\/yoast.com\/wordpress\/plugins\/seo\/ -->\n<title>Privacy Policy at BestCasinosCanada<\/title>\n<meta name=\"description\" content=\"We are compliant with the GDPR and do our utmost to keep any visitor&#039;s sensitive information private. Read on for further information\" \/>\n<meta name=\"robots\" content=\"index, follow, max-snippet:-1, max-image-preview:large, max-video-preview:-1\" \/>\n<link rel=\"canonical\" href=\"https:\/\/casinolion.ca\/fr\/privacy-policy\/\" \/>\n<meta property=\"og:locale\" content=\"fr_CA\" \/>\n<meta property=\"og:type\" content=\"article\" \/>\n<meta property=\"og:title\" content=\"Privacy Policy at BestCasinosCanada\" \/>\n<meta property=\"og:description\" content=\"We are compliant with the GDPR and do our utmost to keep any visitor&#039;s sensitive information private. Read on for further information\" \/>\n<meta property=\"og:url\" content=\"https:\/\/casinolion.ca\/fr\/privacy-policy\/\" \/>\n<meta property=\"article:modified_time\" content=\"2018-10-24T04:39:18+00:00\" \/>\n<meta name=\"twitter:card\" content=\"summary_large_image\" \/>\n<meta name=\"twitter:label1\" content=\"Estimation du temps de lecture\" \/>\n\t<meta name=\"twitter:data1\" content=\"4 minutes\" \/>\n<script type=\"application\/ld+json\" class=\"yoast-schema-graph\">{\"@context\":\"https:\/\/schema.org\",\"@graph\":[{\"@type\":\"WebPage\",\"@id\":\"https:\/\/casinolion.ca\/privacy-policy\/\",\"url\":\"https:\/\/casinolion.ca\/privacy-policy\/\",\"name\":\"Privacy Policy at BestCasinosCanada\",\"isPartOf\":{\"@id\":\"https:\/\/casinolion.ca\/fr\/#website\"},\"datePublished\":\"2018-05-22T01:45:30+00:00\",\"dateModified\":\"2018-10-24T04:39:18+00:00\",\"description\":\"We are compliant with the GDPR and do our utmost to keep any visitor's sensitive information private. Read on for further information\",\"breadcrumb\":{\"@id\":\"https:\/\/casinolion.ca\/privacy-policy\/#breadcrumb\"},\"inLanguage\":\"fr-CA\",\"potentialAction\":[{\"@type\":\"ReadAction\",\"target\":[\"https:\/\/casinolion.ca\/privacy-policy\/\"]}]},{\"@type\":\"BreadcrumbList\",\"@id\":\"https:\/\/casinolion.ca\/privacy-policy\/#breadcrumb\",\"itemListElement\":[{\"@type\":\"ListItem\",\"position\":1,\"name\":\"Home\",\"item\":\"https:\/\/casinolion.ca\/\"},{\"@type\":\"ListItem\",\"position\":2,\"name\":\"Privacy Policy\"}]},{\"@type\":\"WebSite\",\"@id\":\"https:\/\/casinolion.ca\/fr\/#website\",\"url\":\"https:\/\/casinolion.ca\/fr\/\",\"name\":\"\",\"description\":\"\",\"potentialAction\":[{\"@type\":\"SearchAction\",\"target\":{\"@type\":\"EntryPoint\",\"urlTemplate\":\"https:\/\/casinolion.ca\/fr\/?s={search_term_string}\"},\"query-input\":{\"@type\":\"PropertyValueSpecification\",\"valueRequired\":true,\"valueName\":\"search_term_string\"}}],\"inLanguage\":\"fr-CA\"}]}<\/script>\n<!-- \/ Yoast SEO plugin. -->","yoast_head_json":{"title":"Politique de confidentialit\u00e9 de BestCasinosCanada","description":"Nous sommes en conformit\u00e9 avec le GDPR et faisons tout notre possible pour pr\u00e9server la confidentialit\u00e9 des informations sensibles de nos visiteurs. Lire la suite pour plus d'informations","robots":{"index":"index","follow":"follow","max-snippet":"max-snippet:-1","max-image-preview":"max-image-preview:large","max-video-preview":"max-video-preview:-1"},"canonical":"https:\/\/casinolion.ca\/fr\/privacy-policy\/","og_locale":"fr_CA","og_type":"article","og_title":"Privacy Policy at BestCasinosCanada","og_description":"We are compliant with the GDPR and do our utmost to keep any visitor's sensitive information private. Read on for further information","og_url":"https:\/\/casinolion.ca\/fr\/privacy-policy\/","article_modified_time":"2018-10-24T04:39:18+00:00","twitter_card":"summary_large_image","twitter_misc":{"Estimation du temps de lecture":"4 minutes"},"schema":{"@context":"https:\/\/schema.org","@graph":[{"@type":"WebPage","@id":"https:\/\/casinolion.ca\/privacy-policy\/","url":"https:\/\/casinolion.ca\/privacy-policy\/","name":"Politique de confidentialit\u00e9 de BestCasinosCanada","isPartOf":{"@id":"https:\/\/casinolion.ca\/fr\/#website"},"datePublished":"2018-05-22T01:45:30+00:00","dateModified":"2018-10-24T04:39:18+00:00","description":"Nous sommes en conformit\u00e9 avec le GDPR et faisons tout notre possible pour pr\u00e9server la confidentialit\u00e9 des informations sensibles de nos visiteurs. Lire la suite pour plus d'informations","breadcrumb":{"@id":"https:\/\/casinolion.ca\/privacy-policy\/#breadcrumb"},"inLanguage":"fr-CA","potentialAction":[{"@type":"ReadAction","target":["https:\/\/casinolion.ca\/privacy-policy\/"]}]},{"@type":"BreadcrumbList","@id":"https:\/\/casinolion.ca\/privacy-policy\/#breadcrumb","itemListElement":[{"@type":"ListItem","position":1,"name":"Home","item":"https:\/\/casinolion.ca\/"},{"@type":"ListItem","position":2,"name":"Privacy Policy"}]},{"@type":"WebSite","@id":"https:\/\/casinolion.ca\/fr\/#website","url":"https:\/\/casinolion.ca\/fr\/","name":"","description":"","potentialAction":[{"@type":"SearchAction","target":{"@type":"EntryPoint","urlTemplate":"https:\/\/casinolion.ca\/fr\/?s={search_term_string}"},"query-input":{"@type":"PropertyValueSpecification","valueRequired":true,"valueName":"search_term_string"}}],"inLanguage":"fr-CA"}]}},"_links":{"self":[{"href":"https:\/\/casinolion.ca\/fr\/wp-json\/wp\/v2\/pages\/4659","targetHints":{"allow":["GET"]}}],"collection":[{"href":"https:\/\/casinolion.ca\/fr\/wp-json\/wp\/v2\/pages"}],"about":[{"href":"https:\/\/casinolion.ca\/fr\/wp-json\/wp\/v2\/types\/page"}],"author":[{"embeddable":true,"href":"https:\/\/casinolion.ca\/fr\/wp-json\/wp\/v2\/users\/1"}],"replies":[{"embeddable":true,"href":"https:\/\/casinolion.ca\/fr\/wp-json\/wp\/v2\/comments?post=4659"}],"version-history":[{"count":0,"href":"https:\/\/casinolion.ca\/fr\/wp-json\/wp\/v2\/pages\/4659\/revisions"}],"wp:attachment":[{"href":"https:\/\/casinolion.ca\/fr\/wp-json\/wp\/v2\/media?parent=4659"}],"curies":[{"name":"wp","href":"https:\/\/api.w.org\/{rel}","templated":true}]}}