
{"id":489,"date":"2015-10-01T11:06:03","date_gmt":"2015-10-01T11:06:03","guid":{"rendered":"http:\/\/www.bestcasinoscanada.com\/?page_id=489"},"modified":"2024-02-04T08:57:31","modified_gmt":"2024-02-04T08:57:31","slug":"free-games","status":"publish","type":"page","link":"https:\/\/casinolion.ca\/fr\/free-games\/","title":{"rendered":"Casino offrant des jeux de casino gratuits"},"content":{"rendered":"<p>Si vous n'\u00eates pas pr\u00eat \u00e0 jouer pour de vrai ou si vous \u00eates \u00e0 court d'argent, jouer \u00e0 des jeux de casino en ligne gratuits reste un excellent moyen de profiter de tout ce qu'un casino en ligne a \u00e0 offrir. Tous les sites de casino que nous recommandons proposent des jeux gratuits ou des jeux de d\u00e9monstration qui vous permettent d'appr\u00e9cier le gameplay et les sensations de tous les classiques du casino - machines \u00e0 sous gratuites, roulette gratuite, blackjack gratuit et bien d'autres encore - sans avoir \u00e0 effectuer de d\u00e9p\u00f4t. Le tableau ci-dessous pr\u00e9sente les meilleurs sites de jeux de casino gratuits pour les Canadiens.<\/p>\n<h3>Pourquoi jouer aux jeux de casino en ligne gratuitement ?<\/h3>\n<p>Il y a plusieurs raisons de jouer gratuitement aux jeux de casino, du moins dans un premier temps :<\/p>\n<p>1) <strong>Pratiquer<\/strong> - certains jeux de casino ont une courbe d'apprentissage plus raide que d'autres. Par exemple, certains des superbes jeux de casino \u00e0 5 rouleaux, <a href=\"https:\/\/casinolion.ca\/fr\/online-slots\/\">machines \u00e0 sous vid\u00e9o<\/a> ont un gameplay assez complexe compar\u00e9 aux machines \u00e0 sous \u00e0 3 rouleaux avec une vari\u00e9t\u00e9 de symboles, de lignes de paiement et de tours de bonus, etc. Avec ces jeux, pourquoi ne pas commencer par jouer quelques tours en mode gratuit pour se familiariser avec les diff\u00e9rents aspects du jeu avant de jouer pour de vrai ?<\/p>\n<p>Dans d'autres jeux, le gameplay lui-m\u00eame peut \u00eatre assez simple mais la capacit\u00e9 \u00e0 utiliser des strat\u00e9gies peut aider \u00e0 am\u00e9liorer vos chances de gagner, un exemple classique \u00e9tant le Blackjack. En jouant gratuitement au blackjack en ligne, vous pouvez vous entra\u00eener et mettre en pratique les diff\u00e9rentes strat\u00e9gies de jeu et les tableaux \u2018hit or stand\u2019, de sorte que lorsque vous jouerez pour de vrai, vous serez bien arm\u00e9 contre la maison.<\/p>\n<p>2) <strong>S'amuser<\/strong> - Bien que l'objectif premier des casinos en ligne soit d'essayer de gagner de l'argent, les jeux en ligne restent une destination de divertissement \u00e0 part enti\u00e8re et les jeux de casino restent exactement cela, des \u2018jeux\u2019 pour jouer et s'amuser.<\/p>\n<p>3)<strong> Parce que vous \u00eates \u00e0 court d'argent<\/strong> - la raison \u00e9vidente. Il se peut que vous n'ayez pas le bankroll n\u00e9cessaire, auquel cas vous jouez pour le plaisir, et lorsque vous aurez le bankroll n\u00e9cessaire, vous d\u00e9poserez de l'argent et jouerez pour de vrai.<\/p>\n<h3>Comment puis-je jouer \u00e0 des jeux de casino gratuits ?<\/h3>\n<p>Les Canadiens peuvent jouer gratuitement aux jeux de casino en mode d\u00e9mo ou gratuit. Apr\u00e8s votre inscription, que vous soyez sur le casino \u00e0 t\u00e9l\u00e9charger ou sur le casino flash\/sans t\u00e9l\u00e9chargement, vous aurez le choix de jouer \u00e0 un jeu en mode d\u00e9mo ou en mode r\u00e9el. Cliquez sur le bouton d\u00e9mo ou gratuit et vous pourrez alors jouer \u00e0 ce jeu sans avoir \u00e0 d\u00e9poser d'argent.<\/p>\n<h3>Quels sont les jeux de casino auxquels je peux jouer gratuitement ?<\/h3>\n<p>Cela varie d'un casino \u00e0 l'autre, mais en g\u00e9n\u00e9ral, les casinos ne proposent pas toute leur gamme de jeux en mode d\u00e9mo. Certains types de jeux sont \u00e9galement exclus du mode d\u00e9mo. Par exemple, vous ne pouvez pas jouer aux machines \u00e0 sous progressives\/li\u00e9es en mode d\u00e9mo et certains jeux plus exotiques ou moins populaires, comme le Sic Bo, ne sont pas propos\u00e9s. N\u00e9anmoins, le choix et la s\u00e9lection de jeux de casino gratuits sont souvent plus que suffisants pour vous permettre de vous entra\u00eener et de vous amuser avant de jouer pour de vrai.<strong>\u00a0<\/strong><\/p>\n<p><strong><br \/>\nExemple de machines \u00e0 sous de casino pour un jeu de d\u00e9monstration :<\/strong><\/p>\n<table class=\"midsites\">\n<tbody>\n<tr>\n<th class=\"rank\"><\/th>\n<th class=\"casinocol\">Jeu de machines \u00e0 sous<\/th>\n<th class=\"bonuscol hideme\">Caract\u00e9ristiques<\/th>\n<th class=\"reviewcol hideme\" style=\"text-align: center;\">Jeu libre ?<\/th>\n<th class=\"visitcol\" style=\"text-align: center;\">Plate-forme de jeu<\/th>\n<\/tr>\n<tr>\n<td class=\"rank\"><span class=\"rank\">1<\/span><\/td>\n<td class=\"logo\"><a href=\"https:\/\/casinolion.ca\/fr\/mega-moolah-slot\/\"><img decoding=\"async\" class=\"size-full wp-image-1496 aligncenter\" src=\"https:\/\/www.casinolion.ca\/wp-content\/uploads\/2016\/01\/mega-moolah.png\" alt=\"m\u00e9ga moolah\" width=\"105\" height=\"36\" \/><\/a><\/td>\n<td class=\"bonus hideme\" style=\"text-align: center;\">5 rouleaux, 25 lignes de paiement, 1 symbole Wild<\/td>\n<td class=\"review hideme\" style=\"text-align: center;\"><strong>\u2713<\/strong><\/td>\n<td class=\"visit\" style=\"text-align: center;\"><a class=\"visbutton size1\" href=\"https:\/\/casinolion.ca\/fr\/microgaming-casinos\/\">Microgaming<\/a><\/td>\n<\/tr>\n<tr>\n<td class=\"rank\"><span class=\"rank\">2<\/span><\/td>\n<td class=\"logo\"><img decoding=\"async\" class=\"size-full wp-image-1499 aligncenter\" src=\"https:\/\/www.casinolion.ca\/wp-content\/uploads\/2016\/01\/darknightrises.png\" alt=\"les hauteurs de l&#039;obscurit\u00e9\" width=\"108\" height=\"37\" srcset=\"https:\/\/casinolion.ca\/wp-content\/uploads\/2016\/01\/darknightrises.png 108w, https:\/\/casinolion.ca\/wp-content\/uploads\/2016\/01\/darknightrises-105x36.png 105w\" sizes=\"(max-width: 108px) 100vw, 108px\" \/><\/td>\n<td class=\"bonus hideme\">5 rouleaux, 243 lignes de paiement, 2 symboles Wild<\/td>\n<td class=\"review hideme\" style=\"text-align: center;\"><strong>\u2713<\/strong><\/td>\n<td class=\"visit\" style=\"text-align: center;\"><a class=\"visbutton size1\" href=\"https:\/\/casinolion.ca\/fr\/microgaming-casinos\/\">Microgaming<\/a><\/td>\n<\/tr>\n<tr>\n<td class=\"rank\"><span class=\"rank\">3<\/span><\/td>\n<td class=\"logo\"><img decoding=\"async\" class=\"wp-image-1500 aligncenter\" src=\"https:\/\/www.casinolion.ca\/wp-content\/uploads\/2016\/01\/gonzosquest.png\" alt=\"gonzosquest\" width=\"123\" height=\"29\" srcset=\"https:\/\/casinolion.ca\/wp-content\/uploads\/2016\/01\/gonzosquest.png 140w, https:\/\/casinolion.ca\/wp-content\/uploads\/2016\/01\/gonzosquest-108x25.png 108w\" sizes=\"(max-width: 123px) 100vw, 123px\" \/><\/td>\n<td class=\"bonus hideme\">5 rouleaux, 20 lignes de paiement, 1 symbole Wild<\/td>\n<td class=\"review hideme\" style=\"text-align: center;\"><strong>\u2713<\/strong><\/td>\n<td class=\"visit\" style=\"text-align: center;\"><a class=\"visbutton size1\" href=\"https:\/\/casinolion.ca\/fr\/netent-casinos\/\">Netent<\/a><\/td>\n<\/tr>\n<tr>\n<td class=\"rank\"><span class=\"rank\">4<\/span><\/td>\n<td class=\"logo\"><img decoding=\"async\" class=\"aligncenter size-full wp-image-1503\" src=\"https:\/\/www.casinolion.ca\/wp-content\/uploads\/2016\/01\/thunderstruckII.png\" alt=\"coup de tonnerreII\" width=\"108\" height=\"40\" srcset=\"https:\/\/casinolion.ca\/wp-content\/uploads\/2016\/01\/thunderstruckII.png 108w, https:\/\/casinolion.ca\/wp-content\/uploads\/2016\/01\/thunderstruckII-97x36.png 97w\" sizes=\"(max-width: 108px) 100vw, 108px\" \/><\/td>\n<td class=\"bonus hideme\">5 rouleaux, 243 lignes de paiement, 1 symbole Wild<\/td>\n<td class=\"review hideme\" style=\"text-align: center;\"><strong>\u2713<\/strong><\/td>\n<td class=\"visit\" style=\"text-align: center;\"><a class=\"visbutton size1\" href=\"https:\/\/casinolion.ca\/fr\/microgaming-casinos\/\">Microgaming<\/a><\/td>\n<\/tr>\n<tr>\n<td class=\"rank\"><span class=\"rank\">5<\/span><\/td>\n<td class=\"logo\"><img decoding=\"async\" class=\"size-full wp-image-1501 aligncenter\" src=\"https:\/\/www.casinolion.ca\/wp-content\/uploads\/2016\/01\/starburst.png\" alt=\"\u00e9clat d&#039;\u00e9toile\" width=\"108\" height=\"29\" \/><\/td>\n<td class=\"bonus hideme\">5 rouleaux, 10 lignes de paiement, 1 symbole Wild<\/td>\n<td class=\"review hideme\" style=\"text-align: center;\"><strong>\u2713<\/strong><\/td>\n<td class=\"visit\" style=\"text-align: center;\"><a class=\"visbutton size1\" href=\"https:\/\/casinolion.ca\/fr\/netent-casinos\/\" target=\"_blank\" rel=\"noopener noreferrer\">Netent<\/a><\/td>\n<\/tr>\n<\/tbody>\n<\/table>\n<h3>Et si vous gagniez de l'argent sans en d\u00e9poser ?<\/h3>\n<p>Il s'agit d'un mode diff\u00e9rent du jeu gratuit, car en mode gratuit ou en mode d\u00e9mo, vous ne pouvez pas gagner d'argent. Vous pouvez \u2018gagner\u2019 apr\u00e8s un pari, mais ces cr\u00e9dits gagnants ne peuvent pas \u00eatre transform\u00e9s en argent r\u00e9el avec lequel vous pouvez jouer en mode r\u00e9el ou que vous pouvez retirer.<\/p>\n<p>Les casinos en ligne proposent, dans le cadre de leurs promotions, quelques bonus diff\u00e9rents qui vous permettent de \u2018gagner\u2019 de l'argent sans effectuer de d\u00e9p\u00f4t, par exemple par le biais de\u00a0<a href=\"https:\/\/casinolion.ca\/fr\/casino-bonuses\/\">bonus sans d\u00e9p\u00f4t<\/a>, Dans ce cas, tous les gains devront \u00eatre jou\u00e9s.  Dans ces cas-l\u00e0, les gains devront toujours \u00eatre \u2018jou\u00e9s\u2019, ce qui confirme l'adage selon lequel il n'y a pas de \u2018repas gratuit\u2019 dans la vie ! Voir cet article sur <a href=\"https:\/\/casinolion.ca\/fr\/casino-bonuses\/\">bonus de casino <\/a>pour plus d'informations sur ces bonus et les conditions de mise.<\/p>\n<h3>Conclusion sur les jeux de casino gratuits<\/h3>\n<p>Jouer \u00e0 des jeux de casino gratuits est un excellent moyen de se familiariser avec les diff\u00e9rents types de jeux de casino ou simplement de s'amuser. Les Canadiens peuvent profiter du mode d\u00e9mo gratuit jusqu'\u00e0 ce qu'ils se sentent \u00e0 l'aise pour jouer pour de l'argent r\u00e9el. Choisissez l'un de nos sites de casino gratuit dans le tableau ci-dessus, et lorsque vous serez pr\u00eat \u00e0 jouer pour de l'argent r\u00e9el, visitez notre page de critiques de casinos pour commencer \u00e0 jouer pour de vrai.<\/p>","protected":false},"excerpt":{"rendered":"<p>Si vous n'\u00eates pas pr\u00eat \u00e0 jouer pour de vrai ou si vous \u00eates \u00e0 court d'argent, jouer \u00e0 des jeux de casino en ligne gratuits est toujours un excellent moyen de profiter de ce qu'un casino en ligne a \u00e0 offrir. Tous les sites de casino que nous recommandons proposent des jeux gratuits ou de d\u00e9monstration qui vous permettent d'appr\u00e9cier la jouabilit\u00e9 et [...]<\/p>","protected":false},"author":1,"featured_media":0,"parent":0,"menu_order":202,"comment_status":"open","ping_status":"closed","template":"","meta":{"_acf_changed":false,"footnotes":""},"class_list":["post-489","page","type-page","status-publish","hentry"],"acf":[],"yoast_head":"<!-- This site is optimized with the Yoast SEO plugin v26.1.1 - https:\/\/yoast.com\/wordpress\/plugins\/seo\/ -->\n<title>Best free casinos &amp; Demo play sites for Canadians!<\/title>\n<meta name=\"description\" content=\"Practice makes perfect, see our list of the best free casinos for Canadians. Play on demo mode, sharpen your skills and have fun. Sign up and play today\" \/>\n<meta name=\"robots\" content=\"index, follow, max-snippet:-1, max-image-preview:large, max-video-preview:-1\" \/>\n<link rel=\"canonical\" href=\"https:\/\/casinolion.ca\/fr\/free-games\/\" \/>\n<meta property=\"og:locale\" content=\"fr_CA\" \/>\n<meta property=\"og:type\" content=\"article\" \/>\n<meta property=\"og:title\" content=\"Best free casinos &amp; Demo play sites for Canadians!\" \/>\n<meta property=\"og:description\" content=\"Practice makes perfect, see our list of the best free casinos for Canadians. Play on demo mode, sharpen your skills and have fun. Sign up and play today\" \/>\n<meta property=\"og:url\" content=\"https:\/\/casinolion.ca\/fr\/free-games\/\" \/>\n<meta property=\"article:modified_time\" content=\"2024-02-04T08:57:31+00:00\" \/>\n<meta property=\"og:image\" content=\"https:\/\/www.casinolion.ca\/wp-content\/uploads\/2016\/01\/mega-moolah.png\" \/>\n<meta name=\"twitter:card\" content=\"summary_large_image\" \/>\n<meta name=\"twitter:label1\" content=\"Estimation du temps de lecture\" \/>\n\t<meta name=\"twitter:data1\" content=\"5 minutes\" \/>\n<script type=\"application\/ld+json\" class=\"yoast-schema-graph\">{\"@context\":\"https:\/\/schema.org\",\"@graph\":[{\"@type\":\"WebPage\",\"@id\":\"https:\/\/casinolion.ca\/free-games\/\",\"url\":\"https:\/\/casinolion.ca\/free-games\/\",\"name\":\"Best free casinos & Demo play sites for Canadians!\",\"isPartOf\":{\"@id\":\"https:\/\/casinolion.ca\/fr\/#website\"},\"primaryImageOfPage\":{\"@id\":\"https:\/\/casinolion.ca\/free-games\/#primaryimage\"},\"image\":{\"@id\":\"https:\/\/casinolion.ca\/free-games\/#primaryimage\"},\"thumbnailUrl\":\"https:\/\/www.casinolion.ca\/wp-content\/uploads\/2016\/01\/mega-moolah.png\",\"datePublished\":\"2015-10-01T11:06:03+00:00\",\"dateModified\":\"2024-02-04T08:57:31+00:00\",\"description\":\"Practice makes perfect, see our list of the best free casinos for Canadians. Play on demo mode, sharpen your skills and have fun. Sign up and play today\",\"breadcrumb\":{\"@id\":\"https:\/\/casinolion.ca\/free-games\/#breadcrumb\"},\"inLanguage\":\"fr-CA\",\"potentialAction\":[{\"@type\":\"ReadAction\",\"target\":[\"https:\/\/casinolion.ca\/free-games\/\"]}]},{\"@type\":\"ImageObject\",\"inLanguage\":\"fr-CA\",\"@id\":\"https:\/\/casinolion.ca\/free-games\/#primaryimage\",\"url\":\"https:\/\/www.casinolion.ca\/wp-content\/uploads\/2016\/01\/mega-moolah.png\",\"contentUrl\":\"https:\/\/www.casinolion.ca\/wp-content\/uploads\/2016\/01\/mega-moolah.png\"},{\"@type\":\"BreadcrumbList\",\"@id\":\"https:\/\/casinolion.ca\/free-games\/#breadcrumb\",\"itemListElement\":[{\"@type\":\"ListItem\",\"position\":1,\"name\":\"Home\",\"item\":\"https:\/\/casinolion.ca\/\"},{\"@type\":\"ListItem\",\"position\":2,\"name\":\"Casino Offering Free Casino Games\"}]},{\"@type\":\"WebSite\",\"@id\":\"https:\/\/casinolion.ca\/fr\/#website\",\"url\":\"https:\/\/casinolion.ca\/fr\/\",\"name\":\"\",\"description\":\"\",\"potentialAction\":[{\"@type\":\"SearchAction\",\"target\":{\"@type\":\"EntryPoint\",\"urlTemplate\":\"https:\/\/casinolion.ca\/fr\/?s={search_term_string}\"},\"query-input\":{\"@type\":\"PropertyValueSpecification\",\"valueRequired\":true,\"valueName\":\"search_term_string\"}}],\"inLanguage\":\"fr-CA\"}]}<\/script>\n<!-- \/ Yoast SEO plugin. -->","yoast_head_json":{"title":"Les meilleurs casinos gratuits et sites de jeux de d\u00e9monstration pour les Canadiens !","description":"C'est en forgeant qu'on devient forgeron. Consultez notre liste des meilleurs casinos gratuits pour les Canadiens. Jouez en mode d\u00e9mo, am\u00e9liorez vos comp\u00e9tences et amusez-vous. Inscrivez-vous et jouez d\u00e8s aujourd'hui","robots":{"index":"index","follow":"follow","max-snippet":"max-snippet:-1","max-image-preview":"max-image-preview:large","max-video-preview":"max-video-preview:-1"},"canonical":"https:\/\/casinolion.ca\/fr\/free-games\/","og_locale":"fr_CA","og_type":"article","og_title":"Best free casinos & Demo play sites for Canadians!","og_description":"Practice makes perfect, see our list of the best free casinos for Canadians. Play on demo mode, sharpen your skills and have fun. Sign up and play today","og_url":"https:\/\/casinolion.ca\/fr\/free-games\/","article_modified_time":"2024-02-04T08:57:31+00:00","og_image":[{"url":"https:\/\/www.casinolion.ca\/wp-content\/uploads\/2016\/01\/mega-moolah.png","type":"","width":"","height":""}],"twitter_card":"summary_large_image","twitter_misc":{"Estimation du temps de lecture":"5 minutes"},"schema":{"@context":"https:\/\/schema.org","@graph":[{"@type":"WebPage","@id":"https:\/\/casinolion.ca\/free-games\/","url":"https:\/\/casinolion.ca\/free-games\/","name":"Les meilleurs casinos gratuits et sites de jeux de d\u00e9monstration pour les Canadiens !","isPartOf":{"@id":"https:\/\/casinolion.ca\/fr\/#website"},"primaryImageOfPage":{"@id":"https:\/\/casinolion.ca\/free-games\/#primaryimage"},"image":{"@id":"https:\/\/casinolion.ca\/free-games\/#primaryimage"},"thumbnailUrl":"https:\/\/www.casinolion.ca\/wp-content\/uploads\/2016\/01\/mega-moolah.png","datePublished":"2015-10-01T11:06:03+00:00","dateModified":"2024-02-04T08:57:31+00:00","description":"C'est en forgeant qu'on devient forgeron. Consultez notre liste des meilleurs casinos gratuits pour les Canadiens. Jouez en mode d\u00e9mo, am\u00e9liorez vos comp\u00e9tences et amusez-vous. Inscrivez-vous et jouez d\u00e8s aujourd'hui","breadcrumb":{"@id":"https:\/\/casinolion.ca\/free-games\/#breadcrumb"},"inLanguage":"fr-CA","potentialAction":[{"@type":"ReadAction","target":["https:\/\/casinolion.ca\/free-games\/"]}]},{"@type":"ImageObject","inLanguage":"fr-CA","@id":"https:\/\/casinolion.ca\/free-games\/#primaryimage","url":"https:\/\/www.casinolion.ca\/wp-content\/uploads\/2016\/01\/mega-moolah.png","contentUrl":"https:\/\/www.casinolion.ca\/wp-content\/uploads\/2016\/01\/mega-moolah.png"},{"@type":"BreadcrumbList","@id":"https:\/\/casinolion.ca\/free-games\/#breadcrumb","itemListElement":[{"@type":"ListItem","position":1,"name":"Home","item":"https:\/\/casinolion.ca\/"},{"@type":"ListItem","position":2,"name":"Casino Offering Free Casino Games"}]},{"@type":"WebSite","@id":"https:\/\/casinolion.ca\/fr\/#website","url":"https:\/\/casinolion.ca\/fr\/","name":"","description":"","potentialAction":[{"@type":"SearchAction","target":{"@type":"EntryPoint","urlTemplate":"https:\/\/casinolion.ca\/fr\/?s={search_term_string}"},"query-input":{"@type":"PropertyValueSpecification","valueRequired":true,"valueName":"search_term_string"}}],"inLanguage":"fr-CA"}]}},"_links":{"self":[{"href":"https:\/\/casinolion.ca\/fr\/wp-json\/wp\/v2\/pages\/489","targetHints":{"allow":["GET"]}}],"collection":[{"href":"https:\/\/casinolion.ca\/fr\/wp-json\/wp\/v2\/pages"}],"about":[{"href":"https:\/\/casinolion.ca\/fr\/wp-json\/wp\/v2\/types\/page"}],"author":[{"embeddable":true,"href":"https:\/\/casinolion.ca\/fr\/wp-json\/wp\/v2\/users\/1"}],"replies":[{"embeddable":true,"href":"https:\/\/casinolion.ca\/fr\/wp-json\/wp\/v2\/comments?post=489"}],"version-history":[{"count":0,"href":"https:\/\/casinolion.ca\/fr\/wp-json\/wp\/v2\/pages\/489\/revisions"}],"wp:attachment":[{"href":"https:\/\/casinolion.ca\/fr\/wp-json\/wp\/v2\/media?parent=489"}],"curies":[{"name":"wp","href":"https:\/\/api.w.org\/{rel}","templated":true}]}}