
{"id":7359,"date":"2019-05-03T00:52:00","date_gmt":"2019-05-03T00:52:00","guid":{"rendered":"https:\/\/www.bestcasinoscanada.com\/?page_id=7359"},"modified":"2019-05-06T02:44:34","modified_gmt":"2019-05-06T02:44:34","slug":"live-dealer-studios-in-canada","status":"publish","type":"page","link":"https:\/\/casinolion.ca\/fr\/live-dealer-studios-in-canada\/","title":{"rendered":"Studios de Live Dealer au Canada"},"content":{"rendered":"<h2>Studios de Live Dealer au Canada<\/h2>\n<p>De nombreux casinos en ligne proposent aujourd'hui une suite de jeux en streaming avec croupier en direct. La grande majorit\u00e9 des jeux propos\u00e9s aux joueurs canadiens sont diffus\u00e9s en continu depuis l'Europe de l'Est. Quelques-uns proviennent des studios et des salles de casino de Malte, Londres et Bucarest. Cependant, il existe \u00e9galement des jeux avec croupier en direct qui sont diffus\u00e9s \u00e0 partir de studios situ\u00e9s ici m\u00eame au Canada !<\/p>\n<p><img decoding=\"async\" class=\"wp-image-7413 size-full alignnone\" src=\"https:\/\/www.casinolion.ca\/wp-content\/uploads\/2019\/05\/ldc_c1.jpg\" alt=\"\" width=\"750\" height=\"443\" srcset=\"https:\/\/casinolion.ca\/wp-content\/uploads\/2019\/05\/ldc_c1.jpg 750w, https:\/\/casinolion.ca\/wp-content\/uploads\/2019\/05\/ldc_c1-300x177.jpg 300w, https:\/\/casinolion.ca\/wp-content\/uploads\/2019\/05\/ldc_c1-61x36.jpg 61w, https:\/\/casinolion.ca\/wp-content\/uploads\/2019\/05\/ldc_c1-152x90.jpg 152w\" sizes=\"(max-width: 750px) 100vw, 750px\" \/><\/p>\n<p>Microgaming propose aux joueurs de casino en ligne des jeux avec croupier en direct, tels que la roulette, le blackjack, le baccarat et le casino hold'em, depuis son studio situ\u00e9 au Royaume-Uni. <a href=\"https:\/\/casinolion.ca\/fr\/toronto-casinos\/\">Toronto<\/a> depuis 2006.<\/p>\n<p>Evolution Gaming est un ajout plus r\u00e9cent au paysage canadien. Ils ont lanc\u00e9 un studio au d\u00e9but de l'ann\u00e9e 2018 \u00e0 partir du Westminster Pier Park, \u00e0 <a href=\"https:\/\/casinolion.ca\/fr\/vancouver-casinos\/\">Metro Vancouver, B.C<\/a>.<\/p>\n<p>Les autres fournisseurs de services de casino avec croupiers en direct qui n'ont pas de studios dans le pays sont, entre autres, les suivants :<\/p>\n<ul>\n<li>Jeux en direct extr\u00eames<\/li>\n<li>Ezugi<\/li>\n<li>LuckyStreak<\/li>\n<li><a href=\"https:\/\/casinolion.ca\/fr\/playtech-casinos\/\">Playtech<\/a><\/li>\n<li>Jeux authentiques<\/li>\n<li>XPro Gaming<\/li>\n<li>HoGaming (Amaya)<\/li>\n<li>Portomaso<\/li>\n<li>Jeux d'Asie<\/li>\n<\/ul>\n<p>Bien que tous les fournisseurs de casinos en direct que nous listons ici soient d\u00fbment agr\u00e9\u00e9s dans leur pays, ils ne sont pas soumis aux r\u00e8gles de la concurrence. <a href=\"https:\/\/casinolion.ca\/fr\/gaming-authorities\/\">les juridictions comp\u00e9tentes<\/a>, Microgaming et Evolution Gaming ont \u00e9galement \u00e9t\u00e9 r\u00e9compens\u00e9s par le prix tr\u00e8s convoit\u00e9 de \"l'excellence en mati\u00e8re d'innovation\". <strong>Les labels de qualit\u00e9 eCOGRA<\/strong> - une r\u00e9f\u00e9rence tr\u00e8s importante en mati\u00e8re d'\u00e9quit\u00e9 des jeux, d'int\u00e9grit\u00e9 et de fiabilit\u00e9.<\/p>\n<h2>Studios de jeux en direct de Microgaming<\/h2>\n<p>Le studio de <a href=\"https:\/\/casinolion.ca\/fr\/ontario-casinos\/\">Ontario<\/a> fonctionne depuis plus de dix ans. Il ne s'agit pas de leur seul studio en direct, ni de leur plus grand, mais il est canadien et fonctionne et est certifi\u00e9 depuis plus longtemps que presque toutes les autres op\u00e9rations de diffusion en direct dans le monde.<\/p>\n<p>D'autres studios Microgaming ont ouvert et ferm\u00e9 au fil des ans, mais nous les avons localis\u00e9s aux Philippines et m\u00eame en Argentine.<\/p>\n<p><a href=\"https:\/\/casinolion.ca\/fr\/microgaming-casinos\/\">Microgaming<\/a> est pr\u00e9sent sur le march\u00e9 des casinos en ligne depuis 1994 - et bien que les d\u00e9tails restent contest\u00e9s \u00e0 ce jour, ils revendiquent le fait d'avoir cr\u00e9\u00e9 le premier v\u00e9ritable casino en ligne. En plus d'\u00eatre le premier de sa cat\u00e9gorie, le <a href=\"https:\/\/casinolion.ca\/fr\/mobile-casinos\/\">jeux mobiles<\/a> sorti en 2004, il n'est pas surprenant qu'ils aient \u00e9t\u00e9 en avance sur la plupart des autres lorsqu'ils ont lanc\u00e9 le studio de concessionnaires en direct de Toronto environ deux ans plus tard.<\/p>\n<p>Au fur et \u00e0 mesure que la concurrence s'intensifiait, ils ont am\u00e9lior\u00e9 leur offre par \u00e0-coups. En 2010, ils sont pass\u00e9s d'une toile de fond virtuelle \u00e0 un v\u00e9ritable environnement de table de jeu. L'\u00e9tape suivante a consist\u00e9 \u00e0 devenir le premier studio de croupiers en direct au monde lorsque Playboy Bunnies a commenc\u00e9 \u00e0 distribuer certains jeux en 2013.<\/p>\n<p>Le fournisseur propose environ deux douzaines de tables dans la somme totale.<\/p>\n<p><img decoding=\"async\" class=\"alignright size-full wp-image-7388\" src=\"https:\/\/www.casinolion.ca\/wp-content\/uploads\/2019\/05\/MGS_playboy.jpg\" alt=\"\" width=\"775\" height=\"240\" srcset=\"https:\/\/casinolion.ca\/wp-content\/uploads\/2019\/05\/MGS_playboy.jpg 775w, https:\/\/casinolion.ca\/wp-content\/uploads\/2019\/05\/MGS_playboy-300x93.jpg 300w, https:\/\/casinolion.ca\/wp-content\/uploads\/2019\/05\/MGS_playboy-768x238.jpg 768w, https:\/\/casinolion.ca\/wp-content\/uploads\/2019\/05\/MGS_playboy-108x33.jpg 108w, https:\/\/casinolion.ca\/wp-content\/uploads\/2019\/05\/MGS_playboy-270x84.jpg 270w\" sizes=\"(max-width: 775px) 100vw, 775px\" \/><\/p>\n<h3>Microgaming Live Baccarat<\/h3>\n<p>C'\u00e9tait la premi\u00e8re fois qu'ils proposaient un jeu en provenance du Canada. L'exp\u00e9rience a \u00e9volu\u00e9 au fur et \u00e0 mesure que le secteur se d\u00e9veloppait et que la concurrence s'intensifiait.<\/p>\n<p>L'interface num\u00e9rique qui permet aux joueurs de voir les routes\/l'historique, de placer des paris et de jouer leurs cartes est claire et nette et n'encombre pas les flux des croupiers en direct ou l'exp\u00e9rience de jeu. Le chat avec les croupiers n'est pas une option, mais voir les autres flirter avec les \u201cbunnies\u201d n'est de toute fa\u00e7on pas un attrait.<\/p>\n<p>Il est possible de jouer \u00e0 plusieurs tables pour ceux qui ne peuvent pas se contenter d'une seule table. Les paris lat\u00e9raux Dragon Bonus et Paires sont disponibles.<\/p>\n<h3>Roulette en direct de Microgaming<\/h3>\n<p>Choisissez vos limites de mise pour choisir une table dans le hall. Choisissez votre point de vue - la table ou la toile de fond et le croupier. Plusieurs angles de cam\u00e9ra sont disponibles.<\/p>\n<p>La roulette en direct est un jeu qui permet \u00e0 un nombre illimit\u00e9 de joueurs de parier sur certaines tables. Lorsque les \u2018places\u2019 sont limit\u00e9es, vous avez la possibilit\u00e9 de choisir la couleur de vos jetons. Des statistiques sont disponibles pour ceux qui aiment parier en tenant compte de l'histoire.<\/p>\n<h3>Blackjack en direct de Microgaming<\/h3>\n<p>Il s'agit de l'un des jeux les plus populaires aupr\u00e8s des joueurs en ligne au Canada. Les <a href=\"https:\/\/casinolion.ca\/fr\/live-dealer-blackjack-canada\/\">blackjack en direct<\/a> sont des r\u00e8gles standard de jeu \u00e0 8 jeux en ligne avec des paiements couramment utilis\u00e9s. Gr\u00e2ce \u00e0 l'option \u201cmiser derri\u00e8re\u201d, vous pouvez toujours trouver une place pour miser, m\u00eame si les sept si\u00e8ges sont occup\u00e9s. Il vous suffit de parier avec un autre joueur jusqu'\u00e0 ce que vous ayez la possibilit\u00e9 de prendre un si\u00e8ge. Le logiciel vous informera lorsqu'un si\u00e8ge se lib\u00e9rera.<\/p>\n<p>La vitesse du jeu est rapide et plusieurs vues, diff\u00e9rentes limites de table, plusieurs tables, un menu r\u00e9duit, des tables de strat\u00e9gie et des paris automatiques sont disponibles.<\/p>\n<h3>Microgaming Live Casino Hold'em<\/h3>\n<p>Il s'agit de l'un des jeux les plus r\u00e9cents ajout\u00e9s au studio Microgaming en 2015. Le jeu offre des options solo et multijoueur, mais vous pariez toujours contre le croupier\/les paris\/la maison.<\/p>\n<p>Choisissez une table et des limites, placez une mise et commencez \u00e0 jouer. Le jeu est rapide et vous n'aurez que quelques secondes pour placer vos mises.<\/p>\n<p>L'interface est sobre, ce qui renforce l'aspect interactif du jeu. La table affiche une case ante, une case call bet et une case bonus bet.<\/p>\n<h3>Conclusion sur le Live Dealer de Microgaming<\/h3>\n<p>Le parrain de <a href=\"https:\/\/casinolion.ca\/fr\/online-slots\/\">cr\u00e9neaux<\/a> propose une s\u00e9rie de jeux d\u00e9cents avec la possibilit\u00e9 pour les joueurs de se sentir immerg\u00e9s dans l'ambiance Playboy. Cependant, si vous pr\u00e9f\u00e9rez un jeu plus standard avec d'autres croupiers et croupi\u00e8res professionnels de haut niveau, il est assez facile de ne pas cliquer sur le bouton Playboy.<\/p>\n<p>Dans l'ensemble, les jeux avec croupier en direct de Microgaming offrent aux joueurs la possibilit\u00e9 de vivre l'excitation d'un jeu de casino sans avoir \u00e0 quitter leur domicile.<\/p>\n<h2>Evolution Gaming<\/h2>\n<p>Evolution Gaming a ouvert ses studios de Vancouver (Westminster) au d\u00e9but de l'ann\u00e9e 2018 dans le cadre d'un accord de cinq ans avec la British Columbia Lottery Corporation (<a href=\"https:\/\/casinolion.ca\/fr\/british-columbia-casinos\/\">BCLC<\/a>). D\u00e9but 2019, l'entreprise a annonc\u00e9 qu'elle avait \u00e9galement sign\u00e9 un accord avec <a href=\"https:\/\/casinolion.ca\/fr\/quebec-casinos\/\">lotoquebec.com<\/a> pour proposer des jeux en streaming en direct depuis le studio canadien - une premi\u00e8re en dehors de l'Europe.<\/p>\n<p>L'extension \u00e0 d'autres casinos en ligne de Crown Corp a \u00e9t\u00e9 bien planifi\u00e9e. Le studio dispose d'une surface d'environ 16 000 pieds carr\u00e9s et de son propre centre de donn\u00e9es autonome, une autre premi\u00e8re pour l'entreprise.<\/p>\n<p>Les soci\u00e9t\u00e9s de loterie ont acc\u00e8s \u00e0 des tables d\u00e9di\u00e9es et partag\u00e9es. D\u00e8s le lancement du site fran\u00e7ais, appel\u00e9 , <em>Casino en direct<\/em>, Dans le cadre de l'op\u00e9ration \"PlayNow.com\", six nouvelles tables ont \u00e9t\u00e9 install\u00e9es, dont l'une avec des croupiers anglophones, ainsi que quatre des tables existantes utilis\u00e9es par PlayNow.com.<\/p>\n<p>L'\u00e9volution pr\u00e9tend \u00eatre la <strong>le seul fournisseur de casinos en direct r\u00e9glement\u00e9<\/strong> dans le pays.<\/p>\n<p><img decoding=\"async\" class=\"alignright size-full wp-image-7390\" src=\"https:\/\/www.casinolion.ca\/wp-content\/uploads\/2019\/05\/ev.jpg\" alt=\"\" width=\"344\" height=\"498\" srcset=\"https:\/\/casinolion.ca\/wp-content\/uploads\/2019\/05\/ev.jpg 344w, https:\/\/casinolion.ca\/wp-content\/uploads\/2019\/05\/ev-207x300.jpg 207w, https:\/\/casinolion.ca\/wp-content\/uploads\/2019\/05\/ev-25x36.jpg 25w, https:\/\/casinolion.ca\/wp-content\/uploads\/2019\/05\/ev-62x90.jpg 62w\" sizes=\"(max-width: 344px) 100vw, 344px\" \/> Bien que les Canadiens puissent jouer aux jeux diffus\u00e9s depuis Vancouver, ils ne sont pas diffus\u00e9s par les casinos offshore. Vous devrez probablement jouer dans l'un des casinos en ligne de la loterie provinciale pour acc\u00e9der aux jeux canadiens.<\/p>\n<p>L'accord conclu par NetEnt pour fournir le casino en ligne de la BLCL lui interdit de proposer ses jeux dans le pays \u00e0 partir de casinos offshore. Nous ne trouvons pas non plus de titres IGT, Scientific Games ou NYX dans vos casinos offshore pr\u00e9f\u00e9r\u00e9s pour des raisons similaires.<\/p>\n<p>Le studio Westminster d'Evolution propose des jeux de blackjack en direct, de roulette en direct et automatique, ainsi que des jeux de baccarat en direct et de baccarat eSqueeze en direct.<\/p>\n<p>Les horaires du studio local peuvent augmenter mais sont actuellement fix\u00e9s \u00e0 18 heures par jour, heure de la C.-B., c'est-\u00e0-dire de 10 h 00 PT \u00e0 4 h 00 PT.<\/p>\n<p>Mais n'ayez crainte. <strong>Vous pouvez encore jouer \u00e0 plus de 100 tables Evolution dans l'un de leurs 8 autres studios !<\/strong> La suite de jeux de casino internationaux que l'on trouve dans les casinos canadiens en ligne est sup\u00e9rieure aux jeux des sites de loterie locaux.<\/p>\n<p>Voici quelques-uns des jeux auxquels vous pouvez jouer dans les casinos que nous r\u00e9pertorions ici. Tous les sites ne proposent pas toutes les variantes de jeux, mais vous avez l'embarras du choix, que vous visitiez LeoVegas, qui compte six fournisseurs, ou Sports Interaction, qui n'h\u00e9berge que des flux Evolution.<\/p>\n<p>Tous les jeux offrent un choix de limites de table.<\/p>\n<p><strong>Baccarat -<\/strong> Choisissez la vue 3D ou la vue classique. Accepte les paris lat\u00e9raux. Baccarat Squeeze, contr\u00f4le du joueur, nombreuses cartes routi\u00e8res, mises secondaires et angles de cam\u00e9ra. Il existe \u00e9galement une version rapide du jeu.<\/p>\n<p><strong>Blackjack -<\/strong> Essayez le Blackjack Party pour une exp\u00e9rience sociale \u00e0 faibles enjeux ou pour \u201cparier derri\u00e8re\u201d lorsque les tables sont pleines. Les paris lat\u00e9raux sont possibles dans le jeu de blackjack simple ou lorsque vous avez pris place \u00e0 la table de la f\u00eate.<\/p>\n<p><strong>Stud poker des Cara\u00efbes -<\/strong> Evolution est l'un des seuls fournisseurs \u00e0 proposer ce jeu. Des jackpots progressifs et d'autres paris lat\u00e9raux facultatifs - l'un d'entre eux offre un gain de 1000 contre 1.<\/p>\n<p><strong>Casino Hold'em - Le jeu de l'oie<\/strong> Un autre jeu \u00e0 jeu unique jou\u00e9 contre le croupier. Des mises annexes facultatives sont autoris\u00e9es.<\/p>\n<p><strong>Attrape-r\u00eaves -<\/strong> Il s'agit d'un jeu de roue d'argent de type gameshow avec un animateur en direct et des paris lat\u00e9raux multiplicateurs. Vous le trouverez dans presque tous les casinos Evolution Live.<\/p>\n<p><strong><a href=\"https:\/\/casinolion.ca\/fr\/live-dealer-roulette-canada\/\">Roulette en direct<\/a> &#8211;<\/strong> Selon l'endroit o\u00f9 vous jouez, vous trouverez pr\u00e8s d'une douzaine de variantes de ce jeu ancestral. Outre la roulette am\u00e9ricaine 0-0, les autres variantes se distinguent principalement par la fa\u00e7on dont elles sont jou\u00e9es, de la roulette rapide \u00e0 la Slingshot Auto.<\/p>\n<p><strong>Texas Bonus Poker -<\/strong> Un autre jeu qui se joue contre le croupier sans avoir \u00e0 attendre une place \u00e0 la table. Des mises secondaires facultatives allant jusqu'\u00e0 1000 contre 1 et un jackpot progressif sont propos\u00e9s.<\/p>\n<p><strong>Poker \u00e0 trois cartes -<\/strong> Cela peut prendre quelques mains et vous voudrez peut-\u00eatre \u00e9tudier une certaine strat\u00e9gie avec ce jeu, mais il est rapide, amusant et offre un bonus de 1 000 cartes sur 1 et des gains de 100 sur 1 pour les paires plus.<\/p>\n<p><strong>Le Texas Hold'em ultime -<\/strong> Cherchez des paris sp\u00e9ciaux pour rendre ce jeu encore plus excitant lorsque vous obtenez un brelan.<\/p>\n<h3>Evolution Gaming Live Dealer Conclusion<\/h3>\n<p>Les jeux propos\u00e9s par les loteries provinciales sont excellents, mais les joueurs disposent d'une plus grande vari\u00e9t\u00e9 de choix lorsqu'ils jouent dans un casino. <a href=\"https:\/\/casinolion.ca\/fr\/casino-reviews\/\">site de jeux offshore<\/a>.<\/p>\n<p>Comme Evolution ne fait qu'une seule chose, et qu'ils la font tr\u00e8s bien, certaines technologies sont sup\u00e9rieures \u00e0 celles de Microgaming. Les flux de donn\u00e9es sont plus clairs et plus nets, quelle que soit la vitesse d'Internet ou des donn\u00e9es. Les jeux sont d\u00e9ploy\u00e9s \u00e0 l'aide de la structure HTML5 pour permettre un jeu multi-tables et des transitions d'une table \u00e0 l'autre en toute transparence.<\/p>","protected":false},"excerpt":{"rendered":"<p>Studios de croupiers en direct au Canada De nombreux casinos en ligne proposent aujourd'hui une suite de jeux de croupiers en direct. La grande majorit\u00e9 des jeux propos\u00e9s aux joueurs canadiens sont diffus\u00e9s depuis l'Europe de l'Est. Quelques-uns proviennent des studios et des salles de casino de Malte, Londres et Bucarest. Cependant, il existe \u00e9galement des jeux avec croupier en direct provenant de [...]<\/p>","protected":false},"author":4,"featured_media":0,"parent":0,"menu_order":118,"comment_status":"closed","ping_status":"closed","template":"","meta":{"_acf_changed":false,"footnotes":""},"class_list":["post-7359","page","type-page","status-publish","hentry"],"acf":[],"yoast_head":"<!-- This site is optimized with the Yoast SEO plugin v26.1.1 - https:\/\/yoast.com\/wordpress\/plugins\/seo\/ -->\n<title>Live Dealer Studios in Canada<\/title>\n<meta name=\"robots\" content=\"index, follow, max-snippet:-1, max-image-preview:large, max-video-preview:-1\" \/>\n<link rel=\"canonical\" href=\"https:\/\/casinolion.ca\/fr\/live-dealer-studios-in-canada\/\" \/>\n<meta property=\"og:locale\" content=\"fr_CA\" \/>\n<meta property=\"og:type\" content=\"article\" \/>\n<meta property=\"og:title\" content=\"Live Dealer Studios in Canada\" \/>\n<meta property=\"og:description\" content=\"Live Dealer Studios in Canada Many online casinos today offer a live dealer suite of streaming games. The vast majority of games available to players in Canada are streamed from eastern Europe. A few originate in studios and the casino floors of Malta, London, and Bucharest. However, there are also live dealer games streaming from [&hellip;]\" \/>\n<meta property=\"og:url\" content=\"https:\/\/casinolion.ca\/fr\/live-dealer-studios-in-canada\/\" \/>\n<meta property=\"article:modified_time\" content=\"2019-05-06T02:44:34+00:00\" \/>\n<meta property=\"og:image\" content=\"https:\/\/www.casinolion.ca\/wp-content\/uploads\/2019\/05\/ldc_c1.jpg\" \/>\n<meta name=\"twitter:card\" content=\"summary_large_image\" \/>\n<meta name=\"twitter:label1\" content=\"Estimation du temps de lecture\" \/>\n\t<meta name=\"twitter:data1\" content=\"8 minutes\" \/>\n<script type=\"application\/ld+json\" class=\"yoast-schema-graph\">{\"@context\":\"https:\/\/schema.org\",\"@graph\":[{\"@type\":\"WebPage\",\"@id\":\"https:\/\/casinolion.ca\/live-dealer-studios-in-canada\/\",\"url\":\"https:\/\/casinolion.ca\/live-dealer-studios-in-canada\/\",\"name\":\"Live Dealer Studios in Canada\",\"isPartOf\":{\"@id\":\"https:\/\/casinolion.ca\/fr\/#website\"},\"primaryImageOfPage\":{\"@id\":\"https:\/\/casinolion.ca\/live-dealer-studios-in-canada\/#primaryimage\"},\"image\":{\"@id\":\"https:\/\/casinolion.ca\/live-dealer-studios-in-canada\/#primaryimage\"},\"thumbnailUrl\":\"https:\/\/www.casinolion.ca\/wp-content\/uploads\/2019\/05\/ldc_c1.jpg\",\"datePublished\":\"2019-05-03T00:52:00+00:00\",\"dateModified\":\"2019-05-06T02:44:34+00:00\",\"breadcrumb\":{\"@id\":\"https:\/\/casinolion.ca\/live-dealer-studios-in-canada\/#breadcrumb\"},\"inLanguage\":\"fr-CA\",\"potentialAction\":[{\"@type\":\"ReadAction\",\"target\":[\"https:\/\/casinolion.ca\/live-dealer-studios-in-canada\/\"]}]},{\"@type\":\"ImageObject\",\"inLanguage\":\"fr-CA\",\"@id\":\"https:\/\/casinolion.ca\/live-dealer-studios-in-canada\/#primaryimage\",\"url\":\"https:\/\/www.casinolion.ca\/wp-content\/uploads\/2019\/05\/ldc_c1.jpg\",\"contentUrl\":\"https:\/\/www.casinolion.ca\/wp-content\/uploads\/2019\/05\/ldc_c1.jpg\"},{\"@type\":\"BreadcrumbList\",\"@id\":\"https:\/\/casinolion.ca\/live-dealer-studios-in-canada\/#breadcrumb\",\"itemListElement\":[{\"@type\":\"ListItem\",\"position\":1,\"name\":\"Home\",\"item\":\"https:\/\/casinolion.ca\/\"},{\"@type\":\"ListItem\",\"position\":2,\"name\":\"Live Dealer Studios in Canada\"}]},{\"@type\":\"WebSite\",\"@id\":\"https:\/\/casinolion.ca\/fr\/#website\",\"url\":\"https:\/\/casinolion.ca\/fr\/\",\"name\":\"\",\"description\":\"\",\"potentialAction\":[{\"@type\":\"SearchAction\",\"target\":{\"@type\":\"EntryPoint\",\"urlTemplate\":\"https:\/\/casinolion.ca\/fr\/?s={search_term_string}\"},\"query-input\":{\"@type\":\"PropertyValueSpecification\",\"valueRequired\":true,\"valueName\":\"search_term_string\"}}],\"inLanguage\":\"fr-CA\"}]}<\/script>\n<!-- \/ Yoast SEO plugin. -->","yoast_head_json":{"title":"Studios de Live Dealer au Canada","robots":{"index":"index","follow":"follow","max-snippet":"max-snippet:-1","max-image-preview":"max-image-preview:large","max-video-preview":"max-video-preview:-1"},"canonical":"https:\/\/casinolion.ca\/fr\/live-dealer-studios-in-canada\/","og_locale":"fr_CA","og_type":"article","og_title":"Live Dealer Studios in Canada","og_description":"Live Dealer Studios in Canada Many online casinos today offer a live dealer suite of streaming games. The vast majority of games available to players in Canada are streamed from eastern Europe. A few originate in studios and the casino floors of Malta, London, and Bucharest. However, there are also live dealer games streaming from [&hellip;]","og_url":"https:\/\/casinolion.ca\/fr\/live-dealer-studios-in-canada\/","article_modified_time":"2019-05-06T02:44:34+00:00","og_image":[{"url":"https:\/\/www.casinolion.ca\/wp-content\/uploads\/2019\/05\/ldc_c1.jpg","type":"","width":"","height":""}],"twitter_card":"summary_large_image","twitter_misc":{"Estimation du temps de lecture":"8 minutes"},"schema":{"@context":"https:\/\/schema.org","@graph":[{"@type":"WebPage","@id":"https:\/\/casinolion.ca\/live-dealer-studios-in-canada\/","url":"https:\/\/casinolion.ca\/live-dealer-studios-in-canada\/","name":"Studios de Live Dealer au Canada","isPartOf":{"@id":"https:\/\/casinolion.ca\/fr\/#website"},"primaryImageOfPage":{"@id":"https:\/\/casinolion.ca\/live-dealer-studios-in-canada\/#primaryimage"},"image":{"@id":"https:\/\/casinolion.ca\/live-dealer-studios-in-canada\/#primaryimage"},"thumbnailUrl":"https:\/\/www.casinolion.ca\/wp-content\/uploads\/2019\/05\/ldc_c1.jpg","datePublished":"2019-05-03T00:52:00+00:00","dateModified":"2019-05-06T02:44:34+00:00","breadcrumb":{"@id":"https:\/\/casinolion.ca\/live-dealer-studios-in-canada\/#breadcrumb"},"inLanguage":"fr-CA","potentialAction":[{"@type":"ReadAction","target":["https:\/\/casinolion.ca\/live-dealer-studios-in-canada\/"]}]},{"@type":"ImageObject","inLanguage":"fr-CA","@id":"https:\/\/casinolion.ca\/live-dealer-studios-in-canada\/#primaryimage","url":"https:\/\/www.casinolion.ca\/wp-content\/uploads\/2019\/05\/ldc_c1.jpg","contentUrl":"https:\/\/www.casinolion.ca\/wp-content\/uploads\/2019\/05\/ldc_c1.jpg"},{"@type":"BreadcrumbList","@id":"https:\/\/casinolion.ca\/live-dealer-studios-in-canada\/#breadcrumb","itemListElement":[{"@type":"ListItem","position":1,"name":"Home","item":"https:\/\/casinolion.ca\/"},{"@type":"ListItem","position":2,"name":"Live Dealer Studios in Canada"}]},{"@type":"WebSite","@id":"https:\/\/casinolion.ca\/fr\/#website","url":"https:\/\/casinolion.ca\/fr\/","name":"","description":"","potentialAction":[{"@type":"SearchAction","target":{"@type":"EntryPoint","urlTemplate":"https:\/\/casinolion.ca\/fr\/?s={search_term_string}"},"query-input":{"@type":"PropertyValueSpecification","valueRequired":true,"valueName":"search_term_string"}}],"inLanguage":"fr-CA"}]}},"_links":{"self":[{"href":"https:\/\/casinolion.ca\/fr\/wp-json\/wp\/v2\/pages\/7359","targetHints":{"allow":["GET"]}}],"collection":[{"href":"https:\/\/casinolion.ca\/fr\/wp-json\/wp\/v2\/pages"}],"about":[{"href":"https:\/\/casinolion.ca\/fr\/wp-json\/wp\/v2\/types\/page"}],"author":[{"embeddable":true,"href":"https:\/\/casinolion.ca\/fr\/wp-json\/wp\/v2\/users\/4"}],"replies":[{"embeddable":true,"href":"https:\/\/casinolion.ca\/fr\/wp-json\/wp\/v2\/comments?post=7359"}],"version-history":[{"count":0,"href":"https:\/\/casinolion.ca\/fr\/wp-json\/wp\/v2\/pages\/7359\/revisions"}],"wp:attachment":[{"href":"https:\/\/casinolion.ca\/fr\/wp-json\/wp\/v2\/media?parent=7359"}],"curies":[{"name":"wp","href":"https:\/\/api.w.org\/{rel}","templated":true}]}}