
{"id":7547,"date":"2019-05-23T04:24:40","date_gmt":"2019-05-23T04:24:40","guid":{"rendered":"https:\/\/www.bestcasinoscanada.com\/?page_id=7547"},"modified":"2019-09-24T05:14:25","modified_gmt":"2019-09-24T05:14:25","slug":"guide-to-using-interac-at-an-online-casino","status":"publish","type":"page","link":"https:\/\/casinolion.ca\/fr\/guide-to-using-interac-at-an-online-casino\/","title":{"rendered":"Guide pour l'utilisation d'Interac dans un casino en ligne"},"content":{"rendered":"<h2>Guide pour l'utilisation d'Interac dans un casino en ligne<\/h2>\n<p>Nous avons d\u00e9j\u00e0 discut\u00e9 des points suivants <a href=\"https:\/\/casinolion.ca\/fr\/why-interac-is-growing-in-popularity-for-online-casinos\/\">la popularit\u00e9 d'Interac<\/a> Dans cet article, nous allons vous expliquer \u00e9tape par \u00e9tape comment cela fonctionne et pourquoi c'est une option tr\u00e8s int\u00e9ressante pour les Canadiens.<\/p>\n<p>Dans ce guide, nous allons jouer \u00e0 <a href=\"https:\/\/casinolion.ca\/fr\/review\/casino-cruise\/\">Croisi\u00e8re Casino<\/a> comme exemple, mais le processus est \u00e0 peu pr\u00e8s le m\u00eame \u00e0 l <a href=\"https:\/\/casinolion.ca\/fr\/interac-casinos\/\">tout autre casino en ligne acceptant Interac<\/a>.<\/p>\n<p>Vous remarquerez qu'il y a deux options, <strong>Interac en ligne<\/strong> et <strong>Virement \u00e9lectronique Interac<\/strong>.  La diff\u00e9rence est qu'Interac en ligne vous permet de transf\u00e9rer des fonds directement \u00e0 partir de votre compte bancaire en utilisant une passerelle de paiement, tandis que le Virement Interac vous oblige \u00e0 vous connecter s\u00e9par\u00e9ment \u00e0 votre compte bancaire pour effectuer le transfert.  Interac en ligne est un processus l\u00e9g\u00e8rement plus rapide, mais il n'est pas aussi largement accept\u00e9 que le Virement Interac, comme vous le verrez plus loin dans ce guide.<\/p>\n<p>Passons en revue chacune d'entre elles pour voir la diff\u00e9rence :<\/p>\n<h2>Interac en ligne<\/h2>\n<h3>\u00c9tape 1 - S\u00e9lection d'Interac en ligne<\/h3>\n<p>Dans la section D\u00e9p\u00f4t, s\u00e9lectionnez d'abord Interac en ligne et choisissez \/ entrez le montant que vous souhaitez d\u00e9poser et suivez les instructions.<br \/>\n<img decoding=\"async\" class=\"alignnone size-full wp-image-7558\" src=\"https:\/\/www.casinolion.ca\/wp-content\/uploads\/2019\/05\/interac-guide-1.jpg\" alt=\"\" width=\"1410\" height=\"802\" srcset=\"https:\/\/casinolion.ca\/wp-content\/uploads\/2019\/05\/interac-guide-1.jpg 1410w, https:\/\/casinolion.ca\/wp-content\/uploads\/2019\/05\/interac-guide-1-300x171.jpg 300w, https:\/\/casinolion.ca\/wp-content\/uploads\/2019\/05\/interac-guide-1-768x437.jpg 768w, https:\/\/casinolion.ca\/wp-content\/uploads\/2019\/05\/interac-guide-1-1024x582.jpg 1024w, https:\/\/casinolion.ca\/wp-content\/uploads\/2019\/05\/interac-guide-1-63x36.jpg 63w, https:\/\/casinolion.ca\/wp-content\/uploads\/2019\/05\/interac-guide-1-158x90.jpg 158w\" sizes=\"(max-width: 1410px) 100vw, 1410px\" \/><\/p>\n<p>Dans cet exemple, nous avons choisi de d\u00e9poser $30, ce que nous avons confirm\u00e9 sur l'\u00e9cran suivant :<br \/>\n<img decoding=\"async\" class=\"alignnone size-full wp-image-7560\" src=\"https:\/\/www.casinolion.ca\/wp-content\/uploads\/2019\/05\/interac-guide-2.jpg\" alt=\"\" width=\"1428\" height=\"789\" srcset=\"https:\/\/casinolion.ca\/wp-content\/uploads\/2019\/05\/interac-guide-2.jpg 1428w, https:\/\/casinolion.ca\/wp-content\/uploads\/2019\/05\/interac-guide-2-300x166.jpg 300w, https:\/\/casinolion.ca\/wp-content\/uploads\/2019\/05\/interac-guide-2-768x424.jpg 768w, https:\/\/casinolion.ca\/wp-content\/uploads\/2019\/05\/interac-guide-2-1024x566.jpg 1024w, https:\/\/casinolion.ca\/wp-content\/uploads\/2019\/05\/interac-guide-2-65x36.jpg 65w, https:\/\/casinolion.ca\/wp-content\/uploads\/2019\/05\/interac-guide-2-163x90.jpg 163w\" sizes=\"(max-width: 1428px) 100vw, 1428px\" \/><\/p>\n<h3>\u00c9tape 2 - S\u00e9lectionnez votre institution bancaire<\/h3>\n<p>Comme pour toute transaction Interac en ligne que vous effectuez sur d'autres sites de commerce \u00e9lectronique, vous devez ici s\u00e9lectionner l'institution bancaire \u00e0 partir de laquelle vous souhaitez transf\u00e9rer des fonds.  Apr\u00e8s avoir s\u00e9lectionn\u00e9 votre banque, vous serez redirig\u00e9 vers la passerelle de paiement g\u00e9r\u00e9e par Gigadat.<\/p>\n<p><img decoding=\"async\" class=\"alignnone size-full wp-image-7562\" src=\"https:\/\/www.casinolion.ca\/wp-content\/uploads\/2019\/05\/interac-guide-3.jpg\" alt=\"\" width=\"1116\" height=\"710\" srcset=\"https:\/\/casinolion.ca\/wp-content\/uploads\/2019\/05\/interac-guide-3.jpg 1116w, https:\/\/casinolion.ca\/wp-content\/uploads\/2019\/05\/interac-guide-3-300x191.jpg 300w, https:\/\/casinolion.ca\/wp-content\/uploads\/2019\/05\/interac-guide-3-768x489.jpg 768w, https:\/\/casinolion.ca\/wp-content\/uploads\/2019\/05\/interac-guide-3-1024x651.jpg 1024w, https:\/\/casinolion.ca\/wp-content\/uploads\/2019\/05\/interac-guide-3-57x36.jpg 57w, https:\/\/casinolion.ca\/wp-content\/uploads\/2019\/05\/interac-guide-3-141x90.jpg 141w\" sizes=\"(max-width: 1116px) 100vw, 1116px\" \/><\/p>\n<p>Alors qu'il <strong>regards\u00a0<\/strong>comme si vous pouviez choisir parmi une multitude d'institutions financi\u00e8res\/de coop\u00e9ratives de cr\u00e9dit, vous verrez sur la capture d'\u00e9cran suivante que ce n'est en fait pas le cas (seulement disponible pour les institutions financi\u00e8res et les coop\u00e9ratives de cr\u00e9dit). <strong>Banque des Premi\u00e8res Nations du Canada, RBC Banque Royale et TD Canada Trust<\/strong>.  Nous ne savons pas exactement pourquoi les casinos en ligne proc\u00e8dent de la sorte, mais sachez que si votre banque\/soci\u00e9t\u00e9 de cr\u00e9dit n'est pas disponible, vous devrez cliquer sur \u201c<strong>Annuler<\/strong>\u201det s\u00e9lectionnez plut\u00f4t Interac e-Transfer.<\/p>\n<p>Pour cet exemple, nous allons s\u00e9lectionner RBC Banque Royale.<\/p>\n<p><img decoding=\"async\" class=\"alignnone size-full wp-image-7822\" src=\"https:\/\/www.casinolion.ca\/wp-content\/uploads\/2019\/06\/interac-online-payment-details.jpg\" alt=\"\" width=\"825\" height=\"795\" srcset=\"https:\/\/casinolion.ca\/wp-content\/uploads\/2019\/06\/interac-online-payment-details.jpg 825w, https:\/\/casinolion.ca\/wp-content\/uploads\/2019\/06\/interac-online-payment-details-300x289.jpg 300w, https:\/\/casinolion.ca\/wp-content\/uploads\/2019\/06\/interac-online-payment-details-768x740.jpg 768w, https:\/\/casinolion.ca\/wp-content\/uploads\/2019\/06\/interac-online-payment-details-37x36.jpg 37w, https:\/\/casinolion.ca\/wp-content\/uploads\/2019\/06\/interac-online-payment-details-93x90.jpg 93w\" sizes=\"(max-width: 825px) 100vw, 825px\" \/><\/p>\n<p>Vous serez alors transf\u00e9r\u00e9 sur le site web de votre banque correspondante pour effectuer la transaction :<br \/>\n<img decoding=\"async\" class=\"alignnone size-full wp-image-7566\" src=\"https:\/\/www.casinolion.ca\/wp-content\/uploads\/2019\/05\/interac-guide-5.jpg\" alt=\"\" width=\"808\" height=\"606\" srcset=\"https:\/\/casinolion.ca\/wp-content\/uploads\/2019\/05\/interac-guide-5.jpg 808w, https:\/\/casinolion.ca\/wp-content\/uploads\/2019\/05\/interac-guide-5-300x225.jpg 300w, https:\/\/casinolion.ca\/wp-content\/uploads\/2019\/05\/interac-guide-5-768x576.jpg 768w, https:\/\/casinolion.ca\/wp-content\/uploads\/2019\/05\/interac-guide-5-48x36.jpg 48w, https:\/\/casinolion.ca\/wp-content\/uploads\/2019\/05\/interac-guide-5-120x90.jpg 120w\" sizes=\"(max-width: 808px) 100vw, 808px\" \/><\/p>\n<p>Confirmez le montant que vous souhaitez d\u00e9poser \u00e0 partir de votre compte bancaire :<br \/>\n<img decoding=\"async\" class=\"alignnone size-full wp-image-7569\" src=\"https:\/\/www.casinolion.ca\/wp-content\/uploads\/2019\/05\/interac-guide-6.jpg\" alt=\"\" width=\"820\" height=\"518\" srcset=\"https:\/\/casinolion.ca\/wp-content\/uploads\/2019\/05\/interac-guide-6.jpg 820w, https:\/\/casinolion.ca\/wp-content\/uploads\/2019\/05\/interac-guide-6-300x190.jpg 300w, https:\/\/casinolion.ca\/wp-content\/uploads\/2019\/05\/interac-guide-6-768x485.jpg 768w, https:\/\/casinolion.ca\/wp-content\/uploads\/2019\/05\/interac-guide-6-57x36.jpg 57w, https:\/\/casinolion.ca\/wp-content\/uploads\/2019\/05\/interac-guide-6-142x90.jpg 142w\" sizes=\"(max-width: 820px) 100vw, 820px\" \/><\/p>\n<p>Vous recevrez alors un re\u00e7u pour la transaction :<br \/>\n<img decoding=\"async\" class=\"alignnone size-full wp-image-7571\" src=\"https:\/\/www.casinolion.ca\/wp-content\/uploads\/2019\/05\/interac-guide-7.jpg\" alt=\"\" width=\"776\" height=\"502\" srcset=\"https:\/\/casinolion.ca\/wp-content\/uploads\/2019\/05\/interac-guide-7.jpg 776w, https:\/\/casinolion.ca\/wp-content\/uploads\/2019\/05\/interac-guide-7-300x194.jpg 300w, https:\/\/casinolion.ca\/wp-content\/uploads\/2019\/05\/interac-guide-7-768x497.jpg 768w, https:\/\/casinolion.ca\/wp-content\/uploads\/2019\/05\/interac-guide-7-56x36.jpg 56w, https:\/\/casinolion.ca\/wp-content\/uploads\/2019\/05\/interac-guide-7-139x90.jpg 139w\" sizes=\"(max-width: 776px) 100vw, 776px\" \/><\/p>\n<p>Votre compte casino est alors instantan\u00e9ment approvisionn\u00e9 ! Aucun frais n'a \u00e9t\u00e9 appliqu\u00e9 et nous pouvons voir le montant total sur notre compte :<br \/>\n<img decoding=\"async\" class=\"alignnone size-full wp-image-7580\" src=\"https:\/\/www.casinolion.ca\/wp-content\/uploads\/2019\/05\/interac-guide-11.jpg\" alt=\"\" width=\"1409\" height=\"742\" srcset=\"https:\/\/casinolion.ca\/wp-content\/uploads\/2019\/05\/interac-guide-11.jpg 1409w, https:\/\/casinolion.ca\/wp-content\/uploads\/2019\/05\/interac-guide-11-300x158.jpg 300w, https:\/\/casinolion.ca\/wp-content\/uploads\/2019\/05\/interac-guide-11-768x404.jpg 768w, https:\/\/casinolion.ca\/wp-content\/uploads\/2019\/05\/interac-guide-11-1024x539.jpg 1024w, https:\/\/casinolion.ca\/wp-content\/uploads\/2019\/05\/interac-guide-11-68x36.jpg 68w, https:\/\/casinolion.ca\/wp-content\/uploads\/2019\/05\/interac-guide-11-171x90.jpg 171w\" sizes=\"(max-width: 1409px) 100vw, 1409px\" \/><\/p>\n<p>Voyons maintenant ce qu'il en est de l'utilisation du virement Interac.<\/p>\n<h2>Virement \u00e9lectronique Interac<\/h2>\n<h3>\u00c9tape 1 - S\u00e9lectionner Interac e-Transfer<\/h3>\n<p>Allez \u00e0 la section D\u00e9p\u00f4t et s\u00e9lectionnez Virement Interac, puis saisissez le montant que vous souhaitez transf\u00e9rer :<\/p>\n<p><img decoding=\"async\" class=\"alignnone size-full wp-image-7824\" src=\"https:\/\/www.casinolion.ca\/wp-content\/uploads\/2019\/06\/interac-e-transfer-1.jpg\" alt=\"\" width=\"891\" height=\"581\" srcset=\"https:\/\/casinolion.ca\/wp-content\/uploads\/2019\/06\/interac-e-transfer-1.jpg 891w, https:\/\/casinolion.ca\/wp-content\/uploads\/2019\/06\/interac-e-transfer-1-300x196.jpg 300w, https:\/\/casinolion.ca\/wp-content\/uploads\/2019\/06\/interac-e-transfer-1-768x501.jpg 768w, https:\/\/casinolion.ca\/wp-content\/uploads\/2019\/06\/interac-e-transfer-1-55x36.jpg 55w, https:\/\/casinolion.ca\/wp-content\/uploads\/2019\/06\/interac-e-transfer-1-138x90.jpg 138w\" sizes=\"(max-width: 891px) 100vw, 891px\" \/><\/p>\n<p>Confirmez le montant sur l'\u00e9cran suivant :<\/p>\n<p><img decoding=\"async\" class=\"alignnone size-full wp-image-7826\" src=\"https:\/\/www.casinolion.ca\/wp-content\/uploads\/2019\/06\/interac-e-transfer-2.jpg\" alt=\"\" width=\"894\" height=\"618\" srcset=\"https:\/\/casinolion.ca\/wp-content\/uploads\/2019\/06\/interac-e-transfer-2.jpg 894w, https:\/\/casinolion.ca\/wp-content\/uploads\/2019\/06\/interac-e-transfer-2-300x207.jpg 300w, https:\/\/casinolion.ca\/wp-content\/uploads\/2019\/06\/interac-e-transfer-2-768x531.jpg 768w, https:\/\/casinolion.ca\/wp-content\/uploads\/2019\/06\/interac-e-transfer-2-52x36.jpg 52w, https:\/\/casinolion.ca\/wp-content\/uploads\/2019\/06\/interac-e-transfer-2-130x90.jpg 130w\" sizes=\"(max-width: 894px) 100vw, 894px\" \/><\/p>\n<h3>\u00c9tape 2 - S\u00e9lectionnez votre \u00e9tablissement bancaire<\/h3>\n<p>S\u00e9lectionnez l'institution financi\u00e8re ou la coop\u00e9rative de cr\u00e9dit de votre choix pour y d\u00e9poser des fonds.  Vous remarquerez qu'il y a des raccourcis en haut pour les banques connues, mais juste en dessous, vous verrez une liste compl\u00e8te d'institutions financi\u00e8res\/de coop\u00e9ratives de cr\u00e9dit parmi lesquelles vous pouvez choisir.  Contrairement \u00e0 Interac en ligne, toutes ces options sont viables, ce qui constitue le principal avantage du service Virement Interac par rapport \u00e0 Interac en ligne.<\/p>\n<p><img decoding=\"async\" class=\"alignnone size-full wp-image-7828\" src=\"https:\/\/www.casinolion.ca\/wp-content\/uploads\/2019\/06\/interac-e-transfer-3.jpg\" alt=\"\" width=\"1353\" height=\"867\" srcset=\"https:\/\/casinolion.ca\/wp-content\/uploads\/2019\/06\/interac-e-transfer-3.jpg 1353w, https:\/\/casinolion.ca\/wp-content\/uploads\/2019\/06\/interac-e-transfer-3-300x192.jpg 300w, https:\/\/casinolion.ca\/wp-content\/uploads\/2019\/06\/interac-e-transfer-3-768x492.jpg 768w, https:\/\/casinolion.ca\/wp-content\/uploads\/2019\/06\/interac-e-transfer-3-1024x656.jpg 1024w, https:\/\/casinolion.ca\/wp-content\/uploads\/2019\/06\/interac-e-transfer-3-56x36.jpg 56w, https:\/\/casinolion.ca\/wp-content\/uploads\/2019\/06\/interac-e-transfer-3-140x90.jpg 140w\" sizes=\"(max-width: 1353px) 100vw, 1353px\" \/><\/p>\n<h3>\u00c9tape 3 - Suivre les instructions de d\u00e9p\u00f4t fournies<\/h3>\n<p>Apr\u00e8s avoir s\u00e9lectionn\u00e9 votre institution financi\u00e8re\/soci\u00e9t\u00e9 de cr\u00e9dit, vous recevrez l'adresse \u00e9lectronique et la question\/r\u00e9ponse de s\u00e9curit\u00e9 suivantes :<\/p>\n<p><img decoding=\"async\" class=\"alignnone size-full wp-image-7830\" src=\"https:\/\/www.casinolion.ca\/wp-content\/uploads\/2019\/06\/interac-e-transfer-4.jpg\" alt=\"\" width=\"767\" height=\"914\" srcset=\"https:\/\/casinolion.ca\/wp-content\/uploads\/2019\/06\/interac-e-transfer-4.jpg 767w, https:\/\/casinolion.ca\/wp-content\/uploads\/2019\/06\/interac-e-transfer-4-252x300.jpg 252w, https:\/\/casinolion.ca\/wp-content\/uploads\/2019\/06\/interac-e-transfer-4-30x36.jpg 30w, https:\/\/casinolion.ca\/wp-content\/uploads\/2019\/06\/interac-e-transfer-4-76x90.jpg 76w\" sizes=\"(max-width: 767px) 100vw, 767px\" \/><\/p>\n<p>Remplissez les d\u00e9tails ci-dessus dans votre banque correspondante et vous remarquerez que votre compte est maintenant approvisionn\u00e9 instantan\u00e9ment !<\/p>\n<h2>Retrait de fonds<\/h2>\n<p>Pour effectuer un retrait, il suffit de se rendre dans la section \u201cMon compte\u201d et de cliquer sur \u201cRetirer\u201d<br \/>\n<img decoding=\"async\" class=\"alignnone size-full wp-image-7577\" src=\"https:\/\/www.casinolion.ca\/wp-content\/uploads\/2019\/05\/interac-guide-10.jpg\" alt=\"\" width=\"1431\" height=\"792\" srcset=\"https:\/\/casinolion.ca\/wp-content\/uploads\/2019\/05\/interac-guide-10.jpg 1431w, https:\/\/casinolion.ca\/wp-content\/uploads\/2019\/05\/interac-guide-10-300x166.jpg 300w, https:\/\/casinolion.ca\/wp-content\/uploads\/2019\/05\/interac-guide-10-768x425.jpg 768w, https:\/\/casinolion.ca\/wp-content\/uploads\/2019\/05\/interac-guide-10-1024x567.jpg 1024w, https:\/\/casinolion.ca\/wp-content\/uploads\/2019\/05\/interac-guide-10-65x36.jpg 65w, https:\/\/casinolion.ca\/wp-content\/uploads\/2019\/05\/interac-guide-10-163x90.jpg 163w\" sizes=\"(max-width: 1431px) 100vw, 1431px\" \/><\/p>\n<p><strong>Remarque :<\/strong> Si c'est la premi\u00e8re fois que vous retirez de l'argent au casino, il se peut que l'on vous demande une preuve d'identit\u00e9 avant de traiter la transaction. Dans ce cas, Casino Cruise nous a demand\u00e9 de v\u00e9rifier 3 \u00e9l\u00e9ments qui \u00e9taient :<br \/>\n- Preuve d'identit\u00e9<br \/>\n- Justificatif d'adresse<br \/>\n- Preuve du mode de paiement<\/p>\n<p>Pendant cette p\u00e9riode, la demande de retrait est mise en attente jusqu'\u00e0 ce que ces \u00e9l\u00e9ments soient v\u00e9rifi\u00e9s :<br \/>\n<img decoding=\"async\" class=\"alignnone size-full wp-image-7596\" src=\"https:\/\/www.casinolion.ca\/wp-content\/uploads\/2019\/05\/interac-guide-12.jpg\" alt=\"\" width=\"1431\" height=\"788\" srcset=\"https:\/\/casinolion.ca\/wp-content\/uploads\/2019\/05\/interac-guide-12.jpg 1431w, https:\/\/casinolion.ca\/wp-content\/uploads\/2019\/05\/interac-guide-12-300x165.jpg 300w, https:\/\/casinolion.ca\/wp-content\/uploads\/2019\/05\/interac-guide-12-768x423.jpg 768w, https:\/\/casinolion.ca\/wp-content\/uploads\/2019\/05\/interac-guide-12-1024x564.jpg 1024w, https:\/\/casinolion.ca\/wp-content\/uploads\/2019\/05\/interac-guide-12-65x36.jpg 65w, https:\/\/casinolion.ca\/wp-content\/uploads\/2019\/05\/interac-guide-12-163x90.jpg 163w\" sizes=\"(max-width: 1431px) 100vw, 1431px\" \/><\/p>\n<p>Une fois ce processus termin\u00e9, les transactions vers et depuis le casino sont pratiquement instantan\u00e9es.<\/p>\n<h2>Conclusion<\/h2>\n<p>Comme vous pouvez le constater, la proc\u00e9dure d'utilisation d'Interac pour jouer aux casinos en ligne est assez simple et similaire \u00e0 celle d'une transaction sur un site de commerce \u00e9lectronique classique.<\/p>\n<p>Nous avons expliqu\u00e9 comment utiliser soit Interac en ligne, soit Virement Interac, deux options rapides et s\u00fbres, et c'est \u00e0 vous de choisir laquelle vous voulez utiliser.  Interac en ligne n\u00e9cessite moins d'\u00e9tapes, mais le Virement Interac peut \u00eatre la seule option possible selon l'\u00e9tablissement financier ou la coop\u00e9rative de cr\u00e9dit que vous avez choisi.<\/p>\n<p>Bien qu'il y ait in\u00e9vitablement une p\u00e9riode d'attente initiale pour confirmer les d\u00e9tails de votre identit\u00e9 lors du retrait, cela vaut la peine de s'y soumettre \u00e9tant donn\u00e9 que toute transaction ult\u00e9rieure sera extr\u00eamement transparente et instantan\u00e9e.<\/p>","protected":false},"excerpt":{"rendered":"<p>Guide to Using Interac at an Online Casino We&#8217;ve discussed previously how popular Interac is becoming for depositing at an online casino due to its speed and security and in this article we&#8217;re going to outline a step by step guide to show you how it works and why it&#8217;s such a great option for [&hellip;]<\/p>","protected":false},"author":1,"featured_media":0,"parent":0,"menu_order":113,"comment_status":"closed","ping_status":"closed","template":"","meta":{"_acf_changed":false,"footnotes":""},"class_list":["post-7547","page","type-page","status-publish","hentry"],"acf":[],"yoast_head":"<!-- This site is optimized with the Yoast SEO plugin v26.1.1 - https:\/\/yoast.com\/wordpress\/plugins\/seo\/ -->\n<title>Guide to Using Interac at an Online Casino<\/title>\n<meta name=\"description\" content=\"This is a step by step guide showing you how easy it is to use Interac e-Transfer to play at online casinos. We show why interac is one of the best options for Canadians\" \/>\n<meta name=\"robots\" content=\"index, follow, max-snippet:-1, max-image-preview:large, max-video-preview:-1\" \/>\n<link rel=\"canonical\" href=\"https:\/\/casinolion.ca\/fr\/guide-to-using-interac-at-an-online-casino\/\" \/>\n<meta property=\"og:locale\" content=\"fr_CA\" \/>\n<meta property=\"og:type\" content=\"article\" \/>\n<meta property=\"og:title\" content=\"Guide to Using Interac at an Online Casino\" \/>\n<meta property=\"og:description\" content=\"This is a step by step guide showing you how easy it is to use Interac e-Transfer to play at online casinos. We show why interac is one of the best options for Canadians\" \/>\n<meta property=\"og:url\" content=\"https:\/\/casinolion.ca\/fr\/guide-to-using-interac-at-an-online-casino\/\" \/>\n<meta property=\"article:modified_time\" content=\"2019-09-24T05:14:25+00:00\" \/>\n<meta property=\"og:image\" content=\"https:\/\/www.casinolion.ca\/wp-content\/uploads\/2019\/05\/interac-guide-1.jpg\" \/>\n<meta name=\"twitter:card\" content=\"summary_large_image\" \/>\n<meta name=\"twitter:label1\" content=\"Estimation du temps de lecture\" \/>\n\t<meta name=\"twitter:data1\" content=\"4 minutes\" \/>\n<script type=\"application\/ld+json\" class=\"yoast-schema-graph\">{\"@context\":\"https:\/\/schema.org\",\"@graph\":[{\"@type\":\"WebPage\",\"@id\":\"https:\/\/casinolion.ca\/guide-to-using-interac-at-an-online-casino\/\",\"url\":\"https:\/\/casinolion.ca\/guide-to-using-interac-at-an-online-casino\/\",\"name\":\"Guide to Using Interac at an Online Casino\",\"isPartOf\":{\"@id\":\"https:\/\/casinolion.ca\/fr\/#website\"},\"primaryImageOfPage\":{\"@id\":\"https:\/\/casinolion.ca\/guide-to-using-interac-at-an-online-casino\/#primaryimage\"},\"image\":{\"@id\":\"https:\/\/casinolion.ca\/guide-to-using-interac-at-an-online-casino\/#primaryimage\"},\"thumbnailUrl\":\"https:\/\/www.casinolion.ca\/wp-content\/uploads\/2019\/05\/interac-guide-1.jpg\",\"datePublished\":\"2019-05-23T04:24:40+00:00\",\"dateModified\":\"2019-09-24T05:14:25+00:00\",\"description\":\"This is a step by step guide showing you how easy it is to use Interac e-Transfer to play at online casinos. We show why interac is one of the best options for Canadians\",\"breadcrumb\":{\"@id\":\"https:\/\/casinolion.ca\/guide-to-using-interac-at-an-online-casino\/#breadcrumb\"},\"inLanguage\":\"fr-CA\",\"potentialAction\":[{\"@type\":\"ReadAction\",\"target\":[\"https:\/\/casinolion.ca\/guide-to-using-interac-at-an-online-casino\/\"]}]},{\"@type\":\"ImageObject\",\"inLanguage\":\"fr-CA\",\"@id\":\"https:\/\/casinolion.ca\/guide-to-using-interac-at-an-online-casino\/#primaryimage\",\"url\":\"https:\/\/www.casinolion.ca\/wp-content\/uploads\/2019\/05\/interac-guide-1.jpg\",\"contentUrl\":\"https:\/\/www.casinolion.ca\/wp-content\/uploads\/2019\/05\/interac-guide-1.jpg\"},{\"@type\":\"BreadcrumbList\",\"@id\":\"https:\/\/casinolion.ca\/guide-to-using-interac-at-an-online-casino\/#breadcrumb\",\"itemListElement\":[{\"@type\":\"ListItem\",\"position\":1,\"name\":\"Home\",\"item\":\"https:\/\/casinolion.ca\/\"},{\"@type\":\"ListItem\",\"position\":2,\"name\":\"Guide to Using Interac at an Online Casino\"}]},{\"@type\":\"WebSite\",\"@id\":\"https:\/\/casinolion.ca\/fr\/#website\",\"url\":\"https:\/\/casinolion.ca\/fr\/\",\"name\":\"\",\"description\":\"\",\"potentialAction\":[{\"@type\":\"SearchAction\",\"target\":{\"@type\":\"EntryPoint\",\"urlTemplate\":\"https:\/\/casinolion.ca\/fr\/?s={search_term_string}\"},\"query-input\":{\"@type\":\"PropertyValueSpecification\",\"valueRequired\":true,\"valueName\":\"search_term_string\"}}],\"inLanguage\":\"fr-CA\"}]}<\/script>\n<!-- \/ Yoast SEO plugin. -->","yoast_head_json":{"title":"Guide pour l'utilisation d'Interac dans un casino en ligne","description":"Il s'agit d'un guide \u00e9tape par \u00e9tape qui vous montre comment il est facile d'utiliser Interac e-Transfer pour jouer dans les casinos en ligne. Nous montrons pourquoi Interac est l'une des meilleures options pour les Canadiens.","robots":{"index":"index","follow":"follow","max-snippet":"max-snippet:-1","max-image-preview":"max-image-preview:large","max-video-preview":"max-video-preview:-1"},"canonical":"https:\/\/casinolion.ca\/fr\/guide-to-using-interac-at-an-online-casino\/","og_locale":"fr_CA","og_type":"article","og_title":"Guide to Using Interac at an Online Casino","og_description":"This is a step by step guide showing you how easy it is to use Interac e-Transfer to play at online casinos. We show why interac is one of the best options for Canadians","og_url":"https:\/\/casinolion.ca\/fr\/guide-to-using-interac-at-an-online-casino\/","article_modified_time":"2019-09-24T05:14:25+00:00","og_image":[{"url":"https:\/\/www.casinolion.ca\/wp-content\/uploads\/2019\/05\/interac-guide-1.jpg","type":"","width":"","height":""}],"twitter_card":"summary_large_image","twitter_misc":{"Estimation du temps de lecture":"4 minutes"},"schema":{"@context":"https:\/\/schema.org","@graph":[{"@type":"WebPage","@id":"https:\/\/casinolion.ca\/guide-to-using-interac-at-an-online-casino\/","url":"https:\/\/casinolion.ca\/guide-to-using-interac-at-an-online-casino\/","name":"Guide pour l'utilisation d'Interac dans un casino en ligne","isPartOf":{"@id":"https:\/\/casinolion.ca\/fr\/#website"},"primaryImageOfPage":{"@id":"https:\/\/casinolion.ca\/guide-to-using-interac-at-an-online-casino\/#primaryimage"},"image":{"@id":"https:\/\/casinolion.ca\/guide-to-using-interac-at-an-online-casino\/#primaryimage"},"thumbnailUrl":"https:\/\/www.casinolion.ca\/wp-content\/uploads\/2019\/05\/interac-guide-1.jpg","datePublished":"2019-05-23T04:24:40+00:00","dateModified":"2019-09-24T05:14:25+00:00","description":"Il s'agit d'un guide \u00e9tape par \u00e9tape qui vous montre comment il est facile d'utiliser Interac e-Transfer pour jouer dans les casinos en ligne. Nous montrons pourquoi Interac est l'une des meilleures options pour les Canadiens.","breadcrumb":{"@id":"https:\/\/casinolion.ca\/guide-to-using-interac-at-an-online-casino\/#breadcrumb"},"inLanguage":"fr-CA","potentialAction":[{"@type":"ReadAction","target":["https:\/\/casinolion.ca\/guide-to-using-interac-at-an-online-casino\/"]}]},{"@type":"ImageObject","inLanguage":"fr-CA","@id":"https:\/\/casinolion.ca\/guide-to-using-interac-at-an-online-casino\/#primaryimage","url":"https:\/\/www.casinolion.ca\/wp-content\/uploads\/2019\/05\/interac-guide-1.jpg","contentUrl":"https:\/\/www.casinolion.ca\/wp-content\/uploads\/2019\/05\/interac-guide-1.jpg"},{"@type":"BreadcrumbList","@id":"https:\/\/casinolion.ca\/guide-to-using-interac-at-an-online-casino\/#breadcrumb","itemListElement":[{"@type":"ListItem","position":1,"name":"Home","item":"https:\/\/casinolion.ca\/"},{"@type":"ListItem","position":2,"name":"Guide to Using Interac at an Online Casino"}]},{"@type":"WebSite","@id":"https:\/\/casinolion.ca\/fr\/#website","url":"https:\/\/casinolion.ca\/fr\/","name":"","description":"","potentialAction":[{"@type":"SearchAction","target":{"@type":"EntryPoint","urlTemplate":"https:\/\/casinolion.ca\/fr\/?s={search_term_string}"},"query-input":{"@type":"PropertyValueSpecification","valueRequired":true,"valueName":"search_term_string"}}],"inLanguage":"fr-CA"}]}},"_links":{"self":[{"href":"https:\/\/casinolion.ca\/fr\/wp-json\/wp\/v2\/pages\/7547","targetHints":{"allow":["GET"]}}],"collection":[{"href":"https:\/\/casinolion.ca\/fr\/wp-json\/wp\/v2\/pages"}],"about":[{"href":"https:\/\/casinolion.ca\/fr\/wp-json\/wp\/v2\/types\/page"}],"author":[{"embeddable":true,"href":"https:\/\/casinolion.ca\/fr\/wp-json\/wp\/v2\/users\/1"}],"replies":[{"embeddable":true,"href":"https:\/\/casinolion.ca\/fr\/wp-json\/wp\/v2\/comments?post=7547"}],"version-history":[{"count":0,"href":"https:\/\/casinolion.ca\/fr\/wp-json\/wp\/v2\/pages\/7547\/revisions"}],"wp:attachment":[{"href":"https:\/\/casinolion.ca\/fr\/wp-json\/wp\/v2\/media?parent=7547"}],"curies":[{"name":"wp","href":"https:\/\/api.w.org\/{rel}","templated":true}]}}