
{"id":8433,"date":"2019-09-07T19:36:28","date_gmt":"2019-09-07T19:36:28","guid":{"rendered":"https:\/\/www.bestcasinoscanada.com\/?page_id=8433"},"modified":"2020-06-06T01:44:58","modified_gmt":"2020-06-06T01:44:58","slug":"paypal-casinos","status":"publish","type":"page","link":"https:\/\/casinolion.ca\/fr\/paypal-casinos\/","title":{"rendered":"Casinos PayPal"},"content":{"rendered":"<h2>Sites de casinos PayPal au Canada<\/h2>\n<p><img decoding=\"async\" class=\"alignnone size-full wp-image-8900\" src=\"https:\/\/www.casinolion.ca\/wp-content\/uploads\/2019\/09\/paypal-canada.jpg\" alt=\"\" width=\"744\" height=\"210\" srcset=\"https:\/\/casinolion.ca\/wp-content\/uploads\/2019\/09\/paypal-canada.jpg 744w, https:\/\/casinolion.ca\/wp-content\/uploads\/2019\/09\/paypal-canada-300x85.jpg 300w, https:\/\/casinolion.ca\/wp-content\/uploads\/2019\/09\/paypal-canada-108x30.jpg 108w, https:\/\/casinolion.ca\/wp-content\/uploads\/2019\/09\/paypal-canada-270x76.jpg 270w\" sizes=\"(max-width: 744px) 100vw, 744px\" \/><\/p>\n<p>PayPal est un moyen populaire pour les Canadiens d'envoyer et de recevoir de l'argent en toute s\u00e9curit\u00e9. Il est utilis\u00e9 pour payer des factures, faire des achats sur Internet et envoyer de l'argent \u00e0 la famille et aux amis \u00e0 peu de frais ou sans frais.<\/p>\n<p>Cette m\u00e9thode de paiement dispose d'un produit de base qui fonctionne comme un porte-monnaie \u00e9lectronique, permettant de transf\u00e9rer des fonds entre votre institution financi\u00e8re et des commer\u00e7ants ou des amis.  Mais est-il accept\u00e9 dans les casinos en ligne ?<\/p>\n<p style=\"border: 1px solid #efefef; padding: 10px;\"><i class=\"fa fa-exclamation-triangle\"><\/i> Contrairement \u00e0 ce que d'autres sites Internet peuvent vous dire, PayPal est <strong>PAS<\/strong> accept\u00e9s par les casinos en ligne au Canada.<\/p>\n<p>Si vous voulez vraiment utiliser PayPal, il y a un hack que vous pouvez utiliser en conjonction avec les crypto-monnaies. <a href=\"https:\/\/casinolion.ca\/fr\/paypal-casinos\/#PayPal-Hack---Use-it-in-conjunction-with-Cryptocurrency\">que nous expliquerons plus loin dans cet article<\/a>.<\/p>\n<h2>Pourquoi PayPal n'est-il pas accept\u00e9 dans les casinos en ligne ?<\/h2>\n<p>PayPal est simplement <em>trop \u201cam\u00e9ricain\u201d<\/em> que les Canadiens peuvent utiliser directement pour effectuer des d\u00e9p\u00f4ts et des retraits en ligne sur la plupart des sites de jeux d'argent \u00e0 l'\u00e9tranger.<\/p>\n<p>La soci\u00e9t\u00e9 a cess\u00e9 de traiter les d\u00e9p\u00f4ts des casinos en ligne am\u00e9ricains peu apr\u00e8s l'entr\u00e9e en vigueur de la loi UIGEA de 2006, qui a \u00e9t\u00e9 utilis\u00e9e \u00e0 mauvais escient. Lentement mais s\u00fbrement, elle a \u00e9galement commenc\u00e9 \u00e0 restreindre l'utilisation de la m\u00e9thode pour d'autres juridictions de la \u201czone grise\u201d o\u00f9 la l\u00e9gislation sur les jeux d'argent en ligne est ambigu\u00eb.<\/p>\n<p>Bien s\u00fbr, au Canada, c'est <a href=\"https:\/\/casinolion.ca\/fr\/legal\/\">ni ill\u00e9gale ni sp\u00e9cifiquement l\u00e9gale<\/a> pour les r\u00e9sidents de jouer \u00e0 l'\u00e9tranger, et c'est \u00e0 peu pr\u00e8s tout ce qu'il y a de plus gris. Une situation similaire, mais plus obscure, existe aux \u00c9tats-Unis depuis l'UIGEA, les d\u00e9partements de la justice des diff\u00e9rentes administrations interpr\u00e9tant diff\u00e9remment le paysage juridique.<\/p>\n<p>Nous vous \u00e9pargnerons les d\u00e9tails sanglants de la fa\u00e7on dont la <a href=\"https:\/\/www.cnet.com\/news\/neteller-founders-face-money-laundering-charges\/\">Les fondateurs de Neteller, John Lefebvre et Stephen Lawrence, ont \u00e9t\u00e9 inculp\u00e9s par les autorit\u00e9s am\u00e9ricaines.<\/a> pour blanchiment d'argent, alors que les jeux d'argent sur internet (autres que sportifs) n'ont jamais \u00e9t\u00e9 ill\u00e9gaux dans ce pays et que les fondateurs ne jouaient aucun r\u00f4le actif dans la soci\u00e9t\u00e9 lorsqu'ils ont \u00e9t\u00e9 arr\u00eat\u00e9s, ce qui a fait perdre \u00e0 la soci\u00e9t\u00e9 plus de 60% de son chiffre d'affaires en l'espace d'une nuit.<\/p>\n<p>PayPal fonctionne par prudence, il n'est donc pas difficile d'imaginer pourquoi nous ne pouvons plus d\u00e9poser et retirer avec PayPal directement, sauf de mani\u00e8re transitoire - lorsqu'un site de jeu fait preuve de cr\u00e9ativit\u00e9 et nous permet de l'utiliser... jusqu'\u00e0 ce qu'il s'en aper\u00e7oive.<\/p>\n<h2>Les vieux trucs de PayPal qui marchaient bien<\/h2>\n<p>Il est vrai que pendant un certain temps, les joueurs ont pu approvisionner leurs comptes avec des produits PayPal secondaires tels que PayPal Cash et PayPal Business Debit Mastercards. Cependant, en 2018, l'entreprise a annonc\u00e9 qu'elle retirait ces \u2018 solutions de contournement \u2019 du march\u00e9 canadien et, \u00e0 partir de maintenant, elles sont... <a href=\"https:\/\/www.paypal-community.com\/t5\/Products-and-Services\/Question-about-Canadian-getting-a-PayPal-Prepaid-Mastercard\/td-p\/1766588\" target=\"_blank\" rel=\"noopener noreferrer\">disponible uniquement pour les comptes PayPal am\u00e9ricains<\/a>.<\/p>\n<h3>Qu'en est-il des cartes-cadeaux num\u00e9riques PayPal ?<\/h3>\n<p>L\u00e0 encore, ces informations ne sont disponibles que par l'interm\u00e9diaire de <a href=\"https:\/\/www.paypal.com\/us\/smarthelp\/article\/faq3432\" target=\"_blank\" rel=\"noopener noreferrer\">PayPal US, eBay US et Facebook Marketplace<\/a> qui ne permet qu'un acc\u00e8s r\u00e9gional.<\/p>\n<p>Voici la derni\u00e8re mauvaise nouvelle pour les titulaires d'un compte PayPal au Canada qui souhaitent jouer avec leurs propres fonds d\u00e9pos\u00e9s dans le portefeuille \u00e9lectronique PayPal...<img decoding=\"async\" class=\"size-medium wp-image-8711 alignright\" src=\"https:\/\/www.casinolion.ca\/wp-content\/uploads\/2019\/09\/paypal-300x203.jpg\" alt=\"\" width=\"300\" height=\"203\" srcset=\"https:\/\/casinolion.ca\/wp-content\/uploads\/2019\/09\/paypal-300x203.jpg 300w, https:\/\/casinolion.ca\/wp-content\/uploads\/2019\/09\/paypal-53x36.jpg 53w, https:\/\/casinolion.ca\/wp-content\/uploads\/2019\/09\/paypal-133x90.jpg 133w, https:\/\/casinolion.ca\/wp-content\/uploads\/2019\/09\/paypal.jpg 350w\" sizes=\"(max-width: 300px) 100vw, 300px\" \/><\/p>\n<p><strong>N'y comptez pas si vous pr\u00e9f\u00e9rez jouer dans des casinos \u00e9trangers !<\/strong>\u00a0Cependant, les sites provinciaux acceptent les d\u00e9p\u00f4ts par PayPal et effectuent des versements \u00e0 votre banque dans un d\u00e9lai d'environ 4 jours ouvrables.<\/p>\n<p>L'entreprise a mis tellement d'obstacles sur votre chemin que <strong>il est tout simplement plus facile d'utiliser une autre m\u00e9thode pour approvisionner vos comptes de casino<\/strong>.<\/p>\n<p>Cela ne veut pas dire que c'est impossible, et \u00e7a l'est. <strong>Cela vaut certainement la peine de poser la question<\/strong> un repr\u00e9sentant du service d'assistance pour savoir s'il existe des \u201cm\u00e9thodes sp\u00e9ciales\u201d pour vous permettre de le faire, mais les m\u00e9thodes alternatives semblent aller et venir lorsqu'elles apparaissent.<\/p>\n<h2>PayPal Hack - L'utiliser en conjonction avec les crypto-monnaies<\/h2>\n<p>Nous allons vous montrer ici une fa\u00e7on d'utiliser PayPal subrepticement comme m\u00e9thode de retrait dans les casinos \u00e9trangers qui servent les joueurs canadiens !<\/p>\n<p><strong>A noter :<\/strong> <em>Cela peut changer avec le temps, mais c'est le cas depuis suffisamment longtemps pour consid\u00e9rer qu'il s'agit d'une m\u00e9thode viable.<\/em><\/p>\n<p>Il y a toutefois un b\u00e9mol. Vous devez effectuer vos transactions avec le casino en utilisant le logiciel <strong>crypto-monnaie sur Coinbase<\/strong>. D'autres bourses peuvent offrir ce service, mais nous n'en connaissons pas encore.<\/p>\n<p>Bien qu'il ne soit plus possible d'acheter des BTC ou d'autres monnaies num\u00e9riques avec un compte bancaire canadien ou une carte de cr\u00e9dit, il est toujours possible d'utiliser une carte de d\u00e9bit pour acheter des pi\u00e8ces. Il est toujours possible d'utiliser une carte de d\u00e9bit pour acheter des pi\u00e8ces.<\/p>\n<p><img decoding=\"async\" class=\"alignnone wp-image-8713 size-full\" src=\"https:\/\/www.casinolion.ca\/wp-content\/uploads\/2019\/09\/cb-pp.png\" alt=\"\" width=\"743\" height=\"280\" srcset=\"https:\/\/casinolion.ca\/wp-content\/uploads\/2019\/09\/cb-pp.png 743w, https:\/\/casinolion.ca\/wp-content\/uploads\/2019\/09\/cb-pp-300x113.png 300w, https:\/\/casinolion.ca\/wp-content\/uploads\/2019\/09\/cb-pp-96x36.png 96w, https:\/\/casinolion.ca\/wp-content\/uploads\/2019\/09\/cb-pp-239x90.png 239w\" sizes=\"(max-width: 743px) 100vw, 743px\" \/><\/p>\n<p>&nbsp;<\/p>\n<ul>\n<li>Acheter des BTC avec une carte de d\u00e9bit canadienne<\/li>\n<li>D\u00e9posez de la monnaie num\u00e9rique depuis Coinbase sur le compte de votre casino canadien en ligne pr\u00e9f\u00e9r\u00e9.<\/li>\n<li>Gagner et encaisser des fonds sur Coinbase<\/li>\n<li><a href=\"https:\/\/support.coinbase.com\/customer\/portal\/articles\/2959952-paypal-faq\" target=\"_blank\" rel=\"noopener noreferrer\">Reliez vos comptes Coinbase et PayPal<\/a><\/li>\n<li><a href=\"https:\/\/support.coinbase.com\/customer\/en\/portal\/articles\/2106149-payment-methods-for-canadian-customers-\" target=\"_blank\" rel=\"noopener noreferrer\">INSTANTAN\u00c9MENT<\/a> \u201cvendre\u201d les pi\u00e8ces \u00e0 soi-m\u00eame sur PayPal<\/li>\n<li>D\u00e9pensez l'argent en ligne ou retirez-le sur votre compte bancaire. <a href=\"https:\/\/casinolion.ca\/fr\/canadian-banks-that-allow-online-gambling\/\">Compte bancaire canadien<\/a>. Il arrivera dans un d\u00e9lai d'un jour ouvrable, plus t\u00f4t si c'est en d\u00e9but de journ\u00e9e, plus tard si c'est apr\u00e8s 19 heures (heure de l'Est) ou pendant les week-ends ou les jours f\u00e9ri\u00e9s.<\/li>\n<\/ul>\n<p>La bonne nouvelle valait-elle la peine d'\u00eatre attendue ? <strong>Nous l'esp\u00e9rons !<\/strong><\/p>\n<h2>Alternatives \u00e0 PayPal<\/h2>\n<p>Nous parcourons inlassablement le secteur des paiements et les sites Web des casinos offshore en ligne pour trouver des moyens s\u00fbrs et s\u00e9curis\u00e9s permettant aux Canadiens de d\u00e9poser et de retirer de l'argent.<\/p>\n<p>Certaines m\u00e9thodes ne permettent que les d\u00e9p\u00f4ts, d'autres (PayPal) que les retraits. Certaines, comme les quatre premi\u00e8res de notre liste, fonctionneront pour l'argent entrant et sortant des sites de casinos \u00e9trangers. Toutes devraient fonctionner pour les casinos monopolisant la loterie provinciale, comme PlayNow, etc.<\/p>\n<p>Il vous suffit de cliquer sur le lien pour en savoir plus sur chaque m\u00e9thode et pour trouver les casinos canadiens qui vous accueillent et acceptent votre patronage en utilisant l'outil ou l'appareil en question.<\/p>\n<ul>\n<li><a href=\"https:\/\/casinolion.ca\/fr\/idebit-casinos\/\"><strong>iDebit<\/strong><\/a> - Effectuez des d\u00e9p\u00f4ts et des retraits entre votre banque et le casino gr\u00e2ce \u00e0 cette passerelle de financement instantan\u00e9e.<\/li>\n<li><strong><a href=\"https:\/\/casinolion.ca\/fr\/guide-to-using-interac-at-an-online-casino\/\">Interac<\/a> <\/strong>- Vous connaissez Interac. Guides pas \u00e0 pas pour les services bancaires en ligne Interac et les virements \u00e9lectroniques Interac dans les casinos<\/li>\n<li><strong><a href=\"https:\/\/casinolion.ca\/fr\/ecopayz-casinos\/\">EcoPayz<\/a> <\/strong>- Un v\u00e9ritable portefeuille \u00e9lectronique pour les joueurs en ligne canadiens<\/li>\n<li><strong><a href=\"https:\/\/casinolion.ca\/fr\/instadebit-casinos\/\">InstaDebit<\/a> <\/strong>- Similaire \u00e0 iDebit, une m\u00e9thode de transfert bancaire direct<\/li>\n<li><strong><a href=\"https:\/\/casinolion.ca\/fr\/visa-casinos\/\">VISA<\/a> <\/strong>- Les cartes de d\u00e9bit ont un taux de r\u00e9ussite plus \u00e9lev\u00e9 que les cartes de cr\u00e9dit. Cependant, les paiements ne peuvent \u00eatre effectu\u00e9s que sur une carte de cr\u00e9dit d\u00e9posante. Utiliser la carte de d\u00e9bit Visa pour financer d'autres m\u00e9thodes<\/li>\n<li><strong><a href=\"https:\/\/casinolion.ca\/fr\/citadel-casinos\/\">Citadelle<\/a> <\/strong>- Services bancaires instantan\u00e9s pour les d\u00e9p\u00f4ts effectu\u00e9s dans quelques casinos s\u00e9lectionn\u00e9s<\/li>\n<li><strong><a href=\"https:\/\/casinolion.ca\/fr\/echeck-casinos\/\">Ch\u00e8que \u00e9lectronique<\/a> <\/strong>- D\u00e9poser en utilisant un ch\u00e8que \u00e9lectronique. Sports Interaction et quelques autres acceptent cette m\u00e9thode de la chambre de compensation automatis\u00e9e (ACH), mais les d\u00e9p\u00f4ts ne sont pas instantan\u00e9s<\/li>\n<li><strong><a href=\"https:\/\/casinolion.ca\/fr\/paysafecard-casinos\/\">Paysafecard<\/a> <\/strong>- Enl\u00e8vement presque partout, d\u00e9p\u00f4ts uniquement pour le Canada<\/li>\n<li><strong><a href=\"https:\/\/casinolion.ca\/fr\/entropay-casinos\/\">Entropay<\/a> <\/strong>- Il ne s'agit plus d'une m\u00e9thode viable pour les d\u00e9p\u00f4ts ou les retraits.<\/li>\n<li><strong><a href=\"https:\/\/casinolion.ca\/fr\/neosurf-casinos\/\">Neosurf<\/a> <\/strong>- Un point positif dans le paysage des paiements. Apprenez comment approvisionner un compte en ligne et comment l'utiliser comme m\u00e9thode de retrait.<\/li>\n<li><strong><a href=\"https:\/\/casinolion.ca\/fr\/inpay-casinos\/\">InPay<\/a> <\/strong>- Processeur danois qui effectue des transactions dans la monnaie locale, ce qui permet d'\u00e9conomiser les frais de conversion.<\/li>\n<li><strong><a href=\"https:\/\/casinolion.ca\/fr\/vanilla-prepaid-casinos\/\">Vanilla Prepaid<\/a> <\/strong>- Cette m\u00e9thode fonctionne dans quelques casinos. Si elle figure dans la liste des m\u00e9thodes de d\u00e9p\u00f4t, assurez-vous que votre carte peut \u00eatre utilis\u00e9e pour des transactions internationales - ce n'est pas le cas de toutes les cartes.<\/li>\n<\/ul>\n<h2>Conclusion sur les casinos PayPal canadiens<\/h2>\n<p>En tant que produit autonome, le <strong>Le portefeuille \u00e9lectronique PayPal est aujourd'hui pratiquement inutile pour les joueurs canadiens<\/strong>. Il est tr\u00e8s difficile de trouver un op\u00e9rateur de bonne r\u00e9putation qui traitera votre transaction \u00e0 l'aide de PayPal.<\/p>\n<p>Cela ne veut pas dire que c'est impossible, mais c'est tr\u00e8s improbable.<\/p>\n<p>Pour nous, la meilleure utilisation de PayPal est un moyen rapide (instantan\u00e9) de convertir des bitcoins en dollars canadiens. En pla\u00e7ant tout ou partie de vos gains dans votre portefeuille Coinbase CAD, vous retirez les fonds de la volatilit\u00e9 du march\u00e9 et b\u00e9n\u00e9ficiez d'un acc\u00e8s imm\u00e9diat au trading si vous souhaitez jouer sur le march\u00e9 avec ces fonds.<\/p>\n<p>Cependant, compte tenu de la quantit\u00e9 d'obstacles \u00e0 franchir pour jouer en ligne, il est pr\u00e9f\u00e9rable d'utiliser une <a href=\"https:\/\/casinolion.ca\/fr\/paypal-casinos\/#PayPal-Hack---Use-it-in-conjunction-with-Cryptocurrency\">option de paiement alternatif<\/a>.<\/p>","protected":false},"excerpt":{"rendered":"<p>PayPal Casino Sites in Canada PayPal is a popular way for Canadians to send and receive money safely and securely. It is used to pay bills, make internet purchases, and to send money to family and friends at little or no cost. The payment method has a core product that operates like an eWallet, parking [&hellip;]<\/p>","protected":false},"author":4,"featured_media":8437,"parent":0,"menu_order":56,"comment_status":"closed","ping_status":"closed","template":"payment-method.php","meta":{"_acf_changed":false,"footnotes":""},"class_list":["post-8433","page","type-page","status-publish","has-post-thumbnail","hentry"],"acf":[],"yoast_head":"<!-- This site is optimized with the Yoast SEO plugin v26.1.1 - https:\/\/yoast.com\/wordpress\/plugins\/seo\/ -->\n<title>Canadian Casinos do NOT accept PayPal - Unless you use this one trick...<\/title>\n<meta name=\"description\" content=\"We&#039;ll show you how to use PayPal for near-instant online casino withdrawals in Canada. We&#039;ll also detail alternatives that work for deposits and withdrawals\" \/>\n<meta name=\"robots\" content=\"index, follow, max-snippet:-1, max-image-preview:large, max-video-preview:-1\" \/>\n<link rel=\"canonical\" href=\"https:\/\/casinolion.ca\/fr\/paypal-casinos\/\" \/>\n<meta property=\"og:locale\" content=\"fr_CA\" \/>\n<meta property=\"og:type\" content=\"article\" \/>\n<meta property=\"og:title\" content=\"Canadian Casinos do NOT accept PayPal - Unless you use this one trick...\" \/>\n<meta property=\"og:description\" content=\"We&#039;ll show you how to use PayPal for near-instant online casino withdrawals in Canada. We&#039;ll also detail alternatives that work for deposits and withdrawals\" \/>\n<meta property=\"og:url\" content=\"https:\/\/casinolion.ca\/fr\/paypal-casinos\/\" \/>\n<meta property=\"article:modified_time\" content=\"2020-06-06T01:44:58+00:00\" \/>\n<meta property=\"og:image\" content=\"https:\/\/casinolion.ca\/wp-content\/uploads\/2019\/08\/Untitled.png\" \/>\n\t<meta property=\"og:image:width\" content=\"755\" \/>\n\t<meta property=\"og:image:height\" content=\"455\" \/>\n\t<meta property=\"og:image:type\" content=\"image\/png\" \/>\n<meta name=\"twitter:card\" content=\"summary_large_image\" \/>\n<meta name=\"twitter:label1\" content=\"Estimation du temps de lecture\" \/>\n\t<meta name=\"twitter:data1\" content=\"6 minutes\" \/>\n<script type=\"application\/ld+json\" class=\"yoast-schema-graph\">{\"@context\":\"https:\/\/schema.org\",\"@graph\":[{\"@type\":\"WebPage\",\"@id\":\"https:\/\/casinolion.ca\/paypal-casinos\/\",\"url\":\"https:\/\/casinolion.ca\/paypal-casinos\/\",\"name\":\"Canadian Casinos do NOT accept PayPal - Unless you use this one trick...\",\"isPartOf\":{\"@id\":\"https:\/\/casinolion.ca\/fr\/#website\"},\"primaryImageOfPage\":{\"@id\":\"https:\/\/casinolion.ca\/paypal-casinos\/#primaryimage\"},\"image\":{\"@id\":\"https:\/\/casinolion.ca\/paypal-casinos\/#primaryimage\"},\"thumbnailUrl\":\"https:\/\/casinolion.ca\/wp-content\/uploads\/2019\/08\/Untitled.png\",\"datePublished\":\"2019-09-07T19:36:28+00:00\",\"dateModified\":\"2020-06-06T01:44:58+00:00\",\"description\":\"We'll show you how to use PayPal for near-instant online casino withdrawals in Canada. We'll also detail alternatives that work for deposits and withdrawals\",\"breadcrumb\":{\"@id\":\"https:\/\/casinolion.ca\/paypal-casinos\/#breadcrumb\"},\"inLanguage\":\"fr-CA\",\"potentialAction\":[{\"@type\":\"ReadAction\",\"target\":[\"https:\/\/casinolion.ca\/paypal-casinos\/\"]}]},{\"@type\":\"ImageObject\",\"inLanguage\":\"fr-CA\",\"@id\":\"https:\/\/casinolion.ca\/paypal-casinos\/#primaryimage\",\"url\":\"https:\/\/casinolion.ca\/wp-content\/uploads\/2019\/08\/Untitled.png\",\"contentUrl\":\"https:\/\/casinolion.ca\/wp-content\/uploads\/2019\/08\/Untitled.png\",\"width\":755,\"height\":455},{\"@type\":\"BreadcrumbList\",\"@id\":\"https:\/\/casinolion.ca\/paypal-casinos\/#breadcrumb\",\"itemListElement\":[{\"@type\":\"ListItem\",\"position\":1,\"name\":\"Home\",\"item\":\"https:\/\/casinolion.ca\/\"},{\"@type\":\"ListItem\",\"position\":2,\"name\":\"PayPal Casinos\"}]},{\"@type\":\"WebSite\",\"@id\":\"https:\/\/casinolion.ca\/fr\/#website\",\"url\":\"https:\/\/casinolion.ca\/fr\/\",\"name\":\"\",\"description\":\"\",\"potentialAction\":[{\"@type\":\"SearchAction\",\"target\":{\"@type\":\"EntryPoint\",\"urlTemplate\":\"https:\/\/casinolion.ca\/fr\/?s={search_term_string}\"},\"query-input\":{\"@type\":\"PropertyValueSpecification\",\"valueRequired\":true,\"valueName\":\"search_term_string\"}}],\"inLanguage\":\"fr-CA\"}]}<\/script>\n<!-- \/ Yoast SEO plugin. -->","yoast_head_json":{"title":"Les casinos canadiens n'acceptent PAS PayPal - \u00e0 moins que vous n'utilisiez cette astuce.","description":"Nous vous montrons comment utiliser PayPal pour effectuer des retraits quasi instantan\u00e9s dans les casinos en ligne au Canada. Nous d\u00e9taillerons \u00e9galement les alternatives qui fonctionnent pour les d\u00e9p\u00f4ts et les retraits.","robots":{"index":"index","follow":"follow","max-snippet":"max-snippet:-1","max-image-preview":"max-image-preview:large","max-video-preview":"max-video-preview:-1"},"canonical":"https:\/\/casinolion.ca\/fr\/paypal-casinos\/","og_locale":"fr_CA","og_type":"article","og_title":"Canadian Casinos do NOT accept PayPal - Unless you use this one trick...","og_description":"We'll show you how to use PayPal for near-instant online casino withdrawals in Canada. We'll also detail alternatives that work for deposits and withdrawals","og_url":"https:\/\/casinolion.ca\/fr\/paypal-casinos\/","article_modified_time":"2020-06-06T01:44:58+00:00","og_image":[{"width":755,"height":455,"url":"https:\/\/casinolion.ca\/wp-content\/uploads\/2019\/08\/Untitled.png","type":"image\/png"}],"twitter_card":"summary_large_image","twitter_misc":{"Estimation du temps de lecture":"6 minutes"},"schema":{"@context":"https:\/\/schema.org","@graph":[{"@type":"WebPage","@id":"https:\/\/casinolion.ca\/paypal-casinos\/","url":"https:\/\/casinolion.ca\/paypal-casinos\/","name":"Les casinos canadiens n'acceptent PAS PayPal - \u00e0 moins que vous n'utilisiez cette astuce.","isPartOf":{"@id":"https:\/\/casinolion.ca\/fr\/#website"},"primaryImageOfPage":{"@id":"https:\/\/casinolion.ca\/paypal-casinos\/#primaryimage"},"image":{"@id":"https:\/\/casinolion.ca\/paypal-casinos\/#primaryimage"},"thumbnailUrl":"https:\/\/casinolion.ca\/wp-content\/uploads\/2019\/08\/Untitled.png","datePublished":"2019-09-07T19:36:28+00:00","dateModified":"2020-06-06T01:44:58+00:00","description":"Nous vous montrons comment utiliser PayPal pour effectuer des retraits quasi instantan\u00e9s dans les casinos en ligne au Canada. Nous d\u00e9taillerons \u00e9galement les alternatives qui fonctionnent pour les d\u00e9p\u00f4ts et les retraits.","breadcrumb":{"@id":"https:\/\/casinolion.ca\/paypal-casinos\/#breadcrumb"},"inLanguage":"fr-CA","potentialAction":[{"@type":"ReadAction","target":["https:\/\/casinolion.ca\/paypal-casinos\/"]}]},{"@type":"ImageObject","inLanguage":"fr-CA","@id":"https:\/\/casinolion.ca\/paypal-casinos\/#primaryimage","url":"https:\/\/casinolion.ca\/wp-content\/uploads\/2019\/08\/Untitled.png","contentUrl":"https:\/\/casinolion.ca\/wp-content\/uploads\/2019\/08\/Untitled.png","width":755,"height":455},{"@type":"BreadcrumbList","@id":"https:\/\/casinolion.ca\/paypal-casinos\/#breadcrumb","itemListElement":[{"@type":"ListItem","position":1,"name":"Home","item":"https:\/\/casinolion.ca\/"},{"@type":"ListItem","position":2,"name":"PayPal Casinos"}]},{"@type":"WebSite","@id":"https:\/\/casinolion.ca\/fr\/#website","url":"https:\/\/casinolion.ca\/fr\/","name":"","description":"","potentialAction":[{"@type":"SearchAction","target":{"@type":"EntryPoint","urlTemplate":"https:\/\/casinolion.ca\/fr\/?s={search_term_string}"},"query-input":{"@type":"PropertyValueSpecification","valueRequired":true,"valueName":"search_term_string"}}],"inLanguage":"fr-CA"}]}},"_links":{"self":[{"href":"https:\/\/casinolion.ca\/fr\/wp-json\/wp\/v2\/pages\/8433","targetHints":{"allow":["GET"]}}],"collection":[{"href":"https:\/\/casinolion.ca\/fr\/wp-json\/wp\/v2\/pages"}],"about":[{"href":"https:\/\/casinolion.ca\/fr\/wp-json\/wp\/v2\/types\/page"}],"author":[{"embeddable":true,"href":"https:\/\/casinolion.ca\/fr\/wp-json\/wp\/v2\/users\/4"}],"replies":[{"embeddable":true,"href":"https:\/\/casinolion.ca\/fr\/wp-json\/wp\/v2\/comments?post=8433"}],"version-history":[{"count":0,"href":"https:\/\/casinolion.ca\/fr\/wp-json\/wp\/v2\/pages\/8433\/revisions"}],"wp:featuredmedia":[{"embeddable":true,"href":"https:\/\/casinolion.ca\/fr\/wp-json\/wp\/v2\/media\/8437"}],"wp:attachment":[{"href":"https:\/\/casinolion.ca\/fr\/wp-json\/wp\/v2\/media?parent=8433"}],"curies":[{"name":"wp","href":"https:\/\/api.w.org\/{rel}","templated":true}]}}