
{"id":8748,"date":"2019-09-11T07:27:06","date_gmt":"2019-09-11T07:27:06","guid":{"rendered":"https:\/\/www.bestcasinoscanada.com\/?page_id=8748"},"modified":"2019-09-11T07:35:04","modified_gmt":"2019-09-11T07:35:04","slug":"what-is-rtp-or-house-edge-in-online-slots","status":"publish","type":"page","link":"https:\/\/casinolion.ca\/fr\/what-is-rtp-or-house-edge-in-online-slots\/","title":{"rendered":"Qu'est-ce que le RTP ou l'avantage de la maison dans les machines \u00e0 sous en ligne ?"},"content":{"rendered":"<h2>Qu'est-ce que le RTP ou l'avantage de la maison dans les machines \u00e0 sous ?<\/h2>\n<p><img decoding=\"async\" class=\"alignright wp-image-8759 size-medium\" src=\"https:\/\/www.casinolion.ca\/wp-content\/uploads\/2019\/09\/what-is-rtp-300x293.jpg\" alt=\"\" width=\"300\" height=\"293\" srcset=\"https:\/\/casinolion.ca\/wp-content\/uploads\/2019\/09\/what-is-rtp-300x293.jpg 300w, https:\/\/casinolion.ca\/wp-content\/uploads\/2019\/09\/what-is-rtp-37x36.jpg 37w, https:\/\/casinolion.ca\/wp-content\/uploads\/2019\/09\/what-is-rtp-92x90.jpg 92w, https:\/\/casinolion.ca\/wp-content\/uploads\/2019\/09\/what-is-rtp.jpg 400w\" sizes=\"(max-width: 300px) 100vw, 300px\" \/>Il est ind\u00e9niable que les jeux de casino sont une source d'amusement et de sensations fortes sans fin, mais ce n'est pas la seule raison pour laquelle nous y revenons toujours.  C'est la possibilit\u00e9 d'obtenir d'\u00e9normes r\u00e9compenses et d'empocher de l'argent qui nous motive \u00e0 continuer \u00e0 jouer aux jeux de casino.<\/p>\n<p>Pour choisir le bon jeu de casino, par exemple <a href=\"https:\/\/casinolion.ca\/fr\/how-to-play-online-slots\/\">cr\u00e9neaux<\/a> ou <a href=\"https:\/\/casinolion.ca\/fr\/online-blackjack\/\">blackjack<\/a>, Il y a de nombreux facteurs \u00e0 prendre en compte.  En ce qui concerne les machines \u00e0 sous, les joueurs sont toujours curieux des th\u00e8mes, du nombre de rouleaux et des fonctions bonus qu'ils peuvent voir dans ces machines.  En outre, l'\u00e9l\u00e9ment le plus important des machines \u00e0 sous et de la majorit\u00e9 des autres jeux de casino est probablement le RTP, une abr\u00e9viation pour <strong>Ratio de retour au joueur<\/strong>.<\/p>\n<p>En gros, le PRT<strong> se r\u00e9f\u00e8re au pourcentage de paiement qu'un joueur peut attendre de chaque machine \u00e0 sous et de la plupart des autres jeux de casino.<\/strong>.  Le RTP est un facteur qui d\u00e9termine l'efficacit\u00e9 d'un jeu de machines \u00e0 sous et peut \u00e9galement vous aider \u00e0 \u00e9laborer la bonne strat\u00e9gie de pari et \u00e0 d\u00e9cider si vous devez ou non choisir une machine \u00e0 sous particuli\u00e8re.  Dans cet article, vous en apprendrez plus sur le RTP, l'avantage de la maison et ce qu'il faut rechercher dans les jeux de machines \u00e0 sous.<\/p>\n<h2>Qu'est-ce que le RTP et comment fonctionne-t-il ?<\/h2>\n<blockquote><p>Le retour au joueur repr\u00e9sente le <strong>mesure de la somme qu'un jeu de casino est cens\u00e9 rapporter \u00e0 ses joueurs sur une p\u00e9riode donn\u00e9e<\/strong>.  Ces chances de gains sont g\u00e9n\u00e9ralement exprim\u00e9es en pourcentages et en ratios, et mesurent la probabilit\u00e9 que vous gagniez une partie de ces gains et que vous d\u00e9crochiez un jackpot dans le m\u00eame temps.<\/p><\/blockquote>\n<p>La valeur de RTP est presque toujours inf\u00e9rieure \u00e0 100% et <strong>la diff\u00e9rence entre le pourcentage du RTP et un maximum de 100% est connue sous le nom d'avantage de la maison.<\/strong>.  L'avantage de la maison est le levier math\u00e9matique sur lequel les casinos s'appuient pour r\u00e9aliser des b\u00e9n\u00e9fices.<\/p>\n<p>L'essentiel \u00e0 propos du RTP est qu'il ne repr\u00e9sente pas la probabilit\u00e9 de gagner \u00e0 court terme, mais qu'il est plut\u00f4t consid\u00e9r\u00e9 sur le long terme.  Il s'agit d'un calcul statistique th\u00e9orique qui est, en fait, une estimation de la probabilit\u00e9 de gagner.<strong> le nombre de fois o\u00f9 vous pouvez esp\u00e9rer gagner et la part de vos mises qui vous reviendra.<\/strong> C'est pourquoi le RTP ne doit pas \u00eatre pris au pied de la lettre.<\/p>\n<p>Par exemple, si vous jouez \u00e0 une machine \u00e0 sous dont le RTP est de 97%, l'avantage de la maison sera de 3%.  Si vous misez $1, vous n'obtiendrez pas 97\u00a2 \u00e0 chaque tour, car cela rendrait le jeu impossible \u00e0 contrer.  En fait, il faut des milliers de tours pour que la machine gagne ses 3\u00a2 et que vous r\u00e9cup\u00e9riez 97% de votre mise.  C'est pourquoi les machines \u00e0 sous ont <a href=\"https:\/\/casinolion.ca\/fr\/how-to-play-online-slots\/#Paytable\">tables de paiement<\/a> et le g\u00e9n\u00e9rateur de nombres al\u00e9atoires qui donnent une structure au jeu de machines \u00e0 sous et une chance aux joueurs de gagner m\u00eame \u00e0 court terme.  Bien entendu, cette structure garantit que les op\u00e9rateurs obtiennent leur part du g\u00e2teau sur une p\u00e9riode plus longue et aupr\u00e8s d'un grand nombre de joueurs.<\/p>\n<p>Il est \u00e9galement essentiel de comprendre que les paiements ne sont pas seulement li\u00e9s au RTP, mais aussi \u00e0 la volatilit\u00e9 de la machine \u00e0 sous.  La volatilit\u00e9 d'une machine \u00e0 sous correspond \u00e0 la fr\u00e9quence et \u00e0 l'importance des gains que vous pouvez attendre de la machine \u00e0 sous.  <strong>Une volatilit\u00e9 \u00e9lev\u00e9e des machines \u00e0 sous implique des gains plus importants mais peu fr\u00e9quents, alors que les machines \u00e0 sous \u00e0 faible volatilit\u00e9 ont des gains plus petits mais plus fr\u00e9quents.<\/strong>.  Ne vous inqui\u00e9tez pas, nous aborderons plus tard la relation entre les cr\u00e9neaux horaires et la volatilit\u00e9.<\/p>\n<p>Les machines \u00e0 sous dont le RTP est proche de 100% sont souvent appel\u00e9es <strong>fentes libres<\/strong>, tandis que ceux qui ont un faible RTP sont appel\u00e9s <strong>fentes \u00e9troites<\/strong>.<\/p>\n<h2>Comment calculer le RTP dans les machines \u00e0 sous ?<\/h2>\n<p>La plupart du temps, le RTP des machines \u00e0 sous est affich\u00e9 ouvertement pour inciter les joueurs \u00e0 continuer \u00e0 jouer.  S'il n'y en a pas, vous pouvez le calculer pour votre session \u00e0 l'aide d'une formule.  La valeur du RTP est calcul\u00e9e comme suit <strong>en divisant le montant total gagn\u00e9 par les joueurs par le montant total qu'ils ont pari\u00e9 au cours de cette session particuli\u00e8re<\/strong>.<\/p>\n<p><b><i>RTP= (valeur totale retourn\u00e9e aux joueurs) \/ (mise totale)\u00a0<\/i><\/b><\/p>\n<blockquote><p>Examinons cet exemple.  Supposons que, pendant la session de jeu, vous ayez mis\u00e9 $50 au total.  Ces mises ont g\u00e9n\u00e9r\u00e9 des gains d'un montant total de $25.  Le RTP pour cette session particuli\u00e8re est calcul\u00e9 en divisant 25 par 50, et le r\u00e9sultat est 50%RTP.  L'autre sc\u00e9nario est celui o\u00f9 vous obtenez un gain de $150, auquel cas le RTP de la session est de 300%.<\/p><\/blockquote>\n<p>Pour calculer le RTP moyen, vous devez tenir compte de certains facteurs, tels que le nombre de mises moyennes, les paiements moyens, les bonus et les combinaisons gagnantes, afin d'obtenir la valeur globale du RTP.  Ce calcul est beaucoup plus complexe que celui utilis\u00e9 pour calculer le RTP d'une seule session de jeu.<\/p>\n<p>Comme nous l'avons dit pr\u00e9c\u00e9demment, le RTP moyen d'un jeu est calcul\u00e9 sur des millions de tours par des milliers de joueurs, et il s'agit d'une valeur int\u00e9gr\u00e9e et programm\u00e9e dans la machine \u00e0 sous elle-m\u00eame.  Ainsi, pour obtenir $97 sur $100 mis\u00e9s et sous le RTP de 97%, vous aurez d\u00fb effectuer un nombre consid\u00e9rable de tours.<\/p>\n<p>Par ailleurs, comme nous l'avons bri\u00e8vement mentionn\u00e9 pr\u00e9c\u00e9demment, les jeux de machines \u00e0 sous sont aliment\u00e9s par un g\u00e9n\u00e9rateur de nombres al\u00e9atoires (Random Number Generator ou RNG).  Le RNG est un syst\u00e8me qui garantit un r\u00e9sultat al\u00e9atoire des jeux et que les r\u00e9sultats sont toujours arbitraires et justes.  C'est le RNG qui d\u00e9cide en fin de compte si vous gagnez ou non, et non le RTP.  Le RTP est l\u00e0 pour vous indiquer combien vous pouvez esp\u00e9rer gagner apr\u00e8s avoir jou\u00e9 \u00e0 un jeu pendant une p\u00e9riode de temps significative.<\/p>\n<h2>\u00c9cart et RTP<\/h2>\n<p>Les gens confondent souvent le r\u00f4le de la variance ou de la volatilit\u00e9 d'une machine \u00e0 sous dans le RTP, et vice versa.  La variance indique la fr\u00e9quence des gains d'une machine \u00e0 sous, et non le RTP, comme beaucoup voudraient le faire croire.  Il existe des jeux de machines \u00e0 sous \u00e0 basse et \u00e0 haute fr\u00e9quence ; avec les machines \u00e0 sous \u00e0 haute fr\u00e9quence, vous pouvez vous attendre \u00e0 des paiements \u00e9lev\u00e9s de temps en temps, tandis que les machines \u00e0 sous \u00e0 basse fr\u00e9quence paient plus souvent, mais en plus petites quantit\u00e9s.  L'int\u00e9r\u00eat r\u00e9side dans la mani\u00e8re dont ces machines \u00e0 sous r\u00e9alisent leur RTP.  Avec les machines \u00e0 sous plus volatiles, vous pouvez vous attendre \u00e0 ce que le RTP soit atteint gr\u00e2ce \u00e0 des gains importants et \u00e0 des fonctions bonus, tandis que les machines \u00e0 sous moins volatiles reconstitueront votre bankroll et rempliront le RTP petit \u00e0 petit.<\/p>\n<h2>Conclusion<\/h2>\n<p>Le meilleur conseil que l'on puisse vous donner sur le RTP, les machines \u00e0 sous et les jeux de casino est que plus le RTP est \u00e9lev\u00e9, plus vos mises ont de chances d'\u00eatre rentabilis\u00e9es au fur et \u00e0 mesure que vous jouez.  Cependant, comme les machines \u00e0 sous sont r\u00e9gies par le RNG, il y aura \u00e0 la fois des sessions plus prosp\u00e8res et des sessions moins r\u00e9ussies, et c'est une garantie.  Vous devrez donc \u00eatre patient et consacrer du temps \u00e0 votre machine \u00e0 sous pr\u00e9f\u00e9r\u00e9e avant de pouvoir r\u00e9colter les fruits de votre travail.<\/p>","protected":false},"excerpt":{"rendered":"<p>Qu'est-ce que le RTP ou l'avantage de la maison dans les machines \u00e0 sous ? Il est ind\u00e9niable que les jeux de casino sont une source de plaisir et d'excitation sans fin, mais ce n'est pas la seule raison pour laquelle nous y revenons toujours. C'est la possibilit\u00e9 d'obtenir d'\u00e9normes r\u00e9compenses et d'empocher de l'argent qui nous motive \u00e0 continuer [...]<\/p>","protected":false},"author":1,"featured_media":8759,"parent":0,"menu_order":53,"comment_status":"closed","ping_status":"closed","template":"","meta":{"_acf_changed":false,"footnotes":""},"class_list":["post-8748","page","type-page","status-publish","has-post-thumbnail","hentry"],"acf":[],"yoast_head":"<!-- This site is optimized with the Yoast SEO plugin v26.1.1 - https:\/\/yoast.com\/wordpress\/plugins\/seo\/ -->\n<title>What is RTP or House Edge in Online Slots?<\/title>\n<meta name=\"robots\" content=\"index, follow, max-snippet:-1, max-image-preview:large, max-video-preview:-1\" \/>\n<link rel=\"canonical\" href=\"https:\/\/casinolion.ca\/fr\/what-is-rtp-or-house-edge-in-online-slots\/\" \/>\n<meta property=\"og:locale\" content=\"fr_CA\" \/>\n<meta property=\"og:type\" content=\"article\" \/>\n<meta property=\"og:title\" content=\"What is RTP or House Edge in Online Slots?\" \/>\n<meta property=\"og:description\" content=\"What is RTP or House Edge in Slots? It is an undeniable fact that casino games are a source of never-ending fun and thrill, but it is not the sole reason why we keep returning to them. It is the possibility of scoring huge rewards and banking home some cash that motivates us to keep [&hellip;]\" \/>\n<meta property=\"og:url\" content=\"https:\/\/casinolion.ca\/fr\/what-is-rtp-or-house-edge-in-online-slots\/\" \/>\n<meta property=\"article:modified_time\" content=\"2019-09-11T07:35:04+00:00\" \/>\n<meta property=\"og:image\" content=\"https:\/\/casinolion.ca\/wp-content\/uploads\/2019\/09\/what-is-rtp.jpg\" \/>\n\t<meta property=\"og:image:width\" content=\"400\" \/>\n\t<meta property=\"og:image:height\" content=\"390\" \/>\n\t<meta property=\"og:image:type\" content=\"image\/jpeg\" \/>\n<meta name=\"twitter:card\" content=\"summary_large_image\" \/>\n<meta name=\"twitter:label1\" content=\"Estimation du temps de lecture\" \/>\n\t<meta name=\"twitter:data1\" content=\"6 minutes\" \/>\n<script type=\"application\/ld+json\" class=\"yoast-schema-graph\">{\"@context\":\"https:\/\/schema.org\",\"@graph\":[{\"@type\":\"WebPage\",\"@id\":\"https:\/\/casinolion.ca\/what-is-rtp-or-house-edge-in-online-slots\/\",\"url\":\"https:\/\/casinolion.ca\/what-is-rtp-or-house-edge-in-online-slots\/\",\"name\":\"What is RTP or House Edge in Online Slots?\",\"isPartOf\":{\"@id\":\"https:\/\/casinolion.ca\/fr\/#website\"},\"primaryImageOfPage\":{\"@id\":\"https:\/\/casinolion.ca\/what-is-rtp-or-house-edge-in-online-slots\/#primaryimage\"},\"image\":{\"@id\":\"https:\/\/casinolion.ca\/what-is-rtp-or-house-edge-in-online-slots\/#primaryimage\"},\"thumbnailUrl\":\"https:\/\/casinolion.ca\/wp-content\/uploads\/2019\/09\/what-is-rtp.jpg\",\"datePublished\":\"2019-09-11T07:27:06+00:00\",\"dateModified\":\"2019-09-11T07:35:04+00:00\",\"breadcrumb\":{\"@id\":\"https:\/\/casinolion.ca\/what-is-rtp-or-house-edge-in-online-slots\/#breadcrumb\"},\"inLanguage\":\"fr-CA\",\"potentialAction\":[{\"@type\":\"ReadAction\",\"target\":[\"https:\/\/casinolion.ca\/what-is-rtp-or-house-edge-in-online-slots\/\"]}]},{\"@type\":\"ImageObject\",\"inLanguage\":\"fr-CA\",\"@id\":\"https:\/\/casinolion.ca\/what-is-rtp-or-house-edge-in-online-slots\/#primaryimage\",\"url\":\"https:\/\/casinolion.ca\/wp-content\/uploads\/2019\/09\/what-is-rtp.jpg\",\"contentUrl\":\"https:\/\/casinolion.ca\/wp-content\/uploads\/2019\/09\/what-is-rtp.jpg\",\"width\":400,\"height\":390},{\"@type\":\"BreadcrumbList\",\"@id\":\"https:\/\/casinolion.ca\/what-is-rtp-or-house-edge-in-online-slots\/#breadcrumb\",\"itemListElement\":[{\"@type\":\"ListItem\",\"position\":1,\"name\":\"Home\",\"item\":\"https:\/\/casinolion.ca\/\"},{\"@type\":\"ListItem\",\"position\":2,\"name\":\"What is RTP or House Edge in Online Slots?\"}]},{\"@type\":\"WebSite\",\"@id\":\"https:\/\/casinolion.ca\/fr\/#website\",\"url\":\"https:\/\/casinolion.ca\/fr\/\",\"name\":\"\",\"description\":\"\",\"potentialAction\":[{\"@type\":\"SearchAction\",\"target\":{\"@type\":\"EntryPoint\",\"urlTemplate\":\"https:\/\/casinolion.ca\/fr\/?s={search_term_string}\"},\"query-input\":{\"@type\":\"PropertyValueSpecification\",\"valueRequired\":true,\"valueName\":\"search_term_string\"}}],\"inLanguage\":\"fr-CA\"}]}<\/script>\n<!-- \/ Yoast SEO plugin. -->","yoast_head_json":{"title":"Qu'est-ce que le RTP ou l'avantage de la maison dans les machines \u00e0 sous en ligne ?","robots":{"index":"index","follow":"follow","max-snippet":"max-snippet:-1","max-image-preview":"max-image-preview:large","max-video-preview":"max-video-preview:-1"},"canonical":"https:\/\/casinolion.ca\/fr\/what-is-rtp-or-house-edge-in-online-slots\/","og_locale":"fr_CA","og_type":"article","og_title":"What is RTP or House Edge in Online Slots?","og_description":"What is RTP or House Edge in Slots? It is an undeniable fact that casino games are a source of never-ending fun and thrill, but it is not the sole reason why we keep returning to them. It is the possibility of scoring huge rewards and banking home some cash that motivates us to keep [&hellip;]","og_url":"https:\/\/casinolion.ca\/fr\/what-is-rtp-or-house-edge-in-online-slots\/","article_modified_time":"2019-09-11T07:35:04+00:00","og_image":[{"width":400,"height":390,"url":"https:\/\/casinolion.ca\/wp-content\/uploads\/2019\/09\/what-is-rtp.jpg","type":"image\/jpeg"}],"twitter_card":"summary_large_image","twitter_misc":{"Estimation du temps de lecture":"6 minutes"},"schema":{"@context":"https:\/\/schema.org","@graph":[{"@type":"WebPage","@id":"https:\/\/casinolion.ca\/what-is-rtp-or-house-edge-in-online-slots\/","url":"https:\/\/casinolion.ca\/what-is-rtp-or-house-edge-in-online-slots\/","name":"Qu'est-ce que le RTP ou l'avantage de la maison dans les machines \u00e0 sous en ligne ?","isPartOf":{"@id":"https:\/\/casinolion.ca\/fr\/#website"},"primaryImageOfPage":{"@id":"https:\/\/casinolion.ca\/what-is-rtp-or-house-edge-in-online-slots\/#primaryimage"},"image":{"@id":"https:\/\/casinolion.ca\/what-is-rtp-or-house-edge-in-online-slots\/#primaryimage"},"thumbnailUrl":"https:\/\/casinolion.ca\/wp-content\/uploads\/2019\/09\/what-is-rtp.jpg","datePublished":"2019-09-11T07:27:06+00:00","dateModified":"2019-09-11T07:35:04+00:00","breadcrumb":{"@id":"https:\/\/casinolion.ca\/what-is-rtp-or-house-edge-in-online-slots\/#breadcrumb"},"inLanguage":"fr-CA","potentialAction":[{"@type":"ReadAction","target":["https:\/\/casinolion.ca\/what-is-rtp-or-house-edge-in-online-slots\/"]}]},{"@type":"ImageObject","inLanguage":"fr-CA","@id":"https:\/\/casinolion.ca\/what-is-rtp-or-house-edge-in-online-slots\/#primaryimage","url":"https:\/\/casinolion.ca\/wp-content\/uploads\/2019\/09\/what-is-rtp.jpg","contentUrl":"https:\/\/casinolion.ca\/wp-content\/uploads\/2019\/09\/what-is-rtp.jpg","width":400,"height":390},{"@type":"BreadcrumbList","@id":"https:\/\/casinolion.ca\/what-is-rtp-or-house-edge-in-online-slots\/#breadcrumb","itemListElement":[{"@type":"ListItem","position":1,"name":"Home","item":"https:\/\/casinolion.ca\/"},{"@type":"ListItem","position":2,"name":"What is RTP or House Edge in Online Slots?"}]},{"@type":"WebSite","@id":"https:\/\/casinolion.ca\/fr\/#website","url":"https:\/\/casinolion.ca\/fr\/","name":"","description":"","potentialAction":[{"@type":"SearchAction","target":{"@type":"EntryPoint","urlTemplate":"https:\/\/casinolion.ca\/fr\/?s={search_term_string}"},"query-input":{"@type":"PropertyValueSpecification","valueRequired":true,"valueName":"search_term_string"}}],"inLanguage":"fr-CA"}]}},"_links":{"self":[{"href":"https:\/\/casinolion.ca\/fr\/wp-json\/wp\/v2\/pages\/8748","targetHints":{"allow":["GET"]}}],"collection":[{"href":"https:\/\/casinolion.ca\/fr\/wp-json\/wp\/v2\/pages"}],"about":[{"href":"https:\/\/casinolion.ca\/fr\/wp-json\/wp\/v2\/types\/page"}],"author":[{"embeddable":true,"href":"https:\/\/casinolion.ca\/fr\/wp-json\/wp\/v2\/users\/1"}],"replies":[{"embeddable":true,"href":"https:\/\/casinolion.ca\/fr\/wp-json\/wp\/v2\/comments?post=8748"}],"version-history":[{"count":0,"href":"https:\/\/casinolion.ca\/fr\/wp-json\/wp\/v2\/pages\/8748\/revisions"}],"wp:featuredmedia":[{"embeddable":true,"href":"https:\/\/casinolion.ca\/fr\/wp-json\/wp\/v2\/media\/8759"}],"wp:attachment":[{"href":"https:\/\/casinolion.ca\/fr\/wp-json\/wp\/v2\/media?parent=8748"}],"curies":[{"name":"wp","href":"https:\/\/api.w.org\/{rel}","templated":true}]}}