
{"id":8883,"date":"2019-09-25T05:06:43","date_gmt":"2019-09-25T05:06:43","guid":{"rendered":"https:\/\/www.bestcasinoscanada.com\/?page_id=8883"},"modified":"2020-04-30T06:38:07","modified_gmt":"2020-04-30T06:38:07","slug":"live-dealer-craps","status":"publish","type":"page","link":"https:\/\/casinolion.ca\/fr\/live-dealer-craps\/","title":{"rendered":"Craps avec croupier en direct"},"content":{"rendered":"<h2>CRAPS EN DIRECT AU CANADA<\/h2>\n<p><img decoding=\"async\" class=\"alignnone size-full wp-image-8960\" src=\"https:\/\/www.casinolion.ca\/wp-content\/uploads\/2019\/09\/vivo-gaming-craps.jpg\" alt=\"\" width=\"744\" height=\"498\" srcset=\"https:\/\/casinolion.ca\/wp-content\/uploads\/2019\/09\/vivo-gaming-craps.jpg 744w, https:\/\/casinolion.ca\/wp-content\/uploads\/2019\/09\/vivo-gaming-craps-300x201.jpg 300w, https:\/\/casinolion.ca\/wp-content\/uploads\/2019\/09\/vivo-gaming-craps-54x36.jpg 54w, https:\/\/casinolion.ca\/wp-content\/uploads\/2019\/09\/vivo-gaming-craps-134x90.jpg 134w\" sizes=\"(max-width: 744px) 100vw, 744px\" \/><\/p>\n<p>Le secteur de l'iGaming au Canada a beaucoup \u00e9volu\u00e9 au cours des deux derni\u00e8res ann\u00e9es. Comme de nombreux casinos virtuels proposent des jeux avec croupier en direct, la popularit\u00e9 de ce cr\u00e9neau de l'iGaming continue de cro\u00eetre chaque jour. Combinant les meilleurs \u00e9l\u00e9ments des casinos en dur avec l'exp\u00e9rience num\u00e9rique, le casino en direct devient un choix de premier ordre pour les joueurs, et le Craps en direct est l'un des pr\u00e9f\u00e9r\u00e9s.<\/p>\n<p>A juste titre, le Craps est consid\u00e9r\u00e9 comme l'un des jeux de table de casino en direct les plus excitants et les plus dynamiques. Plus important encore, il peut \u00eatre tr\u00e8s rentable, \u00e0 condition de bien conna\u00eetre les r\u00e8gles et d'utiliser la bonne strat\u00e9gie. La forte demande pour ce jeu a incit\u00e9 la majorit\u00e9 des fournisseurs de logiciels \u00e0 le lancer, ce qui explique que l'on trouve aujourd'hui le craps dans pratiquement tous les casinos en ligne r\u00e9put\u00e9s. Jusqu'\u00e0 r\u00e9cemment, il \u00e9tait presque impossible de trouver des craps avec croupier en direct en ligne, jusqu'\u00e0 l'arriv\u00e9e de Vivo Gaming.<\/p>\n<h2 id=\"Where-can-I-play-Live-Dealer-Craps?\">O\u00f9 puis-je jouer au Craps en direct ?<\/h2>\n<p>Vous pouvez jouer au craps en direct dans tous les casinos en ligne qui utilisent le logiciel Vivo Gaming.  Bien qu'il n'y ait pas encore beaucoup d'op\u00e9rateurs, nous vous recommandons de jouer sur\u00a0<a href=\"https:\/\/bitstarz.eu\/refer\/e9763728\">BitStarz<\/a><\/p>\n<h2 id=\"About-Vivo-Gaming\">\u00c0 propos de Vivo Gaming<\/h2>\n<p>Vivo Gaming est un fournisseur de logiciels de jeux en ligne d'\u00e9lite qui a \u00e9merg\u00e9 dans l'industrie peu apr\u00e8s l'introduction de la plateforme de jeux en direct en 2009. Ce d\u00e9veloppeur se concentre exclusivement sur la production de jeux avec croupiers en direct, et de nombreuses critiques l'ont qualifi\u00e9 d'in\u00e9galable dans ce qu'il fait. Le riche portefeuille de Vivo Gaming comprend le poker en direct, le blackjack en direct, la roulette en direct et le craps en direct. Ils fournissent des flux en direct de leurs jeux depuis le Costa Rica, Londres, Cura\u00e7ao et d'autres r\u00e9gions, avec des op\u00e9rateurs en temps r\u00e9el qui font fonctionner leur logiciel 24 heures sur 24.<\/p>\n<p>La soci\u00e9t\u00e9 s'est associ\u00e9e \u00e0 plusieurs grandes entreprises afin de mieux faire conna\u00eetre ses jeux, notamment \u00e0 certains grands noms comme BetSoft Gaming et Rival Gaming. Vivo avait \u00e9galement conclu un partenariat avec Net Entertainment jusqu'\u00e0 ce que le fournisseur de logiciels scandinave d\u00e9cide de lancer ses propres jeux avec croupier en direct. Outre les jeux de casino avec croupier en direct, Vivo Gaming a \u00e9galement compos\u00e9 un ensemble complet de modules front-end et back-office, ainsi que des solutions en marque blanche. Cette soci\u00e9t\u00e9 est c\u00e9l\u00e8bre pour avoir \u00e9t\u00e9 l'un des premiers fournisseurs de jeux en direct \u00e0 inclure le craps en direct dans ses casinos.<\/p>\n<h2 id=\"Vivo-Gaming-Live-Games-Quality-and-Features\">Qualit\u00e9 et caract\u00e9ristiques des jeux en direct de Vivo Gaming<\/h2>\n<p>Comme nous l'avons d\u00e9j\u00e0 mentionn\u00e9, les jeux avec croupiers en direct de Vivo Gaming sont diffus\u00e9s 24 heures sur 24 et 7 jours sur 7 depuis plusieurs studios priv\u00e9s situ\u00e9s dans diff\u00e9rentes parties du monde. Toutes les tables imitent l'environnement d'un casino terrestre, tant sur le plan visuel que sonore, ce qui rend l'exp\u00e9rience de jeu tr\u00e8s r\u00e9aliste. Gr\u00e2ce aux technologies avanc\u00e9es utilis\u00e9es, les joueurs sont non seulement en mesure de voir comment le croupier m\u00e8ne les jeux, mais il leur est \u00e9galement possible d'interagir avec le croupier ou avec les autres joueurs.<\/p>\n<p>La qualit\u00e9 du flux vid\u00e9o est fantastique et le flux se fige rarement. Les param\u00e8tres se trouvent dans une barre d'outils plac\u00e9e discr\u00e8tement en haut de l'\u00e9cran. Plusieurs mini-jeux secondaires sont propos\u00e9s sur le c\u00f4t\u00e9, ce qui vous permet de jouer simultan\u00e9ment au vid\u00e9o poker et aux machines \u00e0 sous dans la m\u00eame fen\u00eatre.<\/p>\n<p>Vivo Gaming est l'un des rares fournisseurs \u00e0 proposer un syst\u00e8me de d\u00e9monstration qui permet aux joueurs d'essayer les jeux sans risquer leur propre argent.<\/p>\n<p>Afin d'offrir aux joueurs l'exp\u00e9rience la plus r\u00e9aliste possible lorsqu'ils jouent en ligne, la soci\u00e9t\u00e9 propose plusieurs fonctions int\u00e9ressantes. Par exemple, gr\u00e2ce \u00e0 la fonction multi-jeux, il est possible de jouer simultan\u00e9ment \u00e0 plusieurs tables, et ce dans un seul navigateur. Voici d'autres caract\u00e9ristiques uniques :<\/p>\n<ul>\n<li>Jeu multijoueurs sur la m\u00eame table<\/li>\n<li>Options de mise derri\u00e8re et de mise lat\u00e9rale<\/li>\n<li>La fonction d'affichage de l'historique, qui permet d'afficher l'ensemble des statistiques et des transactions.<\/li>\n<li>Un flux r\u00e9gulier, sans coupures ou interruptions soudaines<\/li>\n<li>Concessionnaires bilingues parlant anglais et\/ou espagnol<\/li>\n<\/ul>\n<h2 id=\"Live-Craps\">Craps en direct<\/h2>\n<p>Le craps est tr\u00e8s r\u00e9pandu dans le monde occidental. Cependant, peu de fournisseurs de logiciels proposent des jeux de craps en direct, c'est donc un plaisir pour tous les joueurs qui souhaitent y jouer dans ce format. Le Live Craps de Vivo propose des r\u00e8gles dignes de Vegas - il y a deux croupiers \u00e0 chaque table : l'un est votre h\u00f4te, tandis que l'autre est le \u2018Shooter\u2019 (la personne qui lance les d\u00e9s). Vous pouvez discuter avec les autres joueurs, discuter des enjeux \u00e0 placer - tout cela dans le confort de votre maison.<\/p>\n<p>La table de pari virtuelle est plac\u00e9e en bas de la table, et les joueurs peuvent placer leurs paris en d\u00e9pla\u00e7ant les jetons dans la zone appropri\u00e9e. Les larges gammes de paris devraient convenir \u00e0 tous les budgets des joueurs canadiens, et ils sont approuv\u00e9s pour leur \u00e9quit\u00e9 et leur s\u00e9curit\u00e9. Tous les jeux sont anim\u00e9s par des h\u00f4tes professionnels et charmants, et vous pouvez choisir des tables europ\u00e9ennes, asiatiques ou latines. Beaucoup de gens pensent que cette version du Craps est le meilleur des deux mondes.<\/p>\n<h2 id=\"Difference-Between-Live-Dealer-and-RNG-Craps\">Diff\u00e9rence entre Live Dealer et RNG Craps<\/h2>\n<p>Si vous avez d\u00e9j\u00e0 jou\u00e9 \u00e0 certains jeux de casino classiques dans un casino terrestre, vous avez probablement remarqu\u00e9 qu'il y a une diff\u00e9rence avec leur version en ligne dans la fa\u00e7on de jouer, la vitesse du jeu et le plaisir g\u00e9n\u00e9ral du jeu. Tout d'abord, la version en direct du craps (et de tout autre jeu de casino d'ailleurs) est beaucoup plus sociable que les versions RNG standard. La majorit\u00e9 des joueurs de la table de craps font les m\u00eames mises. Cela cr\u00e9e un sentiment de camaraderie, alors que tout le monde encourage le m\u00eame r\u00e9sultat. Lorsque vous jouez au craps RNG, vous n'avez pas d'autres joueurs contre lesquels vous pouvez vous battre, car vous jouez contre la maison \u00e0 chaque fois.<\/p>\n<p>Le rythme du jeu est nettement plus lent dans la version en direct car des \u00e9l\u00e9ments tels que le lancement des d\u00e9s, les paiements et la position de votre tir sont automatis\u00e9s dans la version RNG. L'autre diff\u00e9rence que vous remarquerez entre le craps en ligne et le craps avec croupier en direct est la cote globale du jeu. Dans la version en direct, les cotes doivent rester plus g\u00e9rables pour les joueurs et les croupiers, c'est pourquoi ils utilisent des montants entiers en dollars. Dans une version RNG, les paiements incluront \u00e9galement les centimes, puisque l'ordinateur fera tous les calculs pour vous.<\/p>\n<p>Le craps en ligne utilise Adobe Flash ou HTML5 pour repr\u00e9senter le jeu de craps simul\u00e9 sur l'\u00e9cran de votre ordinateur ou de votre t\u00e9l\u00e9phone portable. Au craps avec croupier en direct, les tours de d\u00e9s sont film\u00e9s sous plusieurs angles de cam\u00e9ra et diffus\u00e9s en direct et en temps r\u00e9el.<\/p>","protected":false},"excerpt":{"rendered":"<p>LIVE DEALER CRAPS IN CANADA Le secteur de l'iGaming au Canada a beaucoup \u00e9volu\u00e9 au cours des deux derni\u00e8res ann\u00e9es. Comme de nombreux casinos virtuels proposent des jeux avec croupier en direct, la popularit\u00e9 de ce cr\u00e9neau de l'iGaming continue de cro\u00eetre chaque jour. En combinant les meilleurs \u00e9l\u00e9ments des casinos en dur avec l'exp\u00e9rience num\u00e9rique, le [...]<\/p>","protected":false},"author":1,"featured_media":8960,"parent":0,"menu_order":50,"comment_status":"closed","ping_status":"closed","template":"","meta":{"_acf_changed":false,"footnotes":""},"class_list":["post-8883","page","type-page","status-publish","has-post-thumbnail","hentry"],"acf":[],"yoast_head":"<!-- This site is optimized with the Yoast SEO plugin v26.1.1 - https:\/\/yoast.com\/wordpress\/plugins\/seo\/ -->\n<title>Play Craps with Live Dealers in Canada<\/title>\n<meta name=\"robots\" content=\"index, follow, max-snippet:-1, max-image-preview:large, max-video-preview:-1\" \/>\n<link rel=\"canonical\" href=\"https:\/\/casinolion.ca\/fr\/live-dealer-craps\/\" \/>\n<meta property=\"og:locale\" content=\"fr_CA\" \/>\n<meta property=\"og:type\" content=\"article\" \/>\n<meta property=\"og:title\" content=\"Play Craps with Live Dealers in Canada\" \/>\n<meta property=\"og:description\" content=\"LIVE DEALER CRAPS IN CANADA The iGaming industry in Canada has come a long way over the last couple of years. As many virtual casinos offer live dealer games, the popularity of this iGaming niche continues to rise with each passing day. Combining the best elements of the brick-and-mortar casino with the digital experience, the [&hellip;]\" \/>\n<meta property=\"og:url\" content=\"https:\/\/casinolion.ca\/fr\/live-dealer-craps\/\" \/>\n<meta property=\"article:modified_time\" content=\"2020-04-30T06:38:07+00:00\" \/>\n<meta property=\"og:image\" content=\"https:\/\/casinolion.ca\/wp-content\/uploads\/2019\/09\/vivo-gaming-craps.jpg\" \/>\n\t<meta property=\"og:image:width\" content=\"744\" \/>\n\t<meta property=\"og:image:height\" content=\"498\" \/>\n\t<meta property=\"og:image:type\" content=\"image\/jpeg\" \/>\n<meta name=\"twitter:card\" content=\"summary_large_image\" \/>\n<meta name=\"twitter:label1\" content=\"Estimation du temps de lecture\" \/>\n\t<meta name=\"twitter:data1\" content=\"5 minutes\" \/>\n<script type=\"application\/ld+json\" class=\"yoast-schema-graph\">{\"@context\":\"https:\/\/schema.org\",\"@graph\":[{\"@type\":\"WebPage\",\"@id\":\"https:\/\/casinolion.ca\/live-dealer-craps\/\",\"url\":\"https:\/\/casinolion.ca\/live-dealer-craps\/\",\"name\":\"Play Craps with Live Dealers in Canada\",\"isPartOf\":{\"@id\":\"https:\/\/casinolion.ca\/fr\/#website\"},\"primaryImageOfPage\":{\"@id\":\"https:\/\/casinolion.ca\/live-dealer-craps\/#primaryimage\"},\"image\":{\"@id\":\"https:\/\/casinolion.ca\/live-dealer-craps\/#primaryimage\"},\"thumbnailUrl\":\"https:\/\/casinolion.ca\/wp-content\/uploads\/2019\/09\/vivo-gaming-craps.jpg\",\"datePublished\":\"2019-09-25T05:06:43+00:00\",\"dateModified\":\"2020-04-30T06:38:07+00:00\",\"breadcrumb\":{\"@id\":\"https:\/\/casinolion.ca\/live-dealer-craps\/#breadcrumb\"},\"inLanguage\":\"fr-CA\",\"potentialAction\":[{\"@type\":\"ReadAction\",\"target\":[\"https:\/\/casinolion.ca\/live-dealer-craps\/\"]}]},{\"@type\":\"ImageObject\",\"inLanguage\":\"fr-CA\",\"@id\":\"https:\/\/casinolion.ca\/live-dealer-craps\/#primaryimage\",\"url\":\"https:\/\/casinolion.ca\/wp-content\/uploads\/2019\/09\/vivo-gaming-craps.jpg\",\"contentUrl\":\"https:\/\/casinolion.ca\/wp-content\/uploads\/2019\/09\/vivo-gaming-craps.jpg\",\"width\":744,\"height\":498},{\"@type\":\"BreadcrumbList\",\"@id\":\"https:\/\/casinolion.ca\/live-dealer-craps\/#breadcrumb\",\"itemListElement\":[{\"@type\":\"ListItem\",\"position\":1,\"name\":\"Home\",\"item\":\"https:\/\/casinolion.ca\/\"},{\"@type\":\"ListItem\",\"position\":2,\"name\":\"Live Dealer Craps\"}]},{\"@type\":\"WebSite\",\"@id\":\"https:\/\/casinolion.ca\/fr\/#website\",\"url\":\"https:\/\/casinolion.ca\/fr\/\",\"name\":\"\",\"description\":\"\",\"potentialAction\":[{\"@type\":\"SearchAction\",\"target\":{\"@type\":\"EntryPoint\",\"urlTemplate\":\"https:\/\/casinolion.ca\/fr\/?s={search_term_string}\"},\"query-input\":{\"@type\":\"PropertyValueSpecification\",\"valueRequired\":true,\"valueName\":\"search_term_string\"}}],\"inLanguage\":\"fr-CA\"}]}<\/script>\n<!-- \/ Yoast SEO plugin. -->","yoast_head_json":{"title":"Jouer au Craps avec des croupiers en direct au Canada","robots":{"index":"index","follow":"follow","max-snippet":"max-snippet:-1","max-image-preview":"max-image-preview:large","max-video-preview":"max-video-preview:-1"},"canonical":"https:\/\/casinolion.ca\/fr\/live-dealer-craps\/","og_locale":"fr_CA","og_type":"article","og_title":"Play Craps with Live Dealers in Canada","og_description":"LIVE DEALER CRAPS IN CANADA The iGaming industry in Canada has come a long way over the last couple of years. As many virtual casinos offer live dealer games, the popularity of this iGaming niche continues to rise with each passing day. Combining the best elements of the brick-and-mortar casino with the digital experience, the [&hellip;]","og_url":"https:\/\/casinolion.ca\/fr\/live-dealer-craps\/","article_modified_time":"2020-04-30T06:38:07+00:00","og_image":[{"width":744,"height":498,"url":"https:\/\/casinolion.ca\/wp-content\/uploads\/2019\/09\/vivo-gaming-craps.jpg","type":"image\/jpeg"}],"twitter_card":"summary_large_image","twitter_misc":{"Estimation du temps de lecture":"5 minutes"},"schema":{"@context":"https:\/\/schema.org","@graph":[{"@type":"WebPage","@id":"https:\/\/casinolion.ca\/live-dealer-craps\/","url":"https:\/\/casinolion.ca\/live-dealer-craps\/","name":"Jouer au Craps avec des croupiers en direct au Canada","isPartOf":{"@id":"https:\/\/casinolion.ca\/fr\/#website"},"primaryImageOfPage":{"@id":"https:\/\/casinolion.ca\/live-dealer-craps\/#primaryimage"},"image":{"@id":"https:\/\/casinolion.ca\/live-dealer-craps\/#primaryimage"},"thumbnailUrl":"https:\/\/casinolion.ca\/wp-content\/uploads\/2019\/09\/vivo-gaming-craps.jpg","datePublished":"2019-09-25T05:06:43+00:00","dateModified":"2020-04-30T06:38:07+00:00","breadcrumb":{"@id":"https:\/\/casinolion.ca\/live-dealer-craps\/#breadcrumb"},"inLanguage":"fr-CA","potentialAction":[{"@type":"ReadAction","target":["https:\/\/casinolion.ca\/live-dealer-craps\/"]}]},{"@type":"ImageObject","inLanguage":"fr-CA","@id":"https:\/\/casinolion.ca\/live-dealer-craps\/#primaryimage","url":"https:\/\/casinolion.ca\/wp-content\/uploads\/2019\/09\/vivo-gaming-craps.jpg","contentUrl":"https:\/\/casinolion.ca\/wp-content\/uploads\/2019\/09\/vivo-gaming-craps.jpg","width":744,"height":498},{"@type":"BreadcrumbList","@id":"https:\/\/casinolion.ca\/live-dealer-craps\/#breadcrumb","itemListElement":[{"@type":"ListItem","position":1,"name":"Home","item":"https:\/\/casinolion.ca\/"},{"@type":"ListItem","position":2,"name":"Live Dealer Craps"}]},{"@type":"WebSite","@id":"https:\/\/casinolion.ca\/fr\/#website","url":"https:\/\/casinolion.ca\/fr\/","name":"","description":"","potentialAction":[{"@type":"SearchAction","target":{"@type":"EntryPoint","urlTemplate":"https:\/\/casinolion.ca\/fr\/?s={search_term_string}"},"query-input":{"@type":"PropertyValueSpecification","valueRequired":true,"valueName":"search_term_string"}}],"inLanguage":"fr-CA"}]}},"_links":{"self":[{"href":"https:\/\/casinolion.ca\/fr\/wp-json\/wp\/v2\/pages\/8883","targetHints":{"allow":["GET"]}}],"collection":[{"href":"https:\/\/casinolion.ca\/fr\/wp-json\/wp\/v2\/pages"}],"about":[{"href":"https:\/\/casinolion.ca\/fr\/wp-json\/wp\/v2\/types\/page"}],"author":[{"embeddable":true,"href":"https:\/\/casinolion.ca\/fr\/wp-json\/wp\/v2\/users\/1"}],"replies":[{"embeddable":true,"href":"https:\/\/casinolion.ca\/fr\/wp-json\/wp\/v2\/comments?post=8883"}],"version-history":[{"count":0,"href":"https:\/\/casinolion.ca\/fr\/wp-json\/wp\/v2\/pages\/8883\/revisions"}],"wp:featuredmedia":[{"embeddable":true,"href":"https:\/\/casinolion.ca\/fr\/wp-json\/wp\/v2\/media\/8960"}],"wp:attachment":[{"href":"https:\/\/casinolion.ca\/fr\/wp-json\/wp\/v2\/media?parent=8883"}],"curies":[{"name":"wp","href":"https:\/\/api.w.org\/{rel}","templated":true}]}}