
{"id":8978,"date":"2019-09-26T07:16:58","date_gmt":"2019-09-26T07:16:58","guid":{"rendered":"https:\/\/www.canadiancasinos.ca\/?page_id=8978"},"modified":"2020-07-06T05:09:39","modified_gmt":"2020-07-06T05:09:39","slug":"guides","status":"publish","type":"page","link":"https:\/\/casinolion.ca\/fr\/guides\/","title":{"rendered":"Guides"},"content":{"rendered":"<h2>Guides des jeux d'argent en ligne<\/h2>\n<p>Exigences salariales ? RTP ?  Spins gratuits ? M\u00e9thodes de d\u00e9p\u00f4t ? Qu'est-ce que tout cela signifie et pourquoi ces choses ont-elles de l'importance ?<\/p>\n<p>Nous avons tous besoin d'un peu d'aide de temps en temps et bien que les jeux d'argent en ligne au Canada soient largement appr\u00e9ci\u00e9s par de nombreuses personnes, il est parfois tr\u00e8s difficile de savoir par o\u00f9 commencer et ce qu'il faut surveiller.<\/p>\n<p>C'est pourquoi nous avons cr\u00e9\u00e9 cette section du guide afin de vous donner un aper\u00e7u des pi\u00e8ges \u00e0 \u00e9viter dans le domaine des jeux d'argent en ligne, ainsi que des conseils et des informations d'ordre g\u00e9n\u00e9ral sur tout ce qui concerne les jeux d'argent.<\/p>\n<h2>Guides pour les d\u00e9butants<\/h2>\n<p><a href=\"https:\/\/casinolion.ca\/fr\/beginners-guide\/\">Guide du d\u00e9butant<\/a> - Si vous n'avez jamais jou\u00e9 auparavant, vous pouvez commencer par consulter notre guide du d\u00e9butant qui explique \u00e9tape par \u00e9tape comment s'inscrire et jouer dans un casino r\u00e9put\u00e9.<\/p>\n<p><a href=\"https:\/\/casinolion.ca\/fr\/casino-bonuses\/\">Guide des bonus<\/a> - Tous les casinos en ligne offrent des bonus all\u00e9chants, mais sont-ils l\u00e9gitimes ?  Il ne s'agit certainement pas de distribuer de l'argent gratuit, n'est-ce pas ?  Lisez ce guide pour savoir comment fonctionnent les bonus et pourquoi certains d'entre eux ne sont pas aussi all\u00e9chants qu'ils le laissent entendre.<\/p>\n<p><a href=\"https:\/\/casinolion.ca\/fr\/payment-methods\/\">Modes de paiement<\/a> - Dans cet article, nous expliquons pourquoi le choix du mode d'approvisionnement de votre compte peut avoir un impact consid\u00e9rable sur votre exp\u00e9rience iGaming.<\/p>\n<p><a href=\"https:\/\/casinolion.ca\/fr\/legal\/\">L\u00e9galit\u00e9<\/a> - Il ne s'agit pas vraiment d'un guide, mais si vous \u00eates curieux de conna\u00eetre les aspects juridiques des jeux d'argent en ligne au Canada, lisez cet article pour plus d'informations.<\/p>\n<p><a href=\"https:\/\/casinolion.ca\/fr\/online-casino-industry\/\">Aper\u00e7u de l'industrie<\/a> - Dans cet article, nous expliquons la hi\u00e9rarchie et la structure du fonctionnement de l'industrie des casinos en ligne, des op\u00e9rateurs aux fournisseurs de logiciels, jusqu'\u00e0 vous, le joueur.<\/p>\n<h2>Guides des machines \u00e0 sous<\/h2>\n<p>Probablement le jeu le plus populaire dans les casinos en ligne, voici nos conseils et astuces pr\u00e9f\u00e9r\u00e9s :<\/p>\n<p><a href=\"https:\/\/casinolion.ca\/fr\/how-to-play-online-slots\/\">Comment jouer aux machines \u00e0 sous en ligne<\/a> - Pour les d\u00e9butants, nous expliquons en d\u00e9tail ce que signifient tous ces voyants clignotants.<\/p>\n<p><a href=\"https:\/\/casinolion.ca\/fr\/top-6-online-slot-hacks-that-will-help-you-win\/\">Les 6 meilleures astuces pour les machines \u00e0 sous en ligne<\/a> - Quelques conseils utiles que tout amateur de machines \u00e0 sous devrait mettre \u00e0 profit.<\/p>\n<p><a href=\"https:\/\/casinolion.ca\/fr\/what-is-rtp-or-house-edge-in-online-slots\/\">Qu'est-ce que le RTP ou l'avantage de la maison ?<\/a> - Si vous avez d\u00e9j\u00e0 jou\u00e9 aux machines \u00e0 sous, vous avez certainement d\u00e9j\u00e0 entendu parler du terme RTP, mais qu'est-ce que c'est vraiment et est-ce que cela a vraiment un impact sur les gains ?<\/p>\n<p><a href=\"https:\/\/casinolion.ca\/fr\/slots-rtp-and-volatility\/\">Quelle est l'importance du RTP et de la volatilit\u00e9 ?<\/a> - Cet article approfondit le RTP et explique ce que signifie la volatilit\u00e9 ainsi que la fa\u00e7on dont elle influe sur les gains.<\/p>\n<p><a href=\"https:\/\/casinolion.ca\/fr\/top-10-slots-with-the-highest-rtp-in-canada\/\">Les 10 meilleures machines \u00e0 sous avec le meilleur RTP<\/a> - En ce qui concerne le RTP, voici les 10 machines \u00e0 sous ayant le RTP le plus \u00e9lev\u00e9 en 2019<\/p>\n<p><a href=\"https:\/\/casinolion.ca\/fr\/netent-slots\/\">Machines \u00e0 sous NetEnt<\/a> - L'un des fournisseurs de logiciels de machines \u00e0 sous les plus divertissants est revenu sur le march\u00e9 canadien.  Lisez ce guide pour savoir o\u00f9 et comment y jouer en ligne.<\/p>\n<h2>Autres guides<\/h2>\n<p><a href=\"https:\/\/casinolion.ca\/fr\/preferences\/\">Personnages des casinos en ligne<\/a> - Quel est votre style de jeu ?  Cherchez-vous \u00e0 jouer aux machines \u00e0 sous et \u00e0 profiter de bonus \u00e9lev\u00e9s ?  Ou pr\u00e9f\u00e9rez-vous les jeux de table et cherchez-vous simplement un endroit r\u00e9put\u00e9 pour jouer ?  Lisez ce guide pour trouver des suggestions en fonction de votre style de jeu.<\/p>\n<p><a href=\"https:\/\/casinolion.ca\/fr\/20-most-famous-canadian-gamblers\/\">Les 20 joueurs canadiens les plus c\u00e9l\u00e8bres<\/a> - Vous \u00eates-vous d\u00e9j\u00e0 demand\u00e9 qui sont les meilleurs pros au Canada ?  Dans cet article, nous d\u00e9taillons qui sont les meilleurs des meilleurs.<\/p>\n<p><a href=\"https:\/\/casinolion.ca\/fr\/how-does-rng-work-in-online-casinos\/\">Comment fonctionne le RNG dans les casinos en ligne ?<\/a> - Le RNG est-il \u00e9quitable ?  Est-il possible d'\u00eatre tromp\u00e9 ?  Nous r\u00e9pondons \u00e0 ces questions et \u00e0 bien d'autres dans cet article.<\/p>\n<p><a href=\"https:\/\/casinolion.ca\/fr\/what-are-the-best-casino-game-odds\/\">Quelles sont les meilleures cotes de casino ?<\/a> - Si vous voulez trouver votre meilleure chance de gagner, vous devez vous rendre compte que certains jeux ont de meilleures chances que d'autres.<\/p>\n<p><a href=\"https:\/\/casinolion.ca\/fr\/are-online-casinos-rigged\/\">Les casinos en ligne sont-ils truqu\u00e9s ?<\/a> - Avouons-le, il nous est d\u00e9j\u00e0 arriv\u00e9 de perdre et de nous demander : \u201cEt si ce casino \u00e9tait truqu\u00e9 ?\u201d.<\/p>","protected":false},"excerpt":{"rendered":"<p>Guides des jeux d'argent en ligne Exigences salariales ? RTP ?  Spins gratuits ? M\u00e9thodes de d\u00e9p\u00f4t ? Qu'est-ce que tout cela signifie et pourquoi ces choses sont-elles importantes ? Nous avons tous besoin d'un peu d'aide de temps en temps et bien que les jeux d'argent en ligne au Canada soient largement appr\u00e9ci\u00e9s par de nombreuses personnes, il est parfois terriblement d\u00e9routant de savoir par o\u00f9 commencer et ce qu'il faut chercher [...]<\/p>","protected":false},"author":1,"featured_media":0,"parent":0,"menu_order":49,"comment_status":"closed","ping_status":"closed","template":"","meta":{"_acf_changed":false,"footnotes":""},"class_list":["post-8978","page","type-page","status-publish","hentry"],"acf":[],"yoast_head":"<!-- This site is optimized with the Yoast SEO plugin v26.1.1 - https:\/\/yoast.com\/wordpress\/plugins\/seo\/ -->\n<title>Useful Online Gambling Guides for Canadians<\/title>\n<meta name=\"robots\" content=\"index, follow, max-snippet:-1, max-image-preview:large, max-video-preview:-1\" \/>\n<link rel=\"canonical\" href=\"https:\/\/casinolion.ca\/fr\/guides\/\" \/>\n<meta property=\"og:locale\" content=\"fr_CA\" \/>\n<meta property=\"og:type\" content=\"article\" \/>\n<meta property=\"og:title\" content=\"Useful Online Gambling Guides for Canadians\" \/>\n<meta property=\"og:description\" content=\"Online Gambling Guides Wage requirements? RTP?\u00a0 Free Spins? Deposit Methods? What does it all mean and why do these things matter? We all could do with a little help at times and while online gambling in Canada is widely enjoyed by many, it&#8217;s awfully confusing at times knowing where to start and what to look [&hellip;]\" \/>\n<meta property=\"og:url\" content=\"https:\/\/casinolion.ca\/fr\/guides\/\" \/>\n<meta property=\"article:modified_time\" content=\"2020-07-06T05:09:39+00:00\" \/>\n<meta name=\"twitter:card\" content=\"summary_large_image\" \/>\n<meta name=\"twitter:label1\" content=\"Estimation du temps de lecture\" \/>\n\t<meta name=\"twitter:data1\" content=\"3 minutes\" \/>\n<script type=\"application\/ld+json\" class=\"yoast-schema-graph\">{\"@context\":\"https:\/\/schema.org\",\"@graph\":[{\"@type\":\"WebPage\",\"@id\":\"https:\/\/casinolion.ca\/guides\/\",\"url\":\"https:\/\/casinolion.ca\/guides\/\",\"name\":\"Useful Online Gambling Guides for Canadians\",\"isPartOf\":{\"@id\":\"https:\/\/casinolion.ca\/fr\/#website\"},\"datePublished\":\"2019-09-26T07:16:58+00:00\",\"dateModified\":\"2020-07-06T05:09:39+00:00\",\"breadcrumb\":{\"@id\":\"https:\/\/casinolion.ca\/guides\/#breadcrumb\"},\"inLanguage\":\"fr-CA\",\"potentialAction\":[{\"@type\":\"ReadAction\",\"target\":[\"https:\/\/casinolion.ca\/guides\/\"]}]},{\"@type\":\"BreadcrumbList\",\"@id\":\"https:\/\/casinolion.ca\/guides\/#breadcrumb\",\"itemListElement\":[{\"@type\":\"ListItem\",\"position\":1,\"name\":\"Home\",\"item\":\"https:\/\/casinolion.ca\/\"},{\"@type\":\"ListItem\",\"position\":2,\"name\":\"Guides\"}]},{\"@type\":\"WebSite\",\"@id\":\"https:\/\/casinolion.ca\/fr\/#website\",\"url\":\"https:\/\/casinolion.ca\/fr\/\",\"name\":\"\",\"description\":\"\",\"potentialAction\":[{\"@type\":\"SearchAction\",\"target\":{\"@type\":\"EntryPoint\",\"urlTemplate\":\"https:\/\/casinolion.ca\/fr\/?s={search_term_string}\"},\"query-input\":{\"@type\":\"PropertyValueSpecification\",\"valueRequired\":true,\"valueName\":\"search_term_string\"}}],\"inLanguage\":\"fr-CA\"}]}<\/script>\n<!-- \/ Yoast SEO plugin. -->","yoast_head_json":{"title":"Guides utiles sur les jeux d'argent en ligne pour les Canadiens","robots":{"index":"index","follow":"follow","max-snippet":"max-snippet:-1","max-image-preview":"max-image-preview:large","max-video-preview":"max-video-preview:-1"},"canonical":"https:\/\/casinolion.ca\/fr\/guides\/","og_locale":"fr_CA","og_type":"article","og_title":"Useful Online Gambling Guides for Canadians","og_description":"Online Gambling Guides Wage requirements? RTP?\u00a0 Free Spins? Deposit Methods? What does it all mean and why do these things matter? We all could do with a little help at times and while online gambling in Canada is widely enjoyed by many, it&#8217;s awfully confusing at times knowing where to start and what to look [&hellip;]","og_url":"https:\/\/casinolion.ca\/fr\/guides\/","article_modified_time":"2020-07-06T05:09:39+00:00","twitter_card":"summary_large_image","twitter_misc":{"Estimation du temps de lecture":"3 minutes"},"schema":{"@context":"https:\/\/schema.org","@graph":[{"@type":"WebPage","@id":"https:\/\/casinolion.ca\/guides\/","url":"https:\/\/casinolion.ca\/guides\/","name":"Guides utiles sur les jeux d'argent en ligne pour les Canadiens","isPartOf":{"@id":"https:\/\/casinolion.ca\/fr\/#website"},"datePublished":"2019-09-26T07:16:58+00:00","dateModified":"2020-07-06T05:09:39+00:00","breadcrumb":{"@id":"https:\/\/casinolion.ca\/guides\/#breadcrumb"},"inLanguage":"fr-CA","potentialAction":[{"@type":"ReadAction","target":["https:\/\/casinolion.ca\/guides\/"]}]},{"@type":"BreadcrumbList","@id":"https:\/\/casinolion.ca\/guides\/#breadcrumb","itemListElement":[{"@type":"ListItem","position":1,"name":"Home","item":"https:\/\/casinolion.ca\/"},{"@type":"ListItem","position":2,"name":"Guides"}]},{"@type":"WebSite","@id":"https:\/\/casinolion.ca\/fr\/#website","url":"https:\/\/casinolion.ca\/fr\/","name":"","description":"","potentialAction":[{"@type":"SearchAction","target":{"@type":"EntryPoint","urlTemplate":"https:\/\/casinolion.ca\/fr\/?s={search_term_string}"},"query-input":{"@type":"PropertyValueSpecification","valueRequired":true,"valueName":"search_term_string"}}],"inLanguage":"fr-CA"}]}},"_links":{"self":[{"href":"https:\/\/casinolion.ca\/fr\/wp-json\/wp\/v2\/pages\/8978","targetHints":{"allow":["GET"]}}],"collection":[{"href":"https:\/\/casinolion.ca\/fr\/wp-json\/wp\/v2\/pages"}],"about":[{"href":"https:\/\/casinolion.ca\/fr\/wp-json\/wp\/v2\/types\/page"}],"author":[{"embeddable":true,"href":"https:\/\/casinolion.ca\/fr\/wp-json\/wp\/v2\/users\/1"}],"replies":[{"embeddable":true,"href":"https:\/\/casinolion.ca\/fr\/wp-json\/wp\/v2\/comments?post=8978"}],"version-history":[{"count":0,"href":"https:\/\/casinolion.ca\/fr\/wp-json\/wp\/v2\/pages\/8978\/revisions"}],"wp:attachment":[{"href":"https:\/\/casinolion.ca\/fr\/wp-json\/wp\/v2\/media?parent=8978"}],"curies":[{"name":"wp","href":"https:\/\/api.w.org\/{rel}","templated":true}]}}